{"id":93310,"date":"2024-11-12T09:10:28","date_gmt":"2024-10-31T07:10:28","guid":{"rendered":"https:\/\/www.talidesign.eu\/?post_type=product&#038;p=93310"},"modified":"2026-04-03T18:46:34","modified_gmt":"2026-04-03T15:46:34","slug":"umbra-ribbonwood-seinakell","status":"publish","type":"product","link":"https:\/\/www.talidesign.eu\/et\/pood\/toode\/umbra-ribbonwood-seinakell\/","title":{"rendered":"Umbra Ribbonwood seinakell"},"content":{"rendered":"<p><strong>Ribbonwood seinakell<\/strong><\/p>\n<p>See kaunis seinakell on valmistatud painutatud p\u00f6\u00f6gipuust, mis on kujundatud elegantseteks volditud ribadeks. T\u00e4nu kontrastsetele tunni- ja minutiosutitele on kella vaatamine lihtne. Ribbonwoodi puit on osa keerulisest painutatud vineeri vormimisprotsessist, mis lisab igale kellale ainulaadse ilme.<\/p>\n<ul>\n<li><strong>Suur kaasaegne seinakell<\/strong><br \/>\nRibbonwood kasutab p\u00f6\u00f6gipuud, mis on \u00f5rnalt painutatud volditud ribadeks, kus iga volt t\u00e4histab kellal \u00fchte tundi.<\/li>\n<li><strong>Vaikne kvartsmehhanism<\/strong><br \/>\nRibbonwoodi kell on varustatud h\u00e4\u00e4letu kvartsmehhanismiga, mis tagab kella t\u00e4pse ja hooldusvaba t\u00f6\u00f6 (puudub vajadus \u00fcleskeeramiseks).<\/li>\n<li><strong>Kvaliteetne painutatud p\u00f6\u00f6gipuu<\/strong><br \/>\nVineeri painutamise protsess on kulukas ja n\u00f5uab spetsiaalseid seadmeid, kuumust, spetsiaalset liimi ja kvaliteedikontrolli tagamiseks hoolikat k\u00e4sit\u00f6\u00f6d.<\/li>\n<li><strong>K\u00f5ik Umbra kellad testitakse tehases<\/strong><br \/>\nMeie tehastes on eraldi sein, kus iga kell testitakse, et tagada nende \u00f5ige t\u00f6\u00f6.<\/li>\n<\/ul>\n<p>\u2022 M\u00f5\u00f5dud: 51 x 51 x 11 cm<br \/>\n\u2022 T\u00f6\u00f6tab AA patareiga<br \/>\n\u2022 Materjal: Taastuvatest allikatest p\u00e4rit p\u00f6\u00f6gipuu<br \/>\n\u2022 <a href=\"\/et\/tootekategooria\/brandid\/umbra-et\/\">Br\u00e4nd Umbra<\/a><\/p>\n<p><strong>Meist<\/strong><\/p>\n<p>1979. aastal alguse saanud \u00fche lihtsa aknakardinaga s\u00fcndis Umbra kirest originaalse disaini ja taskukohase, kaasaegse stiili vastu. Kaasasutajad Les Mandelbaum ja Paul Rowan n\u00e4gid vajadust luua loomingulisi ja soodsaid tooteid, mis sobiksid igasse koju.<\/p>\n<p>T\u00e4naseks on Torontos, Kanadas asuv Umbra kasvanud rahvusvaheliseks disainiliidriks, tegutsedes enam kui 120 riigis ja omades esindusi Euroopas, P\u00f5hja- ja L\u00f5una-Ameerikas ning Aasias. Innovatsioonist kantuna toob meie rahvusvaheline disainitiim igap\u00e4evaesemetesse v\u00e4rsket loomingulisust ja uusi ideid, seades kaasaegsele disainile uusi standardeid.<\/p>\n<p><a href=\"\/et\/tootekategooria\/brandid\/umbra-et\/\"><img loading=\"lazy\" decoding=\"async\" src=\"https:\/\/www.talidesign.eu\/wp\/wp-content\/uploads\/2024\/10\/umbralogo-1.jpg\" alt=\"\" width=\"500\" height=\"100\" class=\"alignnone size-full wp-image-93263\" \/><\/a><\/p>\n","protected":false},"excerpt":{"rendered":"<p><strong>Ribbonwood seinakell<\/strong><\/p>\n<p>See kaunis seinakell on valmistatud painutatud p\u00f6\u00f6gipuust, mis on kujundatud elegantseteks volditud ribadeks. T\u00e4nu kontrastsetele tunni- ja minutiosutitele on kella vaatamine lihtne. Ribbonwoodi puit on osa keerulisest painutatud vineeri vormimisprotsessist, mis lisab igale kellale ainulaadse ilme.<\/p>\n<ul>\n<li><strong>Suur kaasaegne seinakell<\/strong><br \/>\nRibbonwood kasutab p\u00f6\u00f6gipuud, mis on \u00f5rnalt painutatud volditud ribadeks, kus iga volt t\u00e4histab kellal \u00fchte tundi.<\/li>\n<li><strong>Vaikne kvartsmehhanism<\/strong><br \/>\nRibbonwoodi kell on varustatud h\u00e4\u00e4letu kvartsmehhanismiga, mis tagab kella t\u00e4pse ja hooldusvaba t\u00f6\u00f6 (puudub vajadus \u00fcleskeeramiseks).<\/li>\n<li><strong>Kvaliteetne painutatud p\u00f6\u00f6gipuu<\/strong><br \/>\nVineeri painutamise protsess on kulukas ja n\u00f5uab spetsiaalseid seadmeid, kuumust, spetsiaalset liimi ja kvaliteedikontrolli tagamiseks hoolikat k\u00e4sit\u00f6\u00f6d.<\/li>\n<li><strong>K\u00f5ik Umbra kellad testitakse tehases<\/strong><br \/>\nMeie tehastes on eraldi sein, kus iga kell testitakse, et tagada nende \u00f5ige t\u00f6\u00f6.<\/li>\n<\/ul>\n<p>\u2022 M\u00f5\u00f5dud: 51 x 51 x 11 cm<br \/>\n\u2022 T\u00f6\u00f6tab AA patareiga<br \/>\n\u2022 Materjal: Taastuvatest allikatest p\u00e4rit p\u00f6\u00f6gipuu<br \/>\n\u2022 <a href=\"\/et\/tootekategooria\/brandid\/umbra-et\/\">Br\u00e4nd Umbra<\/a><\/p>\n<p><strong>Meist<\/strong><\/p>\n<p>1979. aastal alguse saanud \u00fche lihtsa aknakardinaga s\u00fcndis Umbra kirest originaalse disaini ja taskukohase, kaasaegse stiili vastu. Kaasasutajad Les Mandelbaum ja Paul Rowan n\u00e4gid vajadust luua loomingulisi ja soodsaid tooteid, mis sobiksid igasse koju.<\/p>\n<p>T\u00e4naseks on Torontos, Kanadas asuv Umbra kasvanud rahvusvaheliseks disainiliidriks, tegutsedes enam kui 120 riigis ja omades esindusi Euroopas, P\u00f5hja- ja L\u00f5una-Ameerikas ning Aasias. Innovatsioonist kantuna toob meie rahvusvaheline disainitiim igap\u00e4evaesemetesse v\u00e4rsket loomingulisust ja uusi ideid, seades kaasaegsele disainile uusi standardeid.<\/p>\n<p><a href=\"\/et\/tootekategooria\/brandid\/umbra-et\/\"><img loading=\"lazy\" decoding=\"async\" src=\"https:\/\/www.talidesign.eu\/wp\/wp-content\/uploads\/2024\/10\/umbralogo-1.jpg\" alt=\"\" width=\"500\" height=\"100\" class=\"alignnone size-full wp-image-93263\" \/><\/a><\/p>\n","protected":false},"featured_media":93312,"template":"","meta":[],"product_brand":[],"product_cat":[1099,1026,1105,1018,1030,1101,3350],"product_tag":[3356],"class_list":{"0":"post-93310","1":"product","2":"type-product","3":"status-publish","4":"has-post-thumbnail","6":"product_cat-aksessuaarid","7":"product_cat-brandid","8":"product_cat-esik","9":"product_cat-kodu","10":"product_cat-kook","11":"product_cat-magamis-ja-elutuba","12":"product_cat-umbra-et","13":"product_tag-umbra-et","15":"first","16":"outofstock","17":"taxable","18":"shipping-taxable","19":"purchasable","20":"product-type-simple"},"yoast_head":"<!-- This site is optimized with the Yoast SEO plugin v27.3 - https:\/\/yoast.com\/product\/yoast-seo-wordpress\/ -->\n<title>Umbra Ribbonwood seinakell - TALI Concept Store<\/title>\n<meta name=\"description\" content=\"Avasta kaunis Umbra Ribbonwood seinakell, mis on valmistatud painutatud p\u00f6\u00f6gipuust. Elegantsete volditud ribade ja kontrastsete osutitega on see kell t\u00f5eline pilgup\u00fc\u00fcdja. Tutvu l\u00e4hemalt!\" \/>\n<meta name=\"robots\" content=\"index, follow, max-snippet:-1, max-image-preview:large, max-video-preview:-1\" \/>\n<link rel=\"canonical\" href=\"https:\/\/www.talidesign.eu\/et\/pood\/toode\/umbra-ribbonwood-seinakell\/\" \/>\n<meta property=\"og:locale\" content=\"et_EE\" \/>\n<meta property=\"og:type\" content=\"article\" \/>\n<meta property=\"og:title\" content=\"Umbra Ribbonwood seinakell - TALI Concept Store\" \/>\n<meta property=\"og:description\" content=\"Avasta kaunis Umbra Ribbonwood seinakell, mis on valmistatud painutatud p\u00f6\u00f6gipuust. Elegantsete volditud ribade ja kontrastsete osutitega on see kell t\u00f5eline pilgup\u00fc\u00fcdja. Tutvu l\u00e4hemalt!\" \/>\n<meta property=\"og:url\" content=\"https:\/\/www.talidesign.eu\/et\/pood\/toode\/umbra-ribbonwood-seinakell\/\" \/>\n<meta property=\"og:site_name\" content=\"TALI Concept Store\" \/>\n<meta property=\"article:publisher\" content=\"https:\/\/www.facebook.com\/TaliDisain\/\" \/>\n<meta property=\"article:modified_time\" content=\"2026-04-03T15:46:34+00:00\" \/>\n<meta property=\"og:image\" content=\"https:\/\/www.talidesign.eu\/wp\/wp-content\/uploads\/2024\/10\/ccxoqsnrqoc3kruvtgwy.jpeg\" \/>\n\t<meta property=\"og:image:width\" content=\"1900\" \/>\n\t<meta property=\"og:image:height\" content=\"1900\" \/>\n\t<meta property=\"og:image:type\" content=\"image\/jpeg\" \/>\n<meta name=\"twitter:card\" content=\"summary_large_image\" \/>\n<meta name=\"twitter:label1\" content=\"Est. reading time\" \/>\n\t<meta name=\"twitter:data1\" content=\"2 minutes\" \/>\n<script type=\"application\/ld+json\" class=\"yoast-schema-graph\">{\"@context\":\"https:\\\/\\\/schema.org\",\"@graph\":[{\"@type\":\"WebPage\",\"@id\":\"https:\\\/\\\/www.talidesign.eu\\\/et\\\/pood\\\/toode\\\/umbra-ribbonwood-seinakell\\\/\",\"url\":\"https:\\\/\\\/www.talidesign.eu\\\/et\\\/pood\\\/toode\\\/umbra-ribbonwood-seinakell\\\/\",\"name\":\"Umbra Ribbonwood seinakell - TALI Concept Store\",\"isPartOf\":{\"@id\":\"https:\\\/\\\/www.talidesign.eu\\\/et\\\/#website\"},\"primaryImageOfPage\":{\"@id\":\"https:\\\/\\\/www.talidesign.eu\\\/et\\\/pood\\\/toode\\\/umbra-ribbonwood-seinakell\\\/#primaryimage\"},\"image\":{\"@id\":\"https:\\\/\\\/www.talidesign.eu\\\/et\\\/pood\\\/toode\\\/umbra-ribbonwood-seinakell\\\/#primaryimage\"},\"thumbnailUrl\":\"https:\\\/\\\/www.talidesign.eu\\\/wp\\\/wp-content\\\/uploads\\\/2024\\\/10\\\/ccxoqsnrqoc3kruvtgwy.jpeg\",\"datePublished\":\"2024-10-31T07:10:28+00:00\",\"dateModified\":\"2026-04-03T15:46:34+00:00\",\"description\":\"Avasta kaunis Umbra Ribbonwood seinakell, mis on valmistatud painutatud p\u00f6\u00f6gipuust. Elegantsete volditud ribade ja kontrastsete osutitega on see kell t\u00f5eline pilgup\u00fc\u00fcdja. Tutvu l\u00e4hemalt!\",\"breadcrumb\":{\"@id\":\"https:\\\/\\\/www.talidesign.eu\\\/et\\\/pood\\\/toode\\\/umbra-ribbonwood-seinakell\\\/#breadcrumb\"},\"inLanguage\":\"et\",\"potentialAction\":[{\"@type\":\"ReadAction\",\"target\":[\"https:\\\/\\\/www.talidesign.eu\\\/et\\\/pood\\\/toode\\\/umbra-ribbonwood-seinakell\\\/\"]}]},{\"@type\":\"ImageObject\",\"inLanguage\":\"et\",\"@id\":\"https:\\\/\\\/www.talidesign.eu\\\/et\\\/pood\\\/toode\\\/umbra-ribbonwood-seinakell\\\/#primaryimage\",\"url\":\"https:\\\/\\\/www.talidesign.eu\\\/wp\\\/wp-content\\\/uploads\\\/2024\\\/10\\\/ccxoqsnrqoc3kruvtgwy.jpeg\",\"contentUrl\":\"https:\\\/\\\/www.talidesign.eu\\\/wp\\\/wp-content\\\/uploads\\\/2024\\\/10\\\/ccxoqsnrqoc3kruvtgwy.jpeg\",\"width\":1900,\"height\":1900},{\"@type\":\"BreadcrumbList\",\"@id\":\"https:\\\/\\\/www.talidesign.eu\\\/et\\\/pood\\\/toode\\\/umbra-ribbonwood-seinakell\\\/#breadcrumb\",\"itemListElement\":[{\"@type\":\"ListItem\",\"position\":1,\"name\":\"Avaleht\",\"item\":\"https:\\\/\\\/www.talidesign.eu\\\/et\\\/\"},{\"@type\":\"ListItem\",\"position\":2,\"name\":\"Pood\",\"item\":\"https:\\\/\\\/www.talidesign.eu\\\/et\\\/pood\\\/\"},{\"@type\":\"ListItem\",\"position\":3,\"name\":\"Umbra Ribbonwood seinakell\"}]},{\"@type\":\"WebSite\",\"@id\":\"https:\\\/\\\/www.talidesign.eu\\\/et\\\/#website\",\"url\":\"https:\\\/\\\/www.talidesign.eu\\\/et\\\/\",\"name\":\"TALI Concept Store\",\"description\":\"Suurim Disainipood Eestis\",\"potentialAction\":[{\"@type\":\"SearchAction\",\"target\":{\"@type\":\"EntryPoint\",\"urlTemplate\":\"https:\\\/\\\/www.talidesign.eu\\\/et\\\/?s={search_term_string}\"},\"query-input\":{\"@type\":\"PropertyValueSpecification\",\"valueRequired\":true,\"valueName\":\"search_term_string\"}}],\"inLanguage\":\"et\"}]}<\/script>\n<!-- \/ Yoast SEO plugin. -->","yoast_head_json":{"title":"Umbra Ribbonwood seinakell - TALI Concept Store","description":"Avasta kaunis Umbra Ribbonwood seinakell, mis on valmistatud painutatud p\u00f6\u00f6gipuust. Elegantsete volditud ribade ja kontrastsete osutitega on see kell t\u00f5eline pilgup\u00fc\u00fcdja. Tutvu l\u00e4hemalt!","robots":{"index":"index","follow":"follow","max-snippet":"max-snippet:-1","max-image-preview":"max-image-preview:large","max-video-preview":"max-video-preview:-1"},"canonical":"https:\/\/www.talidesign.eu\/et\/pood\/toode\/umbra-ribbonwood-seinakell\/","og_locale":"et_EE","og_type":"article","og_title":"Umbra Ribbonwood seinakell - TALI Concept Store","og_description":"Avasta kaunis Umbra Ribbonwood seinakell, mis on valmistatud painutatud p\u00f6\u00f6gipuust. Elegantsete volditud ribade ja kontrastsete osutitega on see kell t\u00f5eline pilgup\u00fc\u00fcdja. Tutvu l\u00e4hemalt!","og_url":"https:\/\/www.talidesign.eu\/et\/pood\/toode\/umbra-ribbonwood-seinakell\/","og_site_name":"TALI Concept Store","article_publisher":"https:\/\/www.facebook.com\/TaliDisain\/","article_modified_time":"2026-04-03T15:46:34+00:00","og_image":[{"width":1900,"height":1900,"url":"https:\/\/www.talidesign.eu\/wp\/wp-content\/uploads\/2024\/10\/ccxoqsnrqoc3kruvtgwy.jpeg","type":"image\/jpeg"}],"twitter_card":"summary_large_image","twitter_misc":{"Est. reading time":"2 minutes"},"schema":{"@context":"https:\/\/schema.org","@graph":[{"@type":"WebPage","@id":"https:\/\/www.talidesign.eu\/et\/pood\/toode\/umbra-ribbonwood-seinakell\/","url":"https:\/\/www.talidesign.eu\/et\/pood\/toode\/umbra-ribbonwood-seinakell\/","name":"Umbra Ribbonwood seinakell - TALI Concept Store","isPartOf":{"@id":"https:\/\/www.talidesign.eu\/et\/#website"},"primaryImageOfPage":{"@id":"https:\/\/www.talidesign.eu\/et\/pood\/toode\/umbra-ribbonwood-seinakell\/#primaryimage"},"image":{"@id":"https:\/\/www.talidesign.eu\/et\/pood\/toode\/umbra-ribbonwood-seinakell\/#primaryimage"},"thumbnailUrl":"https:\/\/www.talidesign.eu\/wp\/wp-content\/uploads\/2024\/10\/ccxoqsnrqoc3kruvtgwy.jpeg","datePublished":"2024-10-31T07:10:28+00:00","dateModified":"2026-04-03T15:46:34+00:00","description":"Avasta kaunis Umbra Ribbonwood seinakell, mis on valmistatud painutatud p\u00f6\u00f6gipuust. Elegantsete volditud ribade ja kontrastsete osutitega on see kell t\u00f5eline pilgup\u00fc\u00fcdja. Tutvu l\u00e4hemalt!","breadcrumb":{"@id":"https:\/\/www.talidesign.eu\/et\/pood\/toode\/umbra-ribbonwood-seinakell\/#breadcrumb"},"inLanguage":"et","potentialAction":[{"@type":"ReadAction","target":["https:\/\/www.talidesign.eu\/et\/pood\/toode\/umbra-ribbonwood-seinakell\/"]}]},{"@type":"ImageObject","inLanguage":"et","@id":"https:\/\/www.talidesign.eu\/et\/pood\/toode\/umbra-ribbonwood-seinakell\/#primaryimage","url":"https:\/\/www.talidesign.eu\/wp\/wp-content\/uploads\/2024\/10\/ccxoqsnrqoc3kruvtgwy.jpeg","contentUrl":"https:\/\/www.talidesign.eu\/wp\/wp-content\/uploads\/2024\/10\/ccxoqsnrqoc3kruvtgwy.jpeg","width":1900,"height":1900},{"@type":"BreadcrumbList","@id":"https:\/\/www.talidesign.eu\/et\/pood\/toode\/umbra-ribbonwood-seinakell\/#breadcrumb","itemListElement":[{"@type":"ListItem","position":1,"name":"Avaleht","item":"https:\/\/www.talidesign.eu\/et\/"},{"@type":"ListItem","position":2,"name":"Pood","item":"https:\/\/www.talidesign.eu\/et\/pood\/"},{"@type":"ListItem","position":3,"name":"Umbra Ribbonwood seinakell"}]},{"@type":"WebSite","@id":"https:\/\/www.talidesign.eu\/et\/#website","url":"https:\/\/www.talidesign.eu\/et\/","name":"TALI Concept Store","description":"Suurim Disainipood Eestis","potentialAction":[{"@type":"SearchAction","target":{"@type":"EntryPoint","urlTemplate":"https:\/\/www.talidesign.eu\/et\/?s={search_term_string}"},"query-input":{"@type":"PropertyValueSpecification","valueRequired":true,"valueName":"search_term_string"}}],"inLanguage":"et"}]}},"_links":{"self":[{"href":"https:\/\/www.talidesign.eu\/et\/wp-json\/wp\/v2\/product\/93310","targetHints":{"allow":["GET"]}}],"collection":[{"href":"https:\/\/www.talidesign.eu\/et\/wp-json\/wp\/v2\/product"}],"about":[{"href":"https:\/\/www.talidesign.eu\/et\/wp-json\/wp\/v2\/types\/product"}],"wp:featuredmedia":[{"embeddable":true,"href":"https:\/\/www.talidesign.eu\/et\/wp-json\/wp\/v2\/media\/93312"}],"wp:attachment":[{"href":"https:\/\/www.talidesign.eu\/et\/wp-json\/wp\/v2\/media?parent=93310"}],"wp:term":[{"taxonomy":"product_brand","embeddable":true,"href":"https:\/\/www.talidesign.eu\/et\/wp-json\/wp\/v2\/product_brand?post=93310"},{"taxonomy":"product_cat","embeddable":true,"href":"https:\/\/www.talidesign.eu\/et\/wp-json\/wp\/v2\/product_cat?post=93310"},{"taxonomy":"product_tag","embeddable":true,"href":"https:\/\/www.talidesign.eu\/et\/wp-json\/wp\/v2\/product_tag?post=93310"}],"curies":[{"name":"wp","href":"https:\/\/api.w.org\/{rel}","templated":true}]}}