{"id":93325,"date":"2024-11-12T09:31:16","date_gmt":"2024-10-31T07:31:16","guid":{"rendered":"https:\/\/www.talidesign.eu\/?post_type=product&#038;p=93325"},"modified":"2024-12-13T18:24:48","modified_gmt":"2024-12-13T16:24:48","slug":"umbra-trigem-ehtestend","status":"publish","type":"product","link":"https:\/\/www.talidesign.eu\/et\/pood\/toode\/umbra-trigem-ehtestend\/","title":{"rendered":"Umbra Trigem ehtestend"},"content":{"rendered":"<p><strong>Trigem ehtestend<\/strong><\/p>\n<p>Trigem ehete stendil on kolm riputusvarrast, mis pakuvad rohkelt ruumi k\u00f5ikidele ehetele, hoides need turvaliselt ja korrektselt. 48 cm k\u00f5rguselt sobib Trigem h\u00e4sti igat t\u00fc\u00fcpi kaelakeede jaoks. Alus toimib ka lisahoiukohana teistele aksessuaaridele. Minimalistlik ja elegantne disain t\u00e4iendab iga modernset interj\u00f6\u00f6ri ning pehme voodriga p\u00f5hi kaitseb pinda kriimustuste eest.<\/p>\n<ul>\n<li><strong>Kogu ehtekollektsioon \u00fchest kohast n\u00e4htav<\/strong><br \/>\nTrigemi kolmekihiline disain v\u00f5imaldab hoida ja esitleda k\u00f5iki ehteid \u00fches kohas.<\/li>\n<li><strong>&#8220;Sassis&#8221; ehete v\u00e4ltimine<\/strong><br \/>\nTrigem on ideaalne lahendus ka pikemate kaelakeede hoidmiseks, tagades, et ehted ei l\u00e4heks sassi.<\/li>\n<li><strong>Lisasahtel aksessuaaride jaoks<\/strong><br \/>\nTrigemi alus toimib ka ehtealuse v\u00f5i v\u00e4iksemate aksessuaaride hoiupaigana.<\/li>\n<li><strong>Pehme p\u00f5hi kaitseb pinda kriimustuste eest<\/strong><br \/>\nStendil on pehmendatud p\u00f5hi, mis hoiab laua- v\u00f5i kapipinnad kriimustuste vabad.<\/li>\n<\/ul>\n<p>\u2022 M\u00f5\u00f5dud: 23 x 10 x 48 cm<br \/>\n\u2022 Materjal: keskkonnas\u00f5bralik viimistlus, mis v\u00e4hendab vee- ja j\u00e4\u00e4tmekasutust 85% v\u00f5rreldes tavalise viimistlusega<br \/>\n\u2022 <a href=\"\/et\/tootekategooria\/brandid\/umbra-et\/\">Br\u00e4nd Umbra<\/a><\/p>\n<p><strong>Meist<\/strong><\/p>\n<p>1979. aastal alguse saanud \u00fche lihtsa aknakardinaga s\u00fcndis Umbra kirest originaalse disaini ja taskukohase, kaasaegse stiili vastu. Kaasasutajad Les Mandelbaum ja Paul Rowan n\u00e4gid vajadust luua loomingulisi ja soodsaid tooteid, mis sobiksid igasse koju.<\/p>\n<p>T\u00e4naseks on Torontos, Kanadas asuv Umbra kasvanud rahvusvaheliseks disainiliidriks, tegutsedes enam kui 120 riigis ja omades esindusi Euroopas, P\u00f5hja- ja L\u00f5una-Ameerikas ning Aasias. Innovatsioonist kantuna toob meie rahvusvaheline disainitiim igap\u00e4evaesemetesse v\u00e4rsket loomingulisust ja uusi ideid, seades kaasaegsele disainile uusi standardeid.<\/p>\n<p><a href=\"\/et\/tootekategooria\/brandid\/umbra-et\/\"><img loading=\"lazy\" decoding=\"async\" src=\"https:\/\/www.talidesign.eu\/wp\/wp-content\/uploads\/2024\/10\/umbralogo-1.jpg\" alt=\"\" width=\"500\" height=\"100\" class=\"alignnone size-full wp-image-93263\" \/><\/a><\/p>\n","protected":false},"excerpt":{"rendered":"<p><strong>Trigem ehtestend<\/strong><\/p>\n<p>Trigem ehete stendil on kolm riputusvarrast, mis pakuvad rohkelt ruumi k\u00f5ikidele ehetele, hoides need turvaliselt ja korrektselt. 48 cm k\u00f5rguselt sobib Trigem h\u00e4sti igat t\u00fc\u00fcpi kaelakeede jaoks. Alus toimib ka lisahoiukohana teistele aksessuaaridele. Minimalistlik ja elegantne disain t\u00e4iendab iga modernset interj\u00f6\u00f6ri ning pehme voodriga p\u00f5hi kaitseb pinda kriimustuste eest.<\/p>\n<ul>\n<li><strong>Kogu ehtekollektsioon \u00fchest kohast n\u00e4htav<\/strong><br \/>\nTrigemi kolmekihiline disain v\u00f5imaldab hoida ja esitleda k\u00f5iki ehteid \u00fches kohas.<\/li>\n<li><strong>&#8220;Sassis&#8221; ehete v\u00e4ltimine<\/strong><br \/>\nTrigem on ideaalne lahendus ka pikemate kaelakeede hoidmiseks, tagades, et ehted ei l\u00e4heks sassi.<\/li>\n<li><strong>Lisasahtel aksessuaaride jaoks<\/strong><br \/>\nTrigemi alus toimib ka ehtealuse v\u00f5i v\u00e4iksemate aksessuaaride hoiupaigana.<\/li>\n<li><strong>Pehme p\u00f5hi kaitseb pinda kriimustuste eest<\/strong><br \/>\nStendil on pehmendatud p\u00f5hi, mis hoiab laua- v\u00f5i kapipinnad kriimustuste vabad.<\/li>\n<\/ul>\n<p>\u2022 M\u00f5\u00f5dud: 23 x 10 x 48 cm<br \/>\n\u2022 Materjal: keskkonnas\u00f5bralik viimistlus, mis v\u00e4hendab vee- ja j\u00e4\u00e4tmekasutust 85% v\u00f5rreldes tavalise viimistlusega<br \/>\n\u2022 <a href=\"\/et\/tootekategooria\/brandid\/umbra-et\/\">Br\u00e4nd Umbra<\/a><\/p>\n<p><strong>Meist<\/strong><\/p>\n<p>1979. aastal alguse saanud \u00fche lihtsa aknakardinaga s\u00fcndis Umbra kirest originaalse disaini ja taskukohase, kaasaegse stiili vastu. Kaasasutajad Les Mandelbaum ja Paul Rowan n\u00e4gid vajadust luua loomingulisi ja soodsaid tooteid, mis sobiksid igasse koju.<\/p>\n<p>T\u00e4naseks on Torontos, Kanadas asuv Umbra kasvanud rahvusvaheliseks disainiliidriks, tegutsedes enam kui 120 riigis ja omades esindusi Euroopas, P\u00f5hja- ja L\u00f5una-Ameerikas ning Aasias. Innovatsioonist kantuna toob meie rahvusvaheline disainitiim igap\u00e4evaesemetesse v\u00e4rsket loomingulisust ja uusi ideid, seades kaasaegsele disainile uusi standardeid.<\/p>\n<p><a href=\"\/et\/tootekategooria\/brandid\/umbra-et\/\"><img loading=\"lazy\" decoding=\"async\" src=\"https:\/\/www.talidesign.eu\/wp\/wp-content\/uploads\/2024\/10\/umbralogo-1.jpg\" alt=\"\" width=\"500\" height=\"100\" class=\"alignnone size-full wp-image-93263\" \/><\/a><\/p>\n","protected":false},"featured_media":93335,"template":"","meta":[],"product_brand":[],"product_cat":[1026,1107,1165,1031,1018,3350],"product_tag":[3356],"class_list":{"0":"post-93325","1":"product","2":"type-product","3":"status-publish","4":"has-post-thumbnail","6":"product_cat-brandid","7":"product_cat-ehtelaekad","8":"product_cat-ehtelaekad-et","9":"product_cat-hoiustamine","10":"product_cat-kodu","11":"product_cat-umbra-et","12":"product_tag-umbra-et","14":"first","15":"outofstock","16":"taxable","17":"shipping-taxable","18":"purchasable","19":"product-type-simple"},"yoast_head":"<!-- This site is optimized with the Yoast SEO plugin v27.3 - https:\/\/yoast.com\/product\/yoast-seo-wordpress\/ -->\n<title>Umbra Trigem ehtestend - TALI Concept Store<\/title>\n<meta name=\"description\" content=\"Umbra Trigem ehtestend - minimalistlik ja elegantne disain, mis hoiab ehted turvaliselt ja korrektselt. Avasta rohkem siit!\" \/>\n<meta name=\"robots\" content=\"index, follow, max-snippet:-1, max-image-preview:large, max-video-preview:-1\" \/>\n<link rel=\"canonical\" href=\"https:\/\/www.talidesign.eu\/et\/pood\/toode\/umbra-trigem-ehtestend\/\" \/>\n<meta property=\"og:locale\" content=\"et_EE\" \/>\n<meta property=\"og:type\" content=\"article\" \/>\n<meta property=\"og:title\" content=\"Umbra Trigem ehtestend - TALI Concept Store\" \/>\n<meta property=\"og:description\" content=\"Umbra Trigem ehtestend - minimalistlik ja elegantne disain, mis hoiab ehted turvaliselt ja korrektselt. Avasta rohkem siit!\" \/>\n<meta property=\"og:url\" content=\"https:\/\/www.talidesign.eu\/et\/pood\/toode\/umbra-trigem-ehtestend\/\" \/>\n<meta property=\"og:site_name\" content=\"TALI Concept Store\" \/>\n<meta property=\"article:publisher\" content=\"https:\/\/www.facebook.com\/TaliDisain\/\" \/>\n<meta property=\"article:modified_time\" content=\"2024-12-13T16:24:48+00:00\" \/>\n<meta property=\"og:image\" content=\"https:\/\/www.talidesign.eu\/wp\/wp-content\/uploads\/2024\/10\/trasm8z1oxw1lneiykjt.jpeg\" \/>\n\t<meta property=\"og:image:width\" content=\"1900\" \/>\n\t<meta property=\"og:image:height\" content=\"1900\" \/>\n\t<meta property=\"og:image:type\" content=\"image\/jpeg\" \/>\n<meta name=\"twitter:card\" content=\"summary_large_image\" \/>\n<meta name=\"twitter:label1\" content=\"Est. reading time\" \/>\n\t<meta name=\"twitter:data1\" content=\"1 minute\" \/>\n<script type=\"application\/ld+json\" class=\"yoast-schema-graph\">{\"@context\":\"https:\\\/\\\/schema.org\",\"@graph\":[{\"@type\":\"WebPage\",\"@id\":\"https:\\\/\\\/www.talidesign.eu\\\/et\\\/pood\\\/toode\\\/umbra-trigem-ehtestend\\\/\",\"url\":\"https:\\\/\\\/www.talidesign.eu\\\/et\\\/pood\\\/toode\\\/umbra-trigem-ehtestend\\\/\",\"name\":\"Umbra Trigem ehtestend - TALI Concept Store\",\"isPartOf\":{\"@id\":\"https:\\\/\\\/www.talidesign.eu\\\/et\\\/#website\"},\"primaryImageOfPage\":{\"@id\":\"https:\\\/\\\/www.talidesign.eu\\\/et\\\/pood\\\/toode\\\/umbra-trigem-ehtestend\\\/#primaryimage\"},\"image\":{\"@id\":\"https:\\\/\\\/www.talidesign.eu\\\/et\\\/pood\\\/toode\\\/umbra-trigem-ehtestend\\\/#primaryimage\"},\"thumbnailUrl\":\"https:\\\/\\\/www.talidesign.eu\\\/wp\\\/wp-content\\\/uploads\\\/2024\\\/10\\\/trasm8z1oxw1lneiykjt.jpeg\",\"datePublished\":\"2024-10-31T07:31:16+00:00\",\"dateModified\":\"2024-12-13T16:24:48+00:00\",\"description\":\"Umbra Trigem ehtestend - minimalistlik ja elegantne disain, mis hoiab ehted turvaliselt ja korrektselt. Avasta rohkem siit!\",\"breadcrumb\":{\"@id\":\"https:\\\/\\\/www.talidesign.eu\\\/et\\\/pood\\\/toode\\\/umbra-trigem-ehtestend\\\/#breadcrumb\"},\"inLanguage\":\"et\",\"potentialAction\":[{\"@type\":\"ReadAction\",\"target\":[\"https:\\\/\\\/www.talidesign.eu\\\/et\\\/pood\\\/toode\\\/umbra-trigem-ehtestend\\\/\"]}]},{\"@type\":\"ImageObject\",\"inLanguage\":\"et\",\"@id\":\"https:\\\/\\\/www.talidesign.eu\\\/et\\\/pood\\\/toode\\\/umbra-trigem-ehtestend\\\/#primaryimage\",\"url\":\"https:\\\/\\\/www.talidesign.eu\\\/wp\\\/wp-content\\\/uploads\\\/2024\\\/10\\\/trasm8z1oxw1lneiykjt.jpeg\",\"contentUrl\":\"https:\\\/\\\/www.talidesign.eu\\\/wp\\\/wp-content\\\/uploads\\\/2024\\\/10\\\/trasm8z1oxw1lneiykjt.jpeg\",\"width\":1900,\"height\":1900},{\"@type\":\"BreadcrumbList\",\"@id\":\"https:\\\/\\\/www.talidesign.eu\\\/et\\\/pood\\\/toode\\\/umbra-trigem-ehtestend\\\/#breadcrumb\",\"itemListElement\":[{\"@type\":\"ListItem\",\"position\":1,\"name\":\"Avaleht\",\"item\":\"https:\\\/\\\/www.talidesign.eu\\\/et\\\/\"},{\"@type\":\"ListItem\",\"position\":2,\"name\":\"Pood\",\"item\":\"https:\\\/\\\/www.talidesign.eu\\\/et\\\/pood\\\/\"},{\"@type\":\"ListItem\",\"position\":3,\"name\":\"Umbra Trigem ehtestend\"}]},{\"@type\":\"WebSite\",\"@id\":\"https:\\\/\\\/www.talidesign.eu\\\/et\\\/#website\",\"url\":\"https:\\\/\\\/www.talidesign.eu\\\/et\\\/\",\"name\":\"TALI Concept Store\",\"description\":\"Suurim Disainipood Eestis\",\"potentialAction\":[{\"@type\":\"SearchAction\",\"target\":{\"@type\":\"EntryPoint\",\"urlTemplate\":\"https:\\\/\\\/www.talidesign.eu\\\/et\\\/?s={search_term_string}\"},\"query-input\":{\"@type\":\"PropertyValueSpecification\",\"valueRequired\":true,\"valueName\":\"search_term_string\"}}],\"inLanguage\":\"et\"}]}<\/script>\n<!-- \/ Yoast SEO plugin. -->","yoast_head_json":{"title":"Umbra Trigem ehtestend - TALI Concept Store","description":"Umbra Trigem ehtestend - minimalistlik ja elegantne disain, mis hoiab ehted turvaliselt ja korrektselt. Avasta rohkem siit!","robots":{"index":"index","follow":"follow","max-snippet":"max-snippet:-1","max-image-preview":"max-image-preview:large","max-video-preview":"max-video-preview:-1"},"canonical":"https:\/\/www.talidesign.eu\/et\/pood\/toode\/umbra-trigem-ehtestend\/","og_locale":"et_EE","og_type":"article","og_title":"Umbra Trigem ehtestend - TALI Concept Store","og_description":"Umbra Trigem ehtestend - minimalistlik ja elegantne disain, mis hoiab ehted turvaliselt ja korrektselt. Avasta rohkem siit!","og_url":"https:\/\/www.talidesign.eu\/et\/pood\/toode\/umbra-trigem-ehtestend\/","og_site_name":"TALI Concept Store","article_publisher":"https:\/\/www.facebook.com\/TaliDisain\/","article_modified_time":"2024-12-13T16:24:48+00:00","og_image":[{"width":1900,"height":1900,"url":"https:\/\/www.talidesign.eu\/wp\/wp-content\/uploads\/2024\/10\/trasm8z1oxw1lneiykjt.jpeg","type":"image\/jpeg"}],"twitter_card":"summary_large_image","twitter_misc":{"Est. reading time":"1 minute"},"schema":{"@context":"https:\/\/schema.org","@graph":[{"@type":"WebPage","@id":"https:\/\/www.talidesign.eu\/et\/pood\/toode\/umbra-trigem-ehtestend\/","url":"https:\/\/www.talidesign.eu\/et\/pood\/toode\/umbra-trigem-ehtestend\/","name":"Umbra Trigem ehtestend - TALI Concept Store","isPartOf":{"@id":"https:\/\/www.talidesign.eu\/et\/#website"},"primaryImageOfPage":{"@id":"https:\/\/www.talidesign.eu\/et\/pood\/toode\/umbra-trigem-ehtestend\/#primaryimage"},"image":{"@id":"https:\/\/www.talidesign.eu\/et\/pood\/toode\/umbra-trigem-ehtestend\/#primaryimage"},"thumbnailUrl":"https:\/\/www.talidesign.eu\/wp\/wp-content\/uploads\/2024\/10\/trasm8z1oxw1lneiykjt.jpeg","datePublished":"2024-10-31T07:31:16+00:00","dateModified":"2024-12-13T16:24:48+00:00","description":"Umbra Trigem ehtestend - minimalistlik ja elegantne disain, mis hoiab ehted turvaliselt ja korrektselt. Avasta rohkem siit!","breadcrumb":{"@id":"https:\/\/www.talidesign.eu\/et\/pood\/toode\/umbra-trigem-ehtestend\/#breadcrumb"},"inLanguage":"et","potentialAction":[{"@type":"ReadAction","target":["https:\/\/www.talidesign.eu\/et\/pood\/toode\/umbra-trigem-ehtestend\/"]}]},{"@type":"ImageObject","inLanguage":"et","@id":"https:\/\/www.talidesign.eu\/et\/pood\/toode\/umbra-trigem-ehtestend\/#primaryimage","url":"https:\/\/www.talidesign.eu\/wp\/wp-content\/uploads\/2024\/10\/trasm8z1oxw1lneiykjt.jpeg","contentUrl":"https:\/\/www.talidesign.eu\/wp\/wp-content\/uploads\/2024\/10\/trasm8z1oxw1lneiykjt.jpeg","width":1900,"height":1900},{"@type":"BreadcrumbList","@id":"https:\/\/www.talidesign.eu\/et\/pood\/toode\/umbra-trigem-ehtestend\/#breadcrumb","itemListElement":[{"@type":"ListItem","position":1,"name":"Avaleht","item":"https:\/\/www.talidesign.eu\/et\/"},{"@type":"ListItem","position":2,"name":"Pood","item":"https:\/\/www.talidesign.eu\/et\/pood\/"},{"@type":"ListItem","position":3,"name":"Umbra Trigem ehtestend"}]},{"@type":"WebSite","@id":"https:\/\/www.talidesign.eu\/et\/#website","url":"https:\/\/www.talidesign.eu\/et\/","name":"TALI Concept Store","description":"Suurim Disainipood Eestis","potentialAction":[{"@type":"SearchAction","target":{"@type":"EntryPoint","urlTemplate":"https:\/\/www.talidesign.eu\/et\/?s={search_term_string}"},"query-input":{"@type":"PropertyValueSpecification","valueRequired":true,"valueName":"search_term_string"}}],"inLanguage":"et"}]}},"_links":{"self":[{"href":"https:\/\/www.talidesign.eu\/et\/wp-json\/wp\/v2\/product\/93325","targetHints":{"allow":["GET"]}}],"collection":[{"href":"https:\/\/www.talidesign.eu\/et\/wp-json\/wp\/v2\/product"}],"about":[{"href":"https:\/\/www.talidesign.eu\/et\/wp-json\/wp\/v2\/types\/product"}],"wp:featuredmedia":[{"embeddable":true,"href":"https:\/\/www.talidesign.eu\/et\/wp-json\/wp\/v2\/media\/93335"}],"wp:attachment":[{"href":"https:\/\/www.talidesign.eu\/et\/wp-json\/wp\/v2\/media?parent=93325"}],"wp:term":[{"taxonomy":"product_brand","embeddable":true,"href":"https:\/\/www.talidesign.eu\/et\/wp-json\/wp\/v2\/product_brand?post=93325"},{"taxonomy":"product_cat","embeddable":true,"href":"https:\/\/www.talidesign.eu\/et\/wp-json\/wp\/v2\/product_cat?post=93325"},{"taxonomy":"product_tag","embeddable":true,"href":"https:\/\/www.talidesign.eu\/et\/wp-json\/wp\/v2\/product_tag?post=93325"}],"curies":[{"name":"wp","href":"https:\/\/api.w.org\/{rel}","templated":true}]}}