{"id":93395,"date":"2024-11-12T11:04:07","date_gmt":"2024-10-31T09:04:07","guid":{"rendered":"https:\/\/www.talidesign.eu\/?post_type=product&#038;p=93395"},"modified":"2026-03-03T11:10:28","modified_gmt":"2026-03-03T09:10:28","slug":"umbra-ferris-ehete-hoidja-must","status":"publish","type":"product","link":"https:\/\/www.talidesign.eu\/et\/pood\/toode\/umbra-ferris-ehete-hoidja-must\/","title":{"rendered":"Umbra Ferris ehete hoidja Must"},"content":{"rendered":"<p><strong>Ferris ehete hoidja Must<\/strong><\/p>\n<p>See elegantne ehtehoidja on ideaalne kingitus sulle endale v\u00f5i s\u00f5brale, hoides s\u00f5rmuseid turvaliselt pehmendatud sametpatjadel. Valmistatud taastuvast puidust, on Ferris ehete stend lihtne puhastada ja alati valmis muljet avaldama. Modernne disain t\u00e4iustab iga ruumi ja n\u00e4eb suurep\u00e4rane v\u00e4lja nii \u00f6\u00f6kapil, kummutil kui ka t\u00f6\u00f6laual. Kui sa parasjagu oma s\u00f5rmuseid ei kanna, hoiab Ferris need kindlalt ja kaitstuna. Sobib erinevatele s\u00f5rmustele (kuni 0,6 cm laiusele) ja igas suuruses k\u00f5rvar\u00f5ngastele \u2013 stiilne koht k\u00f5igile su lemmikehetele.<\/p>\n<ul>\n<li><strong>N\u00e4eb hea v\u00e4lja igal pool<\/strong><br \/>\nFunktsionaalsus ja stiil k\u00e4sik\u00e4es! Valmistatud taastuvast puidust, Ferrisel on puhas ja k\u00f5rgetasemeline v\u00e4limus, mis lisab igasse ruumi kaasaegset v\u00f5lu.<\/li>\n<li><strong>Ehted kaitstud sametpatjadel<\/strong><br \/>\nSelle pilkup\u00fc\u00fcdva korraldajaga p\u00fcsivad ehted kriimustuste vabad \u2013 ideaalne turvaline koht k\u00f5igile lemmikehetele.<\/li>\n<li><strong>Ainulaadne kingiidee<\/strong><br \/>\nKingi stiilitundlikule s\u00f5brale midagi t\u00f5eliselt erilist! Ferris on kordumatu ja alati muljetavaldav.<\/li>\n<li><strong>Mahutab mitu s\u00f5rmust ja k\u00f5rvar\u00f5ngast<\/strong><br \/>\nFerris mahutab kuni 33 s\u00f5rmust v\u00f5i k\u00f5rvar\u00f5ngast \u2013 k\u00f5ik \u00fches kohas!<\/li>\n<\/ul>\n<p>\u2022 Materjal: Taastuv puit<br \/>\n\u2022 Mahutavus: Kuni 33 s\u00f5rmust v\u00f5i k\u00f5rvar\u00f5ngast<br \/>\n\u2022 <a href=\"\/et\/tootekategooria\/brandid\/umbra-et\/\">Br\u00e4nd Umbra<\/a><\/p>\n<p><strong>Meist<\/strong><\/p>\n<p>1979. aastal alguse saanud \u00fche lihtsa aknakardinaga s\u00fcndis Umbra kirest originaalse disaini ja taskukohase, kaasaegse stiili vastu. Kaasasutajad Les Mandelbaum ja Paul Rowan n\u00e4gid vajadust luua loomingulisi ja soodsaid tooteid, mis sobiksid igasse koju.<\/p>\n<p>T\u00e4naseks on Torontos, Kanadas asuv Umbra kasvanud rahvusvaheliseks disainiliidriks, tegutsedes enam kui 120 riigis ja omades esindusi Euroopas, P\u00f5hja- ja L\u00f5una-Ameerikas ning Aasias. Innovatsioonist kantuna toob meie rahvusvaheline disainitiim igap\u00e4evaesemetesse v\u00e4rsket loomingulisust ja uusi ideid, seades kaasaegsele disainile uusi standardeid.<\/p>\n<p><a href=\"\/et\/tootekategooria\/brandid\/umbra-et\/\"><img loading=\"lazy\" decoding=\"async\" src=\"https:\/\/www.talidesign.eu\/wp\/wp-content\/uploads\/2024\/10\/umbralogo-1.jpg\" alt=\"\" width=\"500\" height=\"100\" class=\"alignnone size-full wp-image-93263\" \/><\/a><\/p>\n","protected":false},"excerpt":{"rendered":"<p><strong>Ferris ehete hoidja Must<\/strong><\/p>\n<p>See elegantne ehtehoidja on ideaalne kingitus sulle endale v\u00f5i s\u00f5brale, hoides s\u00f5rmuseid turvaliselt pehmendatud sametpatjadel. Valmistatud taastuvast puidust, on Ferris ehete stend lihtne puhastada ja alati valmis muljet avaldama. Modernne disain t\u00e4iustab iga ruumi ja n\u00e4eb suurep\u00e4rane v\u00e4lja nii \u00f6\u00f6kapil, kummutil kui ka t\u00f6\u00f6laual. Kui sa parasjagu oma s\u00f5rmuseid ei kanna, hoiab Ferris need kindlalt ja kaitstuna. Sobib erinevatele s\u00f5rmustele (kuni 0,6 cm laiusele) ja igas suuruses k\u00f5rvar\u00f5ngastele \u2013 stiilne koht k\u00f5igile su lemmikehetele.<\/p>\n<ul>\n<li><strong>N\u00e4eb hea v\u00e4lja igal pool<\/strong><br \/>\nFunktsionaalsus ja stiil k\u00e4sik\u00e4es! Valmistatud taastuvast puidust, Ferrisel on puhas ja k\u00f5rgetasemeline v\u00e4limus, mis lisab igasse ruumi kaasaegset v\u00f5lu.<\/li>\n<li><strong>Ehted kaitstud sametpatjadel<\/strong><br \/>\nSelle pilkup\u00fc\u00fcdva korraldajaga p\u00fcsivad ehted kriimustuste vabad \u2013 ideaalne turvaline koht k\u00f5igile lemmikehetele.<\/li>\n<li><strong>Ainulaadne kingiidee<\/strong><br \/>\nKingi stiilitundlikule s\u00f5brale midagi t\u00f5eliselt erilist! Ferris on kordumatu ja alati muljetavaldav.<\/li>\n<li><strong>Mahutab mitu s\u00f5rmust ja k\u00f5rvar\u00f5ngast<\/strong><br \/>\nFerris mahutab kuni 33 s\u00f5rmust v\u00f5i k\u00f5rvar\u00f5ngast \u2013 k\u00f5ik \u00fches kohas!<\/li>\n<\/ul>\n<p>\u2022 Materjal: Taastuv puit<br \/>\n\u2022 Mahutavus: Kuni 33 s\u00f5rmust v\u00f5i k\u00f5rvar\u00f5ngast<br \/>\n\u2022 <a href=\"\/et\/tootekategooria\/brandid\/umbra-et\/\">Br\u00e4nd Umbra<\/a><\/p>\n<p><strong>Meist<\/strong><\/p>\n<p>1979. aastal alguse saanud \u00fche lihtsa aknakardinaga s\u00fcndis Umbra kirest originaalse disaini ja taskukohase, kaasaegse stiili vastu. Kaasasutajad Les Mandelbaum ja Paul Rowan n\u00e4gid vajadust luua loomingulisi ja soodsaid tooteid, mis sobiksid igasse koju.<\/p>\n<p>T\u00e4naseks on Torontos, Kanadas asuv Umbra kasvanud rahvusvaheliseks disainiliidriks, tegutsedes enam kui 120 riigis ja omades esindusi Euroopas, P\u00f5hja- ja L\u00f5una-Ameerikas ning Aasias. Innovatsioonist kantuna toob meie rahvusvaheline disainitiim igap\u00e4evaesemetesse v\u00e4rsket loomingulisust ja uusi ideid, seades kaasaegsele disainile uusi standardeid.<\/p>\n<p><a href=\"\/et\/tootekategooria\/brandid\/umbra-et\/\"><img loading=\"lazy\" decoding=\"async\" src=\"https:\/\/www.talidesign.eu\/wp\/wp-content\/uploads\/2024\/10\/umbralogo-1.jpg\" alt=\"\" width=\"500\" height=\"100\" class=\"alignnone size-full wp-image-93263\" \/><\/a><\/p>\n","protected":false},"featured_media":93397,"template":"","meta":[],"product_brand":[],"product_cat":[1026,1165,1107,1031,1018,3350],"product_tag":[3356],"class_list":{"0":"post-93395","1":"product","2":"type-product","3":"status-publish","4":"has-post-thumbnail","6":"product_cat-brandid","7":"product_cat-ehtelaekad-et","8":"product_cat-ehtelaekad","9":"product_cat-hoiustamine","10":"product_cat-kodu","11":"product_cat-umbra-et","12":"product_tag-umbra-et","14":"first","15":"instock","16":"taxable","17":"shipping-taxable","18":"purchasable","19":"product-type-simple"},"yoast_head":"<!-- This site is optimized with the Yoast SEO plugin v27.3 - https:\/\/yoast.com\/product\/yoast-seo-wordpress\/ -->\n<title>Umbra Ferris ehete hoidja Must - TALI Concept Store<\/title>\n<meta name=\"description\" content=\"Umbra Ferris ehete hoidja Must - ideaalne kingitus sulle v\u00f5i s\u00f5brale. Valmistatud taastuvast puidust, mahutab kuni 33 s\u00f5rmust v\u00f5i k\u00f5rvar\u00f5ngast. Lisab ruumile kaasaegset v\u00f5lu.\" \/>\n<meta name=\"robots\" content=\"index, follow, max-snippet:-1, max-image-preview:large, max-video-preview:-1\" \/>\n<link rel=\"canonical\" href=\"https:\/\/www.talidesign.eu\/et\/pood\/toode\/umbra-ferris-ehete-hoidja-must\/\" \/>\n<meta property=\"og:locale\" content=\"et_EE\" \/>\n<meta property=\"og:type\" content=\"article\" \/>\n<meta property=\"og:title\" content=\"Umbra Ferris ehete hoidja Must - TALI Concept Store\" \/>\n<meta property=\"og:description\" content=\"Umbra Ferris ehete hoidja Must - ideaalne kingitus sulle v\u00f5i s\u00f5brale. Valmistatud taastuvast puidust, mahutab kuni 33 s\u00f5rmust v\u00f5i k\u00f5rvar\u00f5ngast. Lisab ruumile kaasaegset v\u00f5lu.\" \/>\n<meta property=\"og:url\" content=\"https:\/\/www.talidesign.eu\/et\/pood\/toode\/umbra-ferris-ehete-hoidja-must\/\" \/>\n<meta property=\"og:site_name\" content=\"TALI Concept Store\" \/>\n<meta property=\"article:publisher\" content=\"https:\/\/www.facebook.com\/TaliDisain\/\" \/>\n<meta property=\"article:modified_time\" content=\"2026-03-03T09:10:28+00:00\" \/>\n<meta property=\"og:image\" content=\"https:\/\/www.talidesign.eu\/wp\/wp-content\/uploads\/2024\/10\/vjzrxdvv4fq0p9bvdyki_6fa1656a-1e12-4a7b-a007-1d595aa5ebae.png\" \/>\n\t<meta property=\"og:image:width\" content=\"1900\" \/>\n\t<meta property=\"og:image:height\" content=\"1900\" \/>\n\t<meta property=\"og:image:type\" content=\"image\/png\" \/>\n<meta name=\"twitter:card\" content=\"summary_large_image\" \/>\n<meta name=\"twitter:label1\" content=\"Est. reading time\" \/>\n\t<meta name=\"twitter:data1\" content=\"2 minutes\" \/>\n<script type=\"application\/ld+json\" class=\"yoast-schema-graph\">{\"@context\":\"https:\\\/\\\/schema.org\",\"@graph\":[{\"@type\":\"WebPage\",\"@id\":\"https:\\\/\\\/www.talidesign.eu\\\/et\\\/pood\\\/toode\\\/umbra-ferris-ehete-hoidja-must\\\/\",\"url\":\"https:\\\/\\\/www.talidesign.eu\\\/et\\\/pood\\\/toode\\\/umbra-ferris-ehete-hoidja-must\\\/\",\"name\":\"Umbra Ferris ehete hoidja Must - TALI Concept Store\",\"isPartOf\":{\"@id\":\"https:\\\/\\\/www.talidesign.eu\\\/et\\\/#website\"},\"primaryImageOfPage\":{\"@id\":\"https:\\\/\\\/www.talidesign.eu\\\/et\\\/pood\\\/toode\\\/umbra-ferris-ehete-hoidja-must\\\/#primaryimage\"},\"image\":{\"@id\":\"https:\\\/\\\/www.talidesign.eu\\\/et\\\/pood\\\/toode\\\/umbra-ferris-ehete-hoidja-must\\\/#primaryimage\"},\"thumbnailUrl\":\"https:\\\/\\\/www.talidesign.eu\\\/wp\\\/wp-content\\\/uploads\\\/2024\\\/10\\\/vjzrxdvv4fq0p9bvdyki_6fa1656a-1e12-4a7b-a007-1d595aa5ebae.png\",\"datePublished\":\"2024-10-31T09:04:07+00:00\",\"dateModified\":\"2026-03-03T09:10:28+00:00\",\"description\":\"Umbra Ferris ehete hoidja Must - ideaalne kingitus sulle v\u00f5i s\u00f5brale. Valmistatud taastuvast puidust, mahutab kuni 33 s\u00f5rmust v\u00f5i k\u00f5rvar\u00f5ngast. Lisab ruumile kaasaegset v\u00f5lu.\",\"breadcrumb\":{\"@id\":\"https:\\\/\\\/www.talidesign.eu\\\/et\\\/pood\\\/toode\\\/umbra-ferris-ehete-hoidja-must\\\/#breadcrumb\"},\"inLanguage\":\"et\",\"potentialAction\":[{\"@type\":\"ReadAction\",\"target\":[\"https:\\\/\\\/www.talidesign.eu\\\/et\\\/pood\\\/toode\\\/umbra-ferris-ehete-hoidja-must\\\/\"]}]},{\"@type\":\"ImageObject\",\"inLanguage\":\"et\",\"@id\":\"https:\\\/\\\/www.talidesign.eu\\\/et\\\/pood\\\/toode\\\/umbra-ferris-ehete-hoidja-must\\\/#primaryimage\",\"url\":\"https:\\\/\\\/www.talidesign.eu\\\/wp\\\/wp-content\\\/uploads\\\/2024\\\/10\\\/vjzrxdvv4fq0p9bvdyki_6fa1656a-1e12-4a7b-a007-1d595aa5ebae.png\",\"contentUrl\":\"https:\\\/\\\/www.talidesign.eu\\\/wp\\\/wp-content\\\/uploads\\\/2024\\\/10\\\/vjzrxdvv4fq0p9bvdyki_6fa1656a-1e12-4a7b-a007-1d595aa5ebae.png\",\"width\":1900,\"height\":1900},{\"@type\":\"BreadcrumbList\",\"@id\":\"https:\\\/\\\/www.talidesign.eu\\\/et\\\/pood\\\/toode\\\/umbra-ferris-ehete-hoidja-must\\\/#breadcrumb\",\"itemListElement\":[{\"@type\":\"ListItem\",\"position\":1,\"name\":\"Avaleht\",\"item\":\"https:\\\/\\\/www.talidesign.eu\\\/et\\\/\"},{\"@type\":\"ListItem\",\"position\":2,\"name\":\"Pood\",\"item\":\"https:\\\/\\\/www.talidesign.eu\\\/et\\\/pood\\\/\"},{\"@type\":\"ListItem\",\"position\":3,\"name\":\"Umbra Ferris ehete hoidja Must\"}]},{\"@type\":\"WebSite\",\"@id\":\"https:\\\/\\\/www.talidesign.eu\\\/et\\\/#website\",\"url\":\"https:\\\/\\\/www.talidesign.eu\\\/et\\\/\",\"name\":\"TALI Concept Store\",\"description\":\"Suurim Disainipood Eestis\",\"potentialAction\":[{\"@type\":\"SearchAction\",\"target\":{\"@type\":\"EntryPoint\",\"urlTemplate\":\"https:\\\/\\\/www.talidesign.eu\\\/et\\\/?s={search_term_string}\"},\"query-input\":{\"@type\":\"PropertyValueSpecification\",\"valueRequired\":true,\"valueName\":\"search_term_string\"}}],\"inLanguage\":\"et\"}]}<\/script>\n<!-- \/ Yoast SEO plugin. -->","yoast_head_json":{"title":"Umbra Ferris ehete hoidja Must - TALI Concept Store","description":"Umbra Ferris ehete hoidja Must - ideaalne kingitus sulle v\u00f5i s\u00f5brale. Valmistatud taastuvast puidust, mahutab kuni 33 s\u00f5rmust v\u00f5i k\u00f5rvar\u00f5ngast. Lisab ruumile kaasaegset v\u00f5lu.","robots":{"index":"index","follow":"follow","max-snippet":"max-snippet:-1","max-image-preview":"max-image-preview:large","max-video-preview":"max-video-preview:-1"},"canonical":"https:\/\/www.talidesign.eu\/et\/pood\/toode\/umbra-ferris-ehete-hoidja-must\/","og_locale":"et_EE","og_type":"article","og_title":"Umbra Ferris ehete hoidja Must - TALI Concept Store","og_description":"Umbra Ferris ehete hoidja Must - ideaalne kingitus sulle v\u00f5i s\u00f5brale. Valmistatud taastuvast puidust, mahutab kuni 33 s\u00f5rmust v\u00f5i k\u00f5rvar\u00f5ngast. Lisab ruumile kaasaegset v\u00f5lu.","og_url":"https:\/\/www.talidesign.eu\/et\/pood\/toode\/umbra-ferris-ehete-hoidja-must\/","og_site_name":"TALI Concept Store","article_publisher":"https:\/\/www.facebook.com\/TaliDisain\/","article_modified_time":"2026-03-03T09:10:28+00:00","og_image":[{"width":1900,"height":1900,"url":"https:\/\/www.talidesign.eu\/wp\/wp-content\/uploads\/2024\/10\/vjzrxdvv4fq0p9bvdyki_6fa1656a-1e12-4a7b-a007-1d595aa5ebae.png","type":"image\/png"}],"twitter_card":"summary_large_image","twitter_misc":{"Est. reading time":"2 minutes"},"schema":{"@context":"https:\/\/schema.org","@graph":[{"@type":"WebPage","@id":"https:\/\/www.talidesign.eu\/et\/pood\/toode\/umbra-ferris-ehete-hoidja-must\/","url":"https:\/\/www.talidesign.eu\/et\/pood\/toode\/umbra-ferris-ehete-hoidja-must\/","name":"Umbra Ferris ehete hoidja Must - TALI Concept Store","isPartOf":{"@id":"https:\/\/www.talidesign.eu\/et\/#website"},"primaryImageOfPage":{"@id":"https:\/\/www.talidesign.eu\/et\/pood\/toode\/umbra-ferris-ehete-hoidja-must\/#primaryimage"},"image":{"@id":"https:\/\/www.talidesign.eu\/et\/pood\/toode\/umbra-ferris-ehete-hoidja-must\/#primaryimage"},"thumbnailUrl":"https:\/\/www.talidesign.eu\/wp\/wp-content\/uploads\/2024\/10\/vjzrxdvv4fq0p9bvdyki_6fa1656a-1e12-4a7b-a007-1d595aa5ebae.png","datePublished":"2024-10-31T09:04:07+00:00","dateModified":"2026-03-03T09:10:28+00:00","description":"Umbra Ferris ehete hoidja Must - ideaalne kingitus sulle v\u00f5i s\u00f5brale. Valmistatud taastuvast puidust, mahutab kuni 33 s\u00f5rmust v\u00f5i k\u00f5rvar\u00f5ngast. Lisab ruumile kaasaegset v\u00f5lu.","breadcrumb":{"@id":"https:\/\/www.talidesign.eu\/et\/pood\/toode\/umbra-ferris-ehete-hoidja-must\/#breadcrumb"},"inLanguage":"et","potentialAction":[{"@type":"ReadAction","target":["https:\/\/www.talidesign.eu\/et\/pood\/toode\/umbra-ferris-ehete-hoidja-must\/"]}]},{"@type":"ImageObject","inLanguage":"et","@id":"https:\/\/www.talidesign.eu\/et\/pood\/toode\/umbra-ferris-ehete-hoidja-must\/#primaryimage","url":"https:\/\/www.talidesign.eu\/wp\/wp-content\/uploads\/2024\/10\/vjzrxdvv4fq0p9bvdyki_6fa1656a-1e12-4a7b-a007-1d595aa5ebae.png","contentUrl":"https:\/\/www.talidesign.eu\/wp\/wp-content\/uploads\/2024\/10\/vjzrxdvv4fq0p9bvdyki_6fa1656a-1e12-4a7b-a007-1d595aa5ebae.png","width":1900,"height":1900},{"@type":"BreadcrumbList","@id":"https:\/\/www.talidesign.eu\/et\/pood\/toode\/umbra-ferris-ehete-hoidja-must\/#breadcrumb","itemListElement":[{"@type":"ListItem","position":1,"name":"Avaleht","item":"https:\/\/www.talidesign.eu\/et\/"},{"@type":"ListItem","position":2,"name":"Pood","item":"https:\/\/www.talidesign.eu\/et\/pood\/"},{"@type":"ListItem","position":3,"name":"Umbra Ferris ehete hoidja Must"}]},{"@type":"WebSite","@id":"https:\/\/www.talidesign.eu\/et\/#website","url":"https:\/\/www.talidesign.eu\/et\/","name":"TALI Concept Store","description":"Suurim Disainipood Eestis","potentialAction":[{"@type":"SearchAction","target":{"@type":"EntryPoint","urlTemplate":"https:\/\/www.talidesign.eu\/et\/?s={search_term_string}"},"query-input":{"@type":"PropertyValueSpecification","valueRequired":true,"valueName":"search_term_string"}}],"inLanguage":"et"}]}},"_links":{"self":[{"href":"https:\/\/www.talidesign.eu\/et\/wp-json\/wp\/v2\/product\/93395","targetHints":{"allow":["GET"]}}],"collection":[{"href":"https:\/\/www.talidesign.eu\/et\/wp-json\/wp\/v2\/product"}],"about":[{"href":"https:\/\/www.talidesign.eu\/et\/wp-json\/wp\/v2\/types\/product"}],"wp:featuredmedia":[{"embeddable":true,"href":"https:\/\/www.talidesign.eu\/et\/wp-json\/wp\/v2\/media\/93397"}],"wp:attachment":[{"href":"https:\/\/www.talidesign.eu\/et\/wp-json\/wp\/v2\/media?parent=93395"}],"wp:term":[{"taxonomy":"product_brand","embeddable":true,"href":"https:\/\/www.talidesign.eu\/et\/wp-json\/wp\/v2\/product_brand?post=93395"},{"taxonomy":"product_cat","embeddable":true,"href":"https:\/\/www.talidesign.eu\/et\/wp-json\/wp\/v2\/product_cat?post=93395"},{"taxonomy":"product_tag","embeddable":true,"href":"https:\/\/www.talidesign.eu\/et\/wp-json\/wp\/v2\/product_tag?post=93395"}],"curies":[{"name":"wp","href":"https:\/\/api.w.org\/{rel}","templated":true}]}}