{"id":93416,"date":"2024-11-12T11:18:25","date_gmt":"2024-10-31T09:18:25","guid":{"rendered":"https:\/\/www.talidesign.eu\/?post_type=product&#038;p=93416"},"modified":"2025-10-11T10:58:48","modified_gmt":"2025-10-11T07:58:48","slug":"umbra-mappit-seinakaart","status":"publish","type":"product","link":"https:\/\/www.talidesign.eu\/et\/pood\/toode\/umbra-mappit-seinakaart\/","title":{"rendered":"Umbra Mappit seinakaart"},"content":{"rendered":"<p><strong>Mappit seinakaart<\/strong><\/p>\n<p>Mappit on ideaalne ja mitmek\u00fclgne sisustusese, mis sobib elutuppa, k\u00f6\u00f6ki v\u00f5i lastetuppa. Valmistatud titaanviimistlusega metallist, on sellel kaardil magnetiline pind, kuhu saad kinnitada oma lemmikfotod otse kaardile. Kaardiga on kaasas kaksteist v\u00e4ikest magnetit \u2013 suurep\u00e4rane kingiidee, mis sobib igasse ruumi!<\/p>\n<ul>\n<li><strong>Reiside organiseerimine<\/strong><br \/>\nMetallist reljeefne seinakaart sisaldab 12 magnetit, millega saad m\u00e4rkida juba k\u00fclastatud paiku v\u00f5i planeeritavaid sihtkohti.<\/li>\n<li><strong>Lihtne paigaldada<\/strong><br \/>\nMappit on seinast veidi eemale t\u00f5stetud ja sisaldab paigaldusmalli ning seina liimkinnitusi, mis muudavad paigaldamise lihtsaks.<\/li>\n<li><strong>Silmapaistev seinakaunistus<\/strong><br \/>\nTitaanviimistlusega metallist Mappit annab su seinale julge ja modernse ilme.<\/li>\n<li><strong>Mitmek\u00fclgne ja ainulaadne<\/strong><br \/>\nMappit t\u00e4idab mitut funktsiooni \u2013 see toimib nii fotode hoidjana kui ka dekoratiivse seinakunstina, lisades igale ruumile oman\u00e4olist stiili.<\/li>\n<\/ul>\n<p>\u2022 Materjal: titaanviimistlusega metall<br \/>\n\u2022 Komplektis: 12 magnetit<br \/>\n\u2022 <a href=\"https:\/\/www.talidesign.eu\/et\/tootekategooria\/brandid\/umbra-et\/\">Br\u00e4nd Umbra<\/a><\/p>\n<p><strong>Meist<\/strong><\/p>\n<p>1979. aastal alguse saanud \u00fche lihtsa aknakardinaga s\u00fcndis Umbra kirest originaalse disaini ja taskukohase, kaasaegse stiili vastu. Kaasasutajad Les Mandelbaum ja Paul Rowan n\u00e4gid vajadust luua loomingulisi ja soodsaid tooteid, mis sobiksid igasse koju.<\/p>\n<p>T\u00e4naseks on Torontos, Kanadas asuv Umbra kasvanud rahvusvaheliseks disainiliidriks, tegutsedes enam kui 120 riigis ja omades esindusi Euroopas, P\u00f5hja- ja L\u00f5una-Ameerikas ning Aasias. Innovatsioonist kantuna toob meie rahvusvaheline disainitiim igap\u00e4evaesemetesse v\u00e4rsket loomingulisust ja uusi ideid, seades kaasaegsele disainile uusi standardeid.<\/p>\n<p><a href=\"https:\/\/www.talidesign.eu\/et\/tootekategooria\/brandid\/umbra-et\/\"><img loading=\"lazy\" decoding=\"async\" src=\"https:\/\/www.talidesign.eu\/wp\/wp-content\/uploads\/2024\/10\/umbralogo-1.jpg\" alt=\"\" width=\"500\" height=\"100\" class=\"alignnone size-full wp-image-93263\" \/><\/a><\/p>\n","protected":false},"excerpt":{"rendered":"<p><strong>Mappit seinakaart<\/strong><\/p>\n<p>Mappit on ideaalne ja mitmek\u00fclgne sisustusese, mis sobib elutuppa, k\u00f6\u00f6ki v\u00f5i lastetuppa. Valmistatud titaanviimistlusega metallist, on sellel kaardil magnetiline pind, kuhu saad kinnitada oma lemmikfotod otse kaardile. Kaardiga on kaasas kaksteist v\u00e4ikest magnetit \u2013 suurep\u00e4rane kingiidee, mis sobib igasse ruumi!<\/p>\n<ul>\n<li><strong>Reiside organiseerimine<\/strong><br \/>\nMetallist reljeefne seinakaart sisaldab 12 magnetit, millega saad m\u00e4rkida juba k\u00fclastatud paiku v\u00f5i planeeritavaid sihtkohti.<\/li>\n<li><strong>Lihtne paigaldada<\/strong><br \/>\nMappit on seinast veidi eemale t\u00f5stetud ja sisaldab paigaldusmalli ning seina liimkinnitusi, mis muudavad paigaldamise lihtsaks.<\/li>\n<li><strong>Silmapaistev seinakaunistus<\/strong><br \/>\nTitaanviimistlusega metallist Mappit annab su seinale julge ja modernse ilme.<\/li>\n<li><strong>Mitmek\u00fclgne ja ainulaadne<\/strong><br \/>\nMappit t\u00e4idab mitut funktsiooni \u2013 see toimib nii fotode hoidjana kui ka dekoratiivse seinakunstina, lisades igale ruumile oman\u00e4olist stiili.<\/li>\n<\/ul>\n<p>\u2022 Materjal: titaanviimistlusega metall<br \/>\n\u2022 Komplektis: 12 magnetit<br \/>\n\u2022 <a href=\"https:\/\/www.talidesign.eu\/et\/tootekategooria\/brandid\/umbra-et\/\">Br\u00e4nd Umbra<\/a><\/p>\n<p><strong>Meist<\/strong><\/p>\n<p>1979. aastal alguse saanud \u00fche lihtsa aknakardinaga s\u00fcndis Umbra kirest originaalse disaini ja taskukohase, kaasaegse stiili vastu. Kaasasutajad Les Mandelbaum ja Paul Rowan n\u00e4gid vajadust luua loomingulisi ja soodsaid tooteid, mis sobiksid igasse koju.<\/p>\n<p>T\u00e4naseks on Torontos, Kanadas asuv Umbra kasvanud rahvusvaheliseks disainiliidriks, tegutsedes enam kui 120 riigis ja omades esindusi Euroopas, P\u00f5hja- ja L\u00f5una-Ameerikas ning Aasias. Innovatsioonist kantuna toob meie rahvusvaheline disainitiim igap\u00e4evaesemetesse v\u00e4rsket loomingulisust ja uusi ideid, seades kaasaegsele disainile uusi standardeid.<\/p>\n<p><a href=\"https:\/\/www.talidesign.eu\/et\/tootekategooria\/brandid\/umbra-et\/\"><img loading=\"lazy\" decoding=\"async\" src=\"https:\/\/www.talidesign.eu\/wp\/wp-content\/uploads\/2024\/10\/umbralogo-1.jpg\" alt=\"\" width=\"500\" height=\"100\" class=\"alignnone size-full wp-image-93263\" \/><\/a><\/p>\n","protected":false},"featured_media":93428,"template":"","meta":[],"product_brand":[],"product_cat":[1177,1026,1018,1101,1111,3350],"product_tag":[3356],"class_list":{"0":"post-93416","1":"product","2":"type-product","3":"status-publish","4":"has-post-thumbnail","6":"product_cat-allahindlus","7":"product_cat-brandid","8":"product_cat-kodu","9":"product_cat-magamis-ja-elutuba","10":"product_cat-postrid","11":"product_cat-umbra-et","12":"product_tag-umbra-et","14":"first","15":"outofstock","16":"sale","17":"taxable","18":"shipping-taxable","19":"purchasable","20":"product-type-simple"},"yoast_head":"<!-- This site is optimized with the Yoast SEO plugin v27.3 - https:\/\/yoast.com\/product\/yoast-seo-wordpress\/ -->\n<title>Umbra Mappit seinakaart - TALI Concept Store<\/title>\n<meta name=\"description\" content=\"Avasta Mappit seinakaart - ideaalne sisustusese, mis lisab igale ruumile oman\u00e4olist stiili. Magnetiline pind ja 12 magnetit v\u00f5imaldavad m\u00e4rkida k\u00fclastatud v\u00f5i planeeritavaid sihtkohti.\" \/>\n<meta name=\"robots\" content=\"index, follow, max-snippet:-1, max-image-preview:large, max-video-preview:-1\" \/>\n<link rel=\"canonical\" href=\"https:\/\/www.talidesign.eu\/et\/pood\/toode\/umbra-mappit-seinakaart\/\" \/>\n<meta property=\"og:locale\" content=\"et_EE\" \/>\n<meta property=\"og:type\" content=\"article\" \/>\n<meta property=\"og:title\" content=\"Umbra Mappit seinakaart - TALI Concept Store\" \/>\n<meta property=\"og:description\" content=\"Avasta Mappit seinakaart - ideaalne sisustusese, mis lisab igale ruumile oman\u00e4olist stiili. Magnetiline pind ja 12 magnetit v\u00f5imaldavad m\u00e4rkida k\u00fclastatud v\u00f5i planeeritavaid sihtkohti.\" \/>\n<meta property=\"og:url\" content=\"https:\/\/www.talidesign.eu\/et\/pood\/toode\/umbra-mappit-seinakaart\/\" \/>\n<meta property=\"og:site_name\" content=\"TALI Concept Store\" \/>\n<meta property=\"article:publisher\" content=\"https:\/\/www.facebook.com\/TaliDisain\/\" \/>\n<meta property=\"article:modified_time\" content=\"2025-10-11T07:58:48+00:00\" \/>\n<meta property=\"og:image\" content=\"https:\/\/www.talidesign.eu\/wp\/wp-content\/uploads\/2024\/10\/qaboxzmko0ccjgewydhb-1.jpeg\" \/>\n\t<meta property=\"og:image:width\" content=\"1200\" \/>\n\t<meta property=\"og:image:height\" content=\"1200\" \/>\n\t<meta property=\"og:image:type\" content=\"image\/jpeg\" \/>\n<meta name=\"twitter:card\" content=\"summary_large_image\" \/>\n<meta name=\"twitter:label1\" content=\"Est. reading time\" \/>\n\t<meta name=\"twitter:data1\" content=\"2 minutes\" \/>\n<script type=\"application\/ld+json\" class=\"yoast-schema-graph\">{\"@context\":\"https:\\\/\\\/schema.org\",\"@graph\":[{\"@type\":\"WebPage\",\"@id\":\"https:\\\/\\\/www.talidesign.eu\\\/et\\\/pood\\\/toode\\\/umbra-mappit-seinakaart\\\/\",\"url\":\"https:\\\/\\\/www.talidesign.eu\\\/et\\\/pood\\\/toode\\\/umbra-mappit-seinakaart\\\/\",\"name\":\"Umbra Mappit seinakaart - TALI Concept Store\",\"isPartOf\":{\"@id\":\"https:\\\/\\\/www.talidesign.eu\\\/et\\\/#website\"},\"primaryImageOfPage\":{\"@id\":\"https:\\\/\\\/www.talidesign.eu\\\/et\\\/pood\\\/toode\\\/umbra-mappit-seinakaart\\\/#primaryimage\"},\"image\":{\"@id\":\"https:\\\/\\\/www.talidesign.eu\\\/et\\\/pood\\\/toode\\\/umbra-mappit-seinakaart\\\/#primaryimage\"},\"thumbnailUrl\":\"https:\\\/\\\/www.talidesign.eu\\\/wp\\\/wp-content\\\/uploads\\\/2024\\\/10\\\/qaboxzmko0ccjgewydhb-1.jpeg\",\"datePublished\":\"2024-10-31T09:18:25+00:00\",\"dateModified\":\"2025-10-11T07:58:48+00:00\",\"description\":\"Avasta Mappit seinakaart - ideaalne sisustusese, mis lisab igale ruumile oman\u00e4olist stiili. Magnetiline pind ja 12 magnetit v\u00f5imaldavad m\u00e4rkida k\u00fclastatud v\u00f5i planeeritavaid sihtkohti.\",\"breadcrumb\":{\"@id\":\"https:\\\/\\\/www.talidesign.eu\\\/et\\\/pood\\\/toode\\\/umbra-mappit-seinakaart\\\/#breadcrumb\"},\"inLanguage\":\"et\",\"potentialAction\":[{\"@type\":\"ReadAction\",\"target\":[\"https:\\\/\\\/www.talidesign.eu\\\/et\\\/pood\\\/toode\\\/umbra-mappit-seinakaart\\\/\"]}]},{\"@type\":\"ImageObject\",\"inLanguage\":\"et\",\"@id\":\"https:\\\/\\\/www.talidesign.eu\\\/et\\\/pood\\\/toode\\\/umbra-mappit-seinakaart\\\/#primaryimage\",\"url\":\"https:\\\/\\\/www.talidesign.eu\\\/wp\\\/wp-content\\\/uploads\\\/2024\\\/10\\\/qaboxzmko0ccjgewydhb-1.jpeg\",\"contentUrl\":\"https:\\\/\\\/www.talidesign.eu\\\/wp\\\/wp-content\\\/uploads\\\/2024\\\/10\\\/qaboxzmko0ccjgewydhb-1.jpeg\",\"width\":1200,\"height\":1200},{\"@type\":\"BreadcrumbList\",\"@id\":\"https:\\\/\\\/www.talidesign.eu\\\/et\\\/pood\\\/toode\\\/umbra-mappit-seinakaart\\\/#breadcrumb\",\"itemListElement\":[{\"@type\":\"ListItem\",\"position\":1,\"name\":\"Avaleht\",\"item\":\"https:\\\/\\\/www.talidesign.eu\\\/et\\\/\"},{\"@type\":\"ListItem\",\"position\":2,\"name\":\"Pood\",\"item\":\"https:\\\/\\\/www.talidesign.eu\\\/et\\\/pood\\\/\"},{\"@type\":\"ListItem\",\"position\":3,\"name\":\"Umbra Mappit seinakaart\"}]},{\"@type\":\"WebSite\",\"@id\":\"https:\\\/\\\/www.talidesign.eu\\\/et\\\/#website\",\"url\":\"https:\\\/\\\/www.talidesign.eu\\\/et\\\/\",\"name\":\"TALI Concept Store\",\"description\":\"Suurim Disainipood Eestis\",\"potentialAction\":[{\"@type\":\"SearchAction\",\"target\":{\"@type\":\"EntryPoint\",\"urlTemplate\":\"https:\\\/\\\/www.talidesign.eu\\\/et\\\/?s={search_term_string}\"},\"query-input\":{\"@type\":\"PropertyValueSpecification\",\"valueRequired\":true,\"valueName\":\"search_term_string\"}}],\"inLanguage\":\"et\"}]}<\/script>\n<!-- \/ Yoast SEO plugin. -->","yoast_head_json":{"title":"Umbra Mappit seinakaart - TALI Concept Store","description":"Avasta Mappit seinakaart - ideaalne sisustusese, mis lisab igale ruumile oman\u00e4olist stiili. Magnetiline pind ja 12 magnetit v\u00f5imaldavad m\u00e4rkida k\u00fclastatud v\u00f5i planeeritavaid sihtkohti.","robots":{"index":"index","follow":"follow","max-snippet":"max-snippet:-1","max-image-preview":"max-image-preview:large","max-video-preview":"max-video-preview:-1"},"canonical":"https:\/\/www.talidesign.eu\/et\/pood\/toode\/umbra-mappit-seinakaart\/","og_locale":"et_EE","og_type":"article","og_title":"Umbra Mappit seinakaart - TALI Concept Store","og_description":"Avasta Mappit seinakaart - ideaalne sisustusese, mis lisab igale ruumile oman\u00e4olist stiili. Magnetiline pind ja 12 magnetit v\u00f5imaldavad m\u00e4rkida k\u00fclastatud v\u00f5i planeeritavaid sihtkohti.","og_url":"https:\/\/www.talidesign.eu\/et\/pood\/toode\/umbra-mappit-seinakaart\/","og_site_name":"TALI Concept Store","article_publisher":"https:\/\/www.facebook.com\/TaliDisain\/","article_modified_time":"2025-10-11T07:58:48+00:00","og_image":[{"width":1200,"height":1200,"url":"https:\/\/www.talidesign.eu\/wp\/wp-content\/uploads\/2024\/10\/qaboxzmko0ccjgewydhb-1.jpeg","type":"image\/jpeg"}],"twitter_card":"summary_large_image","twitter_misc":{"Est. reading time":"2 minutes"},"schema":{"@context":"https:\/\/schema.org","@graph":[{"@type":"WebPage","@id":"https:\/\/www.talidesign.eu\/et\/pood\/toode\/umbra-mappit-seinakaart\/","url":"https:\/\/www.talidesign.eu\/et\/pood\/toode\/umbra-mappit-seinakaart\/","name":"Umbra Mappit seinakaart - TALI Concept Store","isPartOf":{"@id":"https:\/\/www.talidesign.eu\/et\/#website"},"primaryImageOfPage":{"@id":"https:\/\/www.talidesign.eu\/et\/pood\/toode\/umbra-mappit-seinakaart\/#primaryimage"},"image":{"@id":"https:\/\/www.talidesign.eu\/et\/pood\/toode\/umbra-mappit-seinakaart\/#primaryimage"},"thumbnailUrl":"https:\/\/www.talidesign.eu\/wp\/wp-content\/uploads\/2024\/10\/qaboxzmko0ccjgewydhb-1.jpeg","datePublished":"2024-10-31T09:18:25+00:00","dateModified":"2025-10-11T07:58:48+00:00","description":"Avasta Mappit seinakaart - ideaalne sisustusese, mis lisab igale ruumile oman\u00e4olist stiili. Magnetiline pind ja 12 magnetit v\u00f5imaldavad m\u00e4rkida k\u00fclastatud v\u00f5i planeeritavaid sihtkohti.","breadcrumb":{"@id":"https:\/\/www.talidesign.eu\/et\/pood\/toode\/umbra-mappit-seinakaart\/#breadcrumb"},"inLanguage":"et","potentialAction":[{"@type":"ReadAction","target":["https:\/\/www.talidesign.eu\/et\/pood\/toode\/umbra-mappit-seinakaart\/"]}]},{"@type":"ImageObject","inLanguage":"et","@id":"https:\/\/www.talidesign.eu\/et\/pood\/toode\/umbra-mappit-seinakaart\/#primaryimage","url":"https:\/\/www.talidesign.eu\/wp\/wp-content\/uploads\/2024\/10\/qaboxzmko0ccjgewydhb-1.jpeg","contentUrl":"https:\/\/www.talidesign.eu\/wp\/wp-content\/uploads\/2024\/10\/qaboxzmko0ccjgewydhb-1.jpeg","width":1200,"height":1200},{"@type":"BreadcrumbList","@id":"https:\/\/www.talidesign.eu\/et\/pood\/toode\/umbra-mappit-seinakaart\/#breadcrumb","itemListElement":[{"@type":"ListItem","position":1,"name":"Avaleht","item":"https:\/\/www.talidesign.eu\/et\/"},{"@type":"ListItem","position":2,"name":"Pood","item":"https:\/\/www.talidesign.eu\/et\/pood\/"},{"@type":"ListItem","position":3,"name":"Umbra Mappit seinakaart"}]},{"@type":"WebSite","@id":"https:\/\/www.talidesign.eu\/et\/#website","url":"https:\/\/www.talidesign.eu\/et\/","name":"TALI Concept Store","description":"Suurim Disainipood Eestis","potentialAction":[{"@type":"SearchAction","target":{"@type":"EntryPoint","urlTemplate":"https:\/\/www.talidesign.eu\/et\/?s={search_term_string}"},"query-input":{"@type":"PropertyValueSpecification","valueRequired":true,"valueName":"search_term_string"}}],"inLanguage":"et"}]}},"_links":{"self":[{"href":"https:\/\/www.talidesign.eu\/et\/wp-json\/wp\/v2\/product\/93416","targetHints":{"allow":["GET"]}}],"collection":[{"href":"https:\/\/www.talidesign.eu\/et\/wp-json\/wp\/v2\/product"}],"about":[{"href":"https:\/\/www.talidesign.eu\/et\/wp-json\/wp\/v2\/types\/product"}],"wp:featuredmedia":[{"embeddable":true,"href":"https:\/\/www.talidesign.eu\/et\/wp-json\/wp\/v2\/media\/93428"}],"wp:attachment":[{"href":"https:\/\/www.talidesign.eu\/et\/wp-json\/wp\/v2\/media?parent=93416"}],"wp:term":[{"taxonomy":"product_brand","embeddable":true,"href":"https:\/\/www.talidesign.eu\/et\/wp-json\/wp\/v2\/product_brand?post=93416"},{"taxonomy":"product_cat","embeddable":true,"href":"https:\/\/www.talidesign.eu\/et\/wp-json\/wp\/v2\/product_cat?post=93416"},{"taxonomy":"product_tag","embeddable":true,"href":"https:\/\/www.talidesign.eu\/et\/wp-json\/wp\/v2\/product_tag?post=93416"}],"curies":[{"name":"wp","href":"https:\/\/api.w.org\/{rel}","templated":true}]}}