{"id":93430,"date":"2024-11-12T11:30:34","date_gmt":"2024-10-31T09:30:34","guid":{"rendered":"https:\/\/www.talidesign.eu\/?post_type=product&#038;p=93430"},"modified":"2025-12-16T10:17:57","modified_gmt":"2025-12-16T08:17:57","slug":"umbra-junip-hambaharja-tops-must","status":"publish","type":"product","link":"https:\/\/www.talidesign.eu\/et\/pood\/toode\/umbra-junip-hambaharja-tops-must\/","title":{"rendered":"Umbra Junip hambaharja tops Must"},"content":{"rendered":"<p><strong>Junip hambaharja tops Must<\/strong><\/p>\n<p>Junip tops kuulub apteekripudelitest inspireeritud stiilsesse kollektsiooni. Umbra ja Gensleri loodud Junip \u00fchendab klassikalise apteekriesteetika ja t\u00e4nap\u00e4evase funktsionaalsuse \u2013 topsil on meeldivalt raske kaal, pehmed \u00fcmarad jooned ja matt viimistlus, mis meenutab sileda kivikese pinda. <\/p>\n<ul>\n<li><strong>Kaasaegne, matt tops<\/strong><br \/>\nJunip topsil on meeldiv raskus, \u00fcmarad jooned ja matt viimistlus, mis tundub katsudes nagu sile kivike.<\/li>\n<li><strong>Mitmek\u00fclgne kasutus<\/strong><br \/>\nJunip tops sobib h\u00e4sti erinevate vannitoatarvikute, n\u00e4iteks hambaharjade ja meigipintslite hoidmiseks.<\/li>\n<li><strong>Umbra X Gensler koost\u00f6\u00f6<\/strong><br \/>\nGensler, maailma juhtiv koost\u00f6\u00f6p\u00f5hine disainifirma, l\u00f5i koos Umbraga kaks apteekritest inspireeritud vannitoakollektsiooni, et vastata luksushotellide vannitoatarvikute kvaliteedin\u00f5udlusele.<\/li>\n<li><strong>Apteekritest inspireeritud disain<\/strong><br \/>\nJunipi kollektsioonil on m\u00f5nus raskus, v\u00e4rske matt viimistlus ja kroomitud detailid, tuues vannituppa kaasaegse elegantsi.<\/li>\n<\/ul>\n<p>\u2022 M\u00f5\u00f5dud: 7 x 7 x 10 cm<br \/>\n\u2022 Materjal: vaik, matt viimistlus<br \/>\n\u2022 <a href=\"\/et\/tootekategooria\/brandid\/umbra-et\/\">Br\u00e4nd Umbra<\/a><\/p>\n<p><strong>Meist<\/strong><\/p>\n<p>1979. aastal alguse saanud \u00fche lihtsa aknakardinaga s\u00fcndis Umbra kirest originaalse disaini ja taskukohase, kaasaegse stiili vastu. Kaasasutajad Les Mandelbaum ja Paul Rowan n\u00e4gid vajadust luua loomingulisi ja soodsaid tooteid, mis sobiksid igasse koju.<\/p>\n<p>T\u00e4naseks on Torontos, Kanadas asuv Umbra kasvanud rahvusvaheliseks disainiliidriks, tegutsedes enam kui 120 riigis ja omades esindusi Euroopas, P\u00f5hja- ja L\u00f5una-Ameerikas ning Aasias. Innovatsioonist kantuna toob meie rahvusvaheline disainitiim igap\u00e4evaesemetesse v\u00e4rsket loomingulisust ja uusi ideid, seades kaasaegsele disainile uusi standardeid.<\/p>\n<p><a href=\"\/et\/tootekategooria\/brandid\/umbra-et\/\"><img loading=\"lazy\" decoding=\"async\" src=\"https:\/\/www.talidesign.eu\/wp\/wp-content\/uploads\/2024\/10\/umbralogo-1.jpg\" alt=\"\" width=\"500\" height=\"100\" class=\"alignnone size-full wp-image-93263\" \/><\/a><\/p>\n","protected":false},"excerpt":{"rendered":"<p><strong>Junip hambaharja tops Must<\/strong><\/p>\n<p>Junip tops kuulub apteekripudelitest inspireeritud stiilsesse kollektsiooni. Umbra ja Gensleri loodud Junip \u00fchendab klassikalise apteekriesteetika ja t\u00e4nap\u00e4evase funktsionaalsuse \u2013 topsil on meeldivalt raske kaal, pehmed \u00fcmarad jooned ja matt viimistlus, mis meenutab sileda kivikese pinda. <\/p>\n<ul>\n<li><strong>Kaasaegne, matt tops<\/strong><br \/>\nJunip topsil on meeldiv raskus, \u00fcmarad jooned ja matt viimistlus, mis tundub katsudes nagu sile kivike.<\/li>\n<li><strong>Mitmek\u00fclgne kasutus<\/strong><br \/>\nJunip tops sobib h\u00e4sti erinevate vannitoatarvikute, n\u00e4iteks hambaharjade ja meigipintslite hoidmiseks.<\/li>\n<li><strong>Umbra X Gensler koost\u00f6\u00f6<\/strong><br \/>\nGensler, maailma juhtiv koost\u00f6\u00f6p\u00f5hine disainifirma, l\u00f5i koos Umbraga kaks apteekritest inspireeritud vannitoakollektsiooni, et vastata luksushotellide vannitoatarvikute kvaliteedin\u00f5udlusele.<\/li>\n<li><strong>Apteekritest inspireeritud disain<\/strong><br \/>\nJunipi kollektsioonil on m\u00f5nus raskus, v\u00e4rske matt viimistlus ja kroomitud detailid, tuues vannituppa kaasaegse elegantsi.<\/li>\n<\/ul>\n<p>\u2022 M\u00f5\u00f5dud: 7 x 7 x 10 cm<br \/>\n\u2022 Materjal: vaik, matt viimistlus<br \/>\n\u2022 <a href=\"\/et\/tootekategooria\/brandid\/umbra-et\/\">Br\u00e4nd Umbra<\/a><\/p>\n<p><strong>Meist<\/strong><\/p>\n<p>1979. aastal alguse saanud \u00fche lihtsa aknakardinaga s\u00fcndis Umbra kirest originaalse disaini ja taskukohase, kaasaegse stiili vastu. Kaasasutajad Les Mandelbaum ja Paul Rowan n\u00e4gid vajadust luua loomingulisi ja soodsaid tooteid, mis sobiksid igasse koju.<\/p>\n<p>T\u00e4naseks on Torontos, Kanadas asuv Umbra kasvanud rahvusvaheliseks disainiliidriks, tegutsedes enam kui 120 riigis ja omades esindusi Euroopas, P\u00f5hja- ja L\u00f5una-Ameerikas ning Aasias. Innovatsioonist kantuna toob meie rahvusvaheline disainitiim igap\u00e4evaesemetesse v\u00e4rsket loomingulisust ja uusi ideid, seades kaasaegsele disainile uusi standardeid.<\/p>\n<p><a href=\"\/et\/tootekategooria\/brandid\/umbra-et\/\"><img loading=\"lazy\" decoding=\"async\" src=\"https:\/\/www.talidesign.eu\/wp\/wp-content\/uploads\/2024\/10\/umbralogo-1.jpg\" alt=\"\" width=\"500\" height=\"100\" class=\"alignnone size-full wp-image-93263\" \/><\/a><\/p>\n","protected":false},"featured_media":93432,"template":"","meta":[],"product_brand":[],"product_cat":[1026,1018,3350,1100],"product_tag":[3356],"class_list":{"0":"post-93430","1":"product","2":"type-product","3":"status-publish","4":"has-post-thumbnail","6":"product_cat-brandid","7":"product_cat-kodu","8":"product_cat-umbra-et","9":"product_cat-vannituba","10":"product_tag-umbra-et","12":"first","13":"instock","14":"taxable","15":"shipping-taxable","16":"purchasable","17":"product-type-simple"},"yoast_head":"<!-- This site is optimized with the Yoast SEO plugin v27.3 - https:\/\/yoast.com\/product\/yoast-seo-wordpress\/ -->\n<title>Umbra Junip hambaharja tops Must - TALI Concept Store<\/title>\n<meta name=\"description\" content=\"Umbra Junip hambaharja tops Must - Kaasaegne, matt viimistlusega tops, mis sobib erinevate vannitoatarvikute hoidmiseks. Apteekritest inspireeritud disain. Br\u00e4nd Umbra.\" \/>\n<meta name=\"robots\" content=\"index, follow, max-snippet:-1, max-image-preview:large, max-video-preview:-1\" \/>\n<link rel=\"canonical\" href=\"https:\/\/www.talidesign.eu\/et\/pood\/toode\/umbra-junip-hambaharja-tops-must\/\" \/>\n<meta property=\"og:locale\" content=\"et_EE\" \/>\n<meta property=\"og:type\" content=\"article\" \/>\n<meta property=\"og:title\" content=\"Umbra Junip hambaharja tops Must - TALI Concept Store\" \/>\n<meta property=\"og:description\" content=\"Umbra Junip hambaharja tops Must - Kaasaegne, matt viimistlusega tops, mis sobib erinevate vannitoatarvikute hoidmiseks. Apteekritest inspireeritud disain. Br\u00e4nd Umbra.\" \/>\n<meta property=\"og:url\" content=\"https:\/\/www.talidesign.eu\/et\/pood\/toode\/umbra-junip-hambaharja-tops-must\/\" \/>\n<meta property=\"og:site_name\" content=\"TALI Concept Store\" \/>\n<meta property=\"article:publisher\" content=\"https:\/\/www.facebook.com\/TaliDisain\/\" \/>\n<meta property=\"article:modified_time\" content=\"2025-12-16T08:17:57+00:00\" \/>\n<meta property=\"og:image\" content=\"https:\/\/www.talidesign.eu\/wp\/wp-content\/uploads\/2024\/10\/aadnhvxoqymc9qacjdbj.jpeg\" \/>\n\t<meta property=\"og:image:width\" content=\"1900\" \/>\n\t<meta property=\"og:image:height\" content=\"1900\" \/>\n\t<meta property=\"og:image:type\" content=\"image\/jpeg\" \/>\n<meta name=\"twitter:card\" content=\"summary_large_image\" \/>\n<meta name=\"twitter:label1\" content=\"Est. reading time\" \/>\n\t<meta name=\"twitter:data1\" content=\"2 minutes\" \/>\n<script type=\"application\/ld+json\" class=\"yoast-schema-graph\">{\"@context\":\"https:\\\/\\\/schema.org\",\"@graph\":[{\"@type\":\"WebPage\",\"@id\":\"https:\\\/\\\/www.talidesign.eu\\\/et\\\/pood\\\/toode\\\/umbra-junip-hambaharja-tops-must\\\/\",\"url\":\"https:\\\/\\\/www.talidesign.eu\\\/et\\\/pood\\\/toode\\\/umbra-junip-hambaharja-tops-must\\\/\",\"name\":\"Umbra Junip hambaharja tops Must - TALI Concept Store\",\"isPartOf\":{\"@id\":\"https:\\\/\\\/www.talidesign.eu\\\/et\\\/#website\"},\"primaryImageOfPage\":{\"@id\":\"https:\\\/\\\/www.talidesign.eu\\\/et\\\/pood\\\/toode\\\/umbra-junip-hambaharja-tops-must\\\/#primaryimage\"},\"image\":{\"@id\":\"https:\\\/\\\/www.talidesign.eu\\\/et\\\/pood\\\/toode\\\/umbra-junip-hambaharja-tops-must\\\/#primaryimage\"},\"thumbnailUrl\":\"https:\\\/\\\/www.talidesign.eu\\\/wp\\\/wp-content\\\/uploads\\\/2024\\\/10\\\/aadnhvxoqymc9qacjdbj.jpeg\",\"datePublished\":\"2024-10-31T09:30:34+00:00\",\"dateModified\":\"2025-12-16T08:17:57+00:00\",\"description\":\"Umbra Junip hambaharja tops Must - Kaasaegne, matt viimistlusega tops, mis sobib erinevate vannitoatarvikute hoidmiseks. Apteekritest inspireeritud disain. Br\u00e4nd Umbra.\",\"breadcrumb\":{\"@id\":\"https:\\\/\\\/www.talidesign.eu\\\/et\\\/pood\\\/toode\\\/umbra-junip-hambaharja-tops-must\\\/#breadcrumb\"},\"inLanguage\":\"et\",\"potentialAction\":[{\"@type\":\"ReadAction\",\"target\":[\"https:\\\/\\\/www.talidesign.eu\\\/et\\\/pood\\\/toode\\\/umbra-junip-hambaharja-tops-must\\\/\"]}]},{\"@type\":\"ImageObject\",\"inLanguage\":\"et\",\"@id\":\"https:\\\/\\\/www.talidesign.eu\\\/et\\\/pood\\\/toode\\\/umbra-junip-hambaharja-tops-must\\\/#primaryimage\",\"url\":\"https:\\\/\\\/www.talidesign.eu\\\/wp\\\/wp-content\\\/uploads\\\/2024\\\/10\\\/aadnhvxoqymc9qacjdbj.jpeg\",\"contentUrl\":\"https:\\\/\\\/www.talidesign.eu\\\/wp\\\/wp-content\\\/uploads\\\/2024\\\/10\\\/aadnhvxoqymc9qacjdbj.jpeg\",\"width\":1900,\"height\":1900},{\"@type\":\"BreadcrumbList\",\"@id\":\"https:\\\/\\\/www.talidesign.eu\\\/et\\\/pood\\\/toode\\\/umbra-junip-hambaharja-tops-must\\\/#breadcrumb\",\"itemListElement\":[{\"@type\":\"ListItem\",\"position\":1,\"name\":\"Avaleht\",\"item\":\"https:\\\/\\\/www.talidesign.eu\\\/et\\\/\"},{\"@type\":\"ListItem\",\"position\":2,\"name\":\"Pood\",\"item\":\"https:\\\/\\\/www.talidesign.eu\\\/et\\\/pood\\\/\"},{\"@type\":\"ListItem\",\"position\":3,\"name\":\"Umbra Junip hambaharja tops Must\"}]},{\"@type\":\"WebSite\",\"@id\":\"https:\\\/\\\/www.talidesign.eu\\\/et\\\/#website\",\"url\":\"https:\\\/\\\/www.talidesign.eu\\\/et\\\/\",\"name\":\"TALI Concept Store\",\"description\":\"Suurim Disainipood Eestis\",\"potentialAction\":[{\"@type\":\"SearchAction\",\"target\":{\"@type\":\"EntryPoint\",\"urlTemplate\":\"https:\\\/\\\/www.talidesign.eu\\\/et\\\/?s={search_term_string}\"},\"query-input\":{\"@type\":\"PropertyValueSpecification\",\"valueRequired\":true,\"valueName\":\"search_term_string\"}}],\"inLanguage\":\"et\"}]}<\/script>\n<!-- \/ Yoast SEO plugin. -->","yoast_head_json":{"title":"Umbra Junip hambaharja tops Must - TALI Concept Store","description":"Umbra Junip hambaharja tops Must - Kaasaegne, matt viimistlusega tops, mis sobib erinevate vannitoatarvikute hoidmiseks. Apteekritest inspireeritud disain. Br\u00e4nd Umbra.","robots":{"index":"index","follow":"follow","max-snippet":"max-snippet:-1","max-image-preview":"max-image-preview:large","max-video-preview":"max-video-preview:-1"},"canonical":"https:\/\/www.talidesign.eu\/et\/pood\/toode\/umbra-junip-hambaharja-tops-must\/","og_locale":"et_EE","og_type":"article","og_title":"Umbra Junip hambaharja tops Must - TALI Concept Store","og_description":"Umbra Junip hambaharja tops Must - Kaasaegne, matt viimistlusega tops, mis sobib erinevate vannitoatarvikute hoidmiseks. Apteekritest inspireeritud disain. Br\u00e4nd Umbra.","og_url":"https:\/\/www.talidesign.eu\/et\/pood\/toode\/umbra-junip-hambaharja-tops-must\/","og_site_name":"TALI Concept Store","article_publisher":"https:\/\/www.facebook.com\/TaliDisain\/","article_modified_time":"2025-12-16T08:17:57+00:00","og_image":[{"width":1900,"height":1900,"url":"https:\/\/www.talidesign.eu\/wp\/wp-content\/uploads\/2024\/10\/aadnhvxoqymc9qacjdbj.jpeg","type":"image\/jpeg"}],"twitter_card":"summary_large_image","twitter_misc":{"Est. reading time":"2 minutes"},"schema":{"@context":"https:\/\/schema.org","@graph":[{"@type":"WebPage","@id":"https:\/\/www.talidesign.eu\/et\/pood\/toode\/umbra-junip-hambaharja-tops-must\/","url":"https:\/\/www.talidesign.eu\/et\/pood\/toode\/umbra-junip-hambaharja-tops-must\/","name":"Umbra Junip hambaharja tops Must - TALI Concept Store","isPartOf":{"@id":"https:\/\/www.talidesign.eu\/et\/#website"},"primaryImageOfPage":{"@id":"https:\/\/www.talidesign.eu\/et\/pood\/toode\/umbra-junip-hambaharja-tops-must\/#primaryimage"},"image":{"@id":"https:\/\/www.talidesign.eu\/et\/pood\/toode\/umbra-junip-hambaharja-tops-must\/#primaryimage"},"thumbnailUrl":"https:\/\/www.talidesign.eu\/wp\/wp-content\/uploads\/2024\/10\/aadnhvxoqymc9qacjdbj.jpeg","datePublished":"2024-10-31T09:30:34+00:00","dateModified":"2025-12-16T08:17:57+00:00","description":"Umbra Junip hambaharja tops Must - Kaasaegne, matt viimistlusega tops, mis sobib erinevate vannitoatarvikute hoidmiseks. Apteekritest inspireeritud disain. Br\u00e4nd Umbra.","breadcrumb":{"@id":"https:\/\/www.talidesign.eu\/et\/pood\/toode\/umbra-junip-hambaharja-tops-must\/#breadcrumb"},"inLanguage":"et","potentialAction":[{"@type":"ReadAction","target":["https:\/\/www.talidesign.eu\/et\/pood\/toode\/umbra-junip-hambaharja-tops-must\/"]}]},{"@type":"ImageObject","inLanguage":"et","@id":"https:\/\/www.talidesign.eu\/et\/pood\/toode\/umbra-junip-hambaharja-tops-must\/#primaryimage","url":"https:\/\/www.talidesign.eu\/wp\/wp-content\/uploads\/2024\/10\/aadnhvxoqymc9qacjdbj.jpeg","contentUrl":"https:\/\/www.talidesign.eu\/wp\/wp-content\/uploads\/2024\/10\/aadnhvxoqymc9qacjdbj.jpeg","width":1900,"height":1900},{"@type":"BreadcrumbList","@id":"https:\/\/www.talidesign.eu\/et\/pood\/toode\/umbra-junip-hambaharja-tops-must\/#breadcrumb","itemListElement":[{"@type":"ListItem","position":1,"name":"Avaleht","item":"https:\/\/www.talidesign.eu\/et\/"},{"@type":"ListItem","position":2,"name":"Pood","item":"https:\/\/www.talidesign.eu\/et\/pood\/"},{"@type":"ListItem","position":3,"name":"Umbra Junip hambaharja tops Must"}]},{"@type":"WebSite","@id":"https:\/\/www.talidesign.eu\/et\/#website","url":"https:\/\/www.talidesign.eu\/et\/","name":"TALI Concept Store","description":"Suurim Disainipood Eestis","potentialAction":[{"@type":"SearchAction","target":{"@type":"EntryPoint","urlTemplate":"https:\/\/www.talidesign.eu\/et\/?s={search_term_string}"},"query-input":{"@type":"PropertyValueSpecification","valueRequired":true,"valueName":"search_term_string"}}],"inLanguage":"et"}]}},"_links":{"self":[{"href":"https:\/\/www.talidesign.eu\/et\/wp-json\/wp\/v2\/product\/93430","targetHints":{"allow":["GET"]}}],"collection":[{"href":"https:\/\/www.talidesign.eu\/et\/wp-json\/wp\/v2\/product"}],"about":[{"href":"https:\/\/www.talidesign.eu\/et\/wp-json\/wp\/v2\/types\/product"}],"wp:featuredmedia":[{"embeddable":true,"href":"https:\/\/www.talidesign.eu\/et\/wp-json\/wp\/v2\/media\/93432"}],"wp:attachment":[{"href":"https:\/\/www.talidesign.eu\/et\/wp-json\/wp\/v2\/media?parent=93430"}],"wp:term":[{"taxonomy":"product_brand","embeddable":true,"href":"https:\/\/www.talidesign.eu\/et\/wp-json\/wp\/v2\/product_brand?post=93430"},{"taxonomy":"product_cat","embeddable":true,"href":"https:\/\/www.talidesign.eu\/et\/wp-json\/wp\/v2\/product_cat?post=93430"},{"taxonomy":"product_tag","embeddable":true,"href":"https:\/\/www.talidesign.eu\/et\/wp-json\/wp\/v2\/product_tag?post=93430"}],"curies":[{"name":"wp","href":"https:\/\/api.w.org\/{rel}","templated":true}]}}