{"id":93443,"date":"2024-11-12T11:52:59","date_gmt":"2024-10-31T09:52:59","guid":{"rendered":"https:\/\/www.talidesign.eu\/?post_type=product&#038;p=93443"},"modified":"2026-04-16T17:58:26","modified_gmt":"2026-04-16T14:58:26","slug":"umbra-junip-seebialus-must","status":"publish","type":"product","link":"https:\/\/www.talidesign.eu\/et\/pood\/toode\/umbra-junip-seebialus-must\/","title":{"rendered":"Umbra Junip seebialus Must"},"content":{"rendered":"<p><strong>Junip seebialus Must<\/strong><\/p>\n<p>Junip seebialus on osa apteekri-inspiratsiooniga Junip kollektsioonist, mis on loodud koost\u00f6\u00f6s Gensleriga \u2013 maailma juhtiva koost\u00f6\u00f6p\u00f5hise disainifirmaga. Junip kollektsiooni esemed on klassikaliste apteekripudelite stiilis, kuid kaasaegsete joonte ja viimistlustega. Junipil on soojad ja kutsuvad \u00fcmarad jooned, kroomitud aktsendid ja pilkup\u00fc\u00fcdev matt viimistlus. Kollektsiooni esemed on viimistletud, kuid s\u00e4ilitavad mugavalt vaba ja l\u00f5\u00f5gastava stiili. Kujundid ja proportsioonid pole t\u00e4pselt \u00fchtlustatud, vaid hoopis hoolikalt koordineeritud, et \u00fcksteist t\u00e4iendada. <\/p>\n<ul>\n<li><strong>Matt seebialus<\/strong><br \/>\n\u00dcmarate joonte ja mati viimistlusega vaikkattega seebialus, mille pind tundub katsudes siledana nagu kivike. <\/li>\n<li><strong>Ribiline detail<\/strong><br \/>\nT\u00f5stetud ribid aluse pinnal lisavad graafilist detaili ja hoiavad seepi alusest k\u00f5rgemal, et see kuivaks kiiremini, kestaks kauem ega j\u00e4\u00e4ks aluse k\u00fclge kinni.<\/li>\n<li><strong>Umbra x Gensler koost\u00f6\u00f6<\/strong><br \/>\nGensler, maailma juhtiv koost\u00f6\u00f6p\u00f5hine disainifirma, l\u00f5i koos Umbraga kaks apteekri-inspiratsiooniga vannitoakollektsiooni, et pakkuda luksushotellidele kvaliteetseid vannitoatarvikuid.<\/li>\n<li><strong>Apteekri stiili inspiratsioon<\/strong><br \/>\nJunipi kollektsiooni esemed tunduvad katsudes siledad nagu kivikesed ja annavad apteekri riiulile t\u00e4nap\u00e4evase t\u00f5lgenduse.<\/li>\n<\/ul>\n<p>\u2022 M\u00f5\u00f5dud: 13.8 x 8.7 x 2.5 cm<br \/>\n\u2022 Materjal: vaik, matt viimistlus<br \/>\n\u2022 <a href=\"\/et\/tootekategooria\/brandid\/umbra-et\/\">Br\u00e4nd Umbra<\/a><\/p>\n<p><strong>Meist<\/strong><\/p>\n<p>1979. aastal alguse saanud \u00fche lihtsa aknakardinaga s\u00fcndis Umbra kirest originaalse disaini ja taskukohase, kaasaegse stiili vastu. Kaasasutajad Les Mandelbaum ja Paul Rowan n\u00e4gid vajadust luua loomingulisi ja soodsaid tooteid, mis sobiksid igasse koju.<\/p>\n<p>T\u00e4naseks on Torontos, Kanadas asuv Umbra kasvanud rahvusvaheliseks disainiliidriks, tegutsedes enam kui 120 riigis ja omades esindusi Euroopas, P\u00f5hja- ja L\u00f5una-Ameerikas ning Aasias. Innovatsioonist kantuna toob meie rahvusvaheline disainitiim igap\u00e4evaesemetesse v\u00e4rsket loomingulisust ja uusi ideid, seades kaasaegsele disainile uusi standardeid.<\/p>\n<p><a href=\"\/et\/tootekategooria\/brandid\/umbra-et\/\"><img loading=\"lazy\" decoding=\"async\" src=\"https:\/\/www.talidesign.eu\/wp\/wp-content\/uploads\/2024\/10\/umbralogo-1.jpg\" alt=\"\" width=\"500\" height=\"100\" class=\"alignnone size-full wp-image-93263\" \/><\/a><\/p>\n","protected":false},"excerpt":{"rendered":"<p><strong>Junip seebialus Must<\/strong><\/p>\n<p>Junip seebialus on osa apteekri-inspiratsiooniga Junip kollektsioonist, mis on loodud koost\u00f6\u00f6s Gensleriga \u2013 maailma juhtiva koost\u00f6\u00f6p\u00f5hise disainifirmaga. Junip kollektsiooni esemed on klassikaliste apteekripudelite stiilis, kuid kaasaegsete joonte ja viimistlustega. Junipil on soojad ja kutsuvad \u00fcmarad jooned, kroomitud aktsendid ja pilkup\u00fc\u00fcdev matt viimistlus. Kollektsiooni esemed on viimistletud, kuid s\u00e4ilitavad mugavalt vaba ja l\u00f5\u00f5gastava stiili. Kujundid ja proportsioonid pole t\u00e4pselt \u00fchtlustatud, vaid hoopis hoolikalt koordineeritud, et \u00fcksteist t\u00e4iendada. <\/p>\n<ul>\n<li><strong>Matt vaigust seebialus<\/strong><br \/>\n\u00dcmarate joonte ja mati viimistlusega vaikkattega seebialus, mille pind tundub katsudes siledana nagu kivike. <\/li>\n<li><strong>Ribiline detail<\/strong><br \/>\nT\u00f5stetud ribid aluse pinnal lisavad graafilist detaili ja hoiavad seepi alusest k\u00f5rgemal, et see kuivaks kiiremini, kestaks kauem ega j\u00e4\u00e4ks aluse k\u00fclge kinni.<\/li>\n<li><strong>Umbra x Gensler koost\u00f6\u00f6<\/strong><br \/>\nGensler, maailma juhtiv koost\u00f6\u00f6p\u00f5hine disainifirma, l\u00f5i koos Umbraga kaks apteekri-inspiratsiooniga vannitoakollektsiooni, et pakkuda luksushotellidele kvaliteetseid vannitoatarvikuid.<\/li>\n<li><strong>Apteekri stiili inspiratsioon<\/strong><br \/>\nJunipi kollektsiooni esemed tunduvad katsudes siledad nagu kivikesed ja annavad apteekri riiulile t\u00e4nap\u00e4evase t\u00f5lgenduse.<\/li>\n<\/ul>\n<p>\u2022 M\u00f5\u00f5dud: 13.8 x 8.7 x 2.5 cm<br \/>\n\u2022 Materjal: vaik, matt viimistlus<br \/>\n\u2022 <a href=\"\/et\/tootekategooria\/brandid\/umbra-et\/\">Br\u00e4nd Umbra<\/a><\/p>\n<p><strong>Meist<\/strong><\/p>\n<p>1979. aastal alguse saanud \u00fche lihtsa aknakardinaga s\u00fcndis Umbra kirest originaalse disaini ja taskukohase, kaasaegse stiili vastu. Kaasasutajad Les Mandelbaum ja Paul Rowan n\u00e4gid vajadust luua loomingulisi ja soodsaid tooteid, mis sobiksid igasse koju.<\/p>\n<p>T\u00e4naseks on Torontos, Kanadas asuv Umbra kasvanud rahvusvaheliseks disainiliidriks, tegutsedes enam kui 120 riigis ja omades esindusi Euroopas, P\u00f5hja- ja L\u00f5una-Ameerikas ning Aasias. Innovatsioonist kantuna toob meie rahvusvaheline disainitiim igap\u00e4evaesemetesse v\u00e4rsket loomingulisust ja uusi ideid, seades kaasaegsele disainile uusi standardeid.<\/p>\n<p><a href=\"\/et\/tootekategooria\/brandid\/umbra-et\/\"><img loading=\"lazy\" decoding=\"async\" src=\"https:\/\/www.talidesign.eu\/wp\/wp-content\/uploads\/2024\/10\/umbralogo-1.jpg\" alt=\"\" width=\"500\" height=\"100\" class=\"alignnone size-full wp-image-93263\" \/><\/a><\/p>\n","protected":false},"featured_media":93451,"template":"","meta":[],"product_brand":[],"product_cat":[1026,1018,1030,3350,1100],"product_tag":[3356],"class_list":{"0":"post-93443","1":"product","2":"type-product","3":"status-publish","4":"has-post-thumbnail","6":"product_cat-brandid","7":"product_cat-kodu","8":"product_cat-kook","9":"product_cat-umbra-et","10":"product_cat-vannituba","11":"product_tag-umbra-et","13":"first","14":"outofstock","15":"taxable","16":"shipping-taxable","17":"purchasable","18":"product-type-simple"},"yoast_head":"<!-- This site is optimized with the Yoast SEO plugin v27.4 - https:\/\/yoast.com\/product\/yoast-seo-wordpress\/ -->\n<title>Umbra Junip seebialus Must - TALI Concept Store<\/title>\n<meta name=\"description\" content=\"Umbra Junip seebialus Must - Apteekri-inspiratsiooniga seebialus, mis on osa Junip kollektsioonist. Klassikaline stiil koos kaasaegsete joonte ja viimistlusega.\" \/>\n<meta name=\"robots\" content=\"index, follow, max-snippet:-1, max-image-preview:large, max-video-preview:-1\" \/>\n<link rel=\"canonical\" href=\"https:\/\/www.talidesign.eu\/et\/pood\/toode\/umbra-junip-seebialus-must\/\" \/>\n<meta property=\"og:locale\" content=\"et_EE\" \/>\n<meta property=\"og:type\" content=\"article\" \/>\n<meta property=\"og:title\" content=\"Umbra Junip seebialus Must - TALI Concept Store\" \/>\n<meta property=\"og:description\" content=\"Umbra Junip seebialus Must - Apteekri-inspiratsiooniga seebialus, mis on osa Junip kollektsioonist. Klassikaline stiil koos kaasaegsete joonte ja viimistlusega.\" \/>\n<meta property=\"og:url\" content=\"https:\/\/www.talidesign.eu\/et\/pood\/toode\/umbra-junip-seebialus-must\/\" \/>\n<meta property=\"og:site_name\" content=\"TALI Concept Store\" \/>\n<meta property=\"article:publisher\" content=\"https:\/\/www.facebook.com\/TaliDisain\/\" \/>\n<meta property=\"article:modified_time\" content=\"2026-04-16T14:58:26+00:00\" \/>\n<meta property=\"og:image\" content=\"https:\/\/www.talidesign.eu\/wp\/wp-content\/uploads\/2024\/10\/ugmusxt84aljlzbze3lw.jpeg\" \/>\n\t<meta property=\"og:image:width\" content=\"1900\" \/>\n\t<meta property=\"og:image:height\" content=\"1900\" \/>\n\t<meta property=\"og:image:type\" content=\"image\/jpeg\" \/>\n<meta name=\"twitter:card\" content=\"summary_large_image\" \/>\n<meta name=\"twitter:label1\" content=\"Est. reading time\" \/>\n\t<meta name=\"twitter:data1\" content=\"2 minutes\" \/>\n<script type=\"application\/ld+json\" class=\"yoast-schema-graph\">{\"@context\":\"https:\\\/\\\/schema.org\",\"@graph\":[{\"@type\":\"WebPage\",\"@id\":\"https:\\\/\\\/www.talidesign.eu\\\/et\\\/pood\\\/toode\\\/umbra-junip-seebialus-must\\\/\",\"url\":\"https:\\\/\\\/www.talidesign.eu\\\/et\\\/pood\\\/toode\\\/umbra-junip-seebialus-must\\\/\",\"name\":\"Umbra Junip seebialus Must - TALI Concept Store\",\"isPartOf\":{\"@id\":\"https:\\\/\\\/www.talidesign.eu\\\/et\\\/#website\"},\"primaryImageOfPage\":{\"@id\":\"https:\\\/\\\/www.talidesign.eu\\\/et\\\/pood\\\/toode\\\/umbra-junip-seebialus-must\\\/#primaryimage\"},\"image\":{\"@id\":\"https:\\\/\\\/www.talidesign.eu\\\/et\\\/pood\\\/toode\\\/umbra-junip-seebialus-must\\\/#primaryimage\"},\"thumbnailUrl\":\"https:\\\/\\\/www.talidesign.eu\\\/wp\\\/wp-content\\\/uploads\\\/2024\\\/10\\\/ugmusxt84aljlzbze3lw.jpeg\",\"datePublished\":\"2024-10-31T09:52:59+00:00\",\"dateModified\":\"2026-04-16T14:58:26+00:00\",\"description\":\"Umbra Junip seebialus Must - Apteekri-inspiratsiooniga seebialus, mis on osa Junip kollektsioonist. Klassikaline stiil koos kaasaegsete joonte ja viimistlusega.\",\"breadcrumb\":{\"@id\":\"https:\\\/\\\/www.talidesign.eu\\\/et\\\/pood\\\/toode\\\/umbra-junip-seebialus-must\\\/#breadcrumb\"},\"inLanguage\":\"et\",\"potentialAction\":[{\"@type\":\"ReadAction\",\"target\":[\"https:\\\/\\\/www.talidesign.eu\\\/et\\\/pood\\\/toode\\\/umbra-junip-seebialus-must\\\/\"]}]},{\"@type\":\"ImageObject\",\"inLanguage\":\"et\",\"@id\":\"https:\\\/\\\/www.talidesign.eu\\\/et\\\/pood\\\/toode\\\/umbra-junip-seebialus-must\\\/#primaryimage\",\"url\":\"https:\\\/\\\/www.talidesign.eu\\\/wp\\\/wp-content\\\/uploads\\\/2024\\\/10\\\/ugmusxt84aljlzbze3lw.jpeg\",\"contentUrl\":\"https:\\\/\\\/www.talidesign.eu\\\/wp\\\/wp-content\\\/uploads\\\/2024\\\/10\\\/ugmusxt84aljlzbze3lw.jpeg\",\"width\":1900,\"height\":1900},{\"@type\":\"BreadcrumbList\",\"@id\":\"https:\\\/\\\/www.talidesign.eu\\\/et\\\/pood\\\/toode\\\/umbra-junip-seebialus-must\\\/#breadcrumb\",\"itemListElement\":[{\"@type\":\"ListItem\",\"position\":1,\"name\":\"Avaleht\",\"item\":\"https:\\\/\\\/www.talidesign.eu\\\/et\\\/\"},{\"@type\":\"ListItem\",\"position\":2,\"name\":\"Pood\",\"item\":\"https:\\\/\\\/www.talidesign.eu\\\/et\\\/pood\\\/\"},{\"@type\":\"ListItem\",\"position\":3,\"name\":\"Umbra Junip seebialus Must\"}]},{\"@type\":\"WebSite\",\"@id\":\"https:\\\/\\\/www.talidesign.eu\\\/et\\\/#website\",\"url\":\"https:\\\/\\\/www.talidesign.eu\\\/et\\\/\",\"name\":\"TALI Concept Store\",\"description\":\"Suurim Disainipood Eestis\",\"potentialAction\":[{\"@type\":\"SearchAction\",\"target\":{\"@type\":\"EntryPoint\",\"urlTemplate\":\"https:\\\/\\\/www.talidesign.eu\\\/et\\\/?s={search_term_string}\"},\"query-input\":{\"@type\":\"PropertyValueSpecification\",\"valueRequired\":true,\"valueName\":\"search_term_string\"}}],\"inLanguage\":\"et\"}]}<\/script>\n<!-- \/ Yoast SEO plugin. -->","yoast_head_json":{"title":"Umbra Junip seebialus Must - TALI Concept Store","description":"Umbra Junip seebialus Must - Apteekri-inspiratsiooniga seebialus, mis on osa Junip kollektsioonist. Klassikaline stiil koos kaasaegsete joonte ja viimistlusega.","robots":{"index":"index","follow":"follow","max-snippet":"max-snippet:-1","max-image-preview":"max-image-preview:large","max-video-preview":"max-video-preview:-1"},"canonical":"https:\/\/www.talidesign.eu\/et\/pood\/toode\/umbra-junip-seebialus-must\/","og_locale":"et_EE","og_type":"article","og_title":"Umbra Junip seebialus Must - TALI Concept Store","og_description":"Umbra Junip seebialus Must - Apteekri-inspiratsiooniga seebialus, mis on osa Junip kollektsioonist. Klassikaline stiil koos kaasaegsete joonte ja viimistlusega.","og_url":"https:\/\/www.talidesign.eu\/et\/pood\/toode\/umbra-junip-seebialus-must\/","og_site_name":"TALI Concept Store","article_publisher":"https:\/\/www.facebook.com\/TaliDisain\/","article_modified_time":"2026-04-16T14:58:26+00:00","og_image":[{"width":1900,"height":1900,"url":"https:\/\/www.talidesign.eu\/wp\/wp-content\/uploads\/2024\/10\/ugmusxt84aljlzbze3lw.jpeg","type":"image\/jpeg"}],"twitter_card":"summary_large_image","twitter_misc":{"Est. reading time":"2 minutes"},"schema":{"@context":"https:\/\/schema.org","@graph":[{"@type":"WebPage","@id":"https:\/\/www.talidesign.eu\/et\/pood\/toode\/umbra-junip-seebialus-must\/","url":"https:\/\/www.talidesign.eu\/et\/pood\/toode\/umbra-junip-seebialus-must\/","name":"Umbra Junip seebialus Must - TALI Concept Store","isPartOf":{"@id":"https:\/\/www.talidesign.eu\/et\/#website"},"primaryImageOfPage":{"@id":"https:\/\/www.talidesign.eu\/et\/pood\/toode\/umbra-junip-seebialus-must\/#primaryimage"},"image":{"@id":"https:\/\/www.talidesign.eu\/et\/pood\/toode\/umbra-junip-seebialus-must\/#primaryimage"},"thumbnailUrl":"https:\/\/www.talidesign.eu\/wp\/wp-content\/uploads\/2024\/10\/ugmusxt84aljlzbze3lw.jpeg","datePublished":"2024-10-31T09:52:59+00:00","dateModified":"2026-04-16T14:58:26+00:00","description":"Umbra Junip seebialus Must - Apteekri-inspiratsiooniga seebialus, mis on osa Junip kollektsioonist. Klassikaline stiil koos kaasaegsete joonte ja viimistlusega.","breadcrumb":{"@id":"https:\/\/www.talidesign.eu\/et\/pood\/toode\/umbra-junip-seebialus-must\/#breadcrumb"},"inLanguage":"et","potentialAction":[{"@type":"ReadAction","target":["https:\/\/www.talidesign.eu\/et\/pood\/toode\/umbra-junip-seebialus-must\/"]}]},{"@type":"ImageObject","inLanguage":"et","@id":"https:\/\/www.talidesign.eu\/et\/pood\/toode\/umbra-junip-seebialus-must\/#primaryimage","url":"https:\/\/www.talidesign.eu\/wp\/wp-content\/uploads\/2024\/10\/ugmusxt84aljlzbze3lw.jpeg","contentUrl":"https:\/\/www.talidesign.eu\/wp\/wp-content\/uploads\/2024\/10\/ugmusxt84aljlzbze3lw.jpeg","width":1900,"height":1900},{"@type":"BreadcrumbList","@id":"https:\/\/www.talidesign.eu\/et\/pood\/toode\/umbra-junip-seebialus-must\/#breadcrumb","itemListElement":[{"@type":"ListItem","position":1,"name":"Avaleht","item":"https:\/\/www.talidesign.eu\/et\/"},{"@type":"ListItem","position":2,"name":"Pood","item":"https:\/\/www.talidesign.eu\/et\/pood\/"},{"@type":"ListItem","position":3,"name":"Umbra Junip seebialus Must"}]},{"@type":"WebSite","@id":"https:\/\/www.talidesign.eu\/et\/#website","url":"https:\/\/www.talidesign.eu\/et\/","name":"TALI Concept Store","description":"Suurim Disainipood Eestis","potentialAction":[{"@type":"SearchAction","target":{"@type":"EntryPoint","urlTemplate":"https:\/\/www.talidesign.eu\/et\/?s={search_term_string}"},"query-input":{"@type":"PropertyValueSpecification","valueRequired":true,"valueName":"search_term_string"}}],"inLanguage":"et"}]}},"_links":{"self":[{"href":"https:\/\/www.talidesign.eu\/et\/wp-json\/wp\/v2\/product\/93443","targetHints":{"allow":["GET"]}}],"collection":[{"href":"https:\/\/www.talidesign.eu\/et\/wp-json\/wp\/v2\/product"}],"about":[{"href":"https:\/\/www.talidesign.eu\/et\/wp-json\/wp\/v2\/types\/product"}],"wp:featuredmedia":[{"embeddable":true,"href":"https:\/\/www.talidesign.eu\/et\/wp-json\/wp\/v2\/media\/93451"}],"wp:attachment":[{"href":"https:\/\/www.talidesign.eu\/et\/wp-json\/wp\/v2\/media?parent=93443"}],"wp:term":[{"taxonomy":"product_brand","embeddable":true,"href":"https:\/\/www.talidesign.eu\/et\/wp-json\/wp\/v2\/product_brand?post=93443"},{"taxonomy":"product_cat","embeddable":true,"href":"https:\/\/www.talidesign.eu\/et\/wp-json\/wp\/v2\/product_cat?post=93443"},{"taxonomy":"product_tag","embeddable":true,"href":"https:\/\/www.talidesign.eu\/et\/wp-json\/wp\/v2\/product_tag?post=93443"}],"curies":[{"name":"wp","href":"https:\/\/api.w.org\/{rel}","templated":true}]}}