{"id":93457,"date":"2024-11-12T12:19:29","date_gmt":"2024-10-31T10:19:29","guid":{"rendered":"https:\/\/www.talidesign.eu\/?post_type=product&#038;p=93457"},"modified":"2026-04-06T20:57:48","modified_gmt":"2026-04-06T17:57:48","slug":"umbra-cubiko-vannitoariiul","status":"publish","type":"product","link":"https:\/\/www.talidesign.eu\/et\/pood\/toode\/umbra-cubiko-vannitoariiul\/","title":{"rendered":"Umbra Cubiko vannitoariiul"},"content":{"rendered":"<p><strong>Cubiko vannitoariiul<\/strong><\/p>\n<p>Cubikol on kaks avarat riiulit ja paigaldusklamber, mis kinnitub mugavalt nii du\u0161iotsiku kui ka ukse k\u00fclge. Lisa stabiilsuse jaoks on kaasas iminapad ning kohandatavaks hoiustamiseks S-konksud. Sisseehitatud \u00e4ravooluavadega tagab Cubiko, et tooted kuivavad kiirelt. Igal riiulil on kaks suuremat ava, mis v\u00f5imaldavad \u0161ampoonipudeleid hoida tagurpidi, et toodet oleks lihtsam kasutada.<\/p>\n<ul>\n<li><strong>Kaasaegne riiul<\/strong><br \/>\nMondriani disainist inspireeritud Cubiko \u00fchendab elegantsi ja funktsionaalsuse, t\u00e4iustades klassikalist riiulit.<\/li>\n<li><strong>Mitmek\u00fclgne paigaldusklamber<\/strong><br \/>\nKinnitub lihtsalt nii du\u0161iotsiku kui ka ukse k\u00fclge. Klambri saab ka \u00fcmber p\u00f6\u00f6rata ja kasutada r\u00e4tikuhoidjana.<\/li>\n<li><strong>Integreeritud \u00e4ravoolus\u00fcsteem<\/strong><br \/>\nSisseehitatud \u00e4ravooluavad hoiavad tooted kuivana ja kasutusvalmina.<\/li>\n<li><strong>Kohandatavad S-konksud<\/strong><br \/>\nCubikol on kaasas S-konksud, mis pakuvad lisaruumi ja mitmek\u00fclgsust habemenugade, nuustikute ja muu riputamiseks.<\/li>\n<\/ul>\n<p>\u2022 M\u00f5\u00f5dud: 31 x 11 x 61 cm<br \/>\n\u2022 Materjal: Keskkonnas\u00f5bralik viimistlus, mis v\u00e4hendab vee- ja j\u00e4\u00e4tmekasutust 85%<br \/>\n\u2022 <a href=\"\/et\/tootekategooria\/brandid\/umbra-et\/\">Br\u00e4nd Umbra<\/a><\/p>\n<p><strong>Meist<\/strong><\/p>\n<p>1979. aastal alguse saanud \u00fche lihtsa aknakardinaga s\u00fcndis Umbra kirest originaalse disaini ja taskukohase, kaasaegse stiili vastu. Kaasasutajad Les Mandelbaum ja Paul Rowan n\u00e4gid vajadust luua loomingulisi ja soodsaid tooteid, mis sobiksid igasse koju.<\/p>\n<p>T\u00e4naseks on Torontos, Kanadas asuv Umbra kasvanud rahvusvaheliseks disainiliidriks, tegutsedes enam kui 120 riigis ja omades esindusi Euroopas, P\u00f5hja- ja L\u00f5una-Ameerikas ning Aasias. Innovatsioonist kantuna toob meie rahvusvaheline disainitiim igap\u00e4evaesemetesse v\u00e4rsket loomingulisust ja uusi ideid, seades kaasaegsele disainile uusi standardeid.<\/p>\n<p><a href=\"\/et\/tootekategooria\/brandid\/umbra-et\/\"><img loading=\"lazy\" decoding=\"async\" src=\"https:\/\/www.talidesign.eu\/wp\/wp-content\/uploads\/2024\/10\/umbralogo-1.jpg\" alt=\"\" width=\"500\" height=\"100\" class=\"alignnone size-full wp-image-93263\" \/><\/a><\/p>\n","protected":false},"excerpt":{"rendered":"<p><strong>Cubiko vannitoariiul<\/strong><\/p>\n<p>Cubikol on kaks avarat riiulit ja paigaldusklamber, mis kinnitub mugavalt nii du\u0161iotsiku kui ka ukse k\u00fclge. Lisa stabiilsuse jaoks on kaasas iminapad ning kohandatavaks hoiustamiseks S-konksud. Sisseehitatud \u00e4ravooluavadega tagab Cubiko, et tooted kuivavad kiirelt. Igal riiulil on kaks suuremat ava, mis v\u00f5imaldavad \u0161ampoonipudeleid hoida tagurpidi, et toodet oleks lihtsam kasutada.<\/p>\n<ul>\n<li><strong>Kaasaegne riiul<\/strong><br \/>\nMondriani disainist inspireeritud Cubiko \u00fchendab elegantsi ja funktsionaalsuse, t\u00e4iustades klassikalist riiulit.<\/li>\n<li><strong>Mitmek\u00fclgne paigaldusklamber<\/strong><br \/>\nKinnitub lihtsalt nii du\u0161iotsiku kui ka ukse k\u00fclge. Klambri saab ka \u00fcmber p\u00f6\u00f6rata ja kasutada r\u00e4tikuhoidjana.<\/li>\n<li><strong>Integreeritud \u00e4ravoolus\u00fcsteem<\/strong><br \/>\nSisseehitatud \u00e4ravooluavad hoiavad tooted kuivana ja kasutusvalmina.<\/li>\n<li><strong>Kohandatavad S-konksud<\/strong><br \/>\nCubikol on kaasas S-konksud, mis pakuvad lisaruumi ja mitmek\u00fclgsust habemenugade, nuustikute ja muu riputamiseks.<\/li>\n<\/ul>\n<p>\u2022 M\u00f5\u00f5dud: 31 x 11 x 61 cm<br \/>\n\u2022 Materjal: Keskkonnas\u00f5bralik viimistlus, mis v\u00e4hendab vee- ja j\u00e4\u00e4tmekasutust 85%<br \/>\n\u2022 <a href=\"\/et\/tootekategooria\/brandid\/umbra-et\/\">Br\u00e4nd Umbra<\/a><\/p>\n<p><strong>Meist<\/strong><\/p>\n<p>1979. aastal alguse saanud \u00fche lihtsa aknakardinaga s\u00fcndis Umbra kirest originaalse disaini ja taskukohase, kaasaegse stiili vastu. Kaasasutajad Les Mandelbaum ja Paul Rowan n\u00e4gid vajadust luua loomingulisi ja soodsaid tooteid, mis sobiksid igasse koju.<\/p>\n<p>T\u00e4naseks on Torontos, Kanadas asuv Umbra kasvanud rahvusvaheliseks disainiliidriks, tegutsedes enam kui 120 riigis ja omades esindusi Euroopas, P\u00f5hja- ja L\u00f5una-Ameerikas ning Aasias. Innovatsioonist kantuna toob meie rahvusvaheline disainitiim igap\u00e4evaesemetesse v\u00e4rsket loomingulisust ja uusi ideid, seades kaasaegsele disainile uusi standardeid.<\/p>\n<p><a href=\"\/et\/tootekategooria\/brandid\/umbra-et\/\"><img loading=\"lazy\" decoding=\"async\" src=\"https:\/\/www.talidesign.eu\/wp\/wp-content\/uploads\/2024\/10\/umbralogo-1.jpg\" alt=\"\" width=\"500\" height=\"100\" class=\"alignnone size-full wp-image-93263\" \/><\/a><\/p>\n","protected":false},"featured_media":93461,"template":"","meta":[],"product_brand":[],"product_cat":[1026,1031,1018,1106,3350,1100],"product_tag":[3356],"class_list":{"0":"post-93457","1":"product","2":"type-product","3":"status-publish","4":"has-post-thumbnail","6":"product_cat-brandid","7":"product_cat-hoiustamine","8":"product_cat-kodu","9":"product_cat-konksud-nagid","10":"product_cat-umbra-et","11":"product_cat-vannituba","12":"product_tag-umbra-et","14":"first","15":"instock","16":"taxable","17":"shipping-taxable","18":"purchasable","19":"product-type-simple"},"yoast_head":"<!-- This site is optimized with the Yoast SEO plugin v27.3 - https:\/\/yoast.com\/product\/yoast-seo-wordpress\/ -->\n<title>Umbra Cubiko vannitoariiul - TALI Concept Store<\/title>\n<meta name=\"description\" content=\"Avasta Umbra Cubiko vannitoariiul - kaasaegne, funktsionaalne ja stiilne. Lisaks avarad riiulid, paigaldusklamber ja kohandatavad S-konksud.\" \/>\n<meta name=\"robots\" content=\"index, follow, max-snippet:-1, max-image-preview:large, max-video-preview:-1\" \/>\n<link rel=\"canonical\" href=\"https:\/\/www.talidesign.eu\/et\/pood\/toode\/umbra-cubiko-vannitoariiul\/\" \/>\n<meta property=\"og:locale\" content=\"et_EE\" \/>\n<meta property=\"og:type\" content=\"article\" \/>\n<meta property=\"og:title\" content=\"Umbra Cubiko vannitoariiul - TALI Concept Store\" \/>\n<meta property=\"og:description\" content=\"Avasta Umbra Cubiko vannitoariiul - kaasaegne, funktsionaalne ja stiilne. Lisaks avarad riiulid, paigaldusklamber ja kohandatavad S-konksud.\" \/>\n<meta property=\"og:url\" content=\"https:\/\/www.talidesign.eu\/et\/pood\/toode\/umbra-cubiko-vannitoariiul\/\" \/>\n<meta property=\"og:site_name\" content=\"TALI Concept Store\" \/>\n<meta property=\"article:publisher\" content=\"https:\/\/www.facebook.com\/TaliDisain\/\" \/>\n<meta property=\"article:modified_time\" content=\"2026-04-06T17:57:48+00:00\" \/>\n<meta property=\"og:image\" content=\"https:\/\/www.talidesign.eu\/wp\/wp-content\/uploads\/2024\/10\/j0sghwglq7vchlr1esda.jpeg\" \/>\n\t<meta property=\"og:image:width\" content=\"1900\" \/>\n\t<meta property=\"og:image:height\" content=\"1900\" \/>\n\t<meta property=\"og:image:type\" content=\"image\/jpeg\" \/>\n<meta name=\"twitter:card\" content=\"summary_large_image\" \/>\n<meta name=\"twitter:label1\" content=\"Est. reading time\" \/>\n\t<meta name=\"twitter:data1\" content=\"2 minutes\" \/>\n<script type=\"application\/ld+json\" class=\"yoast-schema-graph\">{\"@context\":\"https:\\\/\\\/schema.org\",\"@graph\":[{\"@type\":\"WebPage\",\"@id\":\"https:\\\/\\\/www.talidesign.eu\\\/et\\\/pood\\\/toode\\\/umbra-cubiko-vannitoariiul\\\/\",\"url\":\"https:\\\/\\\/www.talidesign.eu\\\/et\\\/pood\\\/toode\\\/umbra-cubiko-vannitoariiul\\\/\",\"name\":\"Umbra Cubiko vannitoariiul - TALI Concept Store\",\"isPartOf\":{\"@id\":\"https:\\\/\\\/www.talidesign.eu\\\/et\\\/#website\"},\"primaryImageOfPage\":{\"@id\":\"https:\\\/\\\/www.talidesign.eu\\\/et\\\/pood\\\/toode\\\/umbra-cubiko-vannitoariiul\\\/#primaryimage\"},\"image\":{\"@id\":\"https:\\\/\\\/www.talidesign.eu\\\/et\\\/pood\\\/toode\\\/umbra-cubiko-vannitoariiul\\\/#primaryimage\"},\"thumbnailUrl\":\"https:\\\/\\\/www.talidesign.eu\\\/wp\\\/wp-content\\\/uploads\\\/2024\\\/10\\\/j0sghwglq7vchlr1esda.jpeg\",\"datePublished\":\"2024-10-31T10:19:29+00:00\",\"dateModified\":\"2026-04-06T17:57:48+00:00\",\"description\":\"Avasta Umbra Cubiko vannitoariiul - kaasaegne, funktsionaalne ja stiilne. Lisaks avarad riiulid, paigaldusklamber ja kohandatavad S-konksud.\",\"breadcrumb\":{\"@id\":\"https:\\\/\\\/www.talidesign.eu\\\/et\\\/pood\\\/toode\\\/umbra-cubiko-vannitoariiul\\\/#breadcrumb\"},\"inLanguage\":\"et\",\"potentialAction\":[{\"@type\":\"ReadAction\",\"target\":[\"https:\\\/\\\/www.talidesign.eu\\\/et\\\/pood\\\/toode\\\/umbra-cubiko-vannitoariiul\\\/\"]}]},{\"@type\":\"ImageObject\",\"inLanguage\":\"et\",\"@id\":\"https:\\\/\\\/www.talidesign.eu\\\/et\\\/pood\\\/toode\\\/umbra-cubiko-vannitoariiul\\\/#primaryimage\",\"url\":\"https:\\\/\\\/www.talidesign.eu\\\/wp\\\/wp-content\\\/uploads\\\/2024\\\/10\\\/j0sghwglq7vchlr1esda.jpeg\",\"contentUrl\":\"https:\\\/\\\/www.talidesign.eu\\\/wp\\\/wp-content\\\/uploads\\\/2024\\\/10\\\/j0sghwglq7vchlr1esda.jpeg\",\"width\":1900,\"height\":1900},{\"@type\":\"BreadcrumbList\",\"@id\":\"https:\\\/\\\/www.talidesign.eu\\\/et\\\/pood\\\/toode\\\/umbra-cubiko-vannitoariiul\\\/#breadcrumb\",\"itemListElement\":[{\"@type\":\"ListItem\",\"position\":1,\"name\":\"Avaleht\",\"item\":\"https:\\\/\\\/www.talidesign.eu\\\/et\\\/\"},{\"@type\":\"ListItem\",\"position\":2,\"name\":\"Pood\",\"item\":\"https:\\\/\\\/www.talidesign.eu\\\/et\\\/pood\\\/\"},{\"@type\":\"ListItem\",\"position\":3,\"name\":\"Umbra Cubiko vannitoariiul\"}]},{\"@type\":\"WebSite\",\"@id\":\"https:\\\/\\\/www.talidesign.eu\\\/et\\\/#website\",\"url\":\"https:\\\/\\\/www.talidesign.eu\\\/et\\\/\",\"name\":\"TALI Concept Store\",\"description\":\"Suurim Disainipood Eestis\",\"potentialAction\":[{\"@type\":\"SearchAction\",\"target\":{\"@type\":\"EntryPoint\",\"urlTemplate\":\"https:\\\/\\\/www.talidesign.eu\\\/et\\\/?s={search_term_string}\"},\"query-input\":{\"@type\":\"PropertyValueSpecification\",\"valueRequired\":true,\"valueName\":\"search_term_string\"}}],\"inLanguage\":\"et\"}]}<\/script>\n<!-- \/ Yoast SEO plugin. -->","yoast_head_json":{"title":"Umbra Cubiko vannitoariiul - TALI Concept Store","description":"Avasta Umbra Cubiko vannitoariiul - kaasaegne, funktsionaalne ja stiilne. Lisaks avarad riiulid, paigaldusklamber ja kohandatavad S-konksud.","robots":{"index":"index","follow":"follow","max-snippet":"max-snippet:-1","max-image-preview":"max-image-preview:large","max-video-preview":"max-video-preview:-1"},"canonical":"https:\/\/www.talidesign.eu\/et\/pood\/toode\/umbra-cubiko-vannitoariiul\/","og_locale":"et_EE","og_type":"article","og_title":"Umbra Cubiko vannitoariiul - TALI Concept Store","og_description":"Avasta Umbra Cubiko vannitoariiul - kaasaegne, funktsionaalne ja stiilne. Lisaks avarad riiulid, paigaldusklamber ja kohandatavad S-konksud.","og_url":"https:\/\/www.talidesign.eu\/et\/pood\/toode\/umbra-cubiko-vannitoariiul\/","og_site_name":"TALI Concept Store","article_publisher":"https:\/\/www.facebook.com\/TaliDisain\/","article_modified_time":"2026-04-06T17:57:48+00:00","og_image":[{"width":1900,"height":1900,"url":"https:\/\/www.talidesign.eu\/wp\/wp-content\/uploads\/2024\/10\/j0sghwglq7vchlr1esda.jpeg","type":"image\/jpeg"}],"twitter_card":"summary_large_image","twitter_misc":{"Est. reading time":"2 minutes"},"schema":{"@context":"https:\/\/schema.org","@graph":[{"@type":"WebPage","@id":"https:\/\/www.talidesign.eu\/et\/pood\/toode\/umbra-cubiko-vannitoariiul\/","url":"https:\/\/www.talidesign.eu\/et\/pood\/toode\/umbra-cubiko-vannitoariiul\/","name":"Umbra Cubiko vannitoariiul - TALI Concept Store","isPartOf":{"@id":"https:\/\/www.talidesign.eu\/et\/#website"},"primaryImageOfPage":{"@id":"https:\/\/www.talidesign.eu\/et\/pood\/toode\/umbra-cubiko-vannitoariiul\/#primaryimage"},"image":{"@id":"https:\/\/www.talidesign.eu\/et\/pood\/toode\/umbra-cubiko-vannitoariiul\/#primaryimage"},"thumbnailUrl":"https:\/\/www.talidesign.eu\/wp\/wp-content\/uploads\/2024\/10\/j0sghwglq7vchlr1esda.jpeg","datePublished":"2024-10-31T10:19:29+00:00","dateModified":"2026-04-06T17:57:48+00:00","description":"Avasta Umbra Cubiko vannitoariiul - kaasaegne, funktsionaalne ja stiilne. Lisaks avarad riiulid, paigaldusklamber ja kohandatavad S-konksud.","breadcrumb":{"@id":"https:\/\/www.talidesign.eu\/et\/pood\/toode\/umbra-cubiko-vannitoariiul\/#breadcrumb"},"inLanguage":"et","potentialAction":[{"@type":"ReadAction","target":["https:\/\/www.talidesign.eu\/et\/pood\/toode\/umbra-cubiko-vannitoariiul\/"]}]},{"@type":"ImageObject","inLanguage":"et","@id":"https:\/\/www.talidesign.eu\/et\/pood\/toode\/umbra-cubiko-vannitoariiul\/#primaryimage","url":"https:\/\/www.talidesign.eu\/wp\/wp-content\/uploads\/2024\/10\/j0sghwglq7vchlr1esda.jpeg","contentUrl":"https:\/\/www.talidesign.eu\/wp\/wp-content\/uploads\/2024\/10\/j0sghwglq7vchlr1esda.jpeg","width":1900,"height":1900},{"@type":"BreadcrumbList","@id":"https:\/\/www.talidesign.eu\/et\/pood\/toode\/umbra-cubiko-vannitoariiul\/#breadcrumb","itemListElement":[{"@type":"ListItem","position":1,"name":"Avaleht","item":"https:\/\/www.talidesign.eu\/et\/"},{"@type":"ListItem","position":2,"name":"Pood","item":"https:\/\/www.talidesign.eu\/et\/pood\/"},{"@type":"ListItem","position":3,"name":"Umbra Cubiko vannitoariiul"}]},{"@type":"WebSite","@id":"https:\/\/www.talidesign.eu\/et\/#website","url":"https:\/\/www.talidesign.eu\/et\/","name":"TALI Concept Store","description":"Suurim Disainipood Eestis","potentialAction":[{"@type":"SearchAction","target":{"@type":"EntryPoint","urlTemplate":"https:\/\/www.talidesign.eu\/et\/?s={search_term_string}"},"query-input":{"@type":"PropertyValueSpecification","valueRequired":true,"valueName":"search_term_string"}}],"inLanguage":"et"}]}},"_links":{"self":[{"href":"https:\/\/www.talidesign.eu\/et\/wp-json\/wp\/v2\/product\/93457","targetHints":{"allow":["GET"]}}],"collection":[{"href":"https:\/\/www.talidesign.eu\/et\/wp-json\/wp\/v2\/product"}],"about":[{"href":"https:\/\/www.talidesign.eu\/et\/wp-json\/wp\/v2\/types\/product"}],"wp:featuredmedia":[{"embeddable":true,"href":"https:\/\/www.talidesign.eu\/et\/wp-json\/wp\/v2\/media\/93461"}],"wp:attachment":[{"href":"https:\/\/www.talidesign.eu\/et\/wp-json\/wp\/v2\/media?parent=93457"}],"wp:term":[{"taxonomy":"product_brand","embeddable":true,"href":"https:\/\/www.talidesign.eu\/et\/wp-json\/wp\/v2\/product_brand?post=93457"},{"taxonomy":"product_cat","embeddable":true,"href":"https:\/\/www.talidesign.eu\/et\/wp-json\/wp\/v2\/product_cat?post=93457"},{"taxonomy":"product_tag","embeddable":true,"href":"https:\/\/www.talidesign.eu\/et\/wp-json\/wp\/v2\/product_tag?post=93457"}],"curies":[{"name":"wp","href":"https:\/\/api.w.org\/{rel}","templated":true}]}}