{"id":93479,"date":"2024-11-12T12:34:43","date_gmt":"2024-10-31T10:34:43","guid":{"rendered":"https:\/\/www.talidesign.eu\/?post_type=product&#038;p=93479"},"modified":"2026-01-08T09:16:15","modified_gmt":"2026-01-08T07:16:15","slug":"umbra-flex-vannitoariiul-must","status":"publish","type":"product","link":"https:\/\/www.talidesign.eu\/et\/pood\/toode\/umbra-flex-vannitoariiul-must\/","title":{"rendered":"Umbra Flex vannitoariiul Must"},"content":{"rendered":"<p><strong>Flex vannitoariiul Must<\/strong><\/p>\n<p>Hoidke k\u00f5ik oma du\u0161itarvikud mugavalt \u00fches kohas Umbra praktilise Flex du\u0161ihoidikuga. Flex on loodud v\u00f5tma minimaalselt ruumi, samas mahutades ka suuremad pudelid. J\u00e4igast plastikust raami ja painduvate silikoonribadega Flex du\u0161ihoidik pakub rohkelt hoiuv\u00f5imalusi. Kahel ekstra laial riiulil on piisavalt ruumi \u0161ampoonile, palsamile ja du\u0161igeelile, ning neli konksu sobivad suurep\u00e4raselt nuustikute ja habemenugade hoidmiseks. Nelja &#8220;pudelihoidiku&#8221; abil saab pudeleid hoida tagurpidi, et iga tilk k\u00e4tte saada ja pudel kindlalt paigal p\u00fcsiks. Flexil on sisseehitatud \u00e4ravoolus\u00fcsteem, mis ennetab niiskuse kogunemist ning hallituse ja kopituse teket. Flexi saab paigaldada nii du\u0161iotsiku kui ka du\u0161ikardina varraste k\u00fclge.<\/p>\n<ul>\n<li><strong>Maksimaalne hoiuruum<\/strong><br \/>\nSee kaasaegne riiul on m\u00f5\u00f5tudega 31 x 9 x 65 cm ning sellel on kaks eriti laia riiulit, mis mahutavad kuni neli suurt \u0161ampoonipudelit koos teiste du\u0161itarvikutega.<\/li>\n<li><strong>Funktsionaalne ja modernne<\/strong><br \/>\nFlex du\u0161ihoidikul on kaks ekstra laia riiulit ja paindlikud kummiribad, mis hoiavad kuni neli suurt \u0161ampoonipudelit. Pudelihoidikud v\u00f5imaldavad pudeleid tagurpidi hoida, et iga tilk mugavalt k\u00e4tte saada.<\/li>\n<li><strong>Sisseehitatud \u00e4ravoolus\u00fcsteem<\/strong><br \/>\nFlexil on sisseehitatud \u00e4ravoolus\u00fcsteem, mis hoiab \u00e4ra niiskuse kogunemise, mis muidu p\u00f5hjustaks hallituse ja kopituse teket du\u0161inurgas.<\/li>\n<li><strong>Lihtne paigaldada ja hooldada<\/strong><br \/>\nFlex on lihtne paigaldada ja seda saab kinnitada mitmel viisil \u2013 nii du\u0161iotsiku kui ka du\u0161ikardina varda k\u00fclge, et see sobiks sinu vannitoa kujundusega.<\/li>\n<\/ul>\n<p>\u2022 M\u00f5\u00f5dud 31 x 9 x 65 cm<br \/>\n\u2022 Valmistatud 90% taaskasutatud plastikust<br \/>\n\u2022 <a href=\"\/et\/tootekategooria\/brandid\/umbra-et\/\">Br\u00e4nd Umbra<\/a><\/p>\n<p><strong>Meist<\/strong><\/p>\n<p>1979. aastal alguse saanud \u00fche lihtsa aknakardinaga s\u00fcndis Umbra kirest originaalse disaini ja taskukohase, kaasaegse stiili vastu. Kaasasutajad Les Mandelbaum ja Paul Rowan n\u00e4gid vajadust luua loomingulisi ja soodsaid tooteid, mis sobiksid igasse koju.<\/p>\n<p>T\u00e4naseks on Torontos, Kanadas asuv Umbra kasvanud rahvusvaheliseks disainiliidriks, tegutsedes enam kui 120 riigis ja omades esindusi Euroopas, P\u00f5hja- ja L\u00f5una-Ameerikas ning Aasias. Innovatsioonist kantuna toob meie rahvusvaheline disainitiim igap\u00e4evaesemetesse v\u00e4rsket loomingulisust ja uusi ideid, seades kaasaegsele disainile uusi standardeid.<\/p>\n<p><a href=\"\/et\/tootekategooria\/brandid\/umbra-et\/\"><img loading=\"lazy\" decoding=\"async\" class=\"alignnone size-full wp-image-93263\" src=\"https:\/\/www.talidesign.eu\/wp\/wp-content\/uploads\/2024\/10\/umbralogo-1.jpg\" alt=\"\" width=\"500\" height=\"100\" \/><\/a><\/p>\n","protected":false},"excerpt":{"rendered":"<p><strong>Flex vannitoariiul Must<\/strong><\/p>\n<p>Hoidke k\u00f5ik oma du\u0161itarvikud mugavalt \u00fches kohas Umbra praktilise Flex du\u0161ihoidikuga. Flex on loodud v\u00f5tma minimaalselt ruumi, samas mahutades ka suuremad pudelid. J\u00e4igast plastikust raami ja painduvate silikoonribadega Flex du\u0161ihoidik pakub rohkelt hoiuv\u00f5imalusi. Kahel ekstra laial riiulil on piisavalt ruumi \u0161ampoonile, palsamile ja du\u0161igeelile, ning neli konksu sobivad suurep\u00e4raselt nuustikute ja habemenugade hoidmiseks. Nelja &#8220;pudelihoidiku&#8221; abil saab pudeleid hoida tagurpidi, et iga tilk k\u00e4tte saada ja pudel kindlalt paigal p\u00fcsiks. Flexil on sisseehitatud \u00e4ravoolus\u00fcsteem, mis ennetab niiskuse kogunemist ning hallituse ja kopituse teket. Flexi saab paigaldada nii du\u0161iotsiku kui ka du\u0161ikardina varraste k\u00fclge.<\/p>\n<ul>\n<li><strong>Maksimaalne hoiuruum<\/strong><br \/>\nSee kaasaegne riiul on m\u00f5\u00f5tudega 31 x 9 x 65 cm ning sellel on kaks eriti laia riiulit, mis mahutavad kuni neli suurt \u0161ampoonipudelit koos teiste du\u0161itarvikutega.<\/li>\n<li><strong>Funktsionaalne ja modernne<\/strong><br \/>\nFlex du\u0161ihoidikul on kaks ekstra laia riiulit ja paindlikud kummiribad, mis hoiavad kuni neli suurt \u0161ampoonipudelit. Pudelihoidikud v\u00f5imaldavad pudeleid tagurpidi hoida, et iga tilk mugavalt k\u00e4tte saada.<\/li>\n<li><strong>Sisseehitatud \u00e4ravoolus\u00fcsteem<\/strong><br \/>\nFlexil on sisseehitatud \u00e4ravoolus\u00fcsteem, mis hoiab \u00e4ra niiskuse kogunemise, mis muidu p\u00f5hjustaks hallituse ja kopituse teket du\u0161inurgas.<\/li>\n<li><strong>Lihtne paigaldada ja hooldada<\/strong><br \/>\nFlex on lihtne paigaldada ja seda saab kinnitada mitmel viisil \u2013 nii du\u0161iotsiku kui ka du\u0161ikardina varda k\u00fclge, et see sobiks sinu vannitoa kujundusega.<\/li>\n<\/ul>\n<p>\u2022 M\u00f5\u00f5dud 31 x 9 x 65 cm<br \/>\n\u2022 Valmistatud 90% taaskasutatud plastikust<br \/>\n\u2022 <a href=\"\/et\/tootekategooria\/brandid\/umbra-et\/\">Br\u00e4nd Umbra<\/a><\/p>\n<p><strong>Meist<\/strong><\/p>\n<p>1979. aastal alguse saanud \u00fche lihtsa aknakardinaga s\u00fcndis Umbra kirest originaalse disaini ja taskukohase, kaasaegse stiili vastu. Kaasasutajad Les Mandelbaum ja Paul Rowan n\u00e4gid vajadust luua loomingulisi ja soodsaid tooteid, mis sobiksid igasse koju.<\/p>\n<p>T\u00e4naseks on Torontos, Kanadas asuv Umbra kasvanud rahvusvaheliseks disainiliidriks, tegutsedes enam kui 120 riigis ja omades esindusi Euroopas, P\u00f5hja- ja L\u00f5una-Ameerikas ning Aasias. Innovatsioonist kantuna toob meie rahvusvaheline disainitiim igap\u00e4evaesemetesse v\u00e4rsket loomingulisust ja uusi ideid, seades kaasaegsele disainile uusi standardeid.<\/p>\n<p><a href=\"\/et\/tootekategooria\/brandid\/umbra-et\/\"><img loading=\"lazy\" decoding=\"async\" class=\"alignnone size-full wp-image-93263\" src=\"https:\/\/www.talidesign.eu\/wp\/wp-content\/uploads\/2024\/10\/umbralogo-1.jpg\" alt=\"\" width=\"500\" height=\"100\" \/><\/a><\/p>\n","protected":false},"featured_media":93499,"template":"","meta":[],"product_brand":[],"product_cat":[1026,1031,1018,1106,3350,1100],"product_tag":[3356],"class_list":{"0":"post-93479","1":"product","2":"type-product","3":"status-publish","4":"has-post-thumbnail","6":"product_cat-brandid","7":"product_cat-hoiustamine","8":"product_cat-kodu","9":"product_cat-konksud-nagid","10":"product_cat-umbra-et","11":"product_cat-vannituba","12":"product_tag-umbra-et","14":"first","15":"outofstock","16":"taxable","17":"shipping-taxable","18":"purchasable","19":"product-type-simple"},"yoast_head":"<!-- This site is optimized with the Yoast SEO plugin v27.3 - https:\/\/yoast.com\/product\/yoast-seo-wordpress\/ -->\n<title>Umbra Flex vannitoariiul Must - TALI Concept Store<\/title>\n<meta name=\"description\" content=\"Hoidke k\u00f5ik oma du\u0161itarvikud mugavalt \u00fches kohas Umbra praktilise Flex vannitoariiuliga. Maksimaalne hoiuruum ja sisseehitatud \u00e4ravoolus\u00fcsteem.\" \/>\n<meta name=\"robots\" content=\"index, follow, max-snippet:-1, max-image-preview:large, max-video-preview:-1\" \/>\n<link rel=\"canonical\" href=\"https:\/\/www.talidesign.eu\/et\/pood\/toode\/umbra-flex-vannitoariiul-must\/\" \/>\n<meta property=\"og:locale\" content=\"et_EE\" \/>\n<meta property=\"og:type\" content=\"article\" \/>\n<meta property=\"og:title\" content=\"Umbra Flex vannitoariiul Must - TALI Concept Store\" \/>\n<meta property=\"og:description\" content=\"Hoidke k\u00f5ik oma du\u0161itarvikud mugavalt \u00fches kohas Umbra praktilise Flex vannitoariiuliga. Maksimaalne hoiuruum ja sisseehitatud \u00e4ravoolus\u00fcsteem.\" \/>\n<meta property=\"og:url\" content=\"https:\/\/www.talidesign.eu\/et\/pood\/toode\/umbra-flex-vannitoariiul-must\/\" \/>\n<meta property=\"og:site_name\" content=\"TALI Concept Store\" \/>\n<meta property=\"article:publisher\" content=\"https:\/\/www.facebook.com\/TaliDisain\/\" \/>\n<meta property=\"article:modified_time\" content=\"2026-01-08T07:16:15+00:00\" \/>\n<meta property=\"og:image\" content=\"https:\/\/www.talidesign.eu\/wp\/wp-content\/uploads\/2024\/10\/zoakh3ysoduzuqhsunim.jpg\" \/>\n\t<meta property=\"og:image:width\" content=\"1900\" \/>\n\t<meta property=\"og:image:height\" content=\"1900\" \/>\n\t<meta property=\"og:image:type\" content=\"image\/jpeg\" \/>\n<meta name=\"twitter:card\" content=\"summary_large_image\" \/>\n<meta name=\"twitter:label1\" content=\"Est. reading time\" \/>\n\t<meta name=\"twitter:data1\" content=\"2 minutes\" \/>\n<script type=\"application\/ld+json\" class=\"yoast-schema-graph\">{\"@context\":\"https:\\\/\\\/schema.org\",\"@graph\":[{\"@type\":\"WebPage\",\"@id\":\"https:\\\/\\\/www.talidesign.eu\\\/et\\\/pood\\\/toode\\\/umbra-flex-vannitoariiul-must\\\/\",\"url\":\"https:\\\/\\\/www.talidesign.eu\\\/et\\\/pood\\\/toode\\\/umbra-flex-vannitoariiul-must\\\/\",\"name\":\"Umbra Flex vannitoariiul Must - TALI Concept Store\",\"isPartOf\":{\"@id\":\"https:\\\/\\\/www.talidesign.eu\\\/et\\\/#website\"},\"primaryImageOfPage\":{\"@id\":\"https:\\\/\\\/www.talidesign.eu\\\/et\\\/pood\\\/toode\\\/umbra-flex-vannitoariiul-must\\\/#primaryimage\"},\"image\":{\"@id\":\"https:\\\/\\\/www.talidesign.eu\\\/et\\\/pood\\\/toode\\\/umbra-flex-vannitoariiul-must\\\/#primaryimage\"},\"thumbnailUrl\":\"https:\\\/\\\/www.talidesign.eu\\\/wp\\\/wp-content\\\/uploads\\\/2024\\\/10\\\/zoakh3ysoduzuqhsunim.jpg\",\"datePublished\":\"2024-10-31T10:34:43+00:00\",\"dateModified\":\"2026-01-08T07:16:15+00:00\",\"description\":\"Hoidke k\u00f5ik oma du\u0161itarvikud mugavalt \u00fches kohas Umbra praktilise Flex vannitoariiuliga. Maksimaalne hoiuruum ja sisseehitatud \u00e4ravoolus\u00fcsteem.\",\"breadcrumb\":{\"@id\":\"https:\\\/\\\/www.talidesign.eu\\\/et\\\/pood\\\/toode\\\/umbra-flex-vannitoariiul-must\\\/#breadcrumb\"},\"inLanguage\":\"et\",\"potentialAction\":[{\"@type\":\"ReadAction\",\"target\":[\"https:\\\/\\\/www.talidesign.eu\\\/et\\\/pood\\\/toode\\\/umbra-flex-vannitoariiul-must\\\/\"]}]},{\"@type\":\"ImageObject\",\"inLanguage\":\"et\",\"@id\":\"https:\\\/\\\/www.talidesign.eu\\\/et\\\/pood\\\/toode\\\/umbra-flex-vannitoariiul-must\\\/#primaryimage\",\"url\":\"https:\\\/\\\/www.talidesign.eu\\\/wp\\\/wp-content\\\/uploads\\\/2024\\\/10\\\/zoakh3ysoduzuqhsunim.jpg\",\"contentUrl\":\"https:\\\/\\\/www.talidesign.eu\\\/wp\\\/wp-content\\\/uploads\\\/2024\\\/10\\\/zoakh3ysoduzuqhsunim.jpg\",\"width\":1900,\"height\":1900},{\"@type\":\"BreadcrumbList\",\"@id\":\"https:\\\/\\\/www.talidesign.eu\\\/et\\\/pood\\\/toode\\\/umbra-flex-vannitoariiul-must\\\/#breadcrumb\",\"itemListElement\":[{\"@type\":\"ListItem\",\"position\":1,\"name\":\"Avaleht\",\"item\":\"https:\\\/\\\/www.talidesign.eu\\\/et\\\/\"},{\"@type\":\"ListItem\",\"position\":2,\"name\":\"Pood\",\"item\":\"https:\\\/\\\/www.talidesign.eu\\\/et\\\/pood\\\/\"},{\"@type\":\"ListItem\",\"position\":3,\"name\":\"Umbra Flex vannitoariiul Must\"}]},{\"@type\":\"WebSite\",\"@id\":\"https:\\\/\\\/www.talidesign.eu\\\/et\\\/#website\",\"url\":\"https:\\\/\\\/www.talidesign.eu\\\/et\\\/\",\"name\":\"TALI Concept Store\",\"description\":\"Suurim Disainipood Eestis\",\"potentialAction\":[{\"@type\":\"SearchAction\",\"target\":{\"@type\":\"EntryPoint\",\"urlTemplate\":\"https:\\\/\\\/www.talidesign.eu\\\/et\\\/?s={search_term_string}\"},\"query-input\":{\"@type\":\"PropertyValueSpecification\",\"valueRequired\":true,\"valueName\":\"search_term_string\"}}],\"inLanguage\":\"et\"}]}<\/script>\n<!-- \/ Yoast SEO plugin. -->","yoast_head_json":{"title":"Umbra Flex vannitoariiul Must - TALI Concept Store","description":"Hoidke k\u00f5ik oma du\u0161itarvikud mugavalt \u00fches kohas Umbra praktilise Flex vannitoariiuliga. Maksimaalne hoiuruum ja sisseehitatud \u00e4ravoolus\u00fcsteem.","robots":{"index":"index","follow":"follow","max-snippet":"max-snippet:-1","max-image-preview":"max-image-preview:large","max-video-preview":"max-video-preview:-1"},"canonical":"https:\/\/www.talidesign.eu\/et\/pood\/toode\/umbra-flex-vannitoariiul-must\/","og_locale":"et_EE","og_type":"article","og_title":"Umbra Flex vannitoariiul Must - TALI Concept Store","og_description":"Hoidke k\u00f5ik oma du\u0161itarvikud mugavalt \u00fches kohas Umbra praktilise Flex vannitoariiuliga. Maksimaalne hoiuruum ja sisseehitatud \u00e4ravoolus\u00fcsteem.","og_url":"https:\/\/www.talidesign.eu\/et\/pood\/toode\/umbra-flex-vannitoariiul-must\/","og_site_name":"TALI Concept Store","article_publisher":"https:\/\/www.facebook.com\/TaliDisain\/","article_modified_time":"2026-01-08T07:16:15+00:00","og_image":[{"width":1900,"height":1900,"url":"https:\/\/www.talidesign.eu\/wp\/wp-content\/uploads\/2024\/10\/zoakh3ysoduzuqhsunim.jpg","type":"image\/jpeg"}],"twitter_card":"summary_large_image","twitter_misc":{"Est. reading time":"2 minutes"},"schema":{"@context":"https:\/\/schema.org","@graph":[{"@type":"WebPage","@id":"https:\/\/www.talidesign.eu\/et\/pood\/toode\/umbra-flex-vannitoariiul-must\/","url":"https:\/\/www.talidesign.eu\/et\/pood\/toode\/umbra-flex-vannitoariiul-must\/","name":"Umbra Flex vannitoariiul Must - TALI Concept Store","isPartOf":{"@id":"https:\/\/www.talidesign.eu\/et\/#website"},"primaryImageOfPage":{"@id":"https:\/\/www.talidesign.eu\/et\/pood\/toode\/umbra-flex-vannitoariiul-must\/#primaryimage"},"image":{"@id":"https:\/\/www.talidesign.eu\/et\/pood\/toode\/umbra-flex-vannitoariiul-must\/#primaryimage"},"thumbnailUrl":"https:\/\/www.talidesign.eu\/wp\/wp-content\/uploads\/2024\/10\/zoakh3ysoduzuqhsunim.jpg","datePublished":"2024-10-31T10:34:43+00:00","dateModified":"2026-01-08T07:16:15+00:00","description":"Hoidke k\u00f5ik oma du\u0161itarvikud mugavalt \u00fches kohas Umbra praktilise Flex vannitoariiuliga. Maksimaalne hoiuruum ja sisseehitatud \u00e4ravoolus\u00fcsteem.","breadcrumb":{"@id":"https:\/\/www.talidesign.eu\/et\/pood\/toode\/umbra-flex-vannitoariiul-must\/#breadcrumb"},"inLanguage":"et","potentialAction":[{"@type":"ReadAction","target":["https:\/\/www.talidesign.eu\/et\/pood\/toode\/umbra-flex-vannitoariiul-must\/"]}]},{"@type":"ImageObject","inLanguage":"et","@id":"https:\/\/www.talidesign.eu\/et\/pood\/toode\/umbra-flex-vannitoariiul-must\/#primaryimage","url":"https:\/\/www.talidesign.eu\/wp\/wp-content\/uploads\/2024\/10\/zoakh3ysoduzuqhsunim.jpg","contentUrl":"https:\/\/www.talidesign.eu\/wp\/wp-content\/uploads\/2024\/10\/zoakh3ysoduzuqhsunim.jpg","width":1900,"height":1900},{"@type":"BreadcrumbList","@id":"https:\/\/www.talidesign.eu\/et\/pood\/toode\/umbra-flex-vannitoariiul-must\/#breadcrumb","itemListElement":[{"@type":"ListItem","position":1,"name":"Avaleht","item":"https:\/\/www.talidesign.eu\/et\/"},{"@type":"ListItem","position":2,"name":"Pood","item":"https:\/\/www.talidesign.eu\/et\/pood\/"},{"@type":"ListItem","position":3,"name":"Umbra Flex vannitoariiul Must"}]},{"@type":"WebSite","@id":"https:\/\/www.talidesign.eu\/et\/#website","url":"https:\/\/www.talidesign.eu\/et\/","name":"TALI Concept Store","description":"Suurim Disainipood Eestis","potentialAction":[{"@type":"SearchAction","target":{"@type":"EntryPoint","urlTemplate":"https:\/\/www.talidesign.eu\/et\/?s={search_term_string}"},"query-input":{"@type":"PropertyValueSpecification","valueRequired":true,"valueName":"search_term_string"}}],"inLanguage":"et"}]}},"_links":{"self":[{"href":"https:\/\/www.talidesign.eu\/et\/wp-json\/wp\/v2\/product\/93479","targetHints":{"allow":["GET"]}}],"collection":[{"href":"https:\/\/www.talidesign.eu\/et\/wp-json\/wp\/v2\/product"}],"about":[{"href":"https:\/\/www.talidesign.eu\/et\/wp-json\/wp\/v2\/types\/product"}],"wp:featuredmedia":[{"embeddable":true,"href":"https:\/\/www.talidesign.eu\/et\/wp-json\/wp\/v2\/media\/93499"}],"wp:attachment":[{"href":"https:\/\/www.talidesign.eu\/et\/wp-json\/wp\/v2\/media?parent=93479"}],"wp:term":[{"taxonomy":"product_brand","embeddable":true,"href":"https:\/\/www.talidesign.eu\/et\/wp-json\/wp\/v2\/product_brand?post=93479"},{"taxonomy":"product_cat","embeddable":true,"href":"https:\/\/www.talidesign.eu\/et\/wp-json\/wp\/v2\/product_cat?post=93479"},{"taxonomy":"product_tag","embeddable":true,"href":"https:\/\/www.talidesign.eu\/et\/wp-json\/wp\/v2\/product_tag?post=93479"}],"curies":[{"name":"wp","href":"https:\/\/api.w.org\/{rel}","templated":true}]}}