{"id":93503,"date":"2024-11-12T13:04:28","date_gmt":"2024-10-31T11:04:28","guid":{"rendered":"https:\/\/www.talidesign.eu\/?post_type=product&#038;p=93503"},"modified":"2026-03-16T13:12:26","modified_gmt":"2026-03-16T11:12:26","slug":"umbra-touch-hambaharja-tops-valge","status":"publish","type":"product","link":"https:\/\/www.talidesign.eu\/et\/pood\/toode\/umbra-touch-hambaharja-tops-valge\/","title":{"rendered":"Umbra Touch hambaharja tops Valge"},"content":{"rendered":"<p><strong>Touch hambaharja tops Valge<\/strong><\/p>\n<p>Touch hambaharjahoidjal on kolm sektsiooni: \u00fcks suurem sektsioon mahukamate esemete, nagu hambapasta jaoks, ja kaks v\u00e4iksemat sektsiooni tavalise suurusega hambaharjadele. Eraldi lahtrid hoiavad hambaharjad organiseerituna ja v\u00e4hendavad t\u00f5en\u00e4osust, et \u00fchiskasutuses vannitoas segad hambaharja kellegi teise omaga. Touch on valmistatud mati ja pehme viimistlusega vormitud materjalist, mis on kerge puhastada ja v\u00e4ga vastupidav. <\/p>\n<ul>\n<li><strong>Kaasaegne ja stiilne hambaharjahoidja<\/strong><br \/>\nStiilne ja modernne hambaharjahoidja, mis mahutab mitu hambaharja ja hambapasta.<\/li>\n<li><strong>Mahutab palju<\/strong><br \/>\nTouchil on kolm sektsiooni: \u00fcks mahukamatele esemetele, nagu hambapasta, ja kaks v\u00e4iksemate esemete, nagu hambaharjade, jaoks.<\/li>\n<li><strong>L\u00f5busad \u00fcmmargused kujundid<\/strong><br \/>\nTouch koosneb kolmest silindrilisest hoidjast, mis on kokku \u00fchendatud, et luua pilkup\u00fc\u00fcdev ja kaasaegne v\u00e4limus. M\u00f5\u00f5dud 9 x 7.6 x 10 cm, mis v\u00f5tab minimaalselt ruumi.<\/li>\n<li><strong>Pehme viimistlus<\/strong><br \/>\nMatt ja luksuslik pehme viimistlus muudab selle hambaharjahoidja vannitoas stiilseks lisandiks.<\/li>\n<\/ul>\n<p>\u2022 M\u00f5\u00f5dud: 10 x 8 x 10 cm<br \/>\n\u2022 Valmistatud taaskasutatud plastikust.<br \/>\n\u2022 <a href=\"\/et\/tootekategooria\/brandid\/umbra-et\/\">Br\u00e4nd Umbra<\/a><\/p>\n<p><strong>Meist<\/strong><\/p>\n<p>1979. aastal alguse saanud \u00fche lihtsa aknakardinaga s\u00fcndis Umbra kirest originaalse disaini ja taskukohase, kaasaegse stiili vastu. Kaasasutajad Les Mandelbaum ja Paul Rowan n\u00e4gid vajadust luua loomingulisi ja soodsaid tooteid, mis sobiksid igasse koju.<\/p>\n<p>T\u00e4naseks on Torontos, Kanadas asuv Umbra kasvanud rahvusvaheliseks disainiliidriks, tegutsedes enam kui 120 riigis ja omades esindusi Euroopas, P\u00f5hja- ja L\u00f5una-Ameerikas ning Aasias. Innovatsioonist kantuna toob meie rahvusvaheline disainitiim igap\u00e4evaesemetesse v\u00e4rsket loomingulisust ja uusi ideid, seades kaasaegsele disainile uusi standardeid.<\/p>\n<p><a href=\"\/et\/tootekategooria\/brandid\/umbra-et\/\"><img loading=\"lazy\" decoding=\"async\" src=\"https:\/\/www.talidesign.eu\/wp\/wp-content\/uploads\/2024\/10\/umbralogo-1.jpg\" alt=\"\" width=\"500\" height=\"100\" class=\"alignnone size-full wp-image-93263\" \/><\/a><\/p>\n","protected":false},"excerpt":{"rendered":"<p><strong>Touch hambaharja tops Valge<\/strong><\/p>\n<p>Touch hambaharjahoidjal on kolm sektsiooni: \u00fcks suurem sektsioon mahukamate esemete, nagu hambapasta jaoks, ja kaks v\u00e4iksemat sektsiooni tavalise suurusega hambaharjadele. Eraldi lahtrid hoiavad hambaharjad organiseerituna ja v\u00e4hendavad t\u00f5en\u00e4osust, et \u00fchiskasutuses vannitoas segad hambaharja kellegi teise omaga. Touch on valmistatud mati ja pehme viimistlusega vormitud materjalist, mis on kerge puhastada ja v\u00e4ga vastupidav. <\/p>\n<ul>\n<li><strong>Kaasaegne ja stiilne hambaharjahoidja<\/strong><br \/>\nStiilne ja modernne hambaharjahoidja, mis mahutab mitu hambaharja ja hambapasta.<\/li>\n<li><strong>Mahutab palju<\/strong><br \/>\nTouchil on kolm sektsiooni: \u00fcks mahukamatele esemetele, nagu hambapasta, ja kaks v\u00e4iksemate esemete, nagu hambaharjade, jaoks.<\/li>\n<li><strong>L\u00f5busad \u00fcmmargused kujundid<\/strong><br \/>\nTouch koosneb kolmest silindrilisest hoidjast, mis on kokku \u00fchendatud, et luua pilkup\u00fc\u00fcdev ja kaasaegne v\u00e4limus. M\u00f5\u00f5dud 9 x 7.6 x 10 cm, mis v\u00f5tab minimaalselt ruumi.<\/li>\n<li><strong>Pehme viimistlus<\/strong><br \/>\nMatt ja luksuslik pehme viimistlus muudab selle hambaharjahoidja vannitoas stiilseks lisandiks.<\/li>\n<\/ul>\n<p>\u2022 M\u00f5\u00f5dud: 10 x 8 x 10 cm<br \/>\n\u2022 Valmistatud taaskasutatud plastikust.<br \/>\n\u2022 <a href=\"\/et\/tootekategooria\/brandid\/umbra-et\/\">Br\u00e4nd Umbra<\/a><\/p>\n<p><strong>Meist<\/strong><\/p>\n<p>1979. aastal alguse saanud \u00fche lihtsa aknakardinaga s\u00fcndis Umbra kirest originaalse disaini ja taskukohase, kaasaegse stiili vastu. Kaasasutajad Les Mandelbaum ja Paul Rowan n\u00e4gid vajadust luua loomingulisi ja soodsaid tooteid, mis sobiksid igasse koju.<\/p>\n<p>T\u00e4naseks on Torontos, Kanadas asuv Umbra kasvanud rahvusvaheliseks disainiliidriks, tegutsedes enam kui 120 riigis ja omades esindusi Euroopas, P\u00f5hja- ja L\u00f5una-Ameerikas ning Aasias. Innovatsioonist kantuna toob meie rahvusvaheline disainitiim igap\u00e4evaesemetesse v\u00e4rsket loomingulisust ja uusi ideid, seades kaasaegsele disainile uusi standardeid.<\/p>\n<p><a href=\"\/et\/tootekategooria\/brandid\/umbra-et\/\"><img loading=\"lazy\" decoding=\"async\" src=\"https:\/\/www.talidesign.eu\/wp\/wp-content\/uploads\/2024\/10\/umbralogo-1.jpg\" alt=\"\" width=\"500\" height=\"100\" class=\"alignnone size-full wp-image-93263\" \/><\/a><\/p>\n","protected":false},"featured_media":93509,"template":"","meta":[],"product_brand":[],"product_cat":[1026,1018,3350,1100],"product_tag":[3356],"class_list":{"0":"post-93503","1":"product","2":"type-product","3":"status-publish","4":"has-post-thumbnail","6":"product_cat-brandid","7":"product_cat-kodu","8":"product_cat-umbra-et","9":"product_cat-vannituba","10":"product_tag-umbra-et","12":"first","13":"instock","14":"taxable","15":"shipping-taxable","16":"purchasable","17":"product-type-simple"},"yoast_head":"<!-- This site is optimized with the Yoast SEO plugin v27.3 - https:\/\/yoast.com\/product\/yoast-seo-wordpress\/ -->\n<title>Umbra Touch hambaharja tops Valge - TALI Concept Store<\/title>\n<meta name=\"description\" content=\"Avasta Umbra Touch hambaharja tops Valge - kaasaegne ja stiilne hambaharjahoidja, mis mahutab mitu hambaharja ja hambapasta. L\u00f5busad \u00fcmmargused kujundid ja pehme viimistlus muudavad selle vannitoas stiilseks lisandiks.\" \/>\n<meta name=\"robots\" content=\"index, follow, max-snippet:-1, max-image-preview:large, max-video-preview:-1\" \/>\n<link rel=\"canonical\" href=\"https:\/\/www.talidesign.eu\/et\/pood\/toode\/umbra-touch-hambaharja-tops-valge\/\" \/>\n<meta property=\"og:locale\" content=\"et_EE\" \/>\n<meta property=\"og:type\" content=\"article\" \/>\n<meta property=\"og:title\" content=\"Umbra Touch hambaharja tops Valge - TALI Concept Store\" \/>\n<meta property=\"og:description\" content=\"Avasta Umbra Touch hambaharja tops Valge - kaasaegne ja stiilne hambaharjahoidja, mis mahutab mitu hambaharja ja hambapasta. L\u00f5busad \u00fcmmargused kujundid ja pehme viimistlus muudavad selle vannitoas stiilseks lisandiks.\" \/>\n<meta property=\"og:url\" content=\"https:\/\/www.talidesign.eu\/et\/pood\/toode\/umbra-touch-hambaharja-tops-valge\/\" \/>\n<meta property=\"og:site_name\" content=\"TALI Concept Store\" \/>\n<meta property=\"article:publisher\" content=\"https:\/\/www.facebook.com\/TaliDisain\/\" \/>\n<meta property=\"article:modified_time\" content=\"2026-03-16T11:12:26+00:00\" \/>\n<meta property=\"og:image\" content=\"https:\/\/www.talidesign.eu\/wp\/wp-content\/uploads\/2024\/10\/kqrlh2d9txduugxikopk.jpg\" \/>\n\t<meta property=\"og:image:width\" content=\"1900\" \/>\n\t<meta property=\"og:image:height\" content=\"1900\" \/>\n\t<meta property=\"og:image:type\" content=\"image\/jpeg\" \/>\n<meta name=\"twitter:card\" content=\"summary_large_image\" \/>\n<meta name=\"twitter:label1\" content=\"Est. reading time\" \/>\n\t<meta name=\"twitter:data1\" content=\"2 minutes\" \/>\n<script type=\"application\/ld+json\" class=\"yoast-schema-graph\">{\"@context\":\"https:\\\/\\\/schema.org\",\"@graph\":[{\"@type\":\"WebPage\",\"@id\":\"https:\\\/\\\/www.talidesign.eu\\\/et\\\/pood\\\/toode\\\/umbra-touch-hambaharja-tops-valge\\\/\",\"url\":\"https:\\\/\\\/www.talidesign.eu\\\/et\\\/pood\\\/toode\\\/umbra-touch-hambaharja-tops-valge\\\/\",\"name\":\"Umbra Touch hambaharja tops Valge - TALI Concept Store\",\"isPartOf\":{\"@id\":\"https:\\\/\\\/www.talidesign.eu\\\/et\\\/#website\"},\"primaryImageOfPage\":{\"@id\":\"https:\\\/\\\/www.talidesign.eu\\\/et\\\/pood\\\/toode\\\/umbra-touch-hambaharja-tops-valge\\\/#primaryimage\"},\"image\":{\"@id\":\"https:\\\/\\\/www.talidesign.eu\\\/et\\\/pood\\\/toode\\\/umbra-touch-hambaharja-tops-valge\\\/#primaryimage\"},\"thumbnailUrl\":\"https:\\\/\\\/www.talidesign.eu\\\/wp\\\/wp-content\\\/uploads\\\/2024\\\/10\\\/kqrlh2d9txduugxikopk.jpg\",\"datePublished\":\"2024-10-31T11:04:28+00:00\",\"dateModified\":\"2026-03-16T11:12:26+00:00\",\"description\":\"Avasta Umbra Touch hambaharja tops Valge - kaasaegne ja stiilne hambaharjahoidja, mis mahutab mitu hambaharja ja hambapasta. L\u00f5busad \u00fcmmargused kujundid ja pehme viimistlus muudavad selle vannitoas stiilseks lisandiks.\",\"breadcrumb\":{\"@id\":\"https:\\\/\\\/www.talidesign.eu\\\/et\\\/pood\\\/toode\\\/umbra-touch-hambaharja-tops-valge\\\/#breadcrumb\"},\"inLanguage\":\"et\",\"potentialAction\":[{\"@type\":\"ReadAction\",\"target\":[\"https:\\\/\\\/www.talidesign.eu\\\/et\\\/pood\\\/toode\\\/umbra-touch-hambaharja-tops-valge\\\/\"]}]},{\"@type\":\"ImageObject\",\"inLanguage\":\"et\",\"@id\":\"https:\\\/\\\/www.talidesign.eu\\\/et\\\/pood\\\/toode\\\/umbra-touch-hambaharja-tops-valge\\\/#primaryimage\",\"url\":\"https:\\\/\\\/www.talidesign.eu\\\/wp\\\/wp-content\\\/uploads\\\/2024\\\/10\\\/kqrlh2d9txduugxikopk.jpg\",\"contentUrl\":\"https:\\\/\\\/www.talidesign.eu\\\/wp\\\/wp-content\\\/uploads\\\/2024\\\/10\\\/kqrlh2d9txduugxikopk.jpg\",\"width\":1900,\"height\":1900},{\"@type\":\"BreadcrumbList\",\"@id\":\"https:\\\/\\\/www.talidesign.eu\\\/et\\\/pood\\\/toode\\\/umbra-touch-hambaharja-tops-valge\\\/#breadcrumb\",\"itemListElement\":[{\"@type\":\"ListItem\",\"position\":1,\"name\":\"Avaleht\",\"item\":\"https:\\\/\\\/www.talidesign.eu\\\/et\\\/\"},{\"@type\":\"ListItem\",\"position\":2,\"name\":\"Pood\",\"item\":\"https:\\\/\\\/www.talidesign.eu\\\/et\\\/pood\\\/\"},{\"@type\":\"ListItem\",\"position\":3,\"name\":\"Umbra Touch hambaharja tops Valge\"}]},{\"@type\":\"WebSite\",\"@id\":\"https:\\\/\\\/www.talidesign.eu\\\/et\\\/#website\",\"url\":\"https:\\\/\\\/www.talidesign.eu\\\/et\\\/\",\"name\":\"TALI Concept Store\",\"description\":\"Suurim Disainipood Eestis\",\"potentialAction\":[{\"@type\":\"SearchAction\",\"target\":{\"@type\":\"EntryPoint\",\"urlTemplate\":\"https:\\\/\\\/www.talidesign.eu\\\/et\\\/?s={search_term_string}\"},\"query-input\":{\"@type\":\"PropertyValueSpecification\",\"valueRequired\":true,\"valueName\":\"search_term_string\"}}],\"inLanguage\":\"et\"}]}<\/script>\n<!-- \/ Yoast SEO plugin. -->","yoast_head_json":{"title":"Umbra Touch hambaharja tops Valge - TALI Concept Store","description":"Avasta Umbra Touch hambaharja tops Valge - kaasaegne ja stiilne hambaharjahoidja, mis mahutab mitu hambaharja ja hambapasta. L\u00f5busad \u00fcmmargused kujundid ja pehme viimistlus muudavad selle vannitoas stiilseks lisandiks.","robots":{"index":"index","follow":"follow","max-snippet":"max-snippet:-1","max-image-preview":"max-image-preview:large","max-video-preview":"max-video-preview:-1"},"canonical":"https:\/\/www.talidesign.eu\/et\/pood\/toode\/umbra-touch-hambaharja-tops-valge\/","og_locale":"et_EE","og_type":"article","og_title":"Umbra Touch hambaharja tops Valge - TALI Concept Store","og_description":"Avasta Umbra Touch hambaharja tops Valge - kaasaegne ja stiilne hambaharjahoidja, mis mahutab mitu hambaharja ja hambapasta. L\u00f5busad \u00fcmmargused kujundid ja pehme viimistlus muudavad selle vannitoas stiilseks lisandiks.","og_url":"https:\/\/www.talidesign.eu\/et\/pood\/toode\/umbra-touch-hambaharja-tops-valge\/","og_site_name":"TALI Concept Store","article_publisher":"https:\/\/www.facebook.com\/TaliDisain\/","article_modified_time":"2026-03-16T11:12:26+00:00","og_image":[{"width":1900,"height":1900,"url":"https:\/\/www.talidesign.eu\/wp\/wp-content\/uploads\/2024\/10\/kqrlh2d9txduugxikopk.jpg","type":"image\/jpeg"}],"twitter_card":"summary_large_image","twitter_misc":{"Est. reading time":"2 minutes"},"schema":{"@context":"https:\/\/schema.org","@graph":[{"@type":"WebPage","@id":"https:\/\/www.talidesign.eu\/et\/pood\/toode\/umbra-touch-hambaharja-tops-valge\/","url":"https:\/\/www.talidesign.eu\/et\/pood\/toode\/umbra-touch-hambaharja-tops-valge\/","name":"Umbra Touch hambaharja tops Valge - TALI Concept Store","isPartOf":{"@id":"https:\/\/www.talidesign.eu\/et\/#website"},"primaryImageOfPage":{"@id":"https:\/\/www.talidesign.eu\/et\/pood\/toode\/umbra-touch-hambaharja-tops-valge\/#primaryimage"},"image":{"@id":"https:\/\/www.talidesign.eu\/et\/pood\/toode\/umbra-touch-hambaharja-tops-valge\/#primaryimage"},"thumbnailUrl":"https:\/\/www.talidesign.eu\/wp\/wp-content\/uploads\/2024\/10\/kqrlh2d9txduugxikopk.jpg","datePublished":"2024-10-31T11:04:28+00:00","dateModified":"2026-03-16T11:12:26+00:00","description":"Avasta Umbra Touch hambaharja tops Valge - kaasaegne ja stiilne hambaharjahoidja, mis mahutab mitu hambaharja ja hambapasta. L\u00f5busad \u00fcmmargused kujundid ja pehme viimistlus muudavad selle vannitoas stiilseks lisandiks.","breadcrumb":{"@id":"https:\/\/www.talidesign.eu\/et\/pood\/toode\/umbra-touch-hambaharja-tops-valge\/#breadcrumb"},"inLanguage":"et","potentialAction":[{"@type":"ReadAction","target":["https:\/\/www.talidesign.eu\/et\/pood\/toode\/umbra-touch-hambaharja-tops-valge\/"]}]},{"@type":"ImageObject","inLanguage":"et","@id":"https:\/\/www.talidesign.eu\/et\/pood\/toode\/umbra-touch-hambaharja-tops-valge\/#primaryimage","url":"https:\/\/www.talidesign.eu\/wp\/wp-content\/uploads\/2024\/10\/kqrlh2d9txduugxikopk.jpg","contentUrl":"https:\/\/www.talidesign.eu\/wp\/wp-content\/uploads\/2024\/10\/kqrlh2d9txduugxikopk.jpg","width":1900,"height":1900},{"@type":"BreadcrumbList","@id":"https:\/\/www.talidesign.eu\/et\/pood\/toode\/umbra-touch-hambaharja-tops-valge\/#breadcrumb","itemListElement":[{"@type":"ListItem","position":1,"name":"Avaleht","item":"https:\/\/www.talidesign.eu\/et\/"},{"@type":"ListItem","position":2,"name":"Pood","item":"https:\/\/www.talidesign.eu\/et\/pood\/"},{"@type":"ListItem","position":3,"name":"Umbra Touch hambaharja tops Valge"}]},{"@type":"WebSite","@id":"https:\/\/www.talidesign.eu\/et\/#website","url":"https:\/\/www.talidesign.eu\/et\/","name":"TALI Concept Store","description":"Suurim Disainipood Eestis","potentialAction":[{"@type":"SearchAction","target":{"@type":"EntryPoint","urlTemplate":"https:\/\/www.talidesign.eu\/et\/?s={search_term_string}"},"query-input":{"@type":"PropertyValueSpecification","valueRequired":true,"valueName":"search_term_string"}}],"inLanguage":"et"}]}},"_links":{"self":[{"href":"https:\/\/www.talidesign.eu\/et\/wp-json\/wp\/v2\/product\/93503","targetHints":{"allow":["GET"]}}],"collection":[{"href":"https:\/\/www.talidesign.eu\/et\/wp-json\/wp\/v2\/product"}],"about":[{"href":"https:\/\/www.talidesign.eu\/et\/wp-json\/wp\/v2\/types\/product"}],"wp:featuredmedia":[{"embeddable":true,"href":"https:\/\/www.talidesign.eu\/et\/wp-json\/wp\/v2\/media\/93509"}],"wp:attachment":[{"href":"https:\/\/www.talidesign.eu\/et\/wp-json\/wp\/v2\/media?parent=93503"}],"wp:term":[{"taxonomy":"product_brand","embeddable":true,"href":"https:\/\/www.talidesign.eu\/et\/wp-json\/wp\/v2\/product_brand?post=93503"},{"taxonomy":"product_cat","embeddable":true,"href":"https:\/\/www.talidesign.eu\/et\/wp-json\/wp\/v2\/product_cat?post=93503"},{"taxonomy":"product_tag","embeddable":true,"href":"https:\/\/www.talidesign.eu\/et\/wp-json\/wp\/v2\/product_tag?post=93503"}],"curies":[{"name":"wp","href":"https:\/\/api.w.org\/{rel}","templated":true}]}}