{"id":93549,"date":"2024-11-12T13:42:17","date_gmt":"2024-10-31T11:42:17","guid":{"rendered":"https:\/\/www.talidesign.eu\/?post_type=product&#038;p=93549"},"modified":"2026-03-13T15:56:40","modified_gmt":"2026-03-13T13:56:40","slug":"umbra-udry-mini-noudekuivatusalus","status":"publish","type":"product","link":"https:\/\/www.talidesign.eu\/et\/pood\/toode\/umbra-udry-mini-noudekuivatusalus\/","title":{"rendered":"Umbra UDry Mini n\u00f5udekuivatusalus"},"content":{"rendered":"<p><strong>UDry Mini n\u00f5udekuivatusalus<\/strong><\/p>\n<p>UDry on uuenduslik lahendus, mis v\u00f5imaldab n\u00f5usid kiirelt ja lihtsalt kuivatada. Valmistatud vastupidavast pol\u00fcprop\u00fcleenist, mille kerge mikrokiudmatt imab kuivatatavatelt n\u00f5udelt vett, kaitstes samal ajal t\u00f6\u00f6pinda kriimustuste ja vee kogunemise eest. UDry on kasutamisel praktiline ning kasutusv\u00e4lisel ajal saab selle lihtsalt kokku voltida ja kapis hoiustada, hoides t\u00f6\u00f6pinna puhtana. Ruumi s\u00e4\u00e4stev kuivatuslahendus, mis \u00fchendab organiseerituse ja funktsionaalse kuivatuse. Valmistatud taaskasutatud plastikust.<\/p>\n<ul>\n<li><strong>N\u00f5udekuivatusalus ja matt \u00fches<\/strong><br \/>\nUmbra UDry \u00fchendab n\u00f5udekuivatusresti ja kuivatusmati, mis v\u00f5imaldab sul n\u00f5usid, klaase, s\u00f6\u00f6giriistu, potte ja panne korrastatult kuivatada, samal ajal kui tegeled muude toimetustega.<\/li>\n<li><strong>Superimav mikrokiudmatt<\/strong><br \/>\nVorm ja funktsionaalsus \u00fches \u2013 UDry mikrokiudmatt imab kuivatatavatelt n\u00f5udelt vett, kaitstes t\u00f6\u00f6pinda kriimustuste ja vee kogunemise eest.<\/li>\n<li><strong>Eemaldatav n\u00f5udekuivatusalus<\/strong><br \/>\nPaindlik ja vastupidav BPA-vaba plastikust n\u00f5udekuivatusalus on lihtsalt eemaldatav ja n\u00f5udepesumasinas pestav (ainult \u00fclemisel riiulil), tagades lihtsa hoolduse.<\/li>\n<li><strong>Kokkupandav ja ruumis\u00e4\u00e4stlik<\/strong><br \/>\nKasutusv\u00e4lisel ajal volditakse UDry kompaktseks, sobides sahtlisse v\u00f5i kappi ja j\u00e4ttes t\u00f6\u00f6pinna puhtaks.<\/li>\n<\/ul>\n<p>\u2022 Taaskasutatud plastik \u2013 keskkonnas\u00f5bralik ja vastupidav<br \/>\n\u2022 Superimav mikrokiudmatt \u2013 kaitseb pindu ja imab vett efektiivselt<br \/>\n\u2022 <a href=\"\/et\/tootekategooria\/brandid\/umbra-et\/\">Br\u00e4nd Umbra<\/a><\/p>\n<p><strong>Meist<\/strong><\/p>\n<p>1979. aastal alguse saanud \u00fche lihtsa aknakardinaga s\u00fcndis Umbra kirest originaalse disaini ja taskukohase, kaasaegse stiili vastu. Kaasasutajad Les Mandelbaum ja Paul Rowan n\u00e4gid vajadust luua loomingulisi ja soodsaid tooteid, mis sobiksid igasse koju.<\/p>\n<p>T\u00e4naseks on Torontos, Kanadas asuv Umbra kasvanud rahvusvaheliseks disainiliidriks, tegutsedes enam kui 120 riigis ja omades esindusi Euroopas, P\u00f5hja- ja L\u00f5una-Ameerikas ning Aasias. Innovatsioonist kantuna toob meie rahvusvaheline disainitiim igap\u00e4evaesemetesse v\u00e4rsket loomingulisust ja uusi ideid, seades kaasaegsele disainile uusi standardeid.<\/p>\n<p><a href=\"\/et\/tootekategooria\/brandid\/umbra-et\/\"><img loading=\"lazy\" decoding=\"async\" src=\"https:\/\/www.talidesign.eu\/wp\/wp-content\/uploads\/2024\/10\/umbralogo-1.jpg\" alt=\"\" width=\"500\" height=\"100\" class=\"alignnone size-full wp-image-93263\" \/><\/a><\/p>\n","protected":false},"excerpt":{"rendered":"<p><strong>UDry Mini n\u00f5udekuivatusalus<\/strong><\/p>\n<p>UDry on uuenduslik lahendus, mis v\u00f5imaldab n\u00f5usid kiirelt ja lihtsalt kuivatada. Valmistatud vastupidavast pol\u00fcprop\u00fcleenist, mille kerge mikrokiudmatt imab kuivatatavatelt n\u00f5udelt vett, kaitstes samal ajal t\u00f6\u00f6pinda kriimustuste ja vee kogunemise eest. UDry on kasutamisel praktiline ning kasutusv\u00e4lisel ajal saab selle lihtsalt kokku voltida ja kapis hoiustada, hoides t\u00f6\u00f6pinna puhtana. Ruumi s\u00e4\u00e4stev kuivatuslahendus, mis \u00fchendab organiseerituse ja funktsionaalse kuivatuse. Valmistatud taaskasutatud plastikust.<\/p>\n<ul>\n<li><strong>N\u00f5udekuivatusalus ja matt \u00fches<\/strong><br \/>\nUmbra UDry \u00fchendab n\u00f5udekuivatusresti ja kuivatusmati, mis v\u00f5imaldab sul n\u00f5usid, klaase, s\u00f6\u00f6giriistu, potte ja panne korrastatult kuivatada, samal ajal kui tegeled muude toimetustega.<\/li>\n<li><strong>Superimav mikrokiudmatt<\/strong><br \/>\nVorm ja funktsionaalsus \u00fches \u2013 UDry mikrokiudmatt imab kuivatatavatelt n\u00f5udelt vett, kaitstes t\u00f6\u00f6pinda kriimustuste ja vee kogunemise eest.<\/li>\n<li><strong>Eemaldatav n\u00f5udekuivatusalus<\/strong><br \/>\nPaindlik ja vastupidav BPA-vaba plastikust n\u00f5udekuivatusalus on lihtsalt eemaldatav ja n\u00f5udepesumasinas pestav (ainult \u00fclemisel riiulil), tagades lihtsa hoolduse.<\/li>\n<li><strong>Kokkupandav ja ruumis\u00e4\u00e4stlik<\/strong><br \/>\nKasutusv\u00e4lisel ajal volditakse UDry kompaktseks, sobides sahtlisse v\u00f5i kappi ja j\u00e4ttes t\u00f6\u00f6pinna puhtaks.<\/li>\n<\/ul>\n<p>\u2022 Taaskasutatud plastik \u2013 keskkonnas\u00f5bralik ja vastupidav<br \/>\n\u2022 Superimav mikrokiudmatt \u2013 kaitseb pindu ja imab vett efektiivselt<br \/>\n\u2022 <a href=\"\/et\/tootekategooria\/brandid\/umbra-et\/\">Br\u00e4nd Umbra<\/a><\/p>\n<p><strong>Meist<\/strong><\/p>\n<p>1979. aastal alguse saanud \u00fche lihtsa aknakardinaga s\u00fcndis Umbra kirest originaalse disaini ja taskukohase, kaasaegse stiili vastu. Kaasasutajad Les Mandelbaum ja Paul Rowan n\u00e4gid vajadust luua loomingulisi ja soodsaid tooteid, mis sobiksid igasse koju.<\/p>\n<p>T\u00e4naseks on Torontos, Kanadas asuv Umbra kasvanud rahvusvaheliseks disainiliidriks, tegutsedes enam kui 120 riigis ja omades esindusi Euroopas, P\u00f5hja- ja L\u00f5una-Ameerikas ning Aasias. Innovatsioonist kantuna toob meie rahvusvaheline disainitiim igap\u00e4evaesemetesse v\u00e4rsket loomingulisust ja uusi ideid, seades kaasaegsele disainile uusi standardeid.<\/p>\n<p><a href=\"\/et\/tootekategooria\/brandid\/umbra-et\/\"><img loading=\"lazy\" decoding=\"async\" src=\"https:\/\/www.talidesign.eu\/wp\/wp-content\/uploads\/2024\/10\/umbralogo-1.jpg\" alt=\"\" width=\"500\" height=\"100\" class=\"alignnone size-full wp-image-93263\" \/><\/a><\/p>\n","protected":false},"featured_media":93551,"template":"","meta":[],"product_brand":[],"product_cat":[1026,1018,1030,3350],"product_tag":[3356],"class_list":{"0":"post-93549","1":"product","2":"type-product","3":"status-publish","4":"has-post-thumbnail","6":"product_cat-brandid","7":"product_cat-kodu","8":"product_cat-kook","9":"product_cat-umbra-et","10":"product_tag-umbra-et","12":"first","13":"instock","14":"taxable","15":"shipping-taxable","16":"purchasable","17":"product-type-simple"},"yoast_head":"<!-- This site is optimized with the Yoast SEO plugin v27.3 - https:\/\/yoast.com\/product\/yoast-seo-wordpress\/ -->\n<title>Umbra UDry Mini n\u00f5udekuivatusalus - TALI Concept Store<\/title>\n<meta name=\"description\" content=\"Uuenduslik UDry Mini n\u00f5udekuivatusalus - praktiline ja ruumis\u00e4\u00e4stlik lahendus, mis \u00fchendab organiseerituse ja funktsionaalse kuivatuse. Valmistatud taaskasutatud plastikust.\" \/>\n<meta name=\"robots\" content=\"index, follow, max-snippet:-1, max-image-preview:large, max-video-preview:-1\" \/>\n<link rel=\"canonical\" href=\"https:\/\/www.talidesign.eu\/et\/pood\/toode\/umbra-udry-mini-noudekuivatusalus\/\" \/>\n<meta property=\"og:locale\" content=\"et_EE\" \/>\n<meta property=\"og:type\" content=\"article\" \/>\n<meta property=\"og:title\" content=\"Umbra UDry Mini n\u00f5udekuivatusalus - TALI Concept Store\" \/>\n<meta property=\"og:description\" content=\"Uuenduslik UDry Mini n\u00f5udekuivatusalus - praktiline ja ruumis\u00e4\u00e4stlik lahendus, mis \u00fchendab organiseerituse ja funktsionaalse kuivatuse. Valmistatud taaskasutatud plastikust.\" \/>\n<meta property=\"og:url\" content=\"https:\/\/www.talidesign.eu\/et\/pood\/toode\/umbra-udry-mini-noudekuivatusalus\/\" \/>\n<meta property=\"og:site_name\" content=\"TALI Concept Store\" \/>\n<meta property=\"article:publisher\" content=\"https:\/\/www.facebook.com\/TaliDisain\/\" \/>\n<meta property=\"article:modified_time\" content=\"2026-03-13T13:56:40+00:00\" \/>\n<meta property=\"og:image\" content=\"https:\/\/www.talidesign.eu\/wp\/wp-content\/uploads\/2024\/10\/d02jfmrjxvw1rl62ubnc.jpeg\" \/>\n\t<meta property=\"og:image:width\" content=\"1900\" \/>\n\t<meta property=\"og:image:height\" content=\"1900\" \/>\n\t<meta property=\"og:image:type\" content=\"image\/jpeg\" \/>\n<meta name=\"twitter:card\" content=\"summary_large_image\" \/>\n<meta name=\"twitter:label1\" content=\"Est. reading time\" \/>\n\t<meta name=\"twitter:data1\" content=\"2 minutes\" \/>\n<script type=\"application\/ld+json\" class=\"yoast-schema-graph\">{\"@context\":\"https:\\\/\\\/schema.org\",\"@graph\":[{\"@type\":\"WebPage\",\"@id\":\"https:\\\/\\\/www.talidesign.eu\\\/et\\\/pood\\\/toode\\\/umbra-udry-mini-noudekuivatusalus\\\/\",\"url\":\"https:\\\/\\\/www.talidesign.eu\\\/et\\\/pood\\\/toode\\\/umbra-udry-mini-noudekuivatusalus\\\/\",\"name\":\"Umbra UDry Mini n\u00f5udekuivatusalus - TALI Concept Store\",\"isPartOf\":{\"@id\":\"https:\\\/\\\/www.talidesign.eu\\\/et\\\/#website\"},\"primaryImageOfPage\":{\"@id\":\"https:\\\/\\\/www.talidesign.eu\\\/et\\\/pood\\\/toode\\\/umbra-udry-mini-noudekuivatusalus\\\/#primaryimage\"},\"image\":{\"@id\":\"https:\\\/\\\/www.talidesign.eu\\\/et\\\/pood\\\/toode\\\/umbra-udry-mini-noudekuivatusalus\\\/#primaryimage\"},\"thumbnailUrl\":\"https:\\\/\\\/www.talidesign.eu\\\/wp\\\/wp-content\\\/uploads\\\/2024\\\/10\\\/d02jfmrjxvw1rl62ubnc.jpeg\",\"datePublished\":\"2024-10-31T11:42:17+00:00\",\"dateModified\":\"2026-03-13T13:56:40+00:00\",\"description\":\"Uuenduslik UDry Mini n\u00f5udekuivatusalus - praktiline ja ruumis\u00e4\u00e4stlik lahendus, mis \u00fchendab organiseerituse ja funktsionaalse kuivatuse. Valmistatud taaskasutatud plastikust.\",\"breadcrumb\":{\"@id\":\"https:\\\/\\\/www.talidesign.eu\\\/et\\\/pood\\\/toode\\\/umbra-udry-mini-noudekuivatusalus\\\/#breadcrumb\"},\"inLanguage\":\"et\",\"potentialAction\":[{\"@type\":\"ReadAction\",\"target\":[\"https:\\\/\\\/www.talidesign.eu\\\/et\\\/pood\\\/toode\\\/umbra-udry-mini-noudekuivatusalus\\\/\"]}]},{\"@type\":\"ImageObject\",\"inLanguage\":\"et\",\"@id\":\"https:\\\/\\\/www.talidesign.eu\\\/et\\\/pood\\\/toode\\\/umbra-udry-mini-noudekuivatusalus\\\/#primaryimage\",\"url\":\"https:\\\/\\\/www.talidesign.eu\\\/wp\\\/wp-content\\\/uploads\\\/2024\\\/10\\\/d02jfmrjxvw1rl62ubnc.jpeg\",\"contentUrl\":\"https:\\\/\\\/www.talidesign.eu\\\/wp\\\/wp-content\\\/uploads\\\/2024\\\/10\\\/d02jfmrjxvw1rl62ubnc.jpeg\",\"width\":1900,\"height\":1900},{\"@type\":\"BreadcrumbList\",\"@id\":\"https:\\\/\\\/www.talidesign.eu\\\/et\\\/pood\\\/toode\\\/umbra-udry-mini-noudekuivatusalus\\\/#breadcrumb\",\"itemListElement\":[{\"@type\":\"ListItem\",\"position\":1,\"name\":\"Avaleht\",\"item\":\"https:\\\/\\\/www.talidesign.eu\\\/et\\\/\"},{\"@type\":\"ListItem\",\"position\":2,\"name\":\"Pood\",\"item\":\"https:\\\/\\\/www.talidesign.eu\\\/et\\\/pood\\\/\"},{\"@type\":\"ListItem\",\"position\":3,\"name\":\"Umbra UDry Mini n\u00f5udekuivatusalus\"}]},{\"@type\":\"WebSite\",\"@id\":\"https:\\\/\\\/www.talidesign.eu\\\/et\\\/#website\",\"url\":\"https:\\\/\\\/www.talidesign.eu\\\/et\\\/\",\"name\":\"TALI Concept Store\",\"description\":\"Suurim Disainipood Eestis\",\"potentialAction\":[{\"@type\":\"SearchAction\",\"target\":{\"@type\":\"EntryPoint\",\"urlTemplate\":\"https:\\\/\\\/www.talidesign.eu\\\/et\\\/?s={search_term_string}\"},\"query-input\":{\"@type\":\"PropertyValueSpecification\",\"valueRequired\":true,\"valueName\":\"search_term_string\"}}],\"inLanguage\":\"et\"}]}<\/script>\n<!-- \/ Yoast SEO plugin. -->","yoast_head_json":{"title":"Umbra UDry Mini n\u00f5udekuivatusalus - TALI Concept Store","description":"Uuenduslik UDry Mini n\u00f5udekuivatusalus - praktiline ja ruumis\u00e4\u00e4stlik lahendus, mis \u00fchendab organiseerituse ja funktsionaalse kuivatuse. Valmistatud taaskasutatud plastikust.","robots":{"index":"index","follow":"follow","max-snippet":"max-snippet:-1","max-image-preview":"max-image-preview:large","max-video-preview":"max-video-preview:-1"},"canonical":"https:\/\/www.talidesign.eu\/et\/pood\/toode\/umbra-udry-mini-noudekuivatusalus\/","og_locale":"et_EE","og_type":"article","og_title":"Umbra UDry Mini n\u00f5udekuivatusalus - TALI Concept Store","og_description":"Uuenduslik UDry Mini n\u00f5udekuivatusalus - praktiline ja ruumis\u00e4\u00e4stlik lahendus, mis \u00fchendab organiseerituse ja funktsionaalse kuivatuse. Valmistatud taaskasutatud plastikust.","og_url":"https:\/\/www.talidesign.eu\/et\/pood\/toode\/umbra-udry-mini-noudekuivatusalus\/","og_site_name":"TALI Concept Store","article_publisher":"https:\/\/www.facebook.com\/TaliDisain\/","article_modified_time":"2026-03-13T13:56:40+00:00","og_image":[{"width":1900,"height":1900,"url":"https:\/\/www.talidesign.eu\/wp\/wp-content\/uploads\/2024\/10\/d02jfmrjxvw1rl62ubnc.jpeg","type":"image\/jpeg"}],"twitter_card":"summary_large_image","twitter_misc":{"Est. reading time":"2 minutes"},"schema":{"@context":"https:\/\/schema.org","@graph":[{"@type":"WebPage","@id":"https:\/\/www.talidesign.eu\/et\/pood\/toode\/umbra-udry-mini-noudekuivatusalus\/","url":"https:\/\/www.talidesign.eu\/et\/pood\/toode\/umbra-udry-mini-noudekuivatusalus\/","name":"Umbra UDry Mini n\u00f5udekuivatusalus - TALI Concept Store","isPartOf":{"@id":"https:\/\/www.talidesign.eu\/et\/#website"},"primaryImageOfPage":{"@id":"https:\/\/www.talidesign.eu\/et\/pood\/toode\/umbra-udry-mini-noudekuivatusalus\/#primaryimage"},"image":{"@id":"https:\/\/www.talidesign.eu\/et\/pood\/toode\/umbra-udry-mini-noudekuivatusalus\/#primaryimage"},"thumbnailUrl":"https:\/\/www.talidesign.eu\/wp\/wp-content\/uploads\/2024\/10\/d02jfmrjxvw1rl62ubnc.jpeg","datePublished":"2024-10-31T11:42:17+00:00","dateModified":"2026-03-13T13:56:40+00:00","description":"Uuenduslik UDry Mini n\u00f5udekuivatusalus - praktiline ja ruumis\u00e4\u00e4stlik lahendus, mis \u00fchendab organiseerituse ja funktsionaalse kuivatuse. Valmistatud taaskasutatud plastikust.","breadcrumb":{"@id":"https:\/\/www.talidesign.eu\/et\/pood\/toode\/umbra-udry-mini-noudekuivatusalus\/#breadcrumb"},"inLanguage":"et","potentialAction":[{"@type":"ReadAction","target":["https:\/\/www.talidesign.eu\/et\/pood\/toode\/umbra-udry-mini-noudekuivatusalus\/"]}]},{"@type":"ImageObject","inLanguage":"et","@id":"https:\/\/www.talidesign.eu\/et\/pood\/toode\/umbra-udry-mini-noudekuivatusalus\/#primaryimage","url":"https:\/\/www.talidesign.eu\/wp\/wp-content\/uploads\/2024\/10\/d02jfmrjxvw1rl62ubnc.jpeg","contentUrl":"https:\/\/www.talidesign.eu\/wp\/wp-content\/uploads\/2024\/10\/d02jfmrjxvw1rl62ubnc.jpeg","width":1900,"height":1900},{"@type":"BreadcrumbList","@id":"https:\/\/www.talidesign.eu\/et\/pood\/toode\/umbra-udry-mini-noudekuivatusalus\/#breadcrumb","itemListElement":[{"@type":"ListItem","position":1,"name":"Avaleht","item":"https:\/\/www.talidesign.eu\/et\/"},{"@type":"ListItem","position":2,"name":"Pood","item":"https:\/\/www.talidesign.eu\/et\/pood\/"},{"@type":"ListItem","position":3,"name":"Umbra UDry Mini n\u00f5udekuivatusalus"}]},{"@type":"WebSite","@id":"https:\/\/www.talidesign.eu\/et\/#website","url":"https:\/\/www.talidesign.eu\/et\/","name":"TALI Concept Store","description":"Suurim Disainipood Eestis","potentialAction":[{"@type":"SearchAction","target":{"@type":"EntryPoint","urlTemplate":"https:\/\/www.talidesign.eu\/et\/?s={search_term_string}"},"query-input":{"@type":"PropertyValueSpecification","valueRequired":true,"valueName":"search_term_string"}}],"inLanguage":"et"}]}},"_links":{"self":[{"href":"https:\/\/www.talidesign.eu\/et\/wp-json\/wp\/v2\/product\/93549","targetHints":{"allow":["GET"]}}],"collection":[{"href":"https:\/\/www.talidesign.eu\/et\/wp-json\/wp\/v2\/product"}],"about":[{"href":"https:\/\/www.talidesign.eu\/et\/wp-json\/wp\/v2\/types\/product"}],"wp:featuredmedia":[{"embeddable":true,"href":"https:\/\/www.talidesign.eu\/et\/wp-json\/wp\/v2\/media\/93551"}],"wp:attachment":[{"href":"https:\/\/www.talidesign.eu\/et\/wp-json\/wp\/v2\/media?parent=93549"}],"wp:term":[{"taxonomy":"product_brand","embeddable":true,"href":"https:\/\/www.talidesign.eu\/et\/wp-json\/wp\/v2\/product_brand?post=93549"},{"taxonomy":"product_cat","embeddable":true,"href":"https:\/\/www.talidesign.eu\/et\/wp-json\/wp\/v2\/product_cat?post=93549"},{"taxonomy":"product_tag","embeddable":true,"href":"https:\/\/www.talidesign.eu\/et\/wp-json\/wp\/v2\/product_tag?post=93549"}],"curies":[{"name":"wp","href":"https:\/\/api.w.org\/{rel}","templated":true}]}}