{"id":93584,"date":"2024-11-12T14:08:36","date_gmt":"2024-10-31T12:08:36","guid":{"rendered":"https:\/\/www.talidesign.eu\/?post_type=product&#038;p=93584"},"modified":"2026-01-30T22:43:42","modified_gmt":"2026-01-30T20:43:42","slug":"umbra-leana-redel-must","status":"publish","type":"product","link":"https:\/\/www.talidesign.eu\/et\/pood\/toode\/umbra-leana-redel-must\/","title":{"rendered":"Umbra Leana Redel Must"},"content":{"rendered":"<p><strong>Leana Redel Must<\/strong><\/p>\n<p>Dekoratiivne ja praktiline Leana redel koosneb t\u00e4ispuidust postidest ja neljast metallist vardast, pakkudes ruumi tekkide, riiete, r\u00e4tikute ja muu hoiustamiseks. Lihtsasti kokku pandav Leana on mitmek\u00fclgne hoiulahendus, mis sobib ideaalselt igasse kodu ruumi. Valmistatud t\u00e4ispuidust ja pulberv\u00e4rvitud terasest, on see uuenduslik hoiustamisv\u00f5imalus ideaalne r\u00e4tiku- ja tekkide hoidjana v\u00f5i riiete korraldajana.  <\/p>\n<ul>\n<li><strong>Dekoratiivne hoiulahendus<\/strong><br \/>\nLeana redeli mitmek\u00fclgne disain on ideaalne kaunite linade n\u00e4itamiseks v\u00f5i riiete hoidmiseks, mis muidu kuhjuksid voodi k\u00f5rvale. R\u00e4tikute, jakkide ja muude raskemate esemete riputamine on lihtne ja hoiab need korrastatuna.<\/li>\n<li><strong>T\u00e4ispuidust konstruktsioon<\/strong><br \/>\nKaasaegne ja vastupidav t\u00e4ispuidust Leana pakub praktilist, kuid dekoratiivset hoiulahendust, sobitudes elegantselt seina \u00e4\u00e4rde.<\/li>\n<li><strong>Mitmeotstarbeline korraldaja<\/strong><br \/>\nLeana neli s\u00e4lkudega konksu m\u00f6\u00f6da k\u00fclgi pakuvad veelgi rohkem riputusruumi vajalike esemete hoiustamiseks.<\/li>\n<li><strong>Kaasaegsed materjalid<\/strong><br \/>\nValmistatud t\u00e4ispuidust ja pulberv\u00e4rvitud terasest, on Leana sama vastupidav kui ka visuaalselt atraktiivne.<\/li>\n<\/ul>\n<p>\u2022 Leana redel ei ole m\u00f5eldud ronimiseks, maksimaalne kandev\u00f5ime igal pulgal on 2,27 kg.<br \/>\n\u2022 Leana m\u00f5\u00f5dud on 46 cm lai ja 152 cm k\u00f5rge ning puit on p\u00e4rit taastuvatest allikatest.<br \/>\n\u2022 <a href=\"\/et\/tootekategooria\/brandid\/umbra-et\/\">Br\u00e4nd Umbra<\/a><\/p>\n<p><strong>Meist<\/strong><\/p>\n<p>1979. aastal alguse saanud \u00fche lihtsa aknakardinaga s\u00fcndis Umbra kirest originaalse disaini ja taskukohase, kaasaegse stiili vastu. Kaasasutajad Les Mandelbaum ja Paul Rowan n\u00e4gid vajadust luua loomingulisi ja soodsaid tooteid, mis sobiksid igasse koju.<\/p>\n<p>T\u00e4naseks on Torontos, Kanadas asuv Umbra kasvanud rahvusvaheliseks disainiliidriks, tegutsedes enam kui 120 riigis ja omades esindusi Euroopas, P\u00f5hja- ja L\u00f5una-Ameerikas ning Aasias. Innovatsioonist kantuna toob meie rahvusvaheline disainitiim igap\u00e4evaesemetesse v\u00e4rsket loomingulisust ja uusi ideid, seades kaasaegsele disainile uusi standardeid.<\/p>\n<p><a href=\"\/et\/tootekategooria\/brandid\/umbra-et\/\"><img loading=\"lazy\" decoding=\"async\" src=\"https:\/\/www.talidesign.eu\/wp\/wp-content\/uploads\/2024\/10\/umbralogo-1.jpg\" alt=\"\" width=\"500\" height=\"100\" class=\"alignnone size-full wp-image-93263\" \/><\/a><\/p>\n","protected":false},"excerpt":{"rendered":"<p><strong>Leana Redel Must<\/strong><\/p>\n<p>Dekoratiivne ja praktiline Leana redel koosneb t\u00e4ispuidust postidest ja neljast metallist vardast, pakkudes ruumi tekkide, riiete, r\u00e4tikute ja muu hoiustamiseks. Lihtsasti kokku pandav Leana on mitmek\u00fclgne hoiulahendus, mis sobib ideaalselt igasse kodu ruumi. Valmistatud t\u00e4ispuidust ja pulberv\u00e4rvitud terasest, on see uuenduslik hoiustamisv\u00f5imalus ideaalne r\u00e4tiku- ja tekkide hoidjana v\u00f5i riiete korraldajana.  <\/p>\n<ul>\n<li><strong>Dekoratiivne hoiulahendus<\/strong><br \/>\nLeana redeli mitmek\u00fclgne disain on ideaalne kaunite linade n\u00e4itamiseks v\u00f5i riiete hoidmiseks, mis muidu kuhjuksid voodi k\u00f5rvale. R\u00e4tikute, jakkide ja muude raskemate esemete riputamine on lihtne ja hoiab need korrastatuna.<\/li>\n<li><strong>T\u00e4ispuidust konstruktsioon<\/strong><br \/>\nKaasaegne ja vastupidav t\u00e4ispuidust Leana pakub praktilist, kuid dekoratiivset hoiulahendust, sobitudes elegantselt seina \u00e4\u00e4rde.<\/li>\n<li><strong>Mitmeotstarbeline korraldaja<\/strong><br \/>\nLeana neli s\u00e4lkudega konksu m\u00f6\u00f6da k\u00fclgi pakuvad veelgi rohkem riputusruumi vajalike esemete hoiustamiseks.<\/li>\n<li><strong>Kaasaegsed materjalid<\/strong><br \/>\nValmistatud t\u00e4ispuidust ja pulberv\u00e4rvitud terasest, on Leana sama vastupidav kui ka visuaalselt atraktiivne.<\/li>\n<\/ul>\n<p>\u2022 Leana redel ei ole m\u00f5eldud ronimiseks, maksimaalne kandev\u00f5ime igal pulgal on 2,27 kg.<br \/>\n\u2022 Leana m\u00f5\u00f5dud on 46 cm lai ja 152 cm k\u00f5rge ning puit on p\u00e4rit taastuvatest allikatest.<br \/>\n\u2022 <a href=\"\/et\/tootekategooria\/brandid\/umbra-et\/\">Br\u00e4nd Umbra<\/a><\/p>\n<p><strong>Meist<\/strong><\/p>\n<p>1979. aastal alguse saanud \u00fche lihtsa aknakardinaga s\u00fcndis Umbra kirest originaalse disaini ja taskukohase, kaasaegse stiili vastu. Kaasasutajad Les Mandelbaum ja Paul Rowan n\u00e4gid vajadust luua loomingulisi ja soodsaid tooteid, mis sobiksid igasse koju.<\/p>\n<p>T\u00e4naseks on Torontos, Kanadas asuv Umbra kasvanud rahvusvaheliseks disainiliidriks, tegutsedes enam kui 120 riigis ja omades esindusi Euroopas, P\u00f5hja- ja L\u00f5una-Ameerikas ning Aasias. Innovatsioonist kantuna toob meie rahvusvaheline disainitiim igap\u00e4evaesemetesse v\u00e4rsket loomingulisust ja uusi ideid, seades kaasaegsele disainile uusi standardeid.<\/p>\n<p><a href=\"\/et\/tootekategooria\/brandid\/umbra-et\/\"><img loading=\"lazy\" decoding=\"async\" src=\"https:\/\/www.talidesign.eu\/wp\/wp-content\/uploads\/2024\/10\/umbralogo-1.jpg\" alt=\"\" width=\"500\" height=\"100\" class=\"alignnone size-full wp-image-93263\" \/><\/a><\/p>\n","protected":false},"featured_media":93598,"template":"","meta":[],"product_brand":[],"product_cat":[1026,1105,1031,1018,1030,1101,3350,1100],"product_tag":[3356],"class_list":{"0":"post-93584","1":"product","2":"type-product","3":"status-publish","4":"has-post-thumbnail","6":"product_cat-brandid","7":"product_cat-esik","8":"product_cat-hoiustamine","9":"product_cat-kodu","10":"product_cat-kook","11":"product_cat-magamis-ja-elutuba","12":"product_cat-umbra-et","13":"product_cat-vannituba","14":"product_tag-umbra-et","15":"product_shipping_class-no-parcel-machine","17":"first","18":"outofstock","19":"taxable","20":"shipping-taxable","21":"purchasable","22":"product-type-simple"},"yoast_head":"<!-- This site is optimized with the Yoast SEO plugin v27.4 - https:\/\/yoast.com\/product\/yoast-seo-wordpress\/ -->\n<title>Umbra Leana Redel Must - TALI Concept Store<\/title>\n<meta name=\"description\" content=\"Umbra Leana Redel Must - Dekoratiivne ja praktiline t\u00e4ispuidust redel, mis pakub ruumi tekkide, riiete, r\u00e4tikute ja muu hoiustamiseks. Sobib ideaalselt igasse kodu ruumi.\" \/>\n<meta name=\"robots\" content=\"index, follow, max-snippet:-1, max-image-preview:large, max-video-preview:-1\" \/>\n<link rel=\"canonical\" href=\"https:\/\/www.talidesign.eu\/et\/pood\/toode\/umbra-leana-redel-must\/\" \/>\n<meta property=\"og:locale\" content=\"et_EE\" \/>\n<meta property=\"og:type\" content=\"article\" \/>\n<meta property=\"og:title\" content=\"Umbra Leana Redel Must - TALI Concept Store\" \/>\n<meta property=\"og:description\" content=\"Umbra Leana Redel Must - Dekoratiivne ja praktiline t\u00e4ispuidust redel, mis pakub ruumi tekkide, riiete, r\u00e4tikute ja muu hoiustamiseks. Sobib ideaalselt igasse kodu ruumi.\" \/>\n<meta property=\"og:url\" content=\"https:\/\/www.talidesign.eu\/et\/pood\/toode\/umbra-leana-redel-must\/\" \/>\n<meta property=\"og:site_name\" content=\"TALI Concept Store\" \/>\n<meta property=\"article:publisher\" content=\"https:\/\/www.facebook.com\/TaliDisain\/\" \/>\n<meta property=\"article:modified_time\" content=\"2026-01-30T20:43:42+00:00\" \/>\n<meta property=\"og:image\" content=\"https:\/\/www.talidesign.eu\/wp\/wp-content\/uploads\/2024\/10\/txphisyj2vczfuopzofm.jpeg\" \/>\n\t<meta property=\"og:image:width\" content=\"1900\" \/>\n\t<meta property=\"og:image:height\" content=\"1900\" \/>\n\t<meta property=\"og:image:type\" content=\"image\/jpeg\" \/>\n<meta name=\"twitter:card\" content=\"summary_large_image\" \/>\n<meta name=\"twitter:label1\" content=\"Est. reading time\" \/>\n\t<meta name=\"twitter:data1\" content=\"2 minutes\" \/>\n<script type=\"application\/ld+json\" class=\"yoast-schema-graph\">{\"@context\":\"https:\\\/\\\/schema.org\",\"@graph\":[{\"@type\":\"WebPage\",\"@id\":\"https:\\\/\\\/www.talidesign.eu\\\/et\\\/pood\\\/toode\\\/umbra-leana-redel-must\\\/\",\"url\":\"https:\\\/\\\/www.talidesign.eu\\\/et\\\/pood\\\/toode\\\/umbra-leana-redel-must\\\/\",\"name\":\"Umbra Leana Redel Must - TALI Concept Store\",\"isPartOf\":{\"@id\":\"https:\\\/\\\/www.talidesign.eu\\\/et\\\/#website\"},\"primaryImageOfPage\":{\"@id\":\"https:\\\/\\\/www.talidesign.eu\\\/et\\\/pood\\\/toode\\\/umbra-leana-redel-must\\\/#primaryimage\"},\"image\":{\"@id\":\"https:\\\/\\\/www.talidesign.eu\\\/et\\\/pood\\\/toode\\\/umbra-leana-redel-must\\\/#primaryimage\"},\"thumbnailUrl\":\"https:\\\/\\\/www.talidesign.eu\\\/wp\\\/wp-content\\\/uploads\\\/2024\\\/10\\\/txphisyj2vczfuopzofm.jpeg\",\"datePublished\":\"2024-10-31T12:08:36+00:00\",\"dateModified\":\"2026-01-30T20:43:42+00:00\",\"description\":\"Umbra Leana Redel Must - Dekoratiivne ja praktiline t\u00e4ispuidust redel, mis pakub ruumi tekkide, riiete, r\u00e4tikute ja muu hoiustamiseks. Sobib ideaalselt igasse kodu ruumi.\",\"breadcrumb\":{\"@id\":\"https:\\\/\\\/www.talidesign.eu\\\/et\\\/pood\\\/toode\\\/umbra-leana-redel-must\\\/#breadcrumb\"},\"inLanguage\":\"et\",\"potentialAction\":[{\"@type\":\"ReadAction\",\"target\":[\"https:\\\/\\\/www.talidesign.eu\\\/et\\\/pood\\\/toode\\\/umbra-leana-redel-must\\\/\"]}]},{\"@type\":\"ImageObject\",\"inLanguage\":\"et\",\"@id\":\"https:\\\/\\\/www.talidesign.eu\\\/et\\\/pood\\\/toode\\\/umbra-leana-redel-must\\\/#primaryimage\",\"url\":\"https:\\\/\\\/www.talidesign.eu\\\/wp\\\/wp-content\\\/uploads\\\/2024\\\/10\\\/txphisyj2vczfuopzofm.jpeg\",\"contentUrl\":\"https:\\\/\\\/www.talidesign.eu\\\/wp\\\/wp-content\\\/uploads\\\/2024\\\/10\\\/txphisyj2vczfuopzofm.jpeg\",\"width\":1900,\"height\":1900},{\"@type\":\"BreadcrumbList\",\"@id\":\"https:\\\/\\\/www.talidesign.eu\\\/et\\\/pood\\\/toode\\\/umbra-leana-redel-must\\\/#breadcrumb\",\"itemListElement\":[{\"@type\":\"ListItem\",\"position\":1,\"name\":\"Avaleht\",\"item\":\"https:\\\/\\\/www.talidesign.eu\\\/et\\\/\"},{\"@type\":\"ListItem\",\"position\":2,\"name\":\"Pood\",\"item\":\"https:\\\/\\\/www.talidesign.eu\\\/et\\\/pood\\\/\"},{\"@type\":\"ListItem\",\"position\":3,\"name\":\"Umbra Leana Redel Must\"}]},{\"@type\":\"WebSite\",\"@id\":\"https:\\\/\\\/www.talidesign.eu\\\/et\\\/#website\",\"url\":\"https:\\\/\\\/www.talidesign.eu\\\/et\\\/\",\"name\":\"TALI Concept Store\",\"description\":\"Suurim Disainipood Eestis\",\"potentialAction\":[{\"@type\":\"SearchAction\",\"target\":{\"@type\":\"EntryPoint\",\"urlTemplate\":\"https:\\\/\\\/www.talidesign.eu\\\/et\\\/?s={search_term_string}\"},\"query-input\":{\"@type\":\"PropertyValueSpecification\",\"valueRequired\":true,\"valueName\":\"search_term_string\"}}],\"inLanguage\":\"et\"}]}<\/script>\n<!-- \/ Yoast SEO plugin. -->","yoast_head_json":{"title":"Umbra Leana Redel Must - TALI Concept Store","description":"Umbra Leana Redel Must - Dekoratiivne ja praktiline t\u00e4ispuidust redel, mis pakub ruumi tekkide, riiete, r\u00e4tikute ja muu hoiustamiseks. Sobib ideaalselt igasse kodu ruumi.","robots":{"index":"index","follow":"follow","max-snippet":"max-snippet:-1","max-image-preview":"max-image-preview:large","max-video-preview":"max-video-preview:-1"},"canonical":"https:\/\/www.talidesign.eu\/et\/pood\/toode\/umbra-leana-redel-must\/","og_locale":"et_EE","og_type":"article","og_title":"Umbra Leana Redel Must - TALI Concept Store","og_description":"Umbra Leana Redel Must - Dekoratiivne ja praktiline t\u00e4ispuidust redel, mis pakub ruumi tekkide, riiete, r\u00e4tikute ja muu hoiustamiseks. Sobib ideaalselt igasse kodu ruumi.","og_url":"https:\/\/www.talidesign.eu\/et\/pood\/toode\/umbra-leana-redel-must\/","og_site_name":"TALI Concept Store","article_publisher":"https:\/\/www.facebook.com\/TaliDisain\/","article_modified_time":"2026-01-30T20:43:42+00:00","og_image":[{"width":1900,"height":1900,"url":"https:\/\/www.talidesign.eu\/wp\/wp-content\/uploads\/2024\/10\/txphisyj2vczfuopzofm.jpeg","type":"image\/jpeg"}],"twitter_card":"summary_large_image","twitter_misc":{"Est. reading time":"2 minutes"},"schema":{"@context":"https:\/\/schema.org","@graph":[{"@type":"WebPage","@id":"https:\/\/www.talidesign.eu\/et\/pood\/toode\/umbra-leana-redel-must\/","url":"https:\/\/www.talidesign.eu\/et\/pood\/toode\/umbra-leana-redel-must\/","name":"Umbra Leana Redel Must - TALI Concept Store","isPartOf":{"@id":"https:\/\/www.talidesign.eu\/et\/#website"},"primaryImageOfPage":{"@id":"https:\/\/www.talidesign.eu\/et\/pood\/toode\/umbra-leana-redel-must\/#primaryimage"},"image":{"@id":"https:\/\/www.talidesign.eu\/et\/pood\/toode\/umbra-leana-redel-must\/#primaryimage"},"thumbnailUrl":"https:\/\/www.talidesign.eu\/wp\/wp-content\/uploads\/2024\/10\/txphisyj2vczfuopzofm.jpeg","datePublished":"2024-10-31T12:08:36+00:00","dateModified":"2026-01-30T20:43:42+00:00","description":"Umbra Leana Redel Must - Dekoratiivne ja praktiline t\u00e4ispuidust redel, mis pakub ruumi tekkide, riiete, r\u00e4tikute ja muu hoiustamiseks. Sobib ideaalselt igasse kodu ruumi.","breadcrumb":{"@id":"https:\/\/www.talidesign.eu\/et\/pood\/toode\/umbra-leana-redel-must\/#breadcrumb"},"inLanguage":"et","potentialAction":[{"@type":"ReadAction","target":["https:\/\/www.talidesign.eu\/et\/pood\/toode\/umbra-leana-redel-must\/"]}]},{"@type":"ImageObject","inLanguage":"et","@id":"https:\/\/www.talidesign.eu\/et\/pood\/toode\/umbra-leana-redel-must\/#primaryimage","url":"https:\/\/www.talidesign.eu\/wp\/wp-content\/uploads\/2024\/10\/txphisyj2vczfuopzofm.jpeg","contentUrl":"https:\/\/www.talidesign.eu\/wp\/wp-content\/uploads\/2024\/10\/txphisyj2vczfuopzofm.jpeg","width":1900,"height":1900},{"@type":"BreadcrumbList","@id":"https:\/\/www.talidesign.eu\/et\/pood\/toode\/umbra-leana-redel-must\/#breadcrumb","itemListElement":[{"@type":"ListItem","position":1,"name":"Avaleht","item":"https:\/\/www.talidesign.eu\/et\/"},{"@type":"ListItem","position":2,"name":"Pood","item":"https:\/\/www.talidesign.eu\/et\/pood\/"},{"@type":"ListItem","position":3,"name":"Umbra Leana Redel Must"}]},{"@type":"WebSite","@id":"https:\/\/www.talidesign.eu\/et\/#website","url":"https:\/\/www.talidesign.eu\/et\/","name":"TALI Concept Store","description":"Suurim Disainipood Eestis","potentialAction":[{"@type":"SearchAction","target":{"@type":"EntryPoint","urlTemplate":"https:\/\/www.talidesign.eu\/et\/?s={search_term_string}"},"query-input":{"@type":"PropertyValueSpecification","valueRequired":true,"valueName":"search_term_string"}}],"inLanguage":"et"}]}},"_links":{"self":[{"href":"https:\/\/www.talidesign.eu\/et\/wp-json\/wp\/v2\/product\/93584","targetHints":{"allow":["GET"]}}],"collection":[{"href":"https:\/\/www.talidesign.eu\/et\/wp-json\/wp\/v2\/product"}],"about":[{"href":"https:\/\/www.talidesign.eu\/et\/wp-json\/wp\/v2\/types\/product"}],"wp:featuredmedia":[{"embeddable":true,"href":"https:\/\/www.talidesign.eu\/et\/wp-json\/wp\/v2\/media\/93598"}],"wp:attachment":[{"href":"https:\/\/www.talidesign.eu\/et\/wp-json\/wp\/v2\/media?parent=93584"}],"wp:term":[{"taxonomy":"product_brand","embeddable":true,"href":"https:\/\/www.talidesign.eu\/et\/wp-json\/wp\/v2\/product_brand?post=93584"},{"taxonomy":"product_cat","embeddable":true,"href":"https:\/\/www.talidesign.eu\/et\/wp-json\/wp\/v2\/product_cat?post=93584"},{"taxonomy":"product_tag","embeddable":true,"href":"https:\/\/www.talidesign.eu\/et\/wp-json\/wp\/v2\/product_tag?post=93584"}],"curies":[{"name":"wp","href":"https:\/\/api.w.org\/{rel}","templated":true}]}}