{"id":93605,"date":"2024-11-12T14:20:13","date_gmt":"2024-10-31T12:20:13","guid":{"rendered":"https:\/\/www.talidesign.eu\/?post_type=product&#038;p=93605"},"modified":"2026-03-15T11:15:47","modified_gmt":"2026-03-15T09:15:47","slug":"umbra-moona-ehtelaegas-must-pahkel","status":"publish","type":"product","link":"https:\/\/www.talidesign.eu\/et\/pood\/toode\/umbra-moona-ehtelaegas-must-pahkel\/","title":{"rendered":"Umbra Moona ehtelaegas Must P\u00e4hkel"},"content":{"rendered":"<p><strong>Moona ehtelaegas Must P\u00e4hkel<\/strong><\/p>\n<p>Moona on \u00fcmarate vormidega ainulaadne laegas, mis on nii dekoratiivne kui ka praktiline. Suur pealmine pind toimib alusena v\u00e4iksematele aksessuaaridele, parf\u00fc\u00fcmile, taimedele v\u00f5i muudele esemetele. Kolm p\u00f6\u00f6ratavat sahtlit pakuvad peidetud hoiuruumi ning neid saab h\u00f5lpsalt v\u00e4lja p\u00f6\u00f6rata, et ehted oleksid kergesti ligip\u00e4\u00e4setavad. Moona poolringikujuline vorm ja puidust detailid sobivad h\u00e4sti tualettlauale, letile v\u00f5i kummutile.<\/p>\n<ul>\n<li><strong>P\u00f6\u00f6ratavad sahtlid<\/strong><br \/>\nMoonal on kolm suurt sahtlit, mis p\u00f6\u00f6rlevad 360 kraadi, pakkudes mugavat ja lihtsat ligip\u00e4\u00e4su ehetele.<\/li>\n<li><strong>Suur pealmine pind<\/strong><br \/>\nMoona pealmine pind toimib aksessuaarialusena igap\u00e4evaselt kasutatavatele esemetele v\u00f5i v\u00e4ikestele dekoratiivesemetele ja muudele toodetele.<\/li>\n<li><strong>Peidetud hoiuruum<\/strong><br \/>\nMoona suletud disainiga peidetud hoiukambrid hoiavad ehted privaatsena ja varjatuna.<\/li>\n<li><strong>Originaalne ja kaasaegne disain<\/strong><br \/>\n\u00dcmara ja puidust viimistlusega Moona pakub ainulaadset ja kaasaegset aktsenti igale tualettlauale, letile, kummutile ja mujale.<\/li>\n<\/ul>\n<p>\u2022 27 x 15 x 18cm<br \/>\n\u2022 Valmistatud taaskasutatud plastikust ja taastuvast puidust.<br \/>\n\u2022 Hooldamiseks p\u00fchkige puhtaks niiske lapiga.<br \/>\n\u2022 <a href=\"\/et\/tootekategooria\/brandid\/umbra-et\/\">Br\u00e4nd Umbra<\/a><\/p>\n<p><strong>Meist<\/strong><\/p>\n<p>1979. aastal alguse saanud \u00fche lihtsa aknakardinaga s\u00fcndis Umbra kirest originaalse disaini ja taskukohase, kaasaegse stiili vastu. Kaasasutajad Les Mandelbaum ja Paul Rowan n\u00e4gid vajadust luua loomingulisi ja soodsaid tooteid, mis sobiksid igasse koju.<\/p>\n<p>T\u00e4naseks on Torontos, Kanadas asuv Umbra kasvanud rahvusvaheliseks disainiliidriks, tegutsedes enam kui 120 riigis ja omades esindusi Euroopas, P\u00f5hja- ja L\u00f5una-Ameerikas ning Aasias. Innovatsioonist kantuna toob meie rahvusvaheline disainitiim igap\u00e4evaesemetesse v\u00e4rsket loomingulisust ja uusi ideid, seades kaasaegsele disainile uusi standardeid.<\/p>\n<p><a href=\"\/et\/tootekategooria\/brandid\/umbra-et\/\"><img loading=\"lazy\" decoding=\"async\" src=\"https:\/\/www.talidesign.eu\/wp\/wp-content\/uploads\/2024\/10\/umbralogo-1.jpg\" alt=\"\" width=\"500\" height=\"100\" class=\"alignnone size-full wp-image-93263\" \/><\/a><\/p>\n","protected":false},"excerpt":{"rendered":"<p>&lt;strong&gt;Moona ehtelaegas Must P\u00e4hkel&lt;\/strong&gt;<\/p>\n<p>Moona on \u00fcmarate vormidega ainulaadne laegas, mis on nii dekoratiivne kui ka praktiline. Suur pealmine pind toimib alusena v\u00e4iksematele aksessuaaridele, parf\u00fc\u00fcmile, taimedele v\u00f5i muudele esemetele. Kolm p\u00f6\u00f6ratavat sahtlit pakuvad peidetud hoiuruumi ning neid saab h\u00f5lpsalt v\u00e4lja p\u00f6\u00f6rata, et ehted oleksid kergesti ligip\u00e4\u00e4setavad. Moona poolringikujuline vorm ja puidust detailid sobivad h\u00e4sti tualettlauale, letile v\u00f5i kummutile.<br \/>\n&lt;ul&gt;<br \/>\n&lt;li&gt;&lt;strong&gt;P\u00f6\u00f6ratavad sahtlid&lt;\/strong&gt;<br \/>\nMoonal on kolm suurt sahtlit, mis p\u00f6\u00f6rlevad 360 kraadi, pakkudes mugavat ja lihtsat ligip\u00e4\u00e4su ehetele.&lt;\/li&gt;<br \/>\n&lt;li&gt;&lt;strong&gt;Suur pealmine pind&lt;\/strong&gt;<br \/>\nMoona pealmine pind toimib aksessuaarialusena igap\u00e4evaselt kasutatavatele esemetele v\u00f5i v\u00e4ikestele dekoratiivesemetele ja muudele toodetele.&lt;\/li&gt;<br \/>\n&lt;li&gt;&lt;strong&gt;Peidetud hoiuruum&lt;\/strong&gt;<br \/>\nMoona suletud disainiga peidetud hoiukambrid hoiavad ehted privaatsena ja varjatuna.&lt;\/li&gt;<br \/>\n&lt;li&gt;&lt;strong&gt;Originaalne ja kaasaegne disain&lt;\/strong&gt;<br \/>\n\u00dcmara ja puidust viimistlusega Moona pakub ainulaadset ja kaasaegset aktsenti igale tualettlauale, letile, kummutile ja mujale.&lt;\/li&gt;<br \/>\n&lt;\/ul&gt;<br \/>\n\u2022 27 x 15 x 18cm<br \/>\n\u2022 Valmistatud taaskasutatud plastikust ja taastuvast puidust.<br \/>\n\u2022 Hooldamiseks p\u00fchkige puhtaks niiske lapiga.<br \/>\n\u2022 &lt;a href=&#8221;\/et\/tootekategooria\/brandid\/umbra-et\/&#8221;&gt;Br\u00e4nd Umbra&lt;\/a&gt;<\/p>\n<p>&lt;strong&gt;Meist&lt;\/strong&gt;<\/p>\n<p>1979. aastal alguse saanud \u00fche lihtsa aknakardinaga s\u00fcndis Umbra kirest originaalse disaini ja taskukohase, kaasaegse stiili vastu. Kaasasutajad Les Mandelbaum ja Paul Rowan n\u00e4gid vajadust luua loomingulisi ja soodsaid tooteid, mis sobiksid igasse koju.<\/p>\n<p>T\u00e4naseks on Torontos, Kanadas asuv Umbra kasvanud rahvusvaheliseks disainiliidriks, tegutsedes enam kui 120 riigis ja omades esindusi Euroopas, P\u00f5hja- ja L\u00f5una-Ameerikas ning Aasias. Innovatsioonist kantuna toob meie rahvusvaheline disainitiim igap\u00e4evaesemetesse v\u00e4rsket loomingulisust ja uusi ideid, seades kaasaegsele disainile uusi standardeid.<\/p>\n<p>&lt;a href=&#8221;\/et\/tootekategooria\/brandid\/umbra-et\/&#8221;&gt;&lt;img src=&#8221;https:\/\/www.talidesign.eu\/wp\/wp-content\/uploads\/2024\/10\/umbralogo-1.jpg&#8221; alt=&#8221;&#8221; width=&#8221;500&#8243; height=&#8221;100&#8243; class=&#8221;alignnone size-full wp-image-93263&#8243; \/&gt;&lt;\/a&gt;<\/p>\n","protected":false},"featured_media":93607,"template":"","meta":[],"product_brand":[],"product_cat":[1026,1165,1107,1031,1018,3350],"product_tag":[3356],"class_list":{"0":"post-93605","1":"product","2":"type-product","3":"status-publish","4":"has-post-thumbnail","6":"product_cat-brandid","7":"product_cat-ehtelaekad-et","8":"product_cat-ehtelaekad","9":"product_cat-hoiustamine","10":"product_cat-kodu","11":"product_cat-umbra-et","12":"product_tag-umbra-et","14":"first","15":"instock","16":"taxable","17":"shipping-taxable","18":"purchasable","19":"product-type-simple"},"yoast_head":"<!-- This site is optimized with the Yoast SEO plugin v27.3 - https:\/\/yoast.com\/product\/yoast-seo-wordpress\/ -->\n<title>Umbra Moona ehtelaegas Must P\u00e4hkel - TALI Concept Store<\/title>\n<meta name=\"description\" content=\"Avasta ainulaadne ja praktiline Moona ehtelaegas Must P\u00e4hkel. P\u00f6\u00f6ratavad sahtlid, suur pealmine pind ja kaasaegne disain. Br\u00e4nd Umbra.\" \/>\n<meta name=\"robots\" content=\"index, follow, max-snippet:-1, max-image-preview:large, max-video-preview:-1\" \/>\n<link rel=\"canonical\" href=\"https:\/\/www.talidesign.eu\/et\/pood\/toode\/umbra-moona-ehtelaegas-must-pahkel\/\" \/>\n<meta property=\"og:locale\" content=\"et_EE\" \/>\n<meta property=\"og:type\" content=\"article\" \/>\n<meta property=\"og:title\" content=\"Umbra Moona ehtelaegas Must P\u00e4hkel - TALI Concept Store\" \/>\n<meta property=\"og:description\" content=\"Avasta ainulaadne ja praktiline Moona ehtelaegas Must P\u00e4hkel. P\u00f6\u00f6ratavad sahtlid, suur pealmine pind ja kaasaegne disain. Br\u00e4nd Umbra.\" \/>\n<meta property=\"og:url\" content=\"https:\/\/www.talidesign.eu\/et\/pood\/toode\/umbra-moona-ehtelaegas-must-pahkel\/\" \/>\n<meta property=\"og:site_name\" content=\"TALI Concept Store\" \/>\n<meta property=\"article:publisher\" content=\"https:\/\/www.facebook.com\/TaliDisain\/\" \/>\n<meta property=\"article:modified_time\" content=\"2026-03-15T09:15:47+00:00\" \/>\n<meta property=\"og:image\" content=\"https:\/\/www.talidesign.eu\/wp\/wp-content\/uploads\/2024\/10\/b5hhovll6r0w0qpkg37v.jpeg\" \/>\n\t<meta property=\"og:image:width\" content=\"1900\" \/>\n\t<meta property=\"og:image:height\" content=\"1900\" \/>\n\t<meta property=\"og:image:type\" content=\"image\/jpeg\" \/>\n<meta name=\"twitter:card\" content=\"summary_large_image\" \/>\n<meta name=\"twitter:label1\" content=\"Est. reading time\" \/>\n\t<meta name=\"twitter:data1\" content=\"2 minutes\" \/>\n<script type=\"application\/ld+json\" class=\"yoast-schema-graph\">{\"@context\":\"https:\\\/\\\/schema.org\",\"@graph\":[{\"@type\":\"WebPage\",\"@id\":\"https:\\\/\\\/www.talidesign.eu\\\/et\\\/pood\\\/toode\\\/umbra-moona-ehtelaegas-must-pahkel\\\/\",\"url\":\"https:\\\/\\\/www.talidesign.eu\\\/et\\\/pood\\\/toode\\\/umbra-moona-ehtelaegas-must-pahkel\\\/\",\"name\":\"Umbra Moona ehtelaegas Must P\u00e4hkel - TALI Concept Store\",\"isPartOf\":{\"@id\":\"https:\\\/\\\/www.talidesign.eu\\\/et\\\/#website\"},\"primaryImageOfPage\":{\"@id\":\"https:\\\/\\\/www.talidesign.eu\\\/et\\\/pood\\\/toode\\\/umbra-moona-ehtelaegas-must-pahkel\\\/#primaryimage\"},\"image\":{\"@id\":\"https:\\\/\\\/www.talidesign.eu\\\/et\\\/pood\\\/toode\\\/umbra-moona-ehtelaegas-must-pahkel\\\/#primaryimage\"},\"thumbnailUrl\":\"https:\\\/\\\/www.talidesign.eu\\\/wp\\\/wp-content\\\/uploads\\\/2024\\\/10\\\/b5hhovll6r0w0qpkg37v.jpeg\",\"datePublished\":\"2024-10-31T12:20:13+00:00\",\"dateModified\":\"2026-03-15T09:15:47+00:00\",\"description\":\"Avasta ainulaadne ja praktiline Moona ehtelaegas Must P\u00e4hkel. P\u00f6\u00f6ratavad sahtlid, suur pealmine pind ja kaasaegne disain. Br\u00e4nd Umbra.\",\"breadcrumb\":{\"@id\":\"https:\\\/\\\/www.talidesign.eu\\\/et\\\/pood\\\/toode\\\/umbra-moona-ehtelaegas-must-pahkel\\\/#breadcrumb\"},\"inLanguage\":\"et\",\"potentialAction\":[{\"@type\":\"ReadAction\",\"target\":[\"https:\\\/\\\/www.talidesign.eu\\\/et\\\/pood\\\/toode\\\/umbra-moona-ehtelaegas-must-pahkel\\\/\"]}]},{\"@type\":\"ImageObject\",\"inLanguage\":\"et\",\"@id\":\"https:\\\/\\\/www.talidesign.eu\\\/et\\\/pood\\\/toode\\\/umbra-moona-ehtelaegas-must-pahkel\\\/#primaryimage\",\"url\":\"https:\\\/\\\/www.talidesign.eu\\\/wp\\\/wp-content\\\/uploads\\\/2024\\\/10\\\/b5hhovll6r0w0qpkg37v.jpeg\",\"contentUrl\":\"https:\\\/\\\/www.talidesign.eu\\\/wp\\\/wp-content\\\/uploads\\\/2024\\\/10\\\/b5hhovll6r0w0qpkg37v.jpeg\",\"width\":1900,\"height\":1900},{\"@type\":\"BreadcrumbList\",\"@id\":\"https:\\\/\\\/www.talidesign.eu\\\/et\\\/pood\\\/toode\\\/umbra-moona-ehtelaegas-must-pahkel\\\/#breadcrumb\",\"itemListElement\":[{\"@type\":\"ListItem\",\"position\":1,\"name\":\"Avaleht\",\"item\":\"https:\\\/\\\/www.talidesign.eu\\\/et\\\/\"},{\"@type\":\"ListItem\",\"position\":2,\"name\":\"Pood\",\"item\":\"https:\\\/\\\/www.talidesign.eu\\\/et\\\/pood\\\/\"},{\"@type\":\"ListItem\",\"position\":3,\"name\":\"Umbra Moona ehtelaegas Must P\u00e4hkel\"}]},{\"@type\":\"WebSite\",\"@id\":\"https:\\\/\\\/www.talidesign.eu\\\/et\\\/#website\",\"url\":\"https:\\\/\\\/www.talidesign.eu\\\/et\\\/\",\"name\":\"TALI Concept Store\",\"description\":\"Suurim Disainipood Eestis\",\"potentialAction\":[{\"@type\":\"SearchAction\",\"target\":{\"@type\":\"EntryPoint\",\"urlTemplate\":\"https:\\\/\\\/www.talidesign.eu\\\/et\\\/?s={search_term_string}\"},\"query-input\":{\"@type\":\"PropertyValueSpecification\",\"valueRequired\":true,\"valueName\":\"search_term_string\"}}],\"inLanguage\":\"et\"}]}<\/script>\n<!-- \/ Yoast SEO plugin. -->","yoast_head_json":{"title":"Umbra Moona ehtelaegas Must P\u00e4hkel - TALI Concept Store","description":"Avasta ainulaadne ja praktiline Moona ehtelaegas Must P\u00e4hkel. P\u00f6\u00f6ratavad sahtlid, suur pealmine pind ja kaasaegne disain. Br\u00e4nd Umbra.","robots":{"index":"index","follow":"follow","max-snippet":"max-snippet:-1","max-image-preview":"max-image-preview:large","max-video-preview":"max-video-preview:-1"},"canonical":"https:\/\/www.talidesign.eu\/et\/pood\/toode\/umbra-moona-ehtelaegas-must-pahkel\/","og_locale":"et_EE","og_type":"article","og_title":"Umbra Moona ehtelaegas Must P\u00e4hkel - TALI Concept Store","og_description":"Avasta ainulaadne ja praktiline Moona ehtelaegas Must P\u00e4hkel. P\u00f6\u00f6ratavad sahtlid, suur pealmine pind ja kaasaegne disain. Br\u00e4nd Umbra.","og_url":"https:\/\/www.talidesign.eu\/et\/pood\/toode\/umbra-moona-ehtelaegas-must-pahkel\/","og_site_name":"TALI Concept Store","article_publisher":"https:\/\/www.facebook.com\/TaliDisain\/","article_modified_time":"2026-03-15T09:15:47+00:00","og_image":[{"width":1900,"height":1900,"url":"https:\/\/www.talidesign.eu\/wp\/wp-content\/uploads\/2024\/10\/b5hhovll6r0w0qpkg37v.jpeg","type":"image\/jpeg"}],"twitter_card":"summary_large_image","twitter_misc":{"Est. reading time":"2 minutes"},"schema":{"@context":"https:\/\/schema.org","@graph":[{"@type":"WebPage","@id":"https:\/\/www.talidesign.eu\/et\/pood\/toode\/umbra-moona-ehtelaegas-must-pahkel\/","url":"https:\/\/www.talidesign.eu\/et\/pood\/toode\/umbra-moona-ehtelaegas-must-pahkel\/","name":"Umbra Moona ehtelaegas Must P\u00e4hkel - TALI Concept Store","isPartOf":{"@id":"https:\/\/www.talidesign.eu\/et\/#website"},"primaryImageOfPage":{"@id":"https:\/\/www.talidesign.eu\/et\/pood\/toode\/umbra-moona-ehtelaegas-must-pahkel\/#primaryimage"},"image":{"@id":"https:\/\/www.talidesign.eu\/et\/pood\/toode\/umbra-moona-ehtelaegas-must-pahkel\/#primaryimage"},"thumbnailUrl":"https:\/\/www.talidesign.eu\/wp\/wp-content\/uploads\/2024\/10\/b5hhovll6r0w0qpkg37v.jpeg","datePublished":"2024-10-31T12:20:13+00:00","dateModified":"2026-03-15T09:15:47+00:00","description":"Avasta ainulaadne ja praktiline Moona ehtelaegas Must P\u00e4hkel. P\u00f6\u00f6ratavad sahtlid, suur pealmine pind ja kaasaegne disain. Br\u00e4nd Umbra.","breadcrumb":{"@id":"https:\/\/www.talidesign.eu\/et\/pood\/toode\/umbra-moona-ehtelaegas-must-pahkel\/#breadcrumb"},"inLanguage":"et","potentialAction":[{"@type":"ReadAction","target":["https:\/\/www.talidesign.eu\/et\/pood\/toode\/umbra-moona-ehtelaegas-must-pahkel\/"]}]},{"@type":"ImageObject","inLanguage":"et","@id":"https:\/\/www.talidesign.eu\/et\/pood\/toode\/umbra-moona-ehtelaegas-must-pahkel\/#primaryimage","url":"https:\/\/www.talidesign.eu\/wp\/wp-content\/uploads\/2024\/10\/b5hhovll6r0w0qpkg37v.jpeg","contentUrl":"https:\/\/www.talidesign.eu\/wp\/wp-content\/uploads\/2024\/10\/b5hhovll6r0w0qpkg37v.jpeg","width":1900,"height":1900},{"@type":"BreadcrumbList","@id":"https:\/\/www.talidesign.eu\/et\/pood\/toode\/umbra-moona-ehtelaegas-must-pahkel\/#breadcrumb","itemListElement":[{"@type":"ListItem","position":1,"name":"Avaleht","item":"https:\/\/www.talidesign.eu\/et\/"},{"@type":"ListItem","position":2,"name":"Pood","item":"https:\/\/www.talidesign.eu\/et\/pood\/"},{"@type":"ListItem","position":3,"name":"Umbra Moona ehtelaegas Must P\u00e4hkel"}]},{"@type":"WebSite","@id":"https:\/\/www.talidesign.eu\/et\/#website","url":"https:\/\/www.talidesign.eu\/et\/","name":"TALI Concept Store","description":"Suurim Disainipood Eestis","potentialAction":[{"@type":"SearchAction","target":{"@type":"EntryPoint","urlTemplate":"https:\/\/www.talidesign.eu\/et\/?s={search_term_string}"},"query-input":{"@type":"PropertyValueSpecification","valueRequired":true,"valueName":"search_term_string"}}],"inLanguage":"et"}]}},"_links":{"self":[{"href":"https:\/\/www.talidesign.eu\/et\/wp-json\/wp\/v2\/product\/93605","targetHints":{"allow":["GET"]}}],"collection":[{"href":"https:\/\/www.talidesign.eu\/et\/wp-json\/wp\/v2\/product"}],"about":[{"href":"https:\/\/www.talidesign.eu\/et\/wp-json\/wp\/v2\/types\/product"}],"wp:featuredmedia":[{"embeddable":true,"href":"https:\/\/www.talidesign.eu\/et\/wp-json\/wp\/v2\/media\/93607"}],"wp:attachment":[{"href":"https:\/\/www.talidesign.eu\/et\/wp-json\/wp\/v2\/media?parent=93605"}],"wp:term":[{"taxonomy":"product_brand","embeddable":true,"href":"https:\/\/www.talidesign.eu\/et\/wp-json\/wp\/v2\/product_brand?post=93605"},{"taxonomy":"product_cat","embeddable":true,"href":"https:\/\/www.talidesign.eu\/et\/wp-json\/wp\/v2\/product_cat?post=93605"},{"taxonomy":"product_tag","embeddable":true,"href":"https:\/\/www.talidesign.eu\/et\/wp-json\/wp\/v2\/product_tag?post=93605"}],"curies":[{"name":"wp","href":"https:\/\/api.w.org\/{rel}","templated":true}]}}