{"id":93649,"date":"2024-11-12T14:42:57","date_gmt":"2024-10-31T12:42:57","guid":{"rendered":"https:\/\/www.talidesign.eu\/?post_type=product&#038;p=93649"},"modified":"2026-04-10T11:23:43","modified_gmt":"2026-04-10T08:23:43","slug":"umbra-sticks-seinanagi-must","status":"publish","type":"product","link":"https:\/\/www.talidesign.eu\/et\/pood\/toode\/umbra-sticks-seinanagi-must\/","title":{"rendered":"Umbra Sticks seinanagi Must"},"content":{"rendered":"<p><strong>Sticks seinanagi Must<\/strong><\/p>\n<p>Sticks Multi Hook muudab iga ruumi, \u00fchendades kunsti ja praktilisuse. See seinanagi paistab silma skulpturaalse disainiga, mis toimib ka moodsa kunstiteosena. Sticksil on viis alla klapitavat konksu, mis iga\u00fcks toetab kuni 2,27 kg, pakkudes k\u00fcllaldaselt hoiuruumi, kuid s\u00e4ilitades minimalistliku v\u00e4limuse, kui konksud on \u00fcles t\u00f5stetud. Sobib ideaalselt koju, kontorisse v\u00f5i \u00fchiselamusse, pakkudes ruumi mantlitele, kottidele v\u00f5i aksessuaaridele. Valmistatud taaskasutatud plastikust, Sticks on stiilne ja keskkonnas\u00f5bralik valik korrastatud ruumi loomiseks. Lihtne paigaldada, sisaldab k\u00f5iki vajalikke kinnitusdetaile.<\/p>\n<ul>\n<li><strong>Kaasaegne ja praktiline<\/strong><br \/>\nSticks Multi Hookil on 5 alla klapitavat konksu, mis pakuvad ruumihoidu kaasaegse disainiga.<\/li>\n<li><strong>Mitmek\u00fclgne ja dekoratiivne<\/strong><br \/>\nAitab hoida ruumi korras, lisades samal ajal modernset stiili; m\u00f5\u00f5dud 49 x 18 x 3 cm.<\/li>\n<li><strong>Unikaalne disain<\/strong><br \/>\nSkulpturaalne v\u00e4limus muudab Sticks seinanagi kaasaegse kunstiteose sarnaseks, kuni m\u00f5ned &#8220;tokid&#8221; alla klapivad ja konksudeks muutuvad.<\/li>\n<li><strong>Lihtne paigaldada<\/strong><br \/>\nKomplektis on lihtsad paigaldusjuhised ja k\u00f5ik vajalikud kinnitusdetailid.<\/li>\n<\/ul>\n<p>\u2022 M\u00f5\u00f5dud: 49 x 18 x 3 cm<br \/>\n\u2022 Materjalid: Taaskasutatud plastik<br \/>\n\u2022 <a href=\"\/et\/tootekategooria\/brandid\/umbra-et\/\">Br\u00e4nd Umbra<\/a><\/p>\n<p><strong>Meist<\/strong><\/p>\n<p>1979. aastal alguse saanud \u00fche lihtsa aknakardinaga s\u00fcndis Umbra kirest originaalse disaini ja taskukohase, kaasaegse stiili vastu. Kaasasutajad Les Mandelbaum ja Paul Rowan n\u00e4gid vajadust luua loomingulisi ja soodsaid tooteid, mis sobiksid igasse koju.<\/p>\n<p>T\u00e4naseks on Torontos, Kanadas asuv Umbra kasvanud rahvusvaheliseks disainiliidriks, tegutsedes enam kui 120 riigis ja omades esindusi Euroopas, P\u00f5hja- ja L\u00f5una-Ameerikas ning Aasias. Innovatsioonist kantuna toob meie rahvusvaheline disainitiim igap\u00e4evaesemetesse v\u00e4rsket loomingulisust ja uusi ideid, seades kaasaegsele disainile uusi standardeid.<\/p>\n<p><a href=\"\/et\/tootekategooria\/brandid\/umbra-et\/\"><img loading=\"lazy\" decoding=\"async\" src=\"https:\/\/www.talidesign.eu\/wp\/wp-content\/uploads\/2024\/10\/umbralogo-1.jpg\" alt=\"\" width=\"500\" height=\"100\" class=\"alignnone size-full wp-image-93263\" \/><\/a><\/p>\n","protected":false},"excerpt":{"rendered":"<p><strong>Sticks seinanagi Must<\/strong><\/p>\n<p>Sticks Multi Hook muudab iga ruumi, \u00fchendades kunsti ja praktilisuse. See seinanagi paistab silma skulpturaalse disainiga, mis toimib ka moodsa kunstiteosena. Sticksil on viis alla klapitavat konksu, mis iga\u00fcks toetab kuni 2,27 kg, pakkudes k\u00fcllaldaselt hoiuruumi, kuid s\u00e4ilitades minimalistliku v\u00e4limuse, kui konksud on \u00fcles t\u00f5stetud. Sobib ideaalselt koju, kontorisse v\u00f5i \u00fchiselamusse, pakkudes ruumi mantlitele, kottidele v\u00f5i aksessuaaridele. Valmistatud taaskasutatud plastikust, Sticks on stiilne ja keskkonnas\u00f5bralik valik korrastatud ruumi loomiseks. Lihtne paigaldada, sisaldab k\u00f5iki vajalikke kinnitusdetaile.<\/p>\n<ul>\n<li><strong>Kaasaegne ja praktiline<\/strong><br \/>\nSticks Multi Hookil on 5 alla klapitavat konksu, mis pakuvad ruumihoidu kaasaegse disainiga.<\/li>\n<li><strong>Mitmek\u00fclgne ja dekoratiivne<\/strong><br \/>\nAitab hoida ruumi korras, lisades samal ajal modernset stiili; m\u00f5\u00f5dud 49 x 18 x 3 cm.<\/li>\n<li><strong>Unikaalne disain<\/strong><br \/>\nSkulpturaalne v\u00e4limus muudab Sticks seinanagi kaasaegse kunstiteose sarnaseks, kuni m\u00f5ned &#8220;tokid&#8221; alla klapivad ja konksudeks muutuvad.<\/li>\n<li><strong>Lihtne paigaldada<\/strong><br \/>\nKomplektis on lihtsad paigaldusjuhised ja k\u00f5ik vajalikud kinnitusdetailid.<\/li>\n<\/ul>\n<p>\u2022 M\u00f5\u00f5dud: 49 x 18 x 3 cm<br \/>\n\u2022 Materjalid: Taaskasutatud plastik<br \/>\n\u2022 <a href=\"\/et\/tootekategooria\/brandid\/umbra-et\/\">Br\u00e4nd Umbra<\/a><\/p>\n<p><strong>Meist<\/strong><\/p>\n<p>1979. aastal alguse saanud \u00fche lihtsa aknakardinaga s\u00fcndis Umbra kirest originaalse disaini ja taskukohase, kaasaegse stiili vastu. Kaasasutajad Les Mandelbaum ja Paul Rowan n\u00e4gid vajadust luua loomingulisi ja soodsaid tooteid, mis sobiksid igasse koju.<\/p>\n<p>T\u00e4naseks on Torontos, Kanadas asuv Umbra kasvanud rahvusvaheliseks disainiliidriks, tegutsedes enam kui 120 riigis ja omades esindusi Euroopas, P\u00f5hja- ja L\u00f5una-Ameerikas ning Aasias. Innovatsioonist kantuna toob meie rahvusvaheline disainitiim igap\u00e4evaesemetesse v\u00e4rsket loomingulisust ja uusi ideid, seades kaasaegsele disainile uusi standardeid.<\/p>\n<p><a href=\"\/et\/tootekategooria\/brandid\/umbra-et\/\"><img loading=\"lazy\" decoding=\"async\" src=\"https:\/\/www.talidesign.eu\/wp\/wp-content\/uploads\/2024\/10\/umbralogo-1.jpg\" alt=\"\" width=\"500\" height=\"100\" class=\"alignnone size-full wp-image-93263\" \/><\/a><\/p>\n","protected":false},"featured_media":93652,"template":"","meta":[],"product_brand":[],"product_cat":[1026,1105,1031,1018,1106,1030,1101,3350,1100],"product_tag":[3356],"class_list":{"0":"post-93649","1":"product","2":"type-product","3":"status-publish","4":"has-post-thumbnail","6":"product_cat-brandid","7":"product_cat-esik","8":"product_cat-hoiustamine","9":"product_cat-kodu","10":"product_cat-konksud-nagid","11":"product_cat-kook","12":"product_cat-magamis-ja-elutuba","13":"product_cat-umbra-et","14":"product_cat-vannituba","15":"product_tag-umbra-et","17":"first","18":"outofstock","19":"taxable","20":"shipping-taxable","21":"purchasable","22":"product-type-simple"},"yoast_head":"<!-- This site is optimized with the Yoast SEO plugin v27.3 - https:\/\/yoast.com\/product\/yoast-seo-wordpress\/ -->\n<title>Umbra Sticks seinanagi Must - TALI Concept Store<\/title>\n<meta name=\"description\" content=\"Umbra Sticks seinanagi Must - Kaasaegne ja praktiline seinanagi, mis \u00fchendab kunsti ja praktilisuse. Sobib ideaalselt koju, kontorisse v\u00f5i \u00fchiselamusse. Valmistatud taaskasutatud plastikust. Lihtne paigaldada.\" \/>\n<meta name=\"robots\" content=\"index, follow, max-snippet:-1, max-image-preview:large, max-video-preview:-1\" \/>\n<link rel=\"canonical\" href=\"https:\/\/www.talidesign.eu\/et\/pood\/toode\/umbra-sticks-seinanagi-must\/\" \/>\n<meta property=\"og:locale\" content=\"et_EE\" \/>\n<meta property=\"og:type\" content=\"article\" \/>\n<meta property=\"og:title\" content=\"Umbra Sticks seinanagi Must - TALI Concept Store\" \/>\n<meta property=\"og:description\" content=\"Umbra Sticks seinanagi Must - Kaasaegne ja praktiline seinanagi, mis \u00fchendab kunsti ja praktilisuse. Sobib ideaalselt koju, kontorisse v\u00f5i \u00fchiselamusse. Valmistatud taaskasutatud plastikust. Lihtne paigaldada.\" \/>\n<meta property=\"og:url\" content=\"https:\/\/www.talidesign.eu\/et\/pood\/toode\/umbra-sticks-seinanagi-must\/\" \/>\n<meta property=\"og:site_name\" content=\"TALI Concept Store\" \/>\n<meta property=\"article:publisher\" content=\"https:\/\/www.facebook.com\/TaliDisain\/\" \/>\n<meta property=\"article:modified_time\" content=\"2026-04-10T08:23:43+00:00\" \/>\n<meta property=\"og:image\" content=\"https:\/\/www.talidesign.eu\/wp\/wp-content\/uploads\/2024\/10\/aroz4y7w2hkz72431iad.jpeg\" \/>\n\t<meta property=\"og:image:width\" content=\"1900\" \/>\n\t<meta property=\"og:image:height\" content=\"1900\" \/>\n\t<meta property=\"og:image:type\" content=\"image\/jpeg\" \/>\n<meta name=\"twitter:card\" content=\"summary_large_image\" \/>\n<meta name=\"twitter:label1\" content=\"Est. reading time\" \/>\n\t<meta name=\"twitter:data1\" content=\"2 minutes\" \/>\n<script type=\"application\/ld+json\" class=\"yoast-schema-graph\">{\"@context\":\"https:\\\/\\\/schema.org\",\"@graph\":[{\"@type\":\"WebPage\",\"@id\":\"https:\\\/\\\/www.talidesign.eu\\\/et\\\/pood\\\/toode\\\/umbra-sticks-seinanagi-must\\\/\",\"url\":\"https:\\\/\\\/www.talidesign.eu\\\/et\\\/pood\\\/toode\\\/umbra-sticks-seinanagi-must\\\/\",\"name\":\"Umbra Sticks seinanagi Must - TALI Concept Store\",\"isPartOf\":{\"@id\":\"https:\\\/\\\/www.talidesign.eu\\\/et\\\/#website\"},\"primaryImageOfPage\":{\"@id\":\"https:\\\/\\\/www.talidesign.eu\\\/et\\\/pood\\\/toode\\\/umbra-sticks-seinanagi-must\\\/#primaryimage\"},\"image\":{\"@id\":\"https:\\\/\\\/www.talidesign.eu\\\/et\\\/pood\\\/toode\\\/umbra-sticks-seinanagi-must\\\/#primaryimage\"},\"thumbnailUrl\":\"https:\\\/\\\/www.talidesign.eu\\\/wp\\\/wp-content\\\/uploads\\\/2024\\\/10\\\/aroz4y7w2hkz72431iad.jpeg\",\"datePublished\":\"2024-10-31T12:42:57+00:00\",\"dateModified\":\"2026-04-10T08:23:43+00:00\",\"description\":\"Umbra Sticks seinanagi Must - Kaasaegne ja praktiline seinanagi, mis \u00fchendab kunsti ja praktilisuse. Sobib ideaalselt koju, kontorisse v\u00f5i \u00fchiselamusse. Valmistatud taaskasutatud plastikust. Lihtne paigaldada.\",\"breadcrumb\":{\"@id\":\"https:\\\/\\\/www.talidesign.eu\\\/et\\\/pood\\\/toode\\\/umbra-sticks-seinanagi-must\\\/#breadcrumb\"},\"inLanguage\":\"et\",\"potentialAction\":[{\"@type\":\"ReadAction\",\"target\":[\"https:\\\/\\\/www.talidesign.eu\\\/et\\\/pood\\\/toode\\\/umbra-sticks-seinanagi-must\\\/\"]}]},{\"@type\":\"ImageObject\",\"inLanguage\":\"et\",\"@id\":\"https:\\\/\\\/www.talidesign.eu\\\/et\\\/pood\\\/toode\\\/umbra-sticks-seinanagi-must\\\/#primaryimage\",\"url\":\"https:\\\/\\\/www.talidesign.eu\\\/wp\\\/wp-content\\\/uploads\\\/2024\\\/10\\\/aroz4y7w2hkz72431iad.jpeg\",\"contentUrl\":\"https:\\\/\\\/www.talidesign.eu\\\/wp\\\/wp-content\\\/uploads\\\/2024\\\/10\\\/aroz4y7w2hkz72431iad.jpeg\",\"width\":1900,\"height\":1900},{\"@type\":\"BreadcrumbList\",\"@id\":\"https:\\\/\\\/www.talidesign.eu\\\/et\\\/pood\\\/toode\\\/umbra-sticks-seinanagi-must\\\/#breadcrumb\",\"itemListElement\":[{\"@type\":\"ListItem\",\"position\":1,\"name\":\"Avaleht\",\"item\":\"https:\\\/\\\/www.talidesign.eu\\\/et\\\/\"},{\"@type\":\"ListItem\",\"position\":2,\"name\":\"Pood\",\"item\":\"https:\\\/\\\/www.talidesign.eu\\\/et\\\/pood\\\/\"},{\"@type\":\"ListItem\",\"position\":3,\"name\":\"Umbra Sticks seinanagi Must\"}]},{\"@type\":\"WebSite\",\"@id\":\"https:\\\/\\\/www.talidesign.eu\\\/et\\\/#website\",\"url\":\"https:\\\/\\\/www.talidesign.eu\\\/et\\\/\",\"name\":\"TALI Concept Store\",\"description\":\"Suurim Disainipood Eestis\",\"potentialAction\":[{\"@type\":\"SearchAction\",\"target\":{\"@type\":\"EntryPoint\",\"urlTemplate\":\"https:\\\/\\\/www.talidesign.eu\\\/et\\\/?s={search_term_string}\"},\"query-input\":{\"@type\":\"PropertyValueSpecification\",\"valueRequired\":true,\"valueName\":\"search_term_string\"}}],\"inLanguage\":\"et\"}]}<\/script>\n<!-- \/ Yoast SEO plugin. -->","yoast_head_json":{"title":"Umbra Sticks seinanagi Must - TALI Concept Store","description":"Umbra Sticks seinanagi Must - Kaasaegne ja praktiline seinanagi, mis \u00fchendab kunsti ja praktilisuse. Sobib ideaalselt koju, kontorisse v\u00f5i \u00fchiselamusse. Valmistatud taaskasutatud plastikust. Lihtne paigaldada.","robots":{"index":"index","follow":"follow","max-snippet":"max-snippet:-1","max-image-preview":"max-image-preview:large","max-video-preview":"max-video-preview:-1"},"canonical":"https:\/\/www.talidesign.eu\/et\/pood\/toode\/umbra-sticks-seinanagi-must\/","og_locale":"et_EE","og_type":"article","og_title":"Umbra Sticks seinanagi Must - TALI Concept Store","og_description":"Umbra Sticks seinanagi Must - Kaasaegne ja praktiline seinanagi, mis \u00fchendab kunsti ja praktilisuse. Sobib ideaalselt koju, kontorisse v\u00f5i \u00fchiselamusse. Valmistatud taaskasutatud plastikust. Lihtne paigaldada.","og_url":"https:\/\/www.talidesign.eu\/et\/pood\/toode\/umbra-sticks-seinanagi-must\/","og_site_name":"TALI Concept Store","article_publisher":"https:\/\/www.facebook.com\/TaliDisain\/","article_modified_time":"2026-04-10T08:23:43+00:00","og_image":[{"width":1900,"height":1900,"url":"https:\/\/www.talidesign.eu\/wp\/wp-content\/uploads\/2024\/10\/aroz4y7w2hkz72431iad.jpeg","type":"image\/jpeg"}],"twitter_card":"summary_large_image","twitter_misc":{"Est. reading time":"2 minutes"},"schema":{"@context":"https:\/\/schema.org","@graph":[{"@type":"WebPage","@id":"https:\/\/www.talidesign.eu\/et\/pood\/toode\/umbra-sticks-seinanagi-must\/","url":"https:\/\/www.talidesign.eu\/et\/pood\/toode\/umbra-sticks-seinanagi-must\/","name":"Umbra Sticks seinanagi Must - TALI Concept Store","isPartOf":{"@id":"https:\/\/www.talidesign.eu\/et\/#website"},"primaryImageOfPage":{"@id":"https:\/\/www.talidesign.eu\/et\/pood\/toode\/umbra-sticks-seinanagi-must\/#primaryimage"},"image":{"@id":"https:\/\/www.talidesign.eu\/et\/pood\/toode\/umbra-sticks-seinanagi-must\/#primaryimage"},"thumbnailUrl":"https:\/\/www.talidesign.eu\/wp\/wp-content\/uploads\/2024\/10\/aroz4y7w2hkz72431iad.jpeg","datePublished":"2024-10-31T12:42:57+00:00","dateModified":"2026-04-10T08:23:43+00:00","description":"Umbra Sticks seinanagi Must - Kaasaegne ja praktiline seinanagi, mis \u00fchendab kunsti ja praktilisuse. Sobib ideaalselt koju, kontorisse v\u00f5i \u00fchiselamusse. Valmistatud taaskasutatud plastikust. Lihtne paigaldada.","breadcrumb":{"@id":"https:\/\/www.talidesign.eu\/et\/pood\/toode\/umbra-sticks-seinanagi-must\/#breadcrumb"},"inLanguage":"et","potentialAction":[{"@type":"ReadAction","target":["https:\/\/www.talidesign.eu\/et\/pood\/toode\/umbra-sticks-seinanagi-must\/"]}]},{"@type":"ImageObject","inLanguage":"et","@id":"https:\/\/www.talidesign.eu\/et\/pood\/toode\/umbra-sticks-seinanagi-must\/#primaryimage","url":"https:\/\/www.talidesign.eu\/wp\/wp-content\/uploads\/2024\/10\/aroz4y7w2hkz72431iad.jpeg","contentUrl":"https:\/\/www.talidesign.eu\/wp\/wp-content\/uploads\/2024\/10\/aroz4y7w2hkz72431iad.jpeg","width":1900,"height":1900},{"@type":"BreadcrumbList","@id":"https:\/\/www.talidesign.eu\/et\/pood\/toode\/umbra-sticks-seinanagi-must\/#breadcrumb","itemListElement":[{"@type":"ListItem","position":1,"name":"Avaleht","item":"https:\/\/www.talidesign.eu\/et\/"},{"@type":"ListItem","position":2,"name":"Pood","item":"https:\/\/www.talidesign.eu\/et\/pood\/"},{"@type":"ListItem","position":3,"name":"Umbra Sticks seinanagi Must"}]},{"@type":"WebSite","@id":"https:\/\/www.talidesign.eu\/et\/#website","url":"https:\/\/www.talidesign.eu\/et\/","name":"TALI Concept Store","description":"Suurim Disainipood Eestis","potentialAction":[{"@type":"SearchAction","target":{"@type":"EntryPoint","urlTemplate":"https:\/\/www.talidesign.eu\/et\/?s={search_term_string}"},"query-input":{"@type":"PropertyValueSpecification","valueRequired":true,"valueName":"search_term_string"}}],"inLanguage":"et"}]}},"_links":{"self":[{"href":"https:\/\/www.talidesign.eu\/et\/wp-json\/wp\/v2\/product\/93649","targetHints":{"allow":["GET"]}}],"collection":[{"href":"https:\/\/www.talidesign.eu\/et\/wp-json\/wp\/v2\/product"}],"about":[{"href":"https:\/\/www.talidesign.eu\/et\/wp-json\/wp\/v2\/types\/product"}],"wp:featuredmedia":[{"embeddable":true,"href":"https:\/\/www.talidesign.eu\/et\/wp-json\/wp\/v2\/media\/93652"}],"wp:attachment":[{"href":"https:\/\/www.talidesign.eu\/et\/wp-json\/wp\/v2\/media?parent=93649"}],"wp:term":[{"taxonomy":"product_brand","embeddable":true,"href":"https:\/\/www.talidesign.eu\/et\/wp-json\/wp\/v2\/product_brand?post=93649"},{"taxonomy":"product_cat","embeddable":true,"href":"https:\/\/www.talidesign.eu\/et\/wp-json\/wp\/v2\/product_cat?post=93649"},{"taxonomy":"product_tag","embeddable":true,"href":"https:\/\/www.talidesign.eu\/et\/wp-json\/wp\/v2\/product_tag?post=93649"}],"curies":[{"name":"wp","href":"https:\/\/api.w.org\/{rel}","templated":true}]}}