{"id":93670,"date":"2024-11-12T14:51:47","date_gmt":"2024-10-31T12:51:47","guid":{"rendered":"https:\/\/www.talidesign.eu\/?post_type=product&#038;p=93670"},"modified":"2026-03-19T12:23:25","modified_gmt":"2026-03-19T10:23:25","slug":"umbra-stowit-mini-ehtelaegas-must-pahkel","status":"publish","type":"product","link":"https:\/\/www.talidesign.eu\/et\/pood\/toode\/umbra-stowit-mini-ehtelaegas-must-pahkel\/","title":{"rendered":"Umbra Stowit Mini ehtelaegas Must P\u00e4hkel"},"content":{"rendered":"<p><strong>Stowit Mini ehtelaegas Must P\u00e4hkel<\/strong><\/p>\n<p>Mini Stowit aitab hoida k\u00f5ik su lemmikehted \u00fches kohas ja h\u00f5lpsasti k\u00e4ttesaadavana. Eri suurusega peidetud sahtlid pakuvad ruumi s\u00f5rmuste, k\u00f5rvar\u00f5ngaste, k\u00e4ev\u00f5rude, kellade, kaelakeede ja muude aksessuaaride hoidmiseks just sellises j\u00e4rjekorras, nagu sulle sobib. Iga sahtel on vooderdatud linaga, mis hoiab ehteid paigal ja kaitseb neid kahjustuste eest. Mini Stowiti lihtne ja kaasaegne disain n\u00e4eb ilus v\u00e4lja igal tualettlaual, \u00f6\u00f6kapil v\u00f5i laual. Kummist jalad hoiavad karbi kindlalt paigal ja kaitsevad pindu kriimustuste eest. Mini Stowit sobib ka m\u00e4lestuste v\u00f5i v\u00e4ikeste v\u00e4\u00e4rtuslike esemete hoiustamiseks v\u00f5i sahtlisse korrastajaks.<\/p>\n<ul>\n<li><strong>Ehted mugavalt hoitud<\/strong><br \/>\nMini Stowitil on eri suurusega sahtlid ja peidetud lahtrid, et hoida su aksessuaarid korras ja k\u00e4ep\u00e4rast.<\/li>\n<li><strong>Modernne disain<\/strong><br \/>\nMini Stowit \u00fchendab klassikalise ehtekarbi organiseerimisv\u00f5imalused kaasaegse ja stiilse v\u00e4limusega.<\/li>\n<li><strong>Varjatud hoiuruum<\/strong><br \/>\nPeidetud sektsioonidega disain hoiab su ehted privaatsena ja varjatuna.<\/li>\n<\/ul>\n<p>\u2022 M\u00f5\u00f5dud: 15 x 17 x 11 cm<br \/>\n\u2022 Materjalid: Taastuv puit, keskkonnas\u00f5bralik viimistlus<br \/>\n\u2022 <a href=\"\/et\/tootekategooria\/brandid\/umbra-et\/\">Br\u00e4nd Umbra<\/a><\/p>\n<p><strong>Meist<\/strong><\/p>\n<p>1979. aastal alguse saanud \u00fche lihtsa aknakardinaga s\u00fcndis Umbra kirest originaalse disaini ja taskukohase, kaasaegse stiili vastu. Kaasasutajad Les Mandelbaum ja Paul Rowan n\u00e4gid vajadust luua loomingulisi ja soodsaid tooteid, mis sobiksid igasse koju.<\/p>\n<p>T\u00e4naseks on Torontos, Kanadas asuv Umbra kasvanud rahvusvaheliseks disainiliidriks, tegutsedes enam kui 120 riigis ja omades esindusi Euroopas, P\u00f5hja- ja L\u00f5una-Ameerikas ning Aasias. Innovatsioonist kantuna toob meie rahvusvaheline disainitiim igap\u00e4evaesemetesse v\u00e4rsket loomingulisust ja uusi ideid, seades kaasaegsele disainile uusi standardeid.<\/p>\n<p><a href=\"\/et\/tootekategooria\/brandid\/umbra-et\/\"><img loading=\"lazy\" decoding=\"async\" src=\"https:\/\/www.talidesign.eu\/wp\/wp-content\/uploads\/2024\/10\/umbralogo-1.jpg\" alt=\"\" width=\"500\" height=\"100\" class=\"alignnone size-full wp-image-93263\" \/><\/a><\/p>\n","protected":false},"excerpt":{"rendered":"<p><strong>Stowit Mini ehtelaegas Must P\u00e4hkel<\/strong><\/p>\n<p>Mini Stowit aitab hoida k\u00f5ik su lemmikehted \u00fches kohas ja h\u00f5lpsasti k\u00e4ttesaadavana. Eri suurusega peidetud sahtlid pakuvad ruumi s\u00f5rmuste, k\u00f5rvar\u00f5ngaste, k\u00e4ev\u00f5rude, kellade, kaelakeede ja muude aksessuaaride hoidmiseks just sellises j\u00e4rjekorras, nagu sulle sobib. Iga sahtel on vooderdatud linaga, mis hoiab ehteid paigal ja kaitseb neid kahjustuste eest. Mini Stowiti lihtne ja kaasaegne disain n\u00e4eb ilus v\u00e4lja igal tualettlaual, \u00f6\u00f6kapil v\u00f5i laual. Kummist jalad hoiavad karbi kindlalt paigal ja kaitsevad pindu kriimustuste eest. Mini Stowit sobib ka m\u00e4lestuste v\u00f5i v\u00e4ikeste v\u00e4\u00e4rtuslike esemete hoiustamiseks v\u00f5i sahtlisse korrastajaks.<\/p>\n<ul>\n<li><strong>Ehted mugavalt hoitud<\/strong><br \/>\nMini Stowitil on eri suurusega sahtlid ja peidetud lahtrid, et hoida su aksessuaarid korras ja k\u00e4ep\u00e4rast.<\/li>\n<li><strong>Modernne disain<\/strong><br \/>\nMini Stowit \u00fchendab klassikalise ehtekarbi organiseerimisv\u00f5imalused kaasaegse ja stiilse v\u00e4limusega.<\/li>\n<li><strong>Varjatud hoiuruum<\/strong><br \/>\nPeidetud sektsioonidega disain hoiab su ehted privaatsena ja varjatuna.<\/li>\n<\/ul>\n<p>\u2022 M\u00f5\u00f5dud: 15 x 17 x 11 cm<br \/>\n\u2022 Materjalid: Taastuv puit, keskkonnas\u00f5bralik viimistlus<br \/>\n\u2022 <a href=\"\/et\/tootekategooria\/brandid\/umbra-et\/\">Br\u00e4nd Umbra<\/a><\/p>\n<p><strong>Meist<\/strong><\/p>\n<p>1979. aastal alguse saanud \u00fche lihtsa aknakardinaga s\u00fcndis Umbra kirest originaalse disaini ja taskukohase, kaasaegse stiili vastu. Kaasasutajad Les Mandelbaum ja Paul Rowan n\u00e4gid vajadust luua loomingulisi ja soodsaid tooteid, mis sobiksid igasse koju.<\/p>\n<p>T\u00e4naseks on Torontos, Kanadas asuv Umbra kasvanud rahvusvaheliseks disainiliidriks, tegutsedes enam kui 120 riigis ja omades esindusi Euroopas, P\u00f5hja- ja L\u00f5una-Ameerikas ning Aasias. Innovatsioonist kantuna toob meie rahvusvaheline disainitiim igap\u00e4evaesemetesse v\u00e4rsket loomingulisust ja uusi ideid, seades kaasaegsele disainile uusi standardeid.<\/p>\n<p><a href=\"\/et\/tootekategooria\/brandid\/umbra-et\/\"><img loading=\"lazy\" decoding=\"async\" src=\"https:\/\/www.talidesign.eu\/wp\/wp-content\/uploads\/2024\/10\/umbralogo-1.jpg\" alt=\"\" width=\"500\" height=\"100\" class=\"alignnone size-full wp-image-93263\" \/><\/a><\/p>\n","protected":false},"featured_media":93688,"template":"","meta":[],"product_brand":[],"product_cat":[1026,1165,1107,1031,1018,3350],"product_tag":[3356],"class_list":{"0":"post-93670","1":"product","2":"type-product","3":"status-publish","4":"has-post-thumbnail","6":"product_cat-brandid","7":"product_cat-ehtelaekad-et","8":"product_cat-ehtelaekad","9":"product_cat-hoiustamine","10":"product_cat-kodu","11":"product_cat-umbra-et","12":"product_tag-umbra-et","14":"first","15":"outofstock","16":"taxable","17":"shipping-taxable","18":"purchasable","19":"product-type-simple"},"yoast_head":"<!-- This site is optimized with the Yoast SEO plugin v27.3 - https:\/\/yoast.com\/product\/yoast-seo-wordpress\/ -->\n<title>Umbra Stowit Mini ehtelaegas Must P\u00e4hkel - TALI Concept Store<\/title>\n<meta name=\"description\" content=\"Hoiusta oma lemmikehteid stiilselt ja k\u00e4ep\u00e4raselt Mini Stowit ehtelaekas Must P\u00e4hkel. Sobib ka m\u00e4lestuste v\u00f5i v\u00e4\u00e4rtuslike esemete hoiustamiseks.\" \/>\n<meta name=\"robots\" content=\"index, follow, max-snippet:-1, max-image-preview:large, max-video-preview:-1\" \/>\n<link rel=\"canonical\" href=\"https:\/\/www.talidesign.eu\/et\/pood\/toode\/umbra-stowit-mini-ehtelaegas-must-pahkel\/\" \/>\n<meta property=\"og:locale\" content=\"et_EE\" \/>\n<meta property=\"og:type\" content=\"article\" \/>\n<meta property=\"og:title\" content=\"Umbra Stowit Mini ehtelaegas Must P\u00e4hkel - TALI Concept Store\" \/>\n<meta property=\"og:description\" content=\"Hoiusta oma lemmikehteid stiilselt ja k\u00e4ep\u00e4raselt Mini Stowit ehtelaekas Must P\u00e4hkel. Sobib ka m\u00e4lestuste v\u00f5i v\u00e4\u00e4rtuslike esemete hoiustamiseks.\" \/>\n<meta property=\"og:url\" content=\"https:\/\/www.talidesign.eu\/et\/pood\/toode\/umbra-stowit-mini-ehtelaegas-must-pahkel\/\" \/>\n<meta property=\"og:site_name\" content=\"TALI Concept Store\" \/>\n<meta property=\"article:publisher\" content=\"https:\/\/www.facebook.com\/TaliDisain\/\" \/>\n<meta property=\"article:modified_time\" content=\"2026-03-19T10:23:25+00:00\" \/>\n<meta property=\"og:image\" content=\"https:\/\/www.talidesign.eu\/wp\/wp-content\/uploads\/2024\/10\/iv9mok84stcoc3tznrn4.jpg\" \/>\n\t<meta property=\"og:image:width\" content=\"1900\" \/>\n\t<meta property=\"og:image:height\" content=\"1900\" \/>\n\t<meta property=\"og:image:type\" content=\"image\/jpeg\" \/>\n<meta name=\"twitter:card\" content=\"summary_large_image\" \/>\n<meta name=\"twitter:label1\" content=\"Est. reading time\" \/>\n\t<meta name=\"twitter:data1\" content=\"2 minutes\" \/>\n<script type=\"application\/ld+json\" class=\"yoast-schema-graph\">{\"@context\":\"https:\\\/\\\/schema.org\",\"@graph\":[{\"@type\":\"WebPage\",\"@id\":\"https:\\\/\\\/www.talidesign.eu\\\/et\\\/pood\\\/toode\\\/umbra-stowit-mini-ehtelaegas-must-pahkel\\\/\",\"url\":\"https:\\\/\\\/www.talidesign.eu\\\/et\\\/pood\\\/toode\\\/umbra-stowit-mini-ehtelaegas-must-pahkel\\\/\",\"name\":\"Umbra Stowit Mini ehtelaegas Must P\u00e4hkel - TALI Concept Store\",\"isPartOf\":{\"@id\":\"https:\\\/\\\/www.talidesign.eu\\\/et\\\/#website\"},\"primaryImageOfPage\":{\"@id\":\"https:\\\/\\\/www.talidesign.eu\\\/et\\\/pood\\\/toode\\\/umbra-stowit-mini-ehtelaegas-must-pahkel\\\/#primaryimage\"},\"image\":{\"@id\":\"https:\\\/\\\/www.talidesign.eu\\\/et\\\/pood\\\/toode\\\/umbra-stowit-mini-ehtelaegas-must-pahkel\\\/#primaryimage\"},\"thumbnailUrl\":\"https:\\\/\\\/www.talidesign.eu\\\/wp\\\/wp-content\\\/uploads\\\/2024\\\/10\\\/iv9mok84stcoc3tznrn4.jpg\",\"datePublished\":\"2024-10-31T12:51:47+00:00\",\"dateModified\":\"2026-03-19T10:23:25+00:00\",\"description\":\"Hoiusta oma lemmikehteid stiilselt ja k\u00e4ep\u00e4raselt Mini Stowit ehtelaekas Must P\u00e4hkel. Sobib ka m\u00e4lestuste v\u00f5i v\u00e4\u00e4rtuslike esemete hoiustamiseks.\",\"breadcrumb\":{\"@id\":\"https:\\\/\\\/www.talidesign.eu\\\/et\\\/pood\\\/toode\\\/umbra-stowit-mini-ehtelaegas-must-pahkel\\\/#breadcrumb\"},\"inLanguage\":\"et\",\"potentialAction\":[{\"@type\":\"ReadAction\",\"target\":[\"https:\\\/\\\/www.talidesign.eu\\\/et\\\/pood\\\/toode\\\/umbra-stowit-mini-ehtelaegas-must-pahkel\\\/\"]}]},{\"@type\":\"ImageObject\",\"inLanguage\":\"et\",\"@id\":\"https:\\\/\\\/www.talidesign.eu\\\/et\\\/pood\\\/toode\\\/umbra-stowit-mini-ehtelaegas-must-pahkel\\\/#primaryimage\",\"url\":\"https:\\\/\\\/www.talidesign.eu\\\/wp\\\/wp-content\\\/uploads\\\/2024\\\/10\\\/iv9mok84stcoc3tznrn4.jpg\",\"contentUrl\":\"https:\\\/\\\/www.talidesign.eu\\\/wp\\\/wp-content\\\/uploads\\\/2024\\\/10\\\/iv9mok84stcoc3tznrn4.jpg\",\"width\":1900,\"height\":1900},{\"@type\":\"BreadcrumbList\",\"@id\":\"https:\\\/\\\/www.talidesign.eu\\\/et\\\/pood\\\/toode\\\/umbra-stowit-mini-ehtelaegas-must-pahkel\\\/#breadcrumb\",\"itemListElement\":[{\"@type\":\"ListItem\",\"position\":1,\"name\":\"Avaleht\",\"item\":\"https:\\\/\\\/www.talidesign.eu\\\/et\\\/\"},{\"@type\":\"ListItem\",\"position\":2,\"name\":\"Pood\",\"item\":\"https:\\\/\\\/www.talidesign.eu\\\/et\\\/pood\\\/\"},{\"@type\":\"ListItem\",\"position\":3,\"name\":\"Umbra Stowit Mini ehtelaegas Must P\u00e4hkel\"}]},{\"@type\":\"WebSite\",\"@id\":\"https:\\\/\\\/www.talidesign.eu\\\/et\\\/#website\",\"url\":\"https:\\\/\\\/www.talidesign.eu\\\/et\\\/\",\"name\":\"TALI Concept Store\",\"description\":\"Suurim Disainipood Eestis\",\"potentialAction\":[{\"@type\":\"SearchAction\",\"target\":{\"@type\":\"EntryPoint\",\"urlTemplate\":\"https:\\\/\\\/www.talidesign.eu\\\/et\\\/?s={search_term_string}\"},\"query-input\":{\"@type\":\"PropertyValueSpecification\",\"valueRequired\":true,\"valueName\":\"search_term_string\"}}],\"inLanguage\":\"et\"}]}<\/script>\n<!-- \/ Yoast SEO plugin. -->","yoast_head_json":{"title":"Umbra Stowit Mini ehtelaegas Must P\u00e4hkel - TALI Concept Store","description":"Hoiusta oma lemmikehteid stiilselt ja k\u00e4ep\u00e4raselt Mini Stowit ehtelaekas Must P\u00e4hkel. Sobib ka m\u00e4lestuste v\u00f5i v\u00e4\u00e4rtuslike esemete hoiustamiseks.","robots":{"index":"index","follow":"follow","max-snippet":"max-snippet:-1","max-image-preview":"max-image-preview:large","max-video-preview":"max-video-preview:-1"},"canonical":"https:\/\/www.talidesign.eu\/et\/pood\/toode\/umbra-stowit-mini-ehtelaegas-must-pahkel\/","og_locale":"et_EE","og_type":"article","og_title":"Umbra Stowit Mini ehtelaegas Must P\u00e4hkel - TALI Concept Store","og_description":"Hoiusta oma lemmikehteid stiilselt ja k\u00e4ep\u00e4raselt Mini Stowit ehtelaekas Must P\u00e4hkel. Sobib ka m\u00e4lestuste v\u00f5i v\u00e4\u00e4rtuslike esemete hoiustamiseks.","og_url":"https:\/\/www.talidesign.eu\/et\/pood\/toode\/umbra-stowit-mini-ehtelaegas-must-pahkel\/","og_site_name":"TALI Concept Store","article_publisher":"https:\/\/www.facebook.com\/TaliDisain\/","article_modified_time":"2026-03-19T10:23:25+00:00","og_image":[{"width":1900,"height":1900,"url":"https:\/\/www.talidesign.eu\/wp\/wp-content\/uploads\/2024\/10\/iv9mok84stcoc3tznrn4.jpg","type":"image\/jpeg"}],"twitter_card":"summary_large_image","twitter_misc":{"Est. reading time":"2 minutes"},"schema":{"@context":"https:\/\/schema.org","@graph":[{"@type":"WebPage","@id":"https:\/\/www.talidesign.eu\/et\/pood\/toode\/umbra-stowit-mini-ehtelaegas-must-pahkel\/","url":"https:\/\/www.talidesign.eu\/et\/pood\/toode\/umbra-stowit-mini-ehtelaegas-must-pahkel\/","name":"Umbra Stowit Mini ehtelaegas Must P\u00e4hkel - TALI Concept Store","isPartOf":{"@id":"https:\/\/www.talidesign.eu\/et\/#website"},"primaryImageOfPage":{"@id":"https:\/\/www.talidesign.eu\/et\/pood\/toode\/umbra-stowit-mini-ehtelaegas-must-pahkel\/#primaryimage"},"image":{"@id":"https:\/\/www.talidesign.eu\/et\/pood\/toode\/umbra-stowit-mini-ehtelaegas-must-pahkel\/#primaryimage"},"thumbnailUrl":"https:\/\/www.talidesign.eu\/wp\/wp-content\/uploads\/2024\/10\/iv9mok84stcoc3tznrn4.jpg","datePublished":"2024-10-31T12:51:47+00:00","dateModified":"2026-03-19T10:23:25+00:00","description":"Hoiusta oma lemmikehteid stiilselt ja k\u00e4ep\u00e4raselt Mini Stowit ehtelaekas Must P\u00e4hkel. Sobib ka m\u00e4lestuste v\u00f5i v\u00e4\u00e4rtuslike esemete hoiustamiseks.","breadcrumb":{"@id":"https:\/\/www.talidesign.eu\/et\/pood\/toode\/umbra-stowit-mini-ehtelaegas-must-pahkel\/#breadcrumb"},"inLanguage":"et","potentialAction":[{"@type":"ReadAction","target":["https:\/\/www.talidesign.eu\/et\/pood\/toode\/umbra-stowit-mini-ehtelaegas-must-pahkel\/"]}]},{"@type":"ImageObject","inLanguage":"et","@id":"https:\/\/www.talidesign.eu\/et\/pood\/toode\/umbra-stowit-mini-ehtelaegas-must-pahkel\/#primaryimage","url":"https:\/\/www.talidesign.eu\/wp\/wp-content\/uploads\/2024\/10\/iv9mok84stcoc3tznrn4.jpg","contentUrl":"https:\/\/www.talidesign.eu\/wp\/wp-content\/uploads\/2024\/10\/iv9mok84stcoc3tznrn4.jpg","width":1900,"height":1900},{"@type":"BreadcrumbList","@id":"https:\/\/www.talidesign.eu\/et\/pood\/toode\/umbra-stowit-mini-ehtelaegas-must-pahkel\/#breadcrumb","itemListElement":[{"@type":"ListItem","position":1,"name":"Avaleht","item":"https:\/\/www.talidesign.eu\/et\/"},{"@type":"ListItem","position":2,"name":"Pood","item":"https:\/\/www.talidesign.eu\/et\/pood\/"},{"@type":"ListItem","position":3,"name":"Umbra Stowit Mini ehtelaegas Must P\u00e4hkel"}]},{"@type":"WebSite","@id":"https:\/\/www.talidesign.eu\/et\/#website","url":"https:\/\/www.talidesign.eu\/et\/","name":"TALI Concept Store","description":"Suurim Disainipood Eestis","potentialAction":[{"@type":"SearchAction","target":{"@type":"EntryPoint","urlTemplate":"https:\/\/www.talidesign.eu\/et\/?s={search_term_string}"},"query-input":{"@type":"PropertyValueSpecification","valueRequired":true,"valueName":"search_term_string"}}],"inLanguage":"et"}]}},"_links":{"self":[{"href":"https:\/\/www.talidesign.eu\/et\/wp-json\/wp\/v2\/product\/93670","targetHints":{"allow":["GET"]}}],"collection":[{"href":"https:\/\/www.talidesign.eu\/et\/wp-json\/wp\/v2\/product"}],"about":[{"href":"https:\/\/www.talidesign.eu\/et\/wp-json\/wp\/v2\/types\/product"}],"wp:featuredmedia":[{"embeddable":true,"href":"https:\/\/www.talidesign.eu\/et\/wp-json\/wp\/v2\/media\/93688"}],"wp:attachment":[{"href":"https:\/\/www.talidesign.eu\/et\/wp-json\/wp\/v2\/media?parent=93670"}],"wp:term":[{"taxonomy":"product_brand","embeddable":true,"href":"https:\/\/www.talidesign.eu\/et\/wp-json\/wp\/v2\/product_brand?post=93670"},{"taxonomy":"product_cat","embeddable":true,"href":"https:\/\/www.talidesign.eu\/et\/wp-json\/wp\/v2\/product_cat?post=93670"},{"taxonomy":"product_tag","embeddable":true,"href":"https:\/\/www.talidesign.eu\/et\/wp-json\/wp\/v2\/product_tag?post=93670"}],"curies":[{"name":"wp","href":"https:\/\/api.w.org\/{rel}","templated":true}]}}