{"id":93692,"date":"2024-11-12T15:00:26","date_gmt":"2024-10-31T13:00:26","guid":{"rendered":"https:\/\/www.talidesign.eu\/?post_type=product&#038;p=93692"},"modified":"2026-04-10T12:31:16","modified_gmt":"2026-04-10T09:31:16","slug":"umbra-buddy-seinanagid-3tk-must","status":"publish","type":"product","link":"https:\/\/www.talidesign.eu\/et\/pood\/toode\/umbra-buddy-seinanagid-3tk-must\/","title":{"rendered":"Umbra Buddy seinanagid 3tk Must"},"content":{"rendered":"<p><strong>Buddy seinanagid 3tk Must<\/strong><\/p>\n<p>See kolmene seinanagide komplekt kujutab Umbra populaarset Buddy tegelaskuju &#8220;seina m\u00f6\u00f6da ronimas&#8221; erinevates asendites. Buddy seinanagid on ideaalne lisa esikusse ja m\u00e4nguline, ruumis\u00e4\u00e4stlik alternatiiv traditsioonilisele nagile. <\/p>\n<ul>\n<li><strong>Ainulaadne ja praktiline<\/strong><br \/>\nBuddy k\u00e4ed, jalad ja pea pakuvad kohti, kuhu saab riputada riideid, aksessuaare ja muud.<\/li>\n<li><strong>Mitmek\u00fclgne ja dekoratiivne<\/strong><br \/>\nBuddy seinanagid aitavad asju korras hoida ja lisavad l\u00f5busat aktsenti esikusse, magamistuppa, vannituppa, \u00fchiselamusse v\u00f5i kontorisse.<\/li>\n<li><strong>Lihtne paigaldada<\/strong><br \/>\nBuddy seinanagide komplektis on k\u00f5ik vajalikud kinnitusdetailid ja need on lihtsad ning kiired paigaldada.<\/li>\n<li><strong>Stiilne ja vastupidav<\/strong><br \/>\nSaadaval mitmes v\u00e4rvitoonis, et lisada sinu ruumile l\u00f5busat stiili; iga Buddy nagi toetab maksimaalselt 2,27 kg.<\/li>\n<\/ul>\n<p>\u2022 Materjalid: Taaskasutatud plastik<br \/>\n\u2022 M\u00f5\u00f5dud: 7,6 x 16,5 x 7,6 cm (\u00fche nagi kohta)<br \/>\n\u2022 <a href=\"\/et\/tootekategooria\/brandid\/umbra-et\/\">Br\u00e4nd Umbra<\/a><\/p>\n<p><strong>Meist<\/strong><\/p>\n<p>1979. aastal alguse saanud \u00fche lihtsa aknakardinaga s\u00fcndis Umbra kirest originaalse disaini ja taskukohase, kaasaegse stiili vastu. Kaasasutajad Les Mandelbaum ja Paul Rowan n\u00e4gid vajadust luua loomingulisi ja soodsaid tooteid, mis sobiksid igasse koju.<\/p>\n<p>T\u00e4naseks on Torontos, Kanadas asuv Umbra kasvanud rahvusvaheliseks disainiliidriks, tegutsedes enam kui 120 riigis ja omades esindusi Euroopas, P\u00f5hja- ja L\u00f5una-Ameerikas ning Aasias. Innovatsioonist kantuna toob meie rahvusvaheline disainitiim igap\u00e4evaesemetesse v\u00e4rsket loomingulisust ja uusi ideid, seades kaasaegsele disainile uusi standardeid.<\/p>\n<p><a href=\"\/et\/tootekategooria\/brandid\/umbra-et\/\"><img loading=\"lazy\" decoding=\"async\" src=\"https:\/\/www.talidesign.eu\/wp\/wp-content\/uploads\/2024\/10\/umbralogo-1.jpg\" alt=\"\" width=\"500\" height=\"100\" class=\"alignnone size-full wp-image-93263\" \/><\/a><\/p>\n","protected":false},"excerpt":{"rendered":"<p><strong>Buddy seinanagid 3tk Must<\/strong><\/p>\n<p>See kolmene seinanagide komplekt kujutab Umbra populaarset Buddy tegelaskuju &#8220;seina m\u00f6\u00f6da ronimas&#8221; erinevates asendites. Buddy seinanagid on ideaalne lisa esikusse ja m\u00e4nguline, ruumis\u00e4\u00e4stlik alternatiiv traditsioonilisele nagile. <\/p>\n<ul>\n<li><strong>Ainulaadne ja praktiline<\/strong><br \/>\nBuddy k\u00e4ed, jalad ja pea pakuvad kohti, kuhu saab riputada riideid, aksessuaare ja muud.<\/li>\n<li><strong>Mitmek\u00fclgne ja dekoratiivne<\/strong><br \/>\nBuddy seinanagid aitavad asju korras hoida ja lisavad l\u00f5busat aktsenti esikusse, magamistuppa, vannituppa, \u00fchiselamusse v\u00f5i kontorisse.<\/li>\n<li><strong>Lihtne paigaldada<\/strong><br \/>\nBuddy seinanagide komplektis on k\u00f5ik vajalikud kinnitusdetailid ja need on lihtsad ning kiired paigaldada.<\/li>\n<li><strong>Stiilne ja vastupidav<\/strong><br \/>\nSaadaval mitmes v\u00e4rvitoonis, et lisada sinu ruumile l\u00f5busat stiili; iga Buddy nagi toetab maksimaalselt 2,27 kg.<\/li>\n<\/ul>\n<p>\u2022 Materjalid: Taaskasutatud plastik<br \/>\n\u2022 M\u00f5\u00f5dud: 7,6 x 16,5 x 7,6 cm (\u00fche nagi kohta)<br \/>\n\u2022 <a href=\"\/et\/tootekategooria\/brandid\/umbra-et\/\">Br\u00e4nd Umbra<\/a><\/p>\n<p><strong>Meist<\/strong><\/p>\n<p>1979. aastal alguse saanud \u00fche lihtsa aknakardinaga s\u00fcndis Umbra kirest originaalse disaini ja taskukohase, kaasaegse stiili vastu. Kaasasutajad Les Mandelbaum ja Paul Rowan n\u00e4gid vajadust luua loomingulisi ja soodsaid tooteid, mis sobiksid igasse koju.<\/p>\n<p>T\u00e4naseks on Torontos, Kanadas asuv Umbra kasvanud rahvusvaheliseks disainiliidriks, tegutsedes enam kui 120 riigis ja omades esindusi Euroopas, P\u00f5hja- ja L\u00f5una-Ameerikas ning Aasias. Innovatsioonist kantuna toob meie rahvusvaheline disainitiim igap\u00e4evaesemetesse v\u00e4rsket loomingulisust ja uusi ideid, seades kaasaegsele disainile uusi standardeid.<\/p>\n<p><a href=\"\/et\/tootekategooria\/brandid\/umbra-et\/\"><img loading=\"lazy\" decoding=\"async\" src=\"https:\/\/www.talidesign.eu\/wp\/wp-content\/uploads\/2024\/10\/umbralogo-1.jpg\" alt=\"\" width=\"500\" height=\"100\" class=\"alignnone size-full wp-image-93263\" \/><\/a><\/p>\n","protected":false},"featured_media":93702,"template":"","meta":[],"product_brand":[],"product_cat":[1026,1105,1031,1018,1106,1030,1101,3350,1100],"product_tag":[3356],"class_list":{"0":"post-93692","1":"product","2":"type-product","3":"status-publish","4":"has-post-thumbnail","6":"product_cat-brandid","7":"product_cat-esik","8":"product_cat-hoiustamine","9":"product_cat-kodu","10":"product_cat-konksud-nagid","11":"product_cat-kook","12":"product_cat-magamis-ja-elutuba","13":"product_cat-umbra-et","14":"product_cat-vannituba","15":"product_tag-umbra-et","17":"first","18":"instock","19":"taxable","20":"shipping-taxable","21":"purchasable","22":"product-type-simple"},"yoast_head":"<!-- This site is optimized with the Yoast SEO plugin v27.3 - https:\/\/yoast.com\/product\/yoast-seo-wordpress\/ -->\n<title>Umbra Buddy seinanagid 3tk Must - TALI Concept Store<\/title>\n<meta name=\"description\" content=\"Avasta Umbra Buddy seinanagid 3tk Must - ainulaadsed, praktilised ja stiilsed. Lisavad l\u00f5busat aktsenti igasse ruumi. Lihtne paigaldada. Materjal: taaskasutatud plastik. M\u00f5\u00f5dud: 7,6 x 16,5 x 7,6 cm. Br\u00e4nd Umbra.\" \/>\n<meta name=\"robots\" content=\"index, follow, max-snippet:-1, max-image-preview:large, max-video-preview:-1\" \/>\n<link rel=\"canonical\" href=\"https:\/\/www.talidesign.eu\/et\/pood\/toode\/umbra-buddy-seinanagid-3tk-must\/\" \/>\n<meta property=\"og:locale\" content=\"et_EE\" \/>\n<meta property=\"og:type\" content=\"article\" \/>\n<meta property=\"og:title\" content=\"Umbra Buddy seinanagid 3tk Must - TALI Concept Store\" \/>\n<meta property=\"og:description\" content=\"Avasta Umbra Buddy seinanagid 3tk Must - ainulaadsed, praktilised ja stiilsed. Lisavad l\u00f5busat aktsenti igasse ruumi. Lihtne paigaldada. Materjal: taaskasutatud plastik. M\u00f5\u00f5dud: 7,6 x 16,5 x 7,6 cm. Br\u00e4nd Umbra.\" \/>\n<meta property=\"og:url\" content=\"https:\/\/www.talidesign.eu\/et\/pood\/toode\/umbra-buddy-seinanagid-3tk-must\/\" \/>\n<meta property=\"og:site_name\" content=\"TALI Concept Store\" \/>\n<meta property=\"article:publisher\" content=\"https:\/\/www.facebook.com\/TaliDisain\/\" \/>\n<meta property=\"article:modified_time\" content=\"2026-04-10T09:31:16+00:00\" \/>\n<meta property=\"og:image\" content=\"https:\/\/www.talidesign.eu\/wp\/wp-content\/uploads\/2024\/10\/gryyfq4afywojn5b03vl.jpeg\" \/>\n\t<meta property=\"og:image:width\" content=\"1900\" \/>\n\t<meta property=\"og:image:height\" content=\"1900\" \/>\n\t<meta property=\"og:image:type\" content=\"image\/jpeg\" \/>\n<meta name=\"twitter:card\" content=\"summary_large_image\" \/>\n<meta name=\"twitter:label1\" content=\"Est. reading time\" \/>\n\t<meta name=\"twitter:data1\" content=\"2 minutes\" \/>\n<script type=\"application\/ld+json\" class=\"yoast-schema-graph\">{\"@context\":\"https:\\\/\\\/schema.org\",\"@graph\":[{\"@type\":\"WebPage\",\"@id\":\"https:\\\/\\\/www.talidesign.eu\\\/et\\\/pood\\\/toode\\\/umbra-buddy-seinanagid-3tk-must\\\/\",\"url\":\"https:\\\/\\\/www.talidesign.eu\\\/et\\\/pood\\\/toode\\\/umbra-buddy-seinanagid-3tk-must\\\/\",\"name\":\"Umbra Buddy seinanagid 3tk Must - TALI Concept Store\",\"isPartOf\":{\"@id\":\"https:\\\/\\\/www.talidesign.eu\\\/et\\\/#website\"},\"primaryImageOfPage\":{\"@id\":\"https:\\\/\\\/www.talidesign.eu\\\/et\\\/pood\\\/toode\\\/umbra-buddy-seinanagid-3tk-must\\\/#primaryimage\"},\"image\":{\"@id\":\"https:\\\/\\\/www.talidesign.eu\\\/et\\\/pood\\\/toode\\\/umbra-buddy-seinanagid-3tk-must\\\/#primaryimage\"},\"thumbnailUrl\":\"https:\\\/\\\/www.talidesign.eu\\\/wp\\\/wp-content\\\/uploads\\\/2024\\\/10\\\/gryyfq4afywojn5b03vl.jpeg\",\"datePublished\":\"2024-10-31T13:00:26+00:00\",\"dateModified\":\"2026-04-10T09:31:16+00:00\",\"description\":\"Avasta Umbra Buddy seinanagid 3tk Must - ainulaadsed, praktilised ja stiilsed. Lisavad l\u00f5busat aktsenti igasse ruumi. Lihtne paigaldada. Materjal: taaskasutatud plastik. M\u00f5\u00f5dud: 7,6 x 16,5 x 7,6 cm. Br\u00e4nd Umbra.\",\"breadcrumb\":{\"@id\":\"https:\\\/\\\/www.talidesign.eu\\\/et\\\/pood\\\/toode\\\/umbra-buddy-seinanagid-3tk-must\\\/#breadcrumb\"},\"inLanguage\":\"et\",\"potentialAction\":[{\"@type\":\"ReadAction\",\"target\":[\"https:\\\/\\\/www.talidesign.eu\\\/et\\\/pood\\\/toode\\\/umbra-buddy-seinanagid-3tk-must\\\/\"]}]},{\"@type\":\"ImageObject\",\"inLanguage\":\"et\",\"@id\":\"https:\\\/\\\/www.talidesign.eu\\\/et\\\/pood\\\/toode\\\/umbra-buddy-seinanagid-3tk-must\\\/#primaryimage\",\"url\":\"https:\\\/\\\/www.talidesign.eu\\\/wp\\\/wp-content\\\/uploads\\\/2024\\\/10\\\/gryyfq4afywojn5b03vl.jpeg\",\"contentUrl\":\"https:\\\/\\\/www.talidesign.eu\\\/wp\\\/wp-content\\\/uploads\\\/2024\\\/10\\\/gryyfq4afywojn5b03vl.jpeg\",\"width\":1900,\"height\":1900},{\"@type\":\"BreadcrumbList\",\"@id\":\"https:\\\/\\\/www.talidesign.eu\\\/et\\\/pood\\\/toode\\\/umbra-buddy-seinanagid-3tk-must\\\/#breadcrumb\",\"itemListElement\":[{\"@type\":\"ListItem\",\"position\":1,\"name\":\"Avaleht\",\"item\":\"https:\\\/\\\/www.talidesign.eu\\\/et\\\/\"},{\"@type\":\"ListItem\",\"position\":2,\"name\":\"Pood\",\"item\":\"https:\\\/\\\/www.talidesign.eu\\\/et\\\/pood\\\/\"},{\"@type\":\"ListItem\",\"position\":3,\"name\":\"Umbra Buddy seinanagid 3tk Must\"}]},{\"@type\":\"WebSite\",\"@id\":\"https:\\\/\\\/www.talidesign.eu\\\/et\\\/#website\",\"url\":\"https:\\\/\\\/www.talidesign.eu\\\/et\\\/\",\"name\":\"TALI Concept Store\",\"description\":\"Suurim Disainipood Eestis\",\"potentialAction\":[{\"@type\":\"SearchAction\",\"target\":{\"@type\":\"EntryPoint\",\"urlTemplate\":\"https:\\\/\\\/www.talidesign.eu\\\/et\\\/?s={search_term_string}\"},\"query-input\":{\"@type\":\"PropertyValueSpecification\",\"valueRequired\":true,\"valueName\":\"search_term_string\"}}],\"inLanguage\":\"et\"}]}<\/script>\n<!-- \/ Yoast SEO plugin. -->","yoast_head_json":{"title":"Umbra Buddy seinanagid 3tk Must - TALI Concept Store","description":"Avasta Umbra Buddy seinanagid 3tk Must - ainulaadsed, praktilised ja stiilsed. Lisavad l\u00f5busat aktsenti igasse ruumi. Lihtne paigaldada. Materjal: taaskasutatud plastik. M\u00f5\u00f5dud: 7,6 x 16,5 x 7,6 cm. Br\u00e4nd Umbra.","robots":{"index":"index","follow":"follow","max-snippet":"max-snippet:-1","max-image-preview":"max-image-preview:large","max-video-preview":"max-video-preview:-1"},"canonical":"https:\/\/www.talidesign.eu\/et\/pood\/toode\/umbra-buddy-seinanagid-3tk-must\/","og_locale":"et_EE","og_type":"article","og_title":"Umbra Buddy seinanagid 3tk Must - TALI Concept Store","og_description":"Avasta Umbra Buddy seinanagid 3tk Must - ainulaadsed, praktilised ja stiilsed. Lisavad l\u00f5busat aktsenti igasse ruumi. Lihtne paigaldada. Materjal: taaskasutatud plastik. M\u00f5\u00f5dud: 7,6 x 16,5 x 7,6 cm. Br\u00e4nd Umbra.","og_url":"https:\/\/www.talidesign.eu\/et\/pood\/toode\/umbra-buddy-seinanagid-3tk-must\/","og_site_name":"TALI Concept Store","article_publisher":"https:\/\/www.facebook.com\/TaliDisain\/","article_modified_time":"2026-04-10T09:31:16+00:00","og_image":[{"width":1900,"height":1900,"url":"https:\/\/www.talidesign.eu\/wp\/wp-content\/uploads\/2024\/10\/gryyfq4afywojn5b03vl.jpeg","type":"image\/jpeg"}],"twitter_card":"summary_large_image","twitter_misc":{"Est. reading time":"2 minutes"},"schema":{"@context":"https:\/\/schema.org","@graph":[{"@type":"WebPage","@id":"https:\/\/www.talidesign.eu\/et\/pood\/toode\/umbra-buddy-seinanagid-3tk-must\/","url":"https:\/\/www.talidesign.eu\/et\/pood\/toode\/umbra-buddy-seinanagid-3tk-must\/","name":"Umbra Buddy seinanagid 3tk Must - TALI Concept Store","isPartOf":{"@id":"https:\/\/www.talidesign.eu\/et\/#website"},"primaryImageOfPage":{"@id":"https:\/\/www.talidesign.eu\/et\/pood\/toode\/umbra-buddy-seinanagid-3tk-must\/#primaryimage"},"image":{"@id":"https:\/\/www.talidesign.eu\/et\/pood\/toode\/umbra-buddy-seinanagid-3tk-must\/#primaryimage"},"thumbnailUrl":"https:\/\/www.talidesign.eu\/wp\/wp-content\/uploads\/2024\/10\/gryyfq4afywojn5b03vl.jpeg","datePublished":"2024-10-31T13:00:26+00:00","dateModified":"2026-04-10T09:31:16+00:00","description":"Avasta Umbra Buddy seinanagid 3tk Must - ainulaadsed, praktilised ja stiilsed. Lisavad l\u00f5busat aktsenti igasse ruumi. Lihtne paigaldada. Materjal: taaskasutatud plastik. M\u00f5\u00f5dud: 7,6 x 16,5 x 7,6 cm. Br\u00e4nd Umbra.","breadcrumb":{"@id":"https:\/\/www.talidesign.eu\/et\/pood\/toode\/umbra-buddy-seinanagid-3tk-must\/#breadcrumb"},"inLanguage":"et","potentialAction":[{"@type":"ReadAction","target":["https:\/\/www.talidesign.eu\/et\/pood\/toode\/umbra-buddy-seinanagid-3tk-must\/"]}]},{"@type":"ImageObject","inLanguage":"et","@id":"https:\/\/www.talidesign.eu\/et\/pood\/toode\/umbra-buddy-seinanagid-3tk-must\/#primaryimage","url":"https:\/\/www.talidesign.eu\/wp\/wp-content\/uploads\/2024\/10\/gryyfq4afywojn5b03vl.jpeg","contentUrl":"https:\/\/www.talidesign.eu\/wp\/wp-content\/uploads\/2024\/10\/gryyfq4afywojn5b03vl.jpeg","width":1900,"height":1900},{"@type":"BreadcrumbList","@id":"https:\/\/www.talidesign.eu\/et\/pood\/toode\/umbra-buddy-seinanagid-3tk-must\/#breadcrumb","itemListElement":[{"@type":"ListItem","position":1,"name":"Avaleht","item":"https:\/\/www.talidesign.eu\/et\/"},{"@type":"ListItem","position":2,"name":"Pood","item":"https:\/\/www.talidesign.eu\/et\/pood\/"},{"@type":"ListItem","position":3,"name":"Umbra Buddy seinanagid 3tk Must"}]},{"@type":"WebSite","@id":"https:\/\/www.talidesign.eu\/et\/#website","url":"https:\/\/www.talidesign.eu\/et\/","name":"TALI Concept Store","description":"Suurim Disainipood Eestis","potentialAction":[{"@type":"SearchAction","target":{"@type":"EntryPoint","urlTemplate":"https:\/\/www.talidesign.eu\/et\/?s={search_term_string}"},"query-input":{"@type":"PropertyValueSpecification","valueRequired":true,"valueName":"search_term_string"}}],"inLanguage":"et"}]}},"_links":{"self":[{"href":"https:\/\/www.talidesign.eu\/et\/wp-json\/wp\/v2\/product\/93692","targetHints":{"allow":["GET"]}}],"collection":[{"href":"https:\/\/www.talidesign.eu\/et\/wp-json\/wp\/v2\/product"}],"about":[{"href":"https:\/\/www.talidesign.eu\/et\/wp-json\/wp\/v2\/types\/product"}],"wp:featuredmedia":[{"embeddable":true,"href":"https:\/\/www.talidesign.eu\/et\/wp-json\/wp\/v2\/media\/93702"}],"wp:attachment":[{"href":"https:\/\/www.talidesign.eu\/et\/wp-json\/wp\/v2\/media?parent=93692"}],"wp:term":[{"taxonomy":"product_brand","embeddable":true,"href":"https:\/\/www.talidesign.eu\/et\/wp-json\/wp\/v2\/product_brand?post=93692"},{"taxonomy":"product_cat","embeddable":true,"href":"https:\/\/www.talidesign.eu\/et\/wp-json\/wp\/v2\/product_cat?post=93692"},{"taxonomy":"product_tag","embeddable":true,"href":"https:\/\/www.talidesign.eu\/et\/wp-json\/wp\/v2\/product_tag?post=93692"}],"curies":[{"name":"wp","href":"https:\/\/api.w.org\/{rel}","templated":true}]}}