{"id":93729,"date":"2024-11-12T15:14:57","date_gmt":"2024-10-31T13:14:57","guid":{"rendered":"https:\/\/www.talidesign.eu\/?post_type=product&#038;p=93729"},"modified":"2026-03-13T15:50:12","modified_gmt":"2026-03-13T13:50:12","slug":"umbra-ribbon-seinakell-must","status":"publish","type":"product","link":"https:\/\/www.talidesign.eu\/et\/pood\/toode\/umbra-ribbon-seinakell-must\/","title":{"rendered":"Umbra Ribbon seinakell Must"},"content":{"rendered":"<p><strong>Ribbon seinakell Must<\/strong><\/p>\n<p>Ribbon on stiilne seinakaunistus ja praktiline kell \u00fches, valmistatud kvaliteetsest terasest, mis on vormitud kattuvateks lintideks. Sellel on vaikne, mitte-tiksuv Quartz-mehhanism, mis tagab t\u00e4pse ja hooldusvaba kasutamise, ilma et oleks vaja kella \u00fcles keerata. Ribbon t\u00f6\u00f6tab \u00fche AA-patareiga (ei kuulu komplekti) ja sobib suurep\u00e4raselt k\u00f6\u00f6ki, kuid ka igasse tuppa kodus v\u00f5i kontoris. Kell on viimistletud keskkonnas\u00f5braliku kattega, mis v\u00e4hendab veekulu ja j\u00e4\u00e4tmeteket 85% v\u00f5rreldes traditsiooniliste viimistlustega.<\/p>\n<ul>\n<li><strong>Ainulaadne seinakell igasse tuppa<\/strong><br \/>\nValmistatud kvaliteetsest terasest, mis on \u00f5rnalt painutatud mitme lindi kujuliseks eriliseks kujunduseks.<\/li>\n<li><strong>Vaikne Quartz kellamehhanism<\/strong><br \/>\nK\u00f5igil Ribbon seinakelladel on mitte-tiksuv Quartz-mehhanism, mis t\u00f6\u00f6tab vaikselt ja on hooldusvaba (\u00fcleskeeramist pole vaja).<\/li>\n<li><strong>Hea loetavus ja lihtne paigaldus<\/strong><br \/>\n30 cm l\u00e4bim\u00f5\u00f5duga Ribbonil on kontrastsed tunni- ja minutiosutid, mis tagavad hea loetavuse igas suuruses ruumis. Kinnitustarvikud on komplektis.<\/li>\n<li><strong>Kvaliteedikontrollitud<\/strong><br \/>\nRibbon t\u00f6\u00f6tab \u00fche AA-patareiga (ei kuulu komplekti) ning k\u00f5iki Umbra kelli testitakse t\u00e4psuse tagamiseks.<\/li>\n<\/ul>\n<p>\u2022 Materjalid: Kvaliteetne teras, keskkonnas\u00f5bralik viimistlus<br \/>\n\u2022 M\u00f5\u00f5dud: L\u00e4bim\u00f5\u00f5t 30 cm<br \/>\n\u2022 <a href=\"\/et\/tootekategooria\/brandid\/umbra-et\/\">Br\u00e4nd Umbra<\/a><\/p>\n<p><strong>Meist<\/strong><\/p>\n<p>1979. aastal alguse saanud \u00fche lihtsa aknakardinaga s\u00fcndis Umbra kirest originaalse disaini ja taskukohase, kaasaegse stiili vastu. Kaasasutajad Les Mandelbaum ja Paul Rowan n\u00e4gid vajadust luua loomingulisi ja soodsaid tooteid, mis sobiksid igasse koju.<\/p>\n<p>T\u00e4naseks on Torontos, Kanadas asuv Umbra kasvanud rahvusvaheliseks disainiliidriks, tegutsedes enam kui 120 riigis ja omades esindusi Euroopas, P\u00f5hja- ja L\u00f5una-Ameerikas ning Aasias. Innovatsioonist kantuna toob meie rahvusvaheline disainitiim igap\u00e4evaesemetesse v\u00e4rsket loomingulisust ja uusi ideid, seades kaasaegsele disainile uusi standardeid.<\/p>\n<p><a href=\"\/et\/tootekategooria\/brandid\/umbra-et\/\"><img loading=\"lazy\" decoding=\"async\" src=\"https:\/\/www.talidesign.eu\/wp\/wp-content\/uploads\/2024\/10\/umbralogo-1.jpg\" alt=\"\" width=\"500\" height=\"100\" class=\"alignnone size-full wp-image-93263\" \/><\/a><\/p>\n","protected":false},"excerpt":{"rendered":"<p><strong>Ribbon seinakell Must<\/strong><\/p>\n<p>Ribbon on stiilne seinakaunistus ja praktiline kell \u00fches, valmistatud kvaliteetsest terasest, mis on vormitud kattuvateks lintideks. Sellel on vaikne, mitte-tiksuv Quartz-mehhanism, mis tagab t\u00e4pse ja hooldusvaba kasutamise, ilma et oleks vaja kella \u00fcles keerata. Ribbon t\u00f6\u00f6tab \u00fche AA-patareiga (ei kuulu komplekti) ja sobib suurep\u00e4raselt k\u00f6\u00f6ki, kuid ka igasse tuppa kodus v\u00f5i kontoris. Kell on viimistletud keskkonnas\u00f5braliku kattega, mis v\u00e4hendab veekulu ja j\u00e4\u00e4tmeteket 85% v\u00f5rreldes traditsiooniliste viimistlustega.<\/p>\n<ul>\n<li><strong>Ainulaadne seinakell igasse tuppa<\/strong><br \/>\nValmistatud kvaliteetsest terasest, mis on \u00f5rnalt painutatud mitme lindi kujuliseks eriliseks kujunduseks.<\/li>\n<li><strong>Vaikne Quartz kellamehhanism<\/strong><br \/>\nK\u00f5igil Ribbon seinakelladel on mitte-tiksuv Quartz-mehhanism, mis t\u00f6\u00f6tab vaikselt ja on hooldusvaba (\u00fcleskeeramist pole vaja).<\/li>\n<li><strong>Hea loetavus ja lihtne paigaldus<\/strong><br \/>\n30 cm l\u00e4bim\u00f5\u00f5duga Ribbonil on kontrastsed tunni- ja minutiosutid, mis tagavad hea loetavuse igas suuruses ruumis. Kinnitustarvikud on komplektis.<\/li>\n<li><strong>Kvaliteedikontrollitud<\/strong><br \/>\nRibbon t\u00f6\u00f6tab \u00fche AA-patareiga (ei kuulu komplekti) ning k\u00f5iki Umbra kelli testitakse t\u00e4psuse tagamiseks.<\/li>\n<\/ul>\n<p>\u2022 Materjalid: Kvaliteetne teras, keskkonnas\u00f5bralik viimistlus<br \/>\n\u2022 M\u00f5\u00f5dud: L\u00e4bim\u00f5\u00f5t 30 cm<br \/>\n\u2022 <a href=\"\/et\/tootekategooria\/brandid\/umbra-et\/\">Br\u00e4nd Umbra<\/a><\/p>\n<p><strong>Meist<\/strong><\/p>\n<p>1979. aastal alguse saanud \u00fche lihtsa aknakardinaga s\u00fcndis Umbra kirest originaalse disaini ja taskukohase, kaasaegse stiili vastu. Kaasasutajad Les Mandelbaum ja Paul Rowan n\u00e4gid vajadust luua loomingulisi ja soodsaid tooteid, mis sobiksid igasse koju.<\/p>\n<p>T\u00e4naseks on Torontos, Kanadas asuv Umbra kasvanud rahvusvaheliseks disainiliidriks, tegutsedes enam kui 120 riigis ja omades esindusi Euroopas, P\u00f5hja- ja L\u00f5una-Ameerikas ning Aasias. Innovatsioonist kantuna toob meie rahvusvaheline disainitiim igap\u00e4evaesemetesse v\u00e4rsket loomingulisust ja uusi ideid, seades kaasaegsele disainile uusi standardeid.<\/p>\n<p><a href=\"\/et\/tootekategooria\/brandid\/umbra-et\/\"><img loading=\"lazy\" decoding=\"async\" src=\"https:\/\/www.talidesign.eu\/wp\/wp-content\/uploads\/2024\/10\/umbralogo-1.jpg\" alt=\"\" width=\"500\" height=\"100\" class=\"alignnone size-full wp-image-93263\" \/><\/a><\/p>\n","protected":false},"featured_media":93735,"template":"","meta":[],"product_brand":[],"product_cat":[1099,1026,1105,1018,1030,1101,3350],"product_tag":[3356],"class_list":{"0":"post-93729","1":"product","2":"type-product","3":"status-publish","4":"has-post-thumbnail","6":"product_cat-aksessuaarid","7":"product_cat-brandid","8":"product_cat-esik","9":"product_cat-kodu","10":"product_cat-kook","11":"product_cat-magamis-ja-elutuba","12":"product_cat-umbra-et","13":"product_tag-umbra-et","15":"first","16":"instock","17":"taxable","18":"shipping-taxable","19":"purchasable","20":"product-type-simple"},"yoast_head":"<!-- This site is optimized with the Yoast SEO plugin v27.3 - https:\/\/yoast.com\/product\/yoast-seo-wordpress\/ -->\n<title>Umbra Ribbon seinakell Must - TALI Concept Store<\/title>\n<meta name=\"description\" content=\"Umbra Ribbon seinakell Must - stiilne seinakaunistus ja praktiline kell \u00fches. Valmistatud kvaliteetsest terasest, vaikne Quartz-mehhanism. Sobib igasse tuppa.\" \/>\n<meta name=\"robots\" content=\"index, follow, max-snippet:-1, max-image-preview:large, max-video-preview:-1\" \/>\n<link rel=\"canonical\" href=\"https:\/\/www.talidesign.eu\/et\/pood\/toode\/umbra-ribbon-seinakell-must\/\" \/>\n<meta property=\"og:locale\" content=\"et_EE\" \/>\n<meta property=\"og:type\" content=\"article\" \/>\n<meta property=\"og:title\" content=\"Umbra Ribbon seinakell Must - TALI Concept Store\" \/>\n<meta property=\"og:description\" content=\"Umbra Ribbon seinakell Must - stiilne seinakaunistus ja praktiline kell \u00fches. Valmistatud kvaliteetsest terasest, vaikne Quartz-mehhanism. Sobib igasse tuppa.\" \/>\n<meta property=\"og:url\" content=\"https:\/\/www.talidesign.eu\/et\/pood\/toode\/umbra-ribbon-seinakell-must\/\" \/>\n<meta property=\"og:site_name\" content=\"TALI Concept Store\" \/>\n<meta property=\"article:publisher\" content=\"https:\/\/www.facebook.com\/TaliDisain\/\" \/>\n<meta property=\"article:modified_time\" content=\"2026-03-13T13:50:12+00:00\" \/>\n<meta property=\"og:image\" content=\"https:\/\/www.talidesign.eu\/wp\/wp-content\/uploads\/2024\/10\/gsc9sycpgkxjvabc5ijp.jpeg\" \/>\n\t<meta property=\"og:image:width\" content=\"1900\" \/>\n\t<meta property=\"og:image:height\" content=\"1900\" \/>\n\t<meta property=\"og:image:type\" content=\"image\/jpeg\" \/>\n<meta name=\"twitter:card\" content=\"summary_large_image\" \/>\n<meta name=\"twitter:label1\" content=\"Est. reading time\" \/>\n\t<meta name=\"twitter:data1\" content=\"2 minutes\" \/>\n<script type=\"application\/ld+json\" class=\"yoast-schema-graph\">{\"@context\":\"https:\\\/\\\/schema.org\",\"@graph\":[{\"@type\":\"WebPage\",\"@id\":\"https:\\\/\\\/www.talidesign.eu\\\/et\\\/pood\\\/toode\\\/umbra-ribbon-seinakell-must\\\/\",\"url\":\"https:\\\/\\\/www.talidesign.eu\\\/et\\\/pood\\\/toode\\\/umbra-ribbon-seinakell-must\\\/\",\"name\":\"Umbra Ribbon seinakell Must - TALI Concept Store\",\"isPartOf\":{\"@id\":\"https:\\\/\\\/www.talidesign.eu\\\/et\\\/#website\"},\"primaryImageOfPage\":{\"@id\":\"https:\\\/\\\/www.talidesign.eu\\\/et\\\/pood\\\/toode\\\/umbra-ribbon-seinakell-must\\\/#primaryimage\"},\"image\":{\"@id\":\"https:\\\/\\\/www.talidesign.eu\\\/et\\\/pood\\\/toode\\\/umbra-ribbon-seinakell-must\\\/#primaryimage\"},\"thumbnailUrl\":\"https:\\\/\\\/www.talidesign.eu\\\/wp\\\/wp-content\\\/uploads\\\/2024\\\/10\\\/gsc9sycpgkxjvabc5ijp.jpeg\",\"datePublished\":\"2024-10-31T13:14:57+00:00\",\"dateModified\":\"2026-03-13T13:50:12+00:00\",\"description\":\"Umbra Ribbon seinakell Must - stiilne seinakaunistus ja praktiline kell \u00fches. Valmistatud kvaliteetsest terasest, vaikne Quartz-mehhanism. Sobib igasse tuppa.\",\"breadcrumb\":{\"@id\":\"https:\\\/\\\/www.talidesign.eu\\\/et\\\/pood\\\/toode\\\/umbra-ribbon-seinakell-must\\\/#breadcrumb\"},\"inLanguage\":\"et\",\"potentialAction\":[{\"@type\":\"ReadAction\",\"target\":[\"https:\\\/\\\/www.talidesign.eu\\\/et\\\/pood\\\/toode\\\/umbra-ribbon-seinakell-must\\\/\"]}]},{\"@type\":\"ImageObject\",\"inLanguage\":\"et\",\"@id\":\"https:\\\/\\\/www.talidesign.eu\\\/et\\\/pood\\\/toode\\\/umbra-ribbon-seinakell-must\\\/#primaryimage\",\"url\":\"https:\\\/\\\/www.talidesign.eu\\\/wp\\\/wp-content\\\/uploads\\\/2024\\\/10\\\/gsc9sycpgkxjvabc5ijp.jpeg\",\"contentUrl\":\"https:\\\/\\\/www.talidesign.eu\\\/wp\\\/wp-content\\\/uploads\\\/2024\\\/10\\\/gsc9sycpgkxjvabc5ijp.jpeg\",\"width\":1900,\"height\":1900},{\"@type\":\"BreadcrumbList\",\"@id\":\"https:\\\/\\\/www.talidesign.eu\\\/et\\\/pood\\\/toode\\\/umbra-ribbon-seinakell-must\\\/#breadcrumb\",\"itemListElement\":[{\"@type\":\"ListItem\",\"position\":1,\"name\":\"Avaleht\",\"item\":\"https:\\\/\\\/www.talidesign.eu\\\/et\\\/\"},{\"@type\":\"ListItem\",\"position\":2,\"name\":\"Pood\",\"item\":\"https:\\\/\\\/www.talidesign.eu\\\/et\\\/pood\\\/\"},{\"@type\":\"ListItem\",\"position\":3,\"name\":\"Umbra Ribbon seinakell Must\"}]},{\"@type\":\"WebSite\",\"@id\":\"https:\\\/\\\/www.talidesign.eu\\\/et\\\/#website\",\"url\":\"https:\\\/\\\/www.talidesign.eu\\\/et\\\/\",\"name\":\"TALI Concept Store\",\"description\":\"Suurim Disainipood Eestis\",\"potentialAction\":[{\"@type\":\"SearchAction\",\"target\":{\"@type\":\"EntryPoint\",\"urlTemplate\":\"https:\\\/\\\/www.talidesign.eu\\\/et\\\/?s={search_term_string}\"},\"query-input\":{\"@type\":\"PropertyValueSpecification\",\"valueRequired\":true,\"valueName\":\"search_term_string\"}}],\"inLanguage\":\"et\"}]}<\/script>\n<!-- \/ Yoast SEO plugin. -->","yoast_head_json":{"title":"Umbra Ribbon seinakell Must - TALI Concept Store","description":"Umbra Ribbon seinakell Must - stiilne seinakaunistus ja praktiline kell \u00fches. Valmistatud kvaliteetsest terasest, vaikne Quartz-mehhanism. Sobib igasse tuppa.","robots":{"index":"index","follow":"follow","max-snippet":"max-snippet:-1","max-image-preview":"max-image-preview:large","max-video-preview":"max-video-preview:-1"},"canonical":"https:\/\/www.talidesign.eu\/et\/pood\/toode\/umbra-ribbon-seinakell-must\/","og_locale":"et_EE","og_type":"article","og_title":"Umbra Ribbon seinakell Must - TALI Concept Store","og_description":"Umbra Ribbon seinakell Must - stiilne seinakaunistus ja praktiline kell \u00fches. Valmistatud kvaliteetsest terasest, vaikne Quartz-mehhanism. Sobib igasse tuppa.","og_url":"https:\/\/www.talidesign.eu\/et\/pood\/toode\/umbra-ribbon-seinakell-must\/","og_site_name":"TALI Concept Store","article_publisher":"https:\/\/www.facebook.com\/TaliDisain\/","article_modified_time":"2026-03-13T13:50:12+00:00","og_image":[{"width":1900,"height":1900,"url":"https:\/\/www.talidesign.eu\/wp\/wp-content\/uploads\/2024\/10\/gsc9sycpgkxjvabc5ijp.jpeg","type":"image\/jpeg"}],"twitter_card":"summary_large_image","twitter_misc":{"Est. reading time":"2 minutes"},"schema":{"@context":"https:\/\/schema.org","@graph":[{"@type":"WebPage","@id":"https:\/\/www.talidesign.eu\/et\/pood\/toode\/umbra-ribbon-seinakell-must\/","url":"https:\/\/www.talidesign.eu\/et\/pood\/toode\/umbra-ribbon-seinakell-must\/","name":"Umbra Ribbon seinakell Must - TALI Concept Store","isPartOf":{"@id":"https:\/\/www.talidesign.eu\/et\/#website"},"primaryImageOfPage":{"@id":"https:\/\/www.talidesign.eu\/et\/pood\/toode\/umbra-ribbon-seinakell-must\/#primaryimage"},"image":{"@id":"https:\/\/www.talidesign.eu\/et\/pood\/toode\/umbra-ribbon-seinakell-must\/#primaryimage"},"thumbnailUrl":"https:\/\/www.talidesign.eu\/wp\/wp-content\/uploads\/2024\/10\/gsc9sycpgkxjvabc5ijp.jpeg","datePublished":"2024-10-31T13:14:57+00:00","dateModified":"2026-03-13T13:50:12+00:00","description":"Umbra Ribbon seinakell Must - stiilne seinakaunistus ja praktiline kell \u00fches. Valmistatud kvaliteetsest terasest, vaikne Quartz-mehhanism. Sobib igasse tuppa.","breadcrumb":{"@id":"https:\/\/www.talidesign.eu\/et\/pood\/toode\/umbra-ribbon-seinakell-must\/#breadcrumb"},"inLanguage":"et","potentialAction":[{"@type":"ReadAction","target":["https:\/\/www.talidesign.eu\/et\/pood\/toode\/umbra-ribbon-seinakell-must\/"]}]},{"@type":"ImageObject","inLanguage":"et","@id":"https:\/\/www.talidesign.eu\/et\/pood\/toode\/umbra-ribbon-seinakell-must\/#primaryimage","url":"https:\/\/www.talidesign.eu\/wp\/wp-content\/uploads\/2024\/10\/gsc9sycpgkxjvabc5ijp.jpeg","contentUrl":"https:\/\/www.talidesign.eu\/wp\/wp-content\/uploads\/2024\/10\/gsc9sycpgkxjvabc5ijp.jpeg","width":1900,"height":1900},{"@type":"BreadcrumbList","@id":"https:\/\/www.talidesign.eu\/et\/pood\/toode\/umbra-ribbon-seinakell-must\/#breadcrumb","itemListElement":[{"@type":"ListItem","position":1,"name":"Avaleht","item":"https:\/\/www.talidesign.eu\/et\/"},{"@type":"ListItem","position":2,"name":"Pood","item":"https:\/\/www.talidesign.eu\/et\/pood\/"},{"@type":"ListItem","position":3,"name":"Umbra Ribbon seinakell Must"}]},{"@type":"WebSite","@id":"https:\/\/www.talidesign.eu\/et\/#website","url":"https:\/\/www.talidesign.eu\/et\/","name":"TALI Concept Store","description":"Suurim Disainipood Eestis","potentialAction":[{"@type":"SearchAction","target":{"@type":"EntryPoint","urlTemplate":"https:\/\/www.talidesign.eu\/et\/?s={search_term_string}"},"query-input":{"@type":"PropertyValueSpecification","valueRequired":true,"valueName":"search_term_string"}}],"inLanguage":"et"}]}},"_links":{"self":[{"href":"https:\/\/www.talidesign.eu\/et\/wp-json\/wp\/v2\/product\/93729","targetHints":{"allow":["GET"]}}],"collection":[{"href":"https:\/\/www.talidesign.eu\/et\/wp-json\/wp\/v2\/product"}],"about":[{"href":"https:\/\/www.talidesign.eu\/et\/wp-json\/wp\/v2\/types\/product"}],"wp:featuredmedia":[{"embeddable":true,"href":"https:\/\/www.talidesign.eu\/et\/wp-json\/wp\/v2\/media\/93735"}],"wp:attachment":[{"href":"https:\/\/www.talidesign.eu\/et\/wp-json\/wp\/v2\/media?parent=93729"}],"wp:term":[{"taxonomy":"product_brand","embeddable":true,"href":"https:\/\/www.talidesign.eu\/et\/wp-json\/wp\/v2\/product_brand?post=93729"},{"taxonomy":"product_cat","embeddable":true,"href":"https:\/\/www.talidesign.eu\/et\/wp-json\/wp\/v2\/product_cat?post=93729"},{"taxonomy":"product_tag","embeddable":true,"href":"https:\/\/www.talidesign.eu\/et\/wp-json\/wp\/v2\/product_tag?post=93729"}],"curies":[{"name":"wp","href":"https:\/\/api.w.org\/{rel}","templated":true}]}}