{"id":93744,"date":"2024-11-12T15:25:19","date_gmt":"2024-10-31T13:25:19","guid":{"rendered":"https:\/\/www.talidesign.eu\/?post_type=product&#038;p=93744"},"modified":"2025-01-04T13:38:50","modified_gmt":"2025-01-04T11:38:50","slug":"umbra-twilight-pimendav-topelt-kardinapuu-76-213cm-must","status":"publish","type":"product","link":"https:\/\/www.talidesign.eu\/et\/pood\/toode\/umbra-twilight-pimendav-topelt-kardinapuu-76-213cm-must\/","title":{"rendered":"Umbra Twilight pimendav topelt kardinapuu 76-213cm Must"},"content":{"rendered":"<p><strong>Twilight pimendav topelt kardinapuu 76-213cm Must<\/strong><\/p>\n<p>\u00dctle h\u00fcvasti soovimatule valgusele Umbra Twilight pimendava topeltkardinapuuga. Selle uuenduslik disain tagab, et kardinad istuvad tihedalt vastu seina, blokeerides t\u00e4ielikult v\u00e4lisvalgust ja luues rahuliku, privaatse ruumi. Kardinapuu k\u00f5verad otsad v\u00f5imaldavad kardinaid v\u00f5i drapeeringuid kenasti kronsteinide taha peita, v\u00e4ltides valguse lekkeid. Ideaalne kihtide lisamiseks, see kahekordne kardinapuu s\u00fcsteem v\u00f5imaldab riputada kaks kardinakomplekti\u2014t\u00e4iuslik lahendus pimendavate kardinate ja l\u00e4bipaistvate kardinate kombineerimiseks. Nautige paremat und, v\u00e4hendatud peegeldusi ja suuremat privaatsust Twilighti kardinapuuga.<\/p>\n<ul>\n<li><strong>Ruumi pimendav topelt kardinapuu<\/strong><br \/>\nTwilighti kumerad otsad v\u00f5imaldavad kardinal akna \u00fcmber t\u00e4ielikult sobituda, blokeerides valguse ja isoleerides ruumi.<\/li>\n<li><strong>Kiire ja lihtne paigaldus<\/strong><br \/>\nKomplektis on k\u00f5ik vajalik kiireks paigaldamiseks ja selged juhised.<\/li>\n<li><strong>Mitmek\u00fclgne disain<\/strong><br \/>\nIdeaalne kihtide lisamiseks, kahekordne kardinapuu s\u00fcsteem toetab kahte kardinakomplekti, sobides igale stiilile.<\/li>\n<li><strong>Tugev ja vastupidav<\/strong><br \/>\nValmistatud kvaliteetsest metallist, kannab kuni 10 kg, Twilight on vastupidav ja sobib igasse tuppa.<\/li>\n<\/ul>\n<p>\u2022 Materjalid: Kvaliteetne metall<br \/>\n\u2022 Kannab kuni 10 kg<br \/>\n\u2022 <a href=\"\/et\/tootekategooria\/brandid\/umbra-et\/\">Br\u00e4nd Umbra<\/a><\/p>\n<p><strong>Meist<\/strong><\/p>\n<p>1979. aastal alguse saanud \u00fche lihtsa aknakardinaga s\u00fcndis Umbra kirest originaalse disaini ja taskukohase, kaasaegse stiili vastu. Kaasasutajad Les Mandelbaum ja Paul Rowan n\u00e4gid vajadust luua loomingulisi ja soodsaid tooteid, mis sobiksid igasse koju.<\/p>\n<p>T\u00e4naseks on Torontos, Kanadas asuv Umbra kasvanud rahvusvaheliseks disainiliidriks, tegutsedes enam kui 120 riigis ja omades esindusi Euroopas, P\u00f5hja- ja L\u00f5una-Ameerikas ning Aasias. Innovatsioonist kantuna toob meie rahvusvaheline disainitiim igap\u00e4evaesemetesse v\u00e4rsket loomingulisust ja uusi ideid, seades kaasaegsele disainile uusi standardeid.<\/p>\n<p><a href=\"\/et\/tootekategooria\/brandid\/umbra-et\/\"><img loading=\"lazy\" decoding=\"async\" src=\"https:\/\/www.talidesign.eu\/wp\/wp-content\/uploads\/2024\/10\/umbralogo-1.jpg\" alt=\"\" width=\"500\" height=\"100\" class=\"alignnone size-full wp-image-93263\" \/><\/a><\/p>\n","protected":false},"excerpt":{"rendered":"<p><strong>Twilight pimendav topelt kardinapuu 76-213cm Must<\/strong><\/p>\n<p>\u00dctle h\u00fcvasti soovimatule valgusele Umbra Twilight pimendava topeltkardinapuuga. Selle uuenduslik disain tagab, et kardinad istuvad tihedalt vastu seina, blokeerides t\u00e4ielikult v\u00e4lisvalgust ja luues rahuliku, privaatse ruumi. Kardinapuu k\u00f5verad otsad v\u00f5imaldavad kardinaid v\u00f5i drapeeringuid kenasti kronsteinide taha peita, v\u00e4ltides valguse lekkeid. Ideaalne kihtide lisamiseks, see kahekordne kardinapuu s\u00fcsteem v\u00f5imaldab riputada kaks kardinakomplekti\u2014t\u00e4iuslik lahendus pimendavate kardinate ja l\u00e4bipaistvate kardinate kombineerimiseks. Nautige paremat und, v\u00e4hendatud peegeldusi ja suuremat privaatsust Twilighti kardinapuuga.<\/p>\n<ul>\n<li><strong>Ruumi pimendav topelt kardinapuu<\/strong><br \/>\nTwilighti kumerad otsad v\u00f5imaldavad kardinal akna \u00fcmber t\u00e4ielikult sobituda, blokeerides valguse ja isoleerides ruumi.<\/li>\n<li><strong>Kiire ja lihtne paigaldus<\/strong><br \/>\nKomplektis on k\u00f5ik vajalik kiireks paigaldamiseks ja selged juhised.<\/li>\n<li><strong>Mitmek\u00fclgne disain<\/strong><br \/>\nIdeaalne kihtide lisamiseks, kahekordne kardinapuu s\u00fcsteem toetab kahte kardinakomplekti, sobides igale stiilile.<\/li>\n<li><strong>Tugev ja vastupidav<\/strong><br \/>\nValmistatud kvaliteetsest metallist, kannab kuni 10 kg, Twilight on vastupidav ja sobib igasse tuppa.<\/li>\n<\/ul>\n<p>\u2022 Materjalid: Kvaliteetne metall<br \/>\n\u2022 Kannab kuni 10 kg<br \/>\n\u2022 <a href=\"\/et\/tootekategooria\/brandid\/umbra-et\/\">Br\u00e4nd Umbra<\/a><\/p>\n<p><strong>Meist<\/strong><\/p>\n<p>1979. aastal alguse saanud \u00fche lihtsa aknakardinaga s\u00fcndis Umbra kirest originaalse disaini ja taskukohase, kaasaegse stiili vastu. Kaasasutajad Les Mandelbaum ja Paul Rowan n\u00e4gid vajadust luua loomingulisi ja soodsaid tooteid, mis sobiksid igasse koju.<\/p>\n<p>T\u00e4naseks on Torontos, Kanadas asuv Umbra kasvanud rahvusvaheliseks disainiliidriks, tegutsedes enam kui 120 riigis ja omades esindusi Euroopas, P\u00f5hja- ja L\u00f5una-Ameerikas ning Aasias. Innovatsioonist kantuna toob meie rahvusvaheline disainitiim igap\u00e4evaesemetesse v\u00e4rsket loomingulisust ja uusi ideid, seades kaasaegsele disainile uusi standardeid.<\/p>\n<p><a href=\"\/et\/tootekategooria\/brandid\/umbra-et\/\"><img loading=\"lazy\" decoding=\"async\" src=\"https:\/\/www.talidesign.eu\/wp\/wp-content\/uploads\/2024\/10\/umbralogo-1.jpg\" alt=\"\" width=\"500\" height=\"100\" class=\"alignnone size-full wp-image-93263\" \/><\/a><\/p>\n","protected":false},"featured_media":93750,"template":"","meta":[],"product_brand":[],"product_cat":[1026,1018,1106,1030,1101,3350],"product_tag":[3356],"class_list":{"0":"post-93744","1":"product","2":"type-product","3":"status-publish","4":"has-post-thumbnail","6":"product_cat-brandid","7":"product_cat-kodu","8":"product_cat-konksud-nagid","9":"product_cat-kook","10":"product_cat-magamis-ja-elutuba","11":"product_cat-umbra-et","12":"product_tag-umbra-et","14":"first","15":"outofstock","16":"taxable","17":"shipping-taxable","18":"purchasable","19":"product-type-simple"},"yoast_head":"<!-- This site is optimized with the Yoast SEO plugin v27.3 - https:\/\/yoast.com\/product\/yoast-seo-wordpress\/ -->\n<title>Umbra Twilight pimendav topelt kardinapuu 76-213cm Must - TALI Concept Store<\/title>\n<meta name=\"description\" content=\"Umbra Twilight pimendav topelt kardinapuu 76-213cm Must - \u00dctle h\u00fcvasti soovimatule valgusele selle uuendusliku kardinapuuga. Looge rahulik ja privaatne ruum, blokeerides t\u00e4ielikult v\u00e4lisvalgust. Kiire ja lihtne paigaldus.\" \/>\n<meta name=\"robots\" content=\"index, follow, max-snippet:-1, max-image-preview:large, max-video-preview:-1\" \/>\n<link rel=\"canonical\" href=\"https:\/\/www.talidesign.eu\/et\/pood\/toode\/umbra-twilight-pimendav-topelt-kardinapuu-76-213cm-must\/\" \/>\n<meta property=\"og:locale\" content=\"et_EE\" \/>\n<meta property=\"og:type\" content=\"article\" \/>\n<meta property=\"og:title\" content=\"Umbra Twilight pimendav topelt kardinapuu 76-213cm Must - TALI Concept Store\" \/>\n<meta property=\"og:description\" content=\"Umbra Twilight pimendav topelt kardinapuu 76-213cm Must - \u00dctle h\u00fcvasti soovimatule valgusele selle uuendusliku kardinapuuga. Looge rahulik ja privaatne ruum, blokeerides t\u00e4ielikult v\u00e4lisvalgust. Kiire ja lihtne paigaldus.\" \/>\n<meta property=\"og:url\" content=\"https:\/\/www.talidesign.eu\/et\/pood\/toode\/umbra-twilight-pimendav-topelt-kardinapuu-76-213cm-must\/\" \/>\n<meta property=\"og:site_name\" content=\"TALI Concept Store\" \/>\n<meta property=\"article:publisher\" content=\"https:\/\/www.facebook.com\/TaliDisain\/\" \/>\n<meta property=\"article:modified_time\" content=\"2025-01-04T11:38:50+00:00\" \/>\n<meta property=\"og:image\" content=\"https:\/\/www.talidesign.eu\/wp\/wp-content\/uploads\/2024\/10\/lhlftonc7ll1oytoaivr.jpeg\" \/>\n\t<meta property=\"og:image:width\" content=\"1900\" \/>\n\t<meta property=\"og:image:height\" content=\"1900\" \/>\n\t<meta property=\"og:image:type\" content=\"image\/jpeg\" \/>\n<meta name=\"twitter:card\" content=\"summary_large_image\" \/>\n<meta name=\"twitter:label1\" content=\"Est. reading time\" \/>\n\t<meta name=\"twitter:data1\" content=\"2 minutes\" \/>\n<script type=\"application\/ld+json\" class=\"yoast-schema-graph\">{\"@context\":\"https:\\\/\\\/schema.org\",\"@graph\":[{\"@type\":\"WebPage\",\"@id\":\"https:\\\/\\\/www.talidesign.eu\\\/et\\\/pood\\\/toode\\\/umbra-twilight-pimendav-topelt-kardinapuu-76-213cm-must\\\/\",\"url\":\"https:\\\/\\\/www.talidesign.eu\\\/et\\\/pood\\\/toode\\\/umbra-twilight-pimendav-topelt-kardinapuu-76-213cm-must\\\/\",\"name\":\"Umbra Twilight pimendav topelt kardinapuu 76-213cm Must - TALI Concept Store\",\"isPartOf\":{\"@id\":\"https:\\\/\\\/www.talidesign.eu\\\/et\\\/#website\"},\"primaryImageOfPage\":{\"@id\":\"https:\\\/\\\/www.talidesign.eu\\\/et\\\/pood\\\/toode\\\/umbra-twilight-pimendav-topelt-kardinapuu-76-213cm-must\\\/#primaryimage\"},\"image\":{\"@id\":\"https:\\\/\\\/www.talidesign.eu\\\/et\\\/pood\\\/toode\\\/umbra-twilight-pimendav-topelt-kardinapuu-76-213cm-must\\\/#primaryimage\"},\"thumbnailUrl\":\"https:\\\/\\\/www.talidesign.eu\\\/wp\\\/wp-content\\\/uploads\\\/2024\\\/10\\\/lhlftonc7ll1oytoaivr.jpeg\",\"datePublished\":\"2024-10-31T13:25:19+00:00\",\"dateModified\":\"2025-01-04T11:38:50+00:00\",\"description\":\"Umbra Twilight pimendav topelt kardinapuu 76-213cm Must - \u00dctle h\u00fcvasti soovimatule valgusele selle uuendusliku kardinapuuga. Looge rahulik ja privaatne ruum, blokeerides t\u00e4ielikult v\u00e4lisvalgust. Kiire ja lihtne paigaldus.\",\"breadcrumb\":{\"@id\":\"https:\\\/\\\/www.talidesign.eu\\\/et\\\/pood\\\/toode\\\/umbra-twilight-pimendav-topelt-kardinapuu-76-213cm-must\\\/#breadcrumb\"},\"inLanguage\":\"et\",\"potentialAction\":[{\"@type\":\"ReadAction\",\"target\":[\"https:\\\/\\\/www.talidesign.eu\\\/et\\\/pood\\\/toode\\\/umbra-twilight-pimendav-topelt-kardinapuu-76-213cm-must\\\/\"]}]},{\"@type\":\"ImageObject\",\"inLanguage\":\"et\",\"@id\":\"https:\\\/\\\/www.talidesign.eu\\\/et\\\/pood\\\/toode\\\/umbra-twilight-pimendav-topelt-kardinapuu-76-213cm-must\\\/#primaryimage\",\"url\":\"https:\\\/\\\/www.talidesign.eu\\\/wp\\\/wp-content\\\/uploads\\\/2024\\\/10\\\/lhlftonc7ll1oytoaivr.jpeg\",\"contentUrl\":\"https:\\\/\\\/www.talidesign.eu\\\/wp\\\/wp-content\\\/uploads\\\/2024\\\/10\\\/lhlftonc7ll1oytoaivr.jpeg\",\"width\":1900,\"height\":1900},{\"@type\":\"BreadcrumbList\",\"@id\":\"https:\\\/\\\/www.talidesign.eu\\\/et\\\/pood\\\/toode\\\/umbra-twilight-pimendav-topelt-kardinapuu-76-213cm-must\\\/#breadcrumb\",\"itemListElement\":[{\"@type\":\"ListItem\",\"position\":1,\"name\":\"Avaleht\",\"item\":\"https:\\\/\\\/www.talidesign.eu\\\/et\\\/\"},{\"@type\":\"ListItem\",\"position\":2,\"name\":\"Pood\",\"item\":\"https:\\\/\\\/www.talidesign.eu\\\/et\\\/pood\\\/\"},{\"@type\":\"ListItem\",\"position\":3,\"name\":\"Umbra Twilight pimendav topelt kardinapuu 76-213cm Must\"}]},{\"@type\":\"WebSite\",\"@id\":\"https:\\\/\\\/www.talidesign.eu\\\/et\\\/#website\",\"url\":\"https:\\\/\\\/www.talidesign.eu\\\/et\\\/\",\"name\":\"TALI Concept Store\",\"description\":\"Suurim Disainipood Eestis\",\"potentialAction\":[{\"@type\":\"SearchAction\",\"target\":{\"@type\":\"EntryPoint\",\"urlTemplate\":\"https:\\\/\\\/www.talidesign.eu\\\/et\\\/?s={search_term_string}\"},\"query-input\":{\"@type\":\"PropertyValueSpecification\",\"valueRequired\":true,\"valueName\":\"search_term_string\"}}],\"inLanguage\":\"et\"}]}<\/script>\n<!-- \/ Yoast SEO plugin. -->","yoast_head_json":{"title":"Umbra Twilight pimendav topelt kardinapuu 76-213cm Must - TALI Concept Store","description":"Umbra Twilight pimendav topelt kardinapuu 76-213cm Must - \u00dctle h\u00fcvasti soovimatule valgusele selle uuendusliku kardinapuuga. Looge rahulik ja privaatne ruum, blokeerides t\u00e4ielikult v\u00e4lisvalgust. Kiire ja lihtne paigaldus.","robots":{"index":"index","follow":"follow","max-snippet":"max-snippet:-1","max-image-preview":"max-image-preview:large","max-video-preview":"max-video-preview:-1"},"canonical":"https:\/\/www.talidesign.eu\/et\/pood\/toode\/umbra-twilight-pimendav-topelt-kardinapuu-76-213cm-must\/","og_locale":"et_EE","og_type":"article","og_title":"Umbra Twilight pimendav topelt kardinapuu 76-213cm Must - TALI Concept Store","og_description":"Umbra Twilight pimendav topelt kardinapuu 76-213cm Must - \u00dctle h\u00fcvasti soovimatule valgusele selle uuendusliku kardinapuuga. Looge rahulik ja privaatne ruum, blokeerides t\u00e4ielikult v\u00e4lisvalgust. Kiire ja lihtne paigaldus.","og_url":"https:\/\/www.talidesign.eu\/et\/pood\/toode\/umbra-twilight-pimendav-topelt-kardinapuu-76-213cm-must\/","og_site_name":"TALI Concept Store","article_publisher":"https:\/\/www.facebook.com\/TaliDisain\/","article_modified_time":"2025-01-04T11:38:50+00:00","og_image":[{"width":1900,"height":1900,"url":"https:\/\/www.talidesign.eu\/wp\/wp-content\/uploads\/2024\/10\/lhlftonc7ll1oytoaivr.jpeg","type":"image\/jpeg"}],"twitter_card":"summary_large_image","twitter_misc":{"Est. reading time":"2 minutes"},"schema":{"@context":"https:\/\/schema.org","@graph":[{"@type":"WebPage","@id":"https:\/\/www.talidesign.eu\/et\/pood\/toode\/umbra-twilight-pimendav-topelt-kardinapuu-76-213cm-must\/","url":"https:\/\/www.talidesign.eu\/et\/pood\/toode\/umbra-twilight-pimendav-topelt-kardinapuu-76-213cm-must\/","name":"Umbra Twilight pimendav topelt kardinapuu 76-213cm Must - TALI Concept Store","isPartOf":{"@id":"https:\/\/www.talidesign.eu\/et\/#website"},"primaryImageOfPage":{"@id":"https:\/\/www.talidesign.eu\/et\/pood\/toode\/umbra-twilight-pimendav-topelt-kardinapuu-76-213cm-must\/#primaryimage"},"image":{"@id":"https:\/\/www.talidesign.eu\/et\/pood\/toode\/umbra-twilight-pimendav-topelt-kardinapuu-76-213cm-must\/#primaryimage"},"thumbnailUrl":"https:\/\/www.talidesign.eu\/wp\/wp-content\/uploads\/2024\/10\/lhlftonc7ll1oytoaivr.jpeg","datePublished":"2024-10-31T13:25:19+00:00","dateModified":"2025-01-04T11:38:50+00:00","description":"Umbra Twilight pimendav topelt kardinapuu 76-213cm Must - \u00dctle h\u00fcvasti soovimatule valgusele selle uuendusliku kardinapuuga. Looge rahulik ja privaatne ruum, blokeerides t\u00e4ielikult v\u00e4lisvalgust. Kiire ja lihtne paigaldus.","breadcrumb":{"@id":"https:\/\/www.talidesign.eu\/et\/pood\/toode\/umbra-twilight-pimendav-topelt-kardinapuu-76-213cm-must\/#breadcrumb"},"inLanguage":"et","potentialAction":[{"@type":"ReadAction","target":["https:\/\/www.talidesign.eu\/et\/pood\/toode\/umbra-twilight-pimendav-topelt-kardinapuu-76-213cm-must\/"]}]},{"@type":"ImageObject","inLanguage":"et","@id":"https:\/\/www.talidesign.eu\/et\/pood\/toode\/umbra-twilight-pimendav-topelt-kardinapuu-76-213cm-must\/#primaryimage","url":"https:\/\/www.talidesign.eu\/wp\/wp-content\/uploads\/2024\/10\/lhlftonc7ll1oytoaivr.jpeg","contentUrl":"https:\/\/www.talidesign.eu\/wp\/wp-content\/uploads\/2024\/10\/lhlftonc7ll1oytoaivr.jpeg","width":1900,"height":1900},{"@type":"BreadcrumbList","@id":"https:\/\/www.talidesign.eu\/et\/pood\/toode\/umbra-twilight-pimendav-topelt-kardinapuu-76-213cm-must\/#breadcrumb","itemListElement":[{"@type":"ListItem","position":1,"name":"Avaleht","item":"https:\/\/www.talidesign.eu\/et\/"},{"@type":"ListItem","position":2,"name":"Pood","item":"https:\/\/www.talidesign.eu\/et\/pood\/"},{"@type":"ListItem","position":3,"name":"Umbra Twilight pimendav topelt kardinapuu 76-213cm Must"}]},{"@type":"WebSite","@id":"https:\/\/www.talidesign.eu\/et\/#website","url":"https:\/\/www.talidesign.eu\/et\/","name":"TALI Concept Store","description":"Suurim Disainipood Eestis","potentialAction":[{"@type":"SearchAction","target":{"@type":"EntryPoint","urlTemplate":"https:\/\/www.talidesign.eu\/et\/?s={search_term_string}"},"query-input":{"@type":"PropertyValueSpecification","valueRequired":true,"valueName":"search_term_string"}}],"inLanguage":"et"}]}},"_links":{"self":[{"href":"https:\/\/www.talidesign.eu\/et\/wp-json\/wp\/v2\/product\/93744","targetHints":{"allow":["GET"]}}],"collection":[{"href":"https:\/\/www.talidesign.eu\/et\/wp-json\/wp\/v2\/product"}],"about":[{"href":"https:\/\/www.talidesign.eu\/et\/wp-json\/wp\/v2\/types\/product"}],"wp:featuredmedia":[{"embeddable":true,"href":"https:\/\/www.talidesign.eu\/et\/wp-json\/wp\/v2\/media\/93750"}],"wp:attachment":[{"href":"https:\/\/www.talidesign.eu\/et\/wp-json\/wp\/v2\/media?parent=93744"}],"wp:term":[{"taxonomy":"product_brand","embeddable":true,"href":"https:\/\/www.talidesign.eu\/et\/wp-json\/wp\/v2\/product_brand?post=93744"},{"taxonomy":"product_cat","embeddable":true,"href":"https:\/\/www.talidesign.eu\/et\/wp-json\/wp\/v2\/product_cat?post=93744"},{"taxonomy":"product_tag","embeddable":true,"href":"https:\/\/www.talidesign.eu\/et\/wp-json\/wp\/v2\/product_tag?post=93744"}],"curies":[{"name":"wp","href":"https:\/\/api.w.org\/{rel}","templated":true}]}}