{"id":93765,"date":"2024-11-12T15:38:26","date_gmt":"2024-11-12T13:38:26","guid":{"rendered":"https:\/\/www.talidesign.eu\/?post_type=product&#038;p=93765"},"modified":"2026-04-11T11:33:53","modified_gmt":"2026-04-11T08:33:53","slug":"umbra-tipsy-balanseeriv-pudeliavaja","status":"publish","type":"product","link":"https:\/\/www.talidesign.eu\/et\/pood\/toode\/umbra-tipsy-balanseeriv-pudeliavaja\/","title":{"rendered":"Umbra Tipsy balanseeriv pudeliavaja"},"content":{"rendered":"<p><strong>Tipsy balanseeriv pudeliavaja<\/strong><\/p>\n<p>Tutvustame Tipsy pudeliavajat \u2013 ideaalne kombinatsioon disainist ja funktsionaalsusest. Ta pole lihtsalt tavaline pudeliavaja, vaid dekoratiivne ese, mis t\u00e4iustab iga kodubaari ilmet. T\u00e4nu oma vastupidavale valumetallist konstruktsioonile ja poleeritud kroomviimistlusele on Tipsy loodud kestma ja lisab samal ajal elegantsi igale ruumile. Tipsy erip\u00e4ra on selle ainulaadne tasakaalualus (komplektis), mis v\u00f5imaldab pudeliavajal seista sirgelt igal kitsal serval v\u00f5i kaasasoleval alusel. See pole lihtsalt pudeliavaja \u2013 see on vestluse algataja ja skulpturaalne kunstiteos. Sobib suurep\u00e4raselt k\u00fclaliste v\u00f5\u00f5rustamiseks v\u00f5i \u00f5htuseks jookide nautimiseks. See stiilne avaja on ka ideaalne kingitus. Oma m\u00e4ngulise ja praktilise funktsiooniga toob Tipsy igasse k\u00f6\u00f6ki pisut elur\u00f5\u00f5mu.<\/p>\n<ul>\n<li><strong>Tasakaalustav ja kvaliteetne<\/strong><br \/>\nSeisab iseseisvalt igal kitsal serval v\u00f5i kaasas oleval alusel. Valumetallist ja poleeritud kroomviimistlusega Tipsy on vastupidav ja s\u00e4ilitab oma l\u00e4ike.<\/li>\n<li><strong>Vestluse algataja ja suurep\u00e4rane kingitus<\/strong><br \/>\nTipsy on m\u00e4nguline ja modernne element, mis lisab ruumi erip\u00e4ra ning sobib ideaalselt kingituseks.<\/li>\n<\/ul>\n<p>\u2022 Materjalid: Valumetall, poleeritud kroomviimistlus<br \/>\n\u2022 Komplektis: Kaasas tasakaalualus<br \/>\n\u2022 <a href=\"\/et\/tootekategooria\/brandid\/umbra-et\/\">Br\u00e4nd Umbra<\/a><\/p>\n<p><strong>Meist<\/strong><\/p>\n<p>1979. aastal alguse saanud \u00fche lihtsa aknakardinaga s\u00fcndis Umbra kirest originaalse disaini ja taskukohase, kaasaegse stiili vastu. Kaasasutajad Les Mandelbaum ja Paul Rowan n\u00e4gid vajadust luua loomingulisi ja soodsaid tooteid, mis sobiksid igasse koju.<\/p>\n<p>T\u00e4naseks on Torontos, Kanadas asuv Umbra kasvanud rahvusvaheliseks disainiliidriks, tegutsedes enam kui 120 riigis ja omades esindusi Euroopas, P\u00f5hja- ja L\u00f5una-Ameerikas ning Aasias. Innovatsioonist kantuna toob meie rahvusvaheline disainitiim igap\u00e4evaesemetesse v\u00e4rsket loomingulisust ja uusi ideid, seades kaasaegsele disainile uusi standardeid.<\/p>\n<p><a href=\"\/et\/tootekategooria\/brandid\/umbra-et\/\"><img loading=\"lazy\" decoding=\"async\" src=\"https:\/\/www.talidesign.eu\/wp\/wp-content\/uploads\/2024\/10\/umbralogo-1.jpg\" alt=\"\" width=\"500\" height=\"100\" class=\"alignnone size-full wp-image-93263\" \/><\/a><\/p>\n","protected":false},"excerpt":{"rendered":"<p><strong>Tipsy balanseeriv pudeliavaja<\/strong><\/p>\n<p>Tutvustame Tipsy pudeliavajat \u2013 ideaalne kombinatsioon disainist ja funktsionaalsusest. Ta pole lihtsalt tavaline pudeliavaja, vaid dekoratiivne ese, mis t\u00e4iustab iga kodubaari ilmet. T\u00e4nu oma vastupidavale valumetallist konstruktsioonile ja poleeritud kroomviimistlusele on Tipsy loodud kestma ja lisab samal ajal elegantsi igale ruumile. Tipsy erip\u00e4ra on selle ainulaadne tasakaalualus (komplektis), mis v\u00f5imaldab pudeliavajal seista sirgelt igal kitsal serval v\u00f5i kaasasoleval alusel. See pole lihtsalt pudeliavaja \u2013 see on vestluse algataja ja skulpturaalne kunstiteos. Sobib suurep\u00e4raselt k\u00fclaliste v\u00f5\u00f5rustamiseks v\u00f5i \u00f5htuseks jookide nautimiseks. See stiilne avaja on ka ideaalne kingitus. Oma m\u00e4ngulise ja praktilise funktsiooniga toob Tipsy igasse k\u00f6\u00f6ki pisut elur\u00f5\u00f5mu.<\/p>\n<ul>\n<li><strong>Tasakaalustav ja kvaliteetne<\/strong><br \/>\nSeisab iseseisvalt igal kitsal serval v\u00f5i kaasas oleval alusel. Valumetallist ja poleeritud kroomviimistlusega Tipsy on vastupidav ja s\u00e4ilitab oma l\u00e4ike.<\/li>\n<li><strong>Vestluse algataja ja suurep\u00e4rane kingitus<\/strong><br \/>\nTipsy on m\u00e4nguline ja modernne element, mis lisab ruumi erip\u00e4ra ning sobib ideaalselt kingituseks.<\/li>\n<\/ul>\n<p>\u2022 Materjalid: Valumetall, poleeritud kroomviimistlus<br \/>\n\u2022 Komplektis: Kaasas tasakaalualus<br \/>\n\u2022 <a href=\"\/et\/tootekategooria\/brandid\/umbra-et\/\">Br\u00e4nd Umbra<\/a><\/p>\n<p><strong>Meist<\/strong><\/p>\n<p>1979. aastal alguse saanud \u00fche lihtsa aknakardinaga s\u00fcndis Umbra kirest originaalse disaini ja taskukohase, kaasaegse stiili vastu. Kaasasutajad Les Mandelbaum ja Paul Rowan n\u00e4gid vajadust luua loomingulisi ja soodsaid tooteid, mis sobiksid igasse koju.<\/p>\n<p>T\u00e4naseks on Torontos, Kanadas asuv Umbra kasvanud rahvusvaheliseks disainiliidriks, tegutsedes enam kui 120 riigis ja omades esindusi Euroopas, P\u00f5hja- ja L\u00f5una-Ameerikas ning Aasias. Innovatsioonist kantuna toob meie rahvusvaheline disainitiim igap\u00e4evaesemetesse v\u00e4rsket loomingulisust ja uusi ideid, seades kaasaegsele disainile uusi standardeid.<\/p>\n<p><a href=\"\/et\/tootekategooria\/brandid\/umbra-et\/\"><img loading=\"lazy\" decoding=\"async\" src=\"https:\/\/www.talidesign.eu\/wp\/wp-content\/uploads\/2024\/10\/umbralogo-1.jpg\" alt=\"\" width=\"500\" height=\"100\" class=\"alignnone size-full wp-image-93263\" \/><\/a><\/p>\n","protected":false},"featured_media":93789,"template":"","meta":[],"product_brand":[],"product_cat":[1099,1026,1018,1030,3350],"product_tag":[3356],"class_list":{"0":"post-93765","1":"product","2":"type-product","3":"status-publish","4":"has-post-thumbnail","6":"product_cat-aksessuaarid","7":"product_cat-brandid","8":"product_cat-kodu","9":"product_cat-kook","10":"product_cat-umbra-et","11":"product_tag-umbra-et","13":"first","14":"instock","15":"taxable","16":"shipping-taxable","17":"purchasable","18":"product-type-simple"},"yoast_head":"<!-- This site is optimized with the Yoast SEO plugin v27.4 - https:\/\/yoast.com\/product\/yoast-seo-wordpress\/ -->\n<title>Umbra Tipsy balanseeriv pudeliavaja - TALI Concept Store<\/title>\n<meta name=\"description\" content=\"Avasta Tipsy balanseeriv pudeliavaja - ideaalne kombinatsioon disainist ja funktsionaalsusest. Lisab elegantsi igale ruumile ja on suurep\u00e4rane kingitus.\" \/>\n<meta name=\"robots\" content=\"index, follow, max-snippet:-1, max-image-preview:large, max-video-preview:-1\" \/>\n<link rel=\"canonical\" href=\"https:\/\/www.talidesign.eu\/et\/pood\/toode\/umbra-tipsy-balanseeriv-pudeliavaja\/\" \/>\n<meta property=\"og:locale\" content=\"et_EE\" \/>\n<meta property=\"og:type\" content=\"article\" \/>\n<meta property=\"og:title\" content=\"Umbra Tipsy balanseeriv pudeliavaja - TALI Concept Store\" \/>\n<meta property=\"og:description\" content=\"Avasta Tipsy balanseeriv pudeliavaja - ideaalne kombinatsioon disainist ja funktsionaalsusest. Lisab elegantsi igale ruumile ja on suurep\u00e4rane kingitus.\" \/>\n<meta property=\"og:url\" content=\"https:\/\/www.talidesign.eu\/et\/pood\/toode\/umbra-tipsy-balanseeriv-pudeliavaja\/\" \/>\n<meta property=\"og:site_name\" content=\"TALI Concept Store\" \/>\n<meta property=\"article:publisher\" content=\"https:\/\/www.facebook.com\/TaliDisain\/\" \/>\n<meta property=\"article:modified_time\" content=\"2026-04-11T08:33:53+00:00\" \/>\n<meta property=\"og:image\" content=\"https:\/\/www.talidesign.eu\/wp\/wp-content\/uploads\/2024\/10\/uvytldhqquayu2u64fzy.jpeg\" \/>\n\t<meta property=\"og:image:width\" content=\"1900\" \/>\n\t<meta property=\"og:image:height\" content=\"1900\" \/>\n\t<meta property=\"og:image:type\" content=\"image\/jpeg\" \/>\n<meta name=\"twitter:card\" content=\"summary_large_image\" \/>\n<meta name=\"twitter:label1\" content=\"Est. reading time\" \/>\n\t<meta name=\"twitter:data1\" content=\"2 minutes\" \/>\n<script type=\"application\/ld+json\" class=\"yoast-schema-graph\">{\"@context\":\"https:\\\/\\\/schema.org\",\"@graph\":[{\"@type\":\"WebPage\",\"@id\":\"https:\\\/\\\/www.talidesign.eu\\\/et\\\/pood\\\/toode\\\/umbra-tipsy-balanseeriv-pudeliavaja\\\/\",\"url\":\"https:\\\/\\\/www.talidesign.eu\\\/et\\\/pood\\\/toode\\\/umbra-tipsy-balanseeriv-pudeliavaja\\\/\",\"name\":\"Umbra Tipsy balanseeriv pudeliavaja - TALI Concept Store\",\"isPartOf\":{\"@id\":\"https:\\\/\\\/www.talidesign.eu\\\/et\\\/#website\"},\"primaryImageOfPage\":{\"@id\":\"https:\\\/\\\/www.talidesign.eu\\\/et\\\/pood\\\/toode\\\/umbra-tipsy-balanseeriv-pudeliavaja\\\/#primaryimage\"},\"image\":{\"@id\":\"https:\\\/\\\/www.talidesign.eu\\\/et\\\/pood\\\/toode\\\/umbra-tipsy-balanseeriv-pudeliavaja\\\/#primaryimage\"},\"thumbnailUrl\":\"https:\\\/\\\/www.talidesign.eu\\\/wp\\\/wp-content\\\/uploads\\\/2024\\\/10\\\/uvytldhqquayu2u64fzy.jpeg\",\"datePublished\":\"2024-11-12T13:38:26+00:00\",\"dateModified\":\"2026-04-11T08:33:53+00:00\",\"description\":\"Avasta Tipsy balanseeriv pudeliavaja - ideaalne kombinatsioon disainist ja funktsionaalsusest. Lisab elegantsi igale ruumile ja on suurep\u00e4rane kingitus.\",\"breadcrumb\":{\"@id\":\"https:\\\/\\\/www.talidesign.eu\\\/et\\\/pood\\\/toode\\\/umbra-tipsy-balanseeriv-pudeliavaja\\\/#breadcrumb\"},\"inLanguage\":\"et\",\"potentialAction\":[{\"@type\":\"ReadAction\",\"target\":[\"https:\\\/\\\/www.talidesign.eu\\\/et\\\/pood\\\/toode\\\/umbra-tipsy-balanseeriv-pudeliavaja\\\/\"]}]},{\"@type\":\"ImageObject\",\"inLanguage\":\"et\",\"@id\":\"https:\\\/\\\/www.talidesign.eu\\\/et\\\/pood\\\/toode\\\/umbra-tipsy-balanseeriv-pudeliavaja\\\/#primaryimage\",\"url\":\"https:\\\/\\\/www.talidesign.eu\\\/wp\\\/wp-content\\\/uploads\\\/2024\\\/10\\\/uvytldhqquayu2u64fzy.jpeg\",\"contentUrl\":\"https:\\\/\\\/www.talidesign.eu\\\/wp\\\/wp-content\\\/uploads\\\/2024\\\/10\\\/uvytldhqquayu2u64fzy.jpeg\",\"width\":1900,\"height\":1900},{\"@type\":\"BreadcrumbList\",\"@id\":\"https:\\\/\\\/www.talidesign.eu\\\/et\\\/pood\\\/toode\\\/umbra-tipsy-balanseeriv-pudeliavaja\\\/#breadcrumb\",\"itemListElement\":[{\"@type\":\"ListItem\",\"position\":1,\"name\":\"Avaleht\",\"item\":\"https:\\\/\\\/www.talidesign.eu\\\/et\\\/\"},{\"@type\":\"ListItem\",\"position\":2,\"name\":\"Pood\",\"item\":\"https:\\\/\\\/www.talidesign.eu\\\/et\\\/pood\\\/\"},{\"@type\":\"ListItem\",\"position\":3,\"name\":\"Umbra Tipsy balanseeriv pudeliavaja\"}]},{\"@type\":\"WebSite\",\"@id\":\"https:\\\/\\\/www.talidesign.eu\\\/et\\\/#website\",\"url\":\"https:\\\/\\\/www.talidesign.eu\\\/et\\\/\",\"name\":\"TALI Concept Store\",\"description\":\"Suurim Disainipood Eestis\",\"potentialAction\":[{\"@type\":\"SearchAction\",\"target\":{\"@type\":\"EntryPoint\",\"urlTemplate\":\"https:\\\/\\\/www.talidesign.eu\\\/et\\\/?s={search_term_string}\"},\"query-input\":{\"@type\":\"PropertyValueSpecification\",\"valueRequired\":true,\"valueName\":\"search_term_string\"}}],\"inLanguage\":\"et\"}]}<\/script>\n<!-- \/ Yoast SEO plugin. -->","yoast_head_json":{"title":"Umbra Tipsy balanseeriv pudeliavaja - TALI Concept Store","description":"Avasta Tipsy balanseeriv pudeliavaja - ideaalne kombinatsioon disainist ja funktsionaalsusest. Lisab elegantsi igale ruumile ja on suurep\u00e4rane kingitus.","robots":{"index":"index","follow":"follow","max-snippet":"max-snippet:-1","max-image-preview":"max-image-preview:large","max-video-preview":"max-video-preview:-1"},"canonical":"https:\/\/www.talidesign.eu\/et\/pood\/toode\/umbra-tipsy-balanseeriv-pudeliavaja\/","og_locale":"et_EE","og_type":"article","og_title":"Umbra Tipsy balanseeriv pudeliavaja - TALI Concept Store","og_description":"Avasta Tipsy balanseeriv pudeliavaja - ideaalne kombinatsioon disainist ja funktsionaalsusest. Lisab elegantsi igale ruumile ja on suurep\u00e4rane kingitus.","og_url":"https:\/\/www.talidesign.eu\/et\/pood\/toode\/umbra-tipsy-balanseeriv-pudeliavaja\/","og_site_name":"TALI Concept Store","article_publisher":"https:\/\/www.facebook.com\/TaliDisain\/","article_modified_time":"2026-04-11T08:33:53+00:00","og_image":[{"width":1900,"height":1900,"url":"https:\/\/www.talidesign.eu\/wp\/wp-content\/uploads\/2024\/10\/uvytldhqquayu2u64fzy.jpeg","type":"image\/jpeg"}],"twitter_card":"summary_large_image","twitter_misc":{"Est. reading time":"2 minutes"},"schema":{"@context":"https:\/\/schema.org","@graph":[{"@type":"WebPage","@id":"https:\/\/www.talidesign.eu\/et\/pood\/toode\/umbra-tipsy-balanseeriv-pudeliavaja\/","url":"https:\/\/www.talidesign.eu\/et\/pood\/toode\/umbra-tipsy-balanseeriv-pudeliavaja\/","name":"Umbra Tipsy balanseeriv pudeliavaja - TALI Concept Store","isPartOf":{"@id":"https:\/\/www.talidesign.eu\/et\/#website"},"primaryImageOfPage":{"@id":"https:\/\/www.talidesign.eu\/et\/pood\/toode\/umbra-tipsy-balanseeriv-pudeliavaja\/#primaryimage"},"image":{"@id":"https:\/\/www.talidesign.eu\/et\/pood\/toode\/umbra-tipsy-balanseeriv-pudeliavaja\/#primaryimage"},"thumbnailUrl":"https:\/\/www.talidesign.eu\/wp\/wp-content\/uploads\/2024\/10\/uvytldhqquayu2u64fzy.jpeg","datePublished":"2024-11-12T13:38:26+00:00","dateModified":"2026-04-11T08:33:53+00:00","description":"Avasta Tipsy balanseeriv pudeliavaja - ideaalne kombinatsioon disainist ja funktsionaalsusest. Lisab elegantsi igale ruumile ja on suurep\u00e4rane kingitus.","breadcrumb":{"@id":"https:\/\/www.talidesign.eu\/et\/pood\/toode\/umbra-tipsy-balanseeriv-pudeliavaja\/#breadcrumb"},"inLanguage":"et","potentialAction":[{"@type":"ReadAction","target":["https:\/\/www.talidesign.eu\/et\/pood\/toode\/umbra-tipsy-balanseeriv-pudeliavaja\/"]}]},{"@type":"ImageObject","inLanguage":"et","@id":"https:\/\/www.talidesign.eu\/et\/pood\/toode\/umbra-tipsy-balanseeriv-pudeliavaja\/#primaryimage","url":"https:\/\/www.talidesign.eu\/wp\/wp-content\/uploads\/2024\/10\/uvytldhqquayu2u64fzy.jpeg","contentUrl":"https:\/\/www.talidesign.eu\/wp\/wp-content\/uploads\/2024\/10\/uvytldhqquayu2u64fzy.jpeg","width":1900,"height":1900},{"@type":"BreadcrumbList","@id":"https:\/\/www.talidesign.eu\/et\/pood\/toode\/umbra-tipsy-balanseeriv-pudeliavaja\/#breadcrumb","itemListElement":[{"@type":"ListItem","position":1,"name":"Avaleht","item":"https:\/\/www.talidesign.eu\/et\/"},{"@type":"ListItem","position":2,"name":"Pood","item":"https:\/\/www.talidesign.eu\/et\/pood\/"},{"@type":"ListItem","position":3,"name":"Umbra Tipsy balanseeriv pudeliavaja"}]},{"@type":"WebSite","@id":"https:\/\/www.talidesign.eu\/et\/#website","url":"https:\/\/www.talidesign.eu\/et\/","name":"TALI Concept Store","description":"Suurim Disainipood Eestis","potentialAction":[{"@type":"SearchAction","target":{"@type":"EntryPoint","urlTemplate":"https:\/\/www.talidesign.eu\/et\/?s={search_term_string}"},"query-input":{"@type":"PropertyValueSpecification","valueRequired":true,"valueName":"search_term_string"}}],"inLanguage":"et"}]}},"_links":{"self":[{"href":"https:\/\/www.talidesign.eu\/et\/wp-json\/wp\/v2\/product\/93765","targetHints":{"allow":["GET"]}}],"collection":[{"href":"https:\/\/www.talidesign.eu\/et\/wp-json\/wp\/v2\/product"}],"about":[{"href":"https:\/\/www.talidesign.eu\/et\/wp-json\/wp\/v2\/types\/product"}],"wp:featuredmedia":[{"embeddable":true,"href":"https:\/\/www.talidesign.eu\/et\/wp-json\/wp\/v2\/media\/93789"}],"wp:attachment":[{"href":"https:\/\/www.talidesign.eu\/et\/wp-json\/wp\/v2\/media?parent=93765"}],"wp:term":[{"taxonomy":"product_brand","embeddable":true,"href":"https:\/\/www.talidesign.eu\/et\/wp-json\/wp\/v2\/product_brand?post=93765"},{"taxonomy":"product_cat","embeddable":true,"href":"https:\/\/www.talidesign.eu\/et\/wp-json\/wp\/v2\/product_cat?post=93765"},{"taxonomy":"product_tag","embeddable":true,"href":"https:\/\/www.talidesign.eu\/et\/wp-json\/wp\/v2\/product_tag?post=93765"}],"curies":[{"name":"wp","href":"https:\/\/api.w.org\/{rel}","templated":true}]}}