{"id":93799,"date":"2024-11-12T15:51:36","date_gmt":"2024-10-31T13:51:37","guid":{"rendered":"https:\/\/www.talidesign.eu\/?post_type=product&#038;p=93799"},"modified":"2026-04-17T13:10:49","modified_gmt":"2026-04-17T10:10:49","slug":"umbra-casa-salvratikute-hoidja-valge","status":"publish","type":"product","link":"https:\/\/www.talidesign.eu\/et\/pood\/toode\/umbra-casa-salvratikute-hoidja-valge\/","title":{"rendered":"Umbra Casa salvr\u00e4tikute hoidja Valge"},"content":{"rendered":"<p><strong>Casa salvr\u00e4tikute hoidja Valge<\/strong><\/p>\n<p>Casa m\u00e4nguline disain muudab tavalise salvr\u00e4tikute hoidja palju l\u00f5busamaks. Majakujulisel Casal on v\u00e4ike korsten, millest v\u00e4ljub salvr\u00e4tik, tekitades mulje, nagu tuleks v\u00e4ike suitsupahvakas. <\/p>\n<ul>\n<li><strong>Nutikas ja armas disain<\/strong><br \/>\nCasa lisab standardsele salvr\u00e4tikute hoidjale l\u00f5busat isikup\u00e4ra, muutes salvr\u00e4tiku tossupilveks.<\/li>\n<li><strong>Dekoratiivne igas ruumis<\/strong><br \/>\nSee loominguline &#8220;majake&#8221; lisab v\u00f5lu sinu vannituppa, magamistuppa v\u00f5i igasse teise ruumi kodus ja kontoris.<\/li>\n<\/ul>\n<p>\u2022 Materjalid: Vastupidav pol\u00fcprop\u00fcleen<br \/>\n\u2022 M\u00f5\u00f5dud: 17 x 13 x 13 cm<br \/>\n\u2022 <a href=\"\/et\/tootekategooria\/brandid\/umbra-et\/\">Br\u00e4nd Umbra<\/a><\/p>\n<p><strong>Meist<\/strong><\/p>\n<p>1979. aastal alguse saanud \u00fche lihtsa aknakardinaga s\u00fcndis Umbra kirest originaalse disaini ja taskukohase, kaasaegse stiili vastu. Kaasasutajad Les Mandelbaum ja Paul Rowan n\u00e4gid vajadust luua loomingulisi ja soodsaid tooteid, mis sobiksid igasse koju.<\/p>\n<p>T\u00e4naseks on Torontos, Kanadas asuv Umbra kasvanud rahvusvaheliseks disainiliidriks, tegutsedes enam kui 120 riigis ja omades esindusi Euroopas, P\u00f5hja- ja L\u00f5una-Ameerikas ning Aasias. Innovatsioonist kantuna toob meie rahvusvaheline disainitiim igap\u00e4evaesemetesse v\u00e4rsket loomingulisust ja uusi ideid, seades kaasaegsele disainile uusi standardeid.<\/p>\n<p><a href=\"\/et\/tootekategooria\/brandid\/umbra-et\/\"><img loading=\"lazy\" decoding=\"async\" src=\"https:\/\/www.talidesign.eu\/wp\/wp-content\/uploads\/2024\/10\/umbralogo-1.jpg\" alt=\"\" width=\"500\" height=\"100\" class=\"alignnone size-full wp-image-93263\" \/><\/a><\/p>\n","protected":false},"excerpt":{"rendered":"<p><strong>Casa salvr\u00e4tikute hoidja Valge<\/strong><\/p>\n<p>Casa m\u00e4nguline disain muudab tavalise salvr\u00e4tikute hoidja palju l\u00f5busamaks. Majakujulisel Casal on v\u00e4ike korsten, millest v\u00e4ljub salvr\u00e4tik, tekitades mulje, nagu tuleks v\u00e4ike suitsupahvakas. <\/p>\n<ul>\n<li><strong>Nutikas ja armas disain<\/strong><br \/>\nCasa lisab standardsele salvr\u00e4tikute hoidjale l\u00f5busat isikup\u00e4ra, muutes salvr\u00e4tiku tossupilveks.<\/li>\n<li><strong>Dekoratiivne igas ruumis<\/strong><br \/>\nSee loominguline &#8220;majake&#8221; lisab v\u00f5lu sinu vannituppa, magamistuppa v\u00f5i igasse teise ruumi kodus v\u00f5i kontoris.<\/li>\n<\/ul>\n<p>\u2022 Materjalid: Vastupidav pol\u00fcprop\u00fcleen<br \/>\n\u2022 M\u00f5\u00f5dud: 17 x 13 x 13 cm<br \/>\n\u2022 <a href=\"\/et\/tootekategooria\/brandid\/umbra-et\/\">Br\u00e4nd Umbra<\/a><\/p>\n<p><strong>Meist<\/strong><\/p>\n<p>1979. aastal alguse saanud \u00fche lihtsa aknakardinaga s\u00fcndis Umbra kirest originaalse disaini ja taskukohase, kaasaegse stiili vastu. Kaasasutajad Les Mandelbaum ja Paul Rowan n\u00e4gid vajadust luua loomingulisi ja soodsaid tooteid, mis sobiksid igasse koju.<\/p>\n<p>T\u00e4naseks on Torontos, Kanadas asuv Umbra kasvanud rahvusvaheliseks disainiliidriks, tegutsedes enam kui 120 riigis ja omades esindusi Euroopas, P\u00f5hja- ja L\u00f5una-Ameerikas ning Aasias. Innovatsioonist kantuna toob meie rahvusvaheline disainitiim igap\u00e4evaesemetesse v\u00e4rsket loomingulisust ja uusi ideid, seades kaasaegsele disainile uusi standardeid.<\/p>\n<p><a href=\"\/et\/tootekategooria\/brandid\/umbra-et\/\"><img loading=\"lazy\" decoding=\"async\" src=\"https:\/\/www.talidesign.eu\/wp\/wp-content\/uploads\/2024\/10\/umbralogo-1.jpg\" alt=\"\" width=\"500\" height=\"100\" class=\"alignnone size-full wp-image-93263\" \/><\/a><\/p>\n","protected":false},"featured_media":93811,"template":"","meta":[],"product_brand":[],"product_cat":[1026,1031,1018,1030,1101,3350,1100],"product_tag":[3356],"class_list":{"0":"post-93799","1":"product","2":"type-product","3":"status-publish","4":"has-post-thumbnail","6":"product_cat-brandid","7":"product_cat-hoiustamine","8":"product_cat-kodu","9":"product_cat-kook","10":"product_cat-magamis-ja-elutuba","11":"product_cat-umbra-et","12":"product_cat-vannituba","13":"product_tag-umbra-et","15":"first","16":"instock","17":"taxable","18":"shipping-taxable","19":"purchasable","20":"product-type-simple"},"yoast_head":"<!-- This site is optimized with the Yoast SEO plugin v27.4 - https:\/\/yoast.com\/product\/yoast-seo-wordpress\/ -->\n<title>Umbra Casa salvr\u00e4tikute hoidja Valge - TALI Concept Store<\/title>\n<meta name=\"description\" content=\"Avasta Umbra Casa salvr\u00e4tikute hoidja Valge - l\u00f5bus ja nutikas disain, mis muudab salvr\u00e4tikute hoidmise l\u00f5busaks kogemuseks. Lisab v\u00f5lu igasse ruumi.\" \/>\n<meta name=\"robots\" content=\"index, follow, max-snippet:-1, max-image-preview:large, max-video-preview:-1\" \/>\n<link rel=\"canonical\" href=\"https:\/\/www.talidesign.eu\/et\/pood\/toode\/umbra-casa-salvratikute-hoidja-valge\/\" \/>\n<meta property=\"og:locale\" content=\"et_EE\" \/>\n<meta property=\"og:type\" content=\"article\" \/>\n<meta property=\"og:title\" content=\"Umbra Casa salvr\u00e4tikute hoidja Valge - TALI Concept Store\" \/>\n<meta property=\"og:description\" content=\"Avasta Umbra Casa salvr\u00e4tikute hoidja Valge - l\u00f5bus ja nutikas disain, mis muudab salvr\u00e4tikute hoidmise l\u00f5busaks kogemuseks. Lisab v\u00f5lu igasse ruumi.\" \/>\n<meta property=\"og:url\" content=\"https:\/\/www.talidesign.eu\/et\/pood\/toode\/umbra-casa-salvratikute-hoidja-valge\/\" \/>\n<meta property=\"og:site_name\" content=\"TALI Concept Store\" \/>\n<meta property=\"article:publisher\" content=\"https:\/\/www.facebook.com\/TaliDisain\/\" \/>\n<meta property=\"article:modified_time\" content=\"2026-04-17T10:10:49+00:00\" \/>\n<meta property=\"og:image\" content=\"https:\/\/www.talidesign.eu\/wp\/wp-content\/uploads\/2024\/10\/vs4xszpp1enneoae2bjr.jpeg\" \/>\n\t<meta property=\"og:image:width\" content=\"1900\" \/>\n\t<meta property=\"og:image:height\" content=\"1900\" \/>\n\t<meta property=\"og:image:type\" content=\"image\/jpeg\" \/>\n<meta name=\"twitter:card\" content=\"summary_large_image\" \/>\n<meta name=\"twitter:label1\" content=\"Est. reading time\" \/>\n\t<meta name=\"twitter:data1\" content=\"2 minutes\" \/>\n<script type=\"application\/ld+json\" class=\"yoast-schema-graph\">{\"@context\":\"https:\\\/\\\/schema.org\",\"@graph\":[{\"@type\":\"WebPage\",\"@id\":\"https:\\\/\\\/www.talidesign.eu\\\/et\\\/pood\\\/toode\\\/umbra-casa-salvratikute-hoidja-valge\\\/\",\"url\":\"https:\\\/\\\/www.talidesign.eu\\\/et\\\/pood\\\/toode\\\/umbra-casa-salvratikute-hoidja-valge\\\/\",\"name\":\"Umbra Casa salvr\u00e4tikute hoidja Valge - TALI Concept Store\",\"isPartOf\":{\"@id\":\"https:\\\/\\\/www.talidesign.eu\\\/et\\\/#website\"},\"primaryImageOfPage\":{\"@id\":\"https:\\\/\\\/www.talidesign.eu\\\/et\\\/pood\\\/toode\\\/umbra-casa-salvratikute-hoidja-valge\\\/#primaryimage\"},\"image\":{\"@id\":\"https:\\\/\\\/www.talidesign.eu\\\/et\\\/pood\\\/toode\\\/umbra-casa-salvratikute-hoidja-valge\\\/#primaryimage\"},\"thumbnailUrl\":\"https:\\\/\\\/www.talidesign.eu\\\/wp\\\/wp-content\\\/uploads\\\/2024\\\/10\\\/vs4xszpp1enneoae2bjr.jpeg\",\"datePublished\":\"2024-10-31T13:51:37+00:00\",\"dateModified\":\"2026-04-17T10:10:49+00:00\",\"description\":\"Avasta Umbra Casa salvr\u00e4tikute hoidja Valge - l\u00f5bus ja nutikas disain, mis muudab salvr\u00e4tikute hoidmise l\u00f5busaks kogemuseks. Lisab v\u00f5lu igasse ruumi.\",\"breadcrumb\":{\"@id\":\"https:\\\/\\\/www.talidesign.eu\\\/et\\\/pood\\\/toode\\\/umbra-casa-salvratikute-hoidja-valge\\\/#breadcrumb\"},\"inLanguage\":\"et\",\"potentialAction\":[{\"@type\":\"ReadAction\",\"target\":[\"https:\\\/\\\/www.talidesign.eu\\\/et\\\/pood\\\/toode\\\/umbra-casa-salvratikute-hoidja-valge\\\/\"]}]},{\"@type\":\"ImageObject\",\"inLanguage\":\"et\",\"@id\":\"https:\\\/\\\/www.talidesign.eu\\\/et\\\/pood\\\/toode\\\/umbra-casa-salvratikute-hoidja-valge\\\/#primaryimage\",\"url\":\"https:\\\/\\\/www.talidesign.eu\\\/wp\\\/wp-content\\\/uploads\\\/2024\\\/10\\\/vs4xszpp1enneoae2bjr.jpeg\",\"contentUrl\":\"https:\\\/\\\/www.talidesign.eu\\\/wp\\\/wp-content\\\/uploads\\\/2024\\\/10\\\/vs4xszpp1enneoae2bjr.jpeg\",\"width\":1900,\"height\":1900},{\"@type\":\"BreadcrumbList\",\"@id\":\"https:\\\/\\\/www.talidesign.eu\\\/et\\\/pood\\\/toode\\\/umbra-casa-salvratikute-hoidja-valge\\\/#breadcrumb\",\"itemListElement\":[{\"@type\":\"ListItem\",\"position\":1,\"name\":\"Avaleht\",\"item\":\"https:\\\/\\\/www.talidesign.eu\\\/et\\\/\"},{\"@type\":\"ListItem\",\"position\":2,\"name\":\"Pood\",\"item\":\"https:\\\/\\\/www.talidesign.eu\\\/et\\\/pood\\\/\"},{\"@type\":\"ListItem\",\"position\":3,\"name\":\"Umbra Casa salvr\u00e4tikute hoidja Valge\"}]},{\"@type\":\"WebSite\",\"@id\":\"https:\\\/\\\/www.talidesign.eu\\\/et\\\/#website\",\"url\":\"https:\\\/\\\/www.talidesign.eu\\\/et\\\/\",\"name\":\"TALI Concept Store\",\"description\":\"Suurim Disainipood Eestis\",\"potentialAction\":[{\"@type\":\"SearchAction\",\"target\":{\"@type\":\"EntryPoint\",\"urlTemplate\":\"https:\\\/\\\/www.talidesign.eu\\\/et\\\/?s={search_term_string}\"},\"query-input\":{\"@type\":\"PropertyValueSpecification\",\"valueRequired\":true,\"valueName\":\"search_term_string\"}}],\"inLanguage\":\"et\"}]}<\/script>\n<!-- \/ Yoast SEO plugin. -->","yoast_head_json":{"title":"Umbra Casa salvr\u00e4tikute hoidja Valge - TALI Concept Store","description":"Avasta Umbra Casa salvr\u00e4tikute hoidja Valge - l\u00f5bus ja nutikas disain, mis muudab salvr\u00e4tikute hoidmise l\u00f5busaks kogemuseks. Lisab v\u00f5lu igasse ruumi.","robots":{"index":"index","follow":"follow","max-snippet":"max-snippet:-1","max-image-preview":"max-image-preview:large","max-video-preview":"max-video-preview:-1"},"canonical":"https:\/\/www.talidesign.eu\/et\/pood\/toode\/umbra-casa-salvratikute-hoidja-valge\/","og_locale":"et_EE","og_type":"article","og_title":"Umbra Casa salvr\u00e4tikute hoidja Valge - TALI Concept Store","og_description":"Avasta Umbra Casa salvr\u00e4tikute hoidja Valge - l\u00f5bus ja nutikas disain, mis muudab salvr\u00e4tikute hoidmise l\u00f5busaks kogemuseks. Lisab v\u00f5lu igasse ruumi.","og_url":"https:\/\/www.talidesign.eu\/et\/pood\/toode\/umbra-casa-salvratikute-hoidja-valge\/","og_site_name":"TALI Concept Store","article_publisher":"https:\/\/www.facebook.com\/TaliDisain\/","article_modified_time":"2026-04-17T10:10:49+00:00","og_image":[{"width":1900,"height":1900,"url":"https:\/\/www.talidesign.eu\/wp\/wp-content\/uploads\/2024\/10\/vs4xszpp1enneoae2bjr.jpeg","type":"image\/jpeg"}],"twitter_card":"summary_large_image","twitter_misc":{"Est. reading time":"2 minutes"},"schema":{"@context":"https:\/\/schema.org","@graph":[{"@type":"WebPage","@id":"https:\/\/www.talidesign.eu\/et\/pood\/toode\/umbra-casa-salvratikute-hoidja-valge\/","url":"https:\/\/www.talidesign.eu\/et\/pood\/toode\/umbra-casa-salvratikute-hoidja-valge\/","name":"Umbra Casa salvr\u00e4tikute hoidja Valge - TALI Concept Store","isPartOf":{"@id":"https:\/\/www.talidesign.eu\/et\/#website"},"primaryImageOfPage":{"@id":"https:\/\/www.talidesign.eu\/et\/pood\/toode\/umbra-casa-salvratikute-hoidja-valge\/#primaryimage"},"image":{"@id":"https:\/\/www.talidesign.eu\/et\/pood\/toode\/umbra-casa-salvratikute-hoidja-valge\/#primaryimage"},"thumbnailUrl":"https:\/\/www.talidesign.eu\/wp\/wp-content\/uploads\/2024\/10\/vs4xszpp1enneoae2bjr.jpeg","datePublished":"2024-10-31T13:51:37+00:00","dateModified":"2026-04-17T10:10:49+00:00","description":"Avasta Umbra Casa salvr\u00e4tikute hoidja Valge - l\u00f5bus ja nutikas disain, mis muudab salvr\u00e4tikute hoidmise l\u00f5busaks kogemuseks. Lisab v\u00f5lu igasse ruumi.","breadcrumb":{"@id":"https:\/\/www.talidesign.eu\/et\/pood\/toode\/umbra-casa-salvratikute-hoidja-valge\/#breadcrumb"},"inLanguage":"et","potentialAction":[{"@type":"ReadAction","target":["https:\/\/www.talidesign.eu\/et\/pood\/toode\/umbra-casa-salvratikute-hoidja-valge\/"]}]},{"@type":"ImageObject","inLanguage":"et","@id":"https:\/\/www.talidesign.eu\/et\/pood\/toode\/umbra-casa-salvratikute-hoidja-valge\/#primaryimage","url":"https:\/\/www.talidesign.eu\/wp\/wp-content\/uploads\/2024\/10\/vs4xszpp1enneoae2bjr.jpeg","contentUrl":"https:\/\/www.talidesign.eu\/wp\/wp-content\/uploads\/2024\/10\/vs4xszpp1enneoae2bjr.jpeg","width":1900,"height":1900},{"@type":"BreadcrumbList","@id":"https:\/\/www.talidesign.eu\/et\/pood\/toode\/umbra-casa-salvratikute-hoidja-valge\/#breadcrumb","itemListElement":[{"@type":"ListItem","position":1,"name":"Avaleht","item":"https:\/\/www.talidesign.eu\/et\/"},{"@type":"ListItem","position":2,"name":"Pood","item":"https:\/\/www.talidesign.eu\/et\/pood\/"},{"@type":"ListItem","position":3,"name":"Umbra Casa salvr\u00e4tikute hoidja Valge"}]},{"@type":"WebSite","@id":"https:\/\/www.talidesign.eu\/et\/#website","url":"https:\/\/www.talidesign.eu\/et\/","name":"TALI Concept Store","description":"Suurim Disainipood Eestis","potentialAction":[{"@type":"SearchAction","target":{"@type":"EntryPoint","urlTemplate":"https:\/\/www.talidesign.eu\/et\/?s={search_term_string}"},"query-input":{"@type":"PropertyValueSpecification","valueRequired":true,"valueName":"search_term_string"}}],"inLanguage":"et"}]}},"_links":{"self":[{"href":"https:\/\/www.talidesign.eu\/et\/wp-json\/wp\/v2\/product\/93799","targetHints":{"allow":["GET"]}}],"collection":[{"href":"https:\/\/www.talidesign.eu\/et\/wp-json\/wp\/v2\/product"}],"about":[{"href":"https:\/\/www.talidesign.eu\/et\/wp-json\/wp\/v2\/types\/product"}],"wp:featuredmedia":[{"embeddable":true,"href":"https:\/\/www.talidesign.eu\/et\/wp-json\/wp\/v2\/media\/93811"}],"wp:attachment":[{"href":"https:\/\/www.talidesign.eu\/et\/wp-json\/wp\/v2\/media?parent=93799"}],"wp:term":[{"taxonomy":"product_brand","embeddable":true,"href":"https:\/\/www.talidesign.eu\/et\/wp-json\/wp\/v2\/product_brand?post=93799"},{"taxonomy":"product_cat","embeddable":true,"href":"https:\/\/www.talidesign.eu\/et\/wp-json\/wp\/v2\/product_cat?post=93799"},{"taxonomy":"product_tag","embeddable":true,"href":"https:\/\/www.talidesign.eu\/et\/wp-json\/wp\/v2\/product_tag?post=93799"}],"curies":[{"name":"wp","href":"https:\/\/api.w.org\/{rel}","templated":true}]}}