{"id":93897,"date":"2024-11-05T21:37:07","date_gmt":"2024-11-05T19:37:07","guid":{"rendered":"https:\/\/www.talidesign.eu\/?post_type=product&#038;p=93897"},"modified":"2025-03-02T14:15:29","modified_gmt":"2025-03-02T12:15:29","slug":"secrid-kaardihoidja-navy","status":"publish","type":"product","link":"https:\/\/www.talidesign.eu\/et\/pood\/toode\/secrid-kaardihoidja-navy\/","title":{"rendered":"Secrid Kaardihoidja Navy"},"content":{"rendered":"<p><strong>Kaardihoidja Navy<\/strong><\/p>\n<p>Cardprotector on k\u00f5ige minimalistlikum rahakott Secridi kollektsioonist. Alumiinium s\u00fcdamega kaardihoidja tagab kaitse paindumise, h\u00e4vimise ja soovimatute kontaktivabade \u00fchenduste eest.<\/p>\n<p>\u2022 <a href=\"\/et\/tootekategooria\/brandid\/secrid-et\/\">Br\u00e4nd Secrid<\/a><br \/>\n\u2022 Materjal: alumiinium, roostevaba teras<br \/>\n\u2022 M\u00f5\u00f5dud: 63 x 102 x 8 mm<br \/>\n\u2022 Mahutavus: kuni 6 kaarti<br \/>\n\u2022 2-aastane garantii registreerides veebis: secrid.com\/register<\/p>\n<p><a href=\"https:\/\/www.talidesign.eu\/wp\/wp-content\/uploads\/2020\/11\/cardprotector_print.jpg\"><img loading=\"lazy\" decoding=\"async\" src=\"https:\/\/www.talidesign.eu\/wp\/wp-content\/uploads\/2020\/11\/cardprotector_print.jpg\" alt=\"\" width=\"694\" height=\"46\" class=\"alignnone size-full wp-image-22487\" srcset=\"https:\/\/www.talidesign.eu\/wp\/wp-content\/uploads\/2020\/11\/cardprotector_print.jpg 694w, https:\/\/www.talidesign.eu\/wp\/wp-content\/uploads\/2020\/11\/cardprotector_print-500x33.jpg 500w, https:\/\/www.talidesign.eu\/wp\/wp-content\/uploads\/2020\/11\/cardprotector_print-510x34.jpg 510w\" sizes=\"auto, (max-width: 694px) 100vw, 694px\" \/><\/a><br \/>\n<strong>Meist<\/strong><\/p>\n<p>Moderne industriaalne disain ja funktsionaalne mood kohtuvad Secridi v\u00e4ikestes aksessuaarides. Secridi praktilised ja nutikad kaarditaskud ning rahakotid on valmistatud Hollandis \u00fclima hoolega kvaliteedi, inimeste ja keskkonna suhtes. Secridi alumiinium s\u00fcdamega kaardihoidja tagab kaitse soovimatute kontaktivabade \u00fchenduste eest. K\u00f5ik rahakotid on valmistatud Euroopas kasvatatud nahast v\u00f5i kvaliteetsest vegan nahast.<\/p>\n<p><a href=\"\/et\/tootekategooria\/brandid\/secrid-et\/\"><img loading=\"lazy\" decoding=\"async\" src=\"https:\/\/www.talidesign.eu\/wp\/wp-content\/uploads\/2021\/03\/logo-3.jpg\" alt=\"\" width=\"500\" height=\"100\" class=\"alignnone size-full wp-image-24535\" \/><\/a><\/p>\n","protected":false},"excerpt":{"rendered":"<p><strong>Kaardihoidja Navy<\/strong><\/p>\n<p>Cardprotector on k\u00f5ige minimalistlikum rahakott Secridi kollektsioonist. Alumiinium s\u00fcdamega kaardihoidja tagab kaitse paindumise, h\u00e4vimise ja soovimatute kontaktivabade \u00fchenduste eest.<\/p>\n<p>\u2022 <a href=\"\/et\/tootekategooria\/brandid\/secrid-et\/\">Br\u00e4nd Secrid<\/a><br \/>\n\u2022 Materjal: alumiinium, roostevaba teras<br \/>\n\u2022 M\u00f5\u00f5dud: 63 x 102 x 8 mm<br \/>\n\u2022 Mahutavus: kuni 6 kaarti<br \/>\n\u2022 2-aastane garantii registreerides veebis: secrid.com\/register<\/p>\n<p><a href=\"https:\/\/www.talidesign.eu\/wp\/wp-content\/uploads\/2020\/11\/cardprotector_print.jpg\"><img loading=\"lazy\" decoding=\"async\" src=\"https:\/\/www.talidesign.eu\/wp\/wp-content\/uploads\/2020\/11\/cardprotector_print.jpg\" alt=\"\" width=\"694\" height=\"46\" class=\"alignnone size-full wp-image-22487\" srcset=\"https:\/\/www.talidesign.eu\/wp\/wp-content\/uploads\/2020\/11\/cardprotector_print.jpg 694w, https:\/\/www.talidesign.eu\/wp\/wp-content\/uploads\/2020\/11\/cardprotector_print-500x33.jpg 500w, https:\/\/www.talidesign.eu\/wp\/wp-content\/uploads\/2020\/11\/cardprotector_print-510x34.jpg 510w\" sizes=\"auto, (max-width: 694px) 100vw, 694px\" \/><\/a><br \/>\n<strong>Meist<\/strong><\/p>\n<p>Moderne industriaalne disain ja funktsionaalne mood kohtuvad Secridi v\u00e4ikestes aksessuaarides. Secridi praktilised ja nutikad kaarditaskud ning rahakotid on valmistatud Hollandis \u00fclima hoolega kvaliteedi, inimeste ja keskkonna suhtes. Secridi alumiinium s\u00fcdamega kaardihoidja tagab kaitse soovimatute kontaktivabade \u00fchenduste eest. K\u00f5ik rahakotid on valmistatud Euroopas kasvatatud nahast v\u00f5i kvaliteetsest vegan nahast.<\/p>\n<p><a href=\"\/et\/tootekategooria\/brandid\/secrid-et\/\"><img loading=\"lazy\" decoding=\"async\" src=\"https:\/\/www.talidesign.eu\/wp\/wp-content\/uploads\/2021\/03\/logo-3.jpg\" alt=\"\" width=\"500\" height=\"100\" class=\"alignnone size-full wp-image-24535\" \/><\/a><\/p>\n","protected":false},"featured_media":93900,"template":"","meta":[],"product_brand":[],"product_cat":[1026,1129,1174,1080],"product_tag":[1517],"class_list":{"0":"post-93897","1":"product","2":"type-product","3":"status-publish","4":"has-post-thumbnail","6":"product_cat-brandid","7":"product_cat-meeste-rahakotid","8":"product_cat-rahakotid","9":"product_cat-secrid-et","10":"product_tag-secrid-et","12":"first","13":"outofstock","14":"taxable","15":"shipping-taxable","16":"purchasable","17":"product-type-simple"},"yoast_head":"<!-- This site is optimized with the Yoast SEO plugin v27.3 - https:\/\/yoast.com\/product\/yoast-seo-wordpress\/ -->\n<title>Secrid Kaardihoidja Navy - TALI Concept Store<\/title>\n<meta name=\"description\" content=\"Secrid Kaardihoidja Navy - minimalistlik rahakott, mis tagab kaartidele kaitse paindumise, h\u00e4vimise ja soovimatute kontaktivabade \u00fchenduste eest. Br\u00e4nd Secrid.\" \/>\n<meta name=\"robots\" content=\"index, follow, max-snippet:-1, max-image-preview:large, max-video-preview:-1\" \/>\n<link rel=\"canonical\" href=\"https:\/\/www.talidesign.eu\/et\/pood\/toode\/secrid-kaardihoidja-navy\/\" \/>\n<meta property=\"og:locale\" content=\"et_EE\" \/>\n<meta property=\"og:type\" content=\"article\" \/>\n<meta property=\"og:title\" content=\"Secrid Kaardihoidja Navy - TALI Concept Store\" \/>\n<meta property=\"og:description\" content=\"Secrid Kaardihoidja Navy - minimalistlik rahakott, mis tagab kaartidele kaitse paindumise, h\u00e4vimise ja soovimatute kontaktivabade \u00fchenduste eest. Br\u00e4nd Secrid.\" \/>\n<meta property=\"og:url\" content=\"https:\/\/www.talidesign.eu\/et\/pood\/toode\/secrid-kaardihoidja-navy\/\" \/>\n<meta property=\"og:site_name\" content=\"TALI Concept Store\" \/>\n<meta property=\"article:publisher\" content=\"https:\/\/www.facebook.com\/TaliDisain\/\" \/>\n<meta property=\"article:modified_time\" content=\"2025-03-02T12:15:29+00:00\" \/>\n<meta property=\"og:image\" content=\"https:\/\/www.talidesign.eu\/wp\/wp-content\/uploads\/2024\/11\/Secrid-Cardprotector-Navy-Open-Photoroom.jpg\" \/>\n\t<meta property=\"og:image:width\" content=\"1200\" \/>\n\t<meta property=\"og:image:height\" content=\"1200\" \/>\n\t<meta property=\"og:image:type\" content=\"image\/jpeg\" \/>\n<meta name=\"twitter:card\" content=\"summary_large_image\" \/>\n<meta name=\"twitter:label1\" content=\"Est. reading time\" \/>\n\t<meta name=\"twitter:data1\" content=\"2 minutes\" \/>\n<script type=\"application\/ld+json\" class=\"yoast-schema-graph\">{\"@context\":\"https:\\\/\\\/schema.org\",\"@graph\":[{\"@type\":\"WebPage\",\"@id\":\"https:\\\/\\\/www.talidesign.eu\\\/et\\\/pood\\\/toode\\\/secrid-kaardihoidja-navy\\\/\",\"url\":\"https:\\\/\\\/www.talidesign.eu\\\/et\\\/pood\\\/toode\\\/secrid-kaardihoidja-navy\\\/\",\"name\":\"Secrid Kaardihoidja Navy - TALI Concept Store\",\"isPartOf\":{\"@id\":\"https:\\\/\\\/www.talidesign.eu\\\/et\\\/#website\"},\"primaryImageOfPage\":{\"@id\":\"https:\\\/\\\/www.talidesign.eu\\\/et\\\/pood\\\/toode\\\/secrid-kaardihoidja-navy\\\/#primaryimage\"},\"image\":{\"@id\":\"https:\\\/\\\/www.talidesign.eu\\\/et\\\/pood\\\/toode\\\/secrid-kaardihoidja-navy\\\/#primaryimage\"},\"thumbnailUrl\":\"https:\\\/\\\/www.talidesign.eu\\\/wp\\\/wp-content\\\/uploads\\\/2024\\\/11\\\/Secrid-Cardprotector-Navy-Open-Photoroom.jpg\",\"datePublished\":\"2024-11-05T19:37:07+00:00\",\"dateModified\":\"2025-03-02T12:15:29+00:00\",\"description\":\"Secrid Kaardihoidja Navy - minimalistlik rahakott, mis tagab kaartidele kaitse paindumise, h\u00e4vimise ja soovimatute kontaktivabade \u00fchenduste eest. Br\u00e4nd Secrid.\",\"breadcrumb\":{\"@id\":\"https:\\\/\\\/www.talidesign.eu\\\/et\\\/pood\\\/toode\\\/secrid-kaardihoidja-navy\\\/#breadcrumb\"},\"inLanguage\":\"et\",\"potentialAction\":[{\"@type\":\"ReadAction\",\"target\":[\"https:\\\/\\\/www.talidesign.eu\\\/et\\\/pood\\\/toode\\\/secrid-kaardihoidja-navy\\\/\"]}]},{\"@type\":\"ImageObject\",\"inLanguage\":\"et\",\"@id\":\"https:\\\/\\\/www.talidesign.eu\\\/et\\\/pood\\\/toode\\\/secrid-kaardihoidja-navy\\\/#primaryimage\",\"url\":\"https:\\\/\\\/www.talidesign.eu\\\/wp\\\/wp-content\\\/uploads\\\/2024\\\/11\\\/Secrid-Cardprotector-Navy-Open-Photoroom.jpg\",\"contentUrl\":\"https:\\\/\\\/www.talidesign.eu\\\/wp\\\/wp-content\\\/uploads\\\/2024\\\/11\\\/Secrid-Cardprotector-Navy-Open-Photoroom.jpg\",\"width\":1200,\"height\":1200},{\"@type\":\"BreadcrumbList\",\"@id\":\"https:\\\/\\\/www.talidesign.eu\\\/et\\\/pood\\\/toode\\\/secrid-kaardihoidja-navy\\\/#breadcrumb\",\"itemListElement\":[{\"@type\":\"ListItem\",\"position\":1,\"name\":\"Avaleht\",\"item\":\"https:\\\/\\\/www.talidesign.eu\\\/et\\\/\"},{\"@type\":\"ListItem\",\"position\":2,\"name\":\"Pood\",\"item\":\"https:\\\/\\\/www.talidesign.eu\\\/et\\\/pood\\\/\"},{\"@type\":\"ListItem\",\"position\":3,\"name\":\"Secrid Kaardihoidja Navy\"}]},{\"@type\":\"WebSite\",\"@id\":\"https:\\\/\\\/www.talidesign.eu\\\/et\\\/#website\",\"url\":\"https:\\\/\\\/www.talidesign.eu\\\/et\\\/\",\"name\":\"TALI Concept Store\",\"description\":\"Suurim Disainipood Eestis\",\"potentialAction\":[{\"@type\":\"SearchAction\",\"target\":{\"@type\":\"EntryPoint\",\"urlTemplate\":\"https:\\\/\\\/www.talidesign.eu\\\/et\\\/?s={search_term_string}\"},\"query-input\":{\"@type\":\"PropertyValueSpecification\",\"valueRequired\":true,\"valueName\":\"search_term_string\"}}],\"inLanguage\":\"et\"}]}<\/script>\n<!-- \/ Yoast SEO plugin. -->","yoast_head_json":{"title":"Secrid Kaardihoidja Navy - TALI Concept Store","description":"Secrid Kaardihoidja Navy - minimalistlik rahakott, mis tagab kaartidele kaitse paindumise, h\u00e4vimise ja soovimatute kontaktivabade \u00fchenduste eest. Br\u00e4nd Secrid.","robots":{"index":"index","follow":"follow","max-snippet":"max-snippet:-1","max-image-preview":"max-image-preview:large","max-video-preview":"max-video-preview:-1"},"canonical":"https:\/\/www.talidesign.eu\/et\/pood\/toode\/secrid-kaardihoidja-navy\/","og_locale":"et_EE","og_type":"article","og_title":"Secrid Kaardihoidja Navy - TALI Concept Store","og_description":"Secrid Kaardihoidja Navy - minimalistlik rahakott, mis tagab kaartidele kaitse paindumise, h\u00e4vimise ja soovimatute kontaktivabade \u00fchenduste eest. Br\u00e4nd Secrid.","og_url":"https:\/\/www.talidesign.eu\/et\/pood\/toode\/secrid-kaardihoidja-navy\/","og_site_name":"TALI Concept Store","article_publisher":"https:\/\/www.facebook.com\/TaliDisain\/","article_modified_time":"2025-03-02T12:15:29+00:00","og_image":[{"width":1200,"height":1200,"url":"https:\/\/www.talidesign.eu\/wp\/wp-content\/uploads\/2024\/11\/Secrid-Cardprotector-Navy-Open-Photoroom.jpg","type":"image\/jpeg"}],"twitter_card":"summary_large_image","twitter_misc":{"Est. reading time":"2 minutes"},"schema":{"@context":"https:\/\/schema.org","@graph":[{"@type":"WebPage","@id":"https:\/\/www.talidesign.eu\/et\/pood\/toode\/secrid-kaardihoidja-navy\/","url":"https:\/\/www.talidesign.eu\/et\/pood\/toode\/secrid-kaardihoidja-navy\/","name":"Secrid Kaardihoidja Navy - TALI Concept Store","isPartOf":{"@id":"https:\/\/www.talidesign.eu\/et\/#website"},"primaryImageOfPage":{"@id":"https:\/\/www.talidesign.eu\/et\/pood\/toode\/secrid-kaardihoidja-navy\/#primaryimage"},"image":{"@id":"https:\/\/www.talidesign.eu\/et\/pood\/toode\/secrid-kaardihoidja-navy\/#primaryimage"},"thumbnailUrl":"https:\/\/www.talidesign.eu\/wp\/wp-content\/uploads\/2024\/11\/Secrid-Cardprotector-Navy-Open-Photoroom.jpg","datePublished":"2024-11-05T19:37:07+00:00","dateModified":"2025-03-02T12:15:29+00:00","description":"Secrid Kaardihoidja Navy - minimalistlik rahakott, mis tagab kaartidele kaitse paindumise, h\u00e4vimise ja soovimatute kontaktivabade \u00fchenduste eest. Br\u00e4nd Secrid.","breadcrumb":{"@id":"https:\/\/www.talidesign.eu\/et\/pood\/toode\/secrid-kaardihoidja-navy\/#breadcrumb"},"inLanguage":"et","potentialAction":[{"@type":"ReadAction","target":["https:\/\/www.talidesign.eu\/et\/pood\/toode\/secrid-kaardihoidja-navy\/"]}]},{"@type":"ImageObject","inLanguage":"et","@id":"https:\/\/www.talidesign.eu\/et\/pood\/toode\/secrid-kaardihoidja-navy\/#primaryimage","url":"https:\/\/www.talidesign.eu\/wp\/wp-content\/uploads\/2024\/11\/Secrid-Cardprotector-Navy-Open-Photoroom.jpg","contentUrl":"https:\/\/www.talidesign.eu\/wp\/wp-content\/uploads\/2024\/11\/Secrid-Cardprotector-Navy-Open-Photoroom.jpg","width":1200,"height":1200},{"@type":"BreadcrumbList","@id":"https:\/\/www.talidesign.eu\/et\/pood\/toode\/secrid-kaardihoidja-navy\/#breadcrumb","itemListElement":[{"@type":"ListItem","position":1,"name":"Avaleht","item":"https:\/\/www.talidesign.eu\/et\/"},{"@type":"ListItem","position":2,"name":"Pood","item":"https:\/\/www.talidesign.eu\/et\/pood\/"},{"@type":"ListItem","position":3,"name":"Secrid Kaardihoidja Navy"}]},{"@type":"WebSite","@id":"https:\/\/www.talidesign.eu\/et\/#website","url":"https:\/\/www.talidesign.eu\/et\/","name":"TALI Concept Store","description":"Suurim Disainipood Eestis","potentialAction":[{"@type":"SearchAction","target":{"@type":"EntryPoint","urlTemplate":"https:\/\/www.talidesign.eu\/et\/?s={search_term_string}"},"query-input":{"@type":"PropertyValueSpecification","valueRequired":true,"valueName":"search_term_string"}}],"inLanguage":"et"}]}},"_links":{"self":[{"href":"https:\/\/www.talidesign.eu\/et\/wp-json\/wp\/v2\/product\/93897","targetHints":{"allow":["GET"]}}],"collection":[{"href":"https:\/\/www.talidesign.eu\/et\/wp-json\/wp\/v2\/product"}],"about":[{"href":"https:\/\/www.talidesign.eu\/et\/wp-json\/wp\/v2\/types\/product"}],"wp:featuredmedia":[{"embeddable":true,"href":"https:\/\/www.talidesign.eu\/et\/wp-json\/wp\/v2\/media\/93900"}],"wp:attachment":[{"href":"https:\/\/www.talidesign.eu\/et\/wp-json\/wp\/v2\/media?parent=93897"}],"wp:term":[{"taxonomy":"product_brand","embeddable":true,"href":"https:\/\/www.talidesign.eu\/et\/wp-json\/wp\/v2\/product_brand?post=93897"},{"taxonomy":"product_cat","embeddable":true,"href":"https:\/\/www.talidesign.eu\/et\/wp-json\/wp\/v2\/product_cat?post=93897"},{"taxonomy":"product_tag","embeddable":true,"href":"https:\/\/www.talidesign.eu\/et\/wp-json\/wp\/v2\/product_tag?post=93897"}],"curies":[{"name":"wp","href":"https:\/\/api.w.org\/{rel}","templated":true}]}}