{"id":93991,"date":"2024-11-06T21:58:38","date_gmt":"2024-11-06T19:58:38","guid":{"rendered":"https:\/\/www.talidesign.eu\/?post_type=product&#038;p=93991"},"modified":"2024-12-21T14:41:04","modified_gmt":"2024-12-21T12:41:04","slug":"blueq-why-because-i-said-so-muts","status":"publish","type":"product","link":"https:\/\/www.talidesign.eu\/et\/pood\/toode\/blueq-why-because-i-said-so-muts\/","title":{"rendered":"BlueQ Why? Because I Said So. M\u00fcts"},"content":{"rendered":"<p><strong>Why? Because I Said So. M\u00fcts<\/strong><\/p>\n<p>Suur t\u00e4nu pakkumise eest, kuid ei, ma ei l\u00e4he oma seisukohta t\u00e4psemalt selgitama. Eemaldatav pakend teeb sellest ideaalse kingituse ja tikitud silt lisab ikoonilise stiilielemendi. <\/p>\n<p>\u2022 Kootud pehmest ja soojast 100% taaskasutatud pol\u00fcestrist<br \/>\n\u2022 \u00dcks suurus sobib k\u00f5igile<br \/>\n\u2022 <a href=\"\/et\/tootekategooria\/brandid\/blueq-et\/\">Br\u00e4nd BlueQ<\/a><\/p>\n<p><strong>Meist<\/strong><\/p>\n<p>Blue Q on ainulaadne ja v\u00e4rvikas br\u00e4nd, mis pakub l\u00f5busaid ja humoorikaid sokke, mis lisavad igap\u00e4evaellu isikup\u00e4ra. Igal sokipaaril on silmapaistvad disainid, vaimukad s\u00f5numid ja k\u00f5rge kvaliteediga materjalid, mis muudavad need sama mugavaks kui l\u00f5busaks. Blue Q sokid on ideaalne valik neile, kes soovivad end v\u00e4ljendada ja oma garderoobile veidi s\u00e4rtsu lisada, olgu see kingitus s\u00f5brale v\u00f5i r\u00f5\u00f5m iseendale.<\/p>\n<p>Lisaks l\u00e4heb osa m\u00fc\u00fcgitulust heategevusse, nii et Blue Q sokkide kandmine teeb head mitmel moel.<\/p>\n<p><a href=\"\/et\/tootekategooria\/brandid\/blueq-et\/\"><img loading=\"lazy\" decoding=\"async\" src=\"https:\/\/www.talidesign.eu\/wp\/wp-content\/uploads\/2024\/08\/blueqlogo.jpg\" alt=\"\" width=\"500\" height=\"100\" class=\"alignnone size-full wp-image-90609\" \/><\/a><\/p>\n","protected":false},"excerpt":{"rendered":"<p><strong>Why? Because I Said So. M\u00fcts<\/strong><\/p>\n<p>Suur t\u00e4nu pakkumise eest, kuid ei, ma ei l\u00e4he oma seisukohta t\u00e4psemalt selgitama. Eemaldatav pakend teeb sellest ideaalse kingituse ja tikitud silt lisab ikoonilise stiilielemendi. <\/p>\n<p>\u2022 Kootud pehmest ja soojast 100% taaskasutatud pol\u00fcestrist<br \/>\n\u2022 \u00dcks suurus sobib k\u00f5igile<br \/>\n\u2022 <a href=\"\/et\/tootekategooria\/brandid\/blueq-et\/\">Br\u00e4nd BlueQ<\/a><\/p>\n<p><strong>Meist<\/strong><\/p>\n<p>Blue Q on ainulaadne ja v\u00e4rvikas br\u00e4nd, mis pakub l\u00f5busaid ja humoorikaid sokke, mis lisavad igap\u00e4evaellu isikup\u00e4ra. Igal sokipaaril on silmapaistvad disainid, vaimukad s\u00f5numid ja k\u00f5rge kvaliteediga materjalid, mis muudavad need sama mugavaks kui l\u00f5busaks. Blue Q sokid on ideaalne valik neile, kes soovivad end v\u00e4ljendada ja oma garderoobile veidi s\u00e4rtsu lisada, olgu see kingitus s\u00f5brale v\u00f5i r\u00f5\u00f5m iseendale.<\/p>\n<p>Lisaks l\u00e4heb osa m\u00fc\u00fcgitulust heategevusse, nii et Blue Q sokkide kandmine teeb head mitmel moel.<\/p>\n<p><a href=\"\/et\/tootekategooria\/brandid\/blueq-et\/\"><img loading=\"lazy\" decoding=\"async\" src=\"https:\/\/www.talidesign.eu\/wp\/wp-content\/uploads\/2024\/08\/blueqlogo.jpg\" alt=\"\" width=\"500\" height=\"100\" class=\"alignnone size-full wp-image-90609\" \/><\/a><\/p>\n","protected":false},"featured_media":93993,"template":"","meta":[],"product_brand":[],"product_cat":[3270,1026,1116,1135],"product_tag":[3378],"class_list":{"0":"post-93991","1":"product","2":"type-product","3":"status-publish","4":"has-post-thumbnail","6":"product_cat-blueq-et","7":"product_cat-brandid","8":"product_cat-mutsid","9":"product_cat-naiste-mutsid","10":"product_tag-blueq-et","12":"first","13":"outofstock","14":"taxable","15":"shipping-taxable","16":"purchasable","17":"product-type-simple"},"yoast_head":"<!-- This site is optimized with the Yoast SEO plugin v27.3 - https:\/\/yoast.com\/product\/yoast-seo-wordpress\/ -->\n<title>BlueQ Why? Because I Said So. M\u00fcts - TALI Concept Store<\/title>\n<meta name=\"description\" content=\"BlueQ Why? Because I Said So. M\u00fcts - Kootud pehmest ja soojast 100% taaskasutatud pol\u00fcestrist m\u00fcts, mis on ideaalne kingitus. Br\u00e4nd BlueQ pakub l\u00f5busaid ja humoorikaid tooteid, mis lisavad igap\u00e4evaellu isikup\u00e4ra.\" \/>\n<meta name=\"robots\" content=\"index, follow, max-snippet:-1, max-image-preview:large, max-video-preview:-1\" \/>\n<link rel=\"canonical\" href=\"https:\/\/www.talidesign.eu\/et\/pood\/toode\/blueq-why-because-i-said-so-muts\/\" \/>\n<meta property=\"og:locale\" content=\"et_EE\" \/>\n<meta property=\"og:type\" content=\"article\" \/>\n<meta property=\"og:title\" content=\"BlueQ Why? Because I Said So. M\u00fcts - TALI Concept Store\" \/>\n<meta property=\"og:description\" content=\"BlueQ Why? Because I Said So. M\u00fcts - Kootud pehmest ja soojast 100% taaskasutatud pol\u00fcestrist m\u00fcts, mis on ideaalne kingitus. Br\u00e4nd BlueQ pakub l\u00f5busaid ja humoorikaid tooteid, mis lisavad igap\u00e4evaellu isikup\u00e4ra.\" \/>\n<meta property=\"og:url\" content=\"https:\/\/www.talidesign.eu\/et\/pood\/toode\/blueq-why-because-i-said-so-muts\/\" \/>\n<meta property=\"og:site_name\" content=\"TALI Concept Store\" \/>\n<meta property=\"article:publisher\" content=\"https:\/\/www.facebook.com\/TaliDisain\/\" \/>\n<meta property=\"article:modified_time\" content=\"2024-12-21T12:41:04+00:00\" \/>\n<meta property=\"og:image\" content=\"https:\/\/www.talidesign.eu\/wp\/wp-content\/uploads\/2024\/11\/125850095_xl_1296x-Photoroom.jpg\" \/>\n\t<meta property=\"og:image:width\" content=\"1000\" \/>\n\t<meta property=\"og:image:height\" content=\"1000\" \/>\n\t<meta property=\"og:image:type\" content=\"image\/jpeg\" \/>\n<meta name=\"twitter:card\" content=\"summary_large_image\" \/>\n<meta name=\"twitter:label1\" content=\"Est. reading time\" \/>\n\t<meta name=\"twitter:data1\" content=\"2 minutes\" \/>\n<script type=\"application\/ld+json\" class=\"yoast-schema-graph\">{\"@context\":\"https:\\\/\\\/schema.org\",\"@graph\":[{\"@type\":\"WebPage\",\"@id\":\"https:\\\/\\\/www.talidesign.eu\\\/et\\\/pood\\\/toode\\\/blueq-why-because-i-said-so-muts\\\/\",\"url\":\"https:\\\/\\\/www.talidesign.eu\\\/et\\\/pood\\\/toode\\\/blueq-why-because-i-said-so-muts\\\/\",\"name\":\"BlueQ Why? Because I Said So. M\u00fcts - TALI Concept Store\",\"isPartOf\":{\"@id\":\"https:\\\/\\\/www.talidesign.eu\\\/et\\\/#website\"},\"primaryImageOfPage\":{\"@id\":\"https:\\\/\\\/www.talidesign.eu\\\/et\\\/pood\\\/toode\\\/blueq-why-because-i-said-so-muts\\\/#primaryimage\"},\"image\":{\"@id\":\"https:\\\/\\\/www.talidesign.eu\\\/et\\\/pood\\\/toode\\\/blueq-why-because-i-said-so-muts\\\/#primaryimage\"},\"thumbnailUrl\":\"https:\\\/\\\/www.talidesign.eu\\\/wp\\\/wp-content\\\/uploads\\\/2024\\\/11\\\/125850095_xl_1296x-Photoroom.jpg\",\"datePublished\":\"2024-11-06T19:58:38+00:00\",\"dateModified\":\"2024-12-21T12:41:04+00:00\",\"description\":\"BlueQ Why? Because I Said So. M\u00fcts - Kootud pehmest ja soojast 100% taaskasutatud pol\u00fcestrist m\u00fcts, mis on ideaalne kingitus. Br\u00e4nd BlueQ pakub l\u00f5busaid ja humoorikaid tooteid, mis lisavad igap\u00e4evaellu isikup\u00e4ra.\",\"breadcrumb\":{\"@id\":\"https:\\\/\\\/www.talidesign.eu\\\/et\\\/pood\\\/toode\\\/blueq-why-because-i-said-so-muts\\\/#breadcrumb\"},\"inLanguage\":\"et\",\"potentialAction\":[{\"@type\":\"ReadAction\",\"target\":[\"https:\\\/\\\/www.talidesign.eu\\\/et\\\/pood\\\/toode\\\/blueq-why-because-i-said-so-muts\\\/\"]}]},{\"@type\":\"ImageObject\",\"inLanguage\":\"et\",\"@id\":\"https:\\\/\\\/www.talidesign.eu\\\/et\\\/pood\\\/toode\\\/blueq-why-because-i-said-so-muts\\\/#primaryimage\",\"url\":\"https:\\\/\\\/www.talidesign.eu\\\/wp\\\/wp-content\\\/uploads\\\/2024\\\/11\\\/125850095_xl_1296x-Photoroom.jpg\",\"contentUrl\":\"https:\\\/\\\/www.talidesign.eu\\\/wp\\\/wp-content\\\/uploads\\\/2024\\\/11\\\/125850095_xl_1296x-Photoroom.jpg\",\"width\":1000,\"height\":1000},{\"@type\":\"BreadcrumbList\",\"@id\":\"https:\\\/\\\/www.talidesign.eu\\\/et\\\/pood\\\/toode\\\/blueq-why-because-i-said-so-muts\\\/#breadcrumb\",\"itemListElement\":[{\"@type\":\"ListItem\",\"position\":1,\"name\":\"Avaleht\",\"item\":\"https:\\\/\\\/www.talidesign.eu\\\/et\\\/\"},{\"@type\":\"ListItem\",\"position\":2,\"name\":\"Pood\",\"item\":\"https:\\\/\\\/www.talidesign.eu\\\/et\\\/pood\\\/\"},{\"@type\":\"ListItem\",\"position\":3,\"name\":\"BlueQ Why? Because I Said So. M\u00fcts\"}]},{\"@type\":\"WebSite\",\"@id\":\"https:\\\/\\\/www.talidesign.eu\\\/et\\\/#website\",\"url\":\"https:\\\/\\\/www.talidesign.eu\\\/et\\\/\",\"name\":\"TALI Concept Store\",\"description\":\"Suurim Disainipood Eestis\",\"potentialAction\":[{\"@type\":\"SearchAction\",\"target\":{\"@type\":\"EntryPoint\",\"urlTemplate\":\"https:\\\/\\\/www.talidesign.eu\\\/et\\\/?s={search_term_string}\"},\"query-input\":{\"@type\":\"PropertyValueSpecification\",\"valueRequired\":true,\"valueName\":\"search_term_string\"}}],\"inLanguage\":\"et\"}]}<\/script>\n<!-- \/ Yoast SEO plugin. -->","yoast_head_json":{"title":"BlueQ Why? Because I Said So. M\u00fcts - TALI Concept Store","description":"BlueQ Why? Because I Said So. M\u00fcts - Kootud pehmest ja soojast 100% taaskasutatud pol\u00fcestrist m\u00fcts, mis on ideaalne kingitus. Br\u00e4nd BlueQ pakub l\u00f5busaid ja humoorikaid tooteid, mis lisavad igap\u00e4evaellu isikup\u00e4ra.","robots":{"index":"index","follow":"follow","max-snippet":"max-snippet:-1","max-image-preview":"max-image-preview:large","max-video-preview":"max-video-preview:-1"},"canonical":"https:\/\/www.talidesign.eu\/et\/pood\/toode\/blueq-why-because-i-said-so-muts\/","og_locale":"et_EE","og_type":"article","og_title":"BlueQ Why? Because I Said So. M\u00fcts - TALI Concept Store","og_description":"BlueQ Why? Because I Said So. M\u00fcts - Kootud pehmest ja soojast 100% taaskasutatud pol\u00fcestrist m\u00fcts, mis on ideaalne kingitus. Br\u00e4nd BlueQ pakub l\u00f5busaid ja humoorikaid tooteid, mis lisavad igap\u00e4evaellu isikup\u00e4ra.","og_url":"https:\/\/www.talidesign.eu\/et\/pood\/toode\/blueq-why-because-i-said-so-muts\/","og_site_name":"TALI Concept Store","article_publisher":"https:\/\/www.facebook.com\/TaliDisain\/","article_modified_time":"2024-12-21T12:41:04+00:00","og_image":[{"width":1000,"height":1000,"url":"https:\/\/www.talidesign.eu\/wp\/wp-content\/uploads\/2024\/11\/125850095_xl_1296x-Photoroom.jpg","type":"image\/jpeg"}],"twitter_card":"summary_large_image","twitter_misc":{"Est. reading time":"2 minutes"},"schema":{"@context":"https:\/\/schema.org","@graph":[{"@type":"WebPage","@id":"https:\/\/www.talidesign.eu\/et\/pood\/toode\/blueq-why-because-i-said-so-muts\/","url":"https:\/\/www.talidesign.eu\/et\/pood\/toode\/blueq-why-because-i-said-so-muts\/","name":"BlueQ Why? Because I Said So. M\u00fcts - TALI Concept Store","isPartOf":{"@id":"https:\/\/www.talidesign.eu\/et\/#website"},"primaryImageOfPage":{"@id":"https:\/\/www.talidesign.eu\/et\/pood\/toode\/blueq-why-because-i-said-so-muts\/#primaryimage"},"image":{"@id":"https:\/\/www.talidesign.eu\/et\/pood\/toode\/blueq-why-because-i-said-so-muts\/#primaryimage"},"thumbnailUrl":"https:\/\/www.talidesign.eu\/wp\/wp-content\/uploads\/2024\/11\/125850095_xl_1296x-Photoroom.jpg","datePublished":"2024-11-06T19:58:38+00:00","dateModified":"2024-12-21T12:41:04+00:00","description":"BlueQ Why? Because I Said So. M\u00fcts - Kootud pehmest ja soojast 100% taaskasutatud pol\u00fcestrist m\u00fcts, mis on ideaalne kingitus. Br\u00e4nd BlueQ pakub l\u00f5busaid ja humoorikaid tooteid, mis lisavad igap\u00e4evaellu isikup\u00e4ra.","breadcrumb":{"@id":"https:\/\/www.talidesign.eu\/et\/pood\/toode\/blueq-why-because-i-said-so-muts\/#breadcrumb"},"inLanguage":"et","potentialAction":[{"@type":"ReadAction","target":["https:\/\/www.talidesign.eu\/et\/pood\/toode\/blueq-why-because-i-said-so-muts\/"]}]},{"@type":"ImageObject","inLanguage":"et","@id":"https:\/\/www.talidesign.eu\/et\/pood\/toode\/blueq-why-because-i-said-so-muts\/#primaryimage","url":"https:\/\/www.talidesign.eu\/wp\/wp-content\/uploads\/2024\/11\/125850095_xl_1296x-Photoroom.jpg","contentUrl":"https:\/\/www.talidesign.eu\/wp\/wp-content\/uploads\/2024\/11\/125850095_xl_1296x-Photoroom.jpg","width":1000,"height":1000},{"@type":"BreadcrumbList","@id":"https:\/\/www.talidesign.eu\/et\/pood\/toode\/blueq-why-because-i-said-so-muts\/#breadcrumb","itemListElement":[{"@type":"ListItem","position":1,"name":"Avaleht","item":"https:\/\/www.talidesign.eu\/et\/"},{"@type":"ListItem","position":2,"name":"Pood","item":"https:\/\/www.talidesign.eu\/et\/pood\/"},{"@type":"ListItem","position":3,"name":"BlueQ Why? Because I Said So. M\u00fcts"}]},{"@type":"WebSite","@id":"https:\/\/www.talidesign.eu\/et\/#website","url":"https:\/\/www.talidesign.eu\/et\/","name":"TALI Concept Store","description":"Suurim Disainipood Eestis","potentialAction":[{"@type":"SearchAction","target":{"@type":"EntryPoint","urlTemplate":"https:\/\/www.talidesign.eu\/et\/?s={search_term_string}"},"query-input":{"@type":"PropertyValueSpecification","valueRequired":true,"valueName":"search_term_string"}}],"inLanguage":"et"}]}},"_links":{"self":[{"href":"https:\/\/www.talidesign.eu\/et\/wp-json\/wp\/v2\/product\/93991","targetHints":{"allow":["GET"]}}],"collection":[{"href":"https:\/\/www.talidesign.eu\/et\/wp-json\/wp\/v2\/product"}],"about":[{"href":"https:\/\/www.talidesign.eu\/et\/wp-json\/wp\/v2\/types\/product"}],"wp:featuredmedia":[{"embeddable":true,"href":"https:\/\/www.talidesign.eu\/et\/wp-json\/wp\/v2\/media\/93993"}],"wp:attachment":[{"href":"https:\/\/www.talidesign.eu\/et\/wp-json\/wp\/v2\/media?parent=93991"}],"wp:term":[{"taxonomy":"product_brand","embeddable":true,"href":"https:\/\/www.talidesign.eu\/et\/wp-json\/wp\/v2\/product_brand?post=93991"},{"taxonomy":"product_cat","embeddable":true,"href":"https:\/\/www.talidesign.eu\/et\/wp-json\/wp\/v2\/product_cat?post=93991"},{"taxonomy":"product_tag","embeddable":true,"href":"https:\/\/www.talidesign.eu\/et\/wp-json\/wp\/v2\/product_tag?post=93991"}],"curies":[{"name":"wp","href":"https:\/\/api.w.org\/{rel}","templated":true}]}}