{"id":94567,"date":"2024-11-24T22:18:19","date_gmt":"2024-11-15T20:18:21","guid":{"rendered":"https:\/\/www.talidesign.eu\/?post_type=product&#038;p=94567"},"modified":"2025-01-15T13:00:46","modified_gmt":"2025-01-15T11:00:46","slug":"seebidosaator-modern-sage-green","status":"publish","type":"product","link":"https:\/\/www.talidesign.eu\/et\/pood\/toode\/seebidosaator-modern-sage-green\/","title":{"rendered":"Seebidosaator &#8220;Modern&#8221; Sage Green"},"content":{"rendered":"<p><strong>Seebidosaator &#8220;Modern&#8221; Sage Green<\/strong><\/p>\n<p>See seebidosaator on k\u00f5ike muud kui tavaline! S\u00fcgav salveiroheline toon loob erilise meeleolu ka k\u00f5ige neutraalsemas vannitoas. Pumba abil saab vedelseepi lihtsalt ja mugavalt doseerida. Lisaks seebidosaatorile kuuluvad v\u00e4rvilisse vannitoasarja ka seebialus, hambaharjatops ja vatipatjade karp, mis on valmistatud vastupidavast pol\u00fcvaigust.<\/p>\n<p>\u2022 Materjal: Polyresin<br \/>\n\u2022 M\u00f5\u00f5dud: 7.2 x 16 cm<br \/>\n\u2022 <a href=\"\/et\/tootekategooria\/brandid\/zeller-et\/\">Br\u00e4nd Zeller Home<\/a><\/p>\n<p><strong>Meist<\/strong><\/p>\n<p>1983. aastal Saksamaal asutatud Zeller Home t\u00f6\u00f6tab igal aastal v\u00e4lja lugematul hulgal uusi tooteid, mis vaatavad tulevikku. <\/p>\n<p>Kvaliteetne meisterlikkus \u2012 meie tooted sobivad igap\u00e4evaseks kasutamiseks ja on vastupidavad.<\/p>\n<p><a href=\"\/et\/tootekategooria\/brandid\/zeller-et\/\"><img loading=\"lazy\" decoding=\"async\" src=\"https:\/\/www.talidesign.eu\/wp\/wp-content\/uploads\/2021\/07\/titelbild-home-1920x1280-1-1536x1024-1-600x400.jpg\" alt=\"\" width=\"600\" height=\"400\" class=\"alignnone size-medium wp-image-32925\" srcset=\"https:\/\/www.talidesign.eu\/wp\/wp-content\/uploads\/2021\/07\/titelbild-home-1920x1280-1-1536x1024-1-600x400.jpg 600w, https:\/\/www.talidesign.eu\/wp\/wp-content\/uploads\/2021\/07\/titelbild-home-1920x1280-1-1536x1024-1-1200x800.jpg 1200w, https:\/\/www.talidesign.eu\/wp\/wp-content\/uploads\/2021\/07\/titelbild-home-1920x1280-1-1536x1024-1-768x512.jpg 768w, https:\/\/www.talidesign.eu\/wp\/wp-content\/uploads\/2021\/07\/titelbild-home-1920x1280-1-1536x1024-1-500x333.jpg 500w, https:\/\/www.talidesign.eu\/wp\/wp-content\/uploads\/2021\/07\/titelbild-home-1920x1280-1-1536x1024-1-510x340.jpg 510w, https:\/\/www.talidesign.eu\/wp\/wp-content\/uploads\/2021\/07\/titelbild-home-1920x1280-1-1536x1024-1.jpg 1536w\" sizes=\"auto, (max-width: 600px) 100vw, 600px\" \/><\/a><\/p>\n","protected":false},"excerpt":{"rendered":"<p><strong>Seebidosaator &#8220;Modern&#8221; Sage Green<\/strong><\/p>\n<p>See seebidosaator on k\u00f5ike muud kui tavaline! S\u00fcgav salveiroheline toon loob erilise meeleolu ka k\u00f5ige neutraalsemas vannitoas. Pumba abil saab vedelseepi lihtsalt ja mugavalt doseerida. Lisaks seebidosaatorile kuuluvad v\u00e4rvilisse vannitoasarja ka seebialus, hambaharjatops ja vatipatjade karp, mis on valmistatud vastupidavast pol\u00fcvaigust.<\/p>\n<p>\u2022 Materjal: Polyresin<br \/>\n\u2022 M\u00f5\u00f5dud: 7.2 x 16 cm<br \/>\n\u2022 <a href=\"\/et\/tootekategooria\/brandid\/zeller-et\/\">Br\u00e4nd Zeller Home<\/a><\/p>\n<p><strong>Meist<\/strong><\/p>\n<p>1983. aastal Saksamaal asutatud Zeller Home t\u00f6\u00f6tab igal aastal v\u00e4lja lugematul hulgal uusi tooteid, mis vaatavad tulevikku. <\/p>\n<p>Kvaliteetne meisterlikkus \u2012 meie tooted sobivad igap\u00e4evaseks kasutamiseks ja on vastupidavad.<\/p>\n<p><a href=\"\/et\/tootekategooria\/brandid\/zeller-et\/\"><img loading=\"lazy\" decoding=\"async\" src=\"https:\/\/www.talidesign.eu\/wp\/wp-content\/uploads\/2021\/07\/titelbild-home-1920x1280-1-1536x1024-1-600x400.jpg\" alt=\"\" width=\"600\" height=\"400\" class=\"alignnone size-medium wp-image-32925\" srcset=\"https:\/\/www.talidesign.eu\/wp\/wp-content\/uploads\/2021\/07\/titelbild-home-1920x1280-1-1536x1024-1-600x400.jpg 600w, https:\/\/www.talidesign.eu\/wp\/wp-content\/uploads\/2021\/07\/titelbild-home-1920x1280-1-1536x1024-1-1200x800.jpg 1200w, https:\/\/www.talidesign.eu\/wp\/wp-content\/uploads\/2021\/07\/titelbild-home-1920x1280-1-1536x1024-1-768x512.jpg 768w, https:\/\/www.talidesign.eu\/wp\/wp-content\/uploads\/2021\/07\/titelbild-home-1920x1280-1-1536x1024-1-500x333.jpg 500w, https:\/\/www.talidesign.eu\/wp\/wp-content\/uploads\/2021\/07\/titelbild-home-1920x1280-1-1536x1024-1-510x340.jpg 510w, https:\/\/www.talidesign.eu\/wp\/wp-content\/uploads\/2021\/07\/titelbild-home-1920x1280-1-1536x1024-1.jpg 1536w\" sizes=\"auto, (max-width: 600px) 100vw, 600px\" \/><\/a><\/p>\n","protected":false},"featured_media":94569,"template":"","meta":[],"product_brand":[],"product_cat":[1026,1018,1030,1100,1032],"product_tag":[1033],"class_list":{"0":"post-94567","1":"product","2":"type-product","3":"status-publish","4":"has-post-thumbnail","6":"product_cat-brandid","7":"product_cat-kodu","8":"product_cat-kook","9":"product_cat-vannituba","10":"product_cat-zeller-et","11":"product_tag-zeller-et","13":"first","14":"outofstock","15":"taxable","16":"shipping-taxable","17":"purchasable","18":"product-type-simple"},"yoast_head":"<!-- This site is optimized with the Yoast SEO plugin v27.3 - https:\/\/yoast.com\/product\/yoast-seo-wordpress\/ -->\n<title>Seebidosaator &quot;Modern&quot; Sage Green - TALI Concept Store<\/title>\n<meta name=\"description\" content=\"Avasta erilise meeleoluga seebidosaator &quot;Modern&quot; Sage Green. S\u00fcgav salveiroheline toon loob unikaalse atmosf\u00e4\u00e4ri vannitoas. Lihtne ja mugav doseerimine. Lisaks kuuluvad komplekti seebialus, hambaharjatops ja vatipatjade karp. Valmistatud vastupidavast pol\u00fcvaigust. Br\u00e4nd Zeller Home.\" \/>\n<meta name=\"robots\" content=\"index, follow, max-snippet:-1, max-image-preview:large, max-video-preview:-1\" \/>\n<link rel=\"canonical\" href=\"https:\/\/www.talidesign.eu\/et\/pood\/toode\/seebidosaator-modern-sage-green\/\" \/>\n<meta property=\"og:locale\" content=\"et_EE\" \/>\n<meta property=\"og:type\" content=\"article\" \/>\n<meta property=\"og:title\" content=\"Seebidosaator &quot;Modern&quot; Sage Green - TALI Concept Store\" \/>\n<meta property=\"og:description\" content=\"Avasta erilise meeleoluga seebidosaator &quot;Modern&quot; Sage Green. S\u00fcgav salveiroheline toon loob unikaalse atmosf\u00e4\u00e4ri vannitoas. Lihtne ja mugav doseerimine. Lisaks kuuluvad komplekti seebialus, hambaharjatops ja vatipatjade karp. Valmistatud vastupidavast pol\u00fcvaigust. Br\u00e4nd Zeller Home.\" \/>\n<meta property=\"og:url\" content=\"https:\/\/www.talidesign.eu\/et\/pood\/toode\/seebidosaator-modern-sage-green\/\" \/>\n<meta property=\"og:site_name\" content=\"TALI Concept Store\" \/>\n<meta property=\"article:publisher\" content=\"https:\/\/www.facebook.com\/TaliDisain\/\" \/>\n<meta property=\"article:modified_time\" content=\"2025-01-15T11:00:46+00:00\" \/>\n<meta property=\"og:image\" content=\"https:\/\/www.talidesign.eu\/wp\/wp-content\/uploads\/2024\/11\/seifenspender__modern___polyresin__salbeigruen_59661.jpg\" \/>\n\t<meta property=\"og:image:width\" content=\"1000\" \/>\n\t<meta property=\"og:image:height\" content=\"1000\" \/>\n\t<meta property=\"og:image:type\" content=\"image\/jpeg\" \/>\n<meta name=\"twitter:card\" content=\"summary_large_image\" \/>\n<meta name=\"twitter:label1\" content=\"Est. reading time\" \/>\n\t<meta name=\"twitter:data1\" content=\"1 minute\" \/>\n<script type=\"application\/ld+json\" class=\"yoast-schema-graph\">{\"@context\":\"https:\\\/\\\/schema.org\",\"@graph\":[{\"@type\":\"WebPage\",\"@id\":\"https:\\\/\\\/www.talidesign.eu\\\/et\\\/pood\\\/toode\\\/seebidosaator-modern-sage-green\\\/\",\"url\":\"https:\\\/\\\/www.talidesign.eu\\\/et\\\/pood\\\/toode\\\/seebidosaator-modern-sage-green\\\/\",\"name\":\"Seebidosaator \\\"Modern\\\" Sage Green - TALI Concept Store\",\"isPartOf\":{\"@id\":\"https:\\\/\\\/www.talidesign.eu\\\/et\\\/#website\"},\"primaryImageOfPage\":{\"@id\":\"https:\\\/\\\/www.talidesign.eu\\\/et\\\/pood\\\/toode\\\/seebidosaator-modern-sage-green\\\/#primaryimage\"},\"image\":{\"@id\":\"https:\\\/\\\/www.talidesign.eu\\\/et\\\/pood\\\/toode\\\/seebidosaator-modern-sage-green\\\/#primaryimage\"},\"thumbnailUrl\":\"https:\\\/\\\/www.talidesign.eu\\\/wp\\\/wp-content\\\/uploads\\\/2024\\\/11\\\/seifenspender__modern___polyresin__salbeigruen_59661.jpg\",\"datePublished\":\"2024-11-15T20:18:21+00:00\",\"dateModified\":\"2025-01-15T11:00:46+00:00\",\"description\":\"Avasta erilise meeleoluga seebidosaator \\\"Modern\\\" Sage Green. S\u00fcgav salveiroheline toon loob unikaalse atmosf\u00e4\u00e4ri vannitoas. Lihtne ja mugav doseerimine. Lisaks kuuluvad komplekti seebialus, hambaharjatops ja vatipatjade karp. Valmistatud vastupidavast pol\u00fcvaigust. Br\u00e4nd Zeller Home.\",\"breadcrumb\":{\"@id\":\"https:\\\/\\\/www.talidesign.eu\\\/et\\\/pood\\\/toode\\\/seebidosaator-modern-sage-green\\\/#breadcrumb\"},\"inLanguage\":\"et\",\"potentialAction\":[{\"@type\":\"ReadAction\",\"target\":[\"https:\\\/\\\/www.talidesign.eu\\\/et\\\/pood\\\/toode\\\/seebidosaator-modern-sage-green\\\/\"]}]},{\"@type\":\"ImageObject\",\"inLanguage\":\"et\",\"@id\":\"https:\\\/\\\/www.talidesign.eu\\\/et\\\/pood\\\/toode\\\/seebidosaator-modern-sage-green\\\/#primaryimage\",\"url\":\"https:\\\/\\\/www.talidesign.eu\\\/wp\\\/wp-content\\\/uploads\\\/2024\\\/11\\\/seifenspender__modern___polyresin__salbeigruen_59661.jpg\",\"contentUrl\":\"https:\\\/\\\/www.talidesign.eu\\\/wp\\\/wp-content\\\/uploads\\\/2024\\\/11\\\/seifenspender__modern___polyresin__salbeigruen_59661.jpg\",\"width\":1000,\"height\":1000},{\"@type\":\"BreadcrumbList\",\"@id\":\"https:\\\/\\\/www.talidesign.eu\\\/et\\\/pood\\\/toode\\\/seebidosaator-modern-sage-green\\\/#breadcrumb\",\"itemListElement\":[{\"@type\":\"ListItem\",\"position\":1,\"name\":\"Avaleht\",\"item\":\"https:\\\/\\\/www.talidesign.eu\\\/et\\\/\"},{\"@type\":\"ListItem\",\"position\":2,\"name\":\"Pood\",\"item\":\"https:\\\/\\\/www.talidesign.eu\\\/et\\\/pood\\\/\"},{\"@type\":\"ListItem\",\"position\":3,\"name\":\"Seebidosaator &#8220;Modern&#8221; Sage Green\"}]},{\"@type\":\"WebSite\",\"@id\":\"https:\\\/\\\/www.talidesign.eu\\\/et\\\/#website\",\"url\":\"https:\\\/\\\/www.talidesign.eu\\\/et\\\/\",\"name\":\"TALI Concept Store\",\"description\":\"Suurim Disainipood Eestis\",\"potentialAction\":[{\"@type\":\"SearchAction\",\"target\":{\"@type\":\"EntryPoint\",\"urlTemplate\":\"https:\\\/\\\/www.talidesign.eu\\\/et\\\/?s={search_term_string}\"},\"query-input\":{\"@type\":\"PropertyValueSpecification\",\"valueRequired\":true,\"valueName\":\"search_term_string\"}}],\"inLanguage\":\"et\"}]}<\/script>\n<!-- \/ Yoast SEO plugin. -->","yoast_head_json":{"title":"Seebidosaator \"Modern\" Sage Green - TALI Concept Store","description":"Avasta erilise meeleoluga seebidosaator \"Modern\" Sage Green. S\u00fcgav salveiroheline toon loob unikaalse atmosf\u00e4\u00e4ri vannitoas. Lihtne ja mugav doseerimine. Lisaks kuuluvad komplekti seebialus, hambaharjatops ja vatipatjade karp. Valmistatud vastupidavast pol\u00fcvaigust. Br\u00e4nd Zeller Home.","robots":{"index":"index","follow":"follow","max-snippet":"max-snippet:-1","max-image-preview":"max-image-preview:large","max-video-preview":"max-video-preview:-1"},"canonical":"https:\/\/www.talidesign.eu\/et\/pood\/toode\/seebidosaator-modern-sage-green\/","og_locale":"et_EE","og_type":"article","og_title":"Seebidosaator \"Modern\" Sage Green - TALI Concept Store","og_description":"Avasta erilise meeleoluga seebidosaator \"Modern\" Sage Green. S\u00fcgav salveiroheline toon loob unikaalse atmosf\u00e4\u00e4ri vannitoas. Lihtne ja mugav doseerimine. Lisaks kuuluvad komplekti seebialus, hambaharjatops ja vatipatjade karp. Valmistatud vastupidavast pol\u00fcvaigust. Br\u00e4nd Zeller Home.","og_url":"https:\/\/www.talidesign.eu\/et\/pood\/toode\/seebidosaator-modern-sage-green\/","og_site_name":"TALI Concept Store","article_publisher":"https:\/\/www.facebook.com\/TaliDisain\/","article_modified_time":"2025-01-15T11:00:46+00:00","og_image":[{"width":1000,"height":1000,"url":"https:\/\/www.talidesign.eu\/wp\/wp-content\/uploads\/2024\/11\/seifenspender__modern___polyresin__salbeigruen_59661.jpg","type":"image\/jpeg"}],"twitter_card":"summary_large_image","twitter_misc":{"Est. reading time":"1 minute"},"schema":{"@context":"https:\/\/schema.org","@graph":[{"@type":"WebPage","@id":"https:\/\/www.talidesign.eu\/et\/pood\/toode\/seebidosaator-modern-sage-green\/","url":"https:\/\/www.talidesign.eu\/et\/pood\/toode\/seebidosaator-modern-sage-green\/","name":"Seebidosaator \"Modern\" Sage Green - TALI Concept Store","isPartOf":{"@id":"https:\/\/www.talidesign.eu\/et\/#website"},"primaryImageOfPage":{"@id":"https:\/\/www.talidesign.eu\/et\/pood\/toode\/seebidosaator-modern-sage-green\/#primaryimage"},"image":{"@id":"https:\/\/www.talidesign.eu\/et\/pood\/toode\/seebidosaator-modern-sage-green\/#primaryimage"},"thumbnailUrl":"https:\/\/www.talidesign.eu\/wp\/wp-content\/uploads\/2024\/11\/seifenspender__modern___polyresin__salbeigruen_59661.jpg","datePublished":"2024-11-15T20:18:21+00:00","dateModified":"2025-01-15T11:00:46+00:00","description":"Avasta erilise meeleoluga seebidosaator \"Modern\" Sage Green. S\u00fcgav salveiroheline toon loob unikaalse atmosf\u00e4\u00e4ri vannitoas. Lihtne ja mugav doseerimine. Lisaks kuuluvad komplekti seebialus, hambaharjatops ja vatipatjade karp. Valmistatud vastupidavast pol\u00fcvaigust. Br\u00e4nd Zeller Home.","breadcrumb":{"@id":"https:\/\/www.talidesign.eu\/et\/pood\/toode\/seebidosaator-modern-sage-green\/#breadcrumb"},"inLanguage":"et","potentialAction":[{"@type":"ReadAction","target":["https:\/\/www.talidesign.eu\/et\/pood\/toode\/seebidosaator-modern-sage-green\/"]}]},{"@type":"ImageObject","inLanguage":"et","@id":"https:\/\/www.talidesign.eu\/et\/pood\/toode\/seebidosaator-modern-sage-green\/#primaryimage","url":"https:\/\/www.talidesign.eu\/wp\/wp-content\/uploads\/2024\/11\/seifenspender__modern___polyresin__salbeigruen_59661.jpg","contentUrl":"https:\/\/www.talidesign.eu\/wp\/wp-content\/uploads\/2024\/11\/seifenspender__modern___polyresin__salbeigruen_59661.jpg","width":1000,"height":1000},{"@type":"BreadcrumbList","@id":"https:\/\/www.talidesign.eu\/et\/pood\/toode\/seebidosaator-modern-sage-green\/#breadcrumb","itemListElement":[{"@type":"ListItem","position":1,"name":"Avaleht","item":"https:\/\/www.talidesign.eu\/et\/"},{"@type":"ListItem","position":2,"name":"Pood","item":"https:\/\/www.talidesign.eu\/et\/pood\/"},{"@type":"ListItem","position":3,"name":"Seebidosaator &#8220;Modern&#8221; Sage Green"}]},{"@type":"WebSite","@id":"https:\/\/www.talidesign.eu\/et\/#website","url":"https:\/\/www.talidesign.eu\/et\/","name":"TALI Concept Store","description":"Suurim Disainipood Eestis","potentialAction":[{"@type":"SearchAction","target":{"@type":"EntryPoint","urlTemplate":"https:\/\/www.talidesign.eu\/et\/?s={search_term_string}"},"query-input":{"@type":"PropertyValueSpecification","valueRequired":true,"valueName":"search_term_string"}}],"inLanguage":"et"}]}},"_links":{"self":[{"href":"https:\/\/www.talidesign.eu\/et\/wp-json\/wp\/v2\/product\/94567","targetHints":{"allow":["GET"]}}],"collection":[{"href":"https:\/\/www.talidesign.eu\/et\/wp-json\/wp\/v2\/product"}],"about":[{"href":"https:\/\/www.talidesign.eu\/et\/wp-json\/wp\/v2\/types\/product"}],"wp:featuredmedia":[{"embeddable":true,"href":"https:\/\/www.talidesign.eu\/et\/wp-json\/wp\/v2\/media\/94569"}],"wp:attachment":[{"href":"https:\/\/www.talidesign.eu\/et\/wp-json\/wp\/v2\/media?parent=94567"}],"wp:term":[{"taxonomy":"product_brand","embeddable":true,"href":"https:\/\/www.talidesign.eu\/et\/wp-json\/wp\/v2\/product_brand?post=94567"},{"taxonomy":"product_cat","embeddable":true,"href":"https:\/\/www.talidesign.eu\/et\/wp-json\/wp\/v2\/product_cat?post=94567"},{"taxonomy":"product_tag","embeddable":true,"href":"https:\/\/www.talidesign.eu\/et\/wp-json\/wp\/v2\/product_tag?post=94567"}],"curies":[{"name":"wp","href":"https:\/\/api.w.org\/{rel}","templated":true}]}}