{"id":94586,"date":"2024-11-24T22:41:08","date_gmt":"2024-11-15T20:41:11","guid":{"rendered":"https:\/\/www.talidesign.eu\/?post_type=product&#038;p=94586"},"modified":"2025-12-29T19:34:18","modified_gmt":"2025-12-29T17:34:18","slug":"seebialus-modern-sage-green-copy","status":"publish","type":"product","link":"https:\/\/www.talidesign.eu\/et\/pood\/toode\/seebialus-modern-sage-green-copy\/","title":{"rendered":"Seebialus &#8220;Natural&#8221;"},"content":{"rendered":"<p><strong>Seebialus &#8220;Natural&#8221;<\/strong><\/p>\n<p>Bee\u017e pol\u00fcvaigust seebialus oma naturaalse kivimustriga lisab vannituppa rahulikku ja elegantset \u00f5hkkonda, sobides ideaalselt spa-h\u00f5ngulisse vannituppa. Kunstkivi sile ja UV-kindel pind aitab hoida sinu lemmikseebi v\u00f5imalikult kuivana. Liigne vesi juhitakse lihtsalt \u00e4ra t\u00e4nu 9 peenele soonikule p\u00f5hjas. M\u00f5\u00f5tudega 13 x 9 x 2 cm sobib see seebialus nii \u00fcmmarguste kui ka ristk\u00fclikukujuliste seepide jaoks.<\/p>\n<p>\u2022 Materjal: Polyresin<br \/>\n\u2022 M\u00f5\u00f5dud: 13 x 9 x 2 cm<br \/>\n\u2022 <a href=\"\/et\/tootekategooria\/brandid\/zeller-et\/\">Br\u00e4nd Zeller Home<\/a><\/p>\n<p><strong>Meist<\/strong><\/p>\n<p>1983. aastal Saksamaal asutatud Zeller Home t\u00f6\u00f6tab igal aastal v\u00e4lja lugematul hulgal uusi tooteid, mis vaatavad tulevikku. <\/p>\n<p>Kvaliteetne meisterlikkus \u2012 meie tooted sobivad igap\u00e4evaseks kasutamiseks ja on vastupidavad.<\/p>\n<p><a href=\"\/et\/tootekategooria\/brandid\/zeller-et\/\"><img loading=\"lazy\" decoding=\"async\" src=\"https:\/\/www.talidesign.eu\/wp\/wp-content\/uploads\/2021\/07\/titelbild-home-1920x1280-1-1536x1024-1-600x400.jpg\" alt=\"\" width=\"600\" height=\"400\" class=\"alignnone size-medium wp-image-32925\" srcset=\"https:\/\/www.talidesign.eu\/wp\/wp-content\/uploads\/2021\/07\/titelbild-home-1920x1280-1-1536x1024-1-600x400.jpg 600w, https:\/\/www.talidesign.eu\/wp\/wp-content\/uploads\/2021\/07\/titelbild-home-1920x1280-1-1536x1024-1-1200x800.jpg 1200w, https:\/\/www.talidesign.eu\/wp\/wp-content\/uploads\/2021\/07\/titelbild-home-1920x1280-1-1536x1024-1-768x512.jpg 768w, https:\/\/www.talidesign.eu\/wp\/wp-content\/uploads\/2021\/07\/titelbild-home-1920x1280-1-1536x1024-1-500x333.jpg 500w, https:\/\/www.talidesign.eu\/wp\/wp-content\/uploads\/2021\/07\/titelbild-home-1920x1280-1-1536x1024-1-510x340.jpg 510w, https:\/\/www.talidesign.eu\/wp\/wp-content\/uploads\/2021\/07\/titelbild-home-1920x1280-1-1536x1024-1.jpg 1536w\" sizes=\"auto, (max-width: 600px) 100vw, 600px\" \/><\/a><\/p>\n","protected":false},"excerpt":{"rendered":"<p><strong>Seebialus &#8220;Natural&#8221;<\/strong><\/p>\n<p>Bee\u017e pol\u00fcvaigust seebialus oma naturaalse kivimustriga lisab vannituppa rahulikku ja elegantset \u00f5hkkonda, sobides ideaalselt spa-h\u00f5ngulisse vannituppa. Kunstkivi sile ja UV-kindel pind aitab hoida sinu lemmikseebi v\u00f5imalikult kuivana. Liigne vesi juhitakse lihtsalt \u00e4ra t\u00e4nu 9 peenele soonikule p\u00f5hjas. M\u00f5\u00f5tudega 13 x 9 x 2 cm sobib see seebialus nii \u00fcmmarguste kui ka ristk\u00fclikukujuliste seepide jaoks.<\/p>\n<p>\u2022 Materjal: Polyresin<br \/>\n\u2022 M\u00f5\u00f5dud: 13 x 9 x 2 cm<br \/>\n\u2022 <a href=\"\/et\/tootekategooria\/brandid\/zeller-et\/\">Br\u00e4nd Zeller Home<\/a><\/p>\n<p><strong>Meist<\/strong><\/p>\n<p>1983. aastal Saksamaal asutatud Zeller Home t\u00f6\u00f6tab igal aastal v\u00e4lja lugematul hulgal uusi tooteid, mis vaatavad tulevikku. <\/p>\n<p>Kvaliteetne meisterlikkus \u2012 meie tooted sobivad igap\u00e4evaseks kasutamiseks ja on vastupidavad.<\/p>\n<p><a href=\"\/et\/tootekategooria\/brandid\/zeller-et\/\"><img loading=\"lazy\" decoding=\"async\" src=\"https:\/\/www.talidesign.eu\/wp\/wp-content\/uploads\/2021\/07\/titelbild-home-1920x1280-1-1536x1024-1-600x400.jpg\" alt=\"\" width=\"600\" height=\"400\" class=\"alignnone size-medium wp-image-32925\" srcset=\"https:\/\/www.talidesign.eu\/wp\/wp-content\/uploads\/2021\/07\/titelbild-home-1920x1280-1-1536x1024-1-600x400.jpg 600w, https:\/\/www.talidesign.eu\/wp\/wp-content\/uploads\/2021\/07\/titelbild-home-1920x1280-1-1536x1024-1-1200x800.jpg 1200w, https:\/\/www.talidesign.eu\/wp\/wp-content\/uploads\/2021\/07\/titelbild-home-1920x1280-1-1536x1024-1-768x512.jpg 768w, https:\/\/www.talidesign.eu\/wp\/wp-content\/uploads\/2021\/07\/titelbild-home-1920x1280-1-1536x1024-1-500x333.jpg 500w, https:\/\/www.talidesign.eu\/wp\/wp-content\/uploads\/2021\/07\/titelbild-home-1920x1280-1-1536x1024-1-510x340.jpg 510w, https:\/\/www.talidesign.eu\/wp\/wp-content\/uploads\/2021\/07\/titelbild-home-1920x1280-1-1536x1024-1.jpg 1536w\" sizes=\"auto, (max-width: 600px) 100vw, 600px\" \/><\/a><\/p>\n","protected":false},"featured_media":94589,"template":"","meta":[],"product_brand":[],"product_cat":[1026,1018,1030,1100,1032],"product_tag":[1033],"class_list":{"0":"post-94586","1":"product","2":"type-product","3":"status-publish","4":"has-post-thumbnail","6":"product_cat-brandid","7":"product_cat-kodu","8":"product_cat-kook","9":"product_cat-vannituba","10":"product_cat-zeller-et","11":"product_tag-zeller-et","13":"first","14":"outofstock","15":"taxable","16":"shipping-taxable","17":"purchasable","18":"product-type-simple"},"yoast_head":"<!-- This site is optimized with the Yoast SEO plugin v27.3 - https:\/\/yoast.com\/product\/yoast-seo-wordpress\/ -->\n<title>Seebialus &quot;Natural&quot; - TALI Concept Store<\/title>\n<meta name=\"description\" content=\"Avasta rahustav ja elegantne seebialus &quot;Natural&quot; Zeller Home&#039;ilt. Sobib ideaalselt spa-h\u00f5ngulisse vannituppa. Materjal: Polyresin. M\u00f5\u00f5dud: 13 x 9 x 2 cm.\" \/>\n<meta name=\"robots\" content=\"index, follow, max-snippet:-1, max-image-preview:large, max-video-preview:-1\" \/>\n<link rel=\"canonical\" href=\"https:\/\/www.talidesign.eu\/et\/pood\/toode\/seebialus-modern-sage-green-copy\/\" \/>\n<meta property=\"og:locale\" content=\"et_EE\" \/>\n<meta property=\"og:type\" content=\"article\" \/>\n<meta property=\"og:title\" content=\"Seebialus &quot;Natural&quot; - TALI Concept Store\" \/>\n<meta property=\"og:description\" content=\"Avasta rahustav ja elegantne seebialus &quot;Natural&quot; Zeller Home&#039;ilt. Sobib ideaalselt spa-h\u00f5ngulisse vannituppa. Materjal: Polyresin. M\u00f5\u00f5dud: 13 x 9 x 2 cm.\" \/>\n<meta property=\"og:url\" content=\"https:\/\/www.talidesign.eu\/et\/pood\/toode\/seebialus-modern-sage-green-copy\/\" \/>\n<meta property=\"og:site_name\" content=\"TALI Concept Store\" \/>\n<meta property=\"article:publisher\" content=\"https:\/\/www.facebook.com\/TaliDisain\/\" \/>\n<meta property=\"article:modified_time\" content=\"2025-12-29T17:34:18+00:00\" \/>\n<meta property=\"og:image\" content=\"https:\/\/www.talidesign.eu\/wp\/wp-content\/uploads\/2024\/11\/seifenschale__natural___polyresin__beige_63662-Photoroom.jpg\" \/>\n\t<meta property=\"og:image:width\" content=\"1000\" \/>\n\t<meta property=\"og:image:height\" content=\"1000\" \/>\n\t<meta property=\"og:image:type\" content=\"image\/jpeg\" \/>\n<meta name=\"twitter:card\" content=\"summary_large_image\" \/>\n<meta name=\"twitter:label1\" content=\"Est. reading time\" \/>\n\t<meta name=\"twitter:data1\" content=\"1 minute\" \/>\n<script type=\"application\/ld+json\" class=\"yoast-schema-graph\">{\"@context\":\"https:\\\/\\\/schema.org\",\"@graph\":[{\"@type\":\"WebPage\",\"@id\":\"https:\\\/\\\/www.talidesign.eu\\\/et\\\/pood\\\/toode\\\/seebialus-modern-sage-green-copy\\\/\",\"url\":\"https:\\\/\\\/www.talidesign.eu\\\/et\\\/pood\\\/toode\\\/seebialus-modern-sage-green-copy\\\/\",\"name\":\"Seebialus \\\"Natural\\\" - TALI Concept Store\",\"isPartOf\":{\"@id\":\"https:\\\/\\\/www.talidesign.eu\\\/et\\\/#website\"},\"primaryImageOfPage\":{\"@id\":\"https:\\\/\\\/www.talidesign.eu\\\/et\\\/pood\\\/toode\\\/seebialus-modern-sage-green-copy\\\/#primaryimage\"},\"image\":{\"@id\":\"https:\\\/\\\/www.talidesign.eu\\\/et\\\/pood\\\/toode\\\/seebialus-modern-sage-green-copy\\\/#primaryimage\"},\"thumbnailUrl\":\"https:\\\/\\\/www.talidesign.eu\\\/wp\\\/wp-content\\\/uploads\\\/2024\\\/11\\\/seifenschale__natural___polyresin__beige_63662-Photoroom.jpg\",\"datePublished\":\"2024-11-15T20:41:11+00:00\",\"dateModified\":\"2025-12-29T17:34:18+00:00\",\"description\":\"Avasta rahustav ja elegantne seebialus \\\"Natural\\\" Zeller Home'ilt. Sobib ideaalselt spa-h\u00f5ngulisse vannituppa. Materjal: Polyresin. M\u00f5\u00f5dud: 13 x 9 x 2 cm.\",\"breadcrumb\":{\"@id\":\"https:\\\/\\\/www.talidesign.eu\\\/et\\\/pood\\\/toode\\\/seebialus-modern-sage-green-copy\\\/#breadcrumb\"},\"inLanguage\":\"et\",\"potentialAction\":[{\"@type\":\"ReadAction\",\"target\":[\"https:\\\/\\\/www.talidesign.eu\\\/et\\\/pood\\\/toode\\\/seebialus-modern-sage-green-copy\\\/\"]}]},{\"@type\":\"ImageObject\",\"inLanguage\":\"et\",\"@id\":\"https:\\\/\\\/www.talidesign.eu\\\/et\\\/pood\\\/toode\\\/seebialus-modern-sage-green-copy\\\/#primaryimage\",\"url\":\"https:\\\/\\\/www.talidesign.eu\\\/wp\\\/wp-content\\\/uploads\\\/2024\\\/11\\\/seifenschale__natural___polyresin__beige_63662-Photoroom.jpg\",\"contentUrl\":\"https:\\\/\\\/www.talidesign.eu\\\/wp\\\/wp-content\\\/uploads\\\/2024\\\/11\\\/seifenschale__natural___polyresin__beige_63662-Photoroom.jpg\",\"width\":1000,\"height\":1000},{\"@type\":\"BreadcrumbList\",\"@id\":\"https:\\\/\\\/www.talidesign.eu\\\/et\\\/pood\\\/toode\\\/seebialus-modern-sage-green-copy\\\/#breadcrumb\",\"itemListElement\":[{\"@type\":\"ListItem\",\"position\":1,\"name\":\"Avaleht\",\"item\":\"https:\\\/\\\/www.talidesign.eu\\\/et\\\/\"},{\"@type\":\"ListItem\",\"position\":2,\"name\":\"Pood\",\"item\":\"https:\\\/\\\/www.talidesign.eu\\\/et\\\/pood\\\/\"},{\"@type\":\"ListItem\",\"position\":3,\"name\":\"Seebialus &#8220;Natural&#8221;\"}]},{\"@type\":\"WebSite\",\"@id\":\"https:\\\/\\\/www.talidesign.eu\\\/et\\\/#website\",\"url\":\"https:\\\/\\\/www.talidesign.eu\\\/et\\\/\",\"name\":\"TALI Concept Store\",\"description\":\"Suurim Disainipood Eestis\",\"potentialAction\":[{\"@type\":\"SearchAction\",\"target\":{\"@type\":\"EntryPoint\",\"urlTemplate\":\"https:\\\/\\\/www.talidesign.eu\\\/et\\\/?s={search_term_string}\"},\"query-input\":{\"@type\":\"PropertyValueSpecification\",\"valueRequired\":true,\"valueName\":\"search_term_string\"}}],\"inLanguage\":\"et\"}]}<\/script>\n<!-- \/ Yoast SEO plugin. -->","yoast_head_json":{"title":"Seebialus \"Natural\" - TALI Concept Store","description":"Avasta rahustav ja elegantne seebialus \"Natural\" Zeller Home'ilt. Sobib ideaalselt spa-h\u00f5ngulisse vannituppa. Materjal: Polyresin. M\u00f5\u00f5dud: 13 x 9 x 2 cm.","robots":{"index":"index","follow":"follow","max-snippet":"max-snippet:-1","max-image-preview":"max-image-preview:large","max-video-preview":"max-video-preview:-1"},"canonical":"https:\/\/www.talidesign.eu\/et\/pood\/toode\/seebialus-modern-sage-green-copy\/","og_locale":"et_EE","og_type":"article","og_title":"Seebialus \"Natural\" - TALI Concept Store","og_description":"Avasta rahustav ja elegantne seebialus \"Natural\" Zeller Home'ilt. Sobib ideaalselt spa-h\u00f5ngulisse vannituppa. Materjal: Polyresin. M\u00f5\u00f5dud: 13 x 9 x 2 cm.","og_url":"https:\/\/www.talidesign.eu\/et\/pood\/toode\/seebialus-modern-sage-green-copy\/","og_site_name":"TALI Concept Store","article_publisher":"https:\/\/www.facebook.com\/TaliDisain\/","article_modified_time":"2025-12-29T17:34:18+00:00","og_image":[{"width":1000,"height":1000,"url":"https:\/\/www.talidesign.eu\/wp\/wp-content\/uploads\/2024\/11\/seifenschale__natural___polyresin__beige_63662-Photoroom.jpg","type":"image\/jpeg"}],"twitter_card":"summary_large_image","twitter_misc":{"Est. reading time":"1 minute"},"schema":{"@context":"https:\/\/schema.org","@graph":[{"@type":"WebPage","@id":"https:\/\/www.talidesign.eu\/et\/pood\/toode\/seebialus-modern-sage-green-copy\/","url":"https:\/\/www.talidesign.eu\/et\/pood\/toode\/seebialus-modern-sage-green-copy\/","name":"Seebialus \"Natural\" - TALI Concept Store","isPartOf":{"@id":"https:\/\/www.talidesign.eu\/et\/#website"},"primaryImageOfPage":{"@id":"https:\/\/www.talidesign.eu\/et\/pood\/toode\/seebialus-modern-sage-green-copy\/#primaryimage"},"image":{"@id":"https:\/\/www.talidesign.eu\/et\/pood\/toode\/seebialus-modern-sage-green-copy\/#primaryimage"},"thumbnailUrl":"https:\/\/www.talidesign.eu\/wp\/wp-content\/uploads\/2024\/11\/seifenschale__natural___polyresin__beige_63662-Photoroom.jpg","datePublished":"2024-11-15T20:41:11+00:00","dateModified":"2025-12-29T17:34:18+00:00","description":"Avasta rahustav ja elegantne seebialus \"Natural\" Zeller Home'ilt. Sobib ideaalselt spa-h\u00f5ngulisse vannituppa. Materjal: Polyresin. M\u00f5\u00f5dud: 13 x 9 x 2 cm.","breadcrumb":{"@id":"https:\/\/www.talidesign.eu\/et\/pood\/toode\/seebialus-modern-sage-green-copy\/#breadcrumb"},"inLanguage":"et","potentialAction":[{"@type":"ReadAction","target":["https:\/\/www.talidesign.eu\/et\/pood\/toode\/seebialus-modern-sage-green-copy\/"]}]},{"@type":"ImageObject","inLanguage":"et","@id":"https:\/\/www.talidesign.eu\/et\/pood\/toode\/seebialus-modern-sage-green-copy\/#primaryimage","url":"https:\/\/www.talidesign.eu\/wp\/wp-content\/uploads\/2024\/11\/seifenschale__natural___polyresin__beige_63662-Photoroom.jpg","contentUrl":"https:\/\/www.talidesign.eu\/wp\/wp-content\/uploads\/2024\/11\/seifenschale__natural___polyresin__beige_63662-Photoroom.jpg","width":1000,"height":1000},{"@type":"BreadcrumbList","@id":"https:\/\/www.talidesign.eu\/et\/pood\/toode\/seebialus-modern-sage-green-copy\/#breadcrumb","itemListElement":[{"@type":"ListItem","position":1,"name":"Avaleht","item":"https:\/\/www.talidesign.eu\/et\/"},{"@type":"ListItem","position":2,"name":"Pood","item":"https:\/\/www.talidesign.eu\/et\/pood\/"},{"@type":"ListItem","position":3,"name":"Seebialus &#8220;Natural&#8221;"}]},{"@type":"WebSite","@id":"https:\/\/www.talidesign.eu\/et\/#website","url":"https:\/\/www.talidesign.eu\/et\/","name":"TALI Concept Store","description":"Suurim Disainipood Eestis","potentialAction":[{"@type":"SearchAction","target":{"@type":"EntryPoint","urlTemplate":"https:\/\/www.talidesign.eu\/et\/?s={search_term_string}"},"query-input":{"@type":"PropertyValueSpecification","valueRequired":true,"valueName":"search_term_string"}}],"inLanguage":"et"}]}},"_links":{"self":[{"href":"https:\/\/www.talidesign.eu\/et\/wp-json\/wp\/v2\/product\/94586","targetHints":{"allow":["GET"]}}],"collection":[{"href":"https:\/\/www.talidesign.eu\/et\/wp-json\/wp\/v2\/product"}],"about":[{"href":"https:\/\/www.talidesign.eu\/et\/wp-json\/wp\/v2\/types\/product"}],"wp:featuredmedia":[{"embeddable":true,"href":"https:\/\/www.talidesign.eu\/et\/wp-json\/wp\/v2\/media\/94589"}],"wp:attachment":[{"href":"https:\/\/www.talidesign.eu\/et\/wp-json\/wp\/v2\/media?parent=94586"}],"wp:term":[{"taxonomy":"product_brand","embeddable":true,"href":"https:\/\/www.talidesign.eu\/et\/wp-json\/wp\/v2\/product_brand?post=94586"},{"taxonomy":"product_cat","embeddable":true,"href":"https:\/\/www.talidesign.eu\/et\/wp-json\/wp\/v2\/product_cat?post=94586"},{"taxonomy":"product_tag","embeddable":true,"href":"https:\/\/www.talidesign.eu\/et\/wp-json\/wp\/v2\/product_tag?post=94586"}],"curies":[{"name":"wp","href":"https:\/\/api.w.org\/{rel}","templated":true}]}}