{"id":94744,"date":"2024-11-18T21:33:51","date_gmt":"2024-11-18T19:33:53","guid":{"rendered":"https:\/\/www.talidesign.eu\/?post_type=product&#038;p=94744"},"modified":"2024-12-15T13:35:20","modified_gmt":"2024-12-15T11:35:20","slug":"blueq-nouderatik-people-i-love-cats","status":"publish","type":"product","link":"https:\/\/www.talidesign.eu\/et\/pood\/toode\/blueq-nouderatik-people-i-love-cats\/","title":{"rendered":"BlueQ N\u00f5uder\u00e4tik People I Love: Cats"},"content":{"rendered":"<p><strong>N\u00f5uder\u00e4tik People I Love: Cats<\/strong><\/p>\n<p>Sa ei s\u00f6\u00f6 \u00fcksinda, kui kass on kodus.<\/p>\n<p>\u2022 \u00dcliimav ja pehme.<br \/>\n\u2022 Valmistatud 100% puuvillast.<br \/>\n\u2022 53cm x 71cm<br \/>\n\u2022 <a href=\"\/et\/tootekategooria\/brandid\/blueq-et\/\">Br\u00e4nd BlueQ<\/a><\/p>\n<p><strong>Meist<\/strong><\/p>\n<p>Blue Q on ainulaadne ja v\u00e4rvikas br\u00e4nd, mis pakub l\u00f5busaid ja humoorikaid sokke, mis lisavad igap\u00e4evaellu isikup\u00e4ra. Igal sokipaaril on silmapaistvad disainid, vaimukad s\u00f5numid ja k\u00f5rge kvaliteediga materjalid, mis muudavad need sama mugavaks kui l\u00f5busaks. Blue Q sokid on ideaalne valik neile, kes soovivad end v\u00e4ljendada ja oma garderoobile veidi s\u00e4rtsu lisada, olgu see kingitus s\u00f5brale v\u00f5i r\u00f5\u00f5m iseendale.<\/p>\n<p>Lisaks l\u00e4heb osa m\u00fc\u00fcgitulust heategevusse, nii et Blue Q sokkide kandmine teeb head mitmel moel.<\/p>\n<p><a href=\"\/et\/tootekategooria\/brandid\/blueq-et\/\"><img loading=\"lazy\" decoding=\"async\" src=\"https:\/\/www.talidesign.eu\/wp\/wp-content\/uploads\/2024\/08\/blueqlogo.jpg\" alt=\"\" width=\"500\" height=\"100\" class=\"alignnone size-full wp-image-90609\" \/><\/a><\/p>\n","protected":false},"excerpt":{"rendered":"<p><strong>N\u00f5uder\u00e4tik People I Love: Cats<\/strong><\/p>\n<p>Sa ei s\u00f6\u00f6 \u00fcksinda, kui kass on kodus.<\/p>\n<p>\u2022 \u00dcliimav ja pehme.<br \/>\n\u2022 Valmistatud 100% puuvillast.<br \/>\n\u2022 53cm x 71cm<br \/>\n\u2022 <a href=\"\/et\/tootekategooria\/brandid\/blueq-et\/\">Br\u00e4nd BlueQ<\/a><\/p>\n<p><strong>Meist<\/strong><\/p>\n<p>Blue Q on ainulaadne ja v\u00e4rvikas br\u00e4nd, mis pakub l\u00f5busaid ja humoorikaid sokke, mis lisavad igap\u00e4evaellu isikup\u00e4ra. Igal sokipaaril on silmapaistvad disainid, vaimukad s\u00f5numid ja k\u00f5rge kvaliteediga materjalid, mis muudavad need sama mugavaks kui l\u00f5busaks. Blue Q sokid on ideaalne valik neile, kes soovivad end v\u00e4ljendada ja oma garderoobile veidi s\u00e4rtsu lisada, olgu see kingitus s\u00f5brale v\u00f5i r\u00f5\u00f5m iseendale.<\/p>\n<p>Lisaks l\u00e4heb osa m\u00fc\u00fcgitulust heategevusse, nii et Blue Q sokkide kandmine teeb head mitmel moel.<\/p>\n<p><a href=\"\/et\/tootekategooria\/brandid\/blueq-et\/\"><img loading=\"lazy\" decoding=\"async\" src=\"https:\/\/www.talidesign.eu\/wp\/wp-content\/uploads\/2024\/08\/blueqlogo.jpg\" alt=\"\" width=\"500\" height=\"100\" class=\"alignnone size-full wp-image-90609\" \/><\/a><\/p>\n","protected":false},"featured_media":94746,"template":"","meta":[],"product_brand":[],"product_cat":[3270,1110,1030],"product_tag":[3378],"class_list":{"0":"post-94744","1":"product","2":"type-product","3":"status-publish","4":"has-post-thumbnail","6":"product_cat-blueq-et","7":"product_cat-kodutekstiil","8":"product_cat-kook","9":"product_tag-blueq-et","11":"first","12":"outofstock","13":"taxable","14":"shipping-taxable","15":"purchasable","16":"product-type-simple"},"yoast_head":"<!-- This site is optimized with the Yoast SEO plugin v27.3 - https:\/\/yoast.com\/product\/yoast-seo-wordpress\/ -->\n<title>BlueQ N\u00f5uder\u00e4tik People I Love: Cats - TALI Concept Store<\/title>\n<meta name=\"description\" content=\"BlueQ N\u00f5uder\u00e4tik People I Love: Cats - \u00dcliimav ja pehme n\u00f5uder\u00e4tik, mis on valmistatud 100% puuvillast. Br\u00e4nd BlueQ. Sa ei s\u00f6\u00f6 \u00fcksinda, kui kass on kodus.\" \/>\n<meta name=\"robots\" content=\"index, follow, max-snippet:-1, max-image-preview:large, max-video-preview:-1\" \/>\n<link rel=\"canonical\" href=\"https:\/\/www.talidesign.eu\/et\/pood\/toode\/blueq-nouderatik-people-i-love-cats\/\" \/>\n<meta property=\"og:locale\" content=\"et_EE\" \/>\n<meta property=\"og:type\" content=\"article\" \/>\n<meta property=\"og:title\" content=\"BlueQ N\u00f5uder\u00e4tik People I Love: Cats - TALI Concept Store\" \/>\n<meta property=\"og:description\" content=\"BlueQ N\u00f5uder\u00e4tik People I Love: Cats - \u00dcliimav ja pehme n\u00f5uder\u00e4tik, mis on valmistatud 100% puuvillast. Br\u00e4nd BlueQ. Sa ei s\u00f6\u00f6 \u00fcksinda, kui kass on kodus.\" \/>\n<meta property=\"og:url\" content=\"https:\/\/www.talidesign.eu\/et\/pood\/toode\/blueq-nouderatik-people-i-love-cats\/\" \/>\n<meta property=\"og:site_name\" content=\"TALI Concept Store\" \/>\n<meta property=\"article:publisher\" content=\"https:\/\/www.facebook.com\/TaliDisain\/\" \/>\n<meta property=\"article:modified_time\" content=\"2024-12-15T11:35:20+00:00\" \/>\n<meta property=\"og:image\" content=\"https:\/\/www.talidesign.eu\/wp\/wp-content\/uploads\/2024\/11\/125848794_xl_1296x-Photoroom.jpg\" \/>\n\t<meta property=\"og:image:width\" content=\"1000\" \/>\n\t<meta property=\"og:image:height\" content=\"1000\" \/>\n\t<meta property=\"og:image:type\" content=\"image\/jpeg\" \/>\n<meta name=\"twitter:card\" content=\"summary_large_image\" \/>\n<meta name=\"twitter:label1\" content=\"Est. reading time\" \/>\n\t<meta name=\"twitter:data1\" content=\"1 minute\" \/>\n<script type=\"application\/ld+json\" class=\"yoast-schema-graph\">{\"@context\":\"https:\\\/\\\/schema.org\",\"@graph\":[{\"@type\":\"WebPage\",\"@id\":\"https:\\\/\\\/www.talidesign.eu\\\/et\\\/pood\\\/toode\\\/blueq-nouderatik-people-i-love-cats\\\/\",\"url\":\"https:\\\/\\\/www.talidesign.eu\\\/et\\\/pood\\\/toode\\\/blueq-nouderatik-people-i-love-cats\\\/\",\"name\":\"BlueQ N\u00f5uder\u00e4tik People I Love: Cats - TALI Concept Store\",\"isPartOf\":{\"@id\":\"https:\\\/\\\/www.talidesign.eu\\\/et\\\/#website\"},\"primaryImageOfPage\":{\"@id\":\"https:\\\/\\\/www.talidesign.eu\\\/et\\\/pood\\\/toode\\\/blueq-nouderatik-people-i-love-cats\\\/#primaryimage\"},\"image\":{\"@id\":\"https:\\\/\\\/www.talidesign.eu\\\/et\\\/pood\\\/toode\\\/blueq-nouderatik-people-i-love-cats\\\/#primaryimage\"},\"thumbnailUrl\":\"https:\\\/\\\/www.talidesign.eu\\\/wp\\\/wp-content\\\/uploads\\\/2024\\\/11\\\/125848794_xl_1296x-Photoroom.jpg\",\"datePublished\":\"2024-11-18T19:33:53+00:00\",\"dateModified\":\"2024-12-15T11:35:20+00:00\",\"description\":\"BlueQ N\u00f5uder\u00e4tik People I Love: Cats - \u00dcliimav ja pehme n\u00f5uder\u00e4tik, mis on valmistatud 100% puuvillast. Br\u00e4nd BlueQ. Sa ei s\u00f6\u00f6 \u00fcksinda, kui kass on kodus.\",\"breadcrumb\":{\"@id\":\"https:\\\/\\\/www.talidesign.eu\\\/et\\\/pood\\\/toode\\\/blueq-nouderatik-people-i-love-cats\\\/#breadcrumb\"},\"inLanguage\":\"et\",\"potentialAction\":[{\"@type\":\"ReadAction\",\"target\":[\"https:\\\/\\\/www.talidesign.eu\\\/et\\\/pood\\\/toode\\\/blueq-nouderatik-people-i-love-cats\\\/\"]}]},{\"@type\":\"ImageObject\",\"inLanguage\":\"et\",\"@id\":\"https:\\\/\\\/www.talidesign.eu\\\/et\\\/pood\\\/toode\\\/blueq-nouderatik-people-i-love-cats\\\/#primaryimage\",\"url\":\"https:\\\/\\\/www.talidesign.eu\\\/wp\\\/wp-content\\\/uploads\\\/2024\\\/11\\\/125848794_xl_1296x-Photoroom.jpg\",\"contentUrl\":\"https:\\\/\\\/www.talidesign.eu\\\/wp\\\/wp-content\\\/uploads\\\/2024\\\/11\\\/125848794_xl_1296x-Photoroom.jpg\",\"width\":1000,\"height\":1000},{\"@type\":\"BreadcrumbList\",\"@id\":\"https:\\\/\\\/www.talidesign.eu\\\/et\\\/pood\\\/toode\\\/blueq-nouderatik-people-i-love-cats\\\/#breadcrumb\",\"itemListElement\":[{\"@type\":\"ListItem\",\"position\":1,\"name\":\"Avaleht\",\"item\":\"https:\\\/\\\/www.talidesign.eu\\\/et\\\/\"},{\"@type\":\"ListItem\",\"position\":2,\"name\":\"Pood\",\"item\":\"https:\\\/\\\/www.talidesign.eu\\\/et\\\/pood\\\/\"},{\"@type\":\"ListItem\",\"position\":3,\"name\":\"BlueQ N\u00f5uder\u00e4tik People I Love: Cats\"}]},{\"@type\":\"WebSite\",\"@id\":\"https:\\\/\\\/www.talidesign.eu\\\/et\\\/#website\",\"url\":\"https:\\\/\\\/www.talidesign.eu\\\/et\\\/\",\"name\":\"TALI Concept Store\",\"description\":\"Suurim Disainipood Eestis\",\"potentialAction\":[{\"@type\":\"SearchAction\",\"target\":{\"@type\":\"EntryPoint\",\"urlTemplate\":\"https:\\\/\\\/www.talidesign.eu\\\/et\\\/?s={search_term_string}\"},\"query-input\":{\"@type\":\"PropertyValueSpecification\",\"valueRequired\":true,\"valueName\":\"search_term_string\"}}],\"inLanguage\":\"et\"}]}<\/script>\n<!-- \/ Yoast SEO plugin. -->","yoast_head_json":{"title":"BlueQ N\u00f5uder\u00e4tik People I Love: Cats - TALI Concept Store","description":"BlueQ N\u00f5uder\u00e4tik People I Love: Cats - \u00dcliimav ja pehme n\u00f5uder\u00e4tik, mis on valmistatud 100% puuvillast. Br\u00e4nd BlueQ. Sa ei s\u00f6\u00f6 \u00fcksinda, kui kass on kodus.","robots":{"index":"index","follow":"follow","max-snippet":"max-snippet:-1","max-image-preview":"max-image-preview:large","max-video-preview":"max-video-preview:-1"},"canonical":"https:\/\/www.talidesign.eu\/et\/pood\/toode\/blueq-nouderatik-people-i-love-cats\/","og_locale":"et_EE","og_type":"article","og_title":"BlueQ N\u00f5uder\u00e4tik People I Love: Cats - TALI Concept Store","og_description":"BlueQ N\u00f5uder\u00e4tik People I Love: Cats - \u00dcliimav ja pehme n\u00f5uder\u00e4tik, mis on valmistatud 100% puuvillast. Br\u00e4nd BlueQ. Sa ei s\u00f6\u00f6 \u00fcksinda, kui kass on kodus.","og_url":"https:\/\/www.talidesign.eu\/et\/pood\/toode\/blueq-nouderatik-people-i-love-cats\/","og_site_name":"TALI Concept Store","article_publisher":"https:\/\/www.facebook.com\/TaliDisain\/","article_modified_time":"2024-12-15T11:35:20+00:00","og_image":[{"width":1000,"height":1000,"url":"https:\/\/www.talidesign.eu\/wp\/wp-content\/uploads\/2024\/11\/125848794_xl_1296x-Photoroom.jpg","type":"image\/jpeg"}],"twitter_card":"summary_large_image","twitter_misc":{"Est. reading time":"1 minute"},"schema":{"@context":"https:\/\/schema.org","@graph":[{"@type":"WebPage","@id":"https:\/\/www.talidesign.eu\/et\/pood\/toode\/blueq-nouderatik-people-i-love-cats\/","url":"https:\/\/www.talidesign.eu\/et\/pood\/toode\/blueq-nouderatik-people-i-love-cats\/","name":"BlueQ N\u00f5uder\u00e4tik People I Love: Cats - TALI Concept Store","isPartOf":{"@id":"https:\/\/www.talidesign.eu\/et\/#website"},"primaryImageOfPage":{"@id":"https:\/\/www.talidesign.eu\/et\/pood\/toode\/blueq-nouderatik-people-i-love-cats\/#primaryimage"},"image":{"@id":"https:\/\/www.talidesign.eu\/et\/pood\/toode\/blueq-nouderatik-people-i-love-cats\/#primaryimage"},"thumbnailUrl":"https:\/\/www.talidesign.eu\/wp\/wp-content\/uploads\/2024\/11\/125848794_xl_1296x-Photoroom.jpg","datePublished":"2024-11-18T19:33:53+00:00","dateModified":"2024-12-15T11:35:20+00:00","description":"BlueQ N\u00f5uder\u00e4tik People I Love: Cats - \u00dcliimav ja pehme n\u00f5uder\u00e4tik, mis on valmistatud 100% puuvillast. Br\u00e4nd BlueQ. Sa ei s\u00f6\u00f6 \u00fcksinda, kui kass on kodus.","breadcrumb":{"@id":"https:\/\/www.talidesign.eu\/et\/pood\/toode\/blueq-nouderatik-people-i-love-cats\/#breadcrumb"},"inLanguage":"et","potentialAction":[{"@type":"ReadAction","target":["https:\/\/www.talidesign.eu\/et\/pood\/toode\/blueq-nouderatik-people-i-love-cats\/"]}]},{"@type":"ImageObject","inLanguage":"et","@id":"https:\/\/www.talidesign.eu\/et\/pood\/toode\/blueq-nouderatik-people-i-love-cats\/#primaryimage","url":"https:\/\/www.talidesign.eu\/wp\/wp-content\/uploads\/2024\/11\/125848794_xl_1296x-Photoroom.jpg","contentUrl":"https:\/\/www.talidesign.eu\/wp\/wp-content\/uploads\/2024\/11\/125848794_xl_1296x-Photoroom.jpg","width":1000,"height":1000},{"@type":"BreadcrumbList","@id":"https:\/\/www.talidesign.eu\/et\/pood\/toode\/blueq-nouderatik-people-i-love-cats\/#breadcrumb","itemListElement":[{"@type":"ListItem","position":1,"name":"Avaleht","item":"https:\/\/www.talidesign.eu\/et\/"},{"@type":"ListItem","position":2,"name":"Pood","item":"https:\/\/www.talidesign.eu\/et\/pood\/"},{"@type":"ListItem","position":3,"name":"BlueQ N\u00f5uder\u00e4tik People I Love: Cats"}]},{"@type":"WebSite","@id":"https:\/\/www.talidesign.eu\/et\/#website","url":"https:\/\/www.talidesign.eu\/et\/","name":"TALI Concept Store","description":"Suurim Disainipood Eestis","potentialAction":[{"@type":"SearchAction","target":{"@type":"EntryPoint","urlTemplate":"https:\/\/www.talidesign.eu\/et\/?s={search_term_string}"},"query-input":{"@type":"PropertyValueSpecification","valueRequired":true,"valueName":"search_term_string"}}],"inLanguage":"et"}]}},"_links":{"self":[{"href":"https:\/\/www.talidesign.eu\/et\/wp-json\/wp\/v2\/product\/94744","targetHints":{"allow":["GET"]}}],"collection":[{"href":"https:\/\/www.talidesign.eu\/et\/wp-json\/wp\/v2\/product"}],"about":[{"href":"https:\/\/www.talidesign.eu\/et\/wp-json\/wp\/v2\/types\/product"}],"wp:featuredmedia":[{"embeddable":true,"href":"https:\/\/www.talidesign.eu\/et\/wp-json\/wp\/v2\/media\/94746"}],"wp:attachment":[{"href":"https:\/\/www.talidesign.eu\/et\/wp-json\/wp\/v2\/media?parent=94744"}],"wp:term":[{"taxonomy":"product_brand","embeddable":true,"href":"https:\/\/www.talidesign.eu\/et\/wp-json\/wp\/v2\/product_brand?post=94744"},{"taxonomy":"product_cat","embeddable":true,"href":"https:\/\/www.talidesign.eu\/et\/wp-json\/wp\/v2\/product_cat?post=94744"},{"taxonomy":"product_tag","embeddable":true,"href":"https:\/\/www.talidesign.eu\/et\/wp-json\/wp\/v2\/product_tag?post=94744"}],"curies":[{"name":"wp","href":"https:\/\/api.w.org\/{rel}","templated":true}]}}