{"id":94866,"date":"2024-11-20T10:28:54","date_gmt":"2024-11-20T08:28:56","guid":{"rendered":"https:\/\/www.talidesign.eu\/?post_type=product&#038;p=94866"},"modified":"2026-03-26T11:25:26","modified_gmt":"2026-03-26T09:25:26","slug":"umbra-touch-seebidosaator-valge","status":"publish","type":"product","link":"https:\/\/www.talidesign.eu\/et\/pood\/toode\/umbra-touch-seebidosaator-valge\/","title":{"rendered":"Umbra Touch seebidosaator Valge"},"content":{"rendered":"<p><strong>Penguin seebidsoaator Valge<\/strong><\/p>\n<p>Touch dosaator on valmistatud pehmest, mati viimistlusega materjalist, mis on vastupidav, lihtsasti puhastatav ja silmale kena vaadata. Selle kumer disain sobib mugavalt k\u00e4tte ning muudab seebi doseerimise lihtsaks ja sujuvaks. T\u00e4itmine on imelihtne \u2013 keerad l\u00e4bipaistva alumise osa lahti ja t\u00e4nu laiale avausele saad seebi ilma \u00fcle ajamata sisse valada. L\u00e4bipaistev osa n\u00e4itab ka kohe, kui seep hakkab otsa saama. Pump mahutab 236,5 ml vedelseepi ja selle m\u00f5\u00f5dud on 10 x 7 x 13 cm. Sobita see teiste Touch kollektsiooni toodetega, et luua vannituppa \u00fchtne ja stiilne v\u00e4limus. Valmistatud taaskasutatud plastikust.<\/p>\n<p><em>Sobib vedelseebiga; desinfitseerijad ja paksud geelid ei pruugi toimida nii h\u00e4sti.<\/em><\/p>\n<ul>\n<li><strong>Moodne ja mugav disain<\/strong><br \/>\nKumer ja k\u00e4ep\u00e4rane disain, mis on stiilne ja praktiline alternatiiv tavalistele dosaatoritele.<\/li>\n<li><strong>Lihtne t\u00e4ita<\/strong><br \/>\nKeera alumine osa lahti, vala seep sisse ja ongi valmis!<\/li>\n<li><strong>Parim vedelseebiga<\/strong><br \/>\nSobib tavalise vedelseebiga, kuid v\u00e4ltida tuleks paksude geelide ja desinfitseerijate kasutamist.<\/li>\n<li><strong>Pehme ja matt viimistlus<\/strong><br \/>\nViimistlus on k\u00e4ega katsudes m\u00f5nus ja lisab vannituppa stiilse n\u00fcansi.<\/li>\n<\/ul>\n<p>\u2022 Materjalid: Taaskasutatud pol\u00fcprop\u00fcleen<br \/>\n\u2022 M\u00f5\u00f5dud: 10 x 7 x 13 cm, 236,5 ml<br \/>\n\u2022 <a href=\"\/et\/tootekategooria\/brandid\/umbra-et\/\">Br\u00e4nd Umbra<\/a><\/p>\n<p><strong>Meist<\/strong><\/p>\n<p>1979. aastal alguse saanud \u00fche lihtsa aknakardinaga s\u00fcndis Umbra kirest originaalse disaini ja taskukohase, kaasaegse stiili vastu. Kaasasutajad Les Mandelbaum ja Paul Rowan n\u00e4gid vajadust luua loomingulisi ja soodsaid tooteid, mis sobiksid igasse koju.<\/p>\n<p>T\u00e4naseks on Torontos, Kanadas asuv Umbra kasvanud rahvusvaheliseks disainiliidriks, tegutsedes enam kui 120 riigis ja omades esindusi Euroopas, P\u00f5hja- ja L\u00f5una-Ameerikas ning Aasias. Innovatsioonist kantuna toob meie rahvusvaheline disainitiim igap\u00e4evaesemetesse v\u00e4rsket loomingulisust ja uusi ideid, seades kaasaegsele disainile uusi standardeid.<\/p>\n<p><a href=\"\/et\/tootekategooria\/brandid\/umbra-et\/\"><img loading=\"lazy\" decoding=\"async\" class=\"alignnone size-full wp-image-93263\" src=\"https:\/\/www.talidesign.eu\/wp\/wp-content\/uploads\/2024\/10\/umbralogo-1.jpg\" alt=\"\" width=\"500\" height=\"100\" \/><\/a><\/p>\n","protected":false},"excerpt":{"rendered":"<p><strong>Penguin seebidsoaator Valge<\/strong><\/p>\n<p>Touch dosaator on valmistatud pehmest, mati viimistlusega materjalist, mis on vastupidav, lihtsasti puhastatav ja silmale kena vaadata. Selle kumer disain sobib mugavalt k\u00e4tte ning muudab seebi doseerimise lihtsaks ja sujuvaks. T\u00e4itmine on imelihtne \u2013 keerad l\u00e4bipaistva alumise osa lahti ja t\u00e4nu laiale avausele saad seebi ilma \u00fcle ajamata sisse valada. L\u00e4bipaistev osa n\u00e4itab ka kohe, kui seep hakkab otsa saama. Pump mahutab 236,5 ml vedelseepi ja selle m\u00f5\u00f5dud on 10 x 7 x 13 cm. Sobita see teiste Touch kollektsiooni toodetega, et luua vannituppa \u00fchtne ja stiilne v\u00e4limus. Valmistatud taaskasutatud plastikust.<\/p>\n<p><em>Sobib vedelseebiga; desinfitseerijad ja paksud geelid ei pruugi toimida nii h\u00e4sti.<\/em><\/p>\n<ul>\n<li><strong>Moodne ja mugav disain<\/strong><br \/>\nKumer ja k\u00e4ep\u00e4rane disain, mis on stiilne ja praktiline alternatiiv tavalistele dosaatoritele.<\/li>\n<li><strong>Lihtne t\u00e4ita<\/strong><br \/>\nKeera alumine osa lahti, vala seep sisse ja ongi valmis!<\/li>\n<li><strong>Parim vedelseebiga<\/strong><br \/>\nSobib tavalise vedelseebiga, kuid v\u00e4ltida tuleks paksude geelide ja desinfitseerijate kasutamist.<\/li>\n<li><strong>Pehme ja matt viimistlus<\/strong><br \/>\nViimistlus on k\u00e4ega katsudes m\u00f5nus ja lisab vannituppa stiilse n\u00fcansi.<\/li>\n<\/ul>\n<p>\u2022 Materjalid: Taaskasutatud pol\u00fcprop\u00fcleen<br \/>\n\u2022 M\u00f5\u00f5dud: 10 x 7 x 13 cm, 236,5 ml<br \/>\n\u2022 <a href=\"\/et\/tootekategooria\/brandid\/umbra-et\/\">Br\u00e4nd Umbra<\/a><\/p>\n<p><strong>Meist<\/strong><\/p>\n<p>1979. aastal alguse saanud \u00fche lihtsa aknakardinaga s\u00fcndis Umbra kirest originaalse disaini ja taskukohase, kaasaegse stiili vastu. Kaasasutajad Les Mandelbaum ja Paul Rowan n\u00e4gid vajadust luua loomingulisi ja soodsaid tooteid, mis sobiksid igasse koju.<\/p>\n<p>T\u00e4naseks on Torontos, Kanadas asuv Umbra kasvanud rahvusvaheliseks disainiliidriks, tegutsedes enam kui 120 riigis ja omades esindusi Euroopas, P\u00f5hja- ja L\u00f5una-Ameerikas ning Aasias. Innovatsioonist kantuna toob meie rahvusvaheline disainitiim igap\u00e4evaesemetesse v\u00e4rsket loomingulisust ja uusi ideid, seades kaasaegsele disainile uusi standardeid.<\/p>\n<p><a href=\"\/et\/tootekategooria\/brandid\/umbra-et\/\"><img loading=\"lazy\" decoding=\"async\" class=\"alignnone size-full wp-image-93263\" src=\"https:\/\/www.talidesign.eu\/wp\/wp-content\/uploads\/2024\/10\/umbralogo-1.jpg\" alt=\"\" width=\"500\" height=\"100\" \/><\/a><\/p>\n","protected":false},"featured_media":94868,"template":"","meta":[],"product_brand":[],"product_cat":[1026,1018,1030,3350,1100],"product_tag":[3356],"class_list":{"0":"post-94866","1":"product","2":"type-product","3":"status-publish","4":"has-post-thumbnail","6":"product_cat-brandid","7":"product_cat-kodu","8":"product_cat-kook","9":"product_cat-umbra-et","10":"product_cat-vannituba","11":"product_tag-umbra-et","13":"first","14":"instock","15":"taxable","16":"shipping-taxable","17":"purchasable","18":"product-type-simple"},"yoast_head":"<!-- This site is optimized with the Yoast SEO plugin v27.3 - https:\/\/yoast.com\/product\/yoast-seo-wordpress\/ -->\n<title>Umbra Touch seebidosaator Valge - TALI Concept Store<\/title>\n<meta name=\"description\" content=\"Umbra Touch seebidosaator Valge - Mugav ja stiilne dosaator, mis sobib vedelseebiga. Lihtne t\u00e4ita ja puhastada. Valmistatud taaskasutatud plastikust.\" \/>\n<meta name=\"robots\" content=\"index, follow, max-snippet:-1, max-image-preview:large, max-video-preview:-1\" \/>\n<link rel=\"canonical\" href=\"https:\/\/www.talidesign.eu\/et\/pood\/toode\/umbra-touch-seebidosaator-valge\/\" \/>\n<meta property=\"og:locale\" content=\"et_EE\" \/>\n<meta property=\"og:type\" content=\"article\" \/>\n<meta property=\"og:title\" content=\"Umbra Touch seebidosaator Valge - TALI Concept Store\" \/>\n<meta property=\"og:description\" content=\"Umbra Touch seebidosaator Valge - Mugav ja stiilne dosaator, mis sobib vedelseebiga. Lihtne t\u00e4ita ja puhastada. Valmistatud taaskasutatud plastikust.\" \/>\n<meta property=\"og:url\" content=\"https:\/\/www.talidesign.eu\/et\/pood\/toode\/umbra-touch-seebidosaator-valge\/\" \/>\n<meta property=\"og:site_name\" content=\"TALI Concept Store\" \/>\n<meta property=\"article:publisher\" content=\"https:\/\/www.facebook.com\/TaliDisain\/\" \/>\n<meta property=\"article:modified_time\" content=\"2026-03-26T09:25:26+00:00\" \/>\n<meta property=\"og:image\" content=\"https:\/\/www.talidesign.eu\/wp\/wp-content\/uploads\/2024\/11\/vfbwxv58a72fgi3hyrwl-Photoroom-1.jpg\" \/>\n\t<meta property=\"og:image:width\" content=\"1200\" \/>\n\t<meta property=\"og:image:height\" content=\"1200\" \/>\n\t<meta property=\"og:image:type\" content=\"image\/jpeg\" \/>\n<meta name=\"twitter:card\" content=\"summary_large_image\" \/>\n<meta name=\"twitter:label1\" content=\"Est. reading time\" \/>\n\t<meta name=\"twitter:data1\" content=\"2 minutes\" \/>\n<script type=\"application\/ld+json\" class=\"yoast-schema-graph\">{\"@context\":\"https:\\\/\\\/schema.org\",\"@graph\":[{\"@type\":\"WebPage\",\"@id\":\"https:\\\/\\\/www.talidesign.eu\\\/et\\\/pood\\\/toode\\\/umbra-touch-seebidosaator-valge\\\/\",\"url\":\"https:\\\/\\\/www.talidesign.eu\\\/et\\\/pood\\\/toode\\\/umbra-touch-seebidosaator-valge\\\/\",\"name\":\"Umbra Touch seebidosaator Valge - TALI Concept Store\",\"isPartOf\":{\"@id\":\"https:\\\/\\\/www.talidesign.eu\\\/et\\\/#website\"},\"primaryImageOfPage\":{\"@id\":\"https:\\\/\\\/www.talidesign.eu\\\/et\\\/pood\\\/toode\\\/umbra-touch-seebidosaator-valge\\\/#primaryimage\"},\"image\":{\"@id\":\"https:\\\/\\\/www.talidesign.eu\\\/et\\\/pood\\\/toode\\\/umbra-touch-seebidosaator-valge\\\/#primaryimage\"},\"thumbnailUrl\":\"https:\\\/\\\/www.talidesign.eu\\\/wp\\\/wp-content\\\/uploads\\\/2024\\\/11\\\/vfbwxv58a72fgi3hyrwl-Photoroom-1.jpg\",\"datePublished\":\"2024-11-20T08:28:56+00:00\",\"dateModified\":\"2026-03-26T09:25:26+00:00\",\"description\":\"Umbra Touch seebidosaator Valge - Mugav ja stiilne dosaator, mis sobib vedelseebiga. Lihtne t\u00e4ita ja puhastada. Valmistatud taaskasutatud plastikust.\",\"breadcrumb\":{\"@id\":\"https:\\\/\\\/www.talidesign.eu\\\/et\\\/pood\\\/toode\\\/umbra-touch-seebidosaator-valge\\\/#breadcrumb\"},\"inLanguage\":\"et\",\"potentialAction\":[{\"@type\":\"ReadAction\",\"target\":[\"https:\\\/\\\/www.talidesign.eu\\\/et\\\/pood\\\/toode\\\/umbra-touch-seebidosaator-valge\\\/\"]}]},{\"@type\":\"ImageObject\",\"inLanguage\":\"et\",\"@id\":\"https:\\\/\\\/www.talidesign.eu\\\/et\\\/pood\\\/toode\\\/umbra-touch-seebidosaator-valge\\\/#primaryimage\",\"url\":\"https:\\\/\\\/www.talidesign.eu\\\/wp\\\/wp-content\\\/uploads\\\/2024\\\/11\\\/vfbwxv58a72fgi3hyrwl-Photoroom-1.jpg\",\"contentUrl\":\"https:\\\/\\\/www.talidesign.eu\\\/wp\\\/wp-content\\\/uploads\\\/2024\\\/11\\\/vfbwxv58a72fgi3hyrwl-Photoroom-1.jpg\",\"width\":1200,\"height\":1200},{\"@type\":\"BreadcrumbList\",\"@id\":\"https:\\\/\\\/www.talidesign.eu\\\/et\\\/pood\\\/toode\\\/umbra-touch-seebidosaator-valge\\\/#breadcrumb\",\"itemListElement\":[{\"@type\":\"ListItem\",\"position\":1,\"name\":\"Avaleht\",\"item\":\"https:\\\/\\\/www.talidesign.eu\\\/et\\\/\"},{\"@type\":\"ListItem\",\"position\":2,\"name\":\"Pood\",\"item\":\"https:\\\/\\\/www.talidesign.eu\\\/et\\\/pood\\\/\"},{\"@type\":\"ListItem\",\"position\":3,\"name\":\"Umbra Touch seebidosaator Valge\"}]},{\"@type\":\"WebSite\",\"@id\":\"https:\\\/\\\/www.talidesign.eu\\\/et\\\/#website\",\"url\":\"https:\\\/\\\/www.talidesign.eu\\\/et\\\/\",\"name\":\"TALI Concept Store\",\"description\":\"Suurim Disainipood Eestis\",\"potentialAction\":[{\"@type\":\"SearchAction\",\"target\":{\"@type\":\"EntryPoint\",\"urlTemplate\":\"https:\\\/\\\/www.talidesign.eu\\\/et\\\/?s={search_term_string}\"},\"query-input\":{\"@type\":\"PropertyValueSpecification\",\"valueRequired\":true,\"valueName\":\"search_term_string\"}}],\"inLanguage\":\"et\"}]}<\/script>\n<!-- \/ Yoast SEO plugin. -->","yoast_head_json":{"title":"Umbra Touch seebidosaator Valge - TALI Concept Store","description":"Umbra Touch seebidosaator Valge - Mugav ja stiilne dosaator, mis sobib vedelseebiga. Lihtne t\u00e4ita ja puhastada. Valmistatud taaskasutatud plastikust.","robots":{"index":"index","follow":"follow","max-snippet":"max-snippet:-1","max-image-preview":"max-image-preview:large","max-video-preview":"max-video-preview:-1"},"canonical":"https:\/\/www.talidesign.eu\/et\/pood\/toode\/umbra-touch-seebidosaator-valge\/","og_locale":"et_EE","og_type":"article","og_title":"Umbra Touch seebidosaator Valge - TALI Concept Store","og_description":"Umbra Touch seebidosaator Valge - Mugav ja stiilne dosaator, mis sobib vedelseebiga. Lihtne t\u00e4ita ja puhastada. Valmistatud taaskasutatud plastikust.","og_url":"https:\/\/www.talidesign.eu\/et\/pood\/toode\/umbra-touch-seebidosaator-valge\/","og_site_name":"TALI Concept Store","article_publisher":"https:\/\/www.facebook.com\/TaliDisain\/","article_modified_time":"2026-03-26T09:25:26+00:00","og_image":[{"width":1200,"height":1200,"url":"https:\/\/www.talidesign.eu\/wp\/wp-content\/uploads\/2024\/11\/vfbwxv58a72fgi3hyrwl-Photoroom-1.jpg","type":"image\/jpeg"}],"twitter_card":"summary_large_image","twitter_misc":{"Est. reading time":"2 minutes"},"schema":{"@context":"https:\/\/schema.org","@graph":[{"@type":"WebPage","@id":"https:\/\/www.talidesign.eu\/et\/pood\/toode\/umbra-touch-seebidosaator-valge\/","url":"https:\/\/www.talidesign.eu\/et\/pood\/toode\/umbra-touch-seebidosaator-valge\/","name":"Umbra Touch seebidosaator Valge - TALI Concept Store","isPartOf":{"@id":"https:\/\/www.talidesign.eu\/et\/#website"},"primaryImageOfPage":{"@id":"https:\/\/www.talidesign.eu\/et\/pood\/toode\/umbra-touch-seebidosaator-valge\/#primaryimage"},"image":{"@id":"https:\/\/www.talidesign.eu\/et\/pood\/toode\/umbra-touch-seebidosaator-valge\/#primaryimage"},"thumbnailUrl":"https:\/\/www.talidesign.eu\/wp\/wp-content\/uploads\/2024\/11\/vfbwxv58a72fgi3hyrwl-Photoroom-1.jpg","datePublished":"2024-11-20T08:28:56+00:00","dateModified":"2026-03-26T09:25:26+00:00","description":"Umbra Touch seebidosaator Valge - Mugav ja stiilne dosaator, mis sobib vedelseebiga. Lihtne t\u00e4ita ja puhastada. Valmistatud taaskasutatud plastikust.","breadcrumb":{"@id":"https:\/\/www.talidesign.eu\/et\/pood\/toode\/umbra-touch-seebidosaator-valge\/#breadcrumb"},"inLanguage":"et","potentialAction":[{"@type":"ReadAction","target":["https:\/\/www.talidesign.eu\/et\/pood\/toode\/umbra-touch-seebidosaator-valge\/"]}]},{"@type":"ImageObject","inLanguage":"et","@id":"https:\/\/www.talidesign.eu\/et\/pood\/toode\/umbra-touch-seebidosaator-valge\/#primaryimage","url":"https:\/\/www.talidesign.eu\/wp\/wp-content\/uploads\/2024\/11\/vfbwxv58a72fgi3hyrwl-Photoroom-1.jpg","contentUrl":"https:\/\/www.talidesign.eu\/wp\/wp-content\/uploads\/2024\/11\/vfbwxv58a72fgi3hyrwl-Photoroom-1.jpg","width":1200,"height":1200},{"@type":"BreadcrumbList","@id":"https:\/\/www.talidesign.eu\/et\/pood\/toode\/umbra-touch-seebidosaator-valge\/#breadcrumb","itemListElement":[{"@type":"ListItem","position":1,"name":"Avaleht","item":"https:\/\/www.talidesign.eu\/et\/"},{"@type":"ListItem","position":2,"name":"Pood","item":"https:\/\/www.talidesign.eu\/et\/pood\/"},{"@type":"ListItem","position":3,"name":"Umbra Touch seebidosaator Valge"}]},{"@type":"WebSite","@id":"https:\/\/www.talidesign.eu\/et\/#website","url":"https:\/\/www.talidesign.eu\/et\/","name":"TALI Concept Store","description":"Suurim Disainipood Eestis","potentialAction":[{"@type":"SearchAction","target":{"@type":"EntryPoint","urlTemplate":"https:\/\/www.talidesign.eu\/et\/?s={search_term_string}"},"query-input":{"@type":"PropertyValueSpecification","valueRequired":true,"valueName":"search_term_string"}}],"inLanguage":"et"}]}},"_links":{"self":[{"href":"https:\/\/www.talidesign.eu\/et\/wp-json\/wp\/v2\/product\/94866","targetHints":{"allow":["GET"]}}],"collection":[{"href":"https:\/\/www.talidesign.eu\/et\/wp-json\/wp\/v2\/product"}],"about":[{"href":"https:\/\/www.talidesign.eu\/et\/wp-json\/wp\/v2\/types\/product"}],"wp:featuredmedia":[{"embeddable":true,"href":"https:\/\/www.talidesign.eu\/et\/wp-json\/wp\/v2\/media\/94868"}],"wp:attachment":[{"href":"https:\/\/www.talidesign.eu\/et\/wp-json\/wp\/v2\/media?parent=94866"}],"wp:term":[{"taxonomy":"product_brand","embeddable":true,"href":"https:\/\/www.talidesign.eu\/et\/wp-json\/wp\/v2\/product_brand?post=94866"},{"taxonomy":"product_cat","embeddable":true,"href":"https:\/\/www.talidesign.eu\/et\/wp-json\/wp\/v2\/product_cat?post=94866"},{"taxonomy":"product_tag","embeddable":true,"href":"https:\/\/www.talidesign.eu\/et\/wp-json\/wp\/v2\/product_tag?post=94866"}],"curies":[{"name":"wp","href":"https:\/\/api.w.org\/{rel}","templated":true}]}}