{"id":94925,"date":"2024-12-04T11:11:52","date_gmt":"2024-11-20T09:11:54","guid":{"rendered":"https:\/\/www.talidesign.eu\/?post_type=product&#038;p=94925"},"modified":"2026-03-31T14:25:52","modified_gmt":"2026-03-31T11:25:52","slug":"umbra-tesora-ehtelaegas-natural-brass","status":"publish","type":"product","link":"https:\/\/www.talidesign.eu\/et\/pood\/toode\/umbra-tesora-ehtelaegas-natural-brass\/","title":{"rendered":"Umbra Tesora ehtelaegas Natural Brass"},"content":{"rendered":"<p><strong>Tesora ehtelaegas Natural Brass<\/strong><\/p>\n<p>Tesora ehtelaegas pakub elegantset ja mitmek\u00fclgset lahendust sinu aksessuaaride korrastamiseks. Kroomitud metallist kaas toimib kaunilt aksessuaarialusena, kus saad hoida oma lemmikehteid k\u00e4ep\u00e4raselt. Kahekordne disain v\u00f5imaldab ruumi kokkuhoiu huvides kihid virnastada v\u00f5i laiendatud hoiuruumi jaoks eraldi kasutada. Tesora kompaktne suurus sobib ideaalselt \u00f6\u00f6kapile, hoides ehteid turvaliselt ja k\u00e4eulatuses. Iga ehetekast on ainulaadne t\u00e4nu puidu loomulikele tooni, tekstuuri ja s\u00fc\u00fcmustri variatsioonidele.<\/p>\n<ul>\n<li><strong>Kaasaegne disain<\/strong><br \/>\nUnikaalsetest materjalidest valmistatud Tesora on \u00fchtaegu praktiline ja visuaalselt muljetavaldav. K\u00f5rgus 11,5 cm ja diameeter 13 cm, kroomitud metallkaas ning kahekordne disain lisavad modernsust.<\/li>\n<li><strong>Mitmek\u00fclgne ja laiendatav<\/strong><br \/>\nKroomitud metallist kaas toimib ka aksessuaarialusena, kus saad ehteid sorteerida v\u00f5i esitleda.<\/li>\n<li><strong>Sobib v\u00e4ljapanekuks<\/strong><br \/>\nTesaora ehtelaegas n\u00e4eb t\u00e4nu oma kaasaegsele disainile suurep\u00e4rane v\u00e4lja igas toas.<\/li>\n<\/ul>\n<p>\u2022 Materjalid: Kroomitud metall, naturaalne puit<br \/>\n\u2022 M\u00f5\u00f5dud: K\u00f5rgus 11,5 cm, diameeter 13 cm<br \/>\n\u2022 Hooldamiseks p\u00fchkige puhtaks niiske lapiga.<br \/>\n\u2022 <a href=\"\/et\/tootekategooria\/brandid\/umbra-et\/\">Br\u00e4nd Umbra<\/a><\/p>\n<p><strong>Meist<\/strong><\/p>\n<p>1979. aastal alguse saanud \u00fche lihtsa aknakardinaga s\u00fcndis Umbra kirest originaalse disaini ja taskukohase, kaasaegse stiili vastu. Kaasasutajad Les Mandelbaum ja Paul Rowan n\u00e4gid vajadust luua loomingulisi ja soodsaid tooteid, mis sobiksid igasse koju.<\/p>\n<p>T\u00e4naseks on Torontos, Kanadas asuv Umbra kasvanud rahvusvaheliseks disainiliidriks, tegutsedes enam kui 120 riigis ja omades esindusi Euroopas, P\u00f5hja- ja L\u00f5una-Ameerikas ning Aasias. Innovatsioonist kantuna toob meie rahvusvaheline disainitiim igap\u00e4evaesemetesse v\u00e4rsket loomingulisust ja uusi ideid, seades kaasaegsele disainile uusi standardeid.<\/p>\n<p><a href=\"\/et\/tootekategooria\/brandid\/umbra-et\/\"><img loading=\"lazy\" decoding=\"async\" class=\"alignnone size-full wp-image-93263\" src=\"https:\/\/www.talidesign.eu\/wp\/wp-content\/uploads\/2024\/10\/umbralogo-1.jpg\" alt=\"\" width=\"500\" height=\"100\" \/><\/a><\/p>\n","protected":false},"excerpt":{"rendered":"<p><strong>Tesora ehtelaegas Natural Brass<\/strong><\/p>\n<p>Tesora ehtelaegas pakub elegantset ja mitmek\u00fclgset lahendust sinu aksessuaaride korrastamiseks. Kroomitud metallist kaas toimib kaunilt aksessuaarialusena, kus saad hoida oma lemmikehteid k\u00e4ep\u00e4raselt. Kahekordne disain v\u00f5imaldab ruumi kokkuhoiu huvides kihid virnastada v\u00f5i laiendatud hoiuruumi jaoks eraldi kasutada. Tesora kompaktne suurus sobib ideaalselt \u00f6\u00f6kapile, hoides ehteid turvaliselt ja k\u00e4eulatuses. Iga ehetekast on ainulaadne t\u00e4nu puidu loomulikele tooni, tekstuuri ja s\u00fc\u00fcmustri variatsioonidele.<\/p>\n<ul>\n<li><strong>Kaasaegne disain<\/strong><br \/>\nUnikaalsetest materjalidest valmistatud Tesora on \u00fchtaegu praktiline ja visuaalselt muljetavaldav. K\u00f5rgus 11,5 cm ja diameeter 13 cm, kroomitud metallkaas ning kahekordne disain lisavad modernsust.<\/li>\n<li><strong>Mitmek\u00fclgne ja laiendatav<\/strong><br \/>\nKroomitud metallist kaas toimib ka aksessuaarialusena, kus saad ehteid sorteerida v\u00f5i esitleda.<\/li>\n<li><strong>Sobib v\u00e4ljapanekuks<\/strong><br \/>\nTesaora ehtelaegas n\u00e4eb t\u00e4nu oma kaasaegsele disainile suurep\u00e4rane v\u00e4lja igas toas.<\/li>\n<\/ul>\n<p>\u2022 Materjalid: Kroomitud metall, naturaalne puit<br \/>\n\u2022 M\u00f5\u00f5dud: K\u00f5rgus 11,5 cm, diameeter 13 cm<br \/>\n\u2022 Hooldamiseks p\u00fchkige puhtaks niiske lapiga.<br \/>\n\u2022 <a href=\"\/et\/tootekategooria\/brandid\/umbra-et\/\">Br\u00e4nd Umbra<\/a><\/p>\n<p><strong>Meist<\/strong><\/p>\n<p>1979. aastal alguse saanud \u00fche lihtsa aknakardinaga s\u00fcndis Umbra kirest originaalse disaini ja taskukohase, kaasaegse stiili vastu. Kaasasutajad Les Mandelbaum ja Paul Rowan n\u00e4gid vajadust luua loomingulisi ja soodsaid tooteid, mis sobiksid igasse koju.<\/p>\n<p>T\u00e4naseks on Torontos, Kanadas asuv Umbra kasvanud rahvusvaheliseks disainiliidriks, tegutsedes enam kui 120 riigis ja omades esindusi Euroopas, P\u00f5hja- ja L\u00f5una-Ameerikas ning Aasias. Innovatsioonist kantuna toob meie rahvusvaheline disainitiim igap\u00e4evaesemetesse v\u00e4rsket loomingulisust ja uusi ideid, seades kaasaegsele disainile uusi standardeid.<\/p>\n<p><a href=\"\/et\/tootekategooria\/brandid\/umbra-et\/\"><img loading=\"lazy\" decoding=\"async\" class=\"alignnone size-full wp-image-93263\" src=\"https:\/\/www.talidesign.eu\/wp\/wp-content\/uploads\/2024\/10\/umbralogo-1.jpg\" alt=\"\" width=\"500\" height=\"100\" \/><\/a><\/p>\n","protected":false},"featured_media":94927,"template":"","meta":[],"product_brand":[],"product_cat":[1026,1165,1107,1031,1018,3350],"product_tag":[3356],"class_list":{"0":"post-94925","1":"product","2":"type-product","3":"status-publish","4":"has-post-thumbnail","6":"product_cat-brandid","7":"product_cat-ehtelaekad-et","8":"product_cat-ehtelaekad","9":"product_cat-hoiustamine","10":"product_cat-kodu","11":"product_cat-umbra-et","12":"product_tag-umbra-et","14":"first","15":"instock","16":"taxable","17":"shipping-taxable","18":"purchasable","19":"product-type-simple"},"yoast_head":"<!-- This site is optimized with the Yoast SEO plugin v27.3 - https:\/\/yoast.com\/product\/yoast-seo-wordpress\/ -->\n<title>Umbra Tesora ehtelaegas Natural Brass - TALI Concept Store<\/title>\n<meta name=\"description\" content=\"Tesora ehtelaegas Natural Brass - elegantne ja mitmek\u00fclgne lahendus sinu ehtekollektsiooni korrastamiseks. Kaasaegne disain, kroomitud metallkaas ja kompaktne suurus.\" \/>\n<meta name=\"robots\" content=\"index, follow, max-snippet:-1, max-image-preview:large, max-video-preview:-1\" \/>\n<link rel=\"canonical\" href=\"https:\/\/www.talidesign.eu\/et\/pood\/toode\/umbra-tesora-ehtelaegas-natural-brass\/\" \/>\n<meta property=\"og:locale\" content=\"et_EE\" \/>\n<meta property=\"og:type\" content=\"article\" \/>\n<meta property=\"og:title\" content=\"Umbra Tesora ehtelaegas Natural Brass - TALI Concept Store\" \/>\n<meta property=\"og:description\" content=\"Tesora ehtelaegas Natural Brass - elegantne ja mitmek\u00fclgne lahendus sinu ehtekollektsiooni korrastamiseks. Kaasaegne disain, kroomitud metallkaas ja kompaktne suurus.\" \/>\n<meta property=\"og:url\" content=\"https:\/\/www.talidesign.eu\/et\/pood\/toode\/umbra-tesora-ehtelaegas-natural-brass\/\" \/>\n<meta property=\"og:site_name\" content=\"TALI Concept Store\" \/>\n<meta property=\"article:publisher\" content=\"https:\/\/www.facebook.com\/TaliDisain\/\" \/>\n<meta property=\"article:modified_time\" content=\"2026-03-31T11:25:52+00:00\" \/>\n<meta property=\"og:image\" content=\"https:\/\/www.talidesign.eu\/wp\/wp-content\/uploads\/2024\/11\/kt4lnkhnkslcezteibwg-Photoroom-1.jpg\" \/>\n\t<meta property=\"og:image:width\" content=\"1200\" \/>\n\t<meta property=\"og:image:height\" content=\"1200\" \/>\n\t<meta property=\"og:image:type\" content=\"image\/jpeg\" \/>\n<meta name=\"twitter:card\" content=\"summary_large_image\" \/>\n<meta name=\"twitter:label1\" content=\"Est. reading time\" \/>\n\t<meta name=\"twitter:data1\" content=\"2 minutes\" \/>\n<script type=\"application\/ld+json\" class=\"yoast-schema-graph\">{\"@context\":\"https:\\\/\\\/schema.org\",\"@graph\":[{\"@type\":\"WebPage\",\"@id\":\"https:\\\/\\\/www.talidesign.eu\\\/et\\\/pood\\\/toode\\\/umbra-tesora-ehtelaegas-natural-brass\\\/\",\"url\":\"https:\\\/\\\/www.talidesign.eu\\\/et\\\/pood\\\/toode\\\/umbra-tesora-ehtelaegas-natural-brass\\\/\",\"name\":\"Umbra Tesora ehtelaegas Natural Brass - TALI Concept Store\",\"isPartOf\":{\"@id\":\"https:\\\/\\\/www.talidesign.eu\\\/et\\\/#website\"},\"primaryImageOfPage\":{\"@id\":\"https:\\\/\\\/www.talidesign.eu\\\/et\\\/pood\\\/toode\\\/umbra-tesora-ehtelaegas-natural-brass\\\/#primaryimage\"},\"image\":{\"@id\":\"https:\\\/\\\/www.talidesign.eu\\\/et\\\/pood\\\/toode\\\/umbra-tesora-ehtelaegas-natural-brass\\\/#primaryimage\"},\"thumbnailUrl\":\"https:\\\/\\\/www.talidesign.eu\\\/wp\\\/wp-content\\\/uploads\\\/2024\\\/11\\\/kt4lnkhnkslcezteibwg-Photoroom-1.jpg\",\"datePublished\":\"2024-11-20T09:11:54+00:00\",\"dateModified\":\"2026-03-31T11:25:52+00:00\",\"description\":\"Tesora ehtelaegas Natural Brass - elegantne ja mitmek\u00fclgne lahendus sinu ehtekollektsiooni korrastamiseks. Kaasaegne disain, kroomitud metallkaas ja kompaktne suurus.\",\"breadcrumb\":{\"@id\":\"https:\\\/\\\/www.talidesign.eu\\\/et\\\/pood\\\/toode\\\/umbra-tesora-ehtelaegas-natural-brass\\\/#breadcrumb\"},\"inLanguage\":\"et\",\"potentialAction\":[{\"@type\":\"ReadAction\",\"target\":[\"https:\\\/\\\/www.talidesign.eu\\\/et\\\/pood\\\/toode\\\/umbra-tesora-ehtelaegas-natural-brass\\\/\"]}]},{\"@type\":\"ImageObject\",\"inLanguage\":\"et\",\"@id\":\"https:\\\/\\\/www.talidesign.eu\\\/et\\\/pood\\\/toode\\\/umbra-tesora-ehtelaegas-natural-brass\\\/#primaryimage\",\"url\":\"https:\\\/\\\/www.talidesign.eu\\\/wp\\\/wp-content\\\/uploads\\\/2024\\\/11\\\/kt4lnkhnkslcezteibwg-Photoroom-1.jpg\",\"contentUrl\":\"https:\\\/\\\/www.talidesign.eu\\\/wp\\\/wp-content\\\/uploads\\\/2024\\\/11\\\/kt4lnkhnkslcezteibwg-Photoroom-1.jpg\",\"width\":1200,\"height\":1200},{\"@type\":\"BreadcrumbList\",\"@id\":\"https:\\\/\\\/www.talidesign.eu\\\/et\\\/pood\\\/toode\\\/umbra-tesora-ehtelaegas-natural-brass\\\/#breadcrumb\",\"itemListElement\":[{\"@type\":\"ListItem\",\"position\":1,\"name\":\"Avaleht\",\"item\":\"https:\\\/\\\/www.talidesign.eu\\\/et\\\/\"},{\"@type\":\"ListItem\",\"position\":2,\"name\":\"Pood\",\"item\":\"https:\\\/\\\/www.talidesign.eu\\\/et\\\/pood\\\/\"},{\"@type\":\"ListItem\",\"position\":3,\"name\":\"Umbra Tesora ehtelaegas Natural Brass\"}]},{\"@type\":\"WebSite\",\"@id\":\"https:\\\/\\\/www.talidesign.eu\\\/et\\\/#website\",\"url\":\"https:\\\/\\\/www.talidesign.eu\\\/et\\\/\",\"name\":\"TALI Concept Store\",\"description\":\"Suurim Disainipood Eestis\",\"potentialAction\":[{\"@type\":\"SearchAction\",\"target\":{\"@type\":\"EntryPoint\",\"urlTemplate\":\"https:\\\/\\\/www.talidesign.eu\\\/et\\\/?s={search_term_string}\"},\"query-input\":{\"@type\":\"PropertyValueSpecification\",\"valueRequired\":true,\"valueName\":\"search_term_string\"}}],\"inLanguage\":\"et\"}]}<\/script>\n<!-- \/ Yoast SEO plugin. -->","yoast_head_json":{"title":"Umbra Tesora ehtelaegas Natural Brass - TALI Concept Store","description":"Tesora ehtelaegas Natural Brass - elegantne ja mitmek\u00fclgne lahendus sinu ehtekollektsiooni korrastamiseks. Kaasaegne disain, kroomitud metallkaas ja kompaktne suurus.","robots":{"index":"index","follow":"follow","max-snippet":"max-snippet:-1","max-image-preview":"max-image-preview:large","max-video-preview":"max-video-preview:-1"},"canonical":"https:\/\/www.talidesign.eu\/et\/pood\/toode\/umbra-tesora-ehtelaegas-natural-brass\/","og_locale":"et_EE","og_type":"article","og_title":"Umbra Tesora ehtelaegas Natural Brass - TALI Concept Store","og_description":"Tesora ehtelaegas Natural Brass - elegantne ja mitmek\u00fclgne lahendus sinu ehtekollektsiooni korrastamiseks. Kaasaegne disain, kroomitud metallkaas ja kompaktne suurus.","og_url":"https:\/\/www.talidesign.eu\/et\/pood\/toode\/umbra-tesora-ehtelaegas-natural-brass\/","og_site_name":"TALI Concept Store","article_publisher":"https:\/\/www.facebook.com\/TaliDisain\/","article_modified_time":"2026-03-31T11:25:52+00:00","og_image":[{"width":1200,"height":1200,"url":"https:\/\/www.talidesign.eu\/wp\/wp-content\/uploads\/2024\/11\/kt4lnkhnkslcezteibwg-Photoroom-1.jpg","type":"image\/jpeg"}],"twitter_card":"summary_large_image","twitter_misc":{"Est. reading time":"2 minutes"},"schema":{"@context":"https:\/\/schema.org","@graph":[{"@type":"WebPage","@id":"https:\/\/www.talidesign.eu\/et\/pood\/toode\/umbra-tesora-ehtelaegas-natural-brass\/","url":"https:\/\/www.talidesign.eu\/et\/pood\/toode\/umbra-tesora-ehtelaegas-natural-brass\/","name":"Umbra Tesora ehtelaegas Natural Brass - TALI Concept Store","isPartOf":{"@id":"https:\/\/www.talidesign.eu\/et\/#website"},"primaryImageOfPage":{"@id":"https:\/\/www.talidesign.eu\/et\/pood\/toode\/umbra-tesora-ehtelaegas-natural-brass\/#primaryimage"},"image":{"@id":"https:\/\/www.talidesign.eu\/et\/pood\/toode\/umbra-tesora-ehtelaegas-natural-brass\/#primaryimage"},"thumbnailUrl":"https:\/\/www.talidesign.eu\/wp\/wp-content\/uploads\/2024\/11\/kt4lnkhnkslcezteibwg-Photoroom-1.jpg","datePublished":"2024-11-20T09:11:54+00:00","dateModified":"2026-03-31T11:25:52+00:00","description":"Tesora ehtelaegas Natural Brass - elegantne ja mitmek\u00fclgne lahendus sinu ehtekollektsiooni korrastamiseks. Kaasaegne disain, kroomitud metallkaas ja kompaktne suurus.","breadcrumb":{"@id":"https:\/\/www.talidesign.eu\/et\/pood\/toode\/umbra-tesora-ehtelaegas-natural-brass\/#breadcrumb"},"inLanguage":"et","potentialAction":[{"@type":"ReadAction","target":["https:\/\/www.talidesign.eu\/et\/pood\/toode\/umbra-tesora-ehtelaegas-natural-brass\/"]}]},{"@type":"ImageObject","inLanguage":"et","@id":"https:\/\/www.talidesign.eu\/et\/pood\/toode\/umbra-tesora-ehtelaegas-natural-brass\/#primaryimage","url":"https:\/\/www.talidesign.eu\/wp\/wp-content\/uploads\/2024\/11\/kt4lnkhnkslcezteibwg-Photoroom-1.jpg","contentUrl":"https:\/\/www.talidesign.eu\/wp\/wp-content\/uploads\/2024\/11\/kt4lnkhnkslcezteibwg-Photoroom-1.jpg","width":1200,"height":1200},{"@type":"BreadcrumbList","@id":"https:\/\/www.talidesign.eu\/et\/pood\/toode\/umbra-tesora-ehtelaegas-natural-brass\/#breadcrumb","itemListElement":[{"@type":"ListItem","position":1,"name":"Avaleht","item":"https:\/\/www.talidesign.eu\/et\/"},{"@type":"ListItem","position":2,"name":"Pood","item":"https:\/\/www.talidesign.eu\/et\/pood\/"},{"@type":"ListItem","position":3,"name":"Umbra Tesora ehtelaegas Natural Brass"}]},{"@type":"WebSite","@id":"https:\/\/www.talidesign.eu\/et\/#website","url":"https:\/\/www.talidesign.eu\/et\/","name":"TALI Concept Store","description":"Suurim Disainipood Eestis","potentialAction":[{"@type":"SearchAction","target":{"@type":"EntryPoint","urlTemplate":"https:\/\/www.talidesign.eu\/et\/?s={search_term_string}"},"query-input":{"@type":"PropertyValueSpecification","valueRequired":true,"valueName":"search_term_string"}}],"inLanguage":"et"}]}},"_links":{"self":[{"href":"https:\/\/www.talidesign.eu\/et\/wp-json\/wp\/v2\/product\/94925","targetHints":{"allow":["GET"]}}],"collection":[{"href":"https:\/\/www.talidesign.eu\/et\/wp-json\/wp\/v2\/product"}],"about":[{"href":"https:\/\/www.talidesign.eu\/et\/wp-json\/wp\/v2\/types\/product"}],"wp:featuredmedia":[{"embeddable":true,"href":"https:\/\/www.talidesign.eu\/et\/wp-json\/wp\/v2\/media\/94927"}],"wp:attachment":[{"href":"https:\/\/www.talidesign.eu\/et\/wp-json\/wp\/v2\/media?parent=94925"}],"wp:term":[{"taxonomy":"product_brand","embeddable":true,"href":"https:\/\/www.talidesign.eu\/et\/wp-json\/wp\/v2\/product_brand?post=94925"},{"taxonomy":"product_cat","embeddable":true,"href":"https:\/\/www.talidesign.eu\/et\/wp-json\/wp\/v2\/product_cat?post=94925"},{"taxonomy":"product_tag","embeddable":true,"href":"https:\/\/www.talidesign.eu\/et\/wp-json\/wp\/v2\/product_tag?post=94925"}],"curies":[{"name":"wp","href":"https:\/\/api.w.org\/{rel}","templated":true}]}}