{"id":94960,"date":"2024-11-20T11:40:21","date_gmt":"2024-11-20T09:40:21","guid":{"rendered":"https:\/\/www.talidesign.eu\/?post_type=product&#038;p=94960"},"modified":"2026-04-17T12:29:46","modified_gmt":"2026-04-17T09:29:46","slug":"umbra-buddy-2-konks-ustele-valge","status":"publish","type":"product","link":"https:\/\/www.talidesign.eu\/et\/pood\/toode\/umbra-buddy-2-konks-ustele-valge\/","title":{"rendered":"Umbra Buddy 2 konks ustele Valge"},"content":{"rendered":"<p><strong>Buddy 2 konks ustele Valge<\/strong><\/p>\n<p>Umbra toob populaarse Buddy tegelaskuju seekord m\u00e4ngleva ja liikumises oleva uksekonksuna. See praktiline ja dekoratiivne ese sobib suurep\u00e4raselt m\u00fctside, sallide, mantlite ja kottide hoiustamiseks. Buddy konks sobib ustele, mille paksus on kuni 4 cm, ja m\u00f5\u00f5tmed on 22 x 11 x 30 cm. Musta v\u00f5i valge mati viimistlusega konks lisab ruumile m\u00e4ngulise n\u00fcansi ja hoiab igap\u00e4evaselt vajalikud esemed k\u00e4ep\u00e4rast. Valmistatud taaskasutatud plastikust ning viimistletud keskkonnas\u00f5bralikul meetodil, mis v\u00e4hendab vee- ja j\u00e4\u00e4tmekulu 85% v\u00f5rreldes traditsiooniliste meetoditega.<\/p>\n<ul>\n<li><strong>Ruumi S\u00e4\u00e4stev Disain<\/strong><br \/>\nKasutab ruumi maksimaalselt, pakkudes h\u00f5lpsalt ligip\u00e4\u00e4setavat hoiustamislahendust.<\/li>\n<li><strong>M\u00e4nguline Umbra klassika<\/strong><br \/>\nKujunduses kasutatakse Buddy tegelaskuju, lisades kodusse l\u00f5busa ja pilkup\u00fc\u00fcdva eseme.<\/li>\n<li><strong>Vastupidav ja tugev<\/strong><br \/>\nIga konks toetab kuni 2,27 kg, ideaalne mantlite, r\u00e4tikute, sallide v\u00f5i kottide jaoks.<\/li>\n<li><strong>Lihtne paigaldada<\/strong><br \/>\nKomplektis on k\u00f5ik vajalikud kinnitusvahendid, sobib ustele paksusega kuni 4 cm.<\/li>\n<\/ul>\n<p>\u2022 Materjalid: Taaskasutatud plastik, keskkonnas\u00f5bralik viimistlus<br \/>\n\u2022 M\u00f5\u00f5dud: 22 x 11 x 30 cm<br \/>\n\u2022 <a href=\"\/et\/tootekategooria\/brandid\/umbra-et\/\">Br\u00e4nd Umbra<\/a><\/p>\n<p><strong>Meist<\/strong><\/p>\n<p>1979. aastal alguse saanud \u00fche lihtsa aknakardinaga s\u00fcndis Umbra kirest originaalse disaini ja taskukohase, kaasaegse stiili vastu. Kaasasutajad Les Mandelbaum ja Paul Rowan n\u00e4gid vajadust luua loomingulisi ja soodsaid tooteid, mis sobiksid igasse koju.<\/p>\n<p>T\u00e4naseks on Torontos, Kanadas asuv Umbra kasvanud rahvusvaheliseks disainiliidriks, tegutsedes enam kui 120 riigis ja omades esindusi Euroopas, P\u00f5hja- ja L\u00f5una-Ameerikas ning Aasias. Innovatsioonist kantuna toob meie rahvusvaheline disainitiim igap\u00e4evaesemetesse v\u00e4rsket loomingulisust ja uusi ideid, seades kaasaegsele disainile uusi standardeid.<\/p>\n<p><a href=\"\/et\/tootekategooria\/brandid\/umbra-et\/\"><img loading=\"lazy\" decoding=\"async\" class=\"alignnone size-full wp-image-93263\" src=\"https:\/\/www.talidesign.eu\/wp\/wp-content\/uploads\/2024\/10\/umbralogo-1.jpg\" alt=\"\" width=\"500\" height=\"100\" \/><\/a><\/p>\n","protected":false},"excerpt":{"rendered":"<p><strong>Buddy 2 konks ustele Valge<\/strong><\/p>\n<p>Umbra toob populaarse Buddy tegelaskuju seekord m\u00e4ngleva ja liikumises oleva uksekonksuna. See praktiline ja dekoratiivne ese sobib suurep\u00e4raselt m\u00fctside, sallide, mantlite ja kottide hoiustamiseks. Buddy konks sobib ustele, mille paksus on kuni 4 cm, ja m\u00f5\u00f5tmed on 22 x 11 x 30 cm. Musta v\u00f5i valge mati viimistlusega konks lisab ruumile m\u00e4ngulise n\u00fcansi ja hoiab igap\u00e4evaselt vajalikud esemed k\u00e4ep\u00e4rast. Valmistatud taaskasutatud plastikust ning viimistletud keskkonnas\u00f5bralikul meetodil, mis v\u00e4hendab vee- ja j\u00e4\u00e4tmekulu 85% v\u00f5rreldes traditsiooniliste meetoditega.<\/p>\n<ul>\n<li><strong>Ruumi S\u00e4\u00e4stev Disain<\/strong><br \/>\nKasutab ruumi maksimaalselt, pakkudes h\u00f5lpsalt ligip\u00e4\u00e4setavat hoiustamislahendust.<\/li>\n<li><strong>M\u00e4nguline Umbra klassika<\/strong><br \/>\nKujunduses kasutatakse Buddy tegelaskuju, lisades kodusse l\u00f5busa ja pilkup\u00fc\u00fcdva eseme.<\/li>\n<li><strong>Vastupidav ja tugev<\/strong><br \/>\nIga konks toetab kuni 2,27 kg, ideaalne mantlite, r\u00e4tikute, sallide v\u00f5i kottide jaoks.<\/li>\n<li><strong>Lihtne paigaldada<\/strong><br \/>\nKomplektis on k\u00f5ik vajalikud kinnitusvahendid, sobib ustele paksusega kuni 4 cm.<\/li>\n<\/ul>\n<p>\u2022 Materjalid: Taaskasutatud plastik, keskkonnas\u00f5bralik viimistlus<br \/>\n\u2022 M\u00f5\u00f5dud: 22 x 11 x 30 cm<br \/>\n\u2022 <a href=\"\/et\/tootekategooria\/brandid\/umbra-et\/\">Br\u00e4nd Umbra<\/a><\/p>\n<p><strong>Meist<\/strong><\/p>\n<p>1979. aastal alguse saanud \u00fche lihtsa aknakardinaga s\u00fcndis Umbra kirest originaalse disaini ja taskukohase, kaasaegse stiili vastu. Kaasasutajad Les Mandelbaum ja Paul Rowan n\u00e4gid vajadust luua loomingulisi ja soodsaid tooteid, mis sobiksid igasse koju.<\/p>\n<p>T\u00e4naseks on Torontos, Kanadas asuv Umbra kasvanud rahvusvaheliseks disainiliidriks, tegutsedes enam kui 120 riigis ja omades esindusi Euroopas, P\u00f5hja- ja L\u00f5una-Ameerikas ning Aasias. Innovatsioonist kantuna toob meie rahvusvaheline disainitiim igap\u00e4evaesemetesse v\u00e4rsket loomingulisust ja uusi ideid, seades kaasaegsele disainile uusi standardeid.<\/p>\n<p><a href=\"\/et\/tootekategooria\/brandid\/umbra-et\/\"><img loading=\"lazy\" decoding=\"async\" class=\"alignnone size-full wp-image-93263\" src=\"https:\/\/www.talidesign.eu\/wp\/wp-content\/uploads\/2024\/10\/umbralogo-1.jpg\" alt=\"\" width=\"500\" height=\"100\" \/><\/a><\/p>\n","protected":false},"featured_media":94974,"template":"","meta":[],"product_brand":[],"product_cat":[1026,1105,1031,1018,1106,1030,1101,3350,1100],"product_tag":[3356],"class_list":{"0":"post-94960","1":"product","2":"type-product","3":"status-publish","4":"has-post-thumbnail","6":"product_cat-brandid","7":"product_cat-esik","8":"product_cat-hoiustamine","9":"product_cat-kodu","10":"product_cat-konksud-nagid","11":"product_cat-kook","12":"product_cat-magamis-ja-elutuba","13":"product_cat-umbra-et","14":"product_cat-vannituba","15":"product_tag-umbra-et","17":"first","18":"instock","19":"taxable","20":"shipping-taxable","21":"purchasable","22":"product-type-simple"},"yoast_head":"<!-- This site is optimized with the Yoast SEO plugin v27.4 - https:\/\/yoast.com\/product\/yoast-seo-wordpress\/ -->\n<title>Umbra Buddy 2 konks ustele Valge - TALI Concept Store<\/title>\n<meta name=\"description\" content=\"Umbra Buddy 2 konks ustele Valge - praktiline ja dekoratiivne ese, mis sobib suurep\u00e4raselt m\u00fctside, sallide, mantlite ja kottide hoiustamiseks. Lisab ruumile m\u00e4ngulise n\u00fcansi.\" \/>\n<meta name=\"robots\" content=\"index, follow, max-snippet:-1, max-image-preview:large, max-video-preview:-1\" \/>\n<link rel=\"canonical\" href=\"https:\/\/www.talidesign.eu\/et\/pood\/toode\/umbra-buddy-2-konks-ustele-valge\/\" \/>\n<meta property=\"og:locale\" content=\"et_EE\" \/>\n<meta property=\"og:type\" content=\"article\" \/>\n<meta property=\"og:title\" content=\"Umbra Buddy 2 konks ustele Valge - TALI Concept Store\" \/>\n<meta property=\"og:description\" content=\"Umbra Buddy 2 konks ustele Valge - praktiline ja dekoratiivne ese, mis sobib suurep\u00e4raselt m\u00fctside, sallide, mantlite ja kottide hoiustamiseks. Lisab ruumile m\u00e4ngulise n\u00fcansi.\" \/>\n<meta property=\"og:url\" content=\"https:\/\/www.talidesign.eu\/et\/pood\/toode\/umbra-buddy-2-konks-ustele-valge\/\" \/>\n<meta property=\"og:site_name\" content=\"TALI Concept Store\" \/>\n<meta property=\"article:publisher\" content=\"https:\/\/www.facebook.com\/TaliDisain\/\" \/>\n<meta property=\"article:modified_time\" content=\"2026-04-17T09:29:46+00:00\" \/>\n<meta property=\"og:image\" content=\"https:\/\/www.talidesign.eu\/wp\/wp-content\/uploads\/2024\/11\/awdnaempertpa6zztpow.webp\" \/>\n\t<meta property=\"og:image:width\" content=\"1214\" \/>\n\t<meta property=\"og:image:height\" content=\"1214\" \/>\n\t<meta property=\"og:image:type\" content=\"image\/webp\" \/>\n<meta name=\"twitter:card\" content=\"summary_large_image\" \/>\n<meta name=\"twitter:label1\" content=\"Est. reading time\" \/>\n\t<meta name=\"twitter:data1\" content=\"2 minutes\" \/>\n<script type=\"application\/ld+json\" class=\"yoast-schema-graph\">{\"@context\":\"https:\\\/\\\/schema.org\",\"@graph\":[{\"@type\":\"WebPage\",\"@id\":\"https:\\\/\\\/www.talidesign.eu\\\/et\\\/pood\\\/toode\\\/umbra-buddy-2-konks-ustele-valge\\\/\",\"url\":\"https:\\\/\\\/www.talidesign.eu\\\/et\\\/pood\\\/toode\\\/umbra-buddy-2-konks-ustele-valge\\\/\",\"name\":\"Umbra Buddy 2 konks ustele Valge - TALI Concept Store\",\"isPartOf\":{\"@id\":\"https:\\\/\\\/www.talidesign.eu\\\/et\\\/#website\"},\"primaryImageOfPage\":{\"@id\":\"https:\\\/\\\/www.talidesign.eu\\\/et\\\/pood\\\/toode\\\/umbra-buddy-2-konks-ustele-valge\\\/#primaryimage\"},\"image\":{\"@id\":\"https:\\\/\\\/www.talidesign.eu\\\/et\\\/pood\\\/toode\\\/umbra-buddy-2-konks-ustele-valge\\\/#primaryimage\"},\"thumbnailUrl\":\"https:\\\/\\\/www.talidesign.eu\\\/wp\\\/wp-content\\\/uploads\\\/2024\\\/11\\\/awdnaempertpa6zztpow.webp\",\"datePublished\":\"2024-11-20T09:40:21+00:00\",\"dateModified\":\"2026-04-17T09:29:46+00:00\",\"description\":\"Umbra Buddy 2 konks ustele Valge - praktiline ja dekoratiivne ese, mis sobib suurep\u00e4raselt m\u00fctside, sallide, mantlite ja kottide hoiustamiseks. Lisab ruumile m\u00e4ngulise n\u00fcansi.\",\"breadcrumb\":{\"@id\":\"https:\\\/\\\/www.talidesign.eu\\\/et\\\/pood\\\/toode\\\/umbra-buddy-2-konks-ustele-valge\\\/#breadcrumb\"},\"inLanguage\":\"et\",\"potentialAction\":[{\"@type\":\"ReadAction\",\"target\":[\"https:\\\/\\\/www.talidesign.eu\\\/et\\\/pood\\\/toode\\\/umbra-buddy-2-konks-ustele-valge\\\/\"]}]},{\"@type\":\"ImageObject\",\"inLanguage\":\"et\",\"@id\":\"https:\\\/\\\/www.talidesign.eu\\\/et\\\/pood\\\/toode\\\/umbra-buddy-2-konks-ustele-valge\\\/#primaryimage\",\"url\":\"https:\\\/\\\/www.talidesign.eu\\\/wp\\\/wp-content\\\/uploads\\\/2024\\\/11\\\/awdnaempertpa6zztpow.webp\",\"contentUrl\":\"https:\\\/\\\/www.talidesign.eu\\\/wp\\\/wp-content\\\/uploads\\\/2024\\\/11\\\/awdnaempertpa6zztpow.webp\",\"width\":1214,\"height\":1214},{\"@type\":\"BreadcrumbList\",\"@id\":\"https:\\\/\\\/www.talidesign.eu\\\/et\\\/pood\\\/toode\\\/umbra-buddy-2-konks-ustele-valge\\\/#breadcrumb\",\"itemListElement\":[{\"@type\":\"ListItem\",\"position\":1,\"name\":\"Avaleht\",\"item\":\"https:\\\/\\\/www.talidesign.eu\\\/et\\\/\"},{\"@type\":\"ListItem\",\"position\":2,\"name\":\"Pood\",\"item\":\"https:\\\/\\\/www.talidesign.eu\\\/et\\\/pood\\\/\"},{\"@type\":\"ListItem\",\"position\":3,\"name\":\"Umbra Buddy 2 konks ustele Valge\"}]},{\"@type\":\"WebSite\",\"@id\":\"https:\\\/\\\/www.talidesign.eu\\\/et\\\/#website\",\"url\":\"https:\\\/\\\/www.talidesign.eu\\\/et\\\/\",\"name\":\"TALI Concept Store\",\"description\":\"Suurim Disainipood Eestis\",\"potentialAction\":[{\"@type\":\"SearchAction\",\"target\":{\"@type\":\"EntryPoint\",\"urlTemplate\":\"https:\\\/\\\/www.talidesign.eu\\\/et\\\/?s={search_term_string}\"},\"query-input\":{\"@type\":\"PropertyValueSpecification\",\"valueRequired\":true,\"valueName\":\"search_term_string\"}}],\"inLanguage\":\"et\"}]}<\/script>\n<!-- \/ Yoast SEO plugin. -->","yoast_head_json":{"title":"Umbra Buddy 2 konks ustele Valge - TALI Concept Store","description":"Umbra Buddy 2 konks ustele Valge - praktiline ja dekoratiivne ese, mis sobib suurep\u00e4raselt m\u00fctside, sallide, mantlite ja kottide hoiustamiseks. Lisab ruumile m\u00e4ngulise n\u00fcansi.","robots":{"index":"index","follow":"follow","max-snippet":"max-snippet:-1","max-image-preview":"max-image-preview:large","max-video-preview":"max-video-preview:-1"},"canonical":"https:\/\/www.talidesign.eu\/et\/pood\/toode\/umbra-buddy-2-konks-ustele-valge\/","og_locale":"et_EE","og_type":"article","og_title":"Umbra Buddy 2 konks ustele Valge - TALI Concept Store","og_description":"Umbra Buddy 2 konks ustele Valge - praktiline ja dekoratiivne ese, mis sobib suurep\u00e4raselt m\u00fctside, sallide, mantlite ja kottide hoiustamiseks. Lisab ruumile m\u00e4ngulise n\u00fcansi.","og_url":"https:\/\/www.talidesign.eu\/et\/pood\/toode\/umbra-buddy-2-konks-ustele-valge\/","og_site_name":"TALI Concept Store","article_publisher":"https:\/\/www.facebook.com\/TaliDisain\/","article_modified_time":"2026-04-17T09:29:46+00:00","og_image":[{"width":1214,"height":1214,"url":"https:\/\/www.talidesign.eu\/wp\/wp-content\/uploads\/2024\/11\/awdnaempertpa6zztpow.webp","type":"image\/webp"}],"twitter_card":"summary_large_image","twitter_misc":{"Est. reading time":"2 minutes"},"schema":{"@context":"https:\/\/schema.org","@graph":[{"@type":"WebPage","@id":"https:\/\/www.talidesign.eu\/et\/pood\/toode\/umbra-buddy-2-konks-ustele-valge\/","url":"https:\/\/www.talidesign.eu\/et\/pood\/toode\/umbra-buddy-2-konks-ustele-valge\/","name":"Umbra Buddy 2 konks ustele Valge - TALI Concept Store","isPartOf":{"@id":"https:\/\/www.talidesign.eu\/et\/#website"},"primaryImageOfPage":{"@id":"https:\/\/www.talidesign.eu\/et\/pood\/toode\/umbra-buddy-2-konks-ustele-valge\/#primaryimage"},"image":{"@id":"https:\/\/www.talidesign.eu\/et\/pood\/toode\/umbra-buddy-2-konks-ustele-valge\/#primaryimage"},"thumbnailUrl":"https:\/\/www.talidesign.eu\/wp\/wp-content\/uploads\/2024\/11\/awdnaempertpa6zztpow.webp","datePublished":"2024-11-20T09:40:21+00:00","dateModified":"2026-04-17T09:29:46+00:00","description":"Umbra Buddy 2 konks ustele Valge - praktiline ja dekoratiivne ese, mis sobib suurep\u00e4raselt m\u00fctside, sallide, mantlite ja kottide hoiustamiseks. Lisab ruumile m\u00e4ngulise n\u00fcansi.","breadcrumb":{"@id":"https:\/\/www.talidesign.eu\/et\/pood\/toode\/umbra-buddy-2-konks-ustele-valge\/#breadcrumb"},"inLanguage":"et","potentialAction":[{"@type":"ReadAction","target":["https:\/\/www.talidesign.eu\/et\/pood\/toode\/umbra-buddy-2-konks-ustele-valge\/"]}]},{"@type":"ImageObject","inLanguage":"et","@id":"https:\/\/www.talidesign.eu\/et\/pood\/toode\/umbra-buddy-2-konks-ustele-valge\/#primaryimage","url":"https:\/\/www.talidesign.eu\/wp\/wp-content\/uploads\/2024\/11\/awdnaempertpa6zztpow.webp","contentUrl":"https:\/\/www.talidesign.eu\/wp\/wp-content\/uploads\/2024\/11\/awdnaempertpa6zztpow.webp","width":1214,"height":1214},{"@type":"BreadcrumbList","@id":"https:\/\/www.talidesign.eu\/et\/pood\/toode\/umbra-buddy-2-konks-ustele-valge\/#breadcrumb","itemListElement":[{"@type":"ListItem","position":1,"name":"Avaleht","item":"https:\/\/www.talidesign.eu\/et\/"},{"@type":"ListItem","position":2,"name":"Pood","item":"https:\/\/www.talidesign.eu\/et\/pood\/"},{"@type":"ListItem","position":3,"name":"Umbra Buddy 2 konks ustele Valge"}]},{"@type":"WebSite","@id":"https:\/\/www.talidesign.eu\/et\/#website","url":"https:\/\/www.talidesign.eu\/et\/","name":"TALI Concept Store","description":"Suurim Disainipood Eestis","potentialAction":[{"@type":"SearchAction","target":{"@type":"EntryPoint","urlTemplate":"https:\/\/www.talidesign.eu\/et\/?s={search_term_string}"},"query-input":{"@type":"PropertyValueSpecification","valueRequired":true,"valueName":"search_term_string"}}],"inLanguage":"et"}]}},"_links":{"self":[{"href":"https:\/\/www.talidesign.eu\/et\/wp-json\/wp\/v2\/product\/94960","targetHints":{"allow":["GET"]}}],"collection":[{"href":"https:\/\/www.talidesign.eu\/et\/wp-json\/wp\/v2\/product"}],"about":[{"href":"https:\/\/www.talidesign.eu\/et\/wp-json\/wp\/v2\/types\/product"}],"wp:featuredmedia":[{"embeddable":true,"href":"https:\/\/www.talidesign.eu\/et\/wp-json\/wp\/v2\/media\/94974"}],"wp:attachment":[{"href":"https:\/\/www.talidesign.eu\/et\/wp-json\/wp\/v2\/media?parent=94960"}],"wp:term":[{"taxonomy":"product_brand","embeddable":true,"href":"https:\/\/www.talidesign.eu\/et\/wp-json\/wp\/v2\/product_brand?post=94960"},{"taxonomy":"product_cat","embeddable":true,"href":"https:\/\/www.talidesign.eu\/et\/wp-json\/wp\/v2\/product_cat?post=94960"},{"taxonomy":"product_tag","embeddable":true,"href":"https:\/\/www.talidesign.eu\/et\/wp-json\/wp\/v2\/product_tag?post=94960"}],"curies":[{"name":"wp","href":"https:\/\/api.w.org\/{rel}","templated":true}]}}