{"id":94997,"date":"2024-12-04T12:43:54","date_gmt":"2024-11-20T10:43:55","guid":{"rendered":"https:\/\/www.talidesign.eu\/?post_type=product&#038;p=94997"},"modified":"2026-03-13T16:09:58","modified_gmt":"2026-03-13T14:09:58","slug":"umbra-picket-seinanagi-natural","status":"publish","type":"product","link":"https:\/\/www.talidesign.eu\/et\/pood\/toode\/umbra-picket-seinanagi-natural\/","title":{"rendered":"Umbra Picket seinanagi Natural"},"content":{"rendered":"<p><strong>Picket seinanagi Natural<\/strong><\/p>\n<p>T\u00e4ienda oma kodu Umbra Picket seinanagiga, kus kunst kohtub praktilisusega. Kaunilt faasitud m\u00e4nnipuidust valmistatud Picket on rohkem kui lihtsalt hoiulahendus \u2013 see on ka dekoratiivne detail. Picketil on viis alla klapitavat konksu, mis toetavad kuni2,27 kg ja pakuvad stiilset hoiuruumi mantlitele, kottidele v\u00f5i ehetele. Kui konksud on \u00fcles klapitud, s\u00e4ilitab Picket minimalistliku ja \u00fchtlase ilme, sobides h\u00e4sti esikusse, magamistuppa v\u00f5i ruumi, kus vajatakse stiilset organiseeritust. Kasutades mitu Picket nagi, saad luua silmapaistva kompositsiooni, mis t\u00e4iustab sisekujundust ja suurendab hoiuruumi. Paigaldamine on lihtne ja sisaldab kogu vajalikku kinnitusmaterjali. Iga Picket on ainulaadne, t\u00e4nu puidu kordumatule tekstuurile.<\/p>\n<ul>\n<li><strong>Seinale paigaldatav hoiulahendus<\/strong><br \/>\nHoiab kodu korras viie tugeva alla klapitava konksuga, mis toetavad kuni 2,27 kg, pakkudes mugavat organiseeritust.<\/li>\n<li><strong>Funktsionaalne sisekujunduselement<\/strong><br \/>\nPicketi orgaaniline kuju ja kaunilt faasitud m\u00e4nnipuidust pulgad loovad kunstilise mulje ka siis, kui nagi ei ole kasutuses \u2013 pilkup\u00fc\u00fcdev lisand igasse ruumi.<\/li>\n<li><strong>Valmistatud ehtsast puidust<\/strong><br \/>\nKaunis faasitud m\u00e4nnipuit lisab kodu sisekujundusse soojust ja naturaalsust.<\/li>\n<li><strong>Lihtne paigaldada<\/strong><br \/>\nKomplektis on kogu vajalik kinnitusmaterjal kiireks ja lihtsaks paigaldamiseks. <\/li>\n<\/ul>\n<p>\u2022 M\u00f5\u00f5dud: 38 x 17 x 4 cm.<br \/>\n\u2022 Faasitud m\u00e4nnipuit \u2013 lisab naturaalsust ja kordumatut tekstuuri<br \/>\n\u2022 <a href=\"\/et\/tootekategooria\/brandid\/umbra-et\/\">Br\u00e4nd Umbra<\/a><\/p>\n<p><strong>Meist<\/strong><\/p>\n<p>1979. aastal alguse saanud \u00fche lihtsa aknakardinaga s\u00fcndis Umbra kirest originaalse disaini ja taskukohase, kaasaegse stiili vastu. Kaasasutajad Les Mandelbaum ja Paul Rowan n\u00e4gid vajadust luua loomingulisi ja soodsaid tooteid, mis sobiksid igasse koju.<\/p>\n<p>T\u00e4naseks on Torontos, Kanadas asuv Umbra kasvanud rahvusvaheliseks disainiliidriks, tegutsedes enam kui 120 riigis ja omades esindusi Euroopas, P\u00f5hja- ja L\u00f5una-Ameerikas ning Aasias. Innovatsioonist kantuna toob meie rahvusvaheline disainitiim igap\u00e4evaesemetesse v\u00e4rsket loomingulisust ja uusi ideid, seades kaasaegsele disainile uusi standardeid.<\/p>\n<p><a href=\"\/et\/tootekategooria\/brandid\/umbra-et\/\"><img loading=\"lazy\" decoding=\"async\" src=\"https:\/\/www.talidesign.eu\/wp\/wp-content\/uploads\/2024\/10\/umbralogo-1.jpg\" alt=\"\" width=\"500\" height=\"100\" class=\"alignnone size-full wp-image-93263\" \/><\/a><\/p>\n","protected":false},"excerpt":{"rendered":"<p><strong>Picket seinanagi Natural<\/strong><\/p>\n<p>T\u00e4ienda oma kodu Umbra Picket seinanagiga, kus kunst kohtub praktilisusega. Kaunilt faasitud m\u00e4nnipuidust valmistatud Picket on rohkem kui lihtsalt hoiulahendus \u2013 see on ka dekoratiivne detail. Picketil on viis alla klapitavat konksu, mis toetavad kuni2,27 kg ja pakuvad stiilset hoiuruumi mantlitele, kottidele v\u00f5i ehetele. Kui konksud on \u00fcles klapitud, s\u00e4ilitab Picket minimalistliku ja \u00fchtlase ilme, sobides h\u00e4sti esikusse, magamistuppa v\u00f5i ruumi, kus vajatakse stiilset organiseeritust. Kasutades mitu Picket nagi, saad luua silmapaistva kompositsiooni, mis t\u00e4iustab sisekujundust ja suurendab hoiuruumi. Paigaldamine on lihtne ja sisaldab kogu vajalikku kinnitusmaterjali. Iga Picket on ainulaadne, t\u00e4nu puidu kordumatule tekstuurile.<\/p>\n<ul>\n<li><strong>Seinale paigaldatav hoiulahendus<\/strong><br \/>\nHoiab kodu korras viie tugeva alla klapitava konksuga, mis toetavad kuni 2,27 kg, pakkudes mugavat organiseeritust.<\/li>\n<li><strong>Funktsionaalne sisekujunduselement<\/strong><br \/>\nPicketi orgaaniline kuju ja kaunilt faasitud m\u00e4nnipuidust pulgad loovad kunstilise mulje ka siis, kui nagi ei ole kasutuses \u2013 pilkup\u00fc\u00fcdev lisand igasse ruumi.<\/li>\n<li><strong>Valmistatud ehtsast puidust<\/strong><br \/>\nKaunis faasitud m\u00e4nnipuit lisab kodu sisekujundusse soojust ja naturaalsust.<\/li>\n<li><strong>Lihtne paigaldada<\/strong><br \/>\nKomplektis on kogu vajalik kinnitusmaterjal kiireks ja lihtsaks paigaldamiseks. <\/li>\n<\/ul>\n<p>\u2022 M\u00f5\u00f5dud: 38 x 17 x 4 cm.<br \/>\n\u2022 Faasitud m\u00e4nnipuit \u2013 lisab naturaalsust ja kordumatut tekstuuri<br \/>\n\u2022 <a href=\"\/et\/tootekategooria\/brandid\/umbra-et\/\">Br\u00e4nd Umbra<\/a><\/p>\n<p><strong>Meist<\/strong><\/p>\n<p>1979. aastal alguse saanud \u00fche lihtsa aknakardinaga s\u00fcndis Umbra kirest originaalse disaini ja taskukohase, kaasaegse stiili vastu. Kaasasutajad Les Mandelbaum ja Paul Rowan n\u00e4gid vajadust luua loomingulisi ja soodsaid tooteid, mis sobiksid igasse koju.<\/p>\n<p>T\u00e4naseks on Torontos, Kanadas asuv Umbra kasvanud rahvusvaheliseks disainiliidriks, tegutsedes enam kui 120 riigis ja omades esindusi Euroopas, P\u00f5hja- ja L\u00f5una-Ameerikas ning Aasias. Innovatsioonist kantuna toob meie rahvusvaheline disainitiim igap\u00e4evaesemetesse v\u00e4rsket loomingulisust ja uusi ideid, seades kaasaegsele disainile uusi standardeid.<\/p>\n<p><a href=\"\/et\/tootekategooria\/brandid\/umbra-et\/\"><img loading=\"lazy\" decoding=\"async\" src=\"https:\/\/www.talidesign.eu\/wp\/wp-content\/uploads\/2024\/10\/umbralogo-1.jpg\" alt=\"\" width=\"500\" height=\"100\" class=\"alignnone size-full wp-image-93263\" \/><\/a><\/p>\n","protected":false},"featured_media":95021,"template":"","meta":[],"product_brand":[],"product_cat":[1026,1105,1031,1018,1106,1030,1101,3350,1100],"product_tag":[3356],"class_list":{"0":"post-94997","1":"product","2":"type-product","3":"status-publish","4":"has-post-thumbnail","6":"product_cat-brandid","7":"product_cat-esik","8":"product_cat-hoiustamine","9":"product_cat-kodu","10":"product_cat-konksud-nagid","11":"product_cat-kook","12":"product_cat-magamis-ja-elutuba","13":"product_cat-umbra-et","14":"product_cat-vannituba","15":"product_tag-umbra-et","17":"first","18":"instock","19":"taxable","20":"shipping-taxable","21":"purchasable","22":"product-type-simple"},"yoast_head":"<!-- This site is optimized with the Yoast SEO plugin v27.3 - https:\/\/yoast.com\/product\/yoast-seo-wordpress\/ -->\n<title>Umbra Picket seinanagi Natural - TALI Concept Store<\/title>\n<meta name=\"description\" content=\"T\u00e4ienda oma kodu kaunilt faasitud m\u00e4nnipuidust valmistatud Umbra Picket seinanagiga. See funktsionaalne sisekujunduselement pakub stiilset hoiuruumi ning lisab naturaalsust ja soojust. Lihtne paigaldada.\" \/>\n<meta name=\"robots\" content=\"index, follow, max-snippet:-1, max-image-preview:large, max-video-preview:-1\" \/>\n<link rel=\"canonical\" href=\"https:\/\/www.talidesign.eu\/et\/pood\/toode\/umbra-picket-seinanagi-natural\/\" \/>\n<meta property=\"og:locale\" content=\"et_EE\" \/>\n<meta property=\"og:type\" content=\"article\" \/>\n<meta property=\"og:title\" content=\"Umbra Picket seinanagi Natural - TALI Concept Store\" \/>\n<meta property=\"og:description\" content=\"T\u00e4ienda oma kodu kaunilt faasitud m\u00e4nnipuidust valmistatud Umbra Picket seinanagiga. See funktsionaalne sisekujunduselement pakub stiilset hoiuruumi ning lisab naturaalsust ja soojust. Lihtne paigaldada.\" \/>\n<meta property=\"og:url\" content=\"https:\/\/www.talidesign.eu\/et\/pood\/toode\/umbra-picket-seinanagi-natural\/\" \/>\n<meta property=\"og:site_name\" content=\"TALI Concept Store\" \/>\n<meta property=\"article:publisher\" content=\"https:\/\/www.facebook.com\/TaliDisain\/\" \/>\n<meta property=\"article:modified_time\" content=\"2026-03-13T14:09:58+00:00\" \/>\n<meta property=\"og:image\" content=\"https:\/\/www.talidesign.eu\/wp\/wp-content\/uploads\/2024\/11\/wlsz1oxa8iroflnpuqgs-Photoroom.jpg\" \/>\n\t<meta property=\"og:image:width\" content=\"1214\" \/>\n\t<meta property=\"og:image:height\" content=\"1214\" \/>\n\t<meta property=\"og:image:type\" content=\"image\/jpeg\" \/>\n<meta name=\"twitter:card\" content=\"summary_large_image\" \/>\n<meta name=\"twitter:label1\" content=\"Est. reading time\" \/>\n\t<meta name=\"twitter:data1\" content=\"2 minutes\" \/>\n<script type=\"application\/ld+json\" class=\"yoast-schema-graph\">{\"@context\":\"https:\\\/\\\/schema.org\",\"@graph\":[{\"@type\":\"WebPage\",\"@id\":\"https:\\\/\\\/www.talidesign.eu\\\/et\\\/pood\\\/toode\\\/umbra-picket-seinanagi-natural\\\/\",\"url\":\"https:\\\/\\\/www.talidesign.eu\\\/et\\\/pood\\\/toode\\\/umbra-picket-seinanagi-natural\\\/\",\"name\":\"Umbra Picket seinanagi Natural - TALI Concept Store\",\"isPartOf\":{\"@id\":\"https:\\\/\\\/www.talidesign.eu\\\/et\\\/#website\"},\"primaryImageOfPage\":{\"@id\":\"https:\\\/\\\/www.talidesign.eu\\\/et\\\/pood\\\/toode\\\/umbra-picket-seinanagi-natural\\\/#primaryimage\"},\"image\":{\"@id\":\"https:\\\/\\\/www.talidesign.eu\\\/et\\\/pood\\\/toode\\\/umbra-picket-seinanagi-natural\\\/#primaryimage\"},\"thumbnailUrl\":\"https:\\\/\\\/www.talidesign.eu\\\/wp\\\/wp-content\\\/uploads\\\/2024\\\/11\\\/wlsz1oxa8iroflnpuqgs-Photoroom.jpg\",\"datePublished\":\"2024-11-20T10:43:55+00:00\",\"dateModified\":\"2026-03-13T14:09:58+00:00\",\"description\":\"T\u00e4ienda oma kodu kaunilt faasitud m\u00e4nnipuidust valmistatud Umbra Picket seinanagiga. See funktsionaalne sisekujunduselement pakub stiilset hoiuruumi ning lisab naturaalsust ja soojust. Lihtne paigaldada.\",\"breadcrumb\":{\"@id\":\"https:\\\/\\\/www.talidesign.eu\\\/et\\\/pood\\\/toode\\\/umbra-picket-seinanagi-natural\\\/#breadcrumb\"},\"inLanguage\":\"et\",\"potentialAction\":[{\"@type\":\"ReadAction\",\"target\":[\"https:\\\/\\\/www.talidesign.eu\\\/et\\\/pood\\\/toode\\\/umbra-picket-seinanagi-natural\\\/\"]}]},{\"@type\":\"ImageObject\",\"inLanguage\":\"et\",\"@id\":\"https:\\\/\\\/www.talidesign.eu\\\/et\\\/pood\\\/toode\\\/umbra-picket-seinanagi-natural\\\/#primaryimage\",\"url\":\"https:\\\/\\\/www.talidesign.eu\\\/wp\\\/wp-content\\\/uploads\\\/2024\\\/11\\\/wlsz1oxa8iroflnpuqgs-Photoroom.jpg\",\"contentUrl\":\"https:\\\/\\\/www.talidesign.eu\\\/wp\\\/wp-content\\\/uploads\\\/2024\\\/11\\\/wlsz1oxa8iroflnpuqgs-Photoroom.jpg\",\"width\":1214,\"height\":1214},{\"@type\":\"BreadcrumbList\",\"@id\":\"https:\\\/\\\/www.talidesign.eu\\\/et\\\/pood\\\/toode\\\/umbra-picket-seinanagi-natural\\\/#breadcrumb\",\"itemListElement\":[{\"@type\":\"ListItem\",\"position\":1,\"name\":\"Avaleht\",\"item\":\"https:\\\/\\\/www.talidesign.eu\\\/et\\\/\"},{\"@type\":\"ListItem\",\"position\":2,\"name\":\"Pood\",\"item\":\"https:\\\/\\\/www.talidesign.eu\\\/et\\\/pood\\\/\"},{\"@type\":\"ListItem\",\"position\":3,\"name\":\"Umbra Picket seinanagi Natural\"}]},{\"@type\":\"WebSite\",\"@id\":\"https:\\\/\\\/www.talidesign.eu\\\/et\\\/#website\",\"url\":\"https:\\\/\\\/www.talidesign.eu\\\/et\\\/\",\"name\":\"TALI Concept Store\",\"description\":\"Suurim Disainipood Eestis\",\"potentialAction\":[{\"@type\":\"SearchAction\",\"target\":{\"@type\":\"EntryPoint\",\"urlTemplate\":\"https:\\\/\\\/www.talidesign.eu\\\/et\\\/?s={search_term_string}\"},\"query-input\":{\"@type\":\"PropertyValueSpecification\",\"valueRequired\":true,\"valueName\":\"search_term_string\"}}],\"inLanguage\":\"et\"}]}<\/script>\n<!-- \/ Yoast SEO plugin. -->","yoast_head_json":{"title":"Umbra Picket seinanagi Natural - TALI Concept Store","description":"T\u00e4ienda oma kodu kaunilt faasitud m\u00e4nnipuidust valmistatud Umbra Picket seinanagiga. See funktsionaalne sisekujunduselement pakub stiilset hoiuruumi ning lisab naturaalsust ja soojust. Lihtne paigaldada.","robots":{"index":"index","follow":"follow","max-snippet":"max-snippet:-1","max-image-preview":"max-image-preview:large","max-video-preview":"max-video-preview:-1"},"canonical":"https:\/\/www.talidesign.eu\/et\/pood\/toode\/umbra-picket-seinanagi-natural\/","og_locale":"et_EE","og_type":"article","og_title":"Umbra Picket seinanagi Natural - TALI Concept Store","og_description":"T\u00e4ienda oma kodu kaunilt faasitud m\u00e4nnipuidust valmistatud Umbra Picket seinanagiga. See funktsionaalne sisekujunduselement pakub stiilset hoiuruumi ning lisab naturaalsust ja soojust. Lihtne paigaldada.","og_url":"https:\/\/www.talidesign.eu\/et\/pood\/toode\/umbra-picket-seinanagi-natural\/","og_site_name":"TALI Concept Store","article_publisher":"https:\/\/www.facebook.com\/TaliDisain\/","article_modified_time":"2026-03-13T14:09:58+00:00","og_image":[{"width":1214,"height":1214,"url":"https:\/\/www.talidesign.eu\/wp\/wp-content\/uploads\/2024\/11\/wlsz1oxa8iroflnpuqgs-Photoroom.jpg","type":"image\/jpeg"}],"twitter_card":"summary_large_image","twitter_misc":{"Est. reading time":"2 minutes"},"schema":{"@context":"https:\/\/schema.org","@graph":[{"@type":"WebPage","@id":"https:\/\/www.talidesign.eu\/et\/pood\/toode\/umbra-picket-seinanagi-natural\/","url":"https:\/\/www.talidesign.eu\/et\/pood\/toode\/umbra-picket-seinanagi-natural\/","name":"Umbra Picket seinanagi Natural - TALI Concept Store","isPartOf":{"@id":"https:\/\/www.talidesign.eu\/et\/#website"},"primaryImageOfPage":{"@id":"https:\/\/www.talidesign.eu\/et\/pood\/toode\/umbra-picket-seinanagi-natural\/#primaryimage"},"image":{"@id":"https:\/\/www.talidesign.eu\/et\/pood\/toode\/umbra-picket-seinanagi-natural\/#primaryimage"},"thumbnailUrl":"https:\/\/www.talidesign.eu\/wp\/wp-content\/uploads\/2024\/11\/wlsz1oxa8iroflnpuqgs-Photoroom.jpg","datePublished":"2024-11-20T10:43:55+00:00","dateModified":"2026-03-13T14:09:58+00:00","description":"T\u00e4ienda oma kodu kaunilt faasitud m\u00e4nnipuidust valmistatud Umbra Picket seinanagiga. See funktsionaalne sisekujunduselement pakub stiilset hoiuruumi ning lisab naturaalsust ja soojust. Lihtne paigaldada.","breadcrumb":{"@id":"https:\/\/www.talidesign.eu\/et\/pood\/toode\/umbra-picket-seinanagi-natural\/#breadcrumb"},"inLanguage":"et","potentialAction":[{"@type":"ReadAction","target":["https:\/\/www.talidesign.eu\/et\/pood\/toode\/umbra-picket-seinanagi-natural\/"]}]},{"@type":"ImageObject","inLanguage":"et","@id":"https:\/\/www.talidesign.eu\/et\/pood\/toode\/umbra-picket-seinanagi-natural\/#primaryimage","url":"https:\/\/www.talidesign.eu\/wp\/wp-content\/uploads\/2024\/11\/wlsz1oxa8iroflnpuqgs-Photoroom.jpg","contentUrl":"https:\/\/www.talidesign.eu\/wp\/wp-content\/uploads\/2024\/11\/wlsz1oxa8iroflnpuqgs-Photoroom.jpg","width":1214,"height":1214},{"@type":"BreadcrumbList","@id":"https:\/\/www.talidesign.eu\/et\/pood\/toode\/umbra-picket-seinanagi-natural\/#breadcrumb","itemListElement":[{"@type":"ListItem","position":1,"name":"Avaleht","item":"https:\/\/www.talidesign.eu\/et\/"},{"@type":"ListItem","position":2,"name":"Pood","item":"https:\/\/www.talidesign.eu\/et\/pood\/"},{"@type":"ListItem","position":3,"name":"Umbra Picket seinanagi Natural"}]},{"@type":"WebSite","@id":"https:\/\/www.talidesign.eu\/et\/#website","url":"https:\/\/www.talidesign.eu\/et\/","name":"TALI Concept Store","description":"Suurim Disainipood Eestis","potentialAction":[{"@type":"SearchAction","target":{"@type":"EntryPoint","urlTemplate":"https:\/\/www.talidesign.eu\/et\/?s={search_term_string}"},"query-input":{"@type":"PropertyValueSpecification","valueRequired":true,"valueName":"search_term_string"}}],"inLanguage":"et"}]}},"_links":{"self":[{"href":"https:\/\/www.talidesign.eu\/et\/wp-json\/wp\/v2\/product\/94997","targetHints":{"allow":["GET"]}}],"collection":[{"href":"https:\/\/www.talidesign.eu\/et\/wp-json\/wp\/v2\/product"}],"about":[{"href":"https:\/\/www.talidesign.eu\/et\/wp-json\/wp\/v2\/types\/product"}],"wp:featuredmedia":[{"embeddable":true,"href":"https:\/\/www.talidesign.eu\/et\/wp-json\/wp\/v2\/media\/95021"}],"wp:attachment":[{"href":"https:\/\/www.talidesign.eu\/et\/wp-json\/wp\/v2\/media?parent=94997"}],"wp:term":[{"taxonomy":"product_brand","embeddable":true,"href":"https:\/\/www.talidesign.eu\/et\/wp-json\/wp\/v2\/product_brand?post=94997"},{"taxonomy":"product_cat","embeddable":true,"href":"https:\/\/www.talidesign.eu\/et\/wp-json\/wp\/v2\/product_cat?post=94997"},{"taxonomy":"product_tag","embeddable":true,"href":"https:\/\/www.talidesign.eu\/et\/wp-json\/wp\/v2\/product_tag?post=94997"}],"curies":[{"name":"wp","href":"https:\/\/api.w.org\/{rel}","templated":true}]}}