{"id":96144,"date":"2024-12-18T10:10:28","date_gmt":"2024-12-18T08:10:29","guid":{"rendered":"https:\/\/www.talidesign.eu\/?post_type=product&#038;p=96144"},"modified":"2025-09-08T16:12:14","modified_gmt":"2025-09-08T13:12:14","slug":"umbra-penguin-seebidosaator-nickel","status":"publish","type":"product","link":"https:\/\/www.talidesign.eu\/et\/pood\/toode\/umbra-penguin-seebidosaator-nickel\/","title":{"rendered":"Umbra Penguin seebidosaator Nickel"},"content":{"rendered":"<p><strong>Penguin seebidsoaator Nickel<\/strong><\/p>\n<p>See l\u00f5bus seebi- v\u00f5i kreemipump on ideaalne lisandus nii k\u00f6\u00f6ki kui ka vannituppa. 355 mL mahutavusega dosaatoril on kitsas vertikaalne aken, mis v\u00f5imaldab j\u00e4lgida, kui palju toodet on veel j\u00e4\u00e4nud. Oma nime v\u00e4\u00e4riline, meenutab see armas pump v\u00e4ikest pingviini ja on kaetud &#8220;pehme puudutuse&#8221; viimistlusega, mis teeb selle kasutamise lihtsaks nii lastele kui ka t\u00e4iskasvanutele.<\/p>\n<ul>\n<li><strong>Suur mahutavus<\/strong><br \/>\nPenguin Pump mahutab kuni 355 mL, mist\u00f5ttu tuleb seda harvemini t\u00e4ita.<\/li>\n<li><strong>Pehme viimistlus<\/strong><br \/>\nPenguin&#8217;i vastupidaval mati viimistlusega pumbal on pehme puudutus ja lai pumbapind, mis teeb seebi doseerimise lihtsaks.<\/li>\n<li><strong>Parim vedelseebiga<\/strong><br \/>\nPenguin t\u00f6\u00f6tab k\u00f5ige paremini vedelseebiga. Parima tulemuse saavutamiseks v\u00e4ltige k\u00e4te desinfitseerijate ja paksude geelide kasutamist.<\/li>\n<li><strong>Mitmek\u00fclgne pump<\/strong><br \/>\nSee l\u00f5bus seebi- v\u00f5i kreemipump sobib erinevatesse ruumidesse \u2013 alates k\u00f6\u00f6gist kuni vannitoani.<\/li>\n<\/ul>\n<p>\u2022 M\u00f5\u00f5tmed on 10 x 7 x 20 cm, 355 mL<br \/>\n\u2022 Valmistatud taaskasutatud plastikust.<br \/>\n\u2022 <a href=\"\/et\/tootekategooria\/brandid\/umbra-et\/\">Br\u00e4nd Umbra<\/a><\/p>\n<p><strong>Meist<\/strong><\/p>\n<p>1979. aastal alguse saanud \u00fche lihtsa aknakardinaga s\u00fcndis Umbra kirest originaalse disaini ja taskukohase, kaasaegse stiili vastu. Kaasasutajad Les Mandelbaum ja Paul Rowan n\u00e4gid vajadust luua loomingulisi ja soodsaid tooteid, mis sobiksid igasse koju.<\/p>\n<p>T\u00e4naseks on Torontos, Kanadas asuv Umbra kasvanud rahvusvaheliseks disainiliidriks, tegutsedes enam kui 120 riigis ja omades esindusi Euroopas, P\u00f5hja- ja L\u00f5una-Ameerikas ning Aasias. Innovatsioonist kantuna toob meie rahvusvaheline disainitiim igap\u00e4evaesemetesse v\u00e4rsket loomingulisust ja uusi ideid, seades kaasaegsele disainile uusi standardeid.<\/p>\n<p><a href=\"\/et\/tootekategooria\/brandid\/umbra-et\/\"><img loading=\"lazy\" decoding=\"async\" src=\"https:\/\/www.talidesign.eu\/wp\/wp-content\/uploads\/2024\/10\/umbralogo-1.jpg\" alt=\"\" width=\"500\" height=\"100\" class=\"alignnone size-full wp-image-93263\" \/><\/a><\/p>\n","protected":false},"excerpt":{"rendered":"<p><strong>Penguin seebidsoaator Nickel<\/strong><\/p>\n<p>See l\u00f5bus seebi- v\u00f5i kreemipump on ideaalne lisandus nii k\u00f6\u00f6ki kui ka vannituppa. 355 mL mahutavusega dosaatoril on kitsas vertikaalne aken, mis v\u00f5imaldab j\u00e4lgida, kui palju toodet on veel j\u00e4\u00e4nud. Oma nime v\u00e4\u00e4riline, meenutab see armas pump v\u00e4ikest pingviini ja on kaetud &#8220;pehme puudutuse&#8221; viimistlusega, mis teeb selle kasutamise lihtsaks nii lastele kui ka t\u00e4iskasvanutele.<\/p>\n<ul>\n<li><strong>Suur mahutavus<\/strong><br \/>\nPenguin Pump mahutab kuni 355 mL, mist\u00f5ttu tuleb seda harvemini t\u00e4ita.<\/li>\n<li><strong>Pehme viimistlus<\/strong><br \/>\nPenguin&#8217;i vastupidaval mati viimistlusega pumbal on pehme puudutus ja lai pumbapind, mis teeb seebi doseerimise lihtsaks.<\/li>\n<li><strong>Parim vedelseebiga<\/strong><br \/>\nPenguin t\u00f6\u00f6tab k\u00f5ige paremini vedelseebiga. Parima tulemuse saavutamiseks v\u00e4ltige k\u00e4te desinfitseerijate ja paksude geelide kasutamist.<\/li>\n<li><strong>Mitmek\u00fclgne pump<\/strong><br \/>\nSee l\u00f5bus seebi- v\u00f5i kreemipump sobib erinevatesse ruumidesse \u2013 alates k\u00f6\u00f6gist kuni vannitoani.<\/li>\n<\/ul>\n<p>\u2022 M\u00f5\u00f5tmed on 10 x 7 x 20 cm, 355 mL<br \/>\n\u2022 Valmistatud taaskasutatud plastikust.<br \/>\n\u2022 <a href=\"\/et\/tootekategooria\/brandid\/umbra-et\/\">Br\u00e4nd Umbra<\/a><\/p>\n<p><strong>Meist<\/strong><\/p>\n<p>1979. aastal alguse saanud \u00fche lihtsa aknakardinaga s\u00fcndis Umbra kirest originaalse disaini ja taskukohase, kaasaegse stiili vastu. Kaasasutajad Les Mandelbaum ja Paul Rowan n\u00e4gid vajadust luua loomingulisi ja soodsaid tooteid, mis sobiksid igasse koju.<\/p>\n<p>T\u00e4naseks on Torontos, Kanadas asuv Umbra kasvanud rahvusvaheliseks disainiliidriks, tegutsedes enam kui 120 riigis ja omades esindusi Euroopas, P\u00f5hja- ja L\u00f5una-Ameerikas ning Aasias. Innovatsioonist kantuna toob meie rahvusvaheline disainitiim igap\u00e4evaesemetesse v\u00e4rsket loomingulisust ja uusi ideid, seades kaasaegsele disainile uusi standardeid.<\/p>\n<p><a href=\"\/et\/tootekategooria\/brandid\/umbra-et\/\"><img loading=\"lazy\" decoding=\"async\" src=\"https:\/\/www.talidesign.eu\/wp\/wp-content\/uploads\/2024\/10\/umbralogo-1.jpg\" alt=\"\" width=\"500\" height=\"100\" class=\"alignnone size-full wp-image-93263\" \/><\/a><\/p>\n","protected":false},"featured_media":96146,"template":"","meta":[],"product_brand":[],"product_cat":[1026,1018,1030,3350,1100],"product_tag":[3356],"class_list":{"0":"post-96144","1":"product","2":"type-product","3":"status-publish","4":"has-post-thumbnail","6":"product_cat-brandid","7":"product_cat-kodu","8":"product_cat-kook","9":"product_cat-umbra-et","10":"product_cat-vannituba","11":"product_tag-umbra-et","13":"first","14":"instock","15":"taxable","16":"shipping-taxable","17":"purchasable","18":"product-type-simple"},"yoast_head":"<!-- This site is optimized with the Yoast SEO plugin v27.3 - https:\/\/yoast.com\/product\/yoast-seo-wordpress\/ -->\n<title>Umbra Penguin seebidosaator Nickel - TALI Concept Store<\/title>\n<meta name=\"description\" content=\"Umbra Penguin seebidosaator Nickel - L\u00f5bus ja praktiline dosaator, mis sobib ideaalselt k\u00f6\u00f6ki ja vannituppa. Mahutab 355 mL vedelseepi.\" \/>\n<meta name=\"robots\" content=\"index, follow, max-snippet:-1, max-image-preview:large, max-video-preview:-1\" \/>\n<link rel=\"canonical\" href=\"https:\/\/www.talidesign.eu\/et\/pood\/toode\/umbra-penguin-seebidosaator-nickel\/\" \/>\n<meta property=\"og:locale\" content=\"et_EE\" \/>\n<meta property=\"og:type\" content=\"article\" \/>\n<meta property=\"og:title\" content=\"Umbra Penguin seebidosaator Nickel - TALI Concept Store\" \/>\n<meta property=\"og:description\" content=\"Umbra Penguin seebidosaator Nickel - L\u00f5bus ja praktiline dosaator, mis sobib ideaalselt k\u00f6\u00f6ki ja vannituppa. Mahutab 355 mL vedelseepi.\" \/>\n<meta property=\"og:url\" content=\"https:\/\/www.talidesign.eu\/et\/pood\/toode\/umbra-penguin-seebidosaator-nickel\/\" \/>\n<meta property=\"og:site_name\" content=\"TALI Concept Store\" \/>\n<meta property=\"article:publisher\" content=\"https:\/\/www.facebook.com\/TaliDisain\/\" \/>\n<meta property=\"article:modified_time\" content=\"2025-09-08T13:12:14+00:00\" \/>\n<meta property=\"og:image\" content=\"https:\/\/www.talidesign.eu\/wp\/wp-content\/uploads\/2024\/12\/tq2kavbrpj8tstbo6e2z-Photoroom.jpg\" \/>\n\t<meta property=\"og:image:width\" content=\"1200\" \/>\n\t<meta property=\"og:image:height\" content=\"1200\" \/>\n\t<meta property=\"og:image:type\" content=\"image\/jpeg\" \/>\n<meta name=\"twitter:card\" content=\"summary_large_image\" \/>\n<meta name=\"twitter:label1\" content=\"Est. reading time\" \/>\n\t<meta name=\"twitter:data1\" content=\"2 minutes\" \/>\n<script type=\"application\/ld+json\" class=\"yoast-schema-graph\">{\"@context\":\"https:\\\/\\\/schema.org\",\"@graph\":[{\"@type\":\"WebPage\",\"@id\":\"https:\\\/\\\/www.talidesign.eu\\\/et\\\/pood\\\/toode\\\/umbra-penguin-seebidosaator-nickel\\\/\",\"url\":\"https:\\\/\\\/www.talidesign.eu\\\/et\\\/pood\\\/toode\\\/umbra-penguin-seebidosaator-nickel\\\/\",\"name\":\"Umbra Penguin seebidosaator Nickel - TALI Concept Store\",\"isPartOf\":{\"@id\":\"https:\\\/\\\/www.talidesign.eu\\\/et\\\/#website\"},\"primaryImageOfPage\":{\"@id\":\"https:\\\/\\\/www.talidesign.eu\\\/et\\\/pood\\\/toode\\\/umbra-penguin-seebidosaator-nickel\\\/#primaryimage\"},\"image\":{\"@id\":\"https:\\\/\\\/www.talidesign.eu\\\/et\\\/pood\\\/toode\\\/umbra-penguin-seebidosaator-nickel\\\/#primaryimage\"},\"thumbnailUrl\":\"https:\\\/\\\/www.talidesign.eu\\\/wp\\\/wp-content\\\/uploads\\\/2024\\\/12\\\/tq2kavbrpj8tstbo6e2z-Photoroom.jpg\",\"datePublished\":\"2024-12-18T08:10:29+00:00\",\"dateModified\":\"2025-09-08T13:12:14+00:00\",\"description\":\"Umbra Penguin seebidosaator Nickel - L\u00f5bus ja praktiline dosaator, mis sobib ideaalselt k\u00f6\u00f6ki ja vannituppa. Mahutab 355 mL vedelseepi.\",\"breadcrumb\":{\"@id\":\"https:\\\/\\\/www.talidesign.eu\\\/et\\\/pood\\\/toode\\\/umbra-penguin-seebidosaator-nickel\\\/#breadcrumb\"},\"inLanguage\":\"et\",\"potentialAction\":[{\"@type\":\"ReadAction\",\"target\":[\"https:\\\/\\\/www.talidesign.eu\\\/et\\\/pood\\\/toode\\\/umbra-penguin-seebidosaator-nickel\\\/\"]}]},{\"@type\":\"ImageObject\",\"inLanguage\":\"et\",\"@id\":\"https:\\\/\\\/www.talidesign.eu\\\/et\\\/pood\\\/toode\\\/umbra-penguin-seebidosaator-nickel\\\/#primaryimage\",\"url\":\"https:\\\/\\\/www.talidesign.eu\\\/wp\\\/wp-content\\\/uploads\\\/2024\\\/12\\\/tq2kavbrpj8tstbo6e2z-Photoroom.jpg\",\"contentUrl\":\"https:\\\/\\\/www.talidesign.eu\\\/wp\\\/wp-content\\\/uploads\\\/2024\\\/12\\\/tq2kavbrpj8tstbo6e2z-Photoroom.jpg\",\"width\":1200,\"height\":1200},{\"@type\":\"BreadcrumbList\",\"@id\":\"https:\\\/\\\/www.talidesign.eu\\\/et\\\/pood\\\/toode\\\/umbra-penguin-seebidosaator-nickel\\\/#breadcrumb\",\"itemListElement\":[{\"@type\":\"ListItem\",\"position\":1,\"name\":\"Avaleht\",\"item\":\"https:\\\/\\\/www.talidesign.eu\\\/et\\\/\"},{\"@type\":\"ListItem\",\"position\":2,\"name\":\"Pood\",\"item\":\"https:\\\/\\\/www.talidesign.eu\\\/et\\\/pood\\\/\"},{\"@type\":\"ListItem\",\"position\":3,\"name\":\"Umbra Penguin seebidosaator Nickel\"}]},{\"@type\":\"WebSite\",\"@id\":\"https:\\\/\\\/www.talidesign.eu\\\/et\\\/#website\",\"url\":\"https:\\\/\\\/www.talidesign.eu\\\/et\\\/\",\"name\":\"TALI Concept Store\",\"description\":\"Suurim Disainipood Eestis\",\"potentialAction\":[{\"@type\":\"SearchAction\",\"target\":{\"@type\":\"EntryPoint\",\"urlTemplate\":\"https:\\\/\\\/www.talidesign.eu\\\/et\\\/?s={search_term_string}\"},\"query-input\":{\"@type\":\"PropertyValueSpecification\",\"valueRequired\":true,\"valueName\":\"search_term_string\"}}],\"inLanguage\":\"et\"}]}<\/script>\n<!-- \/ Yoast SEO plugin. -->","yoast_head_json":{"title":"Umbra Penguin seebidosaator Nickel - TALI Concept Store","description":"Umbra Penguin seebidosaator Nickel - L\u00f5bus ja praktiline dosaator, mis sobib ideaalselt k\u00f6\u00f6ki ja vannituppa. Mahutab 355 mL vedelseepi.","robots":{"index":"index","follow":"follow","max-snippet":"max-snippet:-1","max-image-preview":"max-image-preview:large","max-video-preview":"max-video-preview:-1"},"canonical":"https:\/\/www.talidesign.eu\/et\/pood\/toode\/umbra-penguin-seebidosaator-nickel\/","og_locale":"et_EE","og_type":"article","og_title":"Umbra Penguin seebidosaator Nickel - TALI Concept Store","og_description":"Umbra Penguin seebidosaator Nickel - L\u00f5bus ja praktiline dosaator, mis sobib ideaalselt k\u00f6\u00f6ki ja vannituppa. Mahutab 355 mL vedelseepi.","og_url":"https:\/\/www.talidesign.eu\/et\/pood\/toode\/umbra-penguin-seebidosaator-nickel\/","og_site_name":"TALI Concept Store","article_publisher":"https:\/\/www.facebook.com\/TaliDisain\/","article_modified_time":"2025-09-08T13:12:14+00:00","og_image":[{"width":1200,"height":1200,"url":"https:\/\/www.talidesign.eu\/wp\/wp-content\/uploads\/2024\/12\/tq2kavbrpj8tstbo6e2z-Photoroom.jpg","type":"image\/jpeg"}],"twitter_card":"summary_large_image","twitter_misc":{"Est. reading time":"2 minutes"},"schema":{"@context":"https:\/\/schema.org","@graph":[{"@type":"WebPage","@id":"https:\/\/www.talidesign.eu\/et\/pood\/toode\/umbra-penguin-seebidosaator-nickel\/","url":"https:\/\/www.talidesign.eu\/et\/pood\/toode\/umbra-penguin-seebidosaator-nickel\/","name":"Umbra Penguin seebidosaator Nickel - TALI Concept Store","isPartOf":{"@id":"https:\/\/www.talidesign.eu\/et\/#website"},"primaryImageOfPage":{"@id":"https:\/\/www.talidesign.eu\/et\/pood\/toode\/umbra-penguin-seebidosaator-nickel\/#primaryimage"},"image":{"@id":"https:\/\/www.talidesign.eu\/et\/pood\/toode\/umbra-penguin-seebidosaator-nickel\/#primaryimage"},"thumbnailUrl":"https:\/\/www.talidesign.eu\/wp\/wp-content\/uploads\/2024\/12\/tq2kavbrpj8tstbo6e2z-Photoroom.jpg","datePublished":"2024-12-18T08:10:29+00:00","dateModified":"2025-09-08T13:12:14+00:00","description":"Umbra Penguin seebidosaator Nickel - L\u00f5bus ja praktiline dosaator, mis sobib ideaalselt k\u00f6\u00f6ki ja vannituppa. Mahutab 355 mL vedelseepi.","breadcrumb":{"@id":"https:\/\/www.talidesign.eu\/et\/pood\/toode\/umbra-penguin-seebidosaator-nickel\/#breadcrumb"},"inLanguage":"et","potentialAction":[{"@type":"ReadAction","target":["https:\/\/www.talidesign.eu\/et\/pood\/toode\/umbra-penguin-seebidosaator-nickel\/"]}]},{"@type":"ImageObject","inLanguage":"et","@id":"https:\/\/www.talidesign.eu\/et\/pood\/toode\/umbra-penguin-seebidosaator-nickel\/#primaryimage","url":"https:\/\/www.talidesign.eu\/wp\/wp-content\/uploads\/2024\/12\/tq2kavbrpj8tstbo6e2z-Photoroom.jpg","contentUrl":"https:\/\/www.talidesign.eu\/wp\/wp-content\/uploads\/2024\/12\/tq2kavbrpj8tstbo6e2z-Photoroom.jpg","width":1200,"height":1200},{"@type":"BreadcrumbList","@id":"https:\/\/www.talidesign.eu\/et\/pood\/toode\/umbra-penguin-seebidosaator-nickel\/#breadcrumb","itemListElement":[{"@type":"ListItem","position":1,"name":"Avaleht","item":"https:\/\/www.talidesign.eu\/et\/"},{"@type":"ListItem","position":2,"name":"Pood","item":"https:\/\/www.talidesign.eu\/et\/pood\/"},{"@type":"ListItem","position":3,"name":"Umbra Penguin seebidosaator Nickel"}]},{"@type":"WebSite","@id":"https:\/\/www.talidesign.eu\/et\/#website","url":"https:\/\/www.talidesign.eu\/et\/","name":"TALI Concept Store","description":"Suurim Disainipood Eestis","potentialAction":[{"@type":"SearchAction","target":{"@type":"EntryPoint","urlTemplate":"https:\/\/www.talidesign.eu\/et\/?s={search_term_string}"},"query-input":{"@type":"PropertyValueSpecification","valueRequired":true,"valueName":"search_term_string"}}],"inLanguage":"et"}]}},"_links":{"self":[{"href":"https:\/\/www.talidesign.eu\/et\/wp-json\/wp\/v2\/product\/96144","targetHints":{"allow":["GET"]}}],"collection":[{"href":"https:\/\/www.talidesign.eu\/et\/wp-json\/wp\/v2\/product"}],"about":[{"href":"https:\/\/www.talidesign.eu\/et\/wp-json\/wp\/v2\/types\/product"}],"wp:featuredmedia":[{"embeddable":true,"href":"https:\/\/www.talidesign.eu\/et\/wp-json\/wp\/v2\/media\/96146"}],"wp:attachment":[{"href":"https:\/\/www.talidesign.eu\/et\/wp-json\/wp\/v2\/media?parent=96144"}],"wp:term":[{"taxonomy":"product_brand","embeddable":true,"href":"https:\/\/www.talidesign.eu\/et\/wp-json\/wp\/v2\/product_brand?post=96144"},{"taxonomy":"product_cat","embeddable":true,"href":"https:\/\/www.talidesign.eu\/et\/wp-json\/wp\/v2\/product_cat?post=96144"},{"taxonomy":"product_tag","embeddable":true,"href":"https:\/\/www.talidesign.eu\/et\/wp-json\/wp\/v2\/product_tag?post=96144"}],"curies":[{"name":"wp","href":"https:\/\/api.w.org\/{rel}","templated":true}]}}