{"id":97384,"date":"2025-01-15T13:55:28","date_gmt":"2025-01-15T11:55:29","guid":{"rendered":"https:\/\/www.talidesign.eu\/?post_type=product&#038;p=97384"},"modified":"2025-07-22T12:57:03","modified_gmt":"2025-07-22T09:57:03","slug":"meller-eco-okon-paikeseprillid-all-black","status":"publish","type":"product","link":"https:\/\/www.talidesign.eu\/et\/pood\/toode\/meller-eco-okon-paikeseprillid-all-black\/","title":{"rendered":"Meller Eco Okon p\u00e4ikeseprillid All Black"},"content":{"rendered":"<p><strong>Eco Okon p\u00e4ikeseprillid All Black<\/strong><\/p>\n<p>Ruudukujulised Okon p\u00e4ikeseprillid on ajatu stiili s\u00fcmbol, mis p\u00fcsib moes l\u00e4bi aegade. Siledad ja elegantsed sangad sulanduvad harmooniliselt kokku esiosa peente detailidega, luues t\u00e4iusliku terviku.<\/p>\n<p>Milleks Eco?<\/p>\n<p>Meller toob turule uue biop\u00f5histe prillide sarja, mis pakub keskkonnas\u00f5bralikumat alternatiivi, v\u00e4hendades mittes\u00e4\u00e4stlike plastide kasutamist. Raamid on valmistatud 45% looduslikest materjalidest, mis v\u00e4hendab fossiilsete materjalide kasutamist ja s\u00fcsinikdioksiidi heitkoguseid.<\/p>\n<p>\u2022 UV-kaitse UV400: 3. kategooria<br \/>\n\u2022 L\u00e4\u00e4ts: Saksa Tac polariseeritud, kriimustusvastane, super hydrfobic film<br \/>\n\u2022 Materjal: Bio-based G850<br \/>\n\u2022 Laius: 142 mm, k\u00f5rgus: 47 mm, s\u00fcgavus: 145 mm<br \/>\n\u2022 Kuju: Ruut<br \/>\n\u2022 L\u00e4\u00e4tse v\u00e4rv: Black<br \/>\n\u2022 Raami v\u00e4rv: Black<br \/>\n\u2022 <a href=\"\/et\/tootekategooria\/brandid\/meller-et\/\">Br\u00e4nd Meller<\/a><\/p>\n<p>Ideaalne tasakaal mugavuse ja vastupidavuse vahel.<\/p>\n<p><strong>Br\u00e4ndist<\/strong><\/p>\n<p>Aastal 2014 asutasid Sergi Benet, Borja Nadal ja Marco Grandi Meller br\u00e4ndi.<\/p>\n<p>Alguses m\u00fc\u00fcsid nad oma tooteid garaa\u017eist&#8230; t\u00e4naseks on Mellerist saanud \u00fcks m\u00f5jukamaid kaubam\u00e4rke ravhusvahelisel areenil.<\/p>\n<p><a href=\"\/et\/tootekategooria\/brandid\/meller-et\/\"><img loading=\"lazy\" decoding=\"async\" src=\"https:\/\/www.talidesign.eu\/wp\/wp-content\/uploads\/2021\/07\/meller-1.jpg\" alt=\"\" width=\"400\" height=\"100\" class=\"alignnone size-full wp-image-31744\" \/><\/a><\/p>\n","protected":false},"excerpt":{"rendered":"<p><strong>Eco Okon p\u00e4ikeseprillid All Black<\/strong><\/p>\n<p>Ruudukujulised Okon p\u00e4ikeseprillid on ajatu stiili s\u00fcmbol, mis p\u00fcsib moes l\u00e4bi aegade. Siledad ja elegantsed sangad sulanduvad harmooniliselt kokku esiosa peente detailidega, luues t\u00e4iusliku terviku.<\/p>\n<p>Milleks Eco?<\/p>\n<p>Meller toob turule uue biop\u00f5histe prillide sarja, mis pakub keskkonnas\u00f5bralikumat alternatiivi, v\u00e4hendades mittes\u00e4\u00e4stlike plastide kasutamist. Raamid on valmistatud 45% looduslikest materjalidest, mis v\u00e4hendab fossiilsete materjalide kasutamist ja s\u00fcsinikdioksiidi heitkoguseid.<\/p>\n<p>\u2022 UV-kaitse UV400: 3. kategooria<br \/>\n\u2022 L\u00e4\u00e4ts: Saksa Tac polariseeritud, kriimustusvastane, super hydrfobic film<br \/>\n\u2022 Materjal: Bio-based G850<br \/>\n\u2022 Laius: 142 mm, k\u00f5rgus: 47 mm, s\u00fcgavus: 145 mm<br \/>\n\u2022 Kuju: Ruut<br \/>\n\u2022 L\u00e4\u00e4tse v\u00e4rv: Black<br \/>\n\u2022 Raami v\u00e4rv: Black<br \/>\n\u2022 <a href=\"\/et\/tootekategooria\/brandid\/meller-et\/\">Br\u00e4nd Meller<\/a><\/p>\n<p>Ideaalne tasakaal mugavuse ja vastupidavuse vahel.<\/p>\n<p><strong>Br\u00e4ndist<\/strong><\/p>\n<p>Aastal 2014 asutasid Sergi Benet, Borja Nadal ja Marco Grandi Meller br\u00e4ndi.<\/p>\n<p>Alguses m\u00fc\u00fcsid nad oma tooteid garaa\u017eist&#8230; t\u00e4naseks on Mellerist saanud \u00fcks m\u00f5jukamaid kaubam\u00e4rke ravhusvahelisel areenil.<\/p>\n<p><a href=\"\/et\/tootekategooria\/brandid\/meller-et\/\"><img loading=\"lazy\" decoding=\"async\" src=\"https:\/\/www.talidesign.eu\/wp\/wp-content\/uploads\/2021\/07\/meller-1.jpg\" alt=\"\" width=\"400\" height=\"100\" class=\"alignnone size-full wp-image-31744\" \/><\/a><\/p>\n","protected":false},"featured_media":97390,"template":"","meta":[],"product_brand":[],"product_cat":[1026,1067,1173,1128],"product_tag":[1750],"class_list":{"0":"post-97384","1":"product","2":"type-product","3":"status-publish","4":"has-post-thumbnail","6":"product_cat-brandid","7":"product_cat-meller-et","8":"product_cat-paikeseprillid","9":"product_cat-meeste-paikeseprillid","10":"product_tag-meller-et","12":"first","13":"outofstock","14":"taxable","15":"shipping-taxable","16":"purchasable","17":"product-type-simple"},"yoast_head":"<!-- This site is optimized with the Yoast SEO plugin v27.3 - https:\/\/yoast.com\/product\/yoast-seo-wordpress\/ -->\n<title>Meller Eco Okon p\u00e4ikeseprillid All Black - TALI Concept Store<\/title>\n<meta name=\"description\" content=\"Avasta Meller Eco Okon p\u00e4ikeseprillid All Black - ajatu stiili s\u00fcmbol, mis pakub keskkonnas\u00f5bralikumat alternatiivi. V\u00e4henda plastikuj\u00e4\u00e4tmeid ja kaitse oma silmi stiilselt.\" \/>\n<meta name=\"robots\" content=\"index, follow, max-snippet:-1, max-image-preview:large, max-video-preview:-1\" \/>\n<link rel=\"canonical\" href=\"https:\/\/www.talidesign.eu\/et\/pood\/toode\/meller-eco-okon-paikeseprillid-all-black\/\" \/>\n<meta property=\"og:locale\" content=\"et_EE\" \/>\n<meta property=\"og:type\" content=\"article\" \/>\n<meta property=\"og:title\" content=\"Meller Eco Okon p\u00e4ikeseprillid All Black - TALI Concept Store\" \/>\n<meta property=\"og:description\" content=\"Avasta Meller Eco Okon p\u00e4ikeseprillid All Black - ajatu stiili s\u00fcmbol, mis pakub keskkonnas\u00f5bralikumat alternatiivi. V\u00e4henda plastikuj\u00e4\u00e4tmeid ja kaitse oma silmi stiilselt.\" \/>\n<meta property=\"og:url\" content=\"https:\/\/www.talidesign.eu\/et\/pood\/toode\/meller-eco-okon-paikeseprillid-all-black\/\" \/>\n<meta property=\"og:site_name\" content=\"TALI Concept Store\" \/>\n<meta property=\"article:publisher\" content=\"https:\/\/www.facebook.com\/TaliDisain\/\" \/>\n<meta property=\"article:modified_time\" content=\"2025-07-22T09:57:03+00:00\" \/>\n<meta property=\"og:image\" content=\"https:\/\/www.talidesign.eu\/wp\/wp-content\/uploads\/2025\/01\/1736942331669.jpg\" \/>\n\t<meta property=\"og:image:width\" content=\"2500\" \/>\n\t<meta property=\"og:image:height\" content=\"2500\" \/>\n\t<meta property=\"og:image:type\" content=\"image\/jpeg\" \/>\n<meta name=\"twitter:card\" content=\"summary_large_image\" \/>\n<meta name=\"twitter:label1\" content=\"Est. reading time\" \/>\n\t<meta name=\"twitter:data1\" content=\"1 minute\" \/>\n<script type=\"application\/ld+json\" class=\"yoast-schema-graph\">{\"@context\":\"https:\\\/\\\/schema.org\",\"@graph\":[{\"@type\":\"WebPage\",\"@id\":\"https:\\\/\\\/www.talidesign.eu\\\/et\\\/pood\\\/toode\\\/meller-eco-okon-paikeseprillid-all-black\\\/\",\"url\":\"https:\\\/\\\/www.talidesign.eu\\\/et\\\/pood\\\/toode\\\/meller-eco-okon-paikeseprillid-all-black\\\/\",\"name\":\"Meller Eco Okon p\u00e4ikeseprillid All Black - TALI Concept Store\",\"isPartOf\":{\"@id\":\"https:\\\/\\\/www.talidesign.eu\\\/et\\\/#website\"},\"primaryImageOfPage\":{\"@id\":\"https:\\\/\\\/www.talidesign.eu\\\/et\\\/pood\\\/toode\\\/meller-eco-okon-paikeseprillid-all-black\\\/#primaryimage\"},\"image\":{\"@id\":\"https:\\\/\\\/www.talidesign.eu\\\/et\\\/pood\\\/toode\\\/meller-eco-okon-paikeseprillid-all-black\\\/#primaryimage\"},\"thumbnailUrl\":\"https:\\\/\\\/www.talidesign.eu\\\/wp\\\/wp-content\\\/uploads\\\/2025\\\/01\\\/1736942331669.jpg\",\"datePublished\":\"2025-01-15T11:55:29+00:00\",\"dateModified\":\"2025-07-22T09:57:03+00:00\",\"description\":\"Avasta Meller Eco Okon p\u00e4ikeseprillid All Black - ajatu stiili s\u00fcmbol, mis pakub keskkonnas\u00f5bralikumat alternatiivi. V\u00e4henda plastikuj\u00e4\u00e4tmeid ja kaitse oma silmi stiilselt.\",\"breadcrumb\":{\"@id\":\"https:\\\/\\\/www.talidesign.eu\\\/et\\\/pood\\\/toode\\\/meller-eco-okon-paikeseprillid-all-black\\\/#breadcrumb\"},\"inLanguage\":\"et\",\"potentialAction\":[{\"@type\":\"ReadAction\",\"target\":[\"https:\\\/\\\/www.talidesign.eu\\\/et\\\/pood\\\/toode\\\/meller-eco-okon-paikeseprillid-all-black\\\/\"]}]},{\"@type\":\"ImageObject\",\"inLanguage\":\"et\",\"@id\":\"https:\\\/\\\/www.talidesign.eu\\\/et\\\/pood\\\/toode\\\/meller-eco-okon-paikeseprillid-all-black\\\/#primaryimage\",\"url\":\"https:\\\/\\\/www.talidesign.eu\\\/wp\\\/wp-content\\\/uploads\\\/2025\\\/01\\\/1736942331669.jpg\",\"contentUrl\":\"https:\\\/\\\/www.talidesign.eu\\\/wp\\\/wp-content\\\/uploads\\\/2025\\\/01\\\/1736942331669.jpg\",\"width\":2500,\"height\":2500},{\"@type\":\"BreadcrumbList\",\"@id\":\"https:\\\/\\\/www.talidesign.eu\\\/et\\\/pood\\\/toode\\\/meller-eco-okon-paikeseprillid-all-black\\\/#breadcrumb\",\"itemListElement\":[{\"@type\":\"ListItem\",\"position\":1,\"name\":\"Avaleht\",\"item\":\"https:\\\/\\\/www.talidesign.eu\\\/et\\\/\"},{\"@type\":\"ListItem\",\"position\":2,\"name\":\"Pood\",\"item\":\"https:\\\/\\\/www.talidesign.eu\\\/et\\\/pood\\\/\"},{\"@type\":\"ListItem\",\"position\":3,\"name\":\"Meller Eco Okon p\u00e4ikeseprillid All Black\"}]},{\"@type\":\"WebSite\",\"@id\":\"https:\\\/\\\/www.talidesign.eu\\\/et\\\/#website\",\"url\":\"https:\\\/\\\/www.talidesign.eu\\\/et\\\/\",\"name\":\"TALI Concept Store\",\"description\":\"Suurim Disainipood Eestis\",\"potentialAction\":[{\"@type\":\"SearchAction\",\"target\":{\"@type\":\"EntryPoint\",\"urlTemplate\":\"https:\\\/\\\/www.talidesign.eu\\\/et\\\/?s={search_term_string}\"},\"query-input\":{\"@type\":\"PropertyValueSpecification\",\"valueRequired\":true,\"valueName\":\"search_term_string\"}}],\"inLanguage\":\"et\"}]}<\/script>\n<!-- \/ Yoast SEO plugin. -->","yoast_head_json":{"title":"Meller Eco Okon p\u00e4ikeseprillid All Black - TALI Concept Store","description":"Avasta Meller Eco Okon p\u00e4ikeseprillid All Black - ajatu stiili s\u00fcmbol, mis pakub keskkonnas\u00f5bralikumat alternatiivi. V\u00e4henda plastikuj\u00e4\u00e4tmeid ja kaitse oma silmi stiilselt.","robots":{"index":"index","follow":"follow","max-snippet":"max-snippet:-1","max-image-preview":"max-image-preview:large","max-video-preview":"max-video-preview:-1"},"canonical":"https:\/\/www.talidesign.eu\/et\/pood\/toode\/meller-eco-okon-paikeseprillid-all-black\/","og_locale":"et_EE","og_type":"article","og_title":"Meller Eco Okon p\u00e4ikeseprillid All Black - TALI Concept Store","og_description":"Avasta Meller Eco Okon p\u00e4ikeseprillid All Black - ajatu stiili s\u00fcmbol, mis pakub keskkonnas\u00f5bralikumat alternatiivi. V\u00e4henda plastikuj\u00e4\u00e4tmeid ja kaitse oma silmi stiilselt.","og_url":"https:\/\/www.talidesign.eu\/et\/pood\/toode\/meller-eco-okon-paikeseprillid-all-black\/","og_site_name":"TALI Concept Store","article_publisher":"https:\/\/www.facebook.com\/TaliDisain\/","article_modified_time":"2025-07-22T09:57:03+00:00","og_image":[{"width":2500,"height":2500,"url":"https:\/\/www.talidesign.eu\/wp\/wp-content\/uploads\/2025\/01\/1736942331669.jpg","type":"image\/jpeg"}],"twitter_card":"summary_large_image","twitter_misc":{"Est. reading time":"1 minute"},"schema":{"@context":"https:\/\/schema.org","@graph":[{"@type":"WebPage","@id":"https:\/\/www.talidesign.eu\/et\/pood\/toode\/meller-eco-okon-paikeseprillid-all-black\/","url":"https:\/\/www.talidesign.eu\/et\/pood\/toode\/meller-eco-okon-paikeseprillid-all-black\/","name":"Meller Eco Okon p\u00e4ikeseprillid All Black - TALI Concept Store","isPartOf":{"@id":"https:\/\/www.talidesign.eu\/et\/#website"},"primaryImageOfPage":{"@id":"https:\/\/www.talidesign.eu\/et\/pood\/toode\/meller-eco-okon-paikeseprillid-all-black\/#primaryimage"},"image":{"@id":"https:\/\/www.talidesign.eu\/et\/pood\/toode\/meller-eco-okon-paikeseprillid-all-black\/#primaryimage"},"thumbnailUrl":"https:\/\/www.talidesign.eu\/wp\/wp-content\/uploads\/2025\/01\/1736942331669.jpg","datePublished":"2025-01-15T11:55:29+00:00","dateModified":"2025-07-22T09:57:03+00:00","description":"Avasta Meller Eco Okon p\u00e4ikeseprillid All Black - ajatu stiili s\u00fcmbol, mis pakub keskkonnas\u00f5bralikumat alternatiivi. V\u00e4henda plastikuj\u00e4\u00e4tmeid ja kaitse oma silmi stiilselt.","breadcrumb":{"@id":"https:\/\/www.talidesign.eu\/et\/pood\/toode\/meller-eco-okon-paikeseprillid-all-black\/#breadcrumb"},"inLanguage":"et","potentialAction":[{"@type":"ReadAction","target":["https:\/\/www.talidesign.eu\/et\/pood\/toode\/meller-eco-okon-paikeseprillid-all-black\/"]}]},{"@type":"ImageObject","inLanguage":"et","@id":"https:\/\/www.talidesign.eu\/et\/pood\/toode\/meller-eco-okon-paikeseprillid-all-black\/#primaryimage","url":"https:\/\/www.talidesign.eu\/wp\/wp-content\/uploads\/2025\/01\/1736942331669.jpg","contentUrl":"https:\/\/www.talidesign.eu\/wp\/wp-content\/uploads\/2025\/01\/1736942331669.jpg","width":2500,"height":2500},{"@type":"BreadcrumbList","@id":"https:\/\/www.talidesign.eu\/et\/pood\/toode\/meller-eco-okon-paikeseprillid-all-black\/#breadcrumb","itemListElement":[{"@type":"ListItem","position":1,"name":"Avaleht","item":"https:\/\/www.talidesign.eu\/et\/"},{"@type":"ListItem","position":2,"name":"Pood","item":"https:\/\/www.talidesign.eu\/et\/pood\/"},{"@type":"ListItem","position":3,"name":"Meller Eco Okon p\u00e4ikeseprillid All Black"}]},{"@type":"WebSite","@id":"https:\/\/www.talidesign.eu\/et\/#website","url":"https:\/\/www.talidesign.eu\/et\/","name":"TALI Concept Store","description":"Suurim Disainipood Eestis","potentialAction":[{"@type":"SearchAction","target":{"@type":"EntryPoint","urlTemplate":"https:\/\/www.talidesign.eu\/et\/?s={search_term_string}"},"query-input":{"@type":"PropertyValueSpecification","valueRequired":true,"valueName":"search_term_string"}}],"inLanguage":"et"}]}},"_links":{"self":[{"href":"https:\/\/www.talidesign.eu\/et\/wp-json\/wp\/v2\/product\/97384","targetHints":{"allow":["GET"]}}],"collection":[{"href":"https:\/\/www.talidesign.eu\/et\/wp-json\/wp\/v2\/product"}],"about":[{"href":"https:\/\/www.talidesign.eu\/et\/wp-json\/wp\/v2\/types\/product"}],"wp:featuredmedia":[{"embeddable":true,"href":"https:\/\/www.talidesign.eu\/et\/wp-json\/wp\/v2\/media\/97390"}],"wp:attachment":[{"href":"https:\/\/www.talidesign.eu\/et\/wp-json\/wp\/v2\/media?parent=97384"}],"wp:term":[{"taxonomy":"product_brand","embeddable":true,"href":"https:\/\/www.talidesign.eu\/et\/wp-json\/wp\/v2\/product_brand?post=97384"},{"taxonomy":"product_cat","embeddable":true,"href":"https:\/\/www.talidesign.eu\/et\/wp-json\/wp\/v2\/product_cat?post=97384"},{"taxonomy":"product_tag","embeddable":true,"href":"https:\/\/www.talidesign.eu\/et\/wp-json\/wp\/v2\/product_tag?post=97384"}],"curies":[{"name":"wp","href":"https:\/\/api.w.org\/{rel}","templated":true}]}}