{"id":97482,"date":"2025-01-16T09:02:24","date_gmt":"2025-01-16T07:02:25","guid":{"rendered":"https:\/\/www.talidesign.eu\/?post_type=product&#038;p=97482"},"modified":"2025-08-19T10:55:28","modified_gmt":"2025-08-19T07:55:28","slug":"rains-bum-bag-mini-vookott-must","status":"publish","type":"product","link":"https:\/\/www.talidesign.eu\/et\/pood\/toode\/rains-bum-bag-mini-vookott-must\/","title":{"rendered":"Rains Bum Bag Mini V\u00f6\u00f6kott Must"},"content":{"rendered":"<p><strong>Bum Bag Mini V\u00f6\u00f6kott Must<\/strong><\/p>\n<p>Loodud funktsionaalsuseks ja mugavuseks liikvel olles, on Bum Bag Mini V\u00f6\u00f6kott sinu usaldusv\u00e4\u00e4rne igap\u00e4evane kaaslane. Veekindla disainiga kotil on mahukas p\u00f5hisahtel, kuhu mahuvad k\u00f5ik sinu igap\u00e4evased esemed. Kotil on reguleeritav rihm, mis lubab kotti kanda \u00f5lakotina, crossbody kotina v\u00f5i v\u00f6\u00f6kotina ning kinnitub mugava pandlaga.<\/p>\n<p>Kott on valmistatud Rainsi signatuur veekindlast PU-kangast.<\/p>\n<p>Rains Bum Bag Mini V\u00f6\u00f6kott on funktsionaalne ja stiilne kott igap\u00e4evaseks kasutamiseks.<\/p>\n<p>\u2022 <a href=\"\/et\/tootekategooria\/brandid\/rains-et\/\">Br\u00e4nd Rains<\/a><br \/>\n\u2022 Materjal: 520 gsm pol\u00fcretaan<br \/>\n\u2022 Vooder: 100% pol\u00fcester<br \/>\n\u2022 Veesamba r\u00f5hk: 8000mm<br \/>\n\u2022 M\u00f5\u00f5dud: K17 cm, L32 cm, S8 cm<br \/>\n\u2022 Maht: 2.3 liitrit<br \/>\n\u2022 Kaal: 214 grammi<br \/>\n\u2022 Kaetud t\u00f5mblukk<br \/>\n\u2022 \u00dcks p\u00f5hisahtel<br \/>\n\u2022 Kaetud t\u00f5mblukuga eesmine v\u00e4listasku<br \/>\n\u2022 Reguleeritav rihm<\/p>\n<div style=\"width: 300px;\" class=\"wp-video\"><video class=\"wp-video-shortcode\" id=\"video-97482-1\" width=\"300\" height=\"360\" loop autoplay preload=\"metadata\" controls=\"controls\"><source type=\"video\/mp4\" src=\"https:\/\/www.talidesign.eu\/wp\/wp-content\/uploads\/2025\/01\/Z8bB-lzs1z2hm1x07lcd.mp4?_=1\" \/><a href=\"https:\/\/www.talidesign.eu\/wp\/wp-content\/uploads\/2025\/01\/Z8bB-lzs1z2hm1x07lcd.mp4\">https:\/\/www.talidesign.eu\/wp\/wp-content\/uploads\/2025\/01\/Z8bB-lzs1z2hm1x07lcd.mp4<\/a><\/video><\/div><\/br><\/p>\n<p><strong>Rains<\/strong> on k\u00f5rgekvaliteetne Taani moebr\u00e4nd, mis on keskendunud oma toodangus just p\u00f5hjamaisele k\u00fclmale ja vihmasele kliimale. K\u00f5ik tooted on valmistatud 100% vegan, veekindlast ja kauakestvast materjalist. Rains vihmajoped, talvejoped ja seljakotid on \u00fcldjuhul unisex ja sobivad kandmiseks nii meestele kui naistele. Rainsi esteetikas on p\u00fcsivaks alatooniks skandinaavialik lihtsus ja minimalism.<br \/>\n<a href=\"\/et\/tootekategooria\/brandid\/rains-et\/\"><img loading=\"lazy\" decoding=\"async\" src=\"https:\/\/www.talidesign.eu\/wp\/wp-content\/uploads\/2021\/02\/logo-3.jpg\" alt=\"\" width=\"500\" height=\"100\" class=\"alignnone size-full wp-image-24515\" \/><\/a><\/p>\n","protected":false},"excerpt":{"rendered":"<p><strong>Bum Bag Mini V\u00f6\u00f6kott Must<\/strong><\/p>\n<p>Loodud funktsionaalsuseks ja mugavuseks liikvel olles, on Bum Bag Mini V\u00f6\u00f6kott sinu usaldusv\u00e4\u00e4rne igap\u00e4evane kaaslane. Veekindla disainiga kotil on mahukas p\u00f5hisahtel, kuhu mahuvad k\u00f5ik sinu igap\u00e4evased esemed. Kotil on reguleeritav rihm, mis lubab kotti kanda \u00f5lakotina, crossbody kotina v\u00f5i v\u00f6\u00f6kotina ning kinnitub mugava pandlaga.<\/p>\n<p>Kott on valmistatud Rainsi signatuur veekindlast PU-kangast.<\/p>\n<p>Rains Bum Bag Mini V\u00f6\u00f6kott on funktsionaalne ja stiilne kott igap\u00e4evaseks kasutamiseks.<\/p>\n<p>\u2022 <a href=\"\/et\/tootekategooria\/brandid\/rains-et\/\">Br\u00e4nd Rains<\/a><br \/>\n\u2022 Materjal: 520 gsm pol\u00fcretaan<br \/>\n\u2022 Vooder: 100% pol\u00fcester<br \/>\n\u2022 Veesamba r\u00f5hk: 8000mm<br \/>\n\u2022 M\u00f5\u00f5dud: K17 cm, L32 cm, S8 cm<br \/>\n\u2022 Maht: 2.3 liitrit<br \/>\n\u2022 Kaal: 214 grammi<br \/>\n\u2022 Kaetud t\u00f5mblukk<br \/>\n\u2022 \u00dcks p\u00f5hisahtel<br \/>\n\u2022 Kaetud t\u00f5mblukuga eesmine v\u00e4listasku<br \/>\n\u2022 Reguleeritav rihm<\/p>\n<div style=\"width: 300px;\" class=\"wp-video\"><video class=\"wp-video-shortcode\" id=\"video-97482-2\" width=\"300\" height=\"360\" loop autoplay preload=\"metadata\" controls=\"controls\"><source type=\"video\/mp4\" src=\"https:\/\/www.talidesign.eu\/wp\/wp-content\/uploads\/2025\/01\/Z8bB-lzs1z2hm1x07lcd.mp4?_=2\" \/><a href=\"https:\/\/www.talidesign.eu\/wp\/wp-content\/uploads\/2025\/01\/Z8bB-lzs1z2hm1x07lcd.mp4\">https:\/\/www.talidesign.eu\/wp\/wp-content\/uploads\/2025\/01\/Z8bB-lzs1z2hm1x07lcd.mp4<\/a><\/video><\/div><\/br><\/p>\n<p><strong>Rains<\/strong> on k\u00f5rgekvaliteetne Taani moebr\u00e4nd, mis on keskendunud oma toodangus just p\u00f5hjamaisele k\u00fclmale ja vihmasele kliimale. K\u00f5ik tooted on valmistatud 100% vegan, veekindlast ja kauakestvast materjalist. Rains vihmajoped, talvejoped ja seljakotid on \u00fcldjuhul unisex ja sobivad kandmiseks nii meestele kui naistele. Rainsi esteetikas on p\u00fcsivaks alatooniks skandinaavialik lihtsus ja minimalism.<br \/>\n<a href=\"\/et\/tootekategooria\/brandid\/rains-et\/\"><img loading=\"lazy\" decoding=\"async\" src=\"https:\/\/www.talidesign.eu\/wp\/wp-content\/uploads\/2021\/02\/logo-3.jpg\" alt=\"\" width=\"500\" height=\"100\" class=\"alignnone size-full wp-image-24515\" \/><\/a><\/p>\n","protected":false},"featured_media":97484,"template":"","meta":[],"product_brand":[],"product_cat":[1026,1113,1131,1075],"product_tag":[1446],"class_list":{"0":"post-97482","1":"product","2":"type-product","3":"status-publish","4":"has-post-thumbnail","6":"product_cat-brandid","7":"product_cat-kotid","8":"product_cat-naiste-kotid","9":"product_cat-rains-et","10":"product_tag-rains-et","12":"first","13":"outofstock","14":"taxable","15":"shipping-taxable","16":"purchasable","17":"product-type-simple"},"yoast_head":"<!-- This site is optimized with the Yoast SEO plugin v27.4 - https:\/\/yoast.com\/product\/yoast-seo-wordpress\/ -->\n<title>Rains Bum Bag Mini V\u00f6\u00f6kott Must - TALI Concept Store<\/title>\n<meta name=\"description\" content=\"Rains Bum Bag Mini V\u00f6\u00f6kott Must - funktsionaalne ja stiilne kott igap\u00e4evaseks kasutamiseks. Veekindel disain, reguleeritav rihm, mahukas p\u00f5hisahtel.\" \/>\n<meta name=\"robots\" content=\"index, follow, max-snippet:-1, max-image-preview:large, max-video-preview:-1\" \/>\n<link rel=\"canonical\" href=\"https:\/\/www.talidesign.eu\/et\/pood\/toode\/rains-bum-bag-mini-vookott-must\/\" \/>\n<meta property=\"og:locale\" content=\"et_EE\" \/>\n<meta property=\"og:type\" content=\"article\" \/>\n<meta property=\"og:title\" content=\"Rains Bum Bag Mini V\u00f6\u00f6kott Must - TALI Concept Store\" \/>\n<meta property=\"og:description\" content=\"Rains Bum Bag Mini V\u00f6\u00f6kott Must - funktsionaalne ja stiilne kott igap\u00e4evaseks kasutamiseks. Veekindel disain, reguleeritav rihm, mahukas p\u00f5hisahtel.\" \/>\n<meta property=\"og:url\" content=\"https:\/\/www.talidesign.eu\/et\/pood\/toode\/rains-bum-bag-mini-vookott-must\/\" \/>\n<meta property=\"og:site_name\" content=\"TALI Concept Store\" \/>\n<meta property=\"article:publisher\" content=\"https:\/\/www.facebook.com\/TaliDisain\/\" \/>\n<meta property=\"article:modified_time\" content=\"2025-08-19T07:55:28+00:00\" \/>\n<meta property=\"og:image\" content=\"https:\/\/www.talidesign.eu\/wp\/wp-content\/uploads\/2025\/01\/Bum_Bag_Mini-Bum_bag-14730-01_Black-5-Photoroom.jpg\" \/>\n\t<meta property=\"og:image:width\" content=\"1200\" \/>\n\t<meta property=\"og:image:height\" content=\"1200\" \/>\n\t<meta property=\"og:image:type\" content=\"image\/jpeg\" \/>\n<meta name=\"twitter:card\" content=\"summary_large_image\" \/>\n<meta name=\"twitter:label1\" content=\"Est. reading time\" \/>\n\t<meta name=\"twitter:data1\" content=\"2 minutes\" \/>\n<script type=\"application\/ld+json\" class=\"yoast-schema-graph\">{\"@context\":\"https:\\\/\\\/schema.org\",\"@graph\":[{\"@type\":\"WebPage\",\"@id\":\"https:\\\/\\\/www.talidesign.eu\\\/et\\\/pood\\\/toode\\\/rains-bum-bag-mini-vookott-must\\\/\",\"url\":\"https:\\\/\\\/www.talidesign.eu\\\/et\\\/pood\\\/toode\\\/rains-bum-bag-mini-vookott-must\\\/\",\"name\":\"Rains Bum Bag Mini V\u00f6\u00f6kott Must - TALI Concept Store\",\"isPartOf\":{\"@id\":\"https:\\\/\\\/www.talidesign.eu\\\/et\\\/#website\"},\"primaryImageOfPage\":{\"@id\":\"https:\\\/\\\/www.talidesign.eu\\\/et\\\/pood\\\/toode\\\/rains-bum-bag-mini-vookott-must\\\/#primaryimage\"},\"image\":{\"@id\":\"https:\\\/\\\/www.talidesign.eu\\\/et\\\/pood\\\/toode\\\/rains-bum-bag-mini-vookott-must\\\/#primaryimage\"},\"thumbnailUrl\":\"https:\\\/\\\/www.talidesign.eu\\\/wp\\\/wp-content\\\/uploads\\\/2025\\\/01\\\/Bum_Bag_Mini-Bum_bag-14730-01_Black-5-Photoroom.jpg\",\"datePublished\":\"2025-01-16T07:02:25+00:00\",\"dateModified\":\"2025-08-19T07:55:28+00:00\",\"description\":\"Rains Bum Bag Mini V\u00f6\u00f6kott Must - funktsionaalne ja stiilne kott igap\u00e4evaseks kasutamiseks. Veekindel disain, reguleeritav rihm, mahukas p\u00f5hisahtel.\",\"breadcrumb\":{\"@id\":\"https:\\\/\\\/www.talidesign.eu\\\/et\\\/pood\\\/toode\\\/rains-bum-bag-mini-vookott-must\\\/#breadcrumb\"},\"inLanguage\":\"et\",\"potentialAction\":[{\"@type\":\"ReadAction\",\"target\":[\"https:\\\/\\\/www.talidesign.eu\\\/et\\\/pood\\\/toode\\\/rains-bum-bag-mini-vookott-must\\\/\"]}]},{\"@type\":\"ImageObject\",\"inLanguage\":\"et\",\"@id\":\"https:\\\/\\\/www.talidesign.eu\\\/et\\\/pood\\\/toode\\\/rains-bum-bag-mini-vookott-must\\\/#primaryimage\",\"url\":\"https:\\\/\\\/www.talidesign.eu\\\/wp\\\/wp-content\\\/uploads\\\/2025\\\/01\\\/Bum_Bag_Mini-Bum_bag-14730-01_Black-5-Photoroom.jpg\",\"contentUrl\":\"https:\\\/\\\/www.talidesign.eu\\\/wp\\\/wp-content\\\/uploads\\\/2025\\\/01\\\/Bum_Bag_Mini-Bum_bag-14730-01_Black-5-Photoroom.jpg\",\"width\":1200,\"height\":1200},{\"@type\":\"BreadcrumbList\",\"@id\":\"https:\\\/\\\/www.talidesign.eu\\\/et\\\/pood\\\/toode\\\/rains-bum-bag-mini-vookott-must\\\/#breadcrumb\",\"itemListElement\":[{\"@type\":\"ListItem\",\"position\":1,\"name\":\"Avaleht\",\"item\":\"https:\\\/\\\/www.talidesign.eu\\\/et\\\/\"},{\"@type\":\"ListItem\",\"position\":2,\"name\":\"Pood\",\"item\":\"https:\\\/\\\/www.talidesign.eu\\\/et\\\/pood\\\/\"},{\"@type\":\"ListItem\",\"position\":3,\"name\":\"Rains Bum Bag Mini V\u00f6\u00f6kott Must\"}]},{\"@type\":\"WebSite\",\"@id\":\"https:\\\/\\\/www.talidesign.eu\\\/et\\\/#website\",\"url\":\"https:\\\/\\\/www.talidesign.eu\\\/et\\\/\",\"name\":\"TALI Concept Store\",\"description\":\"Suurim Disainipood Eestis\",\"potentialAction\":[{\"@type\":\"SearchAction\",\"target\":{\"@type\":\"EntryPoint\",\"urlTemplate\":\"https:\\\/\\\/www.talidesign.eu\\\/et\\\/?s={search_term_string}\"},\"query-input\":{\"@type\":\"PropertyValueSpecification\",\"valueRequired\":true,\"valueName\":\"search_term_string\"}}],\"inLanguage\":\"et\"}]}<\/script>\n<!-- \/ Yoast SEO plugin. -->","yoast_head_json":{"title":"Rains Bum Bag Mini V\u00f6\u00f6kott Must - TALI Concept Store","description":"Rains Bum Bag Mini V\u00f6\u00f6kott Must - funktsionaalne ja stiilne kott igap\u00e4evaseks kasutamiseks. Veekindel disain, reguleeritav rihm, mahukas p\u00f5hisahtel.","robots":{"index":"index","follow":"follow","max-snippet":"max-snippet:-1","max-image-preview":"max-image-preview:large","max-video-preview":"max-video-preview:-1"},"canonical":"https:\/\/www.talidesign.eu\/et\/pood\/toode\/rains-bum-bag-mini-vookott-must\/","og_locale":"et_EE","og_type":"article","og_title":"Rains Bum Bag Mini V\u00f6\u00f6kott Must - TALI Concept Store","og_description":"Rains Bum Bag Mini V\u00f6\u00f6kott Must - funktsionaalne ja stiilne kott igap\u00e4evaseks kasutamiseks. Veekindel disain, reguleeritav rihm, mahukas p\u00f5hisahtel.","og_url":"https:\/\/www.talidesign.eu\/et\/pood\/toode\/rains-bum-bag-mini-vookott-must\/","og_site_name":"TALI Concept Store","article_publisher":"https:\/\/www.facebook.com\/TaliDisain\/","article_modified_time":"2025-08-19T07:55:28+00:00","og_image":[{"width":1200,"height":1200,"url":"https:\/\/www.talidesign.eu\/wp\/wp-content\/uploads\/2025\/01\/Bum_Bag_Mini-Bum_bag-14730-01_Black-5-Photoroom.jpg","type":"image\/jpeg"}],"twitter_card":"summary_large_image","twitter_misc":{"Est. reading time":"2 minutes"},"schema":{"@context":"https:\/\/schema.org","@graph":[{"@type":"WebPage","@id":"https:\/\/www.talidesign.eu\/et\/pood\/toode\/rains-bum-bag-mini-vookott-must\/","url":"https:\/\/www.talidesign.eu\/et\/pood\/toode\/rains-bum-bag-mini-vookott-must\/","name":"Rains Bum Bag Mini V\u00f6\u00f6kott Must - TALI Concept Store","isPartOf":{"@id":"https:\/\/www.talidesign.eu\/et\/#website"},"primaryImageOfPage":{"@id":"https:\/\/www.talidesign.eu\/et\/pood\/toode\/rains-bum-bag-mini-vookott-must\/#primaryimage"},"image":{"@id":"https:\/\/www.talidesign.eu\/et\/pood\/toode\/rains-bum-bag-mini-vookott-must\/#primaryimage"},"thumbnailUrl":"https:\/\/www.talidesign.eu\/wp\/wp-content\/uploads\/2025\/01\/Bum_Bag_Mini-Bum_bag-14730-01_Black-5-Photoroom.jpg","datePublished":"2025-01-16T07:02:25+00:00","dateModified":"2025-08-19T07:55:28+00:00","description":"Rains Bum Bag Mini V\u00f6\u00f6kott Must - funktsionaalne ja stiilne kott igap\u00e4evaseks kasutamiseks. Veekindel disain, reguleeritav rihm, mahukas p\u00f5hisahtel.","breadcrumb":{"@id":"https:\/\/www.talidesign.eu\/et\/pood\/toode\/rains-bum-bag-mini-vookott-must\/#breadcrumb"},"inLanguage":"et","potentialAction":[{"@type":"ReadAction","target":["https:\/\/www.talidesign.eu\/et\/pood\/toode\/rains-bum-bag-mini-vookott-must\/"]}]},{"@type":"ImageObject","inLanguage":"et","@id":"https:\/\/www.talidesign.eu\/et\/pood\/toode\/rains-bum-bag-mini-vookott-must\/#primaryimage","url":"https:\/\/www.talidesign.eu\/wp\/wp-content\/uploads\/2025\/01\/Bum_Bag_Mini-Bum_bag-14730-01_Black-5-Photoroom.jpg","contentUrl":"https:\/\/www.talidesign.eu\/wp\/wp-content\/uploads\/2025\/01\/Bum_Bag_Mini-Bum_bag-14730-01_Black-5-Photoroom.jpg","width":1200,"height":1200},{"@type":"BreadcrumbList","@id":"https:\/\/www.talidesign.eu\/et\/pood\/toode\/rains-bum-bag-mini-vookott-must\/#breadcrumb","itemListElement":[{"@type":"ListItem","position":1,"name":"Avaleht","item":"https:\/\/www.talidesign.eu\/et\/"},{"@type":"ListItem","position":2,"name":"Pood","item":"https:\/\/www.talidesign.eu\/et\/pood\/"},{"@type":"ListItem","position":3,"name":"Rains Bum Bag Mini V\u00f6\u00f6kott Must"}]},{"@type":"WebSite","@id":"https:\/\/www.talidesign.eu\/et\/#website","url":"https:\/\/www.talidesign.eu\/et\/","name":"TALI Concept Store","description":"Suurim Disainipood Eestis","potentialAction":[{"@type":"SearchAction","target":{"@type":"EntryPoint","urlTemplate":"https:\/\/www.talidesign.eu\/et\/?s={search_term_string}"},"query-input":{"@type":"PropertyValueSpecification","valueRequired":true,"valueName":"search_term_string"}}],"inLanguage":"et"}]}},"_links":{"self":[{"href":"https:\/\/www.talidesign.eu\/et\/wp-json\/wp\/v2\/product\/97482","targetHints":{"allow":["GET"]}}],"collection":[{"href":"https:\/\/www.talidesign.eu\/et\/wp-json\/wp\/v2\/product"}],"about":[{"href":"https:\/\/www.talidesign.eu\/et\/wp-json\/wp\/v2\/types\/product"}],"wp:featuredmedia":[{"embeddable":true,"href":"https:\/\/www.talidesign.eu\/et\/wp-json\/wp\/v2\/media\/97484"}],"wp:attachment":[{"href":"https:\/\/www.talidesign.eu\/et\/wp-json\/wp\/v2\/media?parent=97482"}],"wp:term":[{"taxonomy":"product_brand","embeddable":true,"href":"https:\/\/www.talidesign.eu\/et\/wp-json\/wp\/v2\/product_brand?post=97482"},{"taxonomy":"product_cat","embeddable":true,"href":"https:\/\/www.talidesign.eu\/et\/wp-json\/wp\/v2\/product_cat?post=97482"},{"taxonomy":"product_tag","embeddable":true,"href":"https:\/\/www.talidesign.eu\/et\/wp-json\/wp\/v2\/product_tag?post=97482"}],"curies":[{"name":"wp","href":"https:\/\/api.w.org\/{rel}","templated":true}]}}