{"id":97498,"date":"2025-01-16T09:12:49","date_gmt":"2025-01-16T07:12:50","guid":{"rendered":"https:\/\/www.talidesign.eu\/?post_type=product&#038;p=97498"},"modified":"2025-03-10T11:54:27","modified_gmt":"2025-03-10T09:54:27","slug":"rains-rolltop-rucksack-seljakott-sand","status":"publish","type":"product","link":"https:\/\/www.talidesign.eu\/et\/pood\/toode\/rains-rolltop-rucksack-seljakott-sand\/","title":{"rendered":"Rains Rolltop Rucksack Seljakott Sand"},"content":{"rendered":"<p><strong>Rolltop Rucksack Seljakott Sand<\/strong><\/p>\n<p>Rains Rolltop Rucksack on inspireeritud Rainsi klassikalisest Rolltop Rucksack koti kujust. Selle veekindla seljakoti v\u00e4limust iseloomustab Rains\u00b4i signatuur karabiinkinnitus ja lahtirullitav avavus. Ratturite peale m\u00f5eldes on seljakotil mugava s\u00f5idu tagamiseks rinnarihm ja koti ees asub D-r\u00f5ngas, kuhu kinnitada rattalukk. Rolltop Rucksack\u00b4il on k\u00fclje peal s\u00fclearvuti tasku, eesmine t\u00f5mblukuga tasku ja mugavaks kandmiseks polsterdatud tagapaneel. Valmistatud Rainsile iseloomulikust vastupidavast veekindlast materjalist.<\/p>\n<p>Rains Rolltop Rucksack Sand on funktsionaalne meeste ja naiste veekindel seljakott.<\/p>\n<p>\u2022 <a href=\"\/et\/tootekategooria\/brandid\/rains-et\/\">Br\u00e4nd Rains<\/a><br \/>\n\u2022 Materjal: 100% pol\u00fcuretaankattega pol\u00fcester<br \/>\n\u2022 Vooder: 100% pol\u00fcester<br \/>\n\u2022 Veepidavus: 8000mm<br \/>\n\u2022 Veekindluse hinnang: W3 \u2013 veekindel kaitse kerge vihma eest<br \/>\n\u2022 M\u00f5\u00f5dud K48 x L32 x S10 cm<br \/>\n\u2022 Maht: 13 L<br \/>\n\u2022 Rullitav karabiinkinnitusega avavus<br \/>\n\u2022 \u00dcks p\u00f5hisahtel<br \/>\n\u2022 Kaetud lukuga esitasku<br \/>\n\u2022 Polsterdatud tagapaneel<br \/>\n\u2022 S\u00fclearvuti tasku 16\u2033 seadmele<br \/>\n\u2022 Reguleeritavad polsterdatud seljarihmad<br \/>\n\u2022 Reguleeritav rinnapealne rihm<\/p>\n<div style=\"width: 300px;\" class=\"wp-video\"><video class=\"wp-video-shortcode\" id=\"video-97498-1\" width=\"300\" height=\"360\" loop autoplay preload=\"metadata\" controls=\"controls\"><source type=\"video\/mp4\" src=\"https:\/\/www.talidesign.eu\/wp\/wp-content\/uploads\/2025\/01\/RXar-lzs25e2agnchkq.mp4?_=1\" \/><a href=\"https:\/\/www.talidesign.eu\/wp\/wp-content\/uploads\/2025\/01\/RXar-lzs25e2agnchkq.mp4\">https:\/\/www.talidesign.eu\/wp\/wp-content\/uploads\/2025\/01\/RXar-lzs25e2agnchkq.mp4<\/a><\/video><\/div><\/br><\/p>\n<p><strong>Rains<\/strong> on k\u00f5rgekvaliteetne Taani moebr\u00e4nd, mis on keskendunud oma toodangus just p\u00f5hjamaisele k\u00fclmale ja vihmasele kliimale. K\u00f5ik tooted on valmistatud 100% vegan, veekindlast ja kauakestvast materjalist. Rains vihmajoped, talvejoped ja seljakotid on \u00fcldjuhul unisex ja sobivad kandmiseks nii meestele kui naistele. Rainsi esteetikas on p\u00fcsivaks alatooniks skandinaavialik lihtsus ja minimalism.<br \/>\n<a href=\"\/et\/tootekategooria\/brandid\/rains-et\/\"><img loading=\"lazy\" decoding=\"async\" src=\"https:\/\/www.talidesign.eu\/wp\/wp-content\/uploads\/2021\/02\/logo-3.jpg\" alt=\"\" width=\"500\" height=\"100\" class=\"alignnone size-full wp-image-24515\" \/><\/a><\/p>\n","protected":false},"excerpt":{"rendered":"<p><strong>Rolltop Rucksack Seljakott Sand<\/strong><\/p>\n<p>Rains Rolltop Rucksack on inspireeritud Rainsi klassikalisest Rolltop Rucksack koti kujust. Selle veekindla seljakoti v\u00e4limust iseloomustab Rains\u00b4i signatuur karabiinkinnitus ja lahtirullitav avavus. Ratturite peale m\u00f5eldes on seljakotil mugava s\u00f5idu tagamiseks rinnarihm ja koti ees asub D-r\u00f5ngas, kuhu kinnitada rattalukk. Rolltop Rucksack\u00b4il on k\u00fclje peal s\u00fclearvuti tasku, eesmine t\u00f5mblukuga tasku ja mugavaks kandmiseks polsterdatud tagapaneel. Valmistatud Rainsile iseloomulikust vastupidavast veekindlast materjalist.<\/p>\n<p>Rains Rolltop Rucksack Sand on funktsionaalne meeste ja naiste veekindel seljakott.<\/p>\n<p>\u2022 <a href=\"\/et\/tootekategooria\/brandid\/rains-et\/\">Br\u00e4nd Rains<\/a><br \/>\n\u2022 Materjal: 100% pol\u00fcuretaankattega pol\u00fcester<br \/>\n\u2022 Vooder: 100% pol\u00fcester<br \/>\n\u2022 Veepidavus: 8000mm<br \/>\n\u2022 Veekindluse hinnang: W3 \u2013 veekindel kaitse kerge vihma eest<br \/>\n\u2022 M\u00f5\u00f5dud K48 x L32 x S10 cm<br \/>\n\u2022 Maht: 13 L<br \/>\n\u2022 Rullitav karabiinkinnitusega avavus<br \/>\n\u2022 \u00dcks p\u00f5hisahtel<br \/>\n\u2022 Kaetud lukuga esitasku<br \/>\n\u2022 Polsterdatud tagapaneel<br \/>\n\u2022 S\u00fclearvuti tasku 16\u2033 seadmele<br \/>\n\u2022 Reguleeritavad polsterdatud seljarihmad<br \/>\n\u2022 Reguleeritav rinnapealne rihm<\/p>\n<div style=\"width: 300px;\" class=\"wp-video\"><video class=\"wp-video-shortcode\" id=\"video-97498-2\" width=\"300\" height=\"360\" loop autoplay preload=\"metadata\" controls=\"controls\"><source type=\"video\/mp4\" src=\"https:\/\/www.talidesign.eu\/wp\/wp-content\/uploads\/2025\/01\/RXar-lzs25e2agnchkq.mp4?_=2\" \/><a href=\"https:\/\/www.talidesign.eu\/wp\/wp-content\/uploads\/2025\/01\/RXar-lzs25e2agnchkq.mp4\">https:\/\/www.talidesign.eu\/wp\/wp-content\/uploads\/2025\/01\/RXar-lzs25e2agnchkq.mp4<\/a><\/video><\/div><\/br><\/p>\n<p><strong>Rains<\/strong> on k\u00f5rgekvaliteetne Taani moebr\u00e4nd, mis on keskendunud oma toodangus just p\u00f5hjamaisele k\u00fclmale ja vihmasele kliimale. K\u00f5ik tooted on valmistatud 100% vegan, veekindlast ja kauakestvast materjalist. Rains vihmajoped, talvejoped ja seljakotid on \u00fcldjuhul unisex ja sobivad kandmiseks nii meestele kui naistele. Rainsi esteetikas on p\u00fcsivaks alatooniks skandinaavialik lihtsus ja minimalism.<br \/>\n<a href=\"\/et\/tootekategooria\/brandid\/rains-et\/\"><img loading=\"lazy\" decoding=\"async\" src=\"https:\/\/www.talidesign.eu\/wp\/wp-content\/uploads\/2021\/02\/logo-3.jpg\" alt=\"\" width=\"500\" height=\"100\" class=\"alignnone size-full wp-image-24515\" \/><\/a><\/p>\n","protected":false},"featured_media":97500,"template":"","meta":[],"product_brand":[],"product_cat":[1026,1131,1113,1075],"product_tag":[1446],"class_list":{"0":"post-97498","1":"product","2":"type-product","3":"status-publish","4":"has-post-thumbnail","6":"product_cat-brandid","7":"product_cat-naiste-kotid","8":"product_cat-kotid","9":"product_cat-rains-et","10":"product_tag-rains-et","12":"first","13":"outofstock","14":"taxable","15":"shipping-taxable","16":"purchasable","17":"product-type-simple"},"yoast_head":"<!-- This site is optimized with the Yoast SEO plugin v27.3 - https:\/\/yoast.com\/product\/yoast-seo-wordpress\/ -->\n<title>Rains Rolltop Rucksack Seljakott Sand - TALI Concept Store<\/title>\n<meta name=\"description\" content=\"Avasta Rains Rolltop Rucksack Sand - veekindel seljakott, mis on inspireeritud klassikalisest Rainsi disainist. Funktsionaalne ja vastupidav!\" \/>\n<meta name=\"robots\" content=\"index, follow, max-snippet:-1, max-image-preview:large, max-video-preview:-1\" \/>\n<link rel=\"canonical\" href=\"https:\/\/www.talidesign.eu\/et\/pood\/toode\/rains-rolltop-rucksack-seljakott-sand\/\" \/>\n<meta property=\"og:locale\" content=\"et_EE\" \/>\n<meta property=\"og:type\" content=\"article\" \/>\n<meta property=\"og:title\" content=\"Rains Rolltop Rucksack Seljakott Sand - TALI Concept Store\" \/>\n<meta property=\"og:description\" content=\"Avasta Rains Rolltop Rucksack Sand - veekindel seljakott, mis on inspireeritud klassikalisest Rainsi disainist. Funktsionaalne ja vastupidav!\" \/>\n<meta property=\"og:url\" content=\"https:\/\/www.talidesign.eu\/et\/pood\/toode\/rains-rolltop-rucksack-seljakott-sand\/\" \/>\n<meta property=\"og:site_name\" content=\"TALI Concept Store\" \/>\n<meta property=\"article:publisher\" content=\"https:\/\/www.facebook.com\/TaliDisain\/\" \/>\n<meta property=\"article:modified_time\" content=\"2025-03-10T09:54:27+00:00\" \/>\n<meta property=\"og:image\" content=\"https:\/\/www.talidesign.eu\/wp\/wp-content\/uploads\/2025\/01\/Rolltop_Rucksack-Backpacks-13320-24_Sand-41-Photoroom.jpg\" \/>\n\t<meta property=\"og:image:width\" content=\"1200\" \/>\n\t<meta property=\"og:image:height\" content=\"1200\" \/>\n\t<meta property=\"og:image:type\" content=\"image\/jpeg\" \/>\n<meta name=\"twitter:card\" content=\"summary_large_image\" \/>\n<meta name=\"twitter:label1\" content=\"Est. reading time\" \/>\n\t<meta name=\"twitter:data1\" content=\"2 minutes\" \/>\n<script type=\"application\/ld+json\" class=\"yoast-schema-graph\">{\"@context\":\"https:\\\/\\\/schema.org\",\"@graph\":[{\"@type\":\"WebPage\",\"@id\":\"https:\\\/\\\/www.talidesign.eu\\\/et\\\/pood\\\/toode\\\/rains-rolltop-rucksack-seljakott-sand\\\/\",\"url\":\"https:\\\/\\\/www.talidesign.eu\\\/et\\\/pood\\\/toode\\\/rains-rolltop-rucksack-seljakott-sand\\\/\",\"name\":\"Rains Rolltop Rucksack Seljakott Sand - TALI Concept Store\",\"isPartOf\":{\"@id\":\"https:\\\/\\\/www.talidesign.eu\\\/et\\\/#website\"},\"primaryImageOfPage\":{\"@id\":\"https:\\\/\\\/www.talidesign.eu\\\/et\\\/pood\\\/toode\\\/rains-rolltop-rucksack-seljakott-sand\\\/#primaryimage\"},\"image\":{\"@id\":\"https:\\\/\\\/www.talidesign.eu\\\/et\\\/pood\\\/toode\\\/rains-rolltop-rucksack-seljakott-sand\\\/#primaryimage\"},\"thumbnailUrl\":\"https:\\\/\\\/www.talidesign.eu\\\/wp\\\/wp-content\\\/uploads\\\/2025\\\/01\\\/Rolltop_Rucksack-Backpacks-13320-24_Sand-41-Photoroom.jpg\",\"datePublished\":\"2025-01-16T07:12:50+00:00\",\"dateModified\":\"2025-03-10T09:54:27+00:00\",\"description\":\"Avasta Rains Rolltop Rucksack Sand - veekindel seljakott, mis on inspireeritud klassikalisest Rainsi disainist. Funktsionaalne ja vastupidav!\",\"breadcrumb\":{\"@id\":\"https:\\\/\\\/www.talidesign.eu\\\/et\\\/pood\\\/toode\\\/rains-rolltop-rucksack-seljakott-sand\\\/#breadcrumb\"},\"inLanguage\":\"et\",\"potentialAction\":[{\"@type\":\"ReadAction\",\"target\":[\"https:\\\/\\\/www.talidesign.eu\\\/et\\\/pood\\\/toode\\\/rains-rolltop-rucksack-seljakott-sand\\\/\"]}]},{\"@type\":\"ImageObject\",\"inLanguage\":\"et\",\"@id\":\"https:\\\/\\\/www.talidesign.eu\\\/et\\\/pood\\\/toode\\\/rains-rolltop-rucksack-seljakott-sand\\\/#primaryimage\",\"url\":\"https:\\\/\\\/www.talidesign.eu\\\/wp\\\/wp-content\\\/uploads\\\/2025\\\/01\\\/Rolltop_Rucksack-Backpacks-13320-24_Sand-41-Photoroom.jpg\",\"contentUrl\":\"https:\\\/\\\/www.talidesign.eu\\\/wp\\\/wp-content\\\/uploads\\\/2025\\\/01\\\/Rolltop_Rucksack-Backpacks-13320-24_Sand-41-Photoroom.jpg\",\"width\":1200,\"height\":1200},{\"@type\":\"BreadcrumbList\",\"@id\":\"https:\\\/\\\/www.talidesign.eu\\\/et\\\/pood\\\/toode\\\/rains-rolltop-rucksack-seljakott-sand\\\/#breadcrumb\",\"itemListElement\":[{\"@type\":\"ListItem\",\"position\":1,\"name\":\"Avaleht\",\"item\":\"https:\\\/\\\/www.talidesign.eu\\\/et\\\/\"},{\"@type\":\"ListItem\",\"position\":2,\"name\":\"Pood\",\"item\":\"https:\\\/\\\/www.talidesign.eu\\\/et\\\/pood\\\/\"},{\"@type\":\"ListItem\",\"position\":3,\"name\":\"Rains Rolltop Rucksack Seljakott Sand\"}]},{\"@type\":\"WebSite\",\"@id\":\"https:\\\/\\\/www.talidesign.eu\\\/et\\\/#website\",\"url\":\"https:\\\/\\\/www.talidesign.eu\\\/et\\\/\",\"name\":\"TALI Concept Store\",\"description\":\"Suurim Disainipood Eestis\",\"potentialAction\":[{\"@type\":\"SearchAction\",\"target\":{\"@type\":\"EntryPoint\",\"urlTemplate\":\"https:\\\/\\\/www.talidesign.eu\\\/et\\\/?s={search_term_string}\"},\"query-input\":{\"@type\":\"PropertyValueSpecification\",\"valueRequired\":true,\"valueName\":\"search_term_string\"}}],\"inLanguage\":\"et\"}]}<\/script>\n<!-- \/ Yoast SEO plugin. -->","yoast_head_json":{"title":"Rains Rolltop Rucksack Seljakott Sand - TALI Concept Store","description":"Avasta Rains Rolltop Rucksack Sand - veekindel seljakott, mis on inspireeritud klassikalisest Rainsi disainist. Funktsionaalne ja vastupidav!","robots":{"index":"index","follow":"follow","max-snippet":"max-snippet:-1","max-image-preview":"max-image-preview:large","max-video-preview":"max-video-preview:-1"},"canonical":"https:\/\/www.talidesign.eu\/et\/pood\/toode\/rains-rolltop-rucksack-seljakott-sand\/","og_locale":"et_EE","og_type":"article","og_title":"Rains Rolltop Rucksack Seljakott Sand - TALI Concept Store","og_description":"Avasta Rains Rolltop Rucksack Sand - veekindel seljakott, mis on inspireeritud klassikalisest Rainsi disainist. Funktsionaalne ja vastupidav!","og_url":"https:\/\/www.talidesign.eu\/et\/pood\/toode\/rains-rolltop-rucksack-seljakott-sand\/","og_site_name":"TALI Concept Store","article_publisher":"https:\/\/www.facebook.com\/TaliDisain\/","article_modified_time":"2025-03-10T09:54:27+00:00","og_image":[{"width":1200,"height":1200,"url":"https:\/\/www.talidesign.eu\/wp\/wp-content\/uploads\/2025\/01\/Rolltop_Rucksack-Backpacks-13320-24_Sand-41-Photoroom.jpg","type":"image\/jpeg"}],"twitter_card":"summary_large_image","twitter_misc":{"Est. reading time":"2 minutes"},"schema":{"@context":"https:\/\/schema.org","@graph":[{"@type":"WebPage","@id":"https:\/\/www.talidesign.eu\/et\/pood\/toode\/rains-rolltop-rucksack-seljakott-sand\/","url":"https:\/\/www.talidesign.eu\/et\/pood\/toode\/rains-rolltop-rucksack-seljakott-sand\/","name":"Rains Rolltop Rucksack Seljakott Sand - TALI Concept Store","isPartOf":{"@id":"https:\/\/www.talidesign.eu\/et\/#website"},"primaryImageOfPage":{"@id":"https:\/\/www.talidesign.eu\/et\/pood\/toode\/rains-rolltop-rucksack-seljakott-sand\/#primaryimage"},"image":{"@id":"https:\/\/www.talidesign.eu\/et\/pood\/toode\/rains-rolltop-rucksack-seljakott-sand\/#primaryimage"},"thumbnailUrl":"https:\/\/www.talidesign.eu\/wp\/wp-content\/uploads\/2025\/01\/Rolltop_Rucksack-Backpacks-13320-24_Sand-41-Photoroom.jpg","datePublished":"2025-01-16T07:12:50+00:00","dateModified":"2025-03-10T09:54:27+00:00","description":"Avasta Rains Rolltop Rucksack Sand - veekindel seljakott, mis on inspireeritud klassikalisest Rainsi disainist. Funktsionaalne ja vastupidav!","breadcrumb":{"@id":"https:\/\/www.talidesign.eu\/et\/pood\/toode\/rains-rolltop-rucksack-seljakott-sand\/#breadcrumb"},"inLanguage":"et","potentialAction":[{"@type":"ReadAction","target":["https:\/\/www.talidesign.eu\/et\/pood\/toode\/rains-rolltop-rucksack-seljakott-sand\/"]}]},{"@type":"ImageObject","inLanguage":"et","@id":"https:\/\/www.talidesign.eu\/et\/pood\/toode\/rains-rolltop-rucksack-seljakott-sand\/#primaryimage","url":"https:\/\/www.talidesign.eu\/wp\/wp-content\/uploads\/2025\/01\/Rolltop_Rucksack-Backpacks-13320-24_Sand-41-Photoroom.jpg","contentUrl":"https:\/\/www.talidesign.eu\/wp\/wp-content\/uploads\/2025\/01\/Rolltop_Rucksack-Backpacks-13320-24_Sand-41-Photoroom.jpg","width":1200,"height":1200},{"@type":"BreadcrumbList","@id":"https:\/\/www.talidesign.eu\/et\/pood\/toode\/rains-rolltop-rucksack-seljakott-sand\/#breadcrumb","itemListElement":[{"@type":"ListItem","position":1,"name":"Avaleht","item":"https:\/\/www.talidesign.eu\/et\/"},{"@type":"ListItem","position":2,"name":"Pood","item":"https:\/\/www.talidesign.eu\/et\/pood\/"},{"@type":"ListItem","position":3,"name":"Rains Rolltop Rucksack Seljakott Sand"}]},{"@type":"WebSite","@id":"https:\/\/www.talidesign.eu\/et\/#website","url":"https:\/\/www.talidesign.eu\/et\/","name":"TALI Concept Store","description":"Suurim Disainipood Eestis","potentialAction":[{"@type":"SearchAction","target":{"@type":"EntryPoint","urlTemplate":"https:\/\/www.talidesign.eu\/et\/?s={search_term_string}"},"query-input":{"@type":"PropertyValueSpecification","valueRequired":true,"valueName":"search_term_string"}}],"inLanguage":"et"}]}},"_links":{"self":[{"href":"https:\/\/www.talidesign.eu\/et\/wp-json\/wp\/v2\/product\/97498","targetHints":{"allow":["GET"]}}],"collection":[{"href":"https:\/\/www.talidesign.eu\/et\/wp-json\/wp\/v2\/product"}],"about":[{"href":"https:\/\/www.talidesign.eu\/et\/wp-json\/wp\/v2\/types\/product"}],"wp:featuredmedia":[{"embeddable":true,"href":"https:\/\/www.talidesign.eu\/et\/wp-json\/wp\/v2\/media\/97500"}],"wp:attachment":[{"href":"https:\/\/www.talidesign.eu\/et\/wp-json\/wp\/v2\/media?parent=97498"}],"wp:term":[{"taxonomy":"product_brand","embeddable":true,"href":"https:\/\/www.talidesign.eu\/et\/wp-json\/wp\/v2\/product_brand?post=97498"},{"taxonomy":"product_cat","embeddable":true,"href":"https:\/\/www.talidesign.eu\/et\/wp-json\/wp\/v2\/product_cat?post=97498"},{"taxonomy":"product_tag","embeddable":true,"href":"https:\/\/www.talidesign.eu\/et\/wp-json\/wp\/v2\/product_tag?post=97498"}],"curies":[{"name":"wp","href":"https:\/\/api.w.org\/{rel}","templated":true}]}}