{"id":97569,"date":"2025-01-18T13:04:11","date_gmt":"2025-01-18T11:04:11","guid":{"rendered":"https:\/\/www.talidesign.eu\/?post_type=product&#038;p=97569"},"modified":"2025-03-27T15:54:52","modified_gmt":"2025-03-27T13:54:52","slug":"lemmiklooma-pesa-hai-hall","status":"publish","type":"product","link":"https:\/\/www.talidesign.eu\/et\/pood\/toode\/lemmiklooma-pesa-hai-hall\/","title":{"rendered":"Lemmiklooma pesa &#8220;Hai&#8221; Hall"},"content":{"rendered":"<p><strong>Lemmiklooma pesa &#8220;Hai&#8221; Hall<\/strong><\/p>\n<p>See stiilne viltmaterjalist pesa on ideaalne varjupaik kassidele ja v\u00e4ikestele koerat\u00f5ugudele. Haikujundus lisab teie elutuppa iseloomu ning pakub suurep\u00e4rast kohta nii m\u00e4ngimiseks kui ka l\u00f5\u00f5gastumiseks. Pehme pol\u00fcestrist padi muudab pesa veelgi mugavamaks puhkealaks. Vormikindel pesa on praktiline ja ruumis\u00e4\u00e4stlik, sest seda saab vajadusel kokku voltida.<\/p>\n<p>\u2022 Vilt<br \/>\n\u2022 45 x 38 x 34 cm<br \/>\n\u2022 <a href=\"\/et\/tootekategooria\/brandid\/zeller-et\/\">Br\u00e4nd Zeller Home<\/a><\/p>\n<p><strong>Meist<\/strong><\/p>\n<p>1983. aastal Saksamaal asutatud Zeller Home t\u00f6\u00f6tab igal aastal v\u00e4lja lugematul hulgal uusi tooteid, mis vaatavad tulevikku. <\/p>\n<p>Kvaliteetne meisterlikkus \u2012 meie tooted sobivad igap\u00e4evaseks kasutamiseks ja on vastupidavad.<\/p>\n<p><a href=\"\/et\/tootekategooria\/brandid\/zeller-et\/\"><img loading=\"lazy\" decoding=\"async\" src=\"https:\/\/www.talidesign.eu\/wp\/wp-content\/uploads\/2021\/07\/titelbild-home-1920x1280-1-1536x1024-1-600x400.jpg\" alt=\"\" width=\"600\" height=\"400\" class=\"alignnone size-medium wp-image-32925\" srcset=\"https:\/\/www.talidesign.eu\/wp\/wp-content\/uploads\/2021\/07\/titelbild-home-1920x1280-1-1536x1024-1-600x400.jpg 600w, https:\/\/www.talidesign.eu\/wp\/wp-content\/uploads\/2021\/07\/titelbild-home-1920x1280-1-1536x1024-1-1200x800.jpg 1200w, https:\/\/www.talidesign.eu\/wp\/wp-content\/uploads\/2021\/07\/titelbild-home-1920x1280-1-1536x1024-1-768x512.jpg 768w, https:\/\/www.talidesign.eu\/wp\/wp-content\/uploads\/2021\/07\/titelbild-home-1920x1280-1-1536x1024-1-500x333.jpg 500w, https:\/\/www.talidesign.eu\/wp\/wp-content\/uploads\/2021\/07\/titelbild-home-1920x1280-1-1536x1024-1-510x340.jpg 510w, https:\/\/www.talidesign.eu\/wp\/wp-content\/uploads\/2021\/07\/titelbild-home-1920x1280-1-1536x1024-1.jpg 1536w\" sizes=\"auto, (max-width: 600px) 100vw, 600px\" \/><\/a><\/p>\n","protected":false},"excerpt":{"rendered":"<p><strong>Lemmiklooma pesa &#8220;Hai&#8221; Hall<\/strong><\/p>\n<p>See stiilne viltmaterjalist pesa on ideaalne varjupaik kassidele ja v\u00e4ikestele koerat\u00f5ugudele. Haikujundus lisab teie elutuppa iseloomu ning pakub suurep\u00e4rast kohta nii m\u00e4ngimiseks kui ka l\u00f5\u00f5gastumiseks. Pehme pol\u00fcestrist padi muudab pesa veelgi mugavamaks puhkealaks. Vormikindel pesa on praktiline ja ruumis\u00e4\u00e4stlik, sest seda saab vajadusel kokku voltida.<\/p>\n<p>\u2022 Vilt<br \/>\n\u2022 45 x 38 x 34 cm<br \/>\n\u2022 <a href=\"\/et\/tootekategooria\/brandid\/zeller-et\/\">Br\u00e4nd Zeller Home<\/a><\/p>\n<p><strong>Meist<\/strong><\/p>\n<p>1983. aastal Saksamaal asutatud Zeller Home t\u00f6\u00f6tab igal aastal v\u00e4lja lugematul hulgal uusi tooteid, mis vaatavad tulevikku. <\/p>\n<p>Kvaliteetne meisterlikkus \u2012 meie tooted sobivad igap\u00e4evaseks kasutamiseks ja on vastupidavad.<\/p>\n<p><a href=\"\/et\/tootekategooria\/brandid\/zeller-et\/\"><img loading=\"lazy\" decoding=\"async\" src=\"https:\/\/www.talidesign.eu\/wp\/wp-content\/uploads\/2021\/07\/titelbild-home-1920x1280-1-1536x1024-1-600x400.jpg\" alt=\"\" width=\"600\" height=\"400\" class=\"alignnone size-medium wp-image-32925\" srcset=\"https:\/\/www.talidesign.eu\/wp\/wp-content\/uploads\/2021\/07\/titelbild-home-1920x1280-1-1536x1024-1-600x400.jpg 600w, https:\/\/www.talidesign.eu\/wp\/wp-content\/uploads\/2021\/07\/titelbild-home-1920x1280-1-1536x1024-1-1200x800.jpg 1200w, https:\/\/www.talidesign.eu\/wp\/wp-content\/uploads\/2021\/07\/titelbild-home-1920x1280-1-1536x1024-1-768x512.jpg 768w, https:\/\/www.talidesign.eu\/wp\/wp-content\/uploads\/2021\/07\/titelbild-home-1920x1280-1-1536x1024-1-500x333.jpg 500w, https:\/\/www.talidesign.eu\/wp\/wp-content\/uploads\/2021\/07\/titelbild-home-1920x1280-1-1536x1024-1-510x340.jpg 510w, https:\/\/www.talidesign.eu\/wp\/wp-content\/uploads\/2021\/07\/titelbild-home-1920x1280-1-1536x1024-1.jpg 1536w\" sizes=\"auto, (max-width: 600px) 100vw, 600px\" \/><\/a><\/p>\n","protected":false},"featured_media":97571,"template":"","meta":[],"product_brand":[],"product_cat":[1177,1026,1018,1108,1032],"product_tag":[1033],"class_list":{"0":"post-97569","1":"product","2":"type-product","3":"status-publish","4":"has-post-thumbnail","6":"product_cat-allahindlus","7":"product_cat-brandid","8":"product_cat-kodu","9":"product_cat-lemmikloomad","10":"product_cat-zeller-et","11":"product_tag-zeller-et","13":"first","14":"outofstock","15":"sale","16":"taxable","17":"shipping-taxable","18":"purchasable","19":"product-type-simple"},"yoast_head":"<!-- This site is optimized with the Yoast SEO plugin v27.3 - https:\/\/yoast.com\/product\/yoast-seo-wordpress\/ -->\n<title>Lemmiklooma pesa &quot;Hai&quot; Hall - TALI Concept Store<\/title>\n<meta name=\"description\" content=\"Avasta stiilne viltmaterjalist lemmiklooma pesa &quot;Hai&quot; Hall. Ideaalne varjupaik kassidele ja v\u00e4ikestele koerat\u00f5ugudele. Lisab elutuppa iseloomu ja pakub suurep\u00e4rast kohta m\u00e4ngimiseks ja l\u00f5\u00f5gastumiseks.\" \/>\n<meta name=\"robots\" content=\"index, follow, max-snippet:-1, max-image-preview:large, max-video-preview:-1\" \/>\n<link rel=\"canonical\" href=\"https:\/\/www.talidesign.eu\/et\/pood\/toode\/lemmiklooma-pesa-hai-hall\/\" \/>\n<meta property=\"og:locale\" content=\"et_EE\" \/>\n<meta property=\"og:type\" content=\"article\" \/>\n<meta property=\"og:title\" content=\"Lemmiklooma pesa &quot;Hai&quot; Hall - TALI Concept Store\" \/>\n<meta property=\"og:description\" content=\"Avasta stiilne viltmaterjalist lemmiklooma pesa &quot;Hai&quot; Hall. Ideaalne varjupaik kassidele ja v\u00e4ikestele koerat\u00f5ugudele. Lisab elutuppa iseloomu ja pakub suurep\u00e4rast kohta m\u00e4ngimiseks ja l\u00f5\u00f5gastumiseks.\" \/>\n<meta property=\"og:url\" content=\"https:\/\/www.talidesign.eu\/et\/pood\/toode\/lemmiklooma-pesa-hai-hall\/\" \/>\n<meta property=\"og:site_name\" content=\"TALI Concept Store\" \/>\n<meta property=\"article:publisher\" content=\"https:\/\/www.facebook.com\/TaliDisain\/\" \/>\n<meta property=\"article:modified_time\" content=\"2025-03-27T13:54:52+00:00\" \/>\n<meta property=\"og:image\" content=\"https:\/\/www.talidesign.eu\/wp\/wp-content\/uploads\/2025\/01\/katzen_koerbchen__hai___filz__grau_38924.jpeg\" \/>\n\t<meta property=\"og:image:width\" content=\"1200\" \/>\n\t<meta property=\"og:image:height\" content=\"1200\" \/>\n\t<meta property=\"og:image:type\" content=\"image\/jpeg\" \/>\n<meta name=\"twitter:card\" content=\"summary_large_image\" \/>\n<meta name=\"twitter:label1\" content=\"Est. reading time\" \/>\n\t<meta name=\"twitter:data1\" content=\"1 minute\" \/>\n<script type=\"application\/ld+json\" class=\"yoast-schema-graph\">{\"@context\":\"https:\\\/\\\/schema.org\",\"@graph\":[{\"@type\":\"WebPage\",\"@id\":\"https:\\\/\\\/www.talidesign.eu\\\/et\\\/pood\\\/toode\\\/lemmiklooma-pesa-hai-hall\\\/\",\"url\":\"https:\\\/\\\/www.talidesign.eu\\\/et\\\/pood\\\/toode\\\/lemmiklooma-pesa-hai-hall\\\/\",\"name\":\"Lemmiklooma pesa \\\"Hai\\\" Hall - TALI Concept Store\",\"isPartOf\":{\"@id\":\"https:\\\/\\\/www.talidesign.eu\\\/et\\\/#website\"},\"primaryImageOfPage\":{\"@id\":\"https:\\\/\\\/www.talidesign.eu\\\/et\\\/pood\\\/toode\\\/lemmiklooma-pesa-hai-hall\\\/#primaryimage\"},\"image\":{\"@id\":\"https:\\\/\\\/www.talidesign.eu\\\/et\\\/pood\\\/toode\\\/lemmiklooma-pesa-hai-hall\\\/#primaryimage\"},\"thumbnailUrl\":\"https:\\\/\\\/www.talidesign.eu\\\/wp\\\/wp-content\\\/uploads\\\/2025\\\/01\\\/katzen_koerbchen__hai___filz__grau_38924.jpeg\",\"datePublished\":\"2025-01-18T11:04:11+00:00\",\"dateModified\":\"2025-03-27T13:54:52+00:00\",\"description\":\"Avasta stiilne viltmaterjalist lemmiklooma pesa \\\"Hai\\\" Hall. Ideaalne varjupaik kassidele ja v\u00e4ikestele koerat\u00f5ugudele. Lisab elutuppa iseloomu ja pakub suurep\u00e4rast kohta m\u00e4ngimiseks ja l\u00f5\u00f5gastumiseks.\",\"breadcrumb\":{\"@id\":\"https:\\\/\\\/www.talidesign.eu\\\/et\\\/pood\\\/toode\\\/lemmiklooma-pesa-hai-hall\\\/#breadcrumb\"},\"inLanguage\":\"et\",\"potentialAction\":[{\"@type\":\"ReadAction\",\"target\":[\"https:\\\/\\\/www.talidesign.eu\\\/et\\\/pood\\\/toode\\\/lemmiklooma-pesa-hai-hall\\\/\"]}]},{\"@type\":\"ImageObject\",\"inLanguage\":\"et\",\"@id\":\"https:\\\/\\\/www.talidesign.eu\\\/et\\\/pood\\\/toode\\\/lemmiklooma-pesa-hai-hall\\\/#primaryimage\",\"url\":\"https:\\\/\\\/www.talidesign.eu\\\/wp\\\/wp-content\\\/uploads\\\/2025\\\/01\\\/katzen_koerbchen__hai___filz__grau_38924.jpeg\",\"contentUrl\":\"https:\\\/\\\/www.talidesign.eu\\\/wp\\\/wp-content\\\/uploads\\\/2025\\\/01\\\/katzen_koerbchen__hai___filz__grau_38924.jpeg\",\"width\":1200,\"height\":1200},{\"@type\":\"BreadcrumbList\",\"@id\":\"https:\\\/\\\/www.talidesign.eu\\\/et\\\/pood\\\/toode\\\/lemmiklooma-pesa-hai-hall\\\/#breadcrumb\",\"itemListElement\":[{\"@type\":\"ListItem\",\"position\":1,\"name\":\"Avaleht\",\"item\":\"https:\\\/\\\/www.talidesign.eu\\\/et\\\/\"},{\"@type\":\"ListItem\",\"position\":2,\"name\":\"Pood\",\"item\":\"https:\\\/\\\/www.talidesign.eu\\\/et\\\/pood\\\/\"},{\"@type\":\"ListItem\",\"position\":3,\"name\":\"Lemmiklooma pesa &#8220;Hai&#8221; Hall\"}]},{\"@type\":\"WebSite\",\"@id\":\"https:\\\/\\\/www.talidesign.eu\\\/et\\\/#website\",\"url\":\"https:\\\/\\\/www.talidesign.eu\\\/et\\\/\",\"name\":\"TALI Concept Store\",\"description\":\"Suurim Disainipood Eestis\",\"potentialAction\":[{\"@type\":\"SearchAction\",\"target\":{\"@type\":\"EntryPoint\",\"urlTemplate\":\"https:\\\/\\\/www.talidesign.eu\\\/et\\\/?s={search_term_string}\"},\"query-input\":{\"@type\":\"PropertyValueSpecification\",\"valueRequired\":true,\"valueName\":\"search_term_string\"}}],\"inLanguage\":\"et\"}]}<\/script>\n<!-- \/ Yoast SEO plugin. -->","yoast_head_json":{"title":"Lemmiklooma pesa \"Hai\" Hall - TALI Concept Store","description":"Avasta stiilne viltmaterjalist lemmiklooma pesa \"Hai\" Hall. Ideaalne varjupaik kassidele ja v\u00e4ikestele koerat\u00f5ugudele. Lisab elutuppa iseloomu ja pakub suurep\u00e4rast kohta m\u00e4ngimiseks ja l\u00f5\u00f5gastumiseks.","robots":{"index":"index","follow":"follow","max-snippet":"max-snippet:-1","max-image-preview":"max-image-preview:large","max-video-preview":"max-video-preview:-1"},"canonical":"https:\/\/www.talidesign.eu\/et\/pood\/toode\/lemmiklooma-pesa-hai-hall\/","og_locale":"et_EE","og_type":"article","og_title":"Lemmiklooma pesa \"Hai\" Hall - TALI Concept Store","og_description":"Avasta stiilne viltmaterjalist lemmiklooma pesa \"Hai\" Hall. Ideaalne varjupaik kassidele ja v\u00e4ikestele koerat\u00f5ugudele. Lisab elutuppa iseloomu ja pakub suurep\u00e4rast kohta m\u00e4ngimiseks ja l\u00f5\u00f5gastumiseks.","og_url":"https:\/\/www.talidesign.eu\/et\/pood\/toode\/lemmiklooma-pesa-hai-hall\/","og_site_name":"TALI Concept Store","article_publisher":"https:\/\/www.facebook.com\/TaliDisain\/","article_modified_time":"2025-03-27T13:54:52+00:00","og_image":[{"width":1200,"height":1200,"url":"https:\/\/www.talidesign.eu\/wp\/wp-content\/uploads\/2025\/01\/katzen_koerbchen__hai___filz__grau_38924.jpeg","type":"image\/jpeg"}],"twitter_card":"summary_large_image","twitter_misc":{"Est. reading time":"1 minute"},"schema":{"@context":"https:\/\/schema.org","@graph":[{"@type":"WebPage","@id":"https:\/\/www.talidesign.eu\/et\/pood\/toode\/lemmiklooma-pesa-hai-hall\/","url":"https:\/\/www.talidesign.eu\/et\/pood\/toode\/lemmiklooma-pesa-hai-hall\/","name":"Lemmiklooma pesa \"Hai\" Hall - TALI Concept Store","isPartOf":{"@id":"https:\/\/www.talidesign.eu\/et\/#website"},"primaryImageOfPage":{"@id":"https:\/\/www.talidesign.eu\/et\/pood\/toode\/lemmiklooma-pesa-hai-hall\/#primaryimage"},"image":{"@id":"https:\/\/www.talidesign.eu\/et\/pood\/toode\/lemmiklooma-pesa-hai-hall\/#primaryimage"},"thumbnailUrl":"https:\/\/www.talidesign.eu\/wp\/wp-content\/uploads\/2025\/01\/katzen_koerbchen__hai___filz__grau_38924.jpeg","datePublished":"2025-01-18T11:04:11+00:00","dateModified":"2025-03-27T13:54:52+00:00","description":"Avasta stiilne viltmaterjalist lemmiklooma pesa \"Hai\" Hall. Ideaalne varjupaik kassidele ja v\u00e4ikestele koerat\u00f5ugudele. Lisab elutuppa iseloomu ja pakub suurep\u00e4rast kohta m\u00e4ngimiseks ja l\u00f5\u00f5gastumiseks.","breadcrumb":{"@id":"https:\/\/www.talidesign.eu\/et\/pood\/toode\/lemmiklooma-pesa-hai-hall\/#breadcrumb"},"inLanguage":"et","potentialAction":[{"@type":"ReadAction","target":["https:\/\/www.talidesign.eu\/et\/pood\/toode\/lemmiklooma-pesa-hai-hall\/"]}]},{"@type":"ImageObject","inLanguage":"et","@id":"https:\/\/www.talidesign.eu\/et\/pood\/toode\/lemmiklooma-pesa-hai-hall\/#primaryimage","url":"https:\/\/www.talidesign.eu\/wp\/wp-content\/uploads\/2025\/01\/katzen_koerbchen__hai___filz__grau_38924.jpeg","contentUrl":"https:\/\/www.talidesign.eu\/wp\/wp-content\/uploads\/2025\/01\/katzen_koerbchen__hai___filz__grau_38924.jpeg","width":1200,"height":1200},{"@type":"BreadcrumbList","@id":"https:\/\/www.talidesign.eu\/et\/pood\/toode\/lemmiklooma-pesa-hai-hall\/#breadcrumb","itemListElement":[{"@type":"ListItem","position":1,"name":"Avaleht","item":"https:\/\/www.talidesign.eu\/et\/"},{"@type":"ListItem","position":2,"name":"Pood","item":"https:\/\/www.talidesign.eu\/et\/pood\/"},{"@type":"ListItem","position":3,"name":"Lemmiklooma pesa &#8220;Hai&#8221; Hall"}]},{"@type":"WebSite","@id":"https:\/\/www.talidesign.eu\/et\/#website","url":"https:\/\/www.talidesign.eu\/et\/","name":"TALI Concept Store","description":"Suurim Disainipood Eestis","potentialAction":[{"@type":"SearchAction","target":{"@type":"EntryPoint","urlTemplate":"https:\/\/www.talidesign.eu\/et\/?s={search_term_string}"},"query-input":{"@type":"PropertyValueSpecification","valueRequired":true,"valueName":"search_term_string"}}],"inLanguage":"et"}]}},"_links":{"self":[{"href":"https:\/\/www.talidesign.eu\/et\/wp-json\/wp\/v2\/product\/97569","targetHints":{"allow":["GET"]}}],"collection":[{"href":"https:\/\/www.talidesign.eu\/et\/wp-json\/wp\/v2\/product"}],"about":[{"href":"https:\/\/www.talidesign.eu\/et\/wp-json\/wp\/v2\/types\/product"}],"wp:featuredmedia":[{"embeddable":true,"href":"https:\/\/www.talidesign.eu\/et\/wp-json\/wp\/v2\/media\/97571"}],"wp:attachment":[{"href":"https:\/\/www.talidesign.eu\/et\/wp-json\/wp\/v2\/media?parent=97569"}],"wp:term":[{"taxonomy":"product_brand","embeddable":true,"href":"https:\/\/www.talidesign.eu\/et\/wp-json\/wp\/v2\/product_brand?post=97569"},{"taxonomy":"product_cat","embeddable":true,"href":"https:\/\/www.talidesign.eu\/et\/wp-json\/wp\/v2\/product_cat?post=97569"},{"taxonomy":"product_tag","embeddable":true,"href":"https:\/\/www.talidesign.eu\/et\/wp-json\/wp\/v2\/product_tag?post=97569"}],"curies":[{"name":"wp","href":"https:\/\/api.w.org\/{rel}","templated":true}]}}