{"id":97648,"date":"2025-01-18T22:13:03","date_gmt":"2025-01-18T20:13:05","guid":{"rendered":"https:\/\/www.talidesign.eu\/?post_type=product&#038;p=97648"},"modified":"2025-05-30T14:32:03","modified_gmt":"2025-05-30T11:32:03","slug":"dedicated-t-sark-vadstena-kind-to-be-cool-charcoal","status":"publish","type":"product","link":"https:\/\/www.talidesign.eu\/et\/pood\/toode\/dedicated-t-sark-vadstena-kind-to-be-cool-charcoal\/","title":{"rendered":"Dedicated T-s\u00e4rk Vadstena Kind To Be Cool Charcoal"},"content":{"rendered":"<p><strong>T-s\u00e4rk Vadstena Kind To Be Cool Charcoal<\/strong><\/p>\n<p>L\u00f5\u00f5gastava l\u00f5ikega T-s\u00e4rk \u00fcmarakaelusega, veidi pikemate varrukate ja avarama istuvusega. Valmistatud orgaanilisest puuvillast, mis on sertifitseeritud ROC&#x2122;, Fairtrade ja GOTS standardite j\u00e4rgi.<\/p>\n<p>\u2022 \u00dcmar kaelus<br \/>\n\u2022 Fairtrade &#038; Orgaaniline<\/p>\n<p>See toode on valmistatud 100% orgaanilisest puuvillast, mis on sertifitseeritud Fairtrade&#8217;i poolt, mis on \u00fcks rangeimaid standardeid turul.<\/p>\n<p>\u2022 <a href=\"\/et\/tootekategooria\/brandid\/dedicated-et\/\">Br\u00e4nd Dedicated<\/a><\/p>\n<p><strong>Suuruste tabel<\/strong><\/p>\n<p><a href=\"https:\/\/www.talidesign.eu\/wp\/wp-content\/uploads\/2025\/01\/size-2.jpg\"><img loading=\"lazy\" decoding=\"async\" src=\"https:\/\/www.talidesign.eu\/wp\/wp-content\/uploads\/2025\/01\/size-2-770x400.jpg\" alt=\"\" width=\"770\" height=\"400\" class=\"alignnone size-medium wp-image-97655\" srcset=\"https:\/\/www.talidesign.eu\/wp\/wp-content\/uploads\/2025\/01\/size-2-770x400.jpg 770w, https:\/\/www.talidesign.eu\/wp\/wp-content\/uploads\/2025\/01\/size-2-1400x727.jpg 1400w, https:\/\/www.talidesign.eu\/wp\/wp-content\/uploads\/2025\/01\/size-2-768x399.jpg 768w, https:\/\/www.talidesign.eu\/wp\/wp-content\/uploads\/2025\/01\/size-2-1536x798.jpg 1536w, https:\/\/www.talidesign.eu\/wp\/wp-content\/uploads\/2025\/01\/size-2-500x260.jpg 500w, https:\/\/www.talidesign.eu\/wp\/wp-content\/uploads\/2025\/01\/size-2-510x265.jpg 510w, https:\/\/www.talidesign.eu\/wp\/wp-content\/uploads\/2025\/01\/size-2.jpg 1954w\" sizes=\"auto, (max-width: 770px) 100vw, 770px\" \/><\/a><\/p>\n<p><a href=\"https:\/\/www.talidesign.eu\/wp\/wp-content\/uploads\/2021\/03\/cert-2.jpg\"><img loading=\"lazy\" decoding=\"async\" src=\"https:\/\/www.talidesign.eu\/wp\/wp-content\/uploads\/2021\/03\/cert-2.jpg\" alt=\"\" width=\"428\" height=\"81\" class=\"alignnone size-full wp-image-22967\" \/><\/a><br \/>\n<strong>Toetage meie planeeti \/ DEDICATED.<\/strong><\/p>\n<p>T\u00f6\u00f6tame GOTSi ja Fairtrade&#8217;i sertifitseeritud puuvilla, GRS -i ringlussev\u00f5etud pol\u00fcestri ja looduslike kiududega, nagu Tencel Lyocell. Loome moodi, mis hoolitseb nii p\u00f5llumeeste kui ka klientide eest.<\/p>\n<p><a href=\"https:\/\/www.talidesign.eu\/wp\/wp-content\/uploads\/2020\/04\/our-story-climate-strike_4101.jpg\"><img loading=\"lazy\" decoding=\"async\" class=\"alignnone size-full wp-image-9480\" src=\"https:\/\/www.talidesign.eu\/wp\/wp-content\/uploads\/2020\/04\/our-story-climate-strike_4101.jpg\" alt=\"\" width=\"700\" height=\"700\" srcset=\"https:\/\/www.talidesign.eu\/wp\/wp-content\/uploads\/2020\/04\/our-story-climate-strike_4101.jpg 700w, https:\/\/www.talidesign.eu\/wp\/wp-content\/uploads\/2020\/04\/our-story-climate-strike_4101-400x400.jpg 400w, https:\/\/www.talidesign.eu\/wp\/wp-content\/uploads\/2020\/04\/our-story-climate-strike_4101-280x280.jpg 280w, https:\/\/www.talidesign.eu\/wp\/wp-content\/uploads\/2020\/04\/our-story-climate-strike_4101-500x500.jpg 500w, https:\/\/www.talidesign.eu\/wp\/wp-content\/uploads\/2020\/04\/our-story-climate-strike_4101-510x510.jpg 510w, https:\/\/www.talidesign.eu\/wp\/wp-content\/uploads\/2020\/04\/our-story-climate-strike_4101-100x100.jpg 100w\" sizes=\"auto, (max-width: 700px) 100vw, 700px\" \/><\/a><br \/>\n<a href=\"\/et\/tootekategooria\/brandid\/dedicated-et\/\"><img loading=\"lazy\" decoding=\"async\" src=\"https:\/\/www.talidesign.eu\/wp\/wp-content\/uploads\/2021\/03\/logo-2.jpg\" alt=\"\" width=\"500\" height=\"100\" class=\"alignnone size-full wp-image-24408\" \/><\/a><\/p>\n","protected":false},"excerpt":{"rendered":"<p><strong>T-s\u00e4rk Vadstena Kind To Be Cool Charcoal<\/strong><\/p>\n<p>L\u00f5\u00f5gastava l\u00f5ikega T-s\u00e4rk \u00fcmarakaelusega, veidi pikemate varrukate ja avarama istuvusega. Valmistatud orgaanilisest puuvillast, mis on sertifitseeritud ROC&#x2122;, Fairtrade ja GOTS standardite j\u00e4rgi.<\/p>\n<p>\u2022 \u00dcmar kaelus<br \/>\n\u2022 Fairtrade &#038; Orgaaniline<\/p>\n<p>See toode on valmistatud 100% orgaanilisest puuvillast, mis on sertifitseeritud Fairtrade&#8217;i poolt, mis on \u00fcks rangeimaid standardeid turul.<\/p>\n<p>\u2022 <a href=\"\/et\/tootekategooria\/brandid\/dedicated-et\/\">Br\u00e4nd Dedicated<\/a><\/p>\n<p><strong>Suuruste tabel<\/strong><\/p>\n<p><a href=\"https:\/\/www.talidesign.eu\/wp\/wp-content\/uploads\/2025\/01\/size-2.jpg\"><img loading=\"lazy\" decoding=\"async\" src=\"https:\/\/www.talidesign.eu\/wp\/wp-content\/uploads\/2025\/01\/size-2-770x400.jpg\" alt=\"\" width=\"770\" height=\"400\" class=\"alignnone size-medium wp-image-97655\" srcset=\"https:\/\/www.talidesign.eu\/wp\/wp-content\/uploads\/2025\/01\/size-2-770x400.jpg 770w, https:\/\/www.talidesign.eu\/wp\/wp-content\/uploads\/2025\/01\/size-2-1400x727.jpg 1400w, https:\/\/www.talidesign.eu\/wp\/wp-content\/uploads\/2025\/01\/size-2-768x399.jpg 768w, https:\/\/www.talidesign.eu\/wp\/wp-content\/uploads\/2025\/01\/size-2-1536x798.jpg 1536w, https:\/\/www.talidesign.eu\/wp\/wp-content\/uploads\/2025\/01\/size-2-500x260.jpg 500w, https:\/\/www.talidesign.eu\/wp\/wp-content\/uploads\/2025\/01\/size-2-510x265.jpg 510w, https:\/\/www.talidesign.eu\/wp\/wp-content\/uploads\/2025\/01\/size-2.jpg 1954w\" sizes=\"auto, (max-width: 770px) 100vw, 770px\" \/><\/a><\/p>\n<p><a href=\"https:\/\/www.talidesign.eu\/wp\/wp-content\/uploads\/2021\/03\/cert-2.jpg\"><img loading=\"lazy\" decoding=\"async\" src=\"https:\/\/www.talidesign.eu\/wp\/wp-content\/uploads\/2021\/03\/cert-2.jpg\" alt=\"\" width=\"428\" height=\"81\" class=\"alignnone size-full wp-image-22967\" \/><\/a><br \/>\n<strong>Toetage meie planeeti \/ DEDICATED.<\/strong><\/p>\n<p>T\u00f6\u00f6tame GOTSi ja Fairtrade&#8217;i sertifitseeritud puuvilla, GRS -i ringlussev\u00f5etud pol\u00fcestri ja looduslike kiududega, nagu Tencel Lyocell. Loome moodi, mis hoolitseb nii p\u00f5llumeeste kui ka klientide eest.<\/p>\n<p><a href=\"https:\/\/www.talidesign.eu\/wp\/wp-content\/uploads\/2020\/04\/our-story-climate-strike_4101.jpg\"><img loading=\"lazy\" decoding=\"async\" class=\"alignnone size-full wp-image-9480\" src=\"https:\/\/www.talidesign.eu\/wp\/wp-content\/uploads\/2020\/04\/our-story-climate-strike_4101.jpg\" alt=\"\" width=\"700\" height=\"700\" srcset=\"https:\/\/www.talidesign.eu\/wp\/wp-content\/uploads\/2020\/04\/our-story-climate-strike_4101.jpg 700w, https:\/\/www.talidesign.eu\/wp\/wp-content\/uploads\/2020\/04\/our-story-climate-strike_4101-400x400.jpg 400w, https:\/\/www.talidesign.eu\/wp\/wp-content\/uploads\/2020\/04\/our-story-climate-strike_4101-280x280.jpg 280w, https:\/\/www.talidesign.eu\/wp\/wp-content\/uploads\/2020\/04\/our-story-climate-strike_4101-500x500.jpg 500w, https:\/\/www.talidesign.eu\/wp\/wp-content\/uploads\/2020\/04\/our-story-climate-strike_4101-510x510.jpg 510w, https:\/\/www.talidesign.eu\/wp\/wp-content\/uploads\/2020\/04\/our-story-climate-strike_4101-100x100.jpg 100w\" sizes=\"auto, (max-width: 700px) 100vw, 700px\" \/><\/a><br \/>\n<a href=\"\/et\/tootekategooria\/brandid\/dedicated-et\/\"><img loading=\"lazy\" decoding=\"async\" src=\"https:\/\/www.talidesign.eu\/wp\/wp-content\/uploads\/2021\/03\/logo-2.jpg\" alt=\"\" width=\"500\" height=\"100\" class=\"alignnone size-full wp-image-24408\" \/><\/a><\/p>\n","protected":false},"featured_media":97662,"template":"","meta":[],"product_brand":[],"product_cat":[1042,1142],"product_tag":[1585],"class_list":{"0":"post-97648","1":"product","2":"type-product","3":"status-publish","4":"has-post-thumbnail","6":"product_cat-dedicated-et","7":"product_cat-t-sargid","8":"product_tag-dedicated-et","10":"first","11":"outofstock","12":"taxable","13":"shipping-taxable","14":"product-type-variable"},"yoast_head":"<!-- This site is optimized with the Yoast SEO plugin v27.3 - https:\/\/yoast.com\/product\/yoast-seo-wordpress\/ -->\n<title>Dedicated T-s\u00e4rk Vadstena Kind To Be Cool Charcoal - TALI Concept Store<\/title>\n<meta name=\"description\" content=\"Osta T-s\u00e4rk Vadstena Kind To Be Cool Charcoal. L\u00f5\u00f5gastava l\u00f5ikega, orgaanilisest puuvillast, Fairtrade&#039;i ja GOTS sertifitseeritud. Saadaval erinevates suurustes.\" \/>\n<meta name=\"robots\" content=\"index, follow, max-snippet:-1, max-image-preview:large, max-video-preview:-1\" \/>\n<link rel=\"canonical\" href=\"https:\/\/www.talidesign.eu\/et\/pood\/toode\/dedicated-t-sark-vadstena-kind-to-be-cool-charcoal\/\" \/>\n<meta property=\"og:locale\" content=\"et_EE\" \/>\n<meta property=\"og:type\" content=\"article\" \/>\n<meta property=\"og:title\" content=\"Dedicated T-s\u00e4rk Vadstena Kind To Be Cool Charcoal - TALI Concept Store\" \/>\n<meta property=\"og:description\" content=\"Osta T-s\u00e4rk Vadstena Kind To Be Cool Charcoal. L\u00f5\u00f5gastava l\u00f5ikega, orgaanilisest puuvillast, Fairtrade&#039;i ja GOTS sertifitseeritud. Saadaval erinevates suurustes.\" \/>\n<meta property=\"og:url\" content=\"https:\/\/www.talidesign.eu\/et\/pood\/toode\/dedicated-t-sark-vadstena-kind-to-be-cool-charcoal\/\" \/>\n<meta property=\"og:site_name\" content=\"TALI Concept Store\" \/>\n<meta property=\"article:publisher\" content=\"https:\/\/www.facebook.com\/TaliDisain\/\" \/>\n<meta property=\"article:modified_time\" content=\"2025-05-30T11:32:03+00:00\" \/>\n<meta property=\"og:image\" content=\"https:\/\/www.talidesign.eu\/wp\/wp-content\/uploads\/2025\/01\/10125_e542c591bf-22414_5-ded-large-Photoroom.jpg\" \/>\n\t<meta property=\"og:image:width\" content=\"1300\" \/>\n\t<meta property=\"og:image:height\" content=\"1300\" \/>\n\t<meta property=\"og:image:type\" content=\"image\/jpeg\" \/>\n<meta name=\"twitter:card\" content=\"summary_large_image\" \/>\n<meta name=\"twitter:label1\" content=\"Est. reading time\" \/>\n\t<meta name=\"twitter:data1\" content=\"2 minutes\" \/>\n<script type=\"application\/ld+json\" class=\"yoast-schema-graph\">{\"@context\":\"https:\\\/\\\/schema.org\",\"@graph\":[{\"@type\":\"WebPage\",\"@id\":\"https:\\\/\\\/www.talidesign.eu\\\/et\\\/pood\\\/toode\\\/dedicated-t-sark-vadstena-kind-to-be-cool-charcoal\\\/\",\"url\":\"https:\\\/\\\/www.talidesign.eu\\\/et\\\/pood\\\/toode\\\/dedicated-t-sark-vadstena-kind-to-be-cool-charcoal\\\/\",\"name\":\"Dedicated T-s\u00e4rk Vadstena Kind To Be Cool Charcoal - TALI Concept Store\",\"isPartOf\":{\"@id\":\"https:\\\/\\\/www.talidesign.eu\\\/et\\\/#website\"},\"primaryImageOfPage\":{\"@id\":\"https:\\\/\\\/www.talidesign.eu\\\/et\\\/pood\\\/toode\\\/dedicated-t-sark-vadstena-kind-to-be-cool-charcoal\\\/#primaryimage\"},\"image\":{\"@id\":\"https:\\\/\\\/www.talidesign.eu\\\/et\\\/pood\\\/toode\\\/dedicated-t-sark-vadstena-kind-to-be-cool-charcoal\\\/#primaryimage\"},\"thumbnailUrl\":\"https:\\\/\\\/www.talidesign.eu\\\/wp\\\/wp-content\\\/uploads\\\/2025\\\/01\\\/10125_e542c591bf-22414_5-ded-large-Photoroom.jpg\",\"datePublished\":\"2025-01-18T20:13:05+00:00\",\"dateModified\":\"2025-05-30T11:32:03+00:00\",\"description\":\"Osta T-s\u00e4rk Vadstena Kind To Be Cool Charcoal. L\u00f5\u00f5gastava l\u00f5ikega, orgaanilisest puuvillast, Fairtrade'i ja GOTS sertifitseeritud. Saadaval erinevates suurustes.\",\"breadcrumb\":{\"@id\":\"https:\\\/\\\/www.talidesign.eu\\\/et\\\/pood\\\/toode\\\/dedicated-t-sark-vadstena-kind-to-be-cool-charcoal\\\/#breadcrumb\"},\"inLanguage\":\"et\",\"potentialAction\":[{\"@type\":\"ReadAction\",\"target\":[\"https:\\\/\\\/www.talidesign.eu\\\/et\\\/pood\\\/toode\\\/dedicated-t-sark-vadstena-kind-to-be-cool-charcoal\\\/\"]}]},{\"@type\":\"ImageObject\",\"inLanguage\":\"et\",\"@id\":\"https:\\\/\\\/www.talidesign.eu\\\/et\\\/pood\\\/toode\\\/dedicated-t-sark-vadstena-kind-to-be-cool-charcoal\\\/#primaryimage\",\"url\":\"https:\\\/\\\/www.talidesign.eu\\\/wp\\\/wp-content\\\/uploads\\\/2025\\\/01\\\/10125_e542c591bf-22414_5-ded-large-Photoroom.jpg\",\"contentUrl\":\"https:\\\/\\\/www.talidesign.eu\\\/wp\\\/wp-content\\\/uploads\\\/2025\\\/01\\\/10125_e542c591bf-22414_5-ded-large-Photoroom.jpg\",\"width\":1300,\"height\":1300},{\"@type\":\"BreadcrumbList\",\"@id\":\"https:\\\/\\\/www.talidesign.eu\\\/et\\\/pood\\\/toode\\\/dedicated-t-sark-vadstena-kind-to-be-cool-charcoal\\\/#breadcrumb\",\"itemListElement\":[{\"@type\":\"ListItem\",\"position\":1,\"name\":\"Avaleht\",\"item\":\"https:\\\/\\\/www.talidesign.eu\\\/et\\\/\"},{\"@type\":\"ListItem\",\"position\":2,\"name\":\"Pood\",\"item\":\"https:\\\/\\\/www.talidesign.eu\\\/et\\\/pood\\\/\"},{\"@type\":\"ListItem\",\"position\":3,\"name\":\"Dedicated T-s\u00e4rk Vadstena Kind To Be Cool Charcoal\"}]},{\"@type\":\"WebSite\",\"@id\":\"https:\\\/\\\/www.talidesign.eu\\\/et\\\/#website\",\"url\":\"https:\\\/\\\/www.talidesign.eu\\\/et\\\/\",\"name\":\"TALI Concept Store\",\"description\":\"Suurim Disainipood Eestis\",\"potentialAction\":[{\"@type\":\"SearchAction\",\"target\":{\"@type\":\"EntryPoint\",\"urlTemplate\":\"https:\\\/\\\/www.talidesign.eu\\\/et\\\/?s={search_term_string}\"},\"query-input\":{\"@type\":\"PropertyValueSpecification\",\"valueRequired\":true,\"valueName\":\"search_term_string\"}}],\"inLanguage\":\"et\"}]}<\/script>\n<!-- \/ Yoast SEO plugin. -->","yoast_head_json":{"title":"Dedicated T-s\u00e4rk Vadstena Kind To Be Cool Charcoal - TALI Concept Store","description":"Osta T-s\u00e4rk Vadstena Kind To Be Cool Charcoal. L\u00f5\u00f5gastava l\u00f5ikega, orgaanilisest puuvillast, Fairtrade'i ja GOTS sertifitseeritud. Saadaval erinevates suurustes.","robots":{"index":"index","follow":"follow","max-snippet":"max-snippet:-1","max-image-preview":"max-image-preview:large","max-video-preview":"max-video-preview:-1"},"canonical":"https:\/\/www.talidesign.eu\/et\/pood\/toode\/dedicated-t-sark-vadstena-kind-to-be-cool-charcoal\/","og_locale":"et_EE","og_type":"article","og_title":"Dedicated T-s\u00e4rk Vadstena Kind To Be Cool Charcoal - TALI Concept Store","og_description":"Osta T-s\u00e4rk Vadstena Kind To Be Cool Charcoal. L\u00f5\u00f5gastava l\u00f5ikega, orgaanilisest puuvillast, Fairtrade'i ja GOTS sertifitseeritud. Saadaval erinevates suurustes.","og_url":"https:\/\/www.talidesign.eu\/et\/pood\/toode\/dedicated-t-sark-vadstena-kind-to-be-cool-charcoal\/","og_site_name":"TALI Concept Store","article_publisher":"https:\/\/www.facebook.com\/TaliDisain\/","article_modified_time":"2025-05-30T11:32:03+00:00","og_image":[{"width":1300,"height":1300,"url":"https:\/\/www.talidesign.eu\/wp\/wp-content\/uploads\/2025\/01\/10125_e542c591bf-22414_5-ded-large-Photoroom.jpg","type":"image\/jpeg"}],"twitter_card":"summary_large_image","twitter_misc":{"Est. reading time":"2 minutes"},"schema":{"@context":"https:\/\/schema.org","@graph":[{"@type":"WebPage","@id":"https:\/\/www.talidesign.eu\/et\/pood\/toode\/dedicated-t-sark-vadstena-kind-to-be-cool-charcoal\/","url":"https:\/\/www.talidesign.eu\/et\/pood\/toode\/dedicated-t-sark-vadstena-kind-to-be-cool-charcoal\/","name":"Dedicated T-s\u00e4rk Vadstena Kind To Be Cool Charcoal - TALI Concept Store","isPartOf":{"@id":"https:\/\/www.talidesign.eu\/et\/#website"},"primaryImageOfPage":{"@id":"https:\/\/www.talidesign.eu\/et\/pood\/toode\/dedicated-t-sark-vadstena-kind-to-be-cool-charcoal\/#primaryimage"},"image":{"@id":"https:\/\/www.talidesign.eu\/et\/pood\/toode\/dedicated-t-sark-vadstena-kind-to-be-cool-charcoal\/#primaryimage"},"thumbnailUrl":"https:\/\/www.talidesign.eu\/wp\/wp-content\/uploads\/2025\/01\/10125_e542c591bf-22414_5-ded-large-Photoroom.jpg","datePublished":"2025-01-18T20:13:05+00:00","dateModified":"2025-05-30T11:32:03+00:00","description":"Osta T-s\u00e4rk Vadstena Kind To Be Cool Charcoal. L\u00f5\u00f5gastava l\u00f5ikega, orgaanilisest puuvillast, Fairtrade'i ja GOTS sertifitseeritud. Saadaval erinevates suurustes.","breadcrumb":{"@id":"https:\/\/www.talidesign.eu\/et\/pood\/toode\/dedicated-t-sark-vadstena-kind-to-be-cool-charcoal\/#breadcrumb"},"inLanguage":"et","potentialAction":[{"@type":"ReadAction","target":["https:\/\/www.talidesign.eu\/et\/pood\/toode\/dedicated-t-sark-vadstena-kind-to-be-cool-charcoal\/"]}]},{"@type":"ImageObject","inLanguage":"et","@id":"https:\/\/www.talidesign.eu\/et\/pood\/toode\/dedicated-t-sark-vadstena-kind-to-be-cool-charcoal\/#primaryimage","url":"https:\/\/www.talidesign.eu\/wp\/wp-content\/uploads\/2025\/01\/10125_e542c591bf-22414_5-ded-large-Photoroom.jpg","contentUrl":"https:\/\/www.talidesign.eu\/wp\/wp-content\/uploads\/2025\/01\/10125_e542c591bf-22414_5-ded-large-Photoroom.jpg","width":1300,"height":1300},{"@type":"BreadcrumbList","@id":"https:\/\/www.talidesign.eu\/et\/pood\/toode\/dedicated-t-sark-vadstena-kind-to-be-cool-charcoal\/#breadcrumb","itemListElement":[{"@type":"ListItem","position":1,"name":"Avaleht","item":"https:\/\/www.talidesign.eu\/et\/"},{"@type":"ListItem","position":2,"name":"Pood","item":"https:\/\/www.talidesign.eu\/et\/pood\/"},{"@type":"ListItem","position":3,"name":"Dedicated T-s\u00e4rk Vadstena Kind To Be Cool Charcoal"}]},{"@type":"WebSite","@id":"https:\/\/www.talidesign.eu\/et\/#website","url":"https:\/\/www.talidesign.eu\/et\/","name":"TALI Concept Store","description":"Suurim Disainipood Eestis","potentialAction":[{"@type":"SearchAction","target":{"@type":"EntryPoint","urlTemplate":"https:\/\/www.talidesign.eu\/et\/?s={search_term_string}"},"query-input":{"@type":"PropertyValueSpecification","valueRequired":true,"valueName":"search_term_string"}}],"inLanguage":"et"}]}},"_links":{"self":[{"href":"https:\/\/www.talidesign.eu\/et\/wp-json\/wp\/v2\/product\/97648","targetHints":{"allow":["GET"]}}],"collection":[{"href":"https:\/\/www.talidesign.eu\/et\/wp-json\/wp\/v2\/product"}],"about":[{"href":"https:\/\/www.talidesign.eu\/et\/wp-json\/wp\/v2\/types\/product"}],"wp:featuredmedia":[{"embeddable":true,"href":"https:\/\/www.talidesign.eu\/et\/wp-json\/wp\/v2\/media\/97662"}],"wp:attachment":[{"href":"https:\/\/www.talidesign.eu\/et\/wp-json\/wp\/v2\/media?parent=97648"}],"wp:term":[{"taxonomy":"product_brand","embeddable":true,"href":"https:\/\/www.talidesign.eu\/et\/wp-json\/wp\/v2\/product_brand?post=97648"},{"taxonomy":"product_cat","embeddable":true,"href":"https:\/\/www.talidesign.eu\/et\/wp-json\/wp\/v2\/product_cat?post=97648"},{"taxonomy":"product_tag","embeddable":true,"href":"https:\/\/www.talidesign.eu\/et\/wp-json\/wp\/v2\/product_tag?post=97648"}],"curies":[{"name":"wp","href":"https:\/\/api.w.org\/{rel}","templated":true}]}}