{"id":97714,"date":"2025-01-20T16:16:20","date_gmt":"2025-01-20T14:16:20","guid":{"rendered":"https:\/\/www.talidesign.eu\/?post_type=product&#038;p=97714"},"modified":"2025-09-15T16:09:05","modified_gmt":"2025-09-15T13:09:05","slug":"joogipudelite-puhastustabletid-6-kuu-varu","status":"publish","type":"product","link":"https:\/\/www.talidesign.eu\/et\/pood\/toode\/joogipudelite-puhastustabletid-6-kuu-varu\/","title":{"rendered":"Joogipudelite puhastustabletid &#8211; 6 kuu varu"},"content":{"rendered":"<p><strong>Joogipudelite puhastustabletid &#8211; 6 kuu varu<\/strong><\/p>\n<p>Sobivad kasutamiseks roostevabast terasest, plastist, klaasist ja keraamilistes pudelites.<\/p>\n<p>Eemaldage t\u00f5husalt kangekaelsed plekid ja ebameeldivad l\u00f5hnad oma lemmikveepudelist \u2013 ilma k\u00fc\u00fcrimiseta. Vaid 20 minutiga on teie pudel taas s\u00e4ravpuhas.<\/p>\n<p>Tabletid on loodud koost\u00f6\u00f6s Austraalia j\u00e4tkusuutliku seebibr\u00e4ndiga Single Use Aint Sexy. Nende spetsiaalne koostis eemaldab t\u00f5husalt plekid ja l\u00f5hnad, olles samal ajal keskkonnas\u00f5bralik ning v\u00e4ikese \u00f6koloogilise jalaj\u00e4ljega.<\/p>\n<p>\u2022 Taimsed aktiivained<br \/>\n\u2022 Ei sisalda ammoniaaki, kloori ega fosfaate<br \/>\n\u2022 L\u00f5hnatu<br \/>\n\u2022 Keskkonnas\u00f5bralik ja ohutu veekeskkonnale<\/p>\n<p><em>Soovituslik kasutus: 1 kord kuus.<\/em><\/p>\n<p><strong>Kasutusjuhend<\/strong><\/p>\n<p>\u2022 T\u00e4itke pudel sooja veega.<br \/>\n\u2022 Lisage puhastustablett ja j\u00e4tke kork peale panemata, et v\u00e4ltida kahjustusi.<br \/>\n\u2022 Laske seista 20 minutit v\u00f5i kuni tablett on t\u00e4ielikult lahustunud.<br \/>\n\u2022 T\u00fchjendage ja loputage pudel hoolikalt veega.<\/p>\n<p><strong>Br\u00e4ndist<\/strong><\/p>\n<p>memopudel&#x2122; on Austraaliast Melbourne&#8217;ist p\u00e4rit loominguline meeskond. memobottle&#8217;i eesm\u00e4rk on muuta avalikkuse arusaama korduvkasutatavatest veepudelitest ja soodustada puhtamat \u00fchiskonda, pakkudes stiilset ja praktilist lahendust.<\/p>\n<p><a href=\"\/et\/tootekategooria\/brandid\/memobottle-et\/\"><img loading=\"lazy\" decoding=\"async\" src=\"https:\/\/www.talidesign.eu\/wp\/wp-content\/uploads\/2019\/07\/memo.jpg\" alt=\"\" width=\"500\" height=\"100\" class=\"alignnone size-full wp-image-23889\" \/><\/a><\/p>\n","protected":false},"excerpt":{"rendered":"<p><strong>Joogipudelite puhastustabletid &#8211; 6 kuu varu<\/strong><\/p>\n<p>Sobivad kasutamiseks roostevabast terasest, plastist, klaasist ja keraamilistes pudelites.<\/p>\n<p>Eemaldage t\u00f5husalt kangekaelsed plekid ja ebameeldivad l\u00f5hnad oma lemmikveepudelist \u2013 ilma k\u00fc\u00fcrimiseta. Vaid 20 minutiga on teie pudel taas s\u00e4ravpuhas.<\/p>\n<p>Tabletid on loodud koost\u00f6\u00f6s Austraalia j\u00e4tkusuutliku seebibr\u00e4ndiga Single Use Aint Sexy. Nende spetsiaalne koostis eemaldab t\u00f5husalt plekid ja l\u00f5hnad, olles samal ajal keskkonnas\u00f5bralik ning v\u00e4ikese \u00f6koloogilise jalaj\u00e4ljega.<\/p>\n<p>\u2022 Taimsed aktiivained<br \/>\n\u2022 Ei sisalda ammoniaaki, kloori ega fosfaate<br \/>\n\u2022 L\u00f5hnatu<br \/>\n\u2022 Keskkonnas\u00f5bralik ja ohutu veekeskkonnale<\/p>\n<p><em>Soovituslik kasutus: 1 kord kuus.<\/em><\/p>\n<p><strong>Kasutusjuhend<\/strong><\/p>\n<p>\u2022 T\u00e4itke pudel sooja veega.<br \/>\n\u2022 Lisage puhastustablett ja j\u00e4tke kork peale panemata, et v\u00e4ltida kahjustusi.<br \/>\n\u2022 Laske seista 20 minutit v\u00f5i kuni tablett on t\u00e4ielikult lahustunud.<br \/>\n\u2022 T\u00fchjendage ja loputage pudel hoolikalt veega.<\/p>\n<p><strong>Br\u00e4ndist<\/strong><\/p>\n<p>memopudel&#x2122; on Austraaliast Melbourne&#8217;ist p\u00e4rit loominguline meeskond. memobottle&#8217;i eesm\u00e4rk on muuta avalikkuse arusaama korduvkasutatavatest veepudelitest ja soodustada puhtamat \u00fchiskonda, pakkudes stiilset ja praktilist lahendust.<\/p>\n<p><a href=\"\/et\/tootekategooria\/brandid\/memobottle-et\/\"><img loading=\"lazy\" decoding=\"async\" src=\"https:\/\/www.talidesign.eu\/wp\/wp-content\/uploads\/2019\/07\/memo.jpg\" alt=\"\" width=\"500\" height=\"100\" class=\"alignnone size-full wp-image-23889\" \/><\/a><\/p>\n","protected":false},"featured_media":97723,"template":"","meta":[],"product_brand":[],"product_cat":[1026,1096,1114,1132,1103],"product_tag":[2935],"class_list":{"0":"post-97714","1":"product","2":"type-product","3":"status-publish","4":"has-post-thumbnail","6":"product_cat-brandid","7":"product_cat-memobottle-et","8":"product_cat-pudelid","9":"product_cat-naiste-pudelid","10":"product_cat-puhastusvahendid","11":"product_tag-memobottle-et","13":"first","14":"outofstock","15":"featured","16":"taxable","17":"shipping-taxable","18":"purchasable","19":"product-type-simple"},"yoast_head":"<!-- This site is optimized with the Yoast SEO plugin v27.3 - https:\/\/yoast.com\/product\/yoast-seo-wordpress\/ -->\n<title>Joogipudelite puhastustabletid - 6 kuu varu - TALI Concept Store<\/title>\n<meta name=\"description\" content=\"Eemalda plekid ja l\u00f5hnad oma lemmikveepudelist lihtsalt ja kiirelt! Keskkonnas\u00f5bralikud puhastustabletid sobivad erinevatele materjalidele. Tutvu l\u00e4hemalt!\" \/>\n<meta name=\"robots\" content=\"index, follow, max-snippet:-1, max-image-preview:large, max-video-preview:-1\" \/>\n<link rel=\"canonical\" href=\"https:\/\/www.talidesign.eu\/et\/pood\/toode\/joogipudelite-puhastustabletid-6-kuu-varu\/\" \/>\n<meta property=\"og:locale\" content=\"et_EE\" \/>\n<meta property=\"og:type\" content=\"article\" \/>\n<meta property=\"og:title\" content=\"Joogipudelite puhastustabletid - 6 kuu varu - TALI Concept Store\" \/>\n<meta property=\"og:description\" content=\"Eemalda plekid ja l\u00f5hnad oma lemmikveepudelist lihtsalt ja kiirelt! Keskkonnas\u00f5bralikud puhastustabletid sobivad erinevatele materjalidele. Tutvu l\u00e4hemalt!\" \/>\n<meta property=\"og:url\" content=\"https:\/\/www.talidesign.eu\/et\/pood\/toode\/joogipudelite-puhastustabletid-6-kuu-varu\/\" \/>\n<meta property=\"og:site_name\" content=\"TALI Concept Store\" \/>\n<meta property=\"article:publisher\" content=\"https:\/\/www.facebook.com\/TaliDisain\/\" \/>\n<meta property=\"article:modified_time\" content=\"2025-09-15T13:09:05+00:00\" \/>\n<meta property=\"og:image\" content=\"https:\/\/www.talidesign.eu\/wp\/wp-content\/uploads\/2025\/01\/SUASHighResJpgs210422_SUAS1320_RET_1296x-Photoroom-3-Photoroom-1.jpg\" \/>\n\t<meta property=\"og:image:width\" content=\"1200\" \/>\n\t<meta property=\"og:image:height\" content=\"1200\" \/>\n\t<meta property=\"og:image:type\" content=\"image\/jpeg\" \/>\n<meta name=\"twitter:card\" content=\"summary_large_image\" \/>\n<meta name=\"twitter:label1\" content=\"Est. reading time\" \/>\n\t<meta name=\"twitter:data1\" content=\"2 minutes\" \/>\n<script type=\"application\/ld+json\" class=\"yoast-schema-graph\">{\"@context\":\"https:\\\/\\\/schema.org\",\"@graph\":[{\"@type\":\"WebPage\",\"@id\":\"https:\\\/\\\/www.talidesign.eu\\\/et\\\/pood\\\/toode\\\/joogipudelite-puhastustabletid-6-kuu-varu\\\/\",\"url\":\"https:\\\/\\\/www.talidesign.eu\\\/et\\\/pood\\\/toode\\\/joogipudelite-puhastustabletid-6-kuu-varu\\\/\",\"name\":\"Joogipudelite puhastustabletid - 6 kuu varu - TALI Concept Store\",\"isPartOf\":{\"@id\":\"https:\\\/\\\/www.talidesign.eu\\\/et\\\/#website\"},\"primaryImageOfPage\":{\"@id\":\"https:\\\/\\\/www.talidesign.eu\\\/et\\\/pood\\\/toode\\\/joogipudelite-puhastustabletid-6-kuu-varu\\\/#primaryimage\"},\"image\":{\"@id\":\"https:\\\/\\\/www.talidesign.eu\\\/et\\\/pood\\\/toode\\\/joogipudelite-puhastustabletid-6-kuu-varu\\\/#primaryimage\"},\"thumbnailUrl\":\"https:\\\/\\\/www.talidesign.eu\\\/wp\\\/wp-content\\\/uploads\\\/2025\\\/01\\\/SUASHighResJpgs210422_SUAS1320_RET_1296x-Photoroom-3-Photoroom-1.jpg\",\"datePublished\":\"2025-01-20T14:16:20+00:00\",\"dateModified\":\"2025-09-15T13:09:05+00:00\",\"description\":\"Eemalda plekid ja l\u00f5hnad oma lemmikveepudelist lihtsalt ja kiirelt! Keskkonnas\u00f5bralikud puhastustabletid sobivad erinevatele materjalidele. Tutvu l\u00e4hemalt!\",\"breadcrumb\":{\"@id\":\"https:\\\/\\\/www.talidesign.eu\\\/et\\\/pood\\\/toode\\\/joogipudelite-puhastustabletid-6-kuu-varu\\\/#breadcrumb\"},\"inLanguage\":\"et\",\"potentialAction\":[{\"@type\":\"ReadAction\",\"target\":[\"https:\\\/\\\/www.talidesign.eu\\\/et\\\/pood\\\/toode\\\/joogipudelite-puhastustabletid-6-kuu-varu\\\/\"]}]},{\"@type\":\"ImageObject\",\"inLanguage\":\"et\",\"@id\":\"https:\\\/\\\/www.talidesign.eu\\\/et\\\/pood\\\/toode\\\/joogipudelite-puhastustabletid-6-kuu-varu\\\/#primaryimage\",\"url\":\"https:\\\/\\\/www.talidesign.eu\\\/wp\\\/wp-content\\\/uploads\\\/2025\\\/01\\\/SUASHighResJpgs210422_SUAS1320_RET_1296x-Photoroom-3-Photoroom-1.jpg\",\"contentUrl\":\"https:\\\/\\\/www.talidesign.eu\\\/wp\\\/wp-content\\\/uploads\\\/2025\\\/01\\\/SUASHighResJpgs210422_SUAS1320_RET_1296x-Photoroom-3-Photoroom-1.jpg\",\"width\":1200,\"height\":1200},{\"@type\":\"BreadcrumbList\",\"@id\":\"https:\\\/\\\/www.talidesign.eu\\\/et\\\/pood\\\/toode\\\/joogipudelite-puhastustabletid-6-kuu-varu\\\/#breadcrumb\",\"itemListElement\":[{\"@type\":\"ListItem\",\"position\":1,\"name\":\"Avaleht\",\"item\":\"https:\\\/\\\/www.talidesign.eu\\\/et\\\/\"},{\"@type\":\"ListItem\",\"position\":2,\"name\":\"Pood\",\"item\":\"https:\\\/\\\/www.talidesign.eu\\\/et\\\/pood\\\/\"},{\"@type\":\"ListItem\",\"position\":3,\"name\":\"Joogipudelite puhastustabletid &#8211; 6 kuu varu\"}]},{\"@type\":\"WebSite\",\"@id\":\"https:\\\/\\\/www.talidesign.eu\\\/et\\\/#website\",\"url\":\"https:\\\/\\\/www.talidesign.eu\\\/et\\\/\",\"name\":\"TALI Concept Store\",\"description\":\"Suurim Disainipood Eestis\",\"potentialAction\":[{\"@type\":\"SearchAction\",\"target\":{\"@type\":\"EntryPoint\",\"urlTemplate\":\"https:\\\/\\\/www.talidesign.eu\\\/et\\\/?s={search_term_string}\"},\"query-input\":{\"@type\":\"PropertyValueSpecification\",\"valueRequired\":true,\"valueName\":\"search_term_string\"}}],\"inLanguage\":\"et\"}]}<\/script>\n<!-- \/ Yoast SEO plugin. -->","yoast_head_json":{"title":"Joogipudelite puhastustabletid - 6 kuu varu - TALI Concept Store","description":"Eemalda plekid ja l\u00f5hnad oma lemmikveepudelist lihtsalt ja kiirelt! Keskkonnas\u00f5bralikud puhastustabletid sobivad erinevatele materjalidele. Tutvu l\u00e4hemalt!","robots":{"index":"index","follow":"follow","max-snippet":"max-snippet:-1","max-image-preview":"max-image-preview:large","max-video-preview":"max-video-preview:-1"},"canonical":"https:\/\/www.talidesign.eu\/et\/pood\/toode\/joogipudelite-puhastustabletid-6-kuu-varu\/","og_locale":"et_EE","og_type":"article","og_title":"Joogipudelite puhastustabletid - 6 kuu varu - TALI Concept Store","og_description":"Eemalda plekid ja l\u00f5hnad oma lemmikveepudelist lihtsalt ja kiirelt! Keskkonnas\u00f5bralikud puhastustabletid sobivad erinevatele materjalidele. Tutvu l\u00e4hemalt!","og_url":"https:\/\/www.talidesign.eu\/et\/pood\/toode\/joogipudelite-puhastustabletid-6-kuu-varu\/","og_site_name":"TALI Concept Store","article_publisher":"https:\/\/www.facebook.com\/TaliDisain\/","article_modified_time":"2025-09-15T13:09:05+00:00","og_image":[{"width":1200,"height":1200,"url":"https:\/\/www.talidesign.eu\/wp\/wp-content\/uploads\/2025\/01\/SUASHighResJpgs210422_SUAS1320_RET_1296x-Photoroom-3-Photoroom-1.jpg","type":"image\/jpeg"}],"twitter_card":"summary_large_image","twitter_misc":{"Est. reading time":"2 minutes"},"schema":{"@context":"https:\/\/schema.org","@graph":[{"@type":"WebPage","@id":"https:\/\/www.talidesign.eu\/et\/pood\/toode\/joogipudelite-puhastustabletid-6-kuu-varu\/","url":"https:\/\/www.talidesign.eu\/et\/pood\/toode\/joogipudelite-puhastustabletid-6-kuu-varu\/","name":"Joogipudelite puhastustabletid - 6 kuu varu - TALI Concept Store","isPartOf":{"@id":"https:\/\/www.talidesign.eu\/et\/#website"},"primaryImageOfPage":{"@id":"https:\/\/www.talidesign.eu\/et\/pood\/toode\/joogipudelite-puhastustabletid-6-kuu-varu\/#primaryimage"},"image":{"@id":"https:\/\/www.talidesign.eu\/et\/pood\/toode\/joogipudelite-puhastustabletid-6-kuu-varu\/#primaryimage"},"thumbnailUrl":"https:\/\/www.talidesign.eu\/wp\/wp-content\/uploads\/2025\/01\/SUASHighResJpgs210422_SUAS1320_RET_1296x-Photoroom-3-Photoroom-1.jpg","datePublished":"2025-01-20T14:16:20+00:00","dateModified":"2025-09-15T13:09:05+00:00","description":"Eemalda plekid ja l\u00f5hnad oma lemmikveepudelist lihtsalt ja kiirelt! Keskkonnas\u00f5bralikud puhastustabletid sobivad erinevatele materjalidele. Tutvu l\u00e4hemalt!","breadcrumb":{"@id":"https:\/\/www.talidesign.eu\/et\/pood\/toode\/joogipudelite-puhastustabletid-6-kuu-varu\/#breadcrumb"},"inLanguage":"et","potentialAction":[{"@type":"ReadAction","target":["https:\/\/www.talidesign.eu\/et\/pood\/toode\/joogipudelite-puhastustabletid-6-kuu-varu\/"]}]},{"@type":"ImageObject","inLanguage":"et","@id":"https:\/\/www.talidesign.eu\/et\/pood\/toode\/joogipudelite-puhastustabletid-6-kuu-varu\/#primaryimage","url":"https:\/\/www.talidesign.eu\/wp\/wp-content\/uploads\/2025\/01\/SUASHighResJpgs210422_SUAS1320_RET_1296x-Photoroom-3-Photoroom-1.jpg","contentUrl":"https:\/\/www.talidesign.eu\/wp\/wp-content\/uploads\/2025\/01\/SUASHighResJpgs210422_SUAS1320_RET_1296x-Photoroom-3-Photoroom-1.jpg","width":1200,"height":1200},{"@type":"BreadcrumbList","@id":"https:\/\/www.talidesign.eu\/et\/pood\/toode\/joogipudelite-puhastustabletid-6-kuu-varu\/#breadcrumb","itemListElement":[{"@type":"ListItem","position":1,"name":"Avaleht","item":"https:\/\/www.talidesign.eu\/et\/"},{"@type":"ListItem","position":2,"name":"Pood","item":"https:\/\/www.talidesign.eu\/et\/pood\/"},{"@type":"ListItem","position":3,"name":"Joogipudelite puhastustabletid &#8211; 6 kuu varu"}]},{"@type":"WebSite","@id":"https:\/\/www.talidesign.eu\/et\/#website","url":"https:\/\/www.talidesign.eu\/et\/","name":"TALI Concept Store","description":"Suurim Disainipood Eestis","potentialAction":[{"@type":"SearchAction","target":{"@type":"EntryPoint","urlTemplate":"https:\/\/www.talidesign.eu\/et\/?s={search_term_string}"},"query-input":{"@type":"PropertyValueSpecification","valueRequired":true,"valueName":"search_term_string"}}],"inLanguage":"et"}]}},"_links":{"self":[{"href":"https:\/\/www.talidesign.eu\/et\/wp-json\/wp\/v2\/product\/97714","targetHints":{"allow":["GET"]}}],"collection":[{"href":"https:\/\/www.talidesign.eu\/et\/wp-json\/wp\/v2\/product"}],"about":[{"href":"https:\/\/www.talidesign.eu\/et\/wp-json\/wp\/v2\/types\/product"}],"wp:featuredmedia":[{"embeddable":true,"href":"https:\/\/www.talidesign.eu\/et\/wp-json\/wp\/v2\/media\/97723"}],"wp:attachment":[{"href":"https:\/\/www.talidesign.eu\/et\/wp-json\/wp\/v2\/media?parent=97714"}],"wp:term":[{"taxonomy":"product_brand","embeddable":true,"href":"https:\/\/www.talidesign.eu\/et\/wp-json\/wp\/v2\/product_brand?post=97714"},{"taxonomy":"product_cat","embeddable":true,"href":"https:\/\/www.talidesign.eu\/et\/wp-json\/wp\/v2\/product_cat?post=97714"},{"taxonomy":"product_tag","embeddable":true,"href":"https:\/\/www.talidesign.eu\/et\/wp-json\/wp\/v2\/product_tag?post=97714"}],"curies":[{"name":"wp","href":"https:\/\/api.w.org\/{rel}","templated":true}]}}