{"id":98025,"date":"2025-01-24T16:11:04","date_gmt":"2025-01-24T14:11:05","guid":{"rendered":"https:\/\/www.talidesign.eu\/?post_type=product&#038;p=98025"},"modified":"2025-06-28T15:28:08","modified_gmt":"2025-06-28T12:28:08","slug":"hus-kiki-paikeseprillid-blue","status":"publish","type":"product","link":"https:\/\/www.talidesign.eu\/et\/pood\/toode\/hus-kiki-paikeseprillid-blue\/","title":{"rendered":"HUS Kiki p\u00e4ikeseprillid Blue"},"content":{"rendered":"<p><strong>Kiki p\u00e4ikeseprillid Blue<\/strong><\/p>\n<p>HUS p\u00e4ikeseprillide kollektsioon \u00fchendab Skandinaavia disaini ajatu puhtuse ja urbanistliku eluj\u00f5u. <\/p>\n<p>P\u00fchendudes kvaliteedile, innustame ka sind valima harvem, ent l\u00e4bim\u00f5eldumalt. <\/p>\n<ul>\n<li><strong>Acetate raam<\/strong><br \/>\nBiop\u00f5hine, keskkonnas\u00f5bralik, vastupidav ja h\u00fcpoallergeenne<\/li>\n<li><strong>TAC (Triacetate Cellulose) klaas<\/strong><br \/>\nKriimustukindel, kerge ja kirgas.<\/li>\n<li><strong>Polariseeritud klaas<\/strong><br \/>\nV\u00e4hendab pimestamist, parandab kontrastsust ja kaitseb silmi.<\/li>\n<li><strong>UV400 kaitse<\/strong><br \/>\nUV400 kaitsega p\u00e4ikeseprillid blokeerivad 100% kahjulikest UVA- ja UVB-kiirtest, kaitstes silmi pikaajaliste kahjustuste eest.<\/li>\n<\/ul>\n<p>\u2022 Laius: 140 mm, k\u00f5rgus: 42 mm, s\u00fcgavus: 150 mm<br \/>\n\u2022 <a href=\"\/et\/tootekategooria\/brandid\/hus-et\/\">Br\u00e4nd HUS<\/a><\/p>\n<p><a href=\"\/et\/tootekategooria\/brandid\/hus-et\/\"><img loading=\"lazy\" decoding=\"async\" src=\"https:\/\/www.talidesign.eu\/wp\/wp-content\/uploads\/2024\/08\/hus_logo-1.jpg\" alt=\"\" width=\"500\" height=\"100\" class=\"alignnone size-full wp-image-90609\" \/><\/a><\/p>\n","protected":false},"excerpt":{"rendered":"<p><strong>Kiki p\u00e4ikeseprillid Blue<\/strong><\/p>\n<p>HUS p\u00e4ikeseprillide kollektsioon \u00fchendab Skandinaavia disaini ajatu puhtuse ja urbanistliku eluj\u00f5u. <\/p>\n<p>P\u00fchendudes kvaliteedile, innustame ka sind valima harvem, ent l\u00e4bim\u00f5eldumalt. <\/p>\n<ul>\n<li><strong>Acetate raam<\/strong><br \/>\nBiop\u00f5hine, keskkonnas\u00f5bralik, vastupidav ja h\u00fcpoallergeenne<\/li>\n<li><strong>TAC (Triacetate Cellulose) klaas<\/strong><br \/>\nKriimustukindel, kerge ja kirgas.<\/li>\n<li><strong>Polariseeritud klaas<\/strong><br \/>\nV\u00e4hendab pimestamist, parandab kontrastsust ja kaitseb silmi.<\/li>\n<li><strong>UV400 kaitse<\/strong><br \/>\nUV400 kaitsega p\u00e4ikeseprillid blokeerivad 100% kahjulikest UVA- ja UVB-kiirtest, kaitstes silmi pikaajaliste kahjustuste eest.<\/li>\n<\/ul>\n<p>\u2022 Laius: 140 mm, k\u00f5rgus: 42 mm, s\u00fcgavus: 150 mm<br \/>\n\u2022 <a href=\"\/et\/tootekategooria\/brandid\/hus-et\/\">Br\u00e4nd HUS<\/a><\/p>\n<p><a href=\"\/et\/tootekategooria\/brandid\/hus-et\/\"><img loading=\"lazy\" decoding=\"async\" src=\"https:\/\/www.talidesign.eu\/wp\/wp-content\/uploads\/2024\/08\/hus_logo-1.jpg\" alt=\"\" width=\"500\" height=\"100\" class=\"alignnone size-full wp-image-90609\" \/><\/a><\/p>\n","protected":false},"featured_media":98027,"template":"","meta":[],"product_brand":[],"product_cat":[1026,3279,1128,1173],"product_tag":[3409],"class_list":{"0":"post-98025","1":"product","2":"type-product","3":"status-publish","4":"has-post-thumbnail","6":"product_cat-brandid","7":"product_cat-hus-et","8":"product_cat-meeste-paikeseprillid","9":"product_cat-paikeseprillid","10":"product_tag-hus-sunglasses-et","12":"first","13":"outofstock","14":"taxable","15":"shipping-taxable","16":"purchasable","17":"product-type-simple"},"yoast_head":"<!-- This site is optimized with the Yoast SEO plugin v27.3 - https:\/\/yoast.com\/product\/yoast-seo-wordpress\/ -->\n<title>HUS Kiki p\u00e4ikeseprillid Blue - TALI Concept Store<\/title>\n<meta name=\"description\" content=\"HUS Kiki p\u00e4ikeseprillid Blue - Skandinaavia disaini ajatu puhtus ja urbanistlik eluj\u00f5ud. Kvaliteetne valik, mis kaitseb silmi ja inspireerib sind.\" \/>\n<meta name=\"robots\" content=\"index, follow, max-snippet:-1, max-image-preview:large, max-video-preview:-1\" \/>\n<link rel=\"canonical\" href=\"https:\/\/www.talidesign.eu\/et\/pood\/toode\/hus-kiki-paikeseprillid-blue\/\" \/>\n<meta property=\"og:locale\" content=\"et_EE\" \/>\n<meta property=\"og:type\" content=\"article\" \/>\n<meta property=\"og:title\" content=\"HUS Kiki p\u00e4ikeseprillid Blue - TALI Concept Store\" \/>\n<meta property=\"og:description\" content=\"HUS Kiki p\u00e4ikeseprillid Blue - Skandinaavia disaini ajatu puhtus ja urbanistlik eluj\u00f5ud. Kvaliteetne valik, mis kaitseb silmi ja inspireerib sind.\" \/>\n<meta property=\"og:url\" content=\"https:\/\/www.talidesign.eu\/et\/pood\/toode\/hus-kiki-paikeseprillid-blue\/\" \/>\n<meta property=\"og:site_name\" content=\"TALI Concept Store\" \/>\n<meta property=\"article:publisher\" content=\"https:\/\/www.facebook.com\/TaliDisain\/\" \/>\n<meta property=\"article:modified_time\" content=\"2025-06-28T12:28:08+00:00\" \/>\n<meta property=\"og:image\" content=\"https:\/\/www.talidesign.eu\/wp\/wp-content\/uploads\/2025\/01\/KIKI_BLUE_EEST.jpg\" \/>\n\t<meta property=\"og:image:width\" content=\"1080\" \/>\n\t<meta property=\"og:image:height\" content=\"1080\" \/>\n\t<meta property=\"og:image:type\" content=\"image\/jpeg\" \/>\n<meta name=\"twitter:card\" content=\"summary_large_image\" \/>\n<meta name=\"twitter:label1\" content=\"Est. reading time\" \/>\n\t<meta name=\"twitter:data1\" content=\"1 minute\" \/>\n<script type=\"application\/ld+json\" class=\"yoast-schema-graph\">{\"@context\":\"https:\\\/\\\/schema.org\",\"@graph\":[{\"@type\":\"WebPage\",\"@id\":\"https:\\\/\\\/www.talidesign.eu\\\/et\\\/pood\\\/toode\\\/hus-kiki-paikeseprillid-blue\\\/\",\"url\":\"https:\\\/\\\/www.talidesign.eu\\\/et\\\/pood\\\/toode\\\/hus-kiki-paikeseprillid-blue\\\/\",\"name\":\"HUS Kiki p\u00e4ikeseprillid Blue - TALI Concept Store\",\"isPartOf\":{\"@id\":\"https:\\\/\\\/www.talidesign.eu\\\/et\\\/#website\"},\"primaryImageOfPage\":{\"@id\":\"https:\\\/\\\/www.talidesign.eu\\\/et\\\/pood\\\/toode\\\/hus-kiki-paikeseprillid-blue\\\/#primaryimage\"},\"image\":{\"@id\":\"https:\\\/\\\/www.talidesign.eu\\\/et\\\/pood\\\/toode\\\/hus-kiki-paikeseprillid-blue\\\/#primaryimage\"},\"thumbnailUrl\":\"https:\\\/\\\/www.talidesign.eu\\\/wp\\\/wp-content\\\/uploads\\\/2025\\\/01\\\/KIKI_BLUE_EEST.jpg\",\"datePublished\":\"2025-01-24T14:11:05+00:00\",\"dateModified\":\"2025-06-28T12:28:08+00:00\",\"description\":\"HUS Kiki p\u00e4ikeseprillid Blue - Skandinaavia disaini ajatu puhtus ja urbanistlik eluj\u00f5ud. Kvaliteetne valik, mis kaitseb silmi ja inspireerib sind.\",\"breadcrumb\":{\"@id\":\"https:\\\/\\\/www.talidesign.eu\\\/et\\\/pood\\\/toode\\\/hus-kiki-paikeseprillid-blue\\\/#breadcrumb\"},\"inLanguage\":\"et\",\"potentialAction\":[{\"@type\":\"ReadAction\",\"target\":[\"https:\\\/\\\/www.talidesign.eu\\\/et\\\/pood\\\/toode\\\/hus-kiki-paikeseprillid-blue\\\/\"]}]},{\"@type\":\"ImageObject\",\"inLanguage\":\"et\",\"@id\":\"https:\\\/\\\/www.talidesign.eu\\\/et\\\/pood\\\/toode\\\/hus-kiki-paikeseprillid-blue\\\/#primaryimage\",\"url\":\"https:\\\/\\\/www.talidesign.eu\\\/wp\\\/wp-content\\\/uploads\\\/2025\\\/01\\\/KIKI_BLUE_EEST.jpg\",\"contentUrl\":\"https:\\\/\\\/www.talidesign.eu\\\/wp\\\/wp-content\\\/uploads\\\/2025\\\/01\\\/KIKI_BLUE_EEST.jpg\",\"width\":1080,\"height\":1080},{\"@type\":\"BreadcrumbList\",\"@id\":\"https:\\\/\\\/www.talidesign.eu\\\/et\\\/pood\\\/toode\\\/hus-kiki-paikeseprillid-blue\\\/#breadcrumb\",\"itemListElement\":[{\"@type\":\"ListItem\",\"position\":1,\"name\":\"Avaleht\",\"item\":\"https:\\\/\\\/www.talidesign.eu\\\/et\\\/\"},{\"@type\":\"ListItem\",\"position\":2,\"name\":\"Pood\",\"item\":\"https:\\\/\\\/www.talidesign.eu\\\/et\\\/pood\\\/\"},{\"@type\":\"ListItem\",\"position\":3,\"name\":\"HUS Kiki p\u00e4ikeseprillid Blue\"}]},{\"@type\":\"WebSite\",\"@id\":\"https:\\\/\\\/www.talidesign.eu\\\/et\\\/#website\",\"url\":\"https:\\\/\\\/www.talidesign.eu\\\/et\\\/\",\"name\":\"TALI Concept Store\",\"description\":\"Suurim Disainipood Eestis\",\"potentialAction\":[{\"@type\":\"SearchAction\",\"target\":{\"@type\":\"EntryPoint\",\"urlTemplate\":\"https:\\\/\\\/www.talidesign.eu\\\/et\\\/?s={search_term_string}\"},\"query-input\":{\"@type\":\"PropertyValueSpecification\",\"valueRequired\":true,\"valueName\":\"search_term_string\"}}],\"inLanguage\":\"et\"}]}<\/script>\n<!-- \/ Yoast SEO plugin. -->","yoast_head_json":{"title":"HUS Kiki p\u00e4ikeseprillid Blue - TALI Concept Store","description":"HUS Kiki p\u00e4ikeseprillid Blue - Skandinaavia disaini ajatu puhtus ja urbanistlik eluj\u00f5ud. Kvaliteetne valik, mis kaitseb silmi ja inspireerib sind.","robots":{"index":"index","follow":"follow","max-snippet":"max-snippet:-1","max-image-preview":"max-image-preview:large","max-video-preview":"max-video-preview:-1"},"canonical":"https:\/\/www.talidesign.eu\/et\/pood\/toode\/hus-kiki-paikeseprillid-blue\/","og_locale":"et_EE","og_type":"article","og_title":"HUS Kiki p\u00e4ikeseprillid Blue - TALI Concept Store","og_description":"HUS Kiki p\u00e4ikeseprillid Blue - Skandinaavia disaini ajatu puhtus ja urbanistlik eluj\u00f5ud. Kvaliteetne valik, mis kaitseb silmi ja inspireerib sind.","og_url":"https:\/\/www.talidesign.eu\/et\/pood\/toode\/hus-kiki-paikeseprillid-blue\/","og_site_name":"TALI Concept Store","article_publisher":"https:\/\/www.facebook.com\/TaliDisain\/","article_modified_time":"2025-06-28T12:28:08+00:00","og_image":[{"width":1080,"height":1080,"url":"https:\/\/www.talidesign.eu\/wp\/wp-content\/uploads\/2025\/01\/KIKI_BLUE_EEST.jpg","type":"image\/jpeg"}],"twitter_card":"summary_large_image","twitter_misc":{"Est. reading time":"1 minute"},"schema":{"@context":"https:\/\/schema.org","@graph":[{"@type":"WebPage","@id":"https:\/\/www.talidesign.eu\/et\/pood\/toode\/hus-kiki-paikeseprillid-blue\/","url":"https:\/\/www.talidesign.eu\/et\/pood\/toode\/hus-kiki-paikeseprillid-blue\/","name":"HUS Kiki p\u00e4ikeseprillid Blue - TALI Concept Store","isPartOf":{"@id":"https:\/\/www.talidesign.eu\/et\/#website"},"primaryImageOfPage":{"@id":"https:\/\/www.talidesign.eu\/et\/pood\/toode\/hus-kiki-paikeseprillid-blue\/#primaryimage"},"image":{"@id":"https:\/\/www.talidesign.eu\/et\/pood\/toode\/hus-kiki-paikeseprillid-blue\/#primaryimage"},"thumbnailUrl":"https:\/\/www.talidesign.eu\/wp\/wp-content\/uploads\/2025\/01\/KIKI_BLUE_EEST.jpg","datePublished":"2025-01-24T14:11:05+00:00","dateModified":"2025-06-28T12:28:08+00:00","description":"HUS Kiki p\u00e4ikeseprillid Blue - Skandinaavia disaini ajatu puhtus ja urbanistlik eluj\u00f5ud. Kvaliteetne valik, mis kaitseb silmi ja inspireerib sind.","breadcrumb":{"@id":"https:\/\/www.talidesign.eu\/et\/pood\/toode\/hus-kiki-paikeseprillid-blue\/#breadcrumb"},"inLanguage":"et","potentialAction":[{"@type":"ReadAction","target":["https:\/\/www.talidesign.eu\/et\/pood\/toode\/hus-kiki-paikeseprillid-blue\/"]}]},{"@type":"ImageObject","inLanguage":"et","@id":"https:\/\/www.talidesign.eu\/et\/pood\/toode\/hus-kiki-paikeseprillid-blue\/#primaryimage","url":"https:\/\/www.talidesign.eu\/wp\/wp-content\/uploads\/2025\/01\/KIKI_BLUE_EEST.jpg","contentUrl":"https:\/\/www.talidesign.eu\/wp\/wp-content\/uploads\/2025\/01\/KIKI_BLUE_EEST.jpg","width":1080,"height":1080},{"@type":"BreadcrumbList","@id":"https:\/\/www.talidesign.eu\/et\/pood\/toode\/hus-kiki-paikeseprillid-blue\/#breadcrumb","itemListElement":[{"@type":"ListItem","position":1,"name":"Avaleht","item":"https:\/\/www.talidesign.eu\/et\/"},{"@type":"ListItem","position":2,"name":"Pood","item":"https:\/\/www.talidesign.eu\/et\/pood\/"},{"@type":"ListItem","position":3,"name":"HUS Kiki p\u00e4ikeseprillid Blue"}]},{"@type":"WebSite","@id":"https:\/\/www.talidesign.eu\/et\/#website","url":"https:\/\/www.talidesign.eu\/et\/","name":"TALI Concept Store","description":"Suurim Disainipood Eestis","potentialAction":[{"@type":"SearchAction","target":{"@type":"EntryPoint","urlTemplate":"https:\/\/www.talidesign.eu\/et\/?s={search_term_string}"},"query-input":{"@type":"PropertyValueSpecification","valueRequired":true,"valueName":"search_term_string"}}],"inLanguage":"et"}]}},"_links":{"self":[{"href":"https:\/\/www.talidesign.eu\/et\/wp-json\/wp\/v2\/product\/98025","targetHints":{"allow":["GET"]}}],"collection":[{"href":"https:\/\/www.talidesign.eu\/et\/wp-json\/wp\/v2\/product"}],"about":[{"href":"https:\/\/www.talidesign.eu\/et\/wp-json\/wp\/v2\/types\/product"}],"wp:featuredmedia":[{"embeddable":true,"href":"https:\/\/www.talidesign.eu\/et\/wp-json\/wp\/v2\/media\/98027"}],"wp:attachment":[{"href":"https:\/\/www.talidesign.eu\/et\/wp-json\/wp\/v2\/media?parent=98025"}],"wp:term":[{"taxonomy":"product_brand","embeddable":true,"href":"https:\/\/www.talidesign.eu\/et\/wp-json\/wp\/v2\/product_brand?post=98025"},{"taxonomy":"product_cat","embeddable":true,"href":"https:\/\/www.talidesign.eu\/et\/wp-json\/wp\/v2\/product_cat?post=98025"},{"taxonomy":"product_tag","embeddable":true,"href":"https:\/\/www.talidesign.eu\/et\/wp-json\/wp\/v2\/product_tag?post=98025"}],"curies":[{"name":"wp","href":"https:\/\/api.w.org\/{rel}","templated":true}]}}