{"id":98580,"date":"2025-02-05T14:56:28","date_gmt":"2025-02-05T12:56:29","guid":{"rendered":"https:\/\/www.talidesign.eu\/?post_type=product&#038;p=98580"},"modified":"2025-03-06T18:04:30","modified_gmt":"2025-03-06T16:04:30","slug":"umbra-flute-pildiraam-10x15cm-must","status":"publish","type":"product","link":"https:\/\/www.talidesign.eu\/et\/pood\/toode\/umbra-flute-pildiraam-10x15cm-must\/","title":{"rendered":"Umbra Flute pildiraam 10x15cm Must"},"content":{"rendered":"<p><strong>Flute pildiraam 10x15cm Must<\/strong><\/p>\n<p>Tutvustame Umbra Flute pildiraami \u2013 elegantset ja kaasaegset eset sinu koju. Dekoratiivse tugijala disainiga raam toob esile sinu k\u00f5ige kallimad m\u00e4lestused. Raami saab kasutada nii horisontaalselt kui ka vertikaalselt, v\u00f5imaldades sul oma lemmikhetki esitleda just nii, nagu soovid.<\/p>\n<ul>\n<li><strong>Loomulikult esile t\u00f5stetud pildid<\/strong><br \/>\nFlute on kahe klaaspaneeliga ujuv raam, mis hoiab fotosid soonilise klaastaustaga.<\/li>\n<li><strong>Horisontaalne v\u00f5i vertikaalne paigutus<\/strong><br \/>\nP\u00f6\u00f6rates klaasi, saab pilte v\u00f5i kunstiteoseid esitleda nii p\u00fcst- kui ka vertikaalselt.<\/li>\n<li><strong>Ainulaadne tugijala disain<\/strong><br \/>\nElegantne ja funktsionaalne tugijalg t\u00e4iendab igat ruumi ning toob esile sinu lemmikfotod.<\/li>\n<\/ul>\n<p>\u2022 10x15cm<br \/>\n\u2022 Materjalid: Klaas, vastupidav raam<br \/>\n\u2022 <a href=\"\/et\/tootekategooria\/brandid\/umbra-et\/\">Br\u00e4nd Umbra<\/a><\/p>\n<p><strong>Meist<\/strong><\/p>\n<p>1979. aastal alguse saanud \u00fche lihtsa aknakardinaga s\u00fcndis Umbra kirest originaalse disaini ja taskukohase, kaasaegse stiili vastu. Kaasasutajad Les Mandelbaum ja Paul Rowan n\u00e4gid vajadust luua loomingulisi ja soodsaid tooteid, mis sobiksid igasse koju.<\/p>\n<p>T\u00e4naseks on Torontos, Kanadas asuv Umbra kasvanud rahvusvaheliseks disainiliidriks, tegutsedes enam kui 120 riigis ja omades esindusi Euroopas, P\u00f5hja- ja L\u00f5una-Ameerikas ning Aasias. Innovatsioonist kantuna toob meie rahvusvaheline disainitiim igap\u00e4evaesemetesse v\u00e4rsket loomingulisust ja uusi ideid, seades kaasaegsele disainile uusi standardeid.<\/p>\n<p><a href=\"\/et\/tootekategooria\/brandid\/umbra-et\/\"><img loading=\"lazy\" decoding=\"async\" class=\"alignnone size-full wp-image-93263\" src=\"https:\/\/www.talidesign.eu\/wp\/wp-content\/uploads\/2024\/10\/umbralogo-1.jpg\" alt=\"\" width=\"500\" height=\"100\" \/><\/a><\/p>\n","protected":false},"excerpt":{"rendered":"<p><strong>Flute pildiraam 10x15cm Must<\/strong><\/p>\n<p>Tutvustame Umbra Flute pildiraami \u2013 elegantset ja kaasaegset eset sinu koju. Dekoratiivse tugijala disainiga raam toob esile sinu k\u00f5ige kallimad m\u00e4lestused. Raami saab kasutada nii horisontaalselt kui ka vertikaalselt, v\u00f5imaldades sul oma lemmikhetki esitleda just nii, nagu soovid.<\/p>\n<ul>\n<li><strong>Loomulikult esile t\u00f5stetud pildid<\/strong><br \/>\nFlute on kahe klaaspaneeliga ujuv raam, mis hoiab fotosid soonilise klaastaustaga.<\/li>\n<li><strong>Horisontaalne v\u00f5i vertikaalne paigutus<\/strong><br \/>\nP\u00f6\u00f6rates klaasi, saab pilte v\u00f5i kunstiteoseid esitleda nii p\u00fcst- kui ka vertikaalselt.<\/li>\n<li><strong>Ainulaadne tugijala disain<\/strong><br \/>\nElegantne ja funktsionaalne tugijalg t\u00e4iendab igat ruumi ning toob esile sinu lemmikfotod.<\/li>\n<\/ul>\n<p>\u2022 10x15cm<br \/>\n\u2022 Materjalid: Klaas, vastupidav raam<br \/>\n\u2022 <a href=\"\/et\/tootekategooria\/brandid\/umbra-et\/\">Br\u00e4nd Umbra<\/a><\/p>\n<p><strong>Meist<\/strong><\/p>\n<p>1979. aastal alguse saanud \u00fche lihtsa aknakardinaga s\u00fcndis Umbra kirest originaalse disaini ja taskukohase, kaasaegse stiili vastu. Kaasasutajad Les Mandelbaum ja Paul Rowan n\u00e4gid vajadust luua loomingulisi ja soodsaid tooteid, mis sobiksid igasse koju.<\/p>\n<p>T\u00e4naseks on Torontos, Kanadas asuv Umbra kasvanud rahvusvaheliseks disainiliidriks, tegutsedes enam kui 120 riigis ja omades esindusi Euroopas, P\u00f5hja- ja L\u00f5una-Ameerikas ning Aasias. Innovatsioonist kantuna toob meie rahvusvaheline disainitiim igap\u00e4evaesemetesse v\u00e4rsket loomingulisust ja uusi ideid, seades kaasaegsele disainile uusi standardeid.<\/p>\n<p><a href=\"\/et\/tootekategooria\/brandid\/umbra-et\/\"><img loading=\"lazy\" decoding=\"async\" class=\"alignnone size-full wp-image-93263\" src=\"https:\/\/www.talidesign.eu\/wp\/wp-content\/uploads\/2024\/10\/umbralogo-1.jpg\" alt=\"\" width=\"500\" height=\"100\" \/><\/a><\/p>\n","protected":false},"featured_media":98594,"template":"","meta":[],"product_brand":[],"product_cat":[1026,1105,1018,1101,3350],"product_tag":[3356],"class_list":{"0":"post-98580","1":"product","2":"type-product","3":"status-publish","4":"has-post-thumbnail","6":"product_cat-brandid","7":"product_cat-esik","8":"product_cat-kodu","9":"product_cat-magamis-ja-elutuba","10":"product_cat-umbra-et","11":"product_tag-umbra-et","13":"first","14":"outofstock","15":"taxable","16":"shipping-taxable","17":"purchasable","18":"product-type-simple"},"yoast_head":"<!-- This site is optimized with the Yoast SEO plugin v27.3 - https:\/\/yoast.com\/product\/yoast-seo-wordpress\/ -->\n<title>Umbra Flute pildiraam 10x15cm Must - TALI Concept Store<\/title>\n<meta name=\"description\" content=\"Umbra Flute pildiraam 10x15cm Must - elegantne ja kaasaegne raam, mis toob esile sinu k\u00f5ige kallimad m\u00e4lestused. Kasuta horisontaalselt v\u00f5i vertikaalselt.\" \/>\n<meta name=\"robots\" content=\"index, follow, max-snippet:-1, max-image-preview:large, max-video-preview:-1\" \/>\n<link rel=\"canonical\" href=\"https:\/\/www.talidesign.eu\/et\/pood\/toode\/umbra-flute-pildiraam-10x15cm-must\/\" \/>\n<meta property=\"og:locale\" content=\"et_EE\" \/>\n<meta property=\"og:type\" content=\"article\" \/>\n<meta property=\"og:title\" content=\"Umbra Flute pildiraam 10x15cm Must - TALI Concept Store\" \/>\n<meta property=\"og:description\" content=\"Umbra Flute pildiraam 10x15cm Must - elegantne ja kaasaegne raam, mis toob esile sinu k\u00f5ige kallimad m\u00e4lestused. Kasuta horisontaalselt v\u00f5i vertikaalselt.\" \/>\n<meta property=\"og:url\" content=\"https:\/\/www.talidesign.eu\/et\/pood\/toode\/umbra-flute-pildiraam-10x15cm-must\/\" \/>\n<meta property=\"og:site_name\" content=\"TALI Concept Store\" \/>\n<meta property=\"article:publisher\" content=\"https:\/\/www.facebook.com\/TaliDisain\/\" \/>\n<meta property=\"article:modified_time\" content=\"2025-03-06T16:04:30+00:00\" \/>\n<meta property=\"og:image\" content=\"https:\/\/www.talidesign.eu\/wp\/wp-content\/uploads\/2025\/02\/1021416-040_FLUTE-PICTURE-FRAME-4x6_BLACK_CC01-scaled.jpg\" \/>\n\t<meta property=\"og:image:width\" content=\"2560\" \/>\n\t<meta property=\"og:image:height\" content=\"2560\" \/>\n\t<meta property=\"og:image:type\" content=\"image\/jpeg\" \/>\n<meta name=\"twitter:card\" content=\"summary_large_image\" \/>\n<meta name=\"twitter:label1\" content=\"Est. reading time\" \/>\n\t<meta name=\"twitter:data1\" content=\"2 minutes\" \/>\n<script type=\"application\/ld+json\" class=\"yoast-schema-graph\">{\"@context\":\"https:\\\/\\\/schema.org\",\"@graph\":[{\"@type\":\"WebPage\",\"@id\":\"https:\\\/\\\/www.talidesign.eu\\\/et\\\/pood\\\/toode\\\/umbra-flute-pildiraam-10x15cm-must\\\/\",\"url\":\"https:\\\/\\\/www.talidesign.eu\\\/et\\\/pood\\\/toode\\\/umbra-flute-pildiraam-10x15cm-must\\\/\",\"name\":\"Umbra Flute pildiraam 10x15cm Must - TALI Concept Store\",\"isPartOf\":{\"@id\":\"https:\\\/\\\/www.talidesign.eu\\\/et\\\/#website\"},\"primaryImageOfPage\":{\"@id\":\"https:\\\/\\\/www.talidesign.eu\\\/et\\\/pood\\\/toode\\\/umbra-flute-pildiraam-10x15cm-must\\\/#primaryimage\"},\"image\":{\"@id\":\"https:\\\/\\\/www.talidesign.eu\\\/et\\\/pood\\\/toode\\\/umbra-flute-pildiraam-10x15cm-must\\\/#primaryimage\"},\"thumbnailUrl\":\"https:\\\/\\\/www.talidesign.eu\\\/wp\\\/wp-content\\\/uploads\\\/2025\\\/02\\\/1021416-040_FLUTE-PICTURE-FRAME-4x6_BLACK_CC01-scaled.jpg\",\"datePublished\":\"2025-02-05T12:56:29+00:00\",\"dateModified\":\"2025-03-06T16:04:30+00:00\",\"description\":\"Umbra Flute pildiraam 10x15cm Must - elegantne ja kaasaegne raam, mis toob esile sinu k\u00f5ige kallimad m\u00e4lestused. Kasuta horisontaalselt v\u00f5i vertikaalselt.\",\"breadcrumb\":{\"@id\":\"https:\\\/\\\/www.talidesign.eu\\\/et\\\/pood\\\/toode\\\/umbra-flute-pildiraam-10x15cm-must\\\/#breadcrumb\"},\"inLanguage\":\"et\",\"potentialAction\":[{\"@type\":\"ReadAction\",\"target\":[\"https:\\\/\\\/www.talidesign.eu\\\/et\\\/pood\\\/toode\\\/umbra-flute-pildiraam-10x15cm-must\\\/\"]}]},{\"@type\":\"ImageObject\",\"inLanguage\":\"et\",\"@id\":\"https:\\\/\\\/www.talidesign.eu\\\/et\\\/pood\\\/toode\\\/umbra-flute-pildiraam-10x15cm-must\\\/#primaryimage\",\"url\":\"https:\\\/\\\/www.talidesign.eu\\\/wp\\\/wp-content\\\/uploads\\\/2025\\\/02\\\/1021416-040_FLUTE-PICTURE-FRAME-4x6_BLACK_CC01-scaled.jpg\",\"contentUrl\":\"https:\\\/\\\/www.talidesign.eu\\\/wp\\\/wp-content\\\/uploads\\\/2025\\\/02\\\/1021416-040_FLUTE-PICTURE-FRAME-4x6_BLACK_CC01-scaled.jpg\",\"width\":2560,\"height\":2560},{\"@type\":\"BreadcrumbList\",\"@id\":\"https:\\\/\\\/www.talidesign.eu\\\/et\\\/pood\\\/toode\\\/umbra-flute-pildiraam-10x15cm-must\\\/#breadcrumb\",\"itemListElement\":[{\"@type\":\"ListItem\",\"position\":1,\"name\":\"Avaleht\",\"item\":\"https:\\\/\\\/www.talidesign.eu\\\/et\\\/\"},{\"@type\":\"ListItem\",\"position\":2,\"name\":\"Pood\",\"item\":\"https:\\\/\\\/www.talidesign.eu\\\/et\\\/pood\\\/\"},{\"@type\":\"ListItem\",\"position\":3,\"name\":\"Umbra Flute pildiraam 10x15cm Must\"}]},{\"@type\":\"WebSite\",\"@id\":\"https:\\\/\\\/www.talidesign.eu\\\/et\\\/#website\",\"url\":\"https:\\\/\\\/www.talidesign.eu\\\/et\\\/\",\"name\":\"TALI Concept Store\",\"description\":\"Suurim Disainipood Eestis\",\"potentialAction\":[{\"@type\":\"SearchAction\",\"target\":{\"@type\":\"EntryPoint\",\"urlTemplate\":\"https:\\\/\\\/www.talidesign.eu\\\/et\\\/?s={search_term_string}\"},\"query-input\":{\"@type\":\"PropertyValueSpecification\",\"valueRequired\":true,\"valueName\":\"search_term_string\"}}],\"inLanguage\":\"et\"}]}<\/script>\n<!-- \/ Yoast SEO plugin. -->","yoast_head_json":{"title":"Umbra Flute pildiraam 10x15cm Must - TALI Concept Store","description":"Umbra Flute pildiraam 10x15cm Must - elegantne ja kaasaegne raam, mis toob esile sinu k\u00f5ige kallimad m\u00e4lestused. Kasuta horisontaalselt v\u00f5i vertikaalselt.","robots":{"index":"index","follow":"follow","max-snippet":"max-snippet:-1","max-image-preview":"max-image-preview:large","max-video-preview":"max-video-preview:-1"},"canonical":"https:\/\/www.talidesign.eu\/et\/pood\/toode\/umbra-flute-pildiraam-10x15cm-must\/","og_locale":"et_EE","og_type":"article","og_title":"Umbra Flute pildiraam 10x15cm Must - TALI Concept Store","og_description":"Umbra Flute pildiraam 10x15cm Must - elegantne ja kaasaegne raam, mis toob esile sinu k\u00f5ige kallimad m\u00e4lestused. Kasuta horisontaalselt v\u00f5i vertikaalselt.","og_url":"https:\/\/www.talidesign.eu\/et\/pood\/toode\/umbra-flute-pildiraam-10x15cm-must\/","og_site_name":"TALI Concept Store","article_publisher":"https:\/\/www.facebook.com\/TaliDisain\/","article_modified_time":"2025-03-06T16:04:30+00:00","og_image":[{"width":2560,"height":2560,"url":"https:\/\/www.talidesign.eu\/wp\/wp-content\/uploads\/2025\/02\/1021416-040_FLUTE-PICTURE-FRAME-4x6_BLACK_CC01-scaled.jpg","type":"image\/jpeg"}],"twitter_card":"summary_large_image","twitter_misc":{"Est. reading time":"2 minutes"},"schema":{"@context":"https:\/\/schema.org","@graph":[{"@type":"WebPage","@id":"https:\/\/www.talidesign.eu\/et\/pood\/toode\/umbra-flute-pildiraam-10x15cm-must\/","url":"https:\/\/www.talidesign.eu\/et\/pood\/toode\/umbra-flute-pildiraam-10x15cm-must\/","name":"Umbra Flute pildiraam 10x15cm Must - TALI Concept Store","isPartOf":{"@id":"https:\/\/www.talidesign.eu\/et\/#website"},"primaryImageOfPage":{"@id":"https:\/\/www.talidesign.eu\/et\/pood\/toode\/umbra-flute-pildiraam-10x15cm-must\/#primaryimage"},"image":{"@id":"https:\/\/www.talidesign.eu\/et\/pood\/toode\/umbra-flute-pildiraam-10x15cm-must\/#primaryimage"},"thumbnailUrl":"https:\/\/www.talidesign.eu\/wp\/wp-content\/uploads\/2025\/02\/1021416-040_FLUTE-PICTURE-FRAME-4x6_BLACK_CC01-scaled.jpg","datePublished":"2025-02-05T12:56:29+00:00","dateModified":"2025-03-06T16:04:30+00:00","description":"Umbra Flute pildiraam 10x15cm Must - elegantne ja kaasaegne raam, mis toob esile sinu k\u00f5ige kallimad m\u00e4lestused. Kasuta horisontaalselt v\u00f5i vertikaalselt.","breadcrumb":{"@id":"https:\/\/www.talidesign.eu\/et\/pood\/toode\/umbra-flute-pildiraam-10x15cm-must\/#breadcrumb"},"inLanguage":"et","potentialAction":[{"@type":"ReadAction","target":["https:\/\/www.talidesign.eu\/et\/pood\/toode\/umbra-flute-pildiraam-10x15cm-must\/"]}]},{"@type":"ImageObject","inLanguage":"et","@id":"https:\/\/www.talidesign.eu\/et\/pood\/toode\/umbra-flute-pildiraam-10x15cm-must\/#primaryimage","url":"https:\/\/www.talidesign.eu\/wp\/wp-content\/uploads\/2025\/02\/1021416-040_FLUTE-PICTURE-FRAME-4x6_BLACK_CC01-scaled.jpg","contentUrl":"https:\/\/www.talidesign.eu\/wp\/wp-content\/uploads\/2025\/02\/1021416-040_FLUTE-PICTURE-FRAME-4x6_BLACK_CC01-scaled.jpg","width":2560,"height":2560},{"@type":"BreadcrumbList","@id":"https:\/\/www.talidesign.eu\/et\/pood\/toode\/umbra-flute-pildiraam-10x15cm-must\/#breadcrumb","itemListElement":[{"@type":"ListItem","position":1,"name":"Avaleht","item":"https:\/\/www.talidesign.eu\/et\/"},{"@type":"ListItem","position":2,"name":"Pood","item":"https:\/\/www.talidesign.eu\/et\/pood\/"},{"@type":"ListItem","position":3,"name":"Umbra Flute pildiraam 10x15cm Must"}]},{"@type":"WebSite","@id":"https:\/\/www.talidesign.eu\/et\/#website","url":"https:\/\/www.talidesign.eu\/et\/","name":"TALI Concept Store","description":"Suurim Disainipood Eestis","potentialAction":[{"@type":"SearchAction","target":{"@type":"EntryPoint","urlTemplate":"https:\/\/www.talidesign.eu\/et\/?s={search_term_string}"},"query-input":{"@type":"PropertyValueSpecification","valueRequired":true,"valueName":"search_term_string"}}],"inLanguage":"et"}]}},"_links":{"self":[{"href":"https:\/\/www.talidesign.eu\/et\/wp-json\/wp\/v2\/product\/98580","targetHints":{"allow":["GET"]}}],"collection":[{"href":"https:\/\/www.talidesign.eu\/et\/wp-json\/wp\/v2\/product"}],"about":[{"href":"https:\/\/www.talidesign.eu\/et\/wp-json\/wp\/v2\/types\/product"}],"wp:featuredmedia":[{"embeddable":true,"href":"https:\/\/www.talidesign.eu\/et\/wp-json\/wp\/v2\/media\/98594"}],"wp:attachment":[{"href":"https:\/\/www.talidesign.eu\/et\/wp-json\/wp\/v2\/media?parent=98580"}],"wp:term":[{"taxonomy":"product_brand","embeddable":true,"href":"https:\/\/www.talidesign.eu\/et\/wp-json\/wp\/v2\/product_brand?post=98580"},{"taxonomy":"product_cat","embeddable":true,"href":"https:\/\/www.talidesign.eu\/et\/wp-json\/wp\/v2\/product_cat?post=98580"},{"taxonomy":"product_tag","embeddable":true,"href":"https:\/\/www.talidesign.eu\/et\/wp-json\/wp\/v2\/product_tag?post=98580"}],"curies":[{"name":"wp","href":"https:\/\/api.w.org\/{rel}","templated":true}]}}