{"id":98606,"date":"2025-02-05T22:46:45","date_gmt":"2025-02-05T20:46:46","guid":{"rendered":"https:\/\/www.talidesign.eu\/?post_type=product&#038;p=98606"},"modified":"2025-10-06T10:51:55","modified_gmt":"2025-10-06T07:51:55","slug":"umbra-conceal-ujuvriiulid-l-3tk-silver","status":"publish","type":"product","link":"https:\/\/www.talidesign.eu\/et\/pood\/toode\/umbra-conceal-ujuvriiulid-l-3tk-silver\/","title":{"rendered":"Umbra Conceal ujuvriiulid L 3tk Silver"},"content":{"rendered":"<p><strong>Conceal ujuvriiulid L 3tk Silver<\/strong><\/p>\n<p>Conceal riiulid on komplekt kolmest h\u00f5bedase viimistlusega, pulberv\u00e4rvitud metallist valmistatud riiulist, mis muutuvad raamaturiiulil peaaegu n\u00e4htamatuks, luues illusiooni seinal h\u00f5ljuvatest raamatutest. Need minimalistlikud riiulid annavad raamatutele kunstilise ilme ja v\u00f5imaldavad paigutust vastavalt soovile \u2013 \u00fcksteise alla, k\u00fcljele v\u00f5i hajutatult. V\u00e4ike kinnitus\u00e4\u00e4r takistab raamatu kaanel alla vajumast ning aitab luua t\u00f5elise \u201cujuva\u201d efekti. T\u00e4nu kompaktsusele sobivad riiulid ka v\u00e4iksematesse ja ebamugava kujuga seinapindadesse. Stiilne h\u00f5bedane viimistlus v\u00f5imaldab Conceal riiulitel sulanduda igasse interj\u00f6\u00f6ri ja lisada ruumile dimensiooni.<\/p>\n<ul>\n<li><strong>Originaalne disain<\/strong><br \/>\nConceal riiulid muudavad raamatuhoidmise viisi \u2013 riiul j\u00e4\u00e4b t\u00e4ielikult varjatuks, andes raamatutele h\u00f5ljuva efekti.<\/li>\n<li><strong>Ruumi s\u00e4\u00e4stev lahendus<\/strong><br \/>\nErinevalt tavap\u00e4rastest riiulitest v\u00f5imaldavad Conceal riiulid kasutada \u00e4ra seni t\u00fchjaks j\u00e4\u00e4nud seinapindu.<\/li>\n<li><strong>Mitmek\u00fclgne kasutus<\/strong><br \/>\nLisaks raamatutele saab riiulitel eksponeerida ka potitaimi, DVD-sid, pildiraame, dekoratsioone jne<\/li>\n<li><strong>Lihtne paigaldada<\/strong><br \/>\nKomplektis on k\u00f5ik vajalikud kinnitusvahendid kiireks ja lihtsaks paigaldamiseks.<\/li>\n<\/ul>\n<p>\u2022 Materjal: Pulberv\u00e4rvitud metall<br \/>\n\u2022 18 x 17 x 14 cm, kandev\u00f5ime kuni 9 kg<br \/>\n\u2022 <a href=\"\/et\/tootekategooria\/brandid\/umbra-et\/\">Br\u00e4nd Umbra<\/a><\/p>\n<p><strong>Meist<\/strong><\/p>\n<p>1979. aastal alguse saanud \u00fche lihtsa aknakardinaga s\u00fcndis Umbra kirest originaalse disaini ja taskukohase, kaasaegse stiili vastu. Kaasasutajad Les Mandelbaum ja Paul Rowan n\u00e4gid vajadust luua loomingulisi ja soodsaid tooteid, mis sobiksid igasse koju.<\/p>\n<p>T\u00e4naseks on Torontos, Kanadas asuv Umbra kasvanud rahvusvaheliseks disainiliidriks, tegutsedes enam kui 120 riigis ja omades esindusi Euroopas, P\u00f5hja- ja L\u00f5una-Ameerikas ning Aasias. Innovatsioonist kantuna toob meie rahvusvaheline disainitiim igap\u00e4evaesemetesse v\u00e4rsket loomingulisust ja uusi ideid, seades kaasaegsele disainile uusi standardeid.<\/p>\n<p><a href=\"\/et\/tootekategooria\/brandid\/umbra-et\/\"><img loading=\"lazy\" decoding=\"async\" class=\"alignnone size-full wp-image-93263\" src=\"https:\/\/www.talidesign.eu\/wp\/wp-content\/uploads\/2024\/10\/umbralogo-1.jpg\" alt=\"\" width=\"500\" height=\"100\" \/><\/a><\/p>\n","protected":false},"excerpt":{"rendered":"<p><strong>Conceal ujuvriiulid L 3tk Silver<\/strong><\/p>\n<p>Conceal riiulid on komplekt kolmest h\u00f5bedase viimistlusega, pulberv\u00e4rvitud metallist valmistatud riiulist, mis muutuvad raamaturiiulil peaaegu n\u00e4htamatuks, luues illusiooni seinal h\u00f5ljuvatest raamatutest. Need minimalistlikud riiulid annavad raamatutele kunstilise ilme ja v\u00f5imaldavad paigutust vastavalt soovile \u2013 \u00fcksteise alla, k\u00fcljele v\u00f5i hajutatult. V\u00e4ike kinnitus\u00e4\u00e4r takistab raamatu kaanel alla vajumast ning aitab luua t\u00f5elise \u201cujuva\u201d efekti. T\u00e4nu kompaktsusele sobivad riiulid ka v\u00e4iksematesse ja ebamugava kujuga seinapindadesse. Stiilne h\u00f5bedane viimistlus v\u00f5imaldab Conceal riiulitel sulanduda igasse interj\u00f6\u00f6ri ja lisada ruumile dimensiooni.<\/p>\n<ul>\n<li><strong>Originaalne disain<\/strong><br \/>\nConceal riiulid muudavad raamatuhoidmise viisi \u2013 riiul j\u00e4\u00e4b t\u00e4ielikult varjatuks, andes raamatutele h\u00f5ljuva efekti.<\/li>\n<li><strong>Ruumi s\u00e4\u00e4stev lahendus<\/strong><br \/>\nErinevalt tavap\u00e4rastest riiulitest v\u00f5imaldavad Conceal riiulid kasutada \u00e4ra seni t\u00fchjaks j\u00e4\u00e4nud seinapindu.<\/li>\n<li><strong>Mitmek\u00fclgne kasutus<\/strong><br \/>\nLisaks raamatutele saab riiulitel eksponeerida ka potitaimi, DVD-sid, pildiraame, dekoratsioone jne<\/li>\n<li><strong>Lihtne paigaldada<\/strong><br \/>\nKomplektis on k\u00f5ik vajalikud kinnitusvahendid kiireks ja lihtsaks paigaldamiseks.<\/li>\n<\/ul>\n<p>\u2022 Materjal: Pulberv\u00e4rvitud metall<br \/>\n\u2022 18 x 17 x 14 cm, kandev\u00f5ime kuni 9 kg<br \/>\n\u2022 <a href=\"\/et\/tootekategooria\/brandid\/umbra-et\/\">Br\u00e4nd Umbra<\/a><\/p>\n<p><strong>Meist<\/strong><\/p>\n<p>1979. aastal alguse saanud \u00fche lihtsa aknakardinaga s\u00fcndis Umbra kirest originaalse disaini ja taskukohase, kaasaegse stiili vastu. Kaasasutajad Les Mandelbaum ja Paul Rowan n\u00e4gid vajadust luua loomingulisi ja soodsaid tooteid, mis sobiksid igasse koju.<\/p>\n<p>T\u00e4naseks on Torontos, Kanadas asuv Umbra kasvanud rahvusvaheliseks disainiliidriks, tegutsedes enam kui 120 riigis ja omades esindusi Euroopas, P\u00f5hja- ja L\u00f5una-Ameerikas ning Aasias. Innovatsioonist kantuna toob meie rahvusvaheline disainitiim igap\u00e4evaesemetesse v\u00e4rsket loomingulisust ja uusi ideid, seades kaasaegsele disainile uusi standardeid.<\/p>\n<p><a href=\"\/et\/tootekategooria\/brandid\/umbra-et\/\"><img loading=\"lazy\" decoding=\"async\" class=\"alignnone size-full wp-image-93263\" src=\"https:\/\/www.talidesign.eu\/wp\/wp-content\/uploads\/2024\/10\/umbralogo-1.jpg\" alt=\"\" width=\"500\" height=\"100\" \/><\/a><\/p>\n","protected":false},"featured_media":98622,"template":"","meta":[],"product_brand":[],"product_cat":[1026,1105,1018,1106,1101,3350],"product_tag":[3356],"class_list":{"0":"post-98606","1":"product","2":"type-product","3":"status-publish","4":"has-post-thumbnail","6":"product_cat-brandid","7":"product_cat-esik","8":"product_cat-kodu","9":"product_cat-konksud-nagid","10":"product_cat-magamis-ja-elutuba","11":"product_cat-umbra-et","12":"product_tag-umbra-et","14":"first","15":"outofstock","16":"taxable","17":"shipping-taxable","18":"purchasable","19":"product-type-simple"},"yoast_head":"<!-- This site is optimized with the Yoast SEO plugin v27.3 - https:\/\/yoast.com\/product\/yoast-seo-wordpress\/ -->\n<title>Umbra Conceal ujuvriiulid L 3tk Silver - TALI Concept Store<\/title>\n<meta name=\"description\" content=\"Avasta Umbra Conceal ujuvriiulid L 3tk Silver - minimalistlikud riiulid, mis loovad h\u00f5ljuva efekti ja annavad raamatutele kunstilise ilme. Sobivad igasse interj\u00f6\u00f6ri.\" \/>\n<meta name=\"robots\" content=\"index, follow, max-snippet:-1, max-image-preview:large, max-video-preview:-1\" \/>\n<link rel=\"canonical\" href=\"https:\/\/www.talidesign.eu\/et\/pood\/toode\/umbra-conceal-ujuvriiulid-l-3tk-silver\/\" \/>\n<meta property=\"og:locale\" content=\"et_EE\" \/>\n<meta property=\"og:type\" content=\"article\" \/>\n<meta property=\"og:title\" content=\"Umbra Conceal ujuvriiulid L 3tk Silver - TALI Concept Store\" \/>\n<meta property=\"og:description\" content=\"Avasta Umbra Conceal ujuvriiulid L 3tk Silver - minimalistlikud riiulid, mis loovad h\u00f5ljuva efekti ja annavad raamatutele kunstilise ilme. Sobivad igasse interj\u00f6\u00f6ri.\" \/>\n<meta property=\"og:url\" content=\"https:\/\/www.talidesign.eu\/et\/pood\/toode\/umbra-conceal-ujuvriiulid-l-3tk-silver\/\" \/>\n<meta property=\"og:site_name\" content=\"TALI Concept Store\" \/>\n<meta property=\"article:publisher\" content=\"https:\/\/www.facebook.com\/TaliDisain\/\" \/>\n<meta property=\"article:modified_time\" content=\"2025-10-06T07:51:55+00:00\" \/>\n<meta property=\"og:image\" content=\"https:\/\/www.talidesign.eu\/wp\/wp-content\/uploads\/2025\/02\/1005073-560_CONCEAL_SHELF_LG__SILVER_CC02-scaled.jpg\" \/>\n\t<meta property=\"og:image:width\" content=\"2560\" \/>\n\t<meta property=\"og:image:height\" content=\"2560\" \/>\n\t<meta property=\"og:image:type\" content=\"image\/jpeg\" \/>\n<meta name=\"twitter:card\" content=\"summary_large_image\" \/>\n<meta name=\"twitter:label1\" content=\"Est. reading time\" \/>\n\t<meta name=\"twitter:data1\" content=\"2 minutes\" \/>\n<script type=\"application\/ld+json\" class=\"yoast-schema-graph\">{\"@context\":\"https:\\\/\\\/schema.org\",\"@graph\":[{\"@type\":\"WebPage\",\"@id\":\"https:\\\/\\\/www.talidesign.eu\\\/et\\\/pood\\\/toode\\\/umbra-conceal-ujuvriiulid-l-3tk-silver\\\/\",\"url\":\"https:\\\/\\\/www.talidesign.eu\\\/et\\\/pood\\\/toode\\\/umbra-conceal-ujuvriiulid-l-3tk-silver\\\/\",\"name\":\"Umbra Conceal ujuvriiulid L 3tk Silver - TALI Concept Store\",\"isPartOf\":{\"@id\":\"https:\\\/\\\/www.talidesign.eu\\\/et\\\/#website\"},\"primaryImageOfPage\":{\"@id\":\"https:\\\/\\\/www.talidesign.eu\\\/et\\\/pood\\\/toode\\\/umbra-conceal-ujuvriiulid-l-3tk-silver\\\/#primaryimage\"},\"image\":{\"@id\":\"https:\\\/\\\/www.talidesign.eu\\\/et\\\/pood\\\/toode\\\/umbra-conceal-ujuvriiulid-l-3tk-silver\\\/#primaryimage\"},\"thumbnailUrl\":\"https:\\\/\\\/www.talidesign.eu\\\/wp\\\/wp-content\\\/uploads\\\/2025\\\/02\\\/1005073-560_CONCEAL_SHELF_LG__SILVER_CC02-scaled.jpg\",\"datePublished\":\"2025-02-05T20:46:46+00:00\",\"dateModified\":\"2025-10-06T07:51:55+00:00\",\"description\":\"Avasta Umbra Conceal ujuvriiulid L 3tk Silver - minimalistlikud riiulid, mis loovad h\u00f5ljuva efekti ja annavad raamatutele kunstilise ilme. Sobivad igasse interj\u00f6\u00f6ri.\",\"breadcrumb\":{\"@id\":\"https:\\\/\\\/www.talidesign.eu\\\/et\\\/pood\\\/toode\\\/umbra-conceal-ujuvriiulid-l-3tk-silver\\\/#breadcrumb\"},\"inLanguage\":\"et\",\"potentialAction\":[{\"@type\":\"ReadAction\",\"target\":[\"https:\\\/\\\/www.talidesign.eu\\\/et\\\/pood\\\/toode\\\/umbra-conceal-ujuvriiulid-l-3tk-silver\\\/\"]}]},{\"@type\":\"ImageObject\",\"inLanguage\":\"et\",\"@id\":\"https:\\\/\\\/www.talidesign.eu\\\/et\\\/pood\\\/toode\\\/umbra-conceal-ujuvriiulid-l-3tk-silver\\\/#primaryimage\",\"url\":\"https:\\\/\\\/www.talidesign.eu\\\/wp\\\/wp-content\\\/uploads\\\/2025\\\/02\\\/1005073-560_CONCEAL_SHELF_LG__SILVER_CC02-scaled.jpg\",\"contentUrl\":\"https:\\\/\\\/www.talidesign.eu\\\/wp\\\/wp-content\\\/uploads\\\/2025\\\/02\\\/1005073-560_CONCEAL_SHELF_LG__SILVER_CC02-scaled.jpg\",\"width\":2560,\"height\":2560},{\"@type\":\"BreadcrumbList\",\"@id\":\"https:\\\/\\\/www.talidesign.eu\\\/et\\\/pood\\\/toode\\\/umbra-conceal-ujuvriiulid-l-3tk-silver\\\/#breadcrumb\",\"itemListElement\":[{\"@type\":\"ListItem\",\"position\":1,\"name\":\"Avaleht\",\"item\":\"https:\\\/\\\/www.talidesign.eu\\\/et\\\/\"},{\"@type\":\"ListItem\",\"position\":2,\"name\":\"Pood\",\"item\":\"https:\\\/\\\/www.talidesign.eu\\\/et\\\/pood\\\/\"},{\"@type\":\"ListItem\",\"position\":3,\"name\":\"Umbra Conceal ujuvriiulid L 3tk Silver\"}]},{\"@type\":\"WebSite\",\"@id\":\"https:\\\/\\\/www.talidesign.eu\\\/et\\\/#website\",\"url\":\"https:\\\/\\\/www.talidesign.eu\\\/et\\\/\",\"name\":\"TALI Concept Store\",\"description\":\"Suurim Disainipood Eestis\",\"potentialAction\":[{\"@type\":\"SearchAction\",\"target\":{\"@type\":\"EntryPoint\",\"urlTemplate\":\"https:\\\/\\\/www.talidesign.eu\\\/et\\\/?s={search_term_string}\"},\"query-input\":{\"@type\":\"PropertyValueSpecification\",\"valueRequired\":true,\"valueName\":\"search_term_string\"}}],\"inLanguage\":\"et\"}]}<\/script>\n<!-- \/ Yoast SEO plugin. -->","yoast_head_json":{"title":"Umbra Conceal ujuvriiulid L 3tk Silver - TALI Concept Store","description":"Avasta Umbra Conceal ujuvriiulid L 3tk Silver - minimalistlikud riiulid, mis loovad h\u00f5ljuva efekti ja annavad raamatutele kunstilise ilme. Sobivad igasse interj\u00f6\u00f6ri.","robots":{"index":"index","follow":"follow","max-snippet":"max-snippet:-1","max-image-preview":"max-image-preview:large","max-video-preview":"max-video-preview:-1"},"canonical":"https:\/\/www.talidesign.eu\/et\/pood\/toode\/umbra-conceal-ujuvriiulid-l-3tk-silver\/","og_locale":"et_EE","og_type":"article","og_title":"Umbra Conceal ujuvriiulid L 3tk Silver - TALI Concept Store","og_description":"Avasta Umbra Conceal ujuvriiulid L 3tk Silver - minimalistlikud riiulid, mis loovad h\u00f5ljuva efekti ja annavad raamatutele kunstilise ilme. Sobivad igasse interj\u00f6\u00f6ri.","og_url":"https:\/\/www.talidesign.eu\/et\/pood\/toode\/umbra-conceal-ujuvriiulid-l-3tk-silver\/","og_site_name":"TALI Concept Store","article_publisher":"https:\/\/www.facebook.com\/TaliDisain\/","article_modified_time":"2025-10-06T07:51:55+00:00","og_image":[{"width":2560,"height":2560,"url":"https:\/\/www.talidesign.eu\/wp\/wp-content\/uploads\/2025\/02\/1005073-560_CONCEAL_SHELF_LG__SILVER_CC02-scaled.jpg","type":"image\/jpeg"}],"twitter_card":"summary_large_image","twitter_misc":{"Est. reading time":"2 minutes"},"schema":{"@context":"https:\/\/schema.org","@graph":[{"@type":"WebPage","@id":"https:\/\/www.talidesign.eu\/et\/pood\/toode\/umbra-conceal-ujuvriiulid-l-3tk-silver\/","url":"https:\/\/www.talidesign.eu\/et\/pood\/toode\/umbra-conceal-ujuvriiulid-l-3tk-silver\/","name":"Umbra Conceal ujuvriiulid L 3tk Silver - TALI Concept Store","isPartOf":{"@id":"https:\/\/www.talidesign.eu\/et\/#website"},"primaryImageOfPage":{"@id":"https:\/\/www.talidesign.eu\/et\/pood\/toode\/umbra-conceal-ujuvriiulid-l-3tk-silver\/#primaryimage"},"image":{"@id":"https:\/\/www.talidesign.eu\/et\/pood\/toode\/umbra-conceal-ujuvriiulid-l-3tk-silver\/#primaryimage"},"thumbnailUrl":"https:\/\/www.talidesign.eu\/wp\/wp-content\/uploads\/2025\/02\/1005073-560_CONCEAL_SHELF_LG__SILVER_CC02-scaled.jpg","datePublished":"2025-02-05T20:46:46+00:00","dateModified":"2025-10-06T07:51:55+00:00","description":"Avasta Umbra Conceal ujuvriiulid L 3tk Silver - minimalistlikud riiulid, mis loovad h\u00f5ljuva efekti ja annavad raamatutele kunstilise ilme. Sobivad igasse interj\u00f6\u00f6ri.","breadcrumb":{"@id":"https:\/\/www.talidesign.eu\/et\/pood\/toode\/umbra-conceal-ujuvriiulid-l-3tk-silver\/#breadcrumb"},"inLanguage":"et","potentialAction":[{"@type":"ReadAction","target":["https:\/\/www.talidesign.eu\/et\/pood\/toode\/umbra-conceal-ujuvriiulid-l-3tk-silver\/"]}]},{"@type":"ImageObject","inLanguage":"et","@id":"https:\/\/www.talidesign.eu\/et\/pood\/toode\/umbra-conceal-ujuvriiulid-l-3tk-silver\/#primaryimage","url":"https:\/\/www.talidesign.eu\/wp\/wp-content\/uploads\/2025\/02\/1005073-560_CONCEAL_SHELF_LG__SILVER_CC02-scaled.jpg","contentUrl":"https:\/\/www.talidesign.eu\/wp\/wp-content\/uploads\/2025\/02\/1005073-560_CONCEAL_SHELF_LG__SILVER_CC02-scaled.jpg","width":2560,"height":2560},{"@type":"BreadcrumbList","@id":"https:\/\/www.talidesign.eu\/et\/pood\/toode\/umbra-conceal-ujuvriiulid-l-3tk-silver\/#breadcrumb","itemListElement":[{"@type":"ListItem","position":1,"name":"Avaleht","item":"https:\/\/www.talidesign.eu\/et\/"},{"@type":"ListItem","position":2,"name":"Pood","item":"https:\/\/www.talidesign.eu\/et\/pood\/"},{"@type":"ListItem","position":3,"name":"Umbra Conceal ujuvriiulid L 3tk Silver"}]},{"@type":"WebSite","@id":"https:\/\/www.talidesign.eu\/et\/#website","url":"https:\/\/www.talidesign.eu\/et\/","name":"TALI Concept Store","description":"Suurim Disainipood Eestis","potentialAction":[{"@type":"SearchAction","target":{"@type":"EntryPoint","urlTemplate":"https:\/\/www.talidesign.eu\/et\/?s={search_term_string}"},"query-input":{"@type":"PropertyValueSpecification","valueRequired":true,"valueName":"search_term_string"}}],"inLanguage":"et"}]}},"_links":{"self":[{"href":"https:\/\/www.talidesign.eu\/et\/wp-json\/wp\/v2\/product\/98606","targetHints":{"allow":["GET"]}}],"collection":[{"href":"https:\/\/www.talidesign.eu\/et\/wp-json\/wp\/v2\/product"}],"about":[{"href":"https:\/\/www.talidesign.eu\/et\/wp-json\/wp\/v2\/types\/product"}],"wp:featuredmedia":[{"embeddable":true,"href":"https:\/\/www.talidesign.eu\/et\/wp-json\/wp\/v2\/media\/98622"}],"wp:attachment":[{"href":"https:\/\/www.talidesign.eu\/et\/wp-json\/wp\/v2\/media?parent=98606"}],"wp:term":[{"taxonomy":"product_brand","embeddable":true,"href":"https:\/\/www.talidesign.eu\/et\/wp-json\/wp\/v2\/product_brand?post=98606"},{"taxonomy":"product_cat","embeddable":true,"href":"https:\/\/www.talidesign.eu\/et\/wp-json\/wp\/v2\/product_cat?post=98606"},{"taxonomy":"product_tag","embeddable":true,"href":"https:\/\/www.talidesign.eu\/et\/wp-json\/wp\/v2\/product_tag?post=98606"}],"curies":[{"name":"wp","href":"https:\/\/api.w.org\/{rel}","templated":true}]}}