{"id":98682,"date":"2025-02-05T23:27:59","date_gmt":"2025-02-05T21:28:00","guid":{"rendered":"https:\/\/www.talidesign.eu\/?post_type=product&#038;p=98682"},"modified":"2026-01-27T10:59:11","modified_gmt":"2026-01-27T08:59:11","slug":"umbra-udry-noudekuivatusalus-linen","status":"publish","type":"product","link":"https:\/\/www.talidesign.eu\/et\/pood\/toode\/umbra-udry-noudekuivatusalus-linen\/","title":{"rendered":"Umbra UDry n\u00f5udekuivatusalus Linen"},"content":{"rendered":"<p><strong>UDry n\u00f5udekuivatusalus Linen<\/strong><\/p>\n<p>Unusta k\u00f6\u00f6gir\u00e4tikud ja n\u00f5udekuivatuslapid, sest UDry teeb palju rohkem ja n\u00e4eb seejuures stiilne v\u00e4lja! UDry patenteeritud disain \u00fchendab vastupidava, BPA-vaba vormitud plastikust n\u00f5udekuivatusresti (n\u00f5udepesumasinas pestav) ja kerge, superimava mikrokiudmati (masinpestav). Tulemus on k\u00f5ikeh\u00f5lmav kuivatuslahendus, mis on lihtne kasutada ja puhastada ning sobib ideaalselt k\u00f6\u00f6gi organiseerituna hoidmiseks. Kasutusv\u00e4lisel ajal volditakse UDry mugavalt kokku, et see kappi paigutada ja t\u00f6\u00f6pind puhtana hoida. <\/p>\n<ul>\n<li><strong>N\u00f5udekuivatusalus ja matt \u00fches<\/strong><br \/>\nUDry \u00fchendab n\u00f5udekuivatusresti ja mati, et n\u00f5usid, klaase, s\u00f6\u00f6giriistu, potte ja panne korrastatult kuivatada, v\u00f5imaldades neil \u00f5hu k\u00e4es kuivada, samal ajal kui tegeled muude toimetustega.<\/li>\n<li><strong>Superimav mikrokiudmatt<\/strong><br \/>\nMikrokiudmatt \u00fchendab vormi ja funktsionaalsuse, imades n\u00f5udelt vee ja kaitstes t\u00f6\u00f6pinda kriimustuste ja vee kogunemise eest. Matt on masinpestav.<\/li>\n<li><strong>Eemaldatav n\u00f5udekuivatusalus<\/strong><br \/>\nBPA-vaba plastikust rest on vastupidav ja paindlik, lihtsasti eemaldatav ja n\u00f5udepesumasinas pestav (ainult \u00fclemisel riiulil).<\/li>\n<li><strong>Kokkupandav ja ruumis\u00e4\u00e4stlik<\/strong><br \/>\nKui UDry pole kasutusel, saab selle kompaktselt kokku voltida ja sahtlisse v\u00f5i kappi paigutada, j\u00e4ttes t\u00f6\u00f6pinna puhtaks.<\/li>\n<\/ul>\n<p>\u2022 61 x 46 x 4 cm<br \/>\n\u2022 Taaskasutatud plastik \u2013 keskkonnas\u00f5bralik ja vastupidav<br \/>\n\u2022 Superimav mikrokiudmatt \u2013 kaitseb pindu ja imab vett efektiivselt<br \/>\n\u2022 <a href=\"\/et\/tootekategooria\/brandid\/umbra-et\/\">Br\u00e4nd Umbra<\/a><\/p>\n<p><strong>Meist<\/strong><\/p>\n<p>1979. aastal alguse saanud \u00fche lihtsa aknakardinaga s\u00fcndis Umbra kirest originaalse disaini ja taskukohase, kaasaegse stiili vastu. Kaasasutajad Les Mandelbaum ja Paul Rowan n\u00e4gid vajadust luua loomingulisi ja soodsaid tooteid, mis sobiksid igasse koju.<\/p>\n<p>T\u00e4naseks on Torontos, Kanadas asuv Umbra kasvanud rahvusvaheliseks disainiliidriks, tegutsedes enam kui 120 riigis ja omades esindusi Euroopas, P\u00f5hja- ja L\u00f5una-Ameerikas ning Aasias. Innovatsioonist kantuna toob meie rahvusvaheline disainitiim igap\u00e4evaesemetesse v\u00e4rsket loomingulisust ja uusi ideid, seades kaasaegsele disainile uusi standardeid.<\/p>\n<p><a href=\"\/et\/tootekategooria\/brandid\/umbra-et\/\"><img loading=\"lazy\" decoding=\"async\" src=\"https:\/\/www.talidesign.eu\/wp\/wp-content\/uploads\/2024\/10\/umbralogo-1.jpg\" alt=\"\" width=\"500\" height=\"100\" class=\"alignnone size-full wp-image-93263\" \/><\/a><\/p>\n","protected":false},"excerpt":{"rendered":"<p><strong>UDry n\u00f5udekuivatusalus Linen<\/strong><\/p>\n<p>Unusta k\u00f6\u00f6gir\u00e4tikud ja n\u00f5udekuivatuslapid, sest UDry teeb palju rohkem ja n\u00e4eb seejuures stiilne v\u00e4lja! UDry patenteeritud disain \u00fchendab vastupidava, BPA-vaba vormitud plastikust n\u00f5udekuivatusresti (n\u00f5udepesumasinas pestav) ja kerge, superimava mikrokiudmati (masinpestav). Tulemus on k\u00f5ikeh\u00f5lmav kuivatuslahendus, mis on lihtne kasutada ja puhastada ning sobib ideaalselt k\u00f6\u00f6gi organiseerituna hoidmiseks. Kasutusv\u00e4lisel ajal volditakse UDry mugavalt kokku, et see kappi paigutada ja t\u00f6\u00f6pind puhtana hoida. <\/p>\n<ul>\n<li><strong>N\u00f5udekuivatusalus ja matt \u00fches<\/strong><br \/>\nUDry \u00fchendab n\u00f5udekuivatusresti ja mati, et n\u00f5usid, klaase, s\u00f6\u00f6giriistu, potte ja panne korrastatult kuivatada, v\u00f5imaldades neil \u00f5hu k\u00e4es kuivada, samal ajal kui tegeled muude toimetustega.<\/li>\n<li><strong>Superimav mikrokiudmatt<\/strong><br \/>\nMikrokiudmatt \u00fchendab vormi ja funktsionaalsuse, imades n\u00f5udelt vee ja kaitstes t\u00f6\u00f6pinda kriimustuste ja vee kogunemise eest. Matt on masinpestav.<\/li>\n<li><strong>Eemaldatav n\u00f5udekuivatusalus<\/strong><br \/>\nBPA-vaba plastikust rest on vastupidav ja paindlik, lihtsasti eemaldatav ja n\u00f5udepesumasinas pestav (ainult \u00fclemisel riiulil).<\/li>\n<li><strong>Kokkupandav ja ruumis\u00e4\u00e4stlik<\/strong><br \/>\nKui UDry pole kasutusel, saab selle kompaktselt kokku voltida ja sahtlisse v\u00f5i kappi paigutada, j\u00e4ttes t\u00f6\u00f6pinna puhtaks.<\/li>\n<\/ul>\n<p>\u2022 61 x 46 x 4 cm<br \/>\n\u2022 Taaskasutatud plastik \u2013 keskkonnas\u00f5bralik ja vastupidav<br \/>\n\u2022 Superimav mikrokiudmatt \u2013 kaitseb pindu ja imab vett efektiivselt<br \/>\n\u2022 <a href=\"\/et\/tootekategooria\/brandid\/umbra-et\/\">Br\u00e4nd Umbra<\/a><\/p>\n<p><strong>Meist<\/strong><\/p>\n<p>1979. aastal alguse saanud \u00fche lihtsa aknakardinaga s\u00fcndis Umbra kirest originaalse disaini ja taskukohase, kaasaegse stiili vastu. Kaasasutajad Les Mandelbaum ja Paul Rowan n\u00e4gid vajadust luua loomingulisi ja soodsaid tooteid, mis sobiksid igasse koju.<\/p>\n<p>T\u00e4naseks on Torontos, Kanadas asuv Umbra kasvanud rahvusvaheliseks disainiliidriks, tegutsedes enam kui 120 riigis ja omades esindusi Euroopas, P\u00f5hja- ja L\u00f5una-Ameerikas ning Aasias. Innovatsioonist kantuna toob meie rahvusvaheline disainitiim igap\u00e4evaesemetesse v\u00e4rsket loomingulisust ja uusi ideid, seades kaasaegsele disainile uusi standardeid.<\/p>\n<p><a href=\"\/et\/tootekategooria\/brandid\/umbra-et\/\"><img loading=\"lazy\" decoding=\"async\" src=\"https:\/\/www.talidesign.eu\/wp\/wp-content\/uploads\/2024\/10\/umbralogo-1.jpg\" alt=\"\" width=\"500\" height=\"100\" class=\"alignnone size-full wp-image-93263\" \/><\/a><\/p>\n","protected":false},"featured_media":98702,"template":"","meta":[],"product_brand":[],"product_cat":[1026,1018,1030,3350],"product_tag":[3356],"class_list":{"0":"post-98682","1":"product","2":"type-product","3":"status-publish","4":"has-post-thumbnail","6":"product_cat-brandid","7":"product_cat-kodu","8":"product_cat-kook","9":"product_cat-umbra-et","10":"product_tag-umbra-et","12":"first","13":"instock","14":"taxable","15":"shipping-taxable","16":"purchasable","17":"product-type-simple"},"yoast_head":"<!-- This site is optimized with the Yoast SEO plugin v27.3 - https:\/\/yoast.com\/product\/yoast-seo-wordpress\/ -->\n<title>Umbra UDry n\u00f5udekuivatusalus Linen - TALI Concept Store<\/title>\n<meta name=\"description\" content=\"Umbra UDry n\u00f5udekuivatusalus Linen - Unusta k\u00f6\u00f6gir\u00e4tikud ja n\u00f5udekuivatuslapid, sest UDry teeb palju rohkem ja n\u00e4eb seejuures stiilne v\u00e4lja!\" \/>\n<meta name=\"robots\" content=\"index, follow, max-snippet:-1, max-image-preview:large, max-video-preview:-1\" \/>\n<link rel=\"canonical\" href=\"https:\/\/www.talidesign.eu\/et\/pood\/toode\/umbra-udry-noudekuivatusalus-linen\/\" \/>\n<meta property=\"og:locale\" content=\"et_EE\" \/>\n<meta property=\"og:type\" content=\"article\" \/>\n<meta property=\"og:title\" content=\"Umbra UDry n\u00f5udekuivatusalus Linen - TALI Concept Store\" \/>\n<meta property=\"og:description\" content=\"Umbra UDry n\u00f5udekuivatusalus Linen - Unusta k\u00f6\u00f6gir\u00e4tikud ja n\u00f5udekuivatuslapid, sest UDry teeb palju rohkem ja n\u00e4eb seejuures stiilne v\u00e4lja!\" \/>\n<meta property=\"og:url\" content=\"https:\/\/www.talidesign.eu\/et\/pood\/toode\/umbra-udry-noudekuivatusalus-linen\/\" \/>\n<meta property=\"og:site_name\" content=\"TALI Concept Store\" \/>\n<meta property=\"article:publisher\" content=\"https:\/\/www.facebook.com\/TaliDisain\/\" \/>\n<meta property=\"article:modified_time\" content=\"2026-01-27T08:59:11+00:00\" \/>\n<meta property=\"og:image\" content=\"https:\/\/www.talidesign.eu\/wp\/wp-content\/uploads\/2025\/02\/330720-354_UDRY-DRYING-RACK-MAT_LINEN_CC02-scaled.jpg\" \/>\n\t<meta property=\"og:image:width\" content=\"2560\" \/>\n\t<meta property=\"og:image:height\" content=\"2560\" \/>\n\t<meta property=\"og:image:type\" content=\"image\/jpeg\" \/>\n<meta name=\"twitter:card\" content=\"summary_large_image\" \/>\n<meta name=\"twitter:label1\" content=\"Est. reading time\" \/>\n\t<meta name=\"twitter:data1\" content=\"2 minutes\" \/>\n<script type=\"application\/ld+json\" class=\"yoast-schema-graph\">{\"@context\":\"https:\\\/\\\/schema.org\",\"@graph\":[{\"@type\":\"WebPage\",\"@id\":\"https:\\\/\\\/www.talidesign.eu\\\/et\\\/pood\\\/toode\\\/umbra-udry-noudekuivatusalus-linen\\\/\",\"url\":\"https:\\\/\\\/www.talidesign.eu\\\/et\\\/pood\\\/toode\\\/umbra-udry-noudekuivatusalus-linen\\\/\",\"name\":\"Umbra UDry n\u00f5udekuivatusalus Linen - TALI Concept Store\",\"isPartOf\":{\"@id\":\"https:\\\/\\\/www.talidesign.eu\\\/et\\\/#website\"},\"primaryImageOfPage\":{\"@id\":\"https:\\\/\\\/www.talidesign.eu\\\/et\\\/pood\\\/toode\\\/umbra-udry-noudekuivatusalus-linen\\\/#primaryimage\"},\"image\":{\"@id\":\"https:\\\/\\\/www.talidesign.eu\\\/et\\\/pood\\\/toode\\\/umbra-udry-noudekuivatusalus-linen\\\/#primaryimage\"},\"thumbnailUrl\":\"https:\\\/\\\/www.talidesign.eu\\\/wp\\\/wp-content\\\/uploads\\\/2025\\\/02\\\/330720-354_UDRY-DRYING-RACK-MAT_LINEN_CC02-scaled.jpg\",\"datePublished\":\"2025-02-05T21:28:00+00:00\",\"dateModified\":\"2026-01-27T08:59:11+00:00\",\"description\":\"Umbra UDry n\u00f5udekuivatusalus Linen - Unusta k\u00f6\u00f6gir\u00e4tikud ja n\u00f5udekuivatuslapid, sest UDry teeb palju rohkem ja n\u00e4eb seejuures stiilne v\u00e4lja!\",\"breadcrumb\":{\"@id\":\"https:\\\/\\\/www.talidesign.eu\\\/et\\\/pood\\\/toode\\\/umbra-udry-noudekuivatusalus-linen\\\/#breadcrumb\"},\"inLanguage\":\"et\",\"potentialAction\":[{\"@type\":\"ReadAction\",\"target\":[\"https:\\\/\\\/www.talidesign.eu\\\/et\\\/pood\\\/toode\\\/umbra-udry-noudekuivatusalus-linen\\\/\"]}]},{\"@type\":\"ImageObject\",\"inLanguage\":\"et\",\"@id\":\"https:\\\/\\\/www.talidesign.eu\\\/et\\\/pood\\\/toode\\\/umbra-udry-noudekuivatusalus-linen\\\/#primaryimage\",\"url\":\"https:\\\/\\\/www.talidesign.eu\\\/wp\\\/wp-content\\\/uploads\\\/2025\\\/02\\\/330720-354_UDRY-DRYING-RACK-MAT_LINEN_CC02-scaled.jpg\",\"contentUrl\":\"https:\\\/\\\/www.talidesign.eu\\\/wp\\\/wp-content\\\/uploads\\\/2025\\\/02\\\/330720-354_UDRY-DRYING-RACK-MAT_LINEN_CC02-scaled.jpg\",\"width\":2560,\"height\":2560},{\"@type\":\"BreadcrumbList\",\"@id\":\"https:\\\/\\\/www.talidesign.eu\\\/et\\\/pood\\\/toode\\\/umbra-udry-noudekuivatusalus-linen\\\/#breadcrumb\",\"itemListElement\":[{\"@type\":\"ListItem\",\"position\":1,\"name\":\"Avaleht\",\"item\":\"https:\\\/\\\/www.talidesign.eu\\\/et\\\/\"},{\"@type\":\"ListItem\",\"position\":2,\"name\":\"Pood\",\"item\":\"https:\\\/\\\/www.talidesign.eu\\\/et\\\/pood\\\/\"},{\"@type\":\"ListItem\",\"position\":3,\"name\":\"Umbra UDry n\u00f5udekuivatusalus Linen\"}]},{\"@type\":\"WebSite\",\"@id\":\"https:\\\/\\\/www.talidesign.eu\\\/et\\\/#website\",\"url\":\"https:\\\/\\\/www.talidesign.eu\\\/et\\\/\",\"name\":\"TALI Concept Store\",\"description\":\"Suurim Disainipood Eestis\",\"potentialAction\":[{\"@type\":\"SearchAction\",\"target\":{\"@type\":\"EntryPoint\",\"urlTemplate\":\"https:\\\/\\\/www.talidesign.eu\\\/et\\\/?s={search_term_string}\"},\"query-input\":{\"@type\":\"PropertyValueSpecification\",\"valueRequired\":true,\"valueName\":\"search_term_string\"}}],\"inLanguage\":\"et\"}]}<\/script>\n<!-- \/ Yoast SEO plugin. -->","yoast_head_json":{"title":"Umbra UDry n\u00f5udekuivatusalus Linen - TALI Concept Store","description":"Umbra UDry n\u00f5udekuivatusalus Linen - Unusta k\u00f6\u00f6gir\u00e4tikud ja n\u00f5udekuivatuslapid, sest UDry teeb palju rohkem ja n\u00e4eb seejuures stiilne v\u00e4lja!","robots":{"index":"index","follow":"follow","max-snippet":"max-snippet:-1","max-image-preview":"max-image-preview:large","max-video-preview":"max-video-preview:-1"},"canonical":"https:\/\/www.talidesign.eu\/et\/pood\/toode\/umbra-udry-noudekuivatusalus-linen\/","og_locale":"et_EE","og_type":"article","og_title":"Umbra UDry n\u00f5udekuivatusalus Linen - TALI Concept Store","og_description":"Umbra UDry n\u00f5udekuivatusalus Linen - Unusta k\u00f6\u00f6gir\u00e4tikud ja n\u00f5udekuivatuslapid, sest UDry teeb palju rohkem ja n\u00e4eb seejuures stiilne v\u00e4lja!","og_url":"https:\/\/www.talidesign.eu\/et\/pood\/toode\/umbra-udry-noudekuivatusalus-linen\/","og_site_name":"TALI Concept Store","article_publisher":"https:\/\/www.facebook.com\/TaliDisain\/","article_modified_time":"2026-01-27T08:59:11+00:00","og_image":[{"width":2560,"height":2560,"url":"https:\/\/www.talidesign.eu\/wp\/wp-content\/uploads\/2025\/02\/330720-354_UDRY-DRYING-RACK-MAT_LINEN_CC02-scaled.jpg","type":"image\/jpeg"}],"twitter_card":"summary_large_image","twitter_misc":{"Est. reading time":"2 minutes"},"schema":{"@context":"https:\/\/schema.org","@graph":[{"@type":"WebPage","@id":"https:\/\/www.talidesign.eu\/et\/pood\/toode\/umbra-udry-noudekuivatusalus-linen\/","url":"https:\/\/www.talidesign.eu\/et\/pood\/toode\/umbra-udry-noudekuivatusalus-linen\/","name":"Umbra UDry n\u00f5udekuivatusalus Linen - TALI Concept Store","isPartOf":{"@id":"https:\/\/www.talidesign.eu\/et\/#website"},"primaryImageOfPage":{"@id":"https:\/\/www.talidesign.eu\/et\/pood\/toode\/umbra-udry-noudekuivatusalus-linen\/#primaryimage"},"image":{"@id":"https:\/\/www.talidesign.eu\/et\/pood\/toode\/umbra-udry-noudekuivatusalus-linen\/#primaryimage"},"thumbnailUrl":"https:\/\/www.talidesign.eu\/wp\/wp-content\/uploads\/2025\/02\/330720-354_UDRY-DRYING-RACK-MAT_LINEN_CC02-scaled.jpg","datePublished":"2025-02-05T21:28:00+00:00","dateModified":"2026-01-27T08:59:11+00:00","description":"Umbra UDry n\u00f5udekuivatusalus Linen - Unusta k\u00f6\u00f6gir\u00e4tikud ja n\u00f5udekuivatuslapid, sest UDry teeb palju rohkem ja n\u00e4eb seejuures stiilne v\u00e4lja!","breadcrumb":{"@id":"https:\/\/www.talidesign.eu\/et\/pood\/toode\/umbra-udry-noudekuivatusalus-linen\/#breadcrumb"},"inLanguage":"et","potentialAction":[{"@type":"ReadAction","target":["https:\/\/www.talidesign.eu\/et\/pood\/toode\/umbra-udry-noudekuivatusalus-linen\/"]}]},{"@type":"ImageObject","inLanguage":"et","@id":"https:\/\/www.talidesign.eu\/et\/pood\/toode\/umbra-udry-noudekuivatusalus-linen\/#primaryimage","url":"https:\/\/www.talidesign.eu\/wp\/wp-content\/uploads\/2025\/02\/330720-354_UDRY-DRYING-RACK-MAT_LINEN_CC02-scaled.jpg","contentUrl":"https:\/\/www.talidesign.eu\/wp\/wp-content\/uploads\/2025\/02\/330720-354_UDRY-DRYING-RACK-MAT_LINEN_CC02-scaled.jpg","width":2560,"height":2560},{"@type":"BreadcrumbList","@id":"https:\/\/www.talidesign.eu\/et\/pood\/toode\/umbra-udry-noudekuivatusalus-linen\/#breadcrumb","itemListElement":[{"@type":"ListItem","position":1,"name":"Avaleht","item":"https:\/\/www.talidesign.eu\/et\/"},{"@type":"ListItem","position":2,"name":"Pood","item":"https:\/\/www.talidesign.eu\/et\/pood\/"},{"@type":"ListItem","position":3,"name":"Umbra UDry n\u00f5udekuivatusalus Linen"}]},{"@type":"WebSite","@id":"https:\/\/www.talidesign.eu\/et\/#website","url":"https:\/\/www.talidesign.eu\/et\/","name":"TALI Concept Store","description":"Suurim Disainipood Eestis","potentialAction":[{"@type":"SearchAction","target":{"@type":"EntryPoint","urlTemplate":"https:\/\/www.talidesign.eu\/et\/?s={search_term_string}"},"query-input":{"@type":"PropertyValueSpecification","valueRequired":true,"valueName":"search_term_string"}}],"inLanguage":"et"}]}},"_links":{"self":[{"href":"https:\/\/www.talidesign.eu\/et\/wp-json\/wp\/v2\/product\/98682","targetHints":{"allow":["GET"]}}],"collection":[{"href":"https:\/\/www.talidesign.eu\/et\/wp-json\/wp\/v2\/product"}],"about":[{"href":"https:\/\/www.talidesign.eu\/et\/wp-json\/wp\/v2\/types\/product"}],"wp:featuredmedia":[{"embeddable":true,"href":"https:\/\/www.talidesign.eu\/et\/wp-json\/wp\/v2\/media\/98702"}],"wp:attachment":[{"href":"https:\/\/www.talidesign.eu\/et\/wp-json\/wp\/v2\/media?parent=98682"}],"wp:term":[{"taxonomy":"product_brand","embeddable":true,"href":"https:\/\/www.talidesign.eu\/et\/wp-json\/wp\/v2\/product_brand?post=98682"},{"taxonomy":"product_cat","embeddable":true,"href":"https:\/\/www.talidesign.eu\/et\/wp-json\/wp\/v2\/product_cat?post=98682"},{"taxonomy":"product_tag","embeddable":true,"href":"https:\/\/www.talidesign.eu\/et\/wp-json\/wp\/v2\/product_tag?post=98682"}],"curies":[{"name":"wp","href":"https:\/\/api.w.org\/{rel}","templated":true}]}}