{"id":98752,"date":"2025-02-06T00:30:53","date_gmt":"2025-02-05T22:30:54","guid":{"rendered":"https:\/\/www.talidesign.eu\/?post_type=product&#038;p=98752"},"modified":"2026-03-29T20:24:20","modified_gmt":"2026-03-29T17:24:20","slug":"umbra-touch-prugikast-must","status":"publish","type":"product","link":"https:\/\/www.talidesign.eu\/et\/pood\/toode\/umbra-touch-prugikast-must\/","title":{"rendered":"Umbra Touch pr\u00fcgikast Must"},"content":{"rendered":"<p><strong>Touch pr\u00fcgikast Must<\/strong><\/p>\n<p>ouch on kaasaegne alternatiiv traditsioonilisele pr\u00fcgikastile. Selle pehme, matt viimistlus annab pr\u00fcgikastile luksusliku ja kaasaegse v\u00e4limuse, samal ajal kui lame kiiklukk hoiab prahi varjatuna. Kompaktne suurus, m\u00f5\u00f5tudega 19 x 19 x 30 cm, mahutab 6 liitrit, mist\u00f5ttu ei pea pr\u00fcgi liiga sageli t\u00fchjendama. Touch kuulub Umbra Touch vannitoakollektsiooni, kuhu kuuluvad ka hambaharjahoidja, seebipump, seebialus ja WC-harja hoidja. Valmistatud taaskasutatud plastikust.<\/p>\n<ul>\n<li><strong>Kaasaegne ja stiilne<\/strong><br \/>\nStiilne pr\u00fcgikast, mis sobib paljudesse ruumidesse, Touch on mitmek\u00fclgne ja modernne t\u00e4iendus igasse interj\u00f6\u00f6ri.<\/li>\n<li><strong>Kiiklukk<\/strong><br \/>\nTouch pr\u00fcgikastil on kiiklukk, mis hoiab pr\u00fcgi varjatuna ja on lihtne eemaldada \u2013 vajadusel saab selle sujuvalt \u00fcles t\u00f5sta.<\/li>\n<li><strong>Pehme matt viimistlus<\/strong><br \/>\nLuksusliku mati viimistlusega Touch lisab igasse ruumi elegantset stiili. Sellel on pehme viimistlus, kaarjad jooned ja lame kiiklukk.<\/li>\n<li><strong>Kompaktne<\/strong><br \/>\nTouch on piisavalt suur, et ei peaks seda sageli t\u00fchjendama (maht 6 liitrit), kuid piisavalt kompaktne, et sobida paljudesse kohtadesse, m\u00f5\u00f5tudega 19 x 30 cm.<\/li>\n<\/ul>\n<p>\u2022 M\u00f5\u00f5dud: 19 x 19 x 30 cm, 6L<br \/>\n\u2022 Valmistatud taaskasutatud plastikust.<br \/>\n\u2022 <a href=\"\/et\/tootekategooria\/brandid\/umbra-et\/\">Br\u00e4nd Umbra<\/a><\/p>\n<p><strong>Meist<\/strong><\/p>\n<p>1979. aastal alguse saanud \u00fche lihtsa aknakardinaga s\u00fcndis Umbra kirest originaalse disaini ja taskukohase, kaasaegse stiili vastu. Kaasasutajad Les Mandelbaum ja Paul Rowan n\u00e4gid vajadust luua loomingulisi ja soodsaid tooteid, mis sobiksid igasse koju.<\/p>\n<p>T\u00e4naseks on Torontos, Kanadas asuv Umbra kasvanud rahvusvaheliseks disainiliidriks, tegutsedes enam kui 120 riigis ja omades esindusi Euroopas, P\u00f5hja- ja L\u00f5una-Ameerikas ning Aasias. Innovatsioonist kantuna toob meie rahvusvaheline disainitiim igap\u00e4evaesemetesse v\u00e4rsket loomingulisust ja uusi ideid, seades kaasaegsele disainile uusi standardeid.<\/p>\n<p><a href=\"\/et\/tootekategooria\/brandid\/umbra-et\/\"><img loading=\"lazy\" decoding=\"async\" src=\"https:\/\/www.talidesign.eu\/wp\/wp-content\/uploads\/2024\/10\/umbralogo-1.jpg\" alt=\"\" width=\"500\" height=\"100\" class=\"alignnone size-full wp-image-93263\" \/><\/a><\/p>\n","protected":false},"excerpt":{"rendered":"<p><strong>Touch pr\u00fcgikast Must<\/strong><\/p>\n<p>ouch on kaasaegne alternatiiv traditsioonilisele pr\u00fcgikastile. Selle pehme, matt viimistlus annab pr\u00fcgikastile luksusliku ja kaasaegse v\u00e4limuse, samal ajal kui lame kiiklukk hoiab prahi varjatuna. Kompaktne suurus, m\u00f5\u00f5tudega 19 x 19 x 30 cm, mahutab 6 liitrit, mist\u00f5ttu ei pea pr\u00fcgi liiga sageli t\u00fchjendama. Touch kuulub Umbra Touch vannitoakollektsiooni, kuhu kuuluvad ka hambaharjahoidja, seebipump, seebialus ja WC-harja hoidja. Valmistatud taaskasutatud plastikust.<\/p>\n<ul>\n<li><strong>Kaasaegne ja stiilne<\/strong><br \/>\nStiilne pr\u00fcgikast, mis sobib paljudesse ruumidesse, Touch on mitmek\u00fclgne ja modernne t\u00e4iendus igasse interj\u00f6\u00f6ri.<\/li>\n<li><strong>Kiiklukk<\/strong><br \/>\nTouch pr\u00fcgikastil on kiiklukk, mis hoiab pr\u00fcgi varjatuna ja on lihtne eemaldada \u2013 vajadusel saab selle sujuvalt \u00fcles t\u00f5sta.<\/li>\n<li><strong>Pehme matt viimistlus<\/strong><br \/>\nLuksusliku mati viimistlusega Touch lisab igasse ruumi elegantset stiili. Sellel on pehme viimistlus, kaarjad jooned ja lame kiiklukk.<\/li>\n<li><strong>Kompaktne<\/strong><br \/>\nTouch on piisavalt suur, et ei peaks seda sageli t\u00fchjendama (maht 6 liitrit), kuid piisavalt kompaktne, et sobida paljudesse kohtadesse, m\u00f5\u00f5tudega 19 x 30 cm.<\/li>\n<\/ul>\n<p>\u2022 M\u00f5\u00f5dud: 19 x 19 x 30 cm, 6L<br \/>\n\u2022 Valmistatud taaskasutatud plastikust.<br \/>\n\u2022 <a href=\"\/et\/tootekategooria\/brandid\/umbra-et\/\">Br\u00e4nd Umbra<\/a><\/p>\n<p><strong>Meist<\/strong><\/p>\n<p>1979. aastal alguse saanud \u00fche lihtsa aknakardinaga s\u00fcndis Umbra kirest originaalse disaini ja taskukohase, kaasaegse stiili vastu. Kaasasutajad Les Mandelbaum ja Paul Rowan n\u00e4gid vajadust luua loomingulisi ja soodsaid tooteid, mis sobiksid igasse koju.<\/p>\n<p>T\u00e4naseks on Torontos, Kanadas asuv Umbra kasvanud rahvusvaheliseks disainiliidriks, tegutsedes enam kui 120 riigis ja omades esindusi Euroopas, P\u00f5hja- ja L\u00f5una-Ameerikas ning Aasias. Innovatsioonist kantuna toob meie rahvusvaheline disainitiim igap\u00e4evaesemetesse v\u00e4rsket loomingulisust ja uusi ideid, seades kaasaegsele disainile uusi standardeid.<\/p>\n<p><a href=\"\/et\/tootekategooria\/brandid\/umbra-et\/\"><img loading=\"lazy\" decoding=\"async\" src=\"https:\/\/www.talidesign.eu\/wp\/wp-content\/uploads\/2024\/10\/umbralogo-1.jpg\" alt=\"\" width=\"500\" height=\"100\" class=\"alignnone size-full wp-image-93263\" \/><\/a><\/p>\n","protected":false},"featured_media":98766,"template":"","meta":[],"product_brand":[],"product_cat":[1026,1018,1030,3350,1100],"product_tag":[3356],"class_list":{"0":"post-98752","1":"product","2":"type-product","3":"status-publish","4":"has-post-thumbnail","6":"product_cat-brandid","7":"product_cat-kodu","8":"product_cat-kook","9":"product_cat-umbra-et","10":"product_cat-vannituba","11":"product_tag-umbra-et","13":"first","14":"instock","15":"taxable","16":"shipping-taxable","17":"purchasable","18":"product-type-simple"},"yoast_head":"<!-- This site is optimized with the Yoast SEO plugin v27.3 - https:\/\/yoast.com\/product\/yoast-seo-wordpress\/ -->\n<title>Umbra Touch pr\u00fcgikast Must - TALI Concept Store<\/title>\n<meta name=\"description\" content=\"Umbra Touch pr\u00fcgikast Must - kaasaegne ja stiilne pr\u00fcgikast, mis sobib paljudesse ruumidesse. Pehme matt viimistlus ja lame kiiklukk annavad luksusliku v\u00e4limuse. Valmistatud taaskasutatud plastikust.\" \/>\n<meta name=\"robots\" content=\"index, follow, max-snippet:-1, max-image-preview:large, max-video-preview:-1\" \/>\n<link rel=\"canonical\" href=\"https:\/\/www.talidesign.eu\/et\/pood\/toode\/umbra-touch-prugikast-must\/\" \/>\n<meta property=\"og:locale\" content=\"et_EE\" \/>\n<meta property=\"og:type\" content=\"article\" \/>\n<meta property=\"og:title\" content=\"Umbra Touch pr\u00fcgikast Must - TALI Concept Store\" \/>\n<meta property=\"og:description\" content=\"Umbra Touch pr\u00fcgikast Must - kaasaegne ja stiilne pr\u00fcgikast, mis sobib paljudesse ruumidesse. Pehme matt viimistlus ja lame kiiklukk annavad luksusliku v\u00e4limuse. Valmistatud taaskasutatud plastikust.\" \/>\n<meta property=\"og:url\" content=\"https:\/\/www.talidesign.eu\/et\/pood\/toode\/umbra-touch-prugikast-must\/\" \/>\n<meta property=\"og:site_name\" content=\"TALI Concept Store\" \/>\n<meta property=\"article:publisher\" content=\"https:\/\/www.facebook.com\/TaliDisain\/\" \/>\n<meta property=\"article:modified_time\" content=\"2026-03-29T17:24:20+00:00\" \/>\n<meta property=\"og:image\" content=\"https:\/\/www.talidesign.eu\/wp\/wp-content\/uploads\/2025\/02\/023269-040_TOUCH_WASTE_CAN_WITH_LID_BLACK_CROPPED_FRONT_01.jpg\" \/>\n\t<meta property=\"og:image:width\" content=\"1500\" \/>\n\t<meta property=\"og:image:height\" content=\"1500\" \/>\n\t<meta property=\"og:image:type\" content=\"image\/jpeg\" \/>\n<meta name=\"twitter:card\" content=\"summary_large_image\" \/>\n<meta name=\"twitter:label1\" content=\"Est. reading time\" \/>\n\t<meta name=\"twitter:data1\" content=\"2 minutes\" \/>\n<script type=\"application\/ld+json\" class=\"yoast-schema-graph\">{\"@context\":\"https:\\\/\\\/schema.org\",\"@graph\":[{\"@type\":\"WebPage\",\"@id\":\"https:\\\/\\\/www.talidesign.eu\\\/et\\\/pood\\\/toode\\\/umbra-touch-prugikast-must\\\/\",\"url\":\"https:\\\/\\\/www.talidesign.eu\\\/et\\\/pood\\\/toode\\\/umbra-touch-prugikast-must\\\/\",\"name\":\"Umbra Touch pr\u00fcgikast Must - TALI Concept Store\",\"isPartOf\":{\"@id\":\"https:\\\/\\\/www.talidesign.eu\\\/et\\\/#website\"},\"primaryImageOfPage\":{\"@id\":\"https:\\\/\\\/www.talidesign.eu\\\/et\\\/pood\\\/toode\\\/umbra-touch-prugikast-must\\\/#primaryimage\"},\"image\":{\"@id\":\"https:\\\/\\\/www.talidesign.eu\\\/et\\\/pood\\\/toode\\\/umbra-touch-prugikast-must\\\/#primaryimage\"},\"thumbnailUrl\":\"https:\\\/\\\/www.talidesign.eu\\\/wp\\\/wp-content\\\/uploads\\\/2025\\\/02\\\/023269-040_TOUCH_WASTE_CAN_WITH_LID_BLACK_CROPPED_FRONT_01.jpg\",\"datePublished\":\"2025-02-05T22:30:54+00:00\",\"dateModified\":\"2026-03-29T17:24:20+00:00\",\"description\":\"Umbra Touch pr\u00fcgikast Must - kaasaegne ja stiilne pr\u00fcgikast, mis sobib paljudesse ruumidesse. Pehme matt viimistlus ja lame kiiklukk annavad luksusliku v\u00e4limuse. Valmistatud taaskasutatud plastikust.\",\"breadcrumb\":{\"@id\":\"https:\\\/\\\/www.talidesign.eu\\\/et\\\/pood\\\/toode\\\/umbra-touch-prugikast-must\\\/#breadcrumb\"},\"inLanguage\":\"et\",\"potentialAction\":[{\"@type\":\"ReadAction\",\"target\":[\"https:\\\/\\\/www.talidesign.eu\\\/et\\\/pood\\\/toode\\\/umbra-touch-prugikast-must\\\/\"]}]},{\"@type\":\"ImageObject\",\"inLanguage\":\"et\",\"@id\":\"https:\\\/\\\/www.talidesign.eu\\\/et\\\/pood\\\/toode\\\/umbra-touch-prugikast-must\\\/#primaryimage\",\"url\":\"https:\\\/\\\/www.talidesign.eu\\\/wp\\\/wp-content\\\/uploads\\\/2025\\\/02\\\/023269-040_TOUCH_WASTE_CAN_WITH_LID_BLACK_CROPPED_FRONT_01.jpg\",\"contentUrl\":\"https:\\\/\\\/www.talidesign.eu\\\/wp\\\/wp-content\\\/uploads\\\/2025\\\/02\\\/023269-040_TOUCH_WASTE_CAN_WITH_LID_BLACK_CROPPED_FRONT_01.jpg\",\"width\":1500,\"height\":1500},{\"@type\":\"BreadcrumbList\",\"@id\":\"https:\\\/\\\/www.talidesign.eu\\\/et\\\/pood\\\/toode\\\/umbra-touch-prugikast-must\\\/#breadcrumb\",\"itemListElement\":[{\"@type\":\"ListItem\",\"position\":1,\"name\":\"Avaleht\",\"item\":\"https:\\\/\\\/www.talidesign.eu\\\/et\\\/\"},{\"@type\":\"ListItem\",\"position\":2,\"name\":\"Pood\",\"item\":\"https:\\\/\\\/www.talidesign.eu\\\/et\\\/pood\\\/\"},{\"@type\":\"ListItem\",\"position\":3,\"name\":\"Umbra Touch pr\u00fcgikast Must\"}]},{\"@type\":\"WebSite\",\"@id\":\"https:\\\/\\\/www.talidesign.eu\\\/et\\\/#website\",\"url\":\"https:\\\/\\\/www.talidesign.eu\\\/et\\\/\",\"name\":\"TALI Concept Store\",\"description\":\"Suurim Disainipood Eestis\",\"potentialAction\":[{\"@type\":\"SearchAction\",\"target\":{\"@type\":\"EntryPoint\",\"urlTemplate\":\"https:\\\/\\\/www.talidesign.eu\\\/et\\\/?s={search_term_string}\"},\"query-input\":{\"@type\":\"PropertyValueSpecification\",\"valueRequired\":true,\"valueName\":\"search_term_string\"}}],\"inLanguage\":\"et\"}]}<\/script>\n<!-- \/ Yoast SEO plugin. -->","yoast_head_json":{"title":"Umbra Touch pr\u00fcgikast Must - TALI Concept Store","description":"Umbra Touch pr\u00fcgikast Must - kaasaegne ja stiilne pr\u00fcgikast, mis sobib paljudesse ruumidesse. Pehme matt viimistlus ja lame kiiklukk annavad luksusliku v\u00e4limuse. Valmistatud taaskasutatud plastikust.","robots":{"index":"index","follow":"follow","max-snippet":"max-snippet:-1","max-image-preview":"max-image-preview:large","max-video-preview":"max-video-preview:-1"},"canonical":"https:\/\/www.talidesign.eu\/et\/pood\/toode\/umbra-touch-prugikast-must\/","og_locale":"et_EE","og_type":"article","og_title":"Umbra Touch pr\u00fcgikast Must - TALI Concept Store","og_description":"Umbra Touch pr\u00fcgikast Must - kaasaegne ja stiilne pr\u00fcgikast, mis sobib paljudesse ruumidesse. Pehme matt viimistlus ja lame kiiklukk annavad luksusliku v\u00e4limuse. Valmistatud taaskasutatud plastikust.","og_url":"https:\/\/www.talidesign.eu\/et\/pood\/toode\/umbra-touch-prugikast-must\/","og_site_name":"TALI Concept Store","article_publisher":"https:\/\/www.facebook.com\/TaliDisain\/","article_modified_time":"2026-03-29T17:24:20+00:00","og_image":[{"width":1500,"height":1500,"url":"https:\/\/www.talidesign.eu\/wp\/wp-content\/uploads\/2025\/02\/023269-040_TOUCH_WASTE_CAN_WITH_LID_BLACK_CROPPED_FRONT_01.jpg","type":"image\/jpeg"}],"twitter_card":"summary_large_image","twitter_misc":{"Est. reading time":"2 minutes"},"schema":{"@context":"https:\/\/schema.org","@graph":[{"@type":"WebPage","@id":"https:\/\/www.talidesign.eu\/et\/pood\/toode\/umbra-touch-prugikast-must\/","url":"https:\/\/www.talidesign.eu\/et\/pood\/toode\/umbra-touch-prugikast-must\/","name":"Umbra Touch pr\u00fcgikast Must - TALI Concept Store","isPartOf":{"@id":"https:\/\/www.talidesign.eu\/et\/#website"},"primaryImageOfPage":{"@id":"https:\/\/www.talidesign.eu\/et\/pood\/toode\/umbra-touch-prugikast-must\/#primaryimage"},"image":{"@id":"https:\/\/www.talidesign.eu\/et\/pood\/toode\/umbra-touch-prugikast-must\/#primaryimage"},"thumbnailUrl":"https:\/\/www.talidesign.eu\/wp\/wp-content\/uploads\/2025\/02\/023269-040_TOUCH_WASTE_CAN_WITH_LID_BLACK_CROPPED_FRONT_01.jpg","datePublished":"2025-02-05T22:30:54+00:00","dateModified":"2026-03-29T17:24:20+00:00","description":"Umbra Touch pr\u00fcgikast Must - kaasaegne ja stiilne pr\u00fcgikast, mis sobib paljudesse ruumidesse. Pehme matt viimistlus ja lame kiiklukk annavad luksusliku v\u00e4limuse. Valmistatud taaskasutatud plastikust.","breadcrumb":{"@id":"https:\/\/www.talidesign.eu\/et\/pood\/toode\/umbra-touch-prugikast-must\/#breadcrumb"},"inLanguage":"et","potentialAction":[{"@type":"ReadAction","target":["https:\/\/www.talidesign.eu\/et\/pood\/toode\/umbra-touch-prugikast-must\/"]}]},{"@type":"ImageObject","inLanguage":"et","@id":"https:\/\/www.talidesign.eu\/et\/pood\/toode\/umbra-touch-prugikast-must\/#primaryimage","url":"https:\/\/www.talidesign.eu\/wp\/wp-content\/uploads\/2025\/02\/023269-040_TOUCH_WASTE_CAN_WITH_LID_BLACK_CROPPED_FRONT_01.jpg","contentUrl":"https:\/\/www.talidesign.eu\/wp\/wp-content\/uploads\/2025\/02\/023269-040_TOUCH_WASTE_CAN_WITH_LID_BLACK_CROPPED_FRONT_01.jpg","width":1500,"height":1500},{"@type":"BreadcrumbList","@id":"https:\/\/www.talidesign.eu\/et\/pood\/toode\/umbra-touch-prugikast-must\/#breadcrumb","itemListElement":[{"@type":"ListItem","position":1,"name":"Avaleht","item":"https:\/\/www.talidesign.eu\/et\/"},{"@type":"ListItem","position":2,"name":"Pood","item":"https:\/\/www.talidesign.eu\/et\/pood\/"},{"@type":"ListItem","position":3,"name":"Umbra Touch pr\u00fcgikast Must"}]},{"@type":"WebSite","@id":"https:\/\/www.talidesign.eu\/et\/#website","url":"https:\/\/www.talidesign.eu\/et\/","name":"TALI Concept Store","description":"Suurim Disainipood Eestis","potentialAction":[{"@type":"SearchAction","target":{"@type":"EntryPoint","urlTemplate":"https:\/\/www.talidesign.eu\/et\/?s={search_term_string}"},"query-input":{"@type":"PropertyValueSpecification","valueRequired":true,"valueName":"search_term_string"}}],"inLanguage":"et"}]}},"_links":{"self":[{"href":"https:\/\/www.talidesign.eu\/et\/wp-json\/wp\/v2\/product\/98752","targetHints":{"allow":["GET"]}}],"collection":[{"href":"https:\/\/www.talidesign.eu\/et\/wp-json\/wp\/v2\/product"}],"about":[{"href":"https:\/\/www.talidesign.eu\/et\/wp-json\/wp\/v2\/types\/product"}],"wp:featuredmedia":[{"embeddable":true,"href":"https:\/\/www.talidesign.eu\/et\/wp-json\/wp\/v2\/media\/98766"}],"wp:attachment":[{"href":"https:\/\/www.talidesign.eu\/et\/wp-json\/wp\/v2\/media?parent=98752"}],"wp:term":[{"taxonomy":"product_brand","embeddable":true,"href":"https:\/\/www.talidesign.eu\/et\/wp-json\/wp\/v2\/product_brand?post=98752"},{"taxonomy":"product_cat","embeddable":true,"href":"https:\/\/www.talidesign.eu\/et\/wp-json\/wp\/v2\/product_cat?post=98752"},{"taxonomy":"product_tag","embeddable":true,"href":"https:\/\/www.talidesign.eu\/et\/wp-json\/wp\/v2\/product_tag?post=98752"}],"curies":[{"name":"wp","href":"https:\/\/api.w.org\/{rel}","templated":true}]}}