{"id":98785,"date":"2025-02-06T00:47:10","date_gmt":"2025-02-05T22:47:11","guid":{"rendered":"https:\/\/www.talidesign.eu\/?post_type=product&#038;p=98785"},"modified":"2026-03-23T12:48:38","modified_gmt":"2026-03-23T10:48:38","slug":"umbra-flex-adhesive-nurgariiul-must","status":"publish","type":"product","link":"https:\/\/www.talidesign.eu\/et\/pood\/toode\/umbra-flex-adhesive-nurgariiul-must\/","title":{"rendered":"Umbra Flex Adhesive nurgariiul Must"},"content":{"rendered":"<p><strong>Flex Adhesive nurgariiul Must<\/strong><\/p>\n<p>Flex Adhesive nurgariiul kasutab nutikalt \u00e4ra du\u0161inurga seni v\u00e4he kasutatud ruumi, pakkudes rohkem hoiustamisv\u00f5imalusi ja hoides k\u00f5ik olulised esemed k\u00e4ep\u00e4raselt.<\/p>\n<p>Lihtsasti paigaldatav riiul kinnitub siledatele pindadele, nagu plaadid, kipssein v\u00f5i betoon, veekindlate ja mittekahjustavate liimiribadega (ei sobi poorsetele pindadele).<\/p>\n<p>Flex Adhesive nurgariiul mahutab \u0161ampooni, palsami, kehapesuvahendi, habemeajamistarvikud ning sellel on kaks konksu pesuk\u00e4snade ja r\u00e4tikute riputamiseks.<\/p>\n<p>M\u00f5\u00f5tmetega 30 x 19 x 8,6 cm sobib see ideaalselt igasse vannituppa. Sisseehitatud \u00e4ravooluavad hoiavad riiuli kuivana ja puhtana. Valmistatud 85% taaskasutatud plastikust ja kuulub Umbra Flex Adhesive vannitoakollektsiooni.<\/p>\n<ul>\n<li><strong>Kahjustustevaba paigaldus<\/strong><br \/>\nTugev ja veekindel liimiriba kinnitub plaatidele, kipsseinale ja betoonile (ei sobi poorsetele pindadele).<\/li>\n<li><strong>Kompaktne ja mahukas<\/strong><br \/>\nPakub ruumi \u0161ampoonidele, palsamitele, kehapesuvahenditele ning sisaldab kahte konksu pesuk\u00e4snade ja r\u00e4tikute riputamiseks.<\/li>\n<li><strong>Sisseehitatud \u00e4ravoolus\u00fcsteem<\/strong><br \/>\n\u00c4ravooluavad juhivad vee v\u00e4lja, aidates riiulit kuivana ja hallitusvabana hoida.<\/li>\n<\/ul>\n<p>\u2022 Materjal: 85% taaskasutatud plastik<br \/>\n\u2022 M\u00f5\u00f5dud: 30 x 19 x 8,6 cm<br \/>\n\u2022 <a href=\"\/et\/tootekategooria\/brandid\/umbra-et\/\">Br\u00e4nd Umbra<\/a><\/p>\n<p><strong>Meist<\/strong><\/p>\n<p>1979. aastal alguse saanud \u00fche lihtsa aknakardinaga s\u00fcndis Umbra kirest originaalse disaini ja taskukohase, kaasaegse stiili vastu. Kaasasutajad Les Mandelbaum ja Paul Rowan n\u00e4gid vajadust luua loomingulisi ja soodsaid tooteid, mis sobiksid igasse koju.<\/p>\n<p>T\u00e4naseks on Torontos, Kanadas asuv Umbra kasvanud rahvusvaheliseks disainiliidriks, tegutsedes enam kui 120 riigis ja omades esindusi Euroopas, P\u00f5hja- ja L\u00f5una-Ameerikas ning Aasias. Innovatsioonist kantuna toob meie rahvusvaheline disainitiim igap\u00e4evaesemetesse v\u00e4rsket loomingulisust ja uusi ideid, seades kaasaegsele disainile uusi standardeid.<\/p>\n<p><a href=\"\/et\/tootekategooria\/brandid\/umbra-et\/\"><img loading=\"lazy\" decoding=\"async\" class=\"alignnone size-full wp-image-93263\" src=\"https:\/\/www.talidesign.eu\/wp\/wp-content\/uploads\/2024\/10\/umbralogo-1.jpg\" alt=\"\" width=\"500\" height=\"100\" \/><\/a><\/p>\n","protected":false},"excerpt":{"rendered":"<p><strong>Flex Adhesive nurgariiul Must<\/strong><\/p>\n<p>Flex Adhesive nurgariiul kasutab nutikalt \u00e4ra du\u0161inurga seni v\u00e4he kasutatud ruumi, pakkudes rohkem hoiustamisv\u00f5imalusi ja hoides k\u00f5ik olulised esemed k\u00e4ep\u00e4raselt.<\/p>\n<p>Lihtsasti paigaldatav riiul kinnitub siledatele pindadele, nagu plaadid, kipssein v\u00f5i betoon, veekindlate ja mittekahjustavate liimiribadega (ei sobi poorsetele pindadele).<\/p>\n<p>Flex Adhesive nurgariiul mahutab \u0161ampooni, palsami, kehapesuvahendi, habemeajamistarvikud ning sellel on kaks konksu pesuk\u00e4snade ja r\u00e4tikute riputamiseks.<\/p>\n<p>M\u00f5\u00f5tmetega 30 x 19 x 8,6 cm sobib see ideaalselt igasse vannituppa. Sisseehitatud \u00e4ravooluavad hoiavad riiuli kuivana ja puhtana. Valmistatud 85% taaskasutatud plastikust ja kuulub Umbra Flex Adhesive vannitoakollektsiooni.<\/p>\n<ul>\n<li><strong>Kahjustustevaba paigaldus<\/strong><br \/>\nTugev ja veekindel liimiriba kinnitub plaatidele, kipsseinale ja betoonile (ei sobi poorsetele pindadele).<\/li>\n<li><strong>Kompaktne ja mahukas<\/strong><br \/>\nPakub ruumi \u0161ampoonidele, palsamitele, kehapesuvahenditele ning sisaldab kahte konksu pesuk\u00e4snade ja r\u00e4tikute riputamiseks.<\/li>\n<li><strong>Sisseehitatud \u00e4ravoolus\u00fcsteem<\/strong><br \/>\n\u00c4ravooluavad juhivad vee v\u00e4lja, aidates riiulit kuivana ja hallitusvabana hoida.<\/li>\n<\/ul>\n<p>\u2022 Materjal: 85% taaskasutatud plastik<br \/>\n\u2022 M\u00f5\u00f5dud: 30 x 19 x 8,6 cm<br \/>\n\u2022 <a href=\"\/et\/tootekategooria\/brandid\/umbra-et\/\">Br\u00e4nd Umbra<\/a><\/p>\n<p><strong>Meist<\/strong><\/p>\n<p>1979. aastal alguse saanud \u00fche lihtsa aknakardinaga s\u00fcndis Umbra kirest originaalse disaini ja taskukohase, kaasaegse stiili vastu. Kaasasutajad Les Mandelbaum ja Paul Rowan n\u00e4gid vajadust luua loomingulisi ja soodsaid tooteid, mis sobiksid igasse koju.<\/p>\n<p>T\u00e4naseks on Torontos, Kanadas asuv Umbra kasvanud rahvusvaheliseks disainiliidriks, tegutsedes enam kui 120 riigis ja omades esindusi Euroopas, P\u00f5hja- ja L\u00f5una-Ameerikas ning Aasias. Innovatsioonist kantuna toob meie rahvusvaheline disainitiim igap\u00e4evaesemetesse v\u00e4rsket loomingulisust ja uusi ideid, seades kaasaegsele disainile uusi standardeid.<\/p>\n<p><a href=\"\/et\/tootekategooria\/brandid\/umbra-et\/\"><img loading=\"lazy\" decoding=\"async\" class=\"alignnone size-full wp-image-93263\" src=\"https:\/\/www.talidesign.eu\/wp\/wp-content\/uploads\/2024\/10\/umbralogo-1.jpg\" alt=\"\" width=\"500\" height=\"100\" \/><\/a><\/p>\n","protected":false},"featured_media":98799,"template":"","meta":[],"product_brand":[],"product_cat":[2876,1026,1031,1018,1106,3350,1100],"product_tag":[3356],"class_list":{"0":"post-98785","1":"product","2":"type-product","3":"status-publish","4":"has-post-thumbnail","6":"product_cat-3m-kleebisega-tooted","7":"product_cat-brandid","8":"product_cat-hoiustamine","9":"product_cat-kodu","10":"product_cat-konksud-nagid","11":"product_cat-umbra-et","12":"product_cat-vannituba","13":"product_tag-umbra-et","15":"first","16":"outofstock","17":"taxable","18":"shipping-taxable","19":"purchasable","20":"product-type-simple"},"yoast_head":"<!-- This site is optimized with the Yoast SEO plugin v27.3 - https:\/\/yoast.com\/product\/yoast-seo-wordpress\/ -->\n<title>Umbra Flex Adhesive nurgariiul Must - TALI Concept Store<\/title>\n<meta name=\"description\" content=\"Umbra Flex Adhesive nurgariiul Must - Nutikas ja kompaktne riiul, mis pakub rohkem hoiustamisv\u00f5imalusi du\u0161inurga jaoks. Lihtne paigaldada ja sobib igasse vannituppa.\" \/>\n<meta name=\"robots\" content=\"index, follow, max-snippet:-1, max-image-preview:large, max-video-preview:-1\" \/>\n<link rel=\"canonical\" href=\"https:\/\/www.talidesign.eu\/et\/pood\/toode\/umbra-flex-adhesive-nurgariiul-must\/\" \/>\n<meta property=\"og:locale\" content=\"et_EE\" \/>\n<meta property=\"og:type\" content=\"article\" \/>\n<meta property=\"og:title\" content=\"Umbra Flex Adhesive nurgariiul Must - TALI Concept Store\" \/>\n<meta property=\"og:description\" content=\"Umbra Flex Adhesive nurgariiul Must - Nutikas ja kompaktne riiul, mis pakub rohkem hoiustamisv\u00f5imalusi du\u0161inurga jaoks. Lihtne paigaldada ja sobib igasse vannituppa.\" \/>\n<meta property=\"og:url\" content=\"https:\/\/www.talidesign.eu\/et\/pood\/toode\/umbra-flex-adhesive-nurgariiul-must\/\" \/>\n<meta property=\"og:site_name\" content=\"TALI Concept Store\" \/>\n<meta property=\"article:publisher\" content=\"https:\/\/www.facebook.com\/TaliDisain\/\" \/>\n<meta property=\"article:modified_time\" content=\"2026-03-23T10:48:38+00:00\" \/>\n<meta property=\"og:image\" content=\"https:\/\/www.talidesign.eu\/wp\/wp-content\/uploads\/2025\/02\/1021299-040_FLEX-CORNER-BIN_BLK_CC01.jpg\" \/>\n\t<meta property=\"og:image:width\" content=\"1500\" \/>\n\t<meta property=\"og:image:height\" content=\"1500\" \/>\n\t<meta property=\"og:image:type\" content=\"image\/jpeg\" \/>\n<meta name=\"twitter:card\" content=\"summary_large_image\" \/>\n<meta name=\"twitter:label1\" content=\"Est. reading time\" \/>\n\t<meta name=\"twitter:data1\" content=\"2 minutes\" \/>\n<script type=\"application\/ld+json\" class=\"yoast-schema-graph\">{\"@context\":\"https:\\\/\\\/schema.org\",\"@graph\":[{\"@type\":\"WebPage\",\"@id\":\"https:\\\/\\\/www.talidesign.eu\\\/et\\\/pood\\\/toode\\\/umbra-flex-adhesive-nurgariiul-must\\\/\",\"url\":\"https:\\\/\\\/www.talidesign.eu\\\/et\\\/pood\\\/toode\\\/umbra-flex-adhesive-nurgariiul-must\\\/\",\"name\":\"Umbra Flex Adhesive nurgariiul Must - TALI Concept Store\",\"isPartOf\":{\"@id\":\"https:\\\/\\\/www.talidesign.eu\\\/et\\\/#website\"},\"primaryImageOfPage\":{\"@id\":\"https:\\\/\\\/www.talidesign.eu\\\/et\\\/pood\\\/toode\\\/umbra-flex-adhesive-nurgariiul-must\\\/#primaryimage\"},\"image\":{\"@id\":\"https:\\\/\\\/www.talidesign.eu\\\/et\\\/pood\\\/toode\\\/umbra-flex-adhesive-nurgariiul-must\\\/#primaryimage\"},\"thumbnailUrl\":\"https:\\\/\\\/www.talidesign.eu\\\/wp\\\/wp-content\\\/uploads\\\/2025\\\/02\\\/1021299-040_FLEX-CORNER-BIN_BLK_CC01.jpg\",\"datePublished\":\"2025-02-05T22:47:11+00:00\",\"dateModified\":\"2026-03-23T10:48:38+00:00\",\"description\":\"Umbra Flex Adhesive nurgariiul Must - Nutikas ja kompaktne riiul, mis pakub rohkem hoiustamisv\u00f5imalusi du\u0161inurga jaoks. Lihtne paigaldada ja sobib igasse vannituppa.\",\"breadcrumb\":{\"@id\":\"https:\\\/\\\/www.talidesign.eu\\\/et\\\/pood\\\/toode\\\/umbra-flex-adhesive-nurgariiul-must\\\/#breadcrumb\"},\"inLanguage\":\"et\",\"potentialAction\":[{\"@type\":\"ReadAction\",\"target\":[\"https:\\\/\\\/www.talidesign.eu\\\/et\\\/pood\\\/toode\\\/umbra-flex-adhesive-nurgariiul-must\\\/\"]}]},{\"@type\":\"ImageObject\",\"inLanguage\":\"et\",\"@id\":\"https:\\\/\\\/www.talidesign.eu\\\/et\\\/pood\\\/toode\\\/umbra-flex-adhesive-nurgariiul-must\\\/#primaryimage\",\"url\":\"https:\\\/\\\/www.talidesign.eu\\\/wp\\\/wp-content\\\/uploads\\\/2025\\\/02\\\/1021299-040_FLEX-CORNER-BIN_BLK_CC01.jpg\",\"contentUrl\":\"https:\\\/\\\/www.talidesign.eu\\\/wp\\\/wp-content\\\/uploads\\\/2025\\\/02\\\/1021299-040_FLEX-CORNER-BIN_BLK_CC01.jpg\",\"width\":1500,\"height\":1500},{\"@type\":\"BreadcrumbList\",\"@id\":\"https:\\\/\\\/www.talidesign.eu\\\/et\\\/pood\\\/toode\\\/umbra-flex-adhesive-nurgariiul-must\\\/#breadcrumb\",\"itemListElement\":[{\"@type\":\"ListItem\",\"position\":1,\"name\":\"Avaleht\",\"item\":\"https:\\\/\\\/www.talidesign.eu\\\/et\\\/\"},{\"@type\":\"ListItem\",\"position\":2,\"name\":\"Pood\",\"item\":\"https:\\\/\\\/www.talidesign.eu\\\/et\\\/pood\\\/\"},{\"@type\":\"ListItem\",\"position\":3,\"name\":\"Umbra Flex Adhesive nurgariiul Must\"}]},{\"@type\":\"WebSite\",\"@id\":\"https:\\\/\\\/www.talidesign.eu\\\/et\\\/#website\",\"url\":\"https:\\\/\\\/www.talidesign.eu\\\/et\\\/\",\"name\":\"TALI Concept Store\",\"description\":\"Suurim Disainipood Eestis\",\"potentialAction\":[{\"@type\":\"SearchAction\",\"target\":{\"@type\":\"EntryPoint\",\"urlTemplate\":\"https:\\\/\\\/www.talidesign.eu\\\/et\\\/?s={search_term_string}\"},\"query-input\":{\"@type\":\"PropertyValueSpecification\",\"valueRequired\":true,\"valueName\":\"search_term_string\"}}],\"inLanguage\":\"et\"}]}<\/script>\n<!-- \/ Yoast SEO plugin. -->","yoast_head_json":{"title":"Umbra Flex Adhesive nurgariiul Must - TALI Concept Store","description":"Umbra Flex Adhesive nurgariiul Must - Nutikas ja kompaktne riiul, mis pakub rohkem hoiustamisv\u00f5imalusi du\u0161inurga jaoks. Lihtne paigaldada ja sobib igasse vannituppa.","robots":{"index":"index","follow":"follow","max-snippet":"max-snippet:-1","max-image-preview":"max-image-preview:large","max-video-preview":"max-video-preview:-1"},"canonical":"https:\/\/www.talidesign.eu\/et\/pood\/toode\/umbra-flex-adhesive-nurgariiul-must\/","og_locale":"et_EE","og_type":"article","og_title":"Umbra Flex Adhesive nurgariiul Must - TALI Concept Store","og_description":"Umbra Flex Adhesive nurgariiul Must - Nutikas ja kompaktne riiul, mis pakub rohkem hoiustamisv\u00f5imalusi du\u0161inurga jaoks. Lihtne paigaldada ja sobib igasse vannituppa.","og_url":"https:\/\/www.talidesign.eu\/et\/pood\/toode\/umbra-flex-adhesive-nurgariiul-must\/","og_site_name":"TALI Concept Store","article_publisher":"https:\/\/www.facebook.com\/TaliDisain\/","article_modified_time":"2026-03-23T10:48:38+00:00","og_image":[{"width":1500,"height":1500,"url":"https:\/\/www.talidesign.eu\/wp\/wp-content\/uploads\/2025\/02\/1021299-040_FLEX-CORNER-BIN_BLK_CC01.jpg","type":"image\/jpeg"}],"twitter_card":"summary_large_image","twitter_misc":{"Est. reading time":"2 minutes"},"schema":{"@context":"https:\/\/schema.org","@graph":[{"@type":"WebPage","@id":"https:\/\/www.talidesign.eu\/et\/pood\/toode\/umbra-flex-adhesive-nurgariiul-must\/","url":"https:\/\/www.talidesign.eu\/et\/pood\/toode\/umbra-flex-adhesive-nurgariiul-must\/","name":"Umbra Flex Adhesive nurgariiul Must - TALI Concept Store","isPartOf":{"@id":"https:\/\/www.talidesign.eu\/et\/#website"},"primaryImageOfPage":{"@id":"https:\/\/www.talidesign.eu\/et\/pood\/toode\/umbra-flex-adhesive-nurgariiul-must\/#primaryimage"},"image":{"@id":"https:\/\/www.talidesign.eu\/et\/pood\/toode\/umbra-flex-adhesive-nurgariiul-must\/#primaryimage"},"thumbnailUrl":"https:\/\/www.talidesign.eu\/wp\/wp-content\/uploads\/2025\/02\/1021299-040_FLEX-CORNER-BIN_BLK_CC01.jpg","datePublished":"2025-02-05T22:47:11+00:00","dateModified":"2026-03-23T10:48:38+00:00","description":"Umbra Flex Adhesive nurgariiul Must - Nutikas ja kompaktne riiul, mis pakub rohkem hoiustamisv\u00f5imalusi du\u0161inurga jaoks. Lihtne paigaldada ja sobib igasse vannituppa.","breadcrumb":{"@id":"https:\/\/www.talidesign.eu\/et\/pood\/toode\/umbra-flex-adhesive-nurgariiul-must\/#breadcrumb"},"inLanguage":"et","potentialAction":[{"@type":"ReadAction","target":["https:\/\/www.talidesign.eu\/et\/pood\/toode\/umbra-flex-adhesive-nurgariiul-must\/"]}]},{"@type":"ImageObject","inLanguage":"et","@id":"https:\/\/www.talidesign.eu\/et\/pood\/toode\/umbra-flex-adhesive-nurgariiul-must\/#primaryimage","url":"https:\/\/www.talidesign.eu\/wp\/wp-content\/uploads\/2025\/02\/1021299-040_FLEX-CORNER-BIN_BLK_CC01.jpg","contentUrl":"https:\/\/www.talidesign.eu\/wp\/wp-content\/uploads\/2025\/02\/1021299-040_FLEX-CORNER-BIN_BLK_CC01.jpg","width":1500,"height":1500},{"@type":"BreadcrumbList","@id":"https:\/\/www.talidesign.eu\/et\/pood\/toode\/umbra-flex-adhesive-nurgariiul-must\/#breadcrumb","itemListElement":[{"@type":"ListItem","position":1,"name":"Avaleht","item":"https:\/\/www.talidesign.eu\/et\/"},{"@type":"ListItem","position":2,"name":"Pood","item":"https:\/\/www.talidesign.eu\/et\/pood\/"},{"@type":"ListItem","position":3,"name":"Umbra Flex Adhesive nurgariiul Must"}]},{"@type":"WebSite","@id":"https:\/\/www.talidesign.eu\/et\/#website","url":"https:\/\/www.talidesign.eu\/et\/","name":"TALI Concept Store","description":"Suurim Disainipood Eestis","potentialAction":[{"@type":"SearchAction","target":{"@type":"EntryPoint","urlTemplate":"https:\/\/www.talidesign.eu\/et\/?s={search_term_string}"},"query-input":{"@type":"PropertyValueSpecification","valueRequired":true,"valueName":"search_term_string"}}],"inLanguage":"et"}]}},"_links":{"self":[{"href":"https:\/\/www.talidesign.eu\/et\/wp-json\/wp\/v2\/product\/98785","targetHints":{"allow":["GET"]}}],"collection":[{"href":"https:\/\/www.talidesign.eu\/et\/wp-json\/wp\/v2\/product"}],"about":[{"href":"https:\/\/www.talidesign.eu\/et\/wp-json\/wp\/v2\/types\/product"}],"wp:featuredmedia":[{"embeddable":true,"href":"https:\/\/www.talidesign.eu\/et\/wp-json\/wp\/v2\/media\/98799"}],"wp:attachment":[{"href":"https:\/\/www.talidesign.eu\/et\/wp-json\/wp\/v2\/media?parent=98785"}],"wp:term":[{"taxonomy":"product_brand","embeddable":true,"href":"https:\/\/www.talidesign.eu\/et\/wp-json\/wp\/v2\/product_brand?post=98785"},{"taxonomy":"product_cat","embeddable":true,"href":"https:\/\/www.talidesign.eu\/et\/wp-json\/wp\/v2\/product_cat?post=98785"},{"taxonomy":"product_tag","embeddable":true,"href":"https:\/\/www.talidesign.eu\/et\/wp-json\/wp\/v2\/product_tag?post=98785"}],"curies":[{"name":"wp","href":"https:\/\/api.w.org\/{rel}","templated":true}]}}