{"id":99099,"date":"2025-02-11T01:53:13","date_gmt":"2025-02-10T13:14:13","guid":{"rendered":"https:\/\/www.talidesign.eu\/?post_type=product&#038;p=99099"},"modified":"2025-12-14T14:17:14","modified_gmt":"2025-12-14T12:17:14","slug":"got-bag-rolltop-2-0-seljakott-must","status":"publish","type":"product","link":"https:\/\/www.talidesign.eu\/et\/pood\/toode\/got-bag-rolltop-2-0-seljakott-must\/","title":{"rendered":"Got Bag Rolltop 2.0 Seljakott Must"},"content":{"rendered":"<p><strong>Rolltop 2.0 Seljakott Black<\/strong><\/p>\n<p>Kohandatav, vastupidav ja n\u00fc\u00fcd veelgi parem \u2013 seiklejate ning vabadusearmastajate universaalne kaaslane, mis kaitseb nii tuule kui ka ilmastiku eest. T\u00e4nu paindlikule magnetkinnitusega rullsuletavale \u00fclaosale ja k\u00fcljerihmadele saab kotti mahtu h\u00f5lpsasti laiendada. Reguleeritavad \u00f5la- ja rinnarihmad ning kvaliteetne polsterdus tagavad maksimaalse mugavuse. Eraldi eemaldatav s\u00fclearvutikott pakub kaitset kuni 15-tollisele s\u00fclearvutile.<\/p>\n<p>\u2022 <a href=\"\/et\/tootekategooria\/brandid\/got-bag-et\/\">Br\u00e4nd Got Bag<\/a><br \/>\n\u2022 Maht: kuni 31 l<br \/>\n\u2022 M\u00f5\u00f5tmed: 43 cm (laiendatav kuni 66 cm) x 33 cm x 16 cm (K x L x S)<br \/>\n\u2022 Sobib DIN A3 formaadile<br \/>\n\u2022 Kaal: 1130 g<br \/>\n\u2022 Magnetkinnitusega rullsuletav \u00fclaosa (UUS!)<br \/>\n\u2022 Eemaldatav s\u00fclearvutikott t\u00f5mblukuga: 31 cm x 28 cm (K x L) (sobib kuni 15\u201d MacBookile)<br \/>\n\u2022 Kompressioonrihmad<br \/>\n\u2022 Polsterdatud seljatugi<br \/>\n\u2022 Optimeeritud ergonoomilised \u00f5larihmad (UUS!)<br \/>\n\u2022 Reguleeritav rinnarihm (pikkus ja k\u00f5rgus)<br \/>\n\u2022 Sisemine t\u00f5mblukuga tasku koos v\u00f5tmehoidjaga (UUS!)<br \/>\n\u2022 Eemaldatav sisemine pudelihoidja (UUS!)<br \/>\n\u2022 Peidetud tagatasku (UUS!)<br \/>\n\u2022 Pagasirihm<br \/>\n\u2022 Peamine materjal RE:PET, valmistatud taaskasutatud Ocean Impact plastikust<br \/>\n\u2022 Vooder, pandlad ja rihmad valmistatud taaskasutatud materjalidest (PET, PA)<br \/>\n\u2022 IP54 tolmu- ja veekindlus, k\u00f5rgsageduskeevitusega \u00f5mblused<br \/>\n\u2022 TPU tagumine ja PU esipoolne kate<br \/>\n\u2022 PFC- ja PVC-vaba<\/p>\n<p><strong>Br\u00e4ndist Got Bag<\/strong><\/p>\n<p>Asutatud 2018. aastal, loome minimalistlikke reisitarbeid neile, kes hindavad kvaliteeti ja kaasaegset disaini ning soovivad j\u00e4tta positiivse jalaj\u00e4lje. Meie seljakotid, kohvrid ja aksessuaarid s\u00fcnnivad taaskasutatud materjalidest, nagu Ocean Impact Plastic, muutes pr\u00fcgi v\u00e4\u00e4rtuslikuks ressursiks ja aidates kaitsta ookeane.<\/p>\n<p><strong>GOT BAG Indonesia puhastusprogramm<\/strong> v\u00f5itleb plastireostuse algp\u00f5hjustega, kogudes j\u00e4\u00e4tmeid meredest, j\u00f5gedest ja rannikualadelt. Kohalikke kogukondi kaasates ja j\u00e4\u00e4tmek\u00e4itluss\u00fcsteeme arendades muudame plastij\u00e4\u00e4tmed v\u00e4\u00e4rtuslikuks ressursiks, aidates luua puhtama elukeskkonna ning tugevdada kogukondade elatist.<\/p>\n<p>B Corp&#x2122; sertifitseeritud ettev\u00f5ttena oleme osa globaalsest kogukonnast, mis j\u00e4rgib k\u00f5rgeid sotsiaalse ja keskkondliku vastutuse standardeid.<\/p>\n<p><a href=\"\/et\/tootekategooria\/brandid\/got-bag-et\/\"><img loading=\"lazy\" decoding=\"async\" src=\"https:\/\/www.talidesign.eu\/wp\/wp-content\/uploads\/2025\/02\/gotbag.jpg\" alt=\"\" width=\"500\" height=\"100\" class=\"alignnone size-full wp-image-98951\" \/><\/a><\/p>\n","protected":false},"excerpt":{"rendered":"<p><strong>Rolltop 2.0 Seljakott Black<\/strong><\/p>\n<p>Kohandatav, vastupidav ja n\u00fc\u00fcd veelgi parem \u2013 seiklejate ning vabadusearmastajate universaalne kaaslane, mis kaitseb nii tuule kui ka ilmastiku eest. T\u00e4nu paindlikule magnetkinnitusega rullsuletavale \u00fclaosale ja k\u00fcljerihmadele saab kotti mahtu h\u00f5lpsasti laiendada. Reguleeritavad \u00f5la- ja rinnarihmad ning kvaliteetne polsterdus tagavad maksimaalse mugavuse. Eraldi eemaldatav s\u00fclearvutikott pakub kaitset kuni 15-tollisele s\u00fclearvutile.<\/p>\n<p>\u2022 <a href=\"\/et\/tootekategooria\/brandid\/got-bag-et\/\">Br\u00e4nd Got Bag<\/a><br \/>\n\u2022 Maht: kuni 31 l<br \/>\n\u2022 M\u00f5\u00f5tmed: 43 cm (laiendatav kuni 66 cm) x 33 cm x 16 cm (K x L x S)<br \/>\n\u2022 Sobib DIN A3 formaadile<br \/>\n\u2022 Kaal: 1130 g<br \/>\n\u2022 Magnetkinnitusega rullsuletav \u00fclaosa (UUS!)<br \/>\n\u2022 Eemaldatav s\u00fclearvutikott t\u00f5mblukuga: 31 cm x 28 cm (K x L) (sobib kuni 15\u201d MacBookile)<br \/>\n\u2022 Kompressioonrihmad<br \/>\n\u2022 Polsterdatud seljatugi<br \/>\n\u2022 Optimeeritud ergonoomilised \u00f5larihmad (UUS!)<br \/>\n\u2022 Reguleeritav rinnarihm (pikkus ja k\u00f5rgus)<br \/>\n\u2022 Sisemine t\u00f5mblukuga tasku koos v\u00f5tmehoidjaga (UUS!)<br \/>\n\u2022 Eemaldatav sisemine pudelihoidja (UUS!)<br \/>\n\u2022 Peidetud tagatasku (UUS!)<br \/>\n\u2022 Pagasirihm<br \/>\n\u2022 Peamine materjal RE:PET, valmistatud taaskasutatud Ocean Impact plastikust<br \/>\n\u2022 Vooder, pandlad ja rihmad valmistatud taaskasutatud materjalidest (PET, PA)<br \/>\n\u2022 IP54 tolmu- ja veekindlus, k\u00f5rgsageduskeevitusega \u00f5mblused<br \/>\n\u2022 TPU tagumine ja PU esipoolne kate<br \/>\n\u2022 PFC- ja PVC-vaba<\/p>\n<p><strong>Br\u00e4ndist Got Bag<\/strong><\/p>\n<p>Asutatud 2018. aastal, loome minimalistlikke reisitarbeid neile, kes hindavad kvaliteeti ja kaasaegset disaini ning soovivad j\u00e4tta positiivse jalaj\u00e4lje. Meie seljakotid, kohvrid ja aksessuaarid s\u00fcnnivad taaskasutatud materjalidest, nagu Ocean Impact Plastic, muutes pr\u00fcgi v\u00e4\u00e4rtuslikuks ressursiks ja aidates kaitsta ookeane.<\/p>\n<p><strong>GOT BAG Indonesia puhastusprogramm<\/strong> v\u00f5itleb plastireostuse algp\u00f5hjustega, kogudes j\u00e4\u00e4tmeid meredest, j\u00f5gedest ja rannikualadelt. Kohalikke kogukondi kaasates ja j\u00e4\u00e4tmek\u00e4itluss\u00fcsteeme arendades muudame plastij\u00e4\u00e4tmed v\u00e4\u00e4rtuslikuks ressursiks, aidates luua puhtama elukeskkonna ning tugevdada kogukondade elatist.<\/p>\n<p>B Corp&#x2122; sertifitseeritud ettev\u00f5ttena oleme osa globaalsest kogukonnast, mis j\u00e4rgib k\u00f5rgeid sotsiaalse ja keskkondliku vastutuse standardeid.<\/p>\n<p><a href=\"\/et\/tootekategooria\/brandid\/got-bag-et\/\"><img loading=\"lazy\" decoding=\"async\" src=\"https:\/\/www.talidesign.eu\/wp\/wp-content\/uploads\/2025\/02\/gotbag.jpg\" alt=\"\" width=\"500\" height=\"100\" class=\"alignnone size-full wp-image-98951\" \/><\/a><\/p>\n","protected":false},"featured_media":99126,"template":"","meta":[],"product_brand":[],"product_cat":[1026,3416,1131,1113],"product_tag":[3418],"class_list":{"0":"post-99099","1":"product","2":"type-product","3":"status-publish","4":"has-post-thumbnail","6":"product_cat-brandid","7":"product_cat-got-bag-et","8":"product_cat-naiste-kotid","9":"product_cat-kotid","10":"product_tag-got-bag-et","12":"first","13":"outofstock","14":"taxable","15":"shipping-taxable","16":"purchasable","17":"product-type-simple"},"yoast_head":"<!-- This site is optimized with the Yoast SEO plugin v27.3 - https:\/\/yoast.com\/product\/yoast-seo-wordpress\/ -->\n<title>Got Bag Rolltop 2.0 Seljakott Must - TALI Concept Store<\/title>\n<meta name=\"description\" content=\"Got Bag Rolltop 2.0 Seljakott Must - Kohandatav, vastupidav ja universaalne kaaslane seiklejatele ja vabadusearmastajatele. Kaitseb tuule ja ilmastiku eest.\" \/>\n<meta name=\"robots\" content=\"index, follow, max-snippet:-1, max-image-preview:large, max-video-preview:-1\" \/>\n<link rel=\"canonical\" href=\"https:\/\/www.talidesign.eu\/et\/pood\/toode\/got-bag-rolltop-2-0-seljakott-must\/\" \/>\n<meta property=\"og:locale\" content=\"et_EE\" \/>\n<meta property=\"og:type\" content=\"article\" \/>\n<meta property=\"og:title\" content=\"Got Bag Rolltop 2.0 Seljakott Must - TALI Concept Store\" \/>\n<meta property=\"og:description\" content=\"Got Bag Rolltop 2.0 Seljakott Must - Kohandatav, vastupidav ja universaalne kaaslane seiklejatele ja vabadusearmastajatele. Kaitseb tuule ja ilmastiku eest.\" \/>\n<meta property=\"og:url\" content=\"https:\/\/www.talidesign.eu\/et\/pood\/toode\/got-bag-rolltop-2-0-seljakott-must\/\" \/>\n<meta property=\"og:site_name\" content=\"TALI Concept Store\" \/>\n<meta property=\"article:publisher\" content=\"https:\/\/www.facebook.com\/TaliDisain\/\" \/>\n<meta property=\"article:modified_time\" content=\"2025-12-14T12:17:14+00:00\" \/>\n<meta property=\"og:image\" content=\"https:\/\/www.talidesign.eu\/wp\/wp-content\/uploads\/2025\/02\/2039488218_42185_ROLLTOP_2.0_black_01-front_compressed.jpeg\" \/>\n\t<meta property=\"og:image:width\" content=\"2048\" \/>\n\t<meta property=\"og:image:height\" content=\"2048\" \/>\n\t<meta property=\"og:image:type\" content=\"image\/jpeg\" \/>\n<meta name=\"twitter:card\" content=\"summary_large_image\" \/>\n<meta name=\"twitter:label1\" content=\"Est. reading time\" \/>\n\t<meta name=\"twitter:data1\" content=\"2 minutes\" \/>\n<script type=\"application\/ld+json\" class=\"yoast-schema-graph\">{\"@context\":\"https:\\\/\\\/schema.org\",\"@graph\":[{\"@type\":\"WebPage\",\"@id\":\"https:\\\/\\\/www.talidesign.eu\\\/et\\\/pood\\\/toode\\\/got-bag-rolltop-2-0-seljakott-must\\\/\",\"url\":\"https:\\\/\\\/www.talidesign.eu\\\/et\\\/pood\\\/toode\\\/got-bag-rolltop-2-0-seljakott-must\\\/\",\"name\":\"Got Bag Rolltop 2.0 Seljakott Must - TALI Concept Store\",\"isPartOf\":{\"@id\":\"https:\\\/\\\/www.talidesign.eu\\\/et\\\/#website\"},\"primaryImageOfPage\":{\"@id\":\"https:\\\/\\\/www.talidesign.eu\\\/et\\\/pood\\\/toode\\\/got-bag-rolltop-2-0-seljakott-must\\\/#primaryimage\"},\"image\":{\"@id\":\"https:\\\/\\\/www.talidesign.eu\\\/et\\\/pood\\\/toode\\\/got-bag-rolltop-2-0-seljakott-must\\\/#primaryimage\"},\"thumbnailUrl\":\"https:\\\/\\\/www.talidesign.eu\\\/wp\\\/wp-content\\\/uploads\\\/2025\\\/02\\\/2039488218_42185_ROLLTOP_2.0_black_01-front_compressed.jpeg\",\"datePublished\":\"2025-02-10T13:14:13+00:00\",\"dateModified\":\"2025-12-14T12:17:14+00:00\",\"description\":\"Got Bag Rolltop 2.0 Seljakott Must - Kohandatav, vastupidav ja universaalne kaaslane seiklejatele ja vabadusearmastajatele. Kaitseb tuule ja ilmastiku eest.\",\"breadcrumb\":{\"@id\":\"https:\\\/\\\/www.talidesign.eu\\\/et\\\/pood\\\/toode\\\/got-bag-rolltop-2-0-seljakott-must\\\/#breadcrumb\"},\"inLanguage\":\"et\",\"potentialAction\":[{\"@type\":\"ReadAction\",\"target\":[\"https:\\\/\\\/www.talidesign.eu\\\/et\\\/pood\\\/toode\\\/got-bag-rolltop-2-0-seljakott-must\\\/\"]}]},{\"@type\":\"ImageObject\",\"inLanguage\":\"et\",\"@id\":\"https:\\\/\\\/www.talidesign.eu\\\/et\\\/pood\\\/toode\\\/got-bag-rolltop-2-0-seljakott-must\\\/#primaryimage\",\"url\":\"https:\\\/\\\/www.talidesign.eu\\\/wp\\\/wp-content\\\/uploads\\\/2025\\\/02\\\/2039488218_42185_ROLLTOP_2.0_black_01-front_compressed.jpeg\",\"contentUrl\":\"https:\\\/\\\/www.talidesign.eu\\\/wp\\\/wp-content\\\/uploads\\\/2025\\\/02\\\/2039488218_42185_ROLLTOP_2.0_black_01-front_compressed.jpeg\",\"width\":2048,\"height\":2048},{\"@type\":\"BreadcrumbList\",\"@id\":\"https:\\\/\\\/www.talidesign.eu\\\/et\\\/pood\\\/toode\\\/got-bag-rolltop-2-0-seljakott-must\\\/#breadcrumb\",\"itemListElement\":[{\"@type\":\"ListItem\",\"position\":1,\"name\":\"Avaleht\",\"item\":\"https:\\\/\\\/www.talidesign.eu\\\/et\\\/\"},{\"@type\":\"ListItem\",\"position\":2,\"name\":\"Pood\",\"item\":\"https:\\\/\\\/www.talidesign.eu\\\/et\\\/pood\\\/\"},{\"@type\":\"ListItem\",\"position\":3,\"name\":\"Got Bag Rolltop 2.0 Seljakott Must\"}]},{\"@type\":\"WebSite\",\"@id\":\"https:\\\/\\\/www.talidesign.eu\\\/et\\\/#website\",\"url\":\"https:\\\/\\\/www.talidesign.eu\\\/et\\\/\",\"name\":\"TALI Concept Store\",\"description\":\"Suurim Disainipood Eestis\",\"potentialAction\":[{\"@type\":\"SearchAction\",\"target\":{\"@type\":\"EntryPoint\",\"urlTemplate\":\"https:\\\/\\\/www.talidesign.eu\\\/et\\\/?s={search_term_string}\"},\"query-input\":{\"@type\":\"PropertyValueSpecification\",\"valueRequired\":true,\"valueName\":\"search_term_string\"}}],\"inLanguage\":\"et\"}]}<\/script>\n<!-- \/ Yoast SEO plugin. -->","yoast_head_json":{"title":"Got Bag Rolltop 2.0 Seljakott Must - TALI Concept Store","description":"Got Bag Rolltop 2.0 Seljakott Must - Kohandatav, vastupidav ja universaalne kaaslane seiklejatele ja vabadusearmastajatele. Kaitseb tuule ja ilmastiku eest.","robots":{"index":"index","follow":"follow","max-snippet":"max-snippet:-1","max-image-preview":"max-image-preview:large","max-video-preview":"max-video-preview:-1"},"canonical":"https:\/\/www.talidesign.eu\/et\/pood\/toode\/got-bag-rolltop-2-0-seljakott-must\/","og_locale":"et_EE","og_type":"article","og_title":"Got Bag Rolltop 2.0 Seljakott Must - TALI Concept Store","og_description":"Got Bag Rolltop 2.0 Seljakott Must - Kohandatav, vastupidav ja universaalne kaaslane seiklejatele ja vabadusearmastajatele. Kaitseb tuule ja ilmastiku eest.","og_url":"https:\/\/www.talidesign.eu\/et\/pood\/toode\/got-bag-rolltop-2-0-seljakott-must\/","og_site_name":"TALI Concept Store","article_publisher":"https:\/\/www.facebook.com\/TaliDisain\/","article_modified_time":"2025-12-14T12:17:14+00:00","og_image":[{"width":2048,"height":2048,"url":"https:\/\/www.talidesign.eu\/wp\/wp-content\/uploads\/2025\/02\/2039488218_42185_ROLLTOP_2.0_black_01-front_compressed.jpeg","type":"image\/jpeg"}],"twitter_card":"summary_large_image","twitter_misc":{"Est. reading time":"2 minutes"},"schema":{"@context":"https:\/\/schema.org","@graph":[{"@type":"WebPage","@id":"https:\/\/www.talidesign.eu\/et\/pood\/toode\/got-bag-rolltop-2-0-seljakott-must\/","url":"https:\/\/www.talidesign.eu\/et\/pood\/toode\/got-bag-rolltop-2-0-seljakott-must\/","name":"Got Bag Rolltop 2.0 Seljakott Must - TALI Concept Store","isPartOf":{"@id":"https:\/\/www.talidesign.eu\/et\/#website"},"primaryImageOfPage":{"@id":"https:\/\/www.talidesign.eu\/et\/pood\/toode\/got-bag-rolltop-2-0-seljakott-must\/#primaryimage"},"image":{"@id":"https:\/\/www.talidesign.eu\/et\/pood\/toode\/got-bag-rolltop-2-0-seljakott-must\/#primaryimage"},"thumbnailUrl":"https:\/\/www.talidesign.eu\/wp\/wp-content\/uploads\/2025\/02\/2039488218_42185_ROLLTOP_2.0_black_01-front_compressed.jpeg","datePublished":"2025-02-10T13:14:13+00:00","dateModified":"2025-12-14T12:17:14+00:00","description":"Got Bag Rolltop 2.0 Seljakott Must - Kohandatav, vastupidav ja universaalne kaaslane seiklejatele ja vabadusearmastajatele. Kaitseb tuule ja ilmastiku eest.","breadcrumb":{"@id":"https:\/\/www.talidesign.eu\/et\/pood\/toode\/got-bag-rolltop-2-0-seljakott-must\/#breadcrumb"},"inLanguage":"et","potentialAction":[{"@type":"ReadAction","target":["https:\/\/www.talidesign.eu\/et\/pood\/toode\/got-bag-rolltop-2-0-seljakott-must\/"]}]},{"@type":"ImageObject","inLanguage":"et","@id":"https:\/\/www.talidesign.eu\/et\/pood\/toode\/got-bag-rolltop-2-0-seljakott-must\/#primaryimage","url":"https:\/\/www.talidesign.eu\/wp\/wp-content\/uploads\/2025\/02\/2039488218_42185_ROLLTOP_2.0_black_01-front_compressed.jpeg","contentUrl":"https:\/\/www.talidesign.eu\/wp\/wp-content\/uploads\/2025\/02\/2039488218_42185_ROLLTOP_2.0_black_01-front_compressed.jpeg","width":2048,"height":2048},{"@type":"BreadcrumbList","@id":"https:\/\/www.talidesign.eu\/et\/pood\/toode\/got-bag-rolltop-2-0-seljakott-must\/#breadcrumb","itemListElement":[{"@type":"ListItem","position":1,"name":"Avaleht","item":"https:\/\/www.talidesign.eu\/et\/"},{"@type":"ListItem","position":2,"name":"Pood","item":"https:\/\/www.talidesign.eu\/et\/pood\/"},{"@type":"ListItem","position":3,"name":"Got Bag Rolltop 2.0 Seljakott Must"}]},{"@type":"WebSite","@id":"https:\/\/www.talidesign.eu\/et\/#website","url":"https:\/\/www.talidesign.eu\/et\/","name":"TALI Concept Store","description":"Suurim Disainipood Eestis","potentialAction":[{"@type":"SearchAction","target":{"@type":"EntryPoint","urlTemplate":"https:\/\/www.talidesign.eu\/et\/?s={search_term_string}"},"query-input":{"@type":"PropertyValueSpecification","valueRequired":true,"valueName":"search_term_string"}}],"inLanguage":"et"}]}},"_links":{"self":[{"href":"https:\/\/www.talidesign.eu\/et\/wp-json\/wp\/v2\/product\/99099","targetHints":{"allow":["GET"]}}],"collection":[{"href":"https:\/\/www.talidesign.eu\/et\/wp-json\/wp\/v2\/product"}],"about":[{"href":"https:\/\/www.talidesign.eu\/et\/wp-json\/wp\/v2\/types\/product"}],"wp:featuredmedia":[{"embeddable":true,"href":"https:\/\/www.talidesign.eu\/et\/wp-json\/wp\/v2\/media\/99126"}],"wp:attachment":[{"href":"https:\/\/www.talidesign.eu\/et\/wp-json\/wp\/v2\/media?parent=99099"}],"wp:term":[{"taxonomy":"product_brand","embeddable":true,"href":"https:\/\/www.talidesign.eu\/et\/wp-json\/wp\/v2\/product_brand?post=99099"},{"taxonomy":"product_cat","embeddable":true,"href":"https:\/\/www.talidesign.eu\/et\/wp-json\/wp\/v2\/product_cat?post=99099"},{"taxonomy":"product_tag","embeddable":true,"href":"https:\/\/www.talidesign.eu\/et\/wp-json\/wp\/v2\/product_tag?post=99099"}],"curies":[{"name":"wp","href":"https:\/\/api.w.org\/{rel}","templated":true}]}}