{"id":99629,"date":"2025-02-11T01:04:43","date_gmt":"2025-02-10T23:04:43","guid":{"rendered":"https:\/\/www.talidesign.eu\/?post_type=product&#038;p=99629"},"modified":"2026-04-07T16:59:52","modified_gmt":"2026-04-07T13:59:52","slug":"got-bag-kott-moon-ruffle-monochrome-must","status":"publish","type":"product","link":"https:\/\/www.talidesign.eu\/et\/pood\/toode\/got-bag-kott-moon-ruffle-monochrome-must\/","title":{"rendered":"Got Bag Kott Moon Ruffle Monochrome Must"},"content":{"rendered":"<p><strong>Kott Moon Ruffle Monochrome Black<\/strong><\/p>\n<p>\u00dclimalt kerge ja avar \u2013 MOON BAG RUFFLE on loodud neile, kes hindavad nii silmapaistvat stiili kui ka mitmek\u00fclgsust. Taaskasutatud kalav\u00f5rkudest valmistatud sulgkerge nailon \u00fchendab endas modernse disaini ja igap\u00e4evase praktilisuse. Reguleeritav rihm v\u00f5imaldab mitmeid kandmisviise: kanna seda \u00fcle \u00f5la lameda rihmaga v\u00f5i muuda see \u00f5lakotiks, t\u00f5mmates paelad rihma peale. Mahukas sisemus pakub rohkelt ruumi k\u00f5ige vajalikule, ning sisemine t\u00f5mblukuga tasku aitab hoida k\u00f5ik organiseerituna.<\/p>\n<p>\u2022 <a href=\"\/et\/tootekategooria\/brandid\/got-bag-et\/\">Br\u00e4nd Got Bag<\/a><br \/>\n\u2022 M\u00f5\u00f5tmed: 155 mm x 400 mm x 220 mm (P x L x K)<br \/>\n\u2022 Kaal: 0,24 kg<br \/>\n\u2022 Reguleeritav rihm mitmek\u00fclgseks kandmiseks<br \/>\n\u2022 Sisemine t\u00f5mblukuga tasku paremaks organiseerimiseks<br \/>\n\u2022 Valmistatud taaskasutatud kalav\u00f5rkudest<br \/>\n\u2022 Sulgkerge ja vastupidav materjal<br \/>\n\u2022 Moodne ja praktiline disain<\/p>\n<p><strong>Br\u00e4ndist Got Bag<\/strong><\/p>\n<p>Asutatud 2018. aastal, loome minimalistlikke reisitarbeid neile, kes hindavad kvaliteeti ja kaasaegset disaini ning soovivad j\u00e4tta positiivse jalaj\u00e4lje. Meie seljakotid, kohvrid ja aksessuaarid s\u00fcnnivad taaskasutatud materjalidest, nagu Ocean Impact Plastic, muutes pr\u00fcgi v\u00e4\u00e4rtuslikuks ressursiks ja aidates kaitsta ookeane.<\/p>\n<p><strong>GOT BAG Indonesia puhastusprogramm<\/strong> v\u00f5itleb plastireostuse algp\u00f5hjustega, kogudes j\u00e4\u00e4tmeid meredest, j\u00f5gedest ja rannikualadelt. Kohalikke kogukondi kaasates ja j\u00e4\u00e4tmek\u00e4itluss\u00fcsteeme arendades muudame plastij\u00e4\u00e4tmed v\u00e4\u00e4rtuslikuks ressursiks, aidates luua puhtama elukeskkonna ning tugevdada kogukondade elatist.<\/p>\n<p>B Corp&#x2122; sertifitseeritud ettev\u00f5ttena oleme osa globaalsest kogukonnast, mis j\u00e4rgib k\u00f5rgeid sotsiaalse ja keskkondliku vastutuse standardeid.<\/p>\n<p><a href=\"\/et\/tootekategooria\/brandid\/got-bag-et\/\"><img loading=\"lazy\" decoding=\"async\" src=\"https:\/\/www.talidesign.eu\/wp\/wp-content\/uploads\/2025\/02\/gotbag.jpg\" alt=\"\" width=\"500\" height=\"100\" class=\"alignnone size-full wp-image-98951\" \/><\/a><\/p>\n","protected":false},"excerpt":{"rendered":"<p><strong>Kott Moon Ruffle Monochrome Black<\/strong><\/p>\n<p>\u00dclimalt kerge ja avar \u2013 MOON BAG RUFFLE on loodud neile, kes hindavad nii silmapaistvat stiili kui ka mitmek\u00fclgsust. Taaskasutatud kalav\u00f5rkudest valmistatud sulgkerge nailon \u00fchendab endas modernse disaini ja igap\u00e4evase praktilisuse. Reguleeritav rihm v\u00f5imaldab mitmeid kandmisviise: kanna seda \u00fcle \u00f5la lameda rihmaga v\u00f5i muuda see \u00f5lakotiks, t\u00f5mmates paelad rihma peale. Mahukas sisemus pakub rohkelt ruumi k\u00f5ige vajalikule, ning sisemine t\u00f5mblukuga tasku aitab hoida k\u00f5ik organiseerituna.<\/p>\n<p>\u2022 <a href=\"\/et\/tootekategooria\/brandid\/got-bag-et\/\">Br\u00e4nd Got Bag<\/a><br \/>\n\u2022 M\u00f5\u00f5tmed: 155 mm x 400 mm x 220 mm (P x L x K)<br \/>\n\u2022 Kaal: 0,24 kg<br \/>\n\u2022 Reguleeritav rihm mitmek\u00fclgseks kandmiseks<br \/>\n\u2022 Sisemine t\u00f5mblukuga tasku paremaks organiseerimiseks<br \/>\n\u2022 Valmistatud taaskasutatud kalav\u00f5rkudest<br \/>\n\u2022 Sulgkerge ja vastupidav materjal<br \/>\n\u2022 Moodne ja praktiline disain<\/p>\n<p><strong>Br\u00e4ndist Got Bag<\/strong><\/p>\n<p>Asutatud 2018. aastal, loome minimalistlikke reisitarbeid neile, kes hindavad kvaliteeti ja kaasaegset disaini ning soovivad j\u00e4tta positiivse jalaj\u00e4lje. Meie seljakotid, kohvrid ja aksessuaarid s\u00fcnnivad taaskasutatud materjalidest, nagu Ocean Impact Plastic, muutes pr\u00fcgi v\u00e4\u00e4rtuslikuks ressursiks ja aidates kaitsta ookeane.<\/p>\n<p><strong>GOT BAG Indonesia puhastusprogramm<\/strong> v\u00f5itleb plastireostuse algp\u00f5hjustega, kogudes j\u00e4\u00e4tmeid meredest, j\u00f5gedest ja rannikualadelt. Kohalikke kogukondi kaasates ja j\u00e4\u00e4tmek\u00e4itluss\u00fcsteeme arendades muudame plastij\u00e4\u00e4tmed v\u00e4\u00e4rtuslikuks ressursiks, aidates luua puhtama elukeskkonna ning tugevdada kogukondade elatist.<\/p>\n<p>B Corp&#x2122; sertifitseeritud ettev\u00f5ttena oleme osa globaalsest kogukonnast, mis j\u00e4rgib k\u00f5rgeid sotsiaalse ja keskkondliku vastutuse standardeid.<\/p>\n<p><a href=\"\/et\/tootekategooria\/brandid\/got-bag-et\/\"><img loading=\"lazy\" decoding=\"async\" src=\"https:\/\/www.talidesign.eu\/wp\/wp-content\/uploads\/2025\/02\/gotbag.jpg\" alt=\"\" width=\"500\" height=\"100\" class=\"alignnone size-full wp-image-98951\" \/><\/a><\/p>\n","protected":false},"featured_media":99657,"template":"","meta":[],"product_brand":[],"product_cat":[1026,3416,1113,1131],"product_tag":[3418],"class_list":{"0":"post-99629","1":"product","2":"type-product","3":"status-publish","4":"has-post-thumbnail","6":"product_cat-brandid","7":"product_cat-got-bag-et","8":"product_cat-kotid","9":"product_cat-naiste-kotid","10":"product_tag-got-bag-et","12":"first","13":"instock","14":"taxable","15":"shipping-taxable","16":"purchasable","17":"product-type-simple"},"yoast_head":"<!-- This site is optimized with the Yoast SEO plugin v27.3 - https:\/\/yoast.com\/product\/yoast-seo-wordpress\/ -->\n<title>Got Bag Kott Moon Ruffle Monochrome Must - TALI Concept Store<\/title>\n<meta name=\"description\" content=\"Got Bag Kott Moon Ruffle Monochrome Must - \u00dclimalt kerge ja avar kott, mis \u00fchendab modernse disaini ja praktilisuse. Valmistatud taaskasutatud kalav\u00f5rkudest. Br\u00e4nd Got Bag.\" \/>\n<meta name=\"robots\" content=\"index, follow, max-snippet:-1, max-image-preview:large, max-video-preview:-1\" \/>\n<link rel=\"canonical\" href=\"https:\/\/www.talidesign.eu\/et\/pood\/toode\/got-bag-kott-moon-ruffle-monochrome-must\/\" \/>\n<meta property=\"og:locale\" content=\"et_EE\" \/>\n<meta property=\"og:type\" content=\"article\" \/>\n<meta property=\"og:title\" content=\"Got Bag Kott Moon Ruffle Monochrome Must - TALI Concept Store\" \/>\n<meta property=\"og:description\" content=\"Got Bag Kott Moon Ruffle Monochrome Must - \u00dclimalt kerge ja avar kott, mis \u00fchendab modernse disaini ja praktilisuse. Valmistatud taaskasutatud kalav\u00f5rkudest. Br\u00e4nd Got Bag.\" \/>\n<meta property=\"og:url\" content=\"https:\/\/www.talidesign.eu\/et\/pood\/toode\/got-bag-kott-moon-ruffle-monochrome-must\/\" \/>\n<meta property=\"og:site_name\" content=\"TALI Concept Store\" \/>\n<meta property=\"article:publisher\" content=\"https:\/\/www.facebook.com\/TaliDisain\/\" \/>\n<meta property=\"article:modified_time\" content=\"2026-04-07T13:59:52+00:00\" \/>\n<meta property=\"og:image\" content=\"https:\/\/www.talidesign.eu\/wp\/wp-content\/uploads\/2025\/02\/3953759645_MOON_BAG_RUFFLE_black_01-front_shadow_compressed-Photoroom.jpg\" \/>\n\t<meta property=\"og:image:width\" content=\"1200\" \/>\n\t<meta property=\"og:image:height\" content=\"1200\" \/>\n\t<meta property=\"og:image:type\" content=\"image\/jpeg\" \/>\n<meta name=\"twitter:card\" content=\"summary_large_image\" \/>\n<meta name=\"twitter:label1\" content=\"Est. reading time\" \/>\n\t<meta name=\"twitter:data1\" content=\"2 minutes\" \/>\n<script type=\"application\/ld+json\" class=\"yoast-schema-graph\">{\"@context\":\"https:\\\/\\\/schema.org\",\"@graph\":[{\"@type\":\"WebPage\",\"@id\":\"https:\\\/\\\/www.talidesign.eu\\\/et\\\/pood\\\/toode\\\/got-bag-kott-moon-ruffle-monochrome-must\\\/\",\"url\":\"https:\\\/\\\/www.talidesign.eu\\\/et\\\/pood\\\/toode\\\/got-bag-kott-moon-ruffle-monochrome-must\\\/\",\"name\":\"Got Bag Kott Moon Ruffle Monochrome Must - TALI Concept Store\",\"isPartOf\":{\"@id\":\"https:\\\/\\\/www.talidesign.eu\\\/et\\\/#website\"},\"primaryImageOfPage\":{\"@id\":\"https:\\\/\\\/www.talidesign.eu\\\/et\\\/pood\\\/toode\\\/got-bag-kott-moon-ruffle-monochrome-must\\\/#primaryimage\"},\"image\":{\"@id\":\"https:\\\/\\\/www.talidesign.eu\\\/et\\\/pood\\\/toode\\\/got-bag-kott-moon-ruffle-monochrome-must\\\/#primaryimage\"},\"thumbnailUrl\":\"https:\\\/\\\/www.talidesign.eu\\\/wp\\\/wp-content\\\/uploads\\\/2025\\\/02\\\/3953759645_MOON_BAG_RUFFLE_black_01-front_shadow_compressed-Photoroom.jpg\",\"datePublished\":\"2025-02-10T23:04:43+00:00\",\"dateModified\":\"2026-04-07T13:59:52+00:00\",\"description\":\"Got Bag Kott Moon Ruffle Monochrome Must - \u00dclimalt kerge ja avar kott, mis \u00fchendab modernse disaini ja praktilisuse. Valmistatud taaskasutatud kalav\u00f5rkudest. Br\u00e4nd Got Bag.\",\"breadcrumb\":{\"@id\":\"https:\\\/\\\/www.talidesign.eu\\\/et\\\/pood\\\/toode\\\/got-bag-kott-moon-ruffle-monochrome-must\\\/#breadcrumb\"},\"inLanguage\":\"et\",\"potentialAction\":[{\"@type\":\"ReadAction\",\"target\":[\"https:\\\/\\\/www.talidesign.eu\\\/et\\\/pood\\\/toode\\\/got-bag-kott-moon-ruffle-monochrome-must\\\/\"]}]},{\"@type\":\"ImageObject\",\"inLanguage\":\"et\",\"@id\":\"https:\\\/\\\/www.talidesign.eu\\\/et\\\/pood\\\/toode\\\/got-bag-kott-moon-ruffle-monochrome-must\\\/#primaryimage\",\"url\":\"https:\\\/\\\/www.talidesign.eu\\\/wp\\\/wp-content\\\/uploads\\\/2025\\\/02\\\/3953759645_MOON_BAG_RUFFLE_black_01-front_shadow_compressed-Photoroom.jpg\",\"contentUrl\":\"https:\\\/\\\/www.talidesign.eu\\\/wp\\\/wp-content\\\/uploads\\\/2025\\\/02\\\/3953759645_MOON_BAG_RUFFLE_black_01-front_shadow_compressed-Photoroom.jpg\",\"width\":1200,\"height\":1200},{\"@type\":\"BreadcrumbList\",\"@id\":\"https:\\\/\\\/www.talidesign.eu\\\/et\\\/pood\\\/toode\\\/got-bag-kott-moon-ruffle-monochrome-must\\\/#breadcrumb\",\"itemListElement\":[{\"@type\":\"ListItem\",\"position\":1,\"name\":\"Avaleht\",\"item\":\"https:\\\/\\\/www.talidesign.eu\\\/et\\\/\"},{\"@type\":\"ListItem\",\"position\":2,\"name\":\"Pood\",\"item\":\"https:\\\/\\\/www.talidesign.eu\\\/et\\\/pood\\\/\"},{\"@type\":\"ListItem\",\"position\":3,\"name\":\"Got Bag Kott Moon Ruffle Monochrome Must\"}]},{\"@type\":\"WebSite\",\"@id\":\"https:\\\/\\\/www.talidesign.eu\\\/et\\\/#website\",\"url\":\"https:\\\/\\\/www.talidesign.eu\\\/et\\\/\",\"name\":\"TALI Concept Store\",\"description\":\"Suurim Disainipood Eestis\",\"potentialAction\":[{\"@type\":\"SearchAction\",\"target\":{\"@type\":\"EntryPoint\",\"urlTemplate\":\"https:\\\/\\\/www.talidesign.eu\\\/et\\\/?s={search_term_string}\"},\"query-input\":{\"@type\":\"PropertyValueSpecification\",\"valueRequired\":true,\"valueName\":\"search_term_string\"}}],\"inLanguage\":\"et\"}]}<\/script>\n<!-- \/ Yoast SEO plugin. -->","yoast_head_json":{"title":"Got Bag Kott Moon Ruffle Monochrome Must - TALI Concept Store","description":"Got Bag Kott Moon Ruffle Monochrome Must - \u00dclimalt kerge ja avar kott, mis \u00fchendab modernse disaini ja praktilisuse. Valmistatud taaskasutatud kalav\u00f5rkudest. Br\u00e4nd Got Bag.","robots":{"index":"index","follow":"follow","max-snippet":"max-snippet:-1","max-image-preview":"max-image-preview:large","max-video-preview":"max-video-preview:-1"},"canonical":"https:\/\/www.talidesign.eu\/et\/pood\/toode\/got-bag-kott-moon-ruffle-monochrome-must\/","og_locale":"et_EE","og_type":"article","og_title":"Got Bag Kott Moon Ruffle Monochrome Must - TALI Concept Store","og_description":"Got Bag Kott Moon Ruffle Monochrome Must - \u00dclimalt kerge ja avar kott, mis \u00fchendab modernse disaini ja praktilisuse. Valmistatud taaskasutatud kalav\u00f5rkudest. Br\u00e4nd Got Bag.","og_url":"https:\/\/www.talidesign.eu\/et\/pood\/toode\/got-bag-kott-moon-ruffle-monochrome-must\/","og_site_name":"TALI Concept Store","article_publisher":"https:\/\/www.facebook.com\/TaliDisain\/","article_modified_time":"2026-04-07T13:59:52+00:00","og_image":[{"width":1200,"height":1200,"url":"https:\/\/www.talidesign.eu\/wp\/wp-content\/uploads\/2025\/02\/3953759645_MOON_BAG_RUFFLE_black_01-front_shadow_compressed-Photoroom.jpg","type":"image\/jpeg"}],"twitter_card":"summary_large_image","twitter_misc":{"Est. reading time":"2 minutes"},"schema":{"@context":"https:\/\/schema.org","@graph":[{"@type":"WebPage","@id":"https:\/\/www.talidesign.eu\/et\/pood\/toode\/got-bag-kott-moon-ruffle-monochrome-must\/","url":"https:\/\/www.talidesign.eu\/et\/pood\/toode\/got-bag-kott-moon-ruffle-monochrome-must\/","name":"Got Bag Kott Moon Ruffle Monochrome Must - TALI Concept Store","isPartOf":{"@id":"https:\/\/www.talidesign.eu\/et\/#website"},"primaryImageOfPage":{"@id":"https:\/\/www.talidesign.eu\/et\/pood\/toode\/got-bag-kott-moon-ruffle-monochrome-must\/#primaryimage"},"image":{"@id":"https:\/\/www.talidesign.eu\/et\/pood\/toode\/got-bag-kott-moon-ruffle-monochrome-must\/#primaryimage"},"thumbnailUrl":"https:\/\/www.talidesign.eu\/wp\/wp-content\/uploads\/2025\/02\/3953759645_MOON_BAG_RUFFLE_black_01-front_shadow_compressed-Photoroom.jpg","datePublished":"2025-02-10T23:04:43+00:00","dateModified":"2026-04-07T13:59:52+00:00","description":"Got Bag Kott Moon Ruffle Monochrome Must - \u00dclimalt kerge ja avar kott, mis \u00fchendab modernse disaini ja praktilisuse. Valmistatud taaskasutatud kalav\u00f5rkudest. Br\u00e4nd Got Bag.","breadcrumb":{"@id":"https:\/\/www.talidesign.eu\/et\/pood\/toode\/got-bag-kott-moon-ruffle-monochrome-must\/#breadcrumb"},"inLanguage":"et","potentialAction":[{"@type":"ReadAction","target":["https:\/\/www.talidesign.eu\/et\/pood\/toode\/got-bag-kott-moon-ruffle-monochrome-must\/"]}]},{"@type":"ImageObject","inLanguage":"et","@id":"https:\/\/www.talidesign.eu\/et\/pood\/toode\/got-bag-kott-moon-ruffle-monochrome-must\/#primaryimage","url":"https:\/\/www.talidesign.eu\/wp\/wp-content\/uploads\/2025\/02\/3953759645_MOON_BAG_RUFFLE_black_01-front_shadow_compressed-Photoroom.jpg","contentUrl":"https:\/\/www.talidesign.eu\/wp\/wp-content\/uploads\/2025\/02\/3953759645_MOON_BAG_RUFFLE_black_01-front_shadow_compressed-Photoroom.jpg","width":1200,"height":1200},{"@type":"BreadcrumbList","@id":"https:\/\/www.talidesign.eu\/et\/pood\/toode\/got-bag-kott-moon-ruffle-monochrome-must\/#breadcrumb","itemListElement":[{"@type":"ListItem","position":1,"name":"Avaleht","item":"https:\/\/www.talidesign.eu\/et\/"},{"@type":"ListItem","position":2,"name":"Pood","item":"https:\/\/www.talidesign.eu\/et\/pood\/"},{"@type":"ListItem","position":3,"name":"Got Bag Kott Moon Ruffle Monochrome Must"}]},{"@type":"WebSite","@id":"https:\/\/www.talidesign.eu\/et\/#website","url":"https:\/\/www.talidesign.eu\/et\/","name":"TALI Concept Store","description":"Suurim Disainipood Eestis","potentialAction":[{"@type":"SearchAction","target":{"@type":"EntryPoint","urlTemplate":"https:\/\/www.talidesign.eu\/et\/?s={search_term_string}"},"query-input":{"@type":"PropertyValueSpecification","valueRequired":true,"valueName":"search_term_string"}}],"inLanguage":"et"}]}},"_links":{"self":[{"href":"https:\/\/www.talidesign.eu\/et\/wp-json\/wp\/v2\/product\/99629","targetHints":{"allow":["GET"]}}],"collection":[{"href":"https:\/\/www.talidesign.eu\/et\/wp-json\/wp\/v2\/product"}],"about":[{"href":"https:\/\/www.talidesign.eu\/et\/wp-json\/wp\/v2\/types\/product"}],"wp:featuredmedia":[{"embeddable":true,"href":"https:\/\/www.talidesign.eu\/et\/wp-json\/wp\/v2\/media\/99657"}],"wp:attachment":[{"href":"https:\/\/www.talidesign.eu\/et\/wp-json\/wp\/v2\/media?parent=99629"}],"wp:term":[{"taxonomy":"product_brand","embeddable":true,"href":"https:\/\/www.talidesign.eu\/et\/wp-json\/wp\/v2\/product_brand?post=99629"},{"taxonomy":"product_cat","embeddable":true,"href":"https:\/\/www.talidesign.eu\/et\/wp-json\/wp\/v2\/product_cat?post=99629"},{"taxonomy":"product_tag","embeddable":true,"href":"https:\/\/www.talidesign.eu\/et\/wp-json\/wp\/v2\/product_tag?post=99629"}],"curies":[{"name":"wp","href":"https:\/\/api.w.org\/{rel}","templated":true}]}}