{"id":99682,"date":"2025-02-11T01:23:09","date_gmt":"2025-02-10T23:23:10","guid":{"rendered":"https:\/\/www.talidesign.eu\/?post_type=product&#038;p=99682"},"modified":"2025-11-07T08:39:54","modified_gmt":"2025-11-07T06:39:54","slug":"got-bag-cloud-crossbody-kott-monochrome-must","status":"publish","type":"product","link":"https:\/\/www.talidesign.eu\/et\/pood\/toode\/got-bag-cloud-crossbody-kott-monochrome-must\/","title":{"rendered":"Got Bag Cloud Crossbody Kott Monochrome Must"},"content":{"rendered":"<p><strong>Cloud Crossbody Kott Monochrome Black<\/strong><\/p>\n<p>Sinu praktiline ja stiilne statement-kott, mis \u00fchendab unikaalse disaini ja funktsionaalsuse igap\u00e4evaseks kasutamiseks.<\/p>\n<p>\u2022 <a href=\"\/et\/tootekategooria\/brandid\/got-bag-et\/\">Br\u00e4nd Got Bag<\/a><br \/>\n\u2022 Maht: 3,5 l<br \/>\n\u2022 M\u00f5\u00f5tmed: 17 cm x 23 cm x 7 cm (K x L x S)<br \/>\n\u2022 Kaal: 200 g<br \/>\n\u2022 S\u00fcvistatud logo<br \/>\n\u2022 Klapp magnetkinnitusega<br \/>\n\u2022 Tagumine tasku v\u00e4ikeste esemete hoidmiseks<br \/>\n\u2022 Kaks sisetaskut<br \/>\n\u2022 Reguleeritav \u00f5larihm: 73 cm \u2013 137 cm<br \/>\n\u2022 Peamine materjal RE:NYNET\u00ae, valmistatud taaskasutatud kalav\u00f5rkudest<br \/>\n\u2022 Vooder ja t\u00f5mblukud valmistatud taaskasutatud nailonist<br \/>\n\u2022 Pandlad ja rihmad valmistatud taaskasutatud PET-ist ja PA-st<br \/>\n\u2022 bluesign\u00ae sertifitseeritud materjal<br \/>\n\u2022 Veekindel materjal<br \/>\n\u2022 PU tagumine ja DWR esipoolne kate<br \/>\n\u2022 PFC- ja PVC-vaba<\/p>\n<p><strong>Br\u00e4ndist Got Bag<\/strong><\/p>\n<p>Asutatud 2018. aastal, loome minimalistlikke reisitarbeid neile, kes hindavad kvaliteeti ja kaasaegset disaini ning soovivad j\u00e4tta positiivse jalaj\u00e4lje. Meie seljakotid, kohvrid ja aksessuaarid s\u00fcnnivad taaskasutatud materjalidest, nagu Ocean Impact Plastic, muutes pr\u00fcgi v\u00e4\u00e4rtuslikuks ressursiks ja aidates kaitsta ookeane.<\/p>\n<p><strong>GOT BAG Indonesia puhastusprogramm<\/strong> v\u00f5itleb plastireostuse algp\u00f5hjustega, kogudes j\u00e4\u00e4tmeid meredest, j\u00f5gedest ja rannikualadelt. Kohalikke kogukondi kaasates ja j\u00e4\u00e4tmek\u00e4itluss\u00fcsteeme arendades muudame plastij\u00e4\u00e4tmed v\u00e4\u00e4rtuslikuks ressursiks, aidates luua puhtama elukeskkonna ning tugevdada kogukondade elatist.<\/p>\n<p>B Corp&#x2122; sertifitseeritud ettev\u00f5ttena oleme osa globaalsest kogukonnast, mis j\u00e4rgib k\u00f5rgeid sotsiaalse ja keskkondliku vastutuse standardeid.<\/p>\n<p><a href=\"\/et\/tootekategooria\/brandid\/got-bag-et\/\"><img loading=\"lazy\" decoding=\"async\" src=\"https:\/\/www.talidesign.eu\/wp\/wp-content\/uploads\/2025\/02\/gotbag.jpg\" alt=\"\" width=\"500\" height=\"100\" class=\"alignnone size-full wp-image-98951\" \/><\/a><\/p>\n","protected":false},"excerpt":{"rendered":"<p><strong>Cloud Crossbody Kott Monochrome Black<\/strong><\/p>\n<p>Sinu praktiline ja stiilne statement-kott, mis \u00fchendab unikaalse disaini ja funktsionaalsuse igap\u00e4evaseks kasutamiseks.<\/p>\n<p>\u2022 <a href=\"\/et\/tootekategooria\/brandid\/got-bag-et\/\">Br\u00e4nd Got Bag<\/a><br \/>\n\u2022 Maht: 3,5 l<br \/>\n\u2022 M\u00f5\u00f5tmed: 17 cm x 23 cm x 7 cm (K x L x S)<br \/>\n\u2022 Kaal: 200 g<br \/>\n\u2022 S\u00fcvistatud logo<br \/>\n\u2022 Klapp magnetkinnitusega<br \/>\n\u2022 Tagumine tasku v\u00e4ikeste esemete hoidmiseks<br \/>\n\u2022 Kaks sisetaskut<br \/>\n\u2022 Reguleeritav \u00f5larihm: 73 cm \u2013 137 cm<br \/>\n\u2022 Peamine materjal RE:NYNET\u00ae, valmistatud taaskasutatud kalav\u00f5rkudest<br \/>\n\u2022 Vooder ja t\u00f5mblukud valmistatud taaskasutatud nailonist<br \/>\n\u2022 Pandlad ja rihmad valmistatud taaskasutatud PET-ist ja PA-st<br \/>\n\u2022 bluesign\u00ae sertifitseeritud materjal<br \/>\n\u2022 Veekindel materjal<br \/>\n\u2022 PU tagumine ja DWR esipoolne kate<br \/>\n\u2022 PFC- ja PVC-vaba<\/p>\n<p><strong>Br\u00e4ndist Got Bag<\/strong><\/p>\n<p>Asutatud 2018. aastal, loome minimalistlikke reisitarbeid neile, kes hindavad kvaliteeti ja kaasaegset disaini ning soovivad j\u00e4tta positiivse jalaj\u00e4lje. Meie seljakotid, kohvrid ja aksessuaarid s\u00fcnnivad taaskasutatud materjalidest, nagu Ocean Impact Plastic, muutes pr\u00fcgi v\u00e4\u00e4rtuslikuks ressursiks ja aidates kaitsta ookeane.<\/p>\n<p><strong>GOT BAG Indonesia puhastusprogramm<\/strong> v\u00f5itleb plastireostuse algp\u00f5hjustega, kogudes j\u00e4\u00e4tmeid meredest, j\u00f5gedest ja rannikualadelt. Kohalikke kogukondi kaasates ja j\u00e4\u00e4tmek\u00e4itluss\u00fcsteeme arendades muudame plastij\u00e4\u00e4tmed v\u00e4\u00e4rtuslikuks ressursiks, aidates luua puhtama elukeskkonna ning tugevdada kogukondade elatist.<\/p>\n<p>B Corp&#x2122; sertifitseeritud ettev\u00f5ttena oleme osa globaalsest kogukonnast, mis j\u00e4rgib k\u00f5rgeid sotsiaalse ja keskkondliku vastutuse standardeid.<\/p>\n<p><a href=\"\/et\/tootekategooria\/brandid\/got-bag-et\/\"><img loading=\"lazy\" decoding=\"async\" src=\"https:\/\/www.talidesign.eu\/wp\/wp-content\/uploads\/2025\/02\/gotbag.jpg\" alt=\"\" width=\"500\" height=\"100\" class=\"alignnone size-full wp-image-98951\" \/><\/a><\/p>\n","protected":false},"featured_media":99700,"template":"","meta":[],"product_brand":[],"product_cat":[1026,3416,1113,1131],"product_tag":[3418],"class_list":{"0":"post-99682","1":"product","2":"type-product","3":"status-publish","4":"has-post-thumbnail","6":"product_cat-brandid","7":"product_cat-got-bag-et","8":"product_cat-kotid","9":"product_cat-naiste-kotid","10":"product_tag-got-bag-et","12":"first","13":"outofstock","14":"taxable","15":"shipping-taxable","16":"purchasable","17":"product-type-simple"},"yoast_head":"<!-- This site is optimized with the Yoast SEO plugin v27.3 - https:\/\/yoast.com\/product\/yoast-seo-wordpress\/ -->\n<title>Got Bag Cloud Crossbody Kott Monochrome Must - TALI Concept Store<\/title>\n<meta name=\"description\" content=\"Got Bag Cloud Crossbody Kott Monochrome Must - praktiline ja stiilne statement-kott, mis \u00fchendab unikaalse disaini ja funktsionaalsuse igap\u00e4evaseks kasutamiseks. Br\u00e4nd Got Bag, maht 3,5 l, m\u00f5\u00f5tmed 17 cm x 23 cm x 7 cm, kaal 200 g. Valmistatud taaskasutatud materjalidest.\" \/>\n<meta name=\"robots\" content=\"index, follow, max-snippet:-1, max-image-preview:large, max-video-preview:-1\" \/>\n<link rel=\"canonical\" href=\"https:\/\/www.talidesign.eu\/et\/pood\/toode\/got-bag-cloud-crossbody-kott-monochrome-must\/\" \/>\n<meta property=\"og:locale\" content=\"et_EE\" \/>\n<meta property=\"og:type\" content=\"article\" \/>\n<meta property=\"og:title\" content=\"Got Bag Cloud Crossbody Kott Monochrome Must - TALI Concept Store\" \/>\n<meta property=\"og:description\" content=\"Got Bag Cloud Crossbody Kott Monochrome Must - praktiline ja stiilne statement-kott, mis \u00fchendab unikaalse disaini ja funktsionaalsuse igap\u00e4evaseks kasutamiseks. Br\u00e4nd Got Bag, maht 3,5 l, m\u00f5\u00f5tmed 17 cm x 23 cm x 7 cm, kaal 200 g. Valmistatud taaskasutatud materjalidest.\" \/>\n<meta property=\"og:url\" content=\"https:\/\/www.talidesign.eu\/et\/pood\/toode\/got-bag-cloud-crossbody-kott-monochrome-must\/\" \/>\n<meta property=\"og:site_name\" content=\"TALI Concept Store\" \/>\n<meta property=\"article:publisher\" content=\"https:\/\/www.facebook.com\/TaliDisain\/\" \/>\n<meta property=\"article:modified_time\" content=\"2025-11-07T06:39:54+00:00\" \/>\n<meta property=\"og:image\" content=\"https:\/\/www.talidesign.eu\/wp\/wp-content\/uploads\/2025\/02\/CLOUD_CROSSBODY_BAG_black_01-front_shadow_compressed-Photoroom.jpg\" \/>\n\t<meta property=\"og:image:width\" content=\"800\" \/>\n\t<meta property=\"og:image:height\" content=\"800\" \/>\n\t<meta property=\"og:image:type\" content=\"image\/jpeg\" \/>\n<meta name=\"twitter:card\" content=\"summary_large_image\" \/>\n<meta name=\"twitter:label1\" content=\"Est. reading time\" \/>\n\t<meta name=\"twitter:data1\" content=\"2 minutes\" \/>\n<script type=\"application\/ld+json\" class=\"yoast-schema-graph\">{\"@context\":\"https:\\\/\\\/schema.org\",\"@graph\":[{\"@type\":\"WebPage\",\"@id\":\"https:\\\/\\\/www.talidesign.eu\\\/et\\\/pood\\\/toode\\\/got-bag-cloud-crossbody-kott-monochrome-must\\\/\",\"url\":\"https:\\\/\\\/www.talidesign.eu\\\/et\\\/pood\\\/toode\\\/got-bag-cloud-crossbody-kott-monochrome-must\\\/\",\"name\":\"Got Bag Cloud Crossbody Kott Monochrome Must - TALI Concept Store\",\"isPartOf\":{\"@id\":\"https:\\\/\\\/www.talidesign.eu\\\/et\\\/#website\"},\"primaryImageOfPage\":{\"@id\":\"https:\\\/\\\/www.talidesign.eu\\\/et\\\/pood\\\/toode\\\/got-bag-cloud-crossbody-kott-monochrome-must\\\/#primaryimage\"},\"image\":{\"@id\":\"https:\\\/\\\/www.talidesign.eu\\\/et\\\/pood\\\/toode\\\/got-bag-cloud-crossbody-kott-monochrome-must\\\/#primaryimage\"},\"thumbnailUrl\":\"https:\\\/\\\/www.talidesign.eu\\\/wp\\\/wp-content\\\/uploads\\\/2025\\\/02\\\/CLOUD_CROSSBODY_BAG_black_01-front_shadow_compressed-Photoroom.jpg\",\"datePublished\":\"2025-02-10T23:23:10+00:00\",\"dateModified\":\"2025-11-07T06:39:54+00:00\",\"description\":\"Got Bag Cloud Crossbody Kott Monochrome Must - praktiline ja stiilne statement-kott, mis \u00fchendab unikaalse disaini ja funktsionaalsuse igap\u00e4evaseks kasutamiseks. Br\u00e4nd Got Bag, maht 3,5 l, m\u00f5\u00f5tmed 17 cm x 23 cm x 7 cm, kaal 200 g. Valmistatud taaskasutatud materjalidest.\",\"breadcrumb\":{\"@id\":\"https:\\\/\\\/www.talidesign.eu\\\/et\\\/pood\\\/toode\\\/got-bag-cloud-crossbody-kott-monochrome-must\\\/#breadcrumb\"},\"inLanguage\":\"et\",\"potentialAction\":[{\"@type\":\"ReadAction\",\"target\":[\"https:\\\/\\\/www.talidesign.eu\\\/et\\\/pood\\\/toode\\\/got-bag-cloud-crossbody-kott-monochrome-must\\\/\"]}]},{\"@type\":\"ImageObject\",\"inLanguage\":\"et\",\"@id\":\"https:\\\/\\\/www.talidesign.eu\\\/et\\\/pood\\\/toode\\\/got-bag-cloud-crossbody-kott-monochrome-must\\\/#primaryimage\",\"url\":\"https:\\\/\\\/www.talidesign.eu\\\/wp\\\/wp-content\\\/uploads\\\/2025\\\/02\\\/CLOUD_CROSSBODY_BAG_black_01-front_shadow_compressed-Photoroom.jpg\",\"contentUrl\":\"https:\\\/\\\/www.talidesign.eu\\\/wp\\\/wp-content\\\/uploads\\\/2025\\\/02\\\/CLOUD_CROSSBODY_BAG_black_01-front_shadow_compressed-Photoroom.jpg\",\"width\":800,\"height\":800},{\"@type\":\"BreadcrumbList\",\"@id\":\"https:\\\/\\\/www.talidesign.eu\\\/et\\\/pood\\\/toode\\\/got-bag-cloud-crossbody-kott-monochrome-must\\\/#breadcrumb\",\"itemListElement\":[{\"@type\":\"ListItem\",\"position\":1,\"name\":\"Avaleht\",\"item\":\"https:\\\/\\\/www.talidesign.eu\\\/et\\\/\"},{\"@type\":\"ListItem\",\"position\":2,\"name\":\"Pood\",\"item\":\"https:\\\/\\\/www.talidesign.eu\\\/et\\\/pood\\\/\"},{\"@type\":\"ListItem\",\"position\":3,\"name\":\"Got Bag Cloud Crossbody Kott Monochrome Must\"}]},{\"@type\":\"WebSite\",\"@id\":\"https:\\\/\\\/www.talidesign.eu\\\/et\\\/#website\",\"url\":\"https:\\\/\\\/www.talidesign.eu\\\/et\\\/\",\"name\":\"TALI Concept Store\",\"description\":\"Suurim Disainipood Eestis\",\"potentialAction\":[{\"@type\":\"SearchAction\",\"target\":{\"@type\":\"EntryPoint\",\"urlTemplate\":\"https:\\\/\\\/www.talidesign.eu\\\/et\\\/?s={search_term_string}\"},\"query-input\":{\"@type\":\"PropertyValueSpecification\",\"valueRequired\":true,\"valueName\":\"search_term_string\"}}],\"inLanguage\":\"et\"}]}<\/script>\n<!-- \/ Yoast SEO plugin. -->","yoast_head_json":{"title":"Got Bag Cloud Crossbody Kott Monochrome Must - TALI Concept Store","description":"Got Bag Cloud Crossbody Kott Monochrome Must - praktiline ja stiilne statement-kott, mis \u00fchendab unikaalse disaini ja funktsionaalsuse igap\u00e4evaseks kasutamiseks. Br\u00e4nd Got Bag, maht 3,5 l, m\u00f5\u00f5tmed 17 cm x 23 cm x 7 cm, kaal 200 g. Valmistatud taaskasutatud materjalidest.","robots":{"index":"index","follow":"follow","max-snippet":"max-snippet:-1","max-image-preview":"max-image-preview:large","max-video-preview":"max-video-preview:-1"},"canonical":"https:\/\/www.talidesign.eu\/et\/pood\/toode\/got-bag-cloud-crossbody-kott-monochrome-must\/","og_locale":"et_EE","og_type":"article","og_title":"Got Bag Cloud Crossbody Kott Monochrome Must - TALI Concept Store","og_description":"Got Bag Cloud Crossbody Kott Monochrome Must - praktiline ja stiilne statement-kott, mis \u00fchendab unikaalse disaini ja funktsionaalsuse igap\u00e4evaseks kasutamiseks. Br\u00e4nd Got Bag, maht 3,5 l, m\u00f5\u00f5tmed 17 cm x 23 cm x 7 cm, kaal 200 g. Valmistatud taaskasutatud materjalidest.","og_url":"https:\/\/www.talidesign.eu\/et\/pood\/toode\/got-bag-cloud-crossbody-kott-monochrome-must\/","og_site_name":"TALI Concept Store","article_publisher":"https:\/\/www.facebook.com\/TaliDisain\/","article_modified_time":"2025-11-07T06:39:54+00:00","og_image":[{"width":800,"height":800,"url":"https:\/\/www.talidesign.eu\/wp\/wp-content\/uploads\/2025\/02\/CLOUD_CROSSBODY_BAG_black_01-front_shadow_compressed-Photoroom.jpg","type":"image\/jpeg"}],"twitter_card":"summary_large_image","twitter_misc":{"Est. reading time":"2 minutes"},"schema":{"@context":"https:\/\/schema.org","@graph":[{"@type":"WebPage","@id":"https:\/\/www.talidesign.eu\/et\/pood\/toode\/got-bag-cloud-crossbody-kott-monochrome-must\/","url":"https:\/\/www.talidesign.eu\/et\/pood\/toode\/got-bag-cloud-crossbody-kott-monochrome-must\/","name":"Got Bag Cloud Crossbody Kott Monochrome Must - TALI Concept Store","isPartOf":{"@id":"https:\/\/www.talidesign.eu\/et\/#website"},"primaryImageOfPage":{"@id":"https:\/\/www.talidesign.eu\/et\/pood\/toode\/got-bag-cloud-crossbody-kott-monochrome-must\/#primaryimage"},"image":{"@id":"https:\/\/www.talidesign.eu\/et\/pood\/toode\/got-bag-cloud-crossbody-kott-monochrome-must\/#primaryimage"},"thumbnailUrl":"https:\/\/www.talidesign.eu\/wp\/wp-content\/uploads\/2025\/02\/CLOUD_CROSSBODY_BAG_black_01-front_shadow_compressed-Photoroom.jpg","datePublished":"2025-02-10T23:23:10+00:00","dateModified":"2025-11-07T06:39:54+00:00","description":"Got Bag Cloud Crossbody Kott Monochrome Must - praktiline ja stiilne statement-kott, mis \u00fchendab unikaalse disaini ja funktsionaalsuse igap\u00e4evaseks kasutamiseks. Br\u00e4nd Got Bag, maht 3,5 l, m\u00f5\u00f5tmed 17 cm x 23 cm x 7 cm, kaal 200 g. Valmistatud taaskasutatud materjalidest.","breadcrumb":{"@id":"https:\/\/www.talidesign.eu\/et\/pood\/toode\/got-bag-cloud-crossbody-kott-monochrome-must\/#breadcrumb"},"inLanguage":"et","potentialAction":[{"@type":"ReadAction","target":["https:\/\/www.talidesign.eu\/et\/pood\/toode\/got-bag-cloud-crossbody-kott-monochrome-must\/"]}]},{"@type":"ImageObject","inLanguage":"et","@id":"https:\/\/www.talidesign.eu\/et\/pood\/toode\/got-bag-cloud-crossbody-kott-monochrome-must\/#primaryimage","url":"https:\/\/www.talidesign.eu\/wp\/wp-content\/uploads\/2025\/02\/CLOUD_CROSSBODY_BAG_black_01-front_shadow_compressed-Photoroom.jpg","contentUrl":"https:\/\/www.talidesign.eu\/wp\/wp-content\/uploads\/2025\/02\/CLOUD_CROSSBODY_BAG_black_01-front_shadow_compressed-Photoroom.jpg","width":800,"height":800},{"@type":"BreadcrumbList","@id":"https:\/\/www.talidesign.eu\/et\/pood\/toode\/got-bag-cloud-crossbody-kott-monochrome-must\/#breadcrumb","itemListElement":[{"@type":"ListItem","position":1,"name":"Avaleht","item":"https:\/\/www.talidesign.eu\/et\/"},{"@type":"ListItem","position":2,"name":"Pood","item":"https:\/\/www.talidesign.eu\/et\/pood\/"},{"@type":"ListItem","position":3,"name":"Got Bag Cloud Crossbody Kott Monochrome Must"}]},{"@type":"WebSite","@id":"https:\/\/www.talidesign.eu\/et\/#website","url":"https:\/\/www.talidesign.eu\/et\/","name":"TALI Concept Store","description":"Suurim Disainipood Eestis","potentialAction":[{"@type":"SearchAction","target":{"@type":"EntryPoint","urlTemplate":"https:\/\/www.talidesign.eu\/et\/?s={search_term_string}"},"query-input":{"@type":"PropertyValueSpecification","valueRequired":true,"valueName":"search_term_string"}}],"inLanguage":"et"}]}},"_links":{"self":[{"href":"https:\/\/www.talidesign.eu\/et\/wp-json\/wp\/v2\/product\/99682","targetHints":{"allow":["GET"]}}],"collection":[{"href":"https:\/\/www.talidesign.eu\/et\/wp-json\/wp\/v2\/product"}],"about":[{"href":"https:\/\/www.talidesign.eu\/et\/wp-json\/wp\/v2\/types\/product"}],"wp:featuredmedia":[{"embeddable":true,"href":"https:\/\/www.talidesign.eu\/et\/wp-json\/wp\/v2\/media\/99700"}],"wp:attachment":[{"href":"https:\/\/www.talidesign.eu\/et\/wp-json\/wp\/v2\/media?parent=99682"}],"wp:term":[{"taxonomy":"product_brand","embeddable":true,"href":"https:\/\/www.talidesign.eu\/et\/wp-json\/wp\/v2\/product_brand?post=99682"},{"taxonomy":"product_cat","embeddable":true,"href":"https:\/\/www.talidesign.eu\/et\/wp-json\/wp\/v2\/product_cat?post=99682"},{"taxonomy":"product_tag","embeddable":true,"href":"https:\/\/www.talidesign.eu\/et\/wp-json\/wp\/v2\/product_tag?post=99682"}],"curies":[{"name":"wp","href":"https:\/\/api.w.org\/{rel}","templated":true}]}}