{"id":99752,"date":"2025-02-11T01:47:35","date_gmt":"2025-02-10T23:47:36","guid":{"rendered":"https:\/\/www.talidesign.eu\/?post_type=product&#038;p=99752"},"modified":"2025-04-29T15:11:58","modified_gmt":"2025-04-29T12:11:58","slug":"got-bag-puffer-sulearvutikott-14-monochrome-oyster","status":"publish","type":"product","link":"https:\/\/www.talidesign.eu\/et\/pood\/toode\/got-bag-puffer-sulearvutikott-14-monochrome-oyster\/","title":{"rendered":"Got Bag Puffer S\u00fclearvutikott 14&#8243; Monochrome Oyster"},"content":{"rendered":"<p><strong>Puffer S\u00fclearvutikott 14&#8243; Monochrome Oyster<\/strong><\/p>\n<p>Pehme ja polsterdatud s\u00fclearvutikott Puffer sarjast pakub sulgkerge RE:NYNET\u00ae materjaliga optimaalset kaitset s\u00fclearvutitele ja teistele elektroonikaseadmetele. Valmistatud taaskasutatud kalav\u00f5rkudest, tagades vastupidavuse ja keskkonnas\u00f5bralikkuse.<\/p>\n<p>\u2022 <a href=\"\/et\/tootekategooria\/brandid\/got-bag-et\/\">Br\u00e4nd Got Bag<\/a><br \/>\n\u2022 M\u00f5\u00f5tmed: 24,5 cm x 33 cm x 2 cm (K x L x S)<br \/>\n\u2022 Kaal: 110 g<br \/>\n\u2022 Peamine materjal RE:NYNET\u00ae, valmistatud taaskasutatud kalav\u00f5rkudest<br \/>\n\u2022 Vooder ja t\u00f5mblukud valmistatud taaskasutatud nailonist<br \/>\n\u2022 Polsterdus valmistatud taaskasutatud pol\u00fcestrist<br \/>\n\u2022 bluesign\u00ae sertifitseeritud materjal<br \/>\n\u2022 Veekindel materjal<br \/>\n\u2022 PU tagumine ja DWR esipoolne kate<\/p>\n<p><strong>Br\u00e4ndist Got Bag<\/strong><\/p>\n<p>Asutatud 2018. aastal, loome minimalistlikke reisitarbeid neile, kes hindavad kvaliteeti ja kaasaegset disaini ning soovivad j\u00e4tta positiivse jalaj\u00e4lje. Meie seljakotid, kohvrid ja aksessuaarid s\u00fcnnivad taaskasutatud materjalidest, nagu Ocean Impact Plastic, muutes pr\u00fcgi v\u00e4\u00e4rtuslikuks ressursiks ja aidates kaitsta ookeane.<\/p>\n<p><strong>GOT BAG Indonesia puhastusprogramm<\/strong> v\u00f5itleb plastireostuse algp\u00f5hjustega, kogudes j\u00e4\u00e4tmeid meredest, j\u00f5gedest ja rannikualadelt. Kohalikke kogukondi kaasates ja j\u00e4\u00e4tmek\u00e4itluss\u00fcsteeme arendades muudame plastij\u00e4\u00e4tmed v\u00e4\u00e4rtuslikuks ressursiks, aidates luua puhtama elukeskkonna ning tugevdada kogukondade elatist.<\/p>\n<p>B Corp&#x2122; sertifitseeritud ettev\u00f5ttena oleme osa globaalsest kogukonnast, mis j\u00e4rgib k\u00f5rgeid sotsiaalse ja keskkondliku vastutuse standardeid.<\/p>\n<p><a href=\"\/et\/tootekategooria\/brandid\/got-bag-et\/\"><img loading=\"lazy\" decoding=\"async\" src=\"https:\/\/www.talidesign.eu\/wp\/wp-content\/uploads\/2025\/02\/gotbag.jpg\" alt=\"\" width=\"500\" height=\"100\" class=\"alignnone size-full wp-image-98951\" \/><\/a><\/p>\n","protected":false},"excerpt":{"rendered":"<p><strong>Puffer S\u00fclearvutikott 14&#8243; Monochrome Oyster<\/strong><\/p>\n<p>Pehme ja polsterdatud s\u00fclearvutikott Puffer sarjast pakub sulgkerge RE:NYNET\u00ae materjaliga optimaalset kaitset s\u00fclearvutitele ja teistele elektroonikaseadmetele. Valmistatud taaskasutatud kalav\u00f5rkudest, tagades vastupidavuse ja keskkonnas\u00f5bralikkuse.<\/p>\n<p>\u2022 <a href=\"\/et\/tootekategooria\/brandid\/got-bag-et\/\">Br\u00e4nd Got Bag<\/a><br \/>\n\u2022 M\u00f5\u00f5tmed: 24,5 cm x 33 cm x 2 cm (K x L x S)<br \/>\n\u2022 Kaal: 110 g<br \/>\n\u2022 Peamine materjal RE:NYNET\u00ae, valmistatud taaskasutatud kalav\u00f5rkudest<br \/>\n\u2022 Vooder ja t\u00f5mblukud valmistatud taaskasutatud nailonist<br \/>\n\u2022 Polsterdus valmistatud taaskasutatud pol\u00fcestrist<br \/>\n\u2022 bluesign\u00ae sertifitseeritud materjal<br \/>\n\u2022 Veekindel materjal<br \/>\n\u2022 PU tagumine ja DWR esipoolne kate<\/p>\n<p><strong>Br\u00e4ndist Got Bag<\/strong><\/p>\n<p>Asutatud 2018. aastal, loome minimalistlikke reisitarbeid neile, kes hindavad kvaliteeti ja kaasaegset disaini ning soovivad j\u00e4tta positiivse jalaj\u00e4lje. Meie seljakotid, kohvrid ja aksessuaarid s\u00fcnnivad taaskasutatud materjalidest, nagu Ocean Impact Plastic, muutes pr\u00fcgi v\u00e4\u00e4rtuslikuks ressursiks ja aidates kaitsta ookeane.<\/p>\n<p><strong>GOT BAG Indonesia puhastusprogramm<\/strong> v\u00f5itleb plastireostuse algp\u00f5hjustega, kogudes j\u00e4\u00e4tmeid meredest, j\u00f5gedest ja rannikualadelt. Kohalikke kogukondi kaasates ja j\u00e4\u00e4tmek\u00e4itluss\u00fcsteeme arendades muudame plastij\u00e4\u00e4tmed v\u00e4\u00e4rtuslikuks ressursiks, aidates luua puhtama elukeskkonna ning tugevdada kogukondade elatist.<\/p>\n<p>B Corp&#x2122; sertifitseeritud ettev\u00f5ttena oleme osa globaalsest kogukonnast, mis j\u00e4rgib k\u00f5rgeid sotsiaalse ja keskkondliku vastutuse standardeid.<\/p>\n<p><a href=\"\/et\/tootekategooria\/brandid\/got-bag-et\/\"><img loading=\"lazy\" decoding=\"async\" src=\"https:\/\/www.talidesign.eu\/wp\/wp-content\/uploads\/2025\/02\/gotbag.jpg\" alt=\"\" width=\"500\" height=\"100\" class=\"alignnone size-full wp-image-98951\" \/><\/a><\/p>\n","protected":false},"featured_media":99758,"template":"","meta":[],"product_brand":[],"product_cat":[1026,3416,1113,1131],"product_tag":[3418],"class_list":{"0":"post-99752","1":"product","2":"type-product","3":"status-publish","4":"has-post-thumbnail","6":"product_cat-brandid","7":"product_cat-got-bag-et","8":"product_cat-kotid","9":"product_cat-naiste-kotid","10":"product_tag-got-bag-et","12":"first","13":"outofstock","14":"taxable","15":"shipping-taxable","16":"purchasable","17":"product-type-simple"},"yoast_head":"<!-- This site is optimized with the Yoast SEO plugin v27.3 - https:\/\/yoast.com\/product\/yoast-seo-wordpress\/ -->\n<title>Got Bag Puffer S\u00fclearvutikott 14&quot; Monochrome Oyster - TALI Concept Store<\/title>\n<meta name=\"description\" content=\"Got Bag Puffer S\u00fclearvutikott 14&quot; Monochrome Oyster - Pehme ja polsterdatud s\u00fclearvutikott, mis pakub optimaalset kaitset elektroonikaseadmetele. Valmistatud taaskasutatud materjalidest, keskkonnas\u00f5bralik ja vastupidav.\" \/>\n<meta name=\"robots\" content=\"index, follow, max-snippet:-1, max-image-preview:large, max-video-preview:-1\" \/>\n<link rel=\"canonical\" href=\"https:\/\/www.talidesign.eu\/et\/pood\/toode\/got-bag-puffer-sulearvutikott-14-monochrome-oyster\/\" \/>\n<meta property=\"og:locale\" content=\"et_EE\" \/>\n<meta property=\"og:type\" content=\"article\" \/>\n<meta property=\"og:title\" content=\"Got Bag Puffer S\u00fclearvutikott 14&quot; Monochrome Oyster - TALI Concept Store\" \/>\n<meta property=\"og:description\" content=\"Got Bag Puffer S\u00fclearvutikott 14&quot; Monochrome Oyster - Pehme ja polsterdatud s\u00fclearvutikott, mis pakub optimaalset kaitset elektroonikaseadmetele. Valmistatud taaskasutatud materjalidest, keskkonnas\u00f5bralik ja vastupidav.\" \/>\n<meta property=\"og:url\" content=\"https:\/\/www.talidesign.eu\/et\/pood\/toode\/got-bag-puffer-sulearvutikott-14-monochrome-oyster\/\" \/>\n<meta property=\"og:site_name\" content=\"TALI Concept Store\" \/>\n<meta property=\"article:publisher\" content=\"https:\/\/www.facebook.com\/TaliDisain\/\" \/>\n<meta property=\"article:modified_time\" content=\"2025-04-29T12:11:58+00:00\" \/>\n<meta property=\"og:image\" content=\"https:\/\/www.talidesign.eu\/wp\/wp-content\/uploads\/2025\/02\/PUFFER_LAPTOP_SLEEVE_14__oyster_01-front-Photoroom.jpg\" \/>\n\t<meta property=\"og:image:width\" content=\"800\" \/>\n\t<meta property=\"og:image:height\" content=\"800\" \/>\n\t<meta property=\"og:image:type\" content=\"image\/jpeg\" \/>\n<meta name=\"twitter:card\" content=\"summary_large_image\" \/>\n<meta name=\"twitter:label1\" content=\"Est. reading time\" \/>\n\t<meta name=\"twitter:data1\" content=\"2 minutes\" \/>\n<script type=\"application\/ld+json\" class=\"yoast-schema-graph\">{\"@context\":\"https:\\\/\\\/schema.org\",\"@graph\":[{\"@type\":\"WebPage\",\"@id\":\"https:\\\/\\\/www.talidesign.eu\\\/et\\\/pood\\\/toode\\\/got-bag-puffer-sulearvutikott-14-monochrome-oyster\\\/\",\"url\":\"https:\\\/\\\/www.talidesign.eu\\\/et\\\/pood\\\/toode\\\/got-bag-puffer-sulearvutikott-14-monochrome-oyster\\\/\",\"name\":\"Got Bag Puffer S\u00fclearvutikott 14\\\" Monochrome Oyster - TALI Concept Store\",\"isPartOf\":{\"@id\":\"https:\\\/\\\/www.talidesign.eu\\\/et\\\/#website\"},\"primaryImageOfPage\":{\"@id\":\"https:\\\/\\\/www.talidesign.eu\\\/et\\\/pood\\\/toode\\\/got-bag-puffer-sulearvutikott-14-monochrome-oyster\\\/#primaryimage\"},\"image\":{\"@id\":\"https:\\\/\\\/www.talidesign.eu\\\/et\\\/pood\\\/toode\\\/got-bag-puffer-sulearvutikott-14-monochrome-oyster\\\/#primaryimage\"},\"thumbnailUrl\":\"https:\\\/\\\/www.talidesign.eu\\\/wp\\\/wp-content\\\/uploads\\\/2025\\\/02\\\/PUFFER_LAPTOP_SLEEVE_14__oyster_01-front-Photoroom.jpg\",\"datePublished\":\"2025-02-10T23:47:36+00:00\",\"dateModified\":\"2025-04-29T12:11:58+00:00\",\"description\":\"Got Bag Puffer S\u00fclearvutikott 14\\\" Monochrome Oyster - Pehme ja polsterdatud s\u00fclearvutikott, mis pakub optimaalset kaitset elektroonikaseadmetele. Valmistatud taaskasutatud materjalidest, keskkonnas\u00f5bralik ja vastupidav.\",\"breadcrumb\":{\"@id\":\"https:\\\/\\\/www.talidesign.eu\\\/et\\\/pood\\\/toode\\\/got-bag-puffer-sulearvutikott-14-monochrome-oyster\\\/#breadcrumb\"},\"inLanguage\":\"et\",\"potentialAction\":[{\"@type\":\"ReadAction\",\"target\":[\"https:\\\/\\\/www.talidesign.eu\\\/et\\\/pood\\\/toode\\\/got-bag-puffer-sulearvutikott-14-monochrome-oyster\\\/\"]}]},{\"@type\":\"ImageObject\",\"inLanguage\":\"et\",\"@id\":\"https:\\\/\\\/www.talidesign.eu\\\/et\\\/pood\\\/toode\\\/got-bag-puffer-sulearvutikott-14-monochrome-oyster\\\/#primaryimage\",\"url\":\"https:\\\/\\\/www.talidesign.eu\\\/wp\\\/wp-content\\\/uploads\\\/2025\\\/02\\\/PUFFER_LAPTOP_SLEEVE_14__oyster_01-front-Photoroom.jpg\",\"contentUrl\":\"https:\\\/\\\/www.talidesign.eu\\\/wp\\\/wp-content\\\/uploads\\\/2025\\\/02\\\/PUFFER_LAPTOP_SLEEVE_14__oyster_01-front-Photoroom.jpg\",\"width\":800,\"height\":800},{\"@type\":\"BreadcrumbList\",\"@id\":\"https:\\\/\\\/www.talidesign.eu\\\/et\\\/pood\\\/toode\\\/got-bag-puffer-sulearvutikott-14-monochrome-oyster\\\/#breadcrumb\",\"itemListElement\":[{\"@type\":\"ListItem\",\"position\":1,\"name\":\"Avaleht\",\"item\":\"https:\\\/\\\/www.talidesign.eu\\\/et\\\/\"},{\"@type\":\"ListItem\",\"position\":2,\"name\":\"Pood\",\"item\":\"https:\\\/\\\/www.talidesign.eu\\\/et\\\/pood\\\/\"},{\"@type\":\"ListItem\",\"position\":3,\"name\":\"Got Bag Puffer S\u00fclearvutikott 14&#8243; Monochrome Oyster\"}]},{\"@type\":\"WebSite\",\"@id\":\"https:\\\/\\\/www.talidesign.eu\\\/et\\\/#website\",\"url\":\"https:\\\/\\\/www.talidesign.eu\\\/et\\\/\",\"name\":\"TALI Concept Store\",\"description\":\"Suurim Disainipood Eestis\",\"potentialAction\":[{\"@type\":\"SearchAction\",\"target\":{\"@type\":\"EntryPoint\",\"urlTemplate\":\"https:\\\/\\\/www.talidesign.eu\\\/et\\\/?s={search_term_string}\"},\"query-input\":{\"@type\":\"PropertyValueSpecification\",\"valueRequired\":true,\"valueName\":\"search_term_string\"}}],\"inLanguage\":\"et\"}]}<\/script>\n<!-- \/ Yoast SEO plugin. -->","yoast_head_json":{"title":"Got Bag Puffer S\u00fclearvutikott 14\" Monochrome Oyster - TALI Concept Store","description":"Got Bag Puffer S\u00fclearvutikott 14\" Monochrome Oyster - Pehme ja polsterdatud s\u00fclearvutikott, mis pakub optimaalset kaitset elektroonikaseadmetele. Valmistatud taaskasutatud materjalidest, keskkonnas\u00f5bralik ja vastupidav.","robots":{"index":"index","follow":"follow","max-snippet":"max-snippet:-1","max-image-preview":"max-image-preview:large","max-video-preview":"max-video-preview:-1"},"canonical":"https:\/\/www.talidesign.eu\/et\/pood\/toode\/got-bag-puffer-sulearvutikott-14-monochrome-oyster\/","og_locale":"et_EE","og_type":"article","og_title":"Got Bag Puffer S\u00fclearvutikott 14\" Monochrome Oyster - TALI Concept Store","og_description":"Got Bag Puffer S\u00fclearvutikott 14\" Monochrome Oyster - Pehme ja polsterdatud s\u00fclearvutikott, mis pakub optimaalset kaitset elektroonikaseadmetele. Valmistatud taaskasutatud materjalidest, keskkonnas\u00f5bralik ja vastupidav.","og_url":"https:\/\/www.talidesign.eu\/et\/pood\/toode\/got-bag-puffer-sulearvutikott-14-monochrome-oyster\/","og_site_name":"TALI Concept Store","article_publisher":"https:\/\/www.facebook.com\/TaliDisain\/","article_modified_time":"2025-04-29T12:11:58+00:00","og_image":[{"width":800,"height":800,"url":"https:\/\/www.talidesign.eu\/wp\/wp-content\/uploads\/2025\/02\/PUFFER_LAPTOP_SLEEVE_14__oyster_01-front-Photoroom.jpg","type":"image\/jpeg"}],"twitter_card":"summary_large_image","twitter_misc":{"Est. reading time":"2 minutes"},"schema":{"@context":"https:\/\/schema.org","@graph":[{"@type":"WebPage","@id":"https:\/\/www.talidesign.eu\/et\/pood\/toode\/got-bag-puffer-sulearvutikott-14-monochrome-oyster\/","url":"https:\/\/www.talidesign.eu\/et\/pood\/toode\/got-bag-puffer-sulearvutikott-14-monochrome-oyster\/","name":"Got Bag Puffer S\u00fclearvutikott 14\" Monochrome Oyster - TALI Concept Store","isPartOf":{"@id":"https:\/\/www.talidesign.eu\/et\/#website"},"primaryImageOfPage":{"@id":"https:\/\/www.talidesign.eu\/et\/pood\/toode\/got-bag-puffer-sulearvutikott-14-monochrome-oyster\/#primaryimage"},"image":{"@id":"https:\/\/www.talidesign.eu\/et\/pood\/toode\/got-bag-puffer-sulearvutikott-14-monochrome-oyster\/#primaryimage"},"thumbnailUrl":"https:\/\/www.talidesign.eu\/wp\/wp-content\/uploads\/2025\/02\/PUFFER_LAPTOP_SLEEVE_14__oyster_01-front-Photoroom.jpg","datePublished":"2025-02-10T23:47:36+00:00","dateModified":"2025-04-29T12:11:58+00:00","description":"Got Bag Puffer S\u00fclearvutikott 14\" Monochrome Oyster - Pehme ja polsterdatud s\u00fclearvutikott, mis pakub optimaalset kaitset elektroonikaseadmetele. Valmistatud taaskasutatud materjalidest, keskkonnas\u00f5bralik ja vastupidav.","breadcrumb":{"@id":"https:\/\/www.talidesign.eu\/et\/pood\/toode\/got-bag-puffer-sulearvutikott-14-monochrome-oyster\/#breadcrumb"},"inLanguage":"et","potentialAction":[{"@type":"ReadAction","target":["https:\/\/www.talidesign.eu\/et\/pood\/toode\/got-bag-puffer-sulearvutikott-14-monochrome-oyster\/"]}]},{"@type":"ImageObject","inLanguage":"et","@id":"https:\/\/www.talidesign.eu\/et\/pood\/toode\/got-bag-puffer-sulearvutikott-14-monochrome-oyster\/#primaryimage","url":"https:\/\/www.talidesign.eu\/wp\/wp-content\/uploads\/2025\/02\/PUFFER_LAPTOP_SLEEVE_14__oyster_01-front-Photoroom.jpg","contentUrl":"https:\/\/www.talidesign.eu\/wp\/wp-content\/uploads\/2025\/02\/PUFFER_LAPTOP_SLEEVE_14__oyster_01-front-Photoroom.jpg","width":800,"height":800},{"@type":"BreadcrumbList","@id":"https:\/\/www.talidesign.eu\/et\/pood\/toode\/got-bag-puffer-sulearvutikott-14-monochrome-oyster\/#breadcrumb","itemListElement":[{"@type":"ListItem","position":1,"name":"Avaleht","item":"https:\/\/www.talidesign.eu\/et\/"},{"@type":"ListItem","position":2,"name":"Pood","item":"https:\/\/www.talidesign.eu\/et\/pood\/"},{"@type":"ListItem","position":3,"name":"Got Bag Puffer S\u00fclearvutikott 14&#8243; Monochrome Oyster"}]},{"@type":"WebSite","@id":"https:\/\/www.talidesign.eu\/et\/#website","url":"https:\/\/www.talidesign.eu\/et\/","name":"TALI Concept Store","description":"Suurim Disainipood Eestis","potentialAction":[{"@type":"SearchAction","target":{"@type":"EntryPoint","urlTemplate":"https:\/\/www.talidesign.eu\/et\/?s={search_term_string}"},"query-input":{"@type":"PropertyValueSpecification","valueRequired":true,"valueName":"search_term_string"}}],"inLanguage":"et"}]}},"_links":{"self":[{"href":"https:\/\/www.talidesign.eu\/et\/wp-json\/wp\/v2\/product\/99752","targetHints":{"allow":["GET"]}}],"collection":[{"href":"https:\/\/www.talidesign.eu\/et\/wp-json\/wp\/v2\/product"}],"about":[{"href":"https:\/\/www.talidesign.eu\/et\/wp-json\/wp\/v2\/types\/product"}],"wp:featuredmedia":[{"embeddable":true,"href":"https:\/\/www.talidesign.eu\/et\/wp-json\/wp\/v2\/media\/99758"}],"wp:attachment":[{"href":"https:\/\/www.talidesign.eu\/et\/wp-json\/wp\/v2\/media?parent=99752"}],"wp:term":[{"taxonomy":"product_brand","embeddable":true,"href":"https:\/\/www.talidesign.eu\/et\/wp-json\/wp\/v2\/product_brand?post=99752"},{"taxonomy":"product_cat","embeddable":true,"href":"https:\/\/www.talidesign.eu\/et\/wp-json\/wp\/v2\/product_cat?post=99752"},{"taxonomy":"product_tag","embeddable":true,"href":"https:\/\/www.talidesign.eu\/et\/wp-json\/wp\/v2\/product_tag?post=99752"}],"curies":[{"name":"wp","href":"https:\/\/api.w.org\/{rel}","templated":true}]}}