{"id":99835,"date":"2025-02-13T16:13:42","date_gmt":"2025-02-13T14:13:43","guid":{"rendered":"https:\/\/www.talidesign.eu\/?post_type=product&#038;p=99835"},"modified":"2026-03-27T14:56:52","modified_gmt":"2026-03-27T12:56:52","slug":"zone-magnetiga-ratikuhoidja-2tk-grey","status":"publish","type":"product","link":"https:\/\/www.talidesign.eu\/et\/pood\/toode\/zone-magnetiga-ratikuhoidja-2tk-grey\/","title":{"rendered":"Zone Magnetiga r\u00e4tikuhoidja 2tk Grey"},"content":{"rendered":"<p><strong>Magnetiga r\u00e4tikuhoidja 2tk Grey<\/strong><\/p>\n<p>M\u00f5ned r\u00e4tikud on varustatud kergesti katkevate aasadega, teised aga on \u00fcldse ilma nendeta. Kuid igat r\u00e4tikut on vaja kuidagi riputada. Selleks on loodud magnetiga r\u00e4tikuhoidja \u2013 silikoonist rihm, mille m\u00f5lemas otsas on tugev magnet. Aseta see lihtsalt r\u00e4tiku \u00fche nurga \u00fcmber ja riputa konksu k\u00fclge.<\/p>\n<p>\u2022 9 cm<br \/>\n\u2022 Silikoon \/ Magnet<br \/>\n\u2022 <a href=\"\/et\/tootekategooria\/brandid\/zone-denmark-et\/\">Br\u00e4nd Zone Denmark<\/a><\/p>\n<p><a href=\"\/product-category\/designers\/zone-denmark\/\"><img loading=\"lazy\" decoding=\"async\" src=\"https:\/\/www.talidesign.eu\/wp\/wp-content\/uploads\/2021\/03\/logo-6.jpg\" alt=\"\" width=\"500\" height=\"100\" class=\"alignnone size-full wp-image-24694\" \/><\/a><\/p>\n","protected":false},"excerpt":{"rendered":"<p><strong>Magnetiga r\u00e4tikuhoidja 2tk Grey<\/strong><\/p>\n<p>M\u00f5ned r\u00e4tikud on varustatud kergesti katkevate aasadega, teised aga on \u00fcldse ilma nendeta. Kuid igat r\u00e4tikut on vaja kuidagi riputada. Selleks on loodud magnetiga r\u00e4tikuhoidja \u2013 silikoonist rihm, mille m\u00f5lemas otsas on tugev magnet. Aseta see lihtsalt r\u00e4tiku \u00fche nurga \u00fcmber ja riputa konksu k\u00fclge.<\/p>\n<p>\u2022 9 cm<br \/>\n\u2022 Silikoon \/ Magnet<br \/>\n\u2022 <a href=\"\/et\/tootekategooria\/brandid\/zone-denmark-et\/\">Br\u00e4nd Zone Denmark<\/a><\/p>\n<p><a href=\"\/product-category\/designers\/zone-denmark\/\"><img loading=\"lazy\" decoding=\"async\" src=\"https:\/\/www.talidesign.eu\/wp\/wp-content\/uploads\/2021\/03\/logo-6.jpg\" alt=\"\" width=\"500\" height=\"100\" class=\"alignnone size-full wp-image-24694\" \/><\/a><\/p>\n","protected":false},"featured_media":99837,"template":"","meta":[],"product_brand":[],"product_cat":[1026,1018,1106,1100,1095],"product_tag":[1180],"class_list":{"0":"post-99835","1":"product","2":"type-product","3":"status-publish","4":"has-post-thumbnail","6":"product_cat-brandid","7":"product_cat-kodu","8":"product_cat-konksud-nagid","9":"product_cat-vannituba","10":"product_cat-zone-denmark-et","11":"product_tag-zone-et","13":"first","14":"outofstock","15":"featured","16":"taxable","17":"shipping-taxable","18":"purchasable","19":"product-type-simple"},"yoast_head":"<!-- This site is optimized with the Yoast SEO plugin v27.3 - https:\/\/yoast.com\/product\/yoast-seo-wordpress\/ -->\n<title>Zone Magnetiga r\u00e4tikuhoidja 2tk Grey - TALI Concept Store<\/title>\n<meta name=\"description\" content=\"Avasta Zone Magnetiga r\u00e4tikuhoidja 2tk Grey - praktiline ja stiilne lahendus r\u00e4tikute riputamiseks. Lihtne kasutada ja tugevate magnetitega.\" \/>\n<meta name=\"robots\" content=\"index, follow, max-snippet:-1, max-image-preview:large, max-video-preview:-1\" \/>\n<link rel=\"canonical\" href=\"https:\/\/www.talidesign.eu\/et\/pood\/toode\/zone-magnetiga-ratikuhoidja-2tk-grey\/\" \/>\n<meta property=\"og:locale\" content=\"et_EE\" \/>\n<meta property=\"og:type\" content=\"article\" \/>\n<meta property=\"og:title\" content=\"Zone Magnetiga r\u00e4tikuhoidja 2tk Grey - TALI Concept Store\" \/>\n<meta property=\"og:description\" content=\"Avasta Zone Magnetiga r\u00e4tikuhoidja 2tk Grey - praktiline ja stiilne lahendus r\u00e4tikute riputamiseks. Lihtne kasutada ja tugevate magnetitega.\" \/>\n<meta property=\"og:url\" content=\"https:\/\/www.talidesign.eu\/et\/pood\/toode\/zone-magnetiga-ratikuhoidja-2tk-grey\/\" \/>\n<meta property=\"og:site_name\" content=\"TALI Concept Store\" \/>\n<meta property=\"article:publisher\" content=\"https:\/\/www.facebook.com\/TaliDisain\/\" \/>\n<meta property=\"article:modified_time\" content=\"2026-03-27T12:56:52+00:00\" \/>\n<meta property=\"og:image\" content=\"https:\/\/www.talidesign.eu\/wp\/wp-content\/uploads\/2025\/02\/zone-loop-magnet-towel-strap-2pcs-grey.jpg\" \/>\n\t<meta property=\"og:image:width\" content=\"768\" \/>\n\t<meta property=\"og:image:height\" content=\"768\" \/>\n\t<meta property=\"og:image:type\" content=\"image\/jpeg\" \/>\n<meta name=\"twitter:card\" content=\"summary_large_image\" \/>\n<meta name=\"twitter:label1\" content=\"Est. reading time\" \/>\n\t<meta name=\"twitter:data1\" content=\"1 minute\" \/>\n<script type=\"application\/ld+json\" class=\"yoast-schema-graph\">{\"@context\":\"https:\\\/\\\/schema.org\",\"@graph\":[{\"@type\":\"WebPage\",\"@id\":\"https:\\\/\\\/www.talidesign.eu\\\/et\\\/pood\\\/toode\\\/zone-magnetiga-ratikuhoidja-2tk-grey\\\/\",\"url\":\"https:\\\/\\\/www.talidesign.eu\\\/et\\\/pood\\\/toode\\\/zone-magnetiga-ratikuhoidja-2tk-grey\\\/\",\"name\":\"Zone Magnetiga r\u00e4tikuhoidja 2tk Grey - TALI Concept Store\",\"isPartOf\":{\"@id\":\"https:\\\/\\\/www.talidesign.eu\\\/et\\\/#website\"},\"primaryImageOfPage\":{\"@id\":\"https:\\\/\\\/www.talidesign.eu\\\/et\\\/pood\\\/toode\\\/zone-magnetiga-ratikuhoidja-2tk-grey\\\/#primaryimage\"},\"image\":{\"@id\":\"https:\\\/\\\/www.talidesign.eu\\\/et\\\/pood\\\/toode\\\/zone-magnetiga-ratikuhoidja-2tk-grey\\\/#primaryimage\"},\"thumbnailUrl\":\"https:\\\/\\\/www.talidesign.eu\\\/wp\\\/wp-content\\\/uploads\\\/2025\\\/02\\\/zone-loop-magnet-towel-strap-2pcs-grey.jpg\",\"datePublished\":\"2025-02-13T14:13:43+00:00\",\"dateModified\":\"2026-03-27T12:56:52+00:00\",\"description\":\"Avasta Zone Magnetiga r\u00e4tikuhoidja 2tk Grey - praktiline ja stiilne lahendus r\u00e4tikute riputamiseks. Lihtne kasutada ja tugevate magnetitega.\",\"breadcrumb\":{\"@id\":\"https:\\\/\\\/www.talidesign.eu\\\/et\\\/pood\\\/toode\\\/zone-magnetiga-ratikuhoidja-2tk-grey\\\/#breadcrumb\"},\"inLanguage\":\"et\",\"potentialAction\":[{\"@type\":\"ReadAction\",\"target\":[\"https:\\\/\\\/www.talidesign.eu\\\/et\\\/pood\\\/toode\\\/zone-magnetiga-ratikuhoidja-2tk-grey\\\/\"]}]},{\"@type\":\"ImageObject\",\"inLanguage\":\"et\",\"@id\":\"https:\\\/\\\/www.talidesign.eu\\\/et\\\/pood\\\/toode\\\/zone-magnetiga-ratikuhoidja-2tk-grey\\\/#primaryimage\",\"url\":\"https:\\\/\\\/www.talidesign.eu\\\/wp\\\/wp-content\\\/uploads\\\/2025\\\/02\\\/zone-loop-magnet-towel-strap-2pcs-grey.jpg\",\"contentUrl\":\"https:\\\/\\\/www.talidesign.eu\\\/wp\\\/wp-content\\\/uploads\\\/2025\\\/02\\\/zone-loop-magnet-towel-strap-2pcs-grey.jpg\",\"width\":768,\"height\":768},{\"@type\":\"BreadcrumbList\",\"@id\":\"https:\\\/\\\/www.talidesign.eu\\\/et\\\/pood\\\/toode\\\/zone-magnetiga-ratikuhoidja-2tk-grey\\\/#breadcrumb\",\"itemListElement\":[{\"@type\":\"ListItem\",\"position\":1,\"name\":\"Avaleht\",\"item\":\"https:\\\/\\\/www.talidesign.eu\\\/et\\\/\"},{\"@type\":\"ListItem\",\"position\":2,\"name\":\"Pood\",\"item\":\"https:\\\/\\\/www.talidesign.eu\\\/et\\\/pood\\\/\"},{\"@type\":\"ListItem\",\"position\":3,\"name\":\"Zone Magnetiga r\u00e4tikuhoidja 2tk Grey\"}]},{\"@type\":\"WebSite\",\"@id\":\"https:\\\/\\\/www.talidesign.eu\\\/et\\\/#website\",\"url\":\"https:\\\/\\\/www.talidesign.eu\\\/et\\\/\",\"name\":\"TALI Concept Store\",\"description\":\"Suurim Disainipood Eestis\",\"potentialAction\":[{\"@type\":\"SearchAction\",\"target\":{\"@type\":\"EntryPoint\",\"urlTemplate\":\"https:\\\/\\\/www.talidesign.eu\\\/et\\\/?s={search_term_string}\"},\"query-input\":{\"@type\":\"PropertyValueSpecification\",\"valueRequired\":true,\"valueName\":\"search_term_string\"}}],\"inLanguage\":\"et\"}]}<\/script>\n<!-- \/ Yoast SEO plugin. -->","yoast_head_json":{"title":"Zone Magnetiga r\u00e4tikuhoidja 2tk Grey - TALI Concept Store","description":"Avasta Zone Magnetiga r\u00e4tikuhoidja 2tk Grey - praktiline ja stiilne lahendus r\u00e4tikute riputamiseks. Lihtne kasutada ja tugevate magnetitega.","robots":{"index":"index","follow":"follow","max-snippet":"max-snippet:-1","max-image-preview":"max-image-preview:large","max-video-preview":"max-video-preview:-1"},"canonical":"https:\/\/www.talidesign.eu\/et\/pood\/toode\/zone-magnetiga-ratikuhoidja-2tk-grey\/","og_locale":"et_EE","og_type":"article","og_title":"Zone Magnetiga r\u00e4tikuhoidja 2tk Grey - TALI Concept Store","og_description":"Avasta Zone Magnetiga r\u00e4tikuhoidja 2tk Grey - praktiline ja stiilne lahendus r\u00e4tikute riputamiseks. Lihtne kasutada ja tugevate magnetitega.","og_url":"https:\/\/www.talidesign.eu\/et\/pood\/toode\/zone-magnetiga-ratikuhoidja-2tk-grey\/","og_site_name":"TALI Concept Store","article_publisher":"https:\/\/www.facebook.com\/TaliDisain\/","article_modified_time":"2026-03-27T12:56:52+00:00","og_image":[{"width":768,"height":768,"url":"https:\/\/www.talidesign.eu\/wp\/wp-content\/uploads\/2025\/02\/zone-loop-magnet-towel-strap-2pcs-grey.jpg","type":"image\/jpeg"}],"twitter_card":"summary_large_image","twitter_misc":{"Est. reading time":"1 minute"},"schema":{"@context":"https:\/\/schema.org","@graph":[{"@type":"WebPage","@id":"https:\/\/www.talidesign.eu\/et\/pood\/toode\/zone-magnetiga-ratikuhoidja-2tk-grey\/","url":"https:\/\/www.talidesign.eu\/et\/pood\/toode\/zone-magnetiga-ratikuhoidja-2tk-grey\/","name":"Zone Magnetiga r\u00e4tikuhoidja 2tk Grey - TALI Concept Store","isPartOf":{"@id":"https:\/\/www.talidesign.eu\/et\/#website"},"primaryImageOfPage":{"@id":"https:\/\/www.talidesign.eu\/et\/pood\/toode\/zone-magnetiga-ratikuhoidja-2tk-grey\/#primaryimage"},"image":{"@id":"https:\/\/www.talidesign.eu\/et\/pood\/toode\/zone-magnetiga-ratikuhoidja-2tk-grey\/#primaryimage"},"thumbnailUrl":"https:\/\/www.talidesign.eu\/wp\/wp-content\/uploads\/2025\/02\/zone-loop-magnet-towel-strap-2pcs-grey.jpg","datePublished":"2025-02-13T14:13:43+00:00","dateModified":"2026-03-27T12:56:52+00:00","description":"Avasta Zone Magnetiga r\u00e4tikuhoidja 2tk Grey - praktiline ja stiilne lahendus r\u00e4tikute riputamiseks. Lihtne kasutada ja tugevate magnetitega.","breadcrumb":{"@id":"https:\/\/www.talidesign.eu\/et\/pood\/toode\/zone-magnetiga-ratikuhoidja-2tk-grey\/#breadcrumb"},"inLanguage":"et","potentialAction":[{"@type":"ReadAction","target":["https:\/\/www.talidesign.eu\/et\/pood\/toode\/zone-magnetiga-ratikuhoidja-2tk-grey\/"]}]},{"@type":"ImageObject","inLanguage":"et","@id":"https:\/\/www.talidesign.eu\/et\/pood\/toode\/zone-magnetiga-ratikuhoidja-2tk-grey\/#primaryimage","url":"https:\/\/www.talidesign.eu\/wp\/wp-content\/uploads\/2025\/02\/zone-loop-magnet-towel-strap-2pcs-grey.jpg","contentUrl":"https:\/\/www.talidesign.eu\/wp\/wp-content\/uploads\/2025\/02\/zone-loop-magnet-towel-strap-2pcs-grey.jpg","width":768,"height":768},{"@type":"BreadcrumbList","@id":"https:\/\/www.talidesign.eu\/et\/pood\/toode\/zone-magnetiga-ratikuhoidja-2tk-grey\/#breadcrumb","itemListElement":[{"@type":"ListItem","position":1,"name":"Avaleht","item":"https:\/\/www.talidesign.eu\/et\/"},{"@type":"ListItem","position":2,"name":"Pood","item":"https:\/\/www.talidesign.eu\/et\/pood\/"},{"@type":"ListItem","position":3,"name":"Zone Magnetiga r\u00e4tikuhoidja 2tk Grey"}]},{"@type":"WebSite","@id":"https:\/\/www.talidesign.eu\/et\/#website","url":"https:\/\/www.talidesign.eu\/et\/","name":"TALI Concept Store","description":"Suurim Disainipood Eestis","potentialAction":[{"@type":"SearchAction","target":{"@type":"EntryPoint","urlTemplate":"https:\/\/www.talidesign.eu\/et\/?s={search_term_string}"},"query-input":{"@type":"PropertyValueSpecification","valueRequired":true,"valueName":"search_term_string"}}],"inLanguage":"et"}]}},"_links":{"self":[{"href":"https:\/\/www.talidesign.eu\/et\/wp-json\/wp\/v2\/product\/99835","targetHints":{"allow":["GET"]}}],"collection":[{"href":"https:\/\/www.talidesign.eu\/et\/wp-json\/wp\/v2\/product"}],"about":[{"href":"https:\/\/www.talidesign.eu\/et\/wp-json\/wp\/v2\/types\/product"}],"wp:featuredmedia":[{"embeddable":true,"href":"https:\/\/www.talidesign.eu\/et\/wp-json\/wp\/v2\/media\/99837"}],"wp:attachment":[{"href":"https:\/\/www.talidesign.eu\/et\/wp-json\/wp\/v2\/media?parent=99835"}],"wp:term":[{"taxonomy":"product_brand","embeddable":true,"href":"https:\/\/www.talidesign.eu\/et\/wp-json\/wp\/v2\/product_brand?post=99835"},{"taxonomy":"product_cat","embeddable":true,"href":"https:\/\/www.talidesign.eu\/et\/wp-json\/wp\/v2\/product_cat?post=99835"},{"taxonomy":"product_tag","embeddable":true,"href":"https:\/\/www.talidesign.eu\/et\/wp-json\/wp\/v2\/product_tag?post=99835"}],"curies":[{"name":"wp","href":"https:\/\/api.w.org\/{rel}","templated":true}]}}